{"id":10580,"date":"2024-05-25T07:26:15","date_gmt":"2024-05-25T07:26:15","guid":{"rendered":"https:\/\/www.elementvape.de\/?post_type=product&#038;p=10580"},"modified":"2024-09-12T10:31:44","modified_gmt":"2024-09-12T10:31:44","slug":"elf-bar-1500-einweg-vape-850mah-1500-zuege","status":"publish","type":"product","link":"https:\/\/www.elementvape.de\/it\/produkt\/elf-bar-1500-einweg-vape-850mah-1500-zuege\/","title":{"rendered":"ELF BAR 1500 Vape usa e getta 850mAh 1500 Tiri"},"content":{"rendered":"<div class=\"card__header\">\n<h2 class=\"card__title heading h3\"><span>Descrizione<\/span><\/h2>\n<\/div>\n<div class=\"card__section\">\n<div class=\"rte text--pull\"><a title=\"Elfenbar\" href=\"https:\/\/www.elementvape.de\/it\/product-brand\/elfbar\/\"><span><strong>Elf Bar<\/strong><\/span><\/a><span>\u00a01500 \u00e8 un raffinato kit di pod usa e getta pre-riempito con un involucro sottile. \u00c8 composto da una batteria da 850 mAh e un pod pre-riempito da 4,8 ml e supporta fino a 1500 puff. Il flusso d'aria preciso funziona bene con la tensione perfetta per offrirti un sapore decente. Insieme a 2 livelli di nicotina %\/5 livelli di nicotina % e attivazione rapida con tiro, questo Elf Bar 1500 \u00e8 una buona scelta per il tuo svapo quotidiano.<\/span><\/div>\n<h3 class=\"rte text--pull\">\n<span>Parametri:<\/span><\/h3>\n<div class=\"rte text--pull\"><span>Dimensioni: \u03a619x100mm<\/span><br \/>\n<span>Capacit\u00e0 di e-liquido: 4,8ml<\/span><br \/>\n<span>Livello di nicotina: 5%\/2%\/2%SE<\/span><br \/>\n<span>Capacit\u00e0 della batteria: 850mAh<\/span><br \/>\n<span>Puff: 1500 puff<\/span><\/p>\n<p><span>Elegante sistema di pod usa e getta pre-riempito con corpo sottile<\/span><br \/>\n<span>Design compatto e dimensioni portatili per un facile trasporto<\/span><br \/>\n<span>Vari deliziosi e-liquidi per un sapore eccellente<\/span><br \/>\n<span>Batteria integrata da 850mAh per 1500 puff<\/span><br \/>\n<span>Pod pre-riempito da 4,8ml con coil integrato in dotazione<\/span><\/div>\n<h3 class=\"rte text--pull\">\n<span>incluso:<\/span><\/h3>\n<div class=\"rte text--pull\"><span>1\u00d7 Elf Bar 1500 vape usa e getta<\/span><\/div>\n<\/div>","protected":false},"excerpt":{"rendered":"<p>Beschreibung Elf Bar\u00a01500 ist ein feines, vorgef\u00fclltes Einweg-Pod-Kit mit schlankem Geh\u00e4use. Es besteht aus einem 850-mAh-Akku und einem vorgef\u00fcllten 4,8-ml-Pod und unterst\u00fctzt maximal 1500 Z\u00fcge. Der pr\u00e4zise Luftstrom funktioniert gut mit der perfekten Spannung, um Ihnen einen anst\u00e4ndigen Geschmack zu bieten. Zusammen mit 2 %\/5 % Nikotinst\u00e4rke und schneller Zugaktivierung ist dieser Elf Bar 1500 [&hellip;]<\/p>","protected":false},"featured_media":10581,"template":"","meta":{"inline_featured_image":false},"product_cat":[78,750,737,736,749,79],"product_tag":[675],"tiered_pricing_type":"fixed","tiered_pricing_fixed_rules":[],"tiered_pricing_percentage_rules":[],"tiered_pricing_minimum":1,"_administrator_tiered_pricing_type":"fixed","_administrator_tiered_pricing_fixed_rules":[],"_editor_tiered_pricing_type":"fixed","_editor_tiered_pricing_fixed_rules":[],"_author_tiered_pricing_type":"fixed","_author_tiered_pricing_fixed_rules":[],"_contributor_tiered_pricing_type":"fixed","_contributor_tiered_pricing_fixed_rules":[],"_subscriber_tiered_pricing_type":"fixed","_subscriber_tiered_pricing_fixed_rules":[],"_customer_tiered_pricing_type":"fixed","_customer_tiered_pricing_fixed_rules":[],"_shop_manager_tiered_pricing_type":"fixed","_shop_manager_tiered_pricing_fixed_rules":[],"_wpseo_manager_tiered_pricing_type":"fixed","_wpseo_manager_tiered_pricing_fixed_rules":[],"_wpseo_editor_tiered_pricing_type":"fixed","_wpseo_editor_tiered_pricing_fixed_rules":[],"_wholesale_customer_tiered_pricing_type":"fixed","_wholesale_customer_tiered_pricing_fixed_rules":[],"_marketer_tiered_pricing_type":"fixed","_marketer_tiered_pricing_fixed_rules":[],"_sales_manager_tiered_pricing_type":"fixed","_sales_manager_tiered_pricing_fixed_rules":[],"_sales_rep_tiered_pricing_type":"fixed","_sales_rep_tiered_pricing_fixed_rules":[],"yoast_head":"<!-- This site is optimized with the Yoast SEO plugin v23.3 - https:\/\/yoast.com\/wordpress\/plugins\/seo\/ -->\n<title>ELF BAR 1500 Einweg Vape 850mAh 1500 Z\u00fcge | ElementVape.de<\/title>\n<meta name=\"description\" content=\"Wir bieten ELF BAR 1500 Einweg Vape 850mAh 1500 Z\u00fcge , Elementvape.de akzeptieren Gro\u00df-und Einzelhandel Bestellungen.\" \/>\n<meta name=\"robots\" content=\"index, follow, max-snippet:-1, max-image-preview:large, max-video-preview:-1\" \/>\n<link rel=\"canonical\" href=\"https:\/\/www.elementvape.de\/it\/produkt\/elf-bar-1500-einweg-vape-850mah-1500-zuege\/\" \/>\n<meta property=\"og:locale\" content=\"it_IT\" \/>\n<meta property=\"og:type\" content=\"article\" \/>\n<meta property=\"og:title\" content=\"ELF BAR 1500 Einweg Vape 850mAh 1500 Z\u00fcge | ElementVape.de\" \/>\n<meta property=\"og:description\" content=\"Wir bieten ELF BAR 1500 Einweg Vape 850mAh 1500 Z\u00fcge , Elementvape.de akzeptieren Gro\u00df-und Einzelhandel Bestellungen.\" \/>\n<meta property=\"og:url\" content=\"https:\/\/www.elementvape.de\/it\/produkt\/elf-bar-1500-einweg-vape-850mah-1500-zuege\/\" \/>\n<meta property=\"og:site_name\" content=\"ElementVape.de\" \/>\n<meta property=\"article:modified_time\" content=\"2024-09-12T10:31:44+00:00\" \/>\n<meta property=\"og:image\" content=\"https:\/\/www.elementvape.de\/wp-content\/uploads\/2024\/05\/ELF-BAR-1500-Disposable-vape-850mAh.webp\" \/>\n\t<meta property=\"og:image:width\" content=\"600\" \/>\n\t<meta property=\"og:image:height\" content=\"600\" \/>\n\t<meta property=\"og:image:type\" content=\"image\/webp\" \/>\n<meta name=\"twitter:card\" content=\"summary_large_image\" \/>\n<meta name=\"twitter:label1\" content=\"Est. reading time\" \/>\n\t<meta name=\"twitter:data1\" content=\"1 minuto\" \/>\n<script type=\"application\/ld+json\" class=\"yoast-schema-graph\">{\"@context\":\"https:\/\/schema.org\",\"@graph\":[{\"@type\":\"WebPage\",\"@id\":\"https:\/\/www.elementvape.de\/et\/produkt\/elf-bar-1500-einweg-vape-850mah-1500-zuege\/\",\"url\":\"https:\/\/www.elementvape.de\/et\/produkt\/elf-bar-1500-einweg-vape-850mah-1500-zuege\/\",\"name\":\"ELF BAR 1500 Einweg Vape 850mAh 1500 Z\u00fcge | ElementVape.de\",\"isPartOf\":{\"@id\":\"https:\/\/www.elementvape.de\/#website\"},\"primaryImageOfPage\":{\"@id\":\"https:\/\/www.elementvape.de\/et\/produkt\/elf-bar-1500-einweg-vape-850mah-1500-zuege\/#primaryimage\"},\"image\":{\"@id\":\"https:\/\/www.elementvape.de\/et\/produkt\/elf-bar-1500-einweg-vape-850mah-1500-zuege\/#primaryimage\"},\"thumbnailUrl\":\"https:\/\/www.elementvape.de\/wp-content\/uploads\/2024\/05\/ELF-BAR-1500-Disposable-vape-850mAh.webp\",\"datePublished\":\"2024-05-25T07:26:15+00:00\",\"dateModified\":\"2024-09-12T10:31:44+00:00\",\"description\":\"Wir bieten ELF BAR 1500 Einweg Vape 850mAh 1500 Z\u00fcge , Elementvape.de akzeptieren Gro\u00df-und Einzelhandel Bestellungen.\",\"breadcrumb\":{\"@id\":\"https:\/\/www.elementvape.de\/et\/produkt\/elf-bar-1500-einweg-vape-850mah-1500-zuege\/#breadcrumb\"},\"inLanguage\":\"it-IT\",\"potentialAction\":[{\"@type\":\"ReadAction\",\"target\":[\"https:\/\/www.elementvape.de\/et\/produkt\/elf-bar-1500-einweg-vape-850mah-1500-zuege\/\"]}]},{\"@type\":\"ImageObject\",\"inLanguage\":\"it-IT\",\"@id\":\"https:\/\/www.elementvape.de\/et\/produkt\/elf-bar-1500-einweg-vape-850mah-1500-zuege\/#primaryimage\",\"url\":\"https:\/\/www.elementvape.de\/wp-content\/uploads\/2024\/05\/ELF-BAR-1500-Disposable-vape-850mAh.webp\",\"contentUrl\":\"https:\/\/www.elementvape.de\/wp-content\/uploads\/2024\/05\/ELF-BAR-1500-Disposable-vape-850mAh.webp\",\"width\":600,\"height\":600},{\"@type\":\"BreadcrumbList\",\"@id\":\"https:\/\/www.elementvape.de\/et\/produkt\/elf-bar-1500-einweg-vape-850mah-1500-zuege\/#breadcrumb\",\"itemListElement\":[{\"@type\":\"ListItem\",\"position\":1,\"name\":\"Home\",\"item\":\"https:\/\/www.elementvape.de\/\"},{\"@type\":\"ListItem\",\"position\":2,\"name\":\"Shop\",\"item\":\"https:\/\/www.elementvape.de\/shop\/\"},{\"@type\":\"ListItem\",\"position\":3,\"name\":\"ELF BAR 1500 Einweg Vape 850mAh 1500 Z\u00fcge\"}]},{\"@type\":\"WebSite\",\"@id\":\"https:\/\/www.elementvape.de\/#website\",\"url\":\"https:\/\/www.elementvape.de\/\",\"name\":\"ElementVape.de\",\"description\":\"\",\"publisher\":{\"@id\":\"https:\/\/www.elementvape.de\/#organization\"},\"potentialAction\":[{\"@type\":\"SearchAction\",\"target\":{\"@type\":\"EntryPoint\",\"urlTemplate\":\"https:\/\/www.elementvape.de\/?s={search_term_string}\"},\"query-input\":\"required name=search_term_string\"}],\"inLanguage\":\"it-IT\"},{\"@type\":\"Organization\",\"@id\":\"https:\/\/www.elementvape.de\/#organization\",\"name\":\"ElementVape.DE\",\"url\":\"https:\/\/www.elementvape.de\/\",\"logo\":{\"@type\":\"ImageObject\",\"inLanguage\":\"it-IT\",\"@id\":\"https:\/\/www.elementvape.de\/#\/schema\/logo\/image\/\",\"url\":\"https:\/\/www.elementvape.de\/wp-content\/uploads\/2024\/09\/cropped-1elementvape-3.png\",\"contentUrl\":\"https:\/\/www.elementvape.de\/wp-content\/uploads\/2024\/09\/cropped-1elementvape-3.png\",\"width\":285,\"height\":228,\"caption\":\"ElementVape.DE\"},\"image\":{\"@id\":\"https:\/\/www.elementvape.de\/#\/schema\/logo\/image\/\"}}]}<\/script>\n<!-- \/ Yoast SEO plugin. -->","yoast_head_json":{"title":"ELF BAR 1500 Einweg Vape 850mAh 1500 Z\u00fcge | ElementVape.de","description":"Wir bieten ELF BAR 1500 Einweg Vape 850mAh 1500 Z\u00fcge , Elementvape.de akzeptieren Gro\u00df-und Einzelhandel Bestellungen.","robots":{"index":"index","follow":"follow","max-snippet":"max-snippet:-1","max-image-preview":"max-image-preview:large","max-video-preview":"max-video-preview:-1"},"canonical":"https:\/\/www.elementvape.de\/it\/produkt\/elf-bar-1500-einweg-vape-850mah-1500-zuege\/","og_locale":"it_IT","og_type":"article","og_title":"ELF BAR 1500 Einweg Vape 850mAh 1500 Z\u00fcge | ElementVape.de","og_description":"Wir bieten ELF BAR 1500 Einweg Vape 850mAh 1500 Z\u00fcge , Elementvape.de akzeptieren Gro\u00df-und Einzelhandel Bestellungen.","og_url":"https:\/\/www.elementvape.de\/it\/produkt\/elf-bar-1500-einweg-vape-850mah-1500-zuege\/","og_site_name":"ElementVape.de","article_modified_time":"2024-09-12T10:31:44+00:00","og_image":[{"width":600,"height":600,"url":"https:\/\/www.elementvape.de\/wp-content\/uploads\/2024\/05\/ELF-BAR-1500-Disposable-vape-850mAh.webp","type":"image\/webp"}],"twitter_card":"summary_large_image","twitter_misc":{"Est. reading time":"1 minuto"},"schema":{"@context":"https:\/\/schema.org","@graph":[{"@type":"WebPage","@id":"https:\/\/www.elementvape.de\/et\/produkt\/elf-bar-1500-einweg-vape-850mah-1500-zuege\/","url":"https:\/\/www.elementvape.de\/et\/produkt\/elf-bar-1500-einweg-vape-850mah-1500-zuege\/","name":"ELF BAR 1500 Einweg Vape 850mAh 1500 Z\u00fcge | ElementVape.de","isPartOf":{"@id":"https:\/\/www.elementvape.de\/#website"},"primaryImageOfPage":{"@id":"https:\/\/www.elementvape.de\/et\/produkt\/elf-bar-1500-einweg-vape-850mah-1500-zuege\/#primaryimage"},"image":{"@id":"https:\/\/www.elementvape.de\/et\/produkt\/elf-bar-1500-einweg-vape-850mah-1500-zuege\/#primaryimage"},"thumbnailUrl":"https:\/\/www.elementvape.de\/wp-content\/uploads\/2024\/05\/ELF-BAR-1500-Disposable-vape-850mAh.webp","datePublished":"2024-05-25T07:26:15+00:00","dateModified":"2024-09-12T10:31:44+00:00","description":"Wir bieten ELF BAR 1500 Einweg Vape 850mAh 1500 Z\u00fcge , Elementvape.de akzeptieren Gro\u00df-und Einzelhandel Bestellungen.","breadcrumb":{"@id":"https:\/\/www.elementvape.de\/et\/produkt\/elf-bar-1500-einweg-vape-850mah-1500-zuege\/#breadcrumb"},"inLanguage":"it-IT","potentialAction":[{"@type":"ReadAction","target":["https:\/\/www.elementvape.de\/et\/produkt\/elf-bar-1500-einweg-vape-850mah-1500-zuege\/"]}]},{"@type":"ImageObject","inLanguage":"it-IT","@id":"https:\/\/www.elementvape.de\/et\/produkt\/elf-bar-1500-einweg-vape-850mah-1500-zuege\/#primaryimage","url":"https:\/\/www.elementvape.de\/wp-content\/uploads\/2024\/05\/ELF-BAR-1500-Disposable-vape-850mAh.webp","contentUrl":"https:\/\/www.elementvape.de\/wp-content\/uploads\/2024\/05\/ELF-BAR-1500-Disposable-vape-850mAh.webp","width":600,"height":600},{"@type":"BreadcrumbList","@id":"https:\/\/www.elementvape.de\/et\/produkt\/elf-bar-1500-einweg-vape-850mah-1500-zuege\/#breadcrumb","itemListElement":[{"@type":"ListItem","position":1,"name":"Home","item":"https:\/\/www.elementvape.de\/"},{"@type":"ListItem","position":2,"name":"Shop","item":"https:\/\/www.elementvape.de\/shop\/"},{"@type":"ListItem","position":3,"name":"ELF BAR 1500 Einweg Vape 850mAh 1500 Z\u00fcge"}]},{"@type":"WebSite","@id":"https:\/\/www.elementvape.de\/#website","url":"https:\/\/www.elementvape.de\/","name":"ElementVape.de","description":"","publisher":{"@id":"https:\/\/www.elementvape.de\/#organization"},"potentialAction":[{"@type":"SearchAction","target":{"@type":"EntryPoint","urlTemplate":"https:\/\/www.elementvape.de\/?s={search_term_string}"},"query-input":"required name=search_term_string"}],"inLanguage":"it-IT"},{"@type":"Organization","@id":"https:\/\/www.elementvape.de\/#organization","name":"ElementVape.DE","url":"https:\/\/www.elementvape.de\/","logo":{"@type":"ImageObject","inLanguage":"it-IT","@id":"https:\/\/www.elementvape.de\/#\/schema\/logo\/image\/","url":"https:\/\/www.elementvape.de\/wp-content\/uploads\/2024\/09\/cropped-1elementvape-3.png","contentUrl":"https:\/\/www.elementvape.de\/wp-content\/uploads\/2024\/09\/cropped-1elementvape-3.png","width":285,"height":228,"caption":"ElementVape.DE"},"image":{"@id":"https:\/\/www.elementvape.de\/#\/schema\/logo\/image\/"}}]}},"_links":{"self":[{"href":"https:\/\/www.elementvape.de\/it\/wp-json\/wp\/v2\/product\/10580"}],"collection":[{"href":"https:\/\/www.elementvape.de\/it\/wp-json\/wp\/v2\/product"}],"about":[{"href":"https:\/\/www.elementvape.de\/it\/wp-json\/wp\/v2\/types\/product"}],"wp:featuredmedia":[{"embeddable":true,"href":"https:\/\/www.elementvape.de\/it\/wp-json\/wp\/v2\/media\/10581"}],"wp:attachment":[{"href":"https:\/\/www.elementvape.de\/it\/wp-json\/wp\/v2\/media?parent=10580"}],"wp:term":[{"taxonomy":"product_cat","embeddable":true,"href":"https:\/\/www.elementvape.de\/it\/wp-json\/wp\/v2\/product_cat?post=10580"},{"taxonomy":"product_tag","embeddable":true,"href":"https:\/\/www.elementvape.de\/it\/wp-json\/wp\/v2\/product_tag?post=10580"}],"curies":[{"name":"wp","href":"https:\/\/api.w.org\/{rel}","templated":true}]}}