{"id":10363,"date":"2024-05-07T09:37:52","date_gmt":"2024-05-07T09:37:52","guid":{"rendered":"https:\/\/www.elementvape.de\/?post_type=product&#038;p=10363"},"modified":"2024-09-12T10:31:47","modified_gmt":"2024-09-12T10:31:47","slug":"randm-tornado-10000-einweg-vape-10000-zuege","status":"publish","type":"product","link":"https:\/\/www.elementvape.de\/it\/produkt\/randm-tornado-10000-einweg-vape-10000-zuege\/","title":{"rendered":"RandM Tornado 10000 Vape usa e getta 10000 Tiri"},"content":{"rendered":"<h2>Il prezzo di questo prodotto corrisponde al prezzo di una singola sigaretta elettronica<\/h2>\n<p>descrivere<br \/>\nelementvape \u00e8 uno dei pi\u00f9 grandi grossisti di sigarette elettroniche al mondo. Acquista RandM Tornado 10000 Vape all'ingrosso online su Myvapesite.<\/p>\n<p>Il RandM Tornado 10000 \u00e8 un dispositivo monouso di sigaretta elettronica con controllo del flusso d'aria e ricaricabile. Contiene 20 ml di e-liquid con sali di nicotina 0\/2\/3\/5 %, sufficiente per 10.000 puff. Sono disponibili 24 gusti. Con il controllo del flusso d'aria puoi scegliere la posizione pi\u00f9 adatta a te, e una porta di tipo C ricaricabile nella parte inferiore del dispositivo assicura che tu ottenga sempre l'ultimo goccio di liquido.<\/p>\n<p>Caratteristiche dell'attrezzatura monouso RandM Tornado 10000:<br \/>\nSali di nicotina 2%.<br \/>\nE-liquid da 20 ml.<br \/>\n10.000 puff per dispositivo.<br \/>\n6 luci RGB colorate<br \/>\nBatteria ricaricabile<br \/>\nNon ricaricabile<br \/>\nBatteria integrata da 850 mAh.<br \/>\n24 gusti disponibili.<br \/>\n10 pezzi in confezione regalo.<br \/>\n200 pezzi per cartone.<\/p>\n<p>Gusti disponibili:<br \/>\n1. Lamponi-Mirtilli<br \/>\n2. Ciliegia ai mirtilli<br \/>\n3. Gelato ai mirtilli<br \/>\n4. Frutti di bosco misti<br \/>\n5. Caramelle gommose<br \/>\n6. Ciambelle alla fragola<br \/>\n7. Fragola e anguria<br \/>\n8. Gelato all'uva<br \/>\n9. Mentolo<br \/>\n10. Piacere tropicale<br \/>\n11. Limonata all'anguria<br \/>\n12. Raz Blu<br \/>\n13. Dr. Vimtor<br \/>\n14. Sangue di tigre<br \/>\n15. Bowling<br \/>\n16. Mango e frutto della passione<br \/>\n17. Fragola e kiwi<br \/>\n18. Gelato di lamponi e pesca<br \/>\n19. Sour di mirtilli e lamponi<br \/>\n20. Gelato di mele rosse<br \/>\n21. Cocktail arancia-limone<br \/>\n22. Kiwi-frutta del drago<br \/>\n23. Gelato alla ciliegia<br \/>\n24. Gelato di anguria<\/p>\n<p>Dettagli del prodotto<br \/>\n1 x RandM Tornado 10000 vaporizzatore usa e getta 10000 attacchi<\/p>","protected":false},"excerpt":{"rendered":"<p>Der Preis dieses Produkts entspricht dem Preis einer einzelnen E-Zigarette beschreiben elementvape ist einer der gr\u00f6\u00dften E-Zigaretten-Gro\u00dfh\u00e4ndler der Welt. Kaufen Sie RandM Tornado 10000 Vape im Gro\u00dfhandel online auf Myvapesite. Der RandM Tornado 10000 ist ein Einweg-E-Zigarettenger\u00e4t mit Luftstromkontrolle und wiederaufladbar. Enth\u00e4lt 20 ml 0\/2\/3\/5 % Nikotinsalz-E-Liquid, das f\u00fcr 10.000 Z\u00fcge reicht. Es stehen Ihnen [&hellip;]<\/p>","protected":false},"featured_media":10379,"template":"","meta":{"inline_featured_image":false},"product_cat":[15,78,750,737,736,749],"product_tag":[672],"tiered_pricing_type":"fixed","tiered_pricing_fixed_rules":[],"tiered_pricing_percentage_rules":[],"tiered_pricing_minimum":1,"_administrator_tiered_pricing_type":"fixed","_administrator_tiered_pricing_fixed_rules":[],"_editor_tiered_pricing_type":"fixed","_editor_tiered_pricing_fixed_rules":[],"_author_tiered_pricing_type":"fixed","_author_tiered_pricing_fixed_rules":[],"_contributor_tiered_pricing_type":"fixed","_contributor_tiered_pricing_fixed_rules":[],"_subscriber_tiered_pricing_type":"fixed","_subscriber_tiered_pricing_fixed_rules":[],"_customer_tiered_pricing_type":"fixed","_customer_tiered_pricing_fixed_rules":[],"_shop_manager_tiered_pricing_type":"fixed","_shop_manager_tiered_pricing_fixed_rules":[],"_wpseo_manager_tiered_pricing_type":"fixed","_wpseo_manager_tiered_pricing_fixed_rules":[],"_wpseo_editor_tiered_pricing_type":"fixed","_wpseo_editor_tiered_pricing_fixed_rules":[],"_wholesale_customer_tiered_pricing_type":"fixed","_wholesale_customer_tiered_pricing_fixed_rules":[],"_marketer_tiered_pricing_type":"fixed","_marketer_tiered_pricing_fixed_rules":[],"_sales_manager_tiered_pricing_type":"fixed","_sales_manager_tiered_pricing_fixed_rules":[],"_sales_rep_tiered_pricing_type":"fixed","_sales_rep_tiered_pricing_fixed_rules":[],"yoast_head":"<!-- This site is optimized with the Yoast SEO plugin v23.3 - https:\/\/yoast.com\/wordpress\/plugins\/seo\/ -->\n<title>RandM Tornado 10000 Einweg-Vape 10000 Z\u00fcge | ElementVape.de<\/title>\n<meta name=\"description\" content=\"Wir bieten RandM Tornado 10000 Einweg-Vape 10000 Z\u00fcge , Elementvape.de akzeptieren Gro\u00df-und Einzelhandel Bestellungen.\" \/>\n<meta name=\"robots\" content=\"index, follow, max-snippet:-1, max-image-preview:large, max-video-preview:-1\" \/>\n<link rel=\"canonical\" href=\"https:\/\/www.elementvape.de\/it\/produkt\/randm-tornado-10000-einweg-vape-10000-zuege\/\" \/>\n<meta property=\"og:locale\" content=\"it_IT\" \/>\n<meta property=\"og:type\" content=\"article\" \/>\n<meta property=\"og:title\" content=\"RandM Tornado 10000 Einweg-Vape 10000 Z\u00fcge | ElementVape.de\" \/>\n<meta property=\"og:description\" content=\"Wir bieten RandM Tornado 10000 Einweg-Vape 10000 Z\u00fcge , Elementvape.de akzeptieren Gro\u00df-und Einzelhandel Bestellungen.\" \/>\n<meta property=\"og:url\" content=\"https:\/\/www.elementvape.de\/it\/produkt\/randm-tornado-10000-einweg-vape-10000-zuege\/\" \/>\n<meta property=\"og:site_name\" content=\"ElementVape.de\" \/>\n<meta property=\"article:modified_time\" content=\"2024-09-12T10:31:47+00:00\" \/>\n<meta property=\"og:image\" content=\"https:\/\/www.elementvape.de\/wp-content\/uploads\/2024\/05\/RANDMTORNADO10000-2.webp\" \/>\n\t<meta property=\"og:image:width\" content=\"800\" \/>\n\t<meta property=\"og:image:height\" content=\"800\" \/>\n\t<meta property=\"og:image:type\" content=\"image\/webp\" \/>\n<meta name=\"twitter:card\" content=\"summary_large_image\" \/>\n<meta name=\"twitter:label1\" content=\"Est. reading time\" \/>\n\t<meta name=\"twitter:data1\" content=\"2 minuti\" \/>\n<script type=\"application\/ld+json\" class=\"yoast-schema-graph\">{\"@context\":\"https:\/\/schema.org\",\"@graph\":[{\"@type\":\"WebPage\",\"@id\":\"https:\/\/www.elementvape.de\/sk\/produkt\/randm-tornado-10000-einweg-vape-10000-zuege\/\",\"url\":\"https:\/\/www.elementvape.de\/sk\/produkt\/randm-tornado-10000-einweg-vape-10000-zuege\/\",\"name\":\"RandM Tornado 10000 Einweg-Vape 10000 Z\u00fcge | ElementVape.de\",\"isPartOf\":{\"@id\":\"https:\/\/www.elementvape.de\/#website\"},\"primaryImageOfPage\":{\"@id\":\"https:\/\/www.elementvape.de\/sk\/produkt\/randm-tornado-10000-einweg-vape-10000-zuege\/#primaryimage\"},\"image\":{\"@id\":\"https:\/\/www.elementvape.de\/sk\/produkt\/randm-tornado-10000-einweg-vape-10000-zuege\/#primaryimage\"},\"thumbnailUrl\":\"https:\/\/www.elementvape.de\/wp-content\/uploads\/2024\/05\/RANDMTORNADO10000-2.webp\",\"datePublished\":\"2024-05-07T09:37:52+00:00\",\"dateModified\":\"2024-09-12T10:31:47+00:00\",\"description\":\"Wir bieten RandM Tornado 10000 Einweg-Vape 10000 Z\u00fcge , Elementvape.de akzeptieren Gro\u00df-und Einzelhandel Bestellungen.\",\"breadcrumb\":{\"@id\":\"https:\/\/www.elementvape.de\/sk\/produkt\/randm-tornado-10000-einweg-vape-10000-zuege\/#breadcrumb\"},\"inLanguage\":\"it-IT\",\"potentialAction\":[{\"@type\":\"ReadAction\",\"target\":[\"https:\/\/www.elementvape.de\/sk\/produkt\/randm-tornado-10000-einweg-vape-10000-zuege\/\"]}]},{\"@type\":\"ImageObject\",\"inLanguage\":\"it-IT\",\"@id\":\"https:\/\/www.elementvape.de\/sk\/produkt\/randm-tornado-10000-einweg-vape-10000-zuege\/#primaryimage\",\"url\":\"https:\/\/www.elementvape.de\/wp-content\/uploads\/2024\/05\/RANDMTORNADO10000-2.webp\",\"contentUrl\":\"https:\/\/www.elementvape.de\/wp-content\/uploads\/2024\/05\/RANDMTORNADO10000-2.webp\",\"width\":800,\"height\":800},{\"@type\":\"BreadcrumbList\",\"@id\":\"https:\/\/www.elementvape.de\/sk\/produkt\/randm-tornado-10000-einweg-vape-10000-zuege\/#breadcrumb\",\"itemListElement\":[{\"@type\":\"ListItem\",\"position\":1,\"name\":\"Home\",\"item\":\"https:\/\/www.elementvape.de\/\"},{\"@type\":\"ListItem\",\"position\":2,\"name\":\"Shop\",\"item\":\"https:\/\/www.elementvape.de\/shop\/\"},{\"@type\":\"ListItem\",\"position\":3,\"name\":\"RandM Tornado 10000 Einweg-Vape 10000 Z\u00fcge\"}]},{\"@type\":\"WebSite\",\"@id\":\"https:\/\/www.elementvape.de\/#website\",\"url\":\"https:\/\/www.elementvape.de\/\",\"name\":\"ElementVape.de\",\"description\":\"\",\"publisher\":{\"@id\":\"https:\/\/www.elementvape.de\/#organization\"},\"potentialAction\":[{\"@type\":\"SearchAction\",\"target\":{\"@type\":\"EntryPoint\",\"urlTemplate\":\"https:\/\/www.elementvape.de\/?s={search_term_string}\"},\"query-input\":\"required name=search_term_string\"}],\"inLanguage\":\"it-IT\"},{\"@type\":\"Organization\",\"@id\":\"https:\/\/www.elementvape.de\/#organization\",\"name\":\"ElementVape.DE\",\"url\":\"https:\/\/www.elementvape.de\/\",\"logo\":{\"@type\":\"ImageObject\",\"inLanguage\":\"it-IT\",\"@id\":\"https:\/\/www.elementvape.de\/#\/schema\/logo\/image\/\",\"url\":\"https:\/\/www.elementvape.de\/wp-content\/uploads\/2024\/09\/cropped-1elementvape-3.png\",\"contentUrl\":\"https:\/\/www.elementvape.de\/wp-content\/uploads\/2024\/09\/cropped-1elementvape-3.png\",\"width\":285,\"height\":228,\"caption\":\"ElementVape.DE\"},\"image\":{\"@id\":\"https:\/\/www.elementvape.de\/#\/schema\/logo\/image\/\"}}]}<\/script>\n<!-- \/ Yoast SEO plugin. -->","yoast_head_json":{"title":"RandM Tornado 10000 Einweg-Vape 10000 Z\u00fcge | ElementVape.de","description":"Wir bieten RandM Tornado 10000 Einweg-Vape 10000 Z\u00fcge , Elementvape.de akzeptieren Gro\u00df-und Einzelhandel Bestellungen.","robots":{"index":"index","follow":"follow","max-snippet":"max-snippet:-1","max-image-preview":"max-image-preview:large","max-video-preview":"max-video-preview:-1"},"canonical":"https:\/\/www.elementvape.de\/it\/produkt\/randm-tornado-10000-einweg-vape-10000-zuege\/","og_locale":"it_IT","og_type":"article","og_title":"RandM Tornado 10000 Einweg-Vape 10000 Z\u00fcge | ElementVape.de","og_description":"Wir bieten RandM Tornado 10000 Einweg-Vape 10000 Z\u00fcge , Elementvape.de akzeptieren Gro\u00df-und Einzelhandel Bestellungen.","og_url":"https:\/\/www.elementvape.de\/it\/produkt\/randm-tornado-10000-einweg-vape-10000-zuege\/","og_site_name":"ElementVape.de","article_modified_time":"2024-09-12T10:31:47+00:00","og_image":[{"width":800,"height":800,"url":"https:\/\/www.elementvape.de\/wp-content\/uploads\/2024\/05\/RANDMTORNADO10000-2.webp","type":"image\/webp"}],"twitter_card":"summary_large_image","twitter_misc":{"Est. reading time":"2 minuti"},"schema":{"@context":"https:\/\/schema.org","@graph":[{"@type":"WebPage","@id":"https:\/\/www.elementvape.de\/sk\/produkt\/randm-tornado-10000-einweg-vape-10000-zuege\/","url":"https:\/\/www.elementvape.de\/sk\/produkt\/randm-tornado-10000-einweg-vape-10000-zuege\/","name":"RandM Tornado 10000 Einweg-Vape 10000 Z\u00fcge | ElementVape.de","isPartOf":{"@id":"https:\/\/www.elementvape.de\/#website"},"primaryImageOfPage":{"@id":"https:\/\/www.elementvape.de\/sk\/produkt\/randm-tornado-10000-einweg-vape-10000-zuege\/#primaryimage"},"image":{"@id":"https:\/\/www.elementvape.de\/sk\/produkt\/randm-tornado-10000-einweg-vape-10000-zuege\/#primaryimage"},"thumbnailUrl":"https:\/\/www.elementvape.de\/wp-content\/uploads\/2024\/05\/RANDMTORNADO10000-2.webp","datePublished":"2024-05-07T09:37:52+00:00","dateModified":"2024-09-12T10:31:47+00:00","description":"Wir bieten RandM Tornado 10000 Einweg-Vape 10000 Z\u00fcge , Elementvape.de akzeptieren Gro\u00df-und Einzelhandel Bestellungen.","breadcrumb":{"@id":"https:\/\/www.elementvape.de\/sk\/produkt\/randm-tornado-10000-einweg-vape-10000-zuege\/#breadcrumb"},"inLanguage":"it-IT","potentialAction":[{"@type":"ReadAction","target":["https:\/\/www.elementvape.de\/sk\/produkt\/randm-tornado-10000-einweg-vape-10000-zuege\/"]}]},{"@type":"ImageObject","inLanguage":"it-IT","@id":"https:\/\/www.elementvape.de\/sk\/produkt\/randm-tornado-10000-einweg-vape-10000-zuege\/#primaryimage","url":"https:\/\/www.elementvape.de\/wp-content\/uploads\/2024\/05\/RANDMTORNADO10000-2.webp","contentUrl":"https:\/\/www.elementvape.de\/wp-content\/uploads\/2024\/05\/RANDMTORNADO10000-2.webp","width":800,"height":800},{"@type":"BreadcrumbList","@id":"https:\/\/www.elementvape.de\/sk\/produkt\/randm-tornado-10000-einweg-vape-10000-zuege\/#breadcrumb","itemListElement":[{"@type":"ListItem","position":1,"name":"Home","item":"https:\/\/www.elementvape.de\/"},{"@type":"ListItem","position":2,"name":"Shop","item":"https:\/\/www.elementvape.de\/shop\/"},{"@type":"ListItem","position":3,"name":"RandM Tornado 10000 Einweg-Vape 10000 Z\u00fcge"}]},{"@type":"WebSite","@id":"https:\/\/www.elementvape.de\/#website","url":"https:\/\/www.elementvape.de\/","name":"ElementVape.de","description":"","publisher":{"@id":"https:\/\/www.elementvape.de\/#organization"},"potentialAction":[{"@type":"SearchAction","target":{"@type":"EntryPoint","urlTemplate":"https:\/\/www.elementvape.de\/?s={search_term_string}"},"query-input":"required name=search_term_string"}],"inLanguage":"it-IT"},{"@type":"Organization","@id":"https:\/\/www.elementvape.de\/#organization","name":"ElementVape.DE","url":"https:\/\/www.elementvape.de\/","logo":{"@type":"ImageObject","inLanguage":"it-IT","@id":"https:\/\/www.elementvape.de\/#\/schema\/logo\/image\/","url":"https:\/\/www.elementvape.de\/wp-content\/uploads\/2024\/09\/cropped-1elementvape-3.png","contentUrl":"https:\/\/www.elementvape.de\/wp-content\/uploads\/2024\/09\/cropped-1elementvape-3.png","width":285,"height":228,"caption":"ElementVape.DE"},"image":{"@id":"https:\/\/www.elementvape.de\/#\/schema\/logo\/image\/"}}]}},"_links":{"self":[{"href":"https:\/\/www.elementvape.de\/it\/wp-json\/wp\/v2\/product\/10363"}],"collection":[{"href":"https:\/\/www.elementvape.de\/it\/wp-json\/wp\/v2\/product"}],"about":[{"href":"https:\/\/www.elementvape.de\/it\/wp-json\/wp\/v2\/types\/product"}],"wp:featuredmedia":[{"embeddable":true,"href":"https:\/\/www.elementvape.de\/it\/wp-json\/wp\/v2\/media\/10379"}],"wp:attachment":[{"href":"https:\/\/www.elementvape.de\/it\/wp-json\/wp\/v2\/media?parent=10363"}],"wp:term":[{"taxonomy":"product_cat","embeddable":true,"href":"https:\/\/www.elementvape.de\/it\/wp-json\/wp\/v2\/product_cat?post=10363"},{"taxonomy":"product_tag","embeddable":true,"href":"https:\/\/www.elementvape.de\/it\/wp-json\/wp\/v2\/product_tag?post=10363"}],"curies":[{"name":"wp","href":"https:\/\/api.w.org\/{rel}","templated":true}]}}