{"id":10317,"date":"2024-04-29T09:18:40","date_gmt":"2024-04-29T09:18:40","guid":{"rendered":"https:\/\/www.elementvape.de\/?post_type=product&#038;p=10317"},"modified":"2025-04-02T02:02:45","modified_gmt":"2025-04-02T02:02:45","slug":"randm-tornado-7000-einweg-vape-7000-puffs-eu-lagerraum","status":"publish","type":"product","link":"https:\/\/www.elementvape.de\/it\/produkt\/randm-tornado-7000-einweg-vape-7000-puffs-eu-lagerraum\/","title":{"rendered":"RandM Tornado 7000 E-cigarette 7000 Puff Acquista Magazzino UE"},"content":{"rendered":"<p>Questo inventario verr\u00e0 aggiornato il 27 dicembre. La quantit\u00e0 minima d'ordine per le sigarette elettroniche \u00e8 di 1 confezione, che contiene 10 sigarette elettroniche. Puoi scegliere il tuo gusto preferito.<\/p>\n<p>Il prezzo di questo prodotto corrisponde al prezzo di 10 vape<\/p>\n<p>Se desideri conoscere l'inventario pi\u00f9 recente, puoi contattarmi via email<br \/>\nEmail: <strong>elementvapede@gmail.com<\/strong><\/p>\n<h1>RandM Tornado 7000: L'esperienza di svapo definitiva<\/h1>\n<h2>Presentiamo: RandM Tornado 7000: Scatena la tempesta di sapori<\/h2>\n<p>Vivi l'eccezionale con il RandM Tornado 7000, un dispositivo di svapo noto per il suo gusto pulito e morbido. Questo vape straordinario \u00e8 stato progettato per offrirti un viaggio di sapore coinvolgente ad ogni tiro. Che tu sia un svapatore esperto o alle prime armi, il <strong>RandM Tornado 7000<\/strong> garantisce un'esperienza di svapo emozionante che ti far\u00e0 tornare ancora e ancora per scoprire di pi\u00f9.<\/p>\n<h2>Durata della batteria senza paragoni e design facile da usare<\/h2>\n<p>Con una potente batteria ricaricabile da 1000 mAh, il RandM Tornado 7000 assicura sessioni di svapo pi\u00f9 lunghe senza dover ricaricare frequentemente. D\u00ec addio alla fastidiosa ricerca di una presa di corrente. Questo vaporizzatore \u00e8 progettato per durare nel tempo e offrirti un piacere di svapo continuo.<\/p>\n<p>Il design ergonomico del <strong>RandM Tornado 7000<\/strong> \u00e8 una prova della sua superiore artigianalit\u00e0. Il dispositivo si adatta comodamente alla mano ed \u00e8 quindi portatile e facile da usare ovunque. La sua costruzione snella e robusta garantisce un'esperienza di svapo di prima classe senza scricchiolii o rumori strani durante il funzionamento.<\/p>\n<h4>Parametri<\/h4>\n<p>2 % Nicotina sale<br \/>\n14 ml di e-liquid<br \/>\n7000 tiri per dispositivo<br \/>\nControllo del flusso d'aria<br \/>\nCaricabatterie di tipo-C<br \/>\nBatteria ricaricabile<br \/>\nBatteria integrata da 850 mAh<br \/>\nDisponibili 5 gusti<br \/>\n10 pezzi in una confezione espositrice<\/p>\n<h3>Vaping senza sforzo con comfort pre-riempito<\/h3>\n<p>Niente pi\u00f9 riempimenti fastidiosi o sostituzioni complicate delle coil. Il RandM Tornado 7000 \u00e8 pre-riempito con 14 ml di nicotina salina da 70 mg e pu\u00f2 essere utilizzato direttamente dalla confezione. Ci\u00f2 significa che puoi goderti subito il vapore senza preoccuparti di configurazioni o manutenzione. Inalare semplicemente attraverso il boccaglio del dispositivo e goderti fino a 7.000 tiri prima di doverlo ricaricare.<\/p>\n<h3>Immergiti in un'esperienza di svapo colorata<\/h3>\n<p>Lasciati affascinare dalle luci RGB luminose del RandM Tornado 7000. Quando ricevi un colpo, la parte inferiore del dispositivo si illumina mostrando una palette di colori affascinante. Dal giallo allegro al rosso infuocato, dal blu tranquillo al verde rilassante e al viola incantevole, queste luci donano alle tue sessioni di svapo un tocco di piacere visivo. Le luci accompagnano il tiro e continuano a illuminarsi per circa 7 secondi, creando un'esperienza davvero immersiva.<\/p>\n<h3>Flusso d'aria regolabile e coil in mesh avanzata<\/h3>\n<p>Il RandM Tornado 7000 offre un flusso d'aria regolabile, cos\u00ec puoi personalizzare la tua esperienza di svapo secondo le tue preferenze. Regola il flusso d'aria per trovare il perfetto equilibrio tra gusto e produzione di vapore, garantendo ogni volta un vapore soddisfacente.<\/p>\n<p>Dotato di una coil in mesh di alta qualit\u00e0, fornisce <strong>RandM Tornado 7000<\/strong> una produzione di sapore e vapore eccezionale. La tecnologia delle coil in mesh garantisce una distribuzione uniforme del calore, portando a tiri morbidi e regolari. Lasciati sorprendere dalla ricchezza e profondit\u00e0 degli aromi che sperimenterai con questo dispositivo di svapo notevole.<\/p>\n<h3>Concediti una variet\u00e0 di gusti<\/h3>\n<p>Con il <strong>RandM Tornado 7000<\/strong> le tue papille gustative saranno deliziate da un'ampia scelta di aromi che soddisferanno ogni palato. Scegli tra una selezione impressionante di fino a 50 gusti, tra cui un delizioso mix di frutta, dolci, bibite e frullati di frutta rinfrescanti. Che tu desideri un sapore fruttato speziato, un dolce nostalgico o un vapore ispirato alle bibite gassate, il RandM Tornado 7000 ha un gusto che ti porter\u00e0 nel mondo del vapore felice.<\/p>\n<h4>Vivi la differenza RandM<\/h4>\n<p>Quando si tratta di vaporizzatori usa e getta, il RandM Tornado 7000 \u00e8 un vero innovatore. La batteria ricaricabile \u00e8 di alta qualit\u00e0 e pratico<\/p>\n<h4>Ordina oggi il tuo RandM Tornado 7000<\/h4>\n<p>Sei pronto a migliorare la tua esperienza di svapo? Non perdere le incredibili funzioni e aromi che il RandM Tornado 7000 offre. Effettua il tuo ordine oggi e immergiti nel mondo delle nuvole aromatiche e dello svapo senza sforzo.<\/p>\n<h4>gusto:<\/h4>\n<p>1. Mirtillo Rosmarino<br \/>\n2. Frutti di bosco misti<br \/>\n3. Fragola Melone<br \/>\n4. Mirtillo sulla Ghiaccio<br \/>\n5. Pesca Ghiaccio<\/p>\n<p>&nbsp;<\/p>","protected":false},"excerpt":{"rendered":"<p>Dieses Inventar wird am 27. Dezember aktualisiert. Die Mindestbestellmenge f\u00fcr E-Zigaretten betr\u00e4gt 1 Packung, die 10 E-Zigaretten enth\u00e4lt. Sie k\u00f6nnen Ihren Lieblingsgeschmack w\u00e4hlen. Der Preis dieses Produkts entspricht dem Preis von 10 vapes Wenn Sie den neuesten Lagerbestand erfahren m\u00f6chten, k\u00f6nnen Sie mich per\u00a0E-Mail kontaktieren E-Mail: elementvapede@gmail.com RandM Tornado 7000: Das ultimative Dampferlebnis Wir stellen [&hellip;]<\/p>","protected":false},"featured_media":10327,"template":"","meta":{"inline_featured_image":false},"product_cat":[15,78,735,746,741,733,747,740,734,753,754,745,742,748,750,737,736,749,752,756,739,743,744,755,738,751],"product_tag":[710,709,681],"tiered_pricing_type":"fixed","tiered_pricing_fixed_rules":{"50":"7.40","110":"6.99","210":"6.58","510":"6.17","1100":"5.75"},"tiered_pricing_percentage_rules":[],"tiered_pricing_minimum":1,"_administrator_tiered_pricing_type":"fixed","_administrator_tiered_pricing_fixed_rules":[],"_editor_tiered_pricing_type":"fixed","_editor_tiered_pricing_fixed_rules":[],"_author_tiered_pricing_type":"fixed","_author_tiered_pricing_fixed_rules":[],"_contributor_tiered_pricing_type":"fixed","_contributor_tiered_pricing_fixed_rules":[],"_subscriber_tiered_pricing_type":"fixed","_subscriber_tiered_pricing_fixed_rules":[],"_customer_tiered_pricing_type":"fixed","_customer_tiered_pricing_fixed_rules":[],"_shop_manager_tiered_pricing_type":"fixed","_shop_manager_tiered_pricing_fixed_rules":[],"_wpseo_manager_tiered_pricing_type":"fixed","_wpseo_manager_tiered_pricing_fixed_rules":[],"_wpseo_editor_tiered_pricing_type":"fixed","_wpseo_editor_tiered_pricing_fixed_rules":[],"_wholesale_customer_tiered_pricing_type":"fixed","_wholesale_customer_tiered_pricing_fixed_rules":[],"_marketer_tiered_pricing_type":"fixed","_marketer_tiered_pricing_fixed_rules":[],"_sales_manager_tiered_pricing_type":"fixed","_sales_manager_tiered_pricing_fixed_rules":[],"_sales_rep_tiered_pricing_type":"fixed","_sales_rep_tiered_pricing_fixed_rules":[],"yoast_head":"<!-- This site is optimized with the Yoast SEO plugin v23.3 - https:\/\/yoast.com\/wordpress\/plugins\/seo\/ -->\n<title>RandM Tornado 7000 E-Zigaretten 7000 Puffs Kaufen Eu lagerraum | ElementVape.de<\/title>\n<meta name=\"description\" content=\"Wir bieten RandM Tornado 7000 E-Zigaretten 7000 Puffs Kaufen Eu lagerraum , Elementvape.de akzeptieren Gro\u00df-und Einzelhandel Bestellungen.\" \/>\n<meta name=\"robots\" content=\"index, follow, max-snippet:-1, max-image-preview:large, max-video-preview:-1\" \/>\n<link rel=\"canonical\" href=\"https:\/\/www.elementvape.de\/it\/produkt\/randm-tornado-7000-einweg-vape-7000-puffs-eu-lagerraum\/\" \/>\n<meta property=\"og:locale\" content=\"it_IT\" \/>\n<meta property=\"og:type\" content=\"article\" \/>\n<meta property=\"og:title\" content=\"RandM Tornado 7000 E-Zigaretten 7000 Puffs Kaufen Eu lagerraum | ElementVape.de\" \/>\n<meta property=\"og:description\" content=\"Wir bieten RandM Tornado 7000 E-Zigaretten 7000 Puffs Kaufen Eu lagerraum , Elementvape.de akzeptieren Gro\u00df-und Einzelhandel Bestellungen.\" \/>\n<meta property=\"og:url\" content=\"https:\/\/www.elementvape.de\/it\/produkt\/randm-tornado-7000-einweg-vape-7000-puffs-eu-lagerraum\/\" \/>\n<meta property=\"og:site_name\" content=\"ElementVape.de\" \/>\n<meta property=\"article:modified_time\" content=\"2025-04-02T02:02:45+00:00\" \/>\n<meta property=\"og:image\" content=\"https:\/\/www.elementvape.de\/wp-content\/uploads\/2024\/04\/PINK-LEMONADE_1024x1024.webp\" \/>\n\t<meta property=\"og:image:width\" content=\"1024\" \/>\n\t<meta property=\"og:image:height\" content=\"512\" \/>\n\t<meta property=\"og:image:type\" content=\"image\/webp\" \/>\n<meta name=\"twitter:card\" content=\"summary_large_image\" \/>\n<meta name=\"twitter:label1\" content=\"Est. reading time\" \/>\n\t<meta name=\"twitter:data1\" content=\"4 minuti\" \/>\n<script type=\"application\/ld+json\" class=\"yoast-schema-graph\">{\"@context\":\"https:\/\/schema.org\",\"@graph\":[{\"@type\":\"WebPage\",\"@id\":\"https:\/\/www.elementvape.de\/produkt\/randm-tornado-7000-einweg-vape-7000-puffs-eu-lagerraum\/\",\"url\":\"https:\/\/www.elementvape.de\/produkt\/randm-tornado-7000-einweg-vape-7000-puffs-eu-lagerraum\/\",\"name\":\"RandM Tornado 7000 E-Zigaretten 7000 Puffs Kaufen Eu lagerraum | ElementVape.de\",\"isPartOf\":{\"@id\":\"https:\/\/www.elementvape.de\/#website\"},\"primaryImageOfPage\":{\"@id\":\"https:\/\/www.elementvape.de\/produkt\/randm-tornado-7000-einweg-vape-7000-puffs-eu-lagerraum\/#primaryimage\"},\"image\":{\"@id\":\"https:\/\/www.elementvape.de\/produkt\/randm-tornado-7000-einweg-vape-7000-puffs-eu-lagerraum\/#primaryimage\"},\"thumbnailUrl\":\"https:\/\/www.elementvape.de\/wp-content\/uploads\/2024\/04\/PINK-LEMONADE_1024x1024.webp\",\"datePublished\":\"2024-04-29T09:18:40+00:00\",\"dateModified\":\"2025-04-02T02:02:45+00:00\",\"description\":\"Wir bieten RandM Tornado 7000 E-Zigaretten 7000 Puffs Kaufen Eu lagerraum , Elementvape.de akzeptieren Gro\u00df-und Einzelhandel Bestellungen.\",\"breadcrumb\":{\"@id\":\"https:\/\/www.elementvape.de\/produkt\/randm-tornado-7000-einweg-vape-7000-puffs-eu-lagerraum\/#breadcrumb\"},\"inLanguage\":\"it-IT\",\"potentialAction\":[{\"@type\":\"ReadAction\",\"target\":[\"https:\/\/www.elementvape.de\/produkt\/randm-tornado-7000-einweg-vape-7000-puffs-eu-lagerraum\/\"]}]},{\"@type\":\"ImageObject\",\"inLanguage\":\"it-IT\",\"@id\":\"https:\/\/www.elementvape.de\/produkt\/randm-tornado-7000-einweg-vape-7000-puffs-eu-lagerraum\/#primaryimage\",\"url\":\"https:\/\/www.elementvape.de\/wp-content\/uploads\/2024\/04\/PINK-LEMONADE_1024x1024.webp\",\"contentUrl\":\"https:\/\/www.elementvape.de\/wp-content\/uploads\/2024\/04\/PINK-LEMONADE_1024x1024.webp\",\"width\":1024,\"height\":512,\"caption\":\"PINK-LEMONADE_1024x1024\"},{\"@type\":\"BreadcrumbList\",\"@id\":\"https:\/\/www.elementvape.de\/produkt\/randm-tornado-7000-einweg-vape-7000-puffs-eu-lagerraum\/#breadcrumb\",\"itemListElement\":[{\"@type\":\"ListItem\",\"position\":1,\"name\":\"Home\",\"item\":\"https:\/\/www.elementvape.de\/\"},{\"@type\":\"ListItem\",\"position\":2,\"name\":\"Shop\",\"item\":\"https:\/\/www.elementvape.de\/shop\/\"},{\"@type\":\"ListItem\",\"position\":3,\"name\":\"RandM Tornado 7000 E-Zigaretten 7000 Puffs Kaufen Eu lagerraum\"}]},{\"@type\":\"WebSite\",\"@id\":\"https:\/\/www.elementvape.de\/#website\",\"url\":\"https:\/\/www.elementvape.de\/\",\"name\":\"ElementVape.de\",\"description\":\"\",\"publisher\":{\"@id\":\"https:\/\/www.elementvape.de\/#organization\"},\"potentialAction\":[{\"@type\":\"SearchAction\",\"target\":{\"@type\":\"EntryPoint\",\"urlTemplate\":\"https:\/\/www.elementvape.de\/?s={search_term_string}\"},\"query-input\":\"required name=search_term_string\"}],\"inLanguage\":\"it-IT\"},{\"@type\":\"Organization\",\"@id\":\"https:\/\/www.elementvape.de\/#organization\",\"name\":\"ElementVape.DE\",\"url\":\"https:\/\/www.elementvape.de\/\",\"logo\":{\"@type\":\"ImageObject\",\"inLanguage\":\"it-IT\",\"@id\":\"https:\/\/www.elementvape.de\/#\/schema\/logo\/image\/\",\"url\":\"https:\/\/www.elementvape.de\/wp-content\/uploads\/2024\/09\/cropped-1elementvape-3.png\",\"contentUrl\":\"https:\/\/www.elementvape.de\/wp-content\/uploads\/2024\/09\/cropped-1elementvape-3.png\",\"width\":285,\"height\":228,\"caption\":\"ElementVape.DE\"},\"image\":{\"@id\":\"https:\/\/www.elementvape.de\/#\/schema\/logo\/image\/\"}}]}<\/script>\n<!-- \/ Yoast SEO plugin. -->","yoast_head_json":{"title":"RandM Tornado 7000 E-Zigaretten 7000 Puffs Kaufen Eu lagerraum | ElementVape.de","description":"Wir bieten RandM Tornado 7000 E-Zigaretten 7000 Puffs Kaufen Eu lagerraum , Elementvape.de akzeptieren Gro\u00df-und Einzelhandel Bestellungen.","robots":{"index":"index","follow":"follow","max-snippet":"max-snippet:-1","max-image-preview":"max-image-preview:large","max-video-preview":"max-video-preview:-1"},"canonical":"https:\/\/www.elementvape.de\/it\/produkt\/randm-tornado-7000-einweg-vape-7000-puffs-eu-lagerraum\/","og_locale":"it_IT","og_type":"article","og_title":"RandM Tornado 7000 E-Zigaretten 7000 Puffs Kaufen Eu lagerraum | ElementVape.de","og_description":"Wir bieten RandM Tornado 7000 E-Zigaretten 7000 Puffs Kaufen Eu lagerraum , Elementvape.de akzeptieren Gro\u00df-und Einzelhandel Bestellungen.","og_url":"https:\/\/www.elementvape.de\/it\/produkt\/randm-tornado-7000-einweg-vape-7000-puffs-eu-lagerraum\/","og_site_name":"ElementVape.de","article_modified_time":"2025-04-02T02:02:45+00:00","og_image":[{"width":1024,"height":512,"url":"https:\/\/www.elementvape.de\/wp-content\/uploads\/2024\/04\/PINK-LEMONADE_1024x1024.webp","type":"image\/webp"}],"twitter_card":"summary_large_image","twitter_misc":{"Est. reading time":"4 minuti"},"schema":{"@context":"https:\/\/schema.org","@graph":[{"@type":"WebPage","@id":"https:\/\/www.elementvape.de\/produkt\/randm-tornado-7000-einweg-vape-7000-puffs-eu-lagerraum\/","url":"https:\/\/www.elementvape.de\/produkt\/randm-tornado-7000-einweg-vape-7000-puffs-eu-lagerraum\/","name":"RandM Tornado 7000 E-Zigaretten 7000 Puffs Kaufen Eu lagerraum | ElementVape.de","isPartOf":{"@id":"https:\/\/www.elementvape.de\/#website"},"primaryImageOfPage":{"@id":"https:\/\/www.elementvape.de\/produkt\/randm-tornado-7000-einweg-vape-7000-puffs-eu-lagerraum\/#primaryimage"},"image":{"@id":"https:\/\/www.elementvape.de\/produkt\/randm-tornado-7000-einweg-vape-7000-puffs-eu-lagerraum\/#primaryimage"},"thumbnailUrl":"https:\/\/www.elementvape.de\/wp-content\/uploads\/2024\/04\/PINK-LEMONADE_1024x1024.webp","datePublished":"2024-04-29T09:18:40+00:00","dateModified":"2025-04-02T02:02:45+00:00","description":"Wir bieten RandM Tornado 7000 E-Zigaretten 7000 Puffs Kaufen Eu lagerraum , Elementvape.de akzeptieren Gro\u00df-und Einzelhandel Bestellungen.","breadcrumb":{"@id":"https:\/\/www.elementvape.de\/produkt\/randm-tornado-7000-einweg-vape-7000-puffs-eu-lagerraum\/#breadcrumb"},"inLanguage":"it-IT","potentialAction":[{"@type":"ReadAction","target":["https:\/\/www.elementvape.de\/produkt\/randm-tornado-7000-einweg-vape-7000-puffs-eu-lagerraum\/"]}]},{"@type":"ImageObject","inLanguage":"it-IT","@id":"https:\/\/www.elementvape.de\/produkt\/randm-tornado-7000-einweg-vape-7000-puffs-eu-lagerraum\/#primaryimage","url":"https:\/\/www.elementvape.de\/wp-content\/uploads\/2024\/04\/PINK-LEMONADE_1024x1024.webp","contentUrl":"https:\/\/www.elementvape.de\/wp-content\/uploads\/2024\/04\/PINK-LEMONADE_1024x1024.webp","width":1024,"height":512,"caption":"PINK-LEMONADE_1024x1024"},{"@type":"BreadcrumbList","@id":"https:\/\/www.elementvape.de\/produkt\/randm-tornado-7000-einweg-vape-7000-puffs-eu-lagerraum\/#breadcrumb","itemListElement":[{"@type":"ListItem","position":1,"name":"Home","item":"https:\/\/www.elementvape.de\/"},{"@type":"ListItem","position":2,"name":"Shop","item":"https:\/\/www.elementvape.de\/shop\/"},{"@type":"ListItem","position":3,"name":"RandM Tornado 7000 E-Zigaretten 7000 Puffs Kaufen Eu lagerraum"}]},{"@type":"WebSite","@id":"https:\/\/www.elementvape.de\/#website","url":"https:\/\/www.elementvape.de\/","name":"ElementVape.de","description":"","publisher":{"@id":"https:\/\/www.elementvape.de\/#organization"},"potentialAction":[{"@type":"SearchAction","target":{"@type":"EntryPoint","urlTemplate":"https:\/\/www.elementvape.de\/?s={search_term_string}"},"query-input":"required name=search_term_string"}],"inLanguage":"it-IT"},{"@type":"Organization","@id":"https:\/\/www.elementvape.de\/#organization","name":"ElementVape.DE","url":"https:\/\/www.elementvape.de\/","logo":{"@type":"ImageObject","inLanguage":"it-IT","@id":"https:\/\/www.elementvape.de\/#\/schema\/logo\/image\/","url":"https:\/\/www.elementvape.de\/wp-content\/uploads\/2024\/09\/cropped-1elementvape-3.png","contentUrl":"https:\/\/www.elementvape.de\/wp-content\/uploads\/2024\/09\/cropped-1elementvape-3.png","width":285,"height":228,"caption":"ElementVape.DE"},"image":{"@id":"https:\/\/www.elementvape.de\/#\/schema\/logo\/image\/"}}]}},"_links":{"self":[{"href":"https:\/\/www.elementvape.de\/it\/wp-json\/wp\/v2\/product\/10317"}],"collection":[{"href":"https:\/\/www.elementvape.de\/it\/wp-json\/wp\/v2\/product"}],"about":[{"href":"https:\/\/www.elementvape.de\/it\/wp-json\/wp\/v2\/types\/product"}],"wp:featuredmedia":[{"embeddable":true,"href":"https:\/\/www.elementvape.de\/it\/wp-json\/wp\/v2\/media\/10327"}],"wp:attachment":[{"href":"https:\/\/www.elementvape.de\/it\/wp-json\/wp\/v2\/media?parent=10317"}],"wp:term":[{"taxonomy":"product_cat","embeddable":true,"href":"https:\/\/www.elementvape.de\/it\/wp-json\/wp\/v2\/product_cat?post=10317"},{"taxonomy":"product_tag","embeddable":true,"href":"https:\/\/www.elementvape.de\/it\/wp-json\/wp\/v2\/product_tag?post=10317"}],"curies":[{"name":"wp","href":"https:\/\/api.w.org\/{rel}","templated":true}]}}