{"id":8775,"date":"2024-04-20T06:56:06","date_gmt":"2024-04-20T06:56:06","guid":{"rendered":"https:\/\/www.elementvape.de\/?post_type=product&#038;p=8775"},"modified":"2024-09-12T10:32:25","modified_gmt":"2024-09-12T10:32:25","slug":"oxva-xlim-pro-kit-1000mah-batterie-30w-vape","status":"publish","type":"product","link":"https:\/\/www.elementvape.de\/fr\/produkt\/oxva-xlim-pro-kit-1000mah-batterie-30w-vape\/","title":{"rendered":"Oxva Xlim Pro Kit 1000mAh Batterie 30W Vape avec 2ml Xlim V3 Pod Cartouche 0,6\/0,8 Ohm cigarette \u00e9lectronique vaporisateur"},"content":{"rendered":"<p>&nbsp;<\/p>\n<div class=\"product-specs-list-container\">\n<ul class=\"product-specs-list util-clearfix\">\n<li class=\"product-prop line-limit-length\"><span class=\"property-title\">Apparence :\u00a0<\/span><span class=\"property-desc line-limit-length\">Forme Bo\u00eete<\/span><\/li>\n<li class=\"product-prop line-limit-length\"><span class=\"property-title\">Batterie Compatible :\u00a0<\/span><span class=\"property-desc line-limit-length\">Non<\/span><\/li>\n<li class=\"product-prop line-limit-length\"><span class=\"property-title\">Fonction de Surveillance du Nombre de Fumeurs :\u00a0<\/span><span class=\"property-desc line-limit-length\">Non<\/span><\/li>\n<li class=\"product-prop line-limit-length\"><span class=\"property-title\">\u00c9tui en Silicone :\u00a0<\/span><span class=\"property-desc line-limit-length\">Non<\/span><\/li>\n<li class=\"product-prop line-limit-length\"><span class=\"property-title\">Contr\u00f4le de Temp\u00e9rature :\u00a0<\/span><span class=\"property-desc line-limit-length\">Non<\/span><\/li>\n<li class=\"product-prop line-limit-length\"><span class=\"property-title\">Batterie Int\u00e9gr\u00e9e ou Externe :\u00a0<\/span><span class=\"property-desc line-limit-length\">Int\u00e9gr\u00e9<\/span><\/li>\n<li class=\"product-prop line-limit-length\"><span class=\"property-title\">Fonction de Protection contre les Courts-Circuits :\u00a0<\/span><span class=\"property-desc line-limit-length\">Ja<\/span><\/li>\n<li class=\"product-prop line-limit-length\"><span class=\"property-title\">Fonction de Protection contre la Surchauffe :\u00a0<\/span><span class=\"property-desc line-limit-length\">Ja<\/span><\/li>\n<li class=\"product-prop line-limit-length\"><span class=\"property-title\">Fonction d'alarme de basse tension :\u00a0<\/span><span class=\"property-desc line-limit-length\">Ja<\/span><\/li>\n<li class=\"product-prop line-limit-length\"><span class=\"property-title\">Fonction d'identification du vaporisateur :\u00a0<\/span><span class=\"property-desc line-limit-length\">Ja<\/span><\/li>\n<li class=\"product-prop line-limit-length\"><span class=\"property-title\">Modes de r\u00e9glage TCR :\u00a0<\/span><span class=\"property-desc line-limit-length\">Non<\/span><\/li>\n<li class=\"product-prop line-limit-length\"><span class=\"property-title\">Capacit\u00e9 nominale :\u00a0<\/span><span class=\"property-desc line-limit-length\">1000mAh<\/span><\/li>\n<li class=\"product-prop line-limit-length\"><span class=\"property-title\">Mat\u00e9riau :\u00a0<\/span><span class=\"property-desc line-limit-length\">M\u00e9tal<\/span><\/li>\n<li class=\"product-prop line-limit-length\"><span class=\"property-title\">Mod\u00e8le compatible :\u00a0<\/span><span class=\"property-desc line-limit-length\">Cigarette \u00e9lectronique Vape<\/span><\/li>\n<li class=\"product-prop line-limit-length\"><span class=\"property-title\">Num\u00e9ro de mod\u00e8le :\u00a0<\/span><span class=\"property-desc line-limit-length\">Kit OXVA Xlim Pro<\/span><\/li>\n<li class=\"product-prop line-limit-length\"><span class=\"property-title\">Chargeur USB :\u00a0<\/span><span class=\"property-desc line-limit-length\">Ja<\/span><\/li>\n<li class=\"product-prop line-limit-length\"><span class=\"property-title\">Mise \u00e0 jour du firmware :\u00a0<\/span><span class=\"property-desc line-limit-length\">Non<\/span><\/li>\n<li class=\"product-prop line-limit-length\"><span class=\"property-title\">Affichage :\u00a0<\/span><span class=\"property-desc line-limit-length\">Non<\/span><\/li>\n<li class=\"product-prop line-limit-length\"><span class=\"property-title\">Type :\u00a0<\/span><span class=\"property-desc line-limit-length\">Avec batterie<\/span><\/li>\n<li class=\"product-prop line-limit-length\"><span class=\"property-title\">Nom de la marque :\u00a0<\/span><span class=\"property-desc line-limit-length\">OXVA<\/span><\/li>\n<li class=\"product-prop line-limit-length\"><span class=\"property-title\">Origine :\u00a0<\/span><span class=\"property-desc line-limit-length\">CN (Origine)<\/span><\/li>\n<\/ul>\n<\/div>\n<div class=\"detailmodule_html\">\n<div class=\"detail-desc-decorate-richtext\">\n<div class=\"detailmodule_text\">\n<p id=\"tl_1\" class=\"detail-desc-decorate-title\" style=\"font-family: OpenSans; font-size: 20px; font-weight: 900; line-height: 28px; margin-bottom: 12px;\">Kit Oxva Xlim Pro original 1000mAh Batterie 30W Vape avec 2ml V3 Pod cartouche vide 0,6\/0,8 Ohm cigarette \u00e9lectronique vaporisateur<\/p>\n<\/div>\n<div class=\"detailmodule_text\">\n<p id=\"tl_2\" class=\"detail-desc-decorate-title\" style=\"font-family: OpenSans; font-size: 20px; font-weight: 900; line-height: 28px; margin-bottom: 12px;\">Description :<\/p>\n<p id=\"tl_3\" class=\"detail-desc-decorate-content\" style=\"font-family: OpenSans; font-size: 14px; font-weight: 300; line-height: 20px; margin-bottom: 12px;\">Le kit Xlim Pro est l'\u00e9dition pro de Xlim. Il est dot\u00e9 d'une capacit\u00e9 de batterie plus grande de 1000mAh, d'une puissance plus forte de 30W et d'une nouvelle lumi\u00e8re RGB pour illuminer votre passion. Le kit Xlim Pro est \u00e9quip\u00e9 de la cartouche \u00e0 remplissage sup\u00e9rieur anti-fuite am\u00e9lior\u00e9e (cartouche Xlim V3) avec une capacit\u00e9 de 2ml. Il est \u00e9galement compatible avec la cartouche Oxva Xlim V2. Un cordon lanyard est inclus dans le paquet.<\/p>\n<\/div>\n<div class=\"detailmodule_text\">\n<p id=\"tl_4\" class=\"detail-desc-decorate-title\" style=\"font-family: OpenSans; font-size: 20px; font-weight: 900; line-height: 28px; margin-bottom: 12px;\">Param\u00e8tres :<\/p>\n<p id=\"tl_5\" class=\"detail-desc-decorate-content\" style=\"font-family: OpenSans; font-size: 14px; font-weight: 300; line-height: 20px; margin-bottom: 12px;\">Marque : oxva<br \/>\nNom du produit : kit xlim pro<br \/>\nPuissance de sortie : 5-30w<br \/>\nCapacit\u00e9 vide de la cartouche : 2ml<br \/>\nPlage de r\u00e9sistance : 0,33-3,0 Ohm<br \/>\nCartouche \u00e0 remplissage sup\u00e9rieur : 0,6 Ohm\/0,8 Ohm\/1,2 Ohm<br \/>\nRemplissage : Remplissage sup\u00e9rieur<br \/>\nR\u00e9glage du flux d'air : AFC lat\u00e9ral<br \/>\nCapacit\u00e9 de la batterie : 1000mah<br \/>\nCharge : 5v\/2a, Type-C<br \/>\nMat\u00e9riau : alliage de zinc + IML + PCTG<br \/>\nTaille : 111,0*25,0*14,3mm<br \/>\nCouleur : carbone noir, or noir, bleu brillant, cyan brillant, gris brillant, vert brillant, rose brillant, rouge brillant<\/p>\n<\/div>\n<div class=\"detailmodule_text\">\n<p id=\"tl_6\" class=\"detail-desc-decorate-title\" style=\"font-family: OpenSans; font-size: 20px; font-weight: 900; line-height: 28px; margin-bottom: 12px;\">D\u00e9tails :<\/p>\n<p id=\"tl_7\" class=\"detail-desc-decorate-content\" style=\"font-family: OpenSans; font-size: 14px; font-weight: 300; line-height: 20px; margin-bottom: 12px;\">1. lumi\u00e8re RGB scintillante<br \/>\n2. Cartouche de remplissage sup\u00e9rieur anti-fuite<br \/>\n3. Design ergonomique AFC<br \/>\n4. Activation automatique par tirage &amp; bouton<br \/>\n5. Puissance maximale de sortie 30w<br \/>\n6. Batterie de 1000mAh plus grande<br \/>\n7. Tr\u00e8s s\u00fbr contre les fuites<br \/>\n8. Charge rapide Type-C<br \/>\n9. Compatible avec le nouveau remplissage sup\u00e9rieur (xlim v3) &amp; cartouche xlim v2<\/p>\n<\/div>\n<div class=\"detailmodule_text\">\n<p id=\"tl_8\" class=\"detail-desc-decorate-title\" style=\"font-family: OpenSans; font-size: 20px; font-weight: 900; line-height: 28px; margin-bottom: 12px;\">Liste du paquet<\/p>\n<p id=\"tl_9\" class=\"detail-desc-decorate-content\" style=\"font-family: OpenSans; font-size: 14px; font-weight: 300; line-height: 20px; margin-bottom: 12px;\">1 * appareil xlim pro<br \/>\n1 * cartouche de remplissage sup\u00e9rieur (xlim v3) 0,6 Ohm (pr\u00e9install\u00e9e)<br \/>\n1 * cartouche de remplissage sup\u00e9rieur (xlim v3) 0,8 Ohm<br \/>\n1 * c\u00e2ble Type-C<br \/>\n1 * cordon lanyard<br \/>\n1 * manuel d'utilisation<\/p>\n<\/div>\n<div class=\"detailmodule_image\"><img decoding=\"async\" loading=\"lazy\" class=\"detail-desc-decorate-image\" src=\"https:\/\/ae01.alicdn.com\/kf\/Sdf2db3047c51467f898e368415748837Q.jpg\" \/><br \/>\n<img decoding=\"async\" loading=\"lazy\" class=\"detail-desc-decorate-image\" src=\"https:\/\/ae01.alicdn.com\/kf\/Sd6958464b2d947959fa4f41ca786b8e9v.jpg\" \/><br \/>\n<img decoding=\"async\" loading=\"lazy\" class=\"detail-desc-decorate-image\" src=\"https:\/\/ae01.alicdn.com\/kf\/S933a0ee9d2fd42ed99a97b8e6d45cd42i.jpg\" \/><br \/>\n<img decoding=\"async\" loading=\"lazy\" class=\"detail-desc-decorate-image\" style=\"margin-bottom: 10px;\" src=\"https:\/\/ae01.alicdn.com\/kf\/S02950704fb7b47b08c0907a8c9ecaec4b.jpg\" \/><br \/>\n<img decoding=\"async\" loading=\"lazy\" class=\"detail-desc-decorate-image\" style=\"margin-bottom: 10px;\" src=\"https:\/\/ae01.alicdn.com\/kf\/S30abdb162c684778a548512a23180313i.jpg\" \/><\/div>\n<p>&nbsp;<\/p>\n<\/div>\n<\/div>","protected":false},"excerpt":{"rendered":"<p>&nbsp; Aussehen:\u00a0Box Form Kompatibler Akku:\u00a0Kein \u00dcberwachung Funktion Von Rauchen Anzahl:\u00a0Nein Silikon Fall:\u00a0Nein Temperaturregelung:\u00a0Nein Eingebaute Oder Externe Batterie:\u00a0Eingebaute Kurzschlussschutz Funktion:\u00a0Ja \u00dcberhitzungsschutz-funktion:\u00a0Ja Niederspannungsalarmfunktion:\u00a0Ja Zerst\u00e4uber Identifikation Funktion:\u00a0Ja TCR Einstellung Modi:\u00a0Nein Nominale Kapazit\u00e4t:\u00a01000mAh Material:\u00a0Metall Compatible Model:\u00a0Electronic Cigarette Vape Modellnummer:\u00a0OXVA Xlim Pro Kit Usb-ladeger\u00e4t:\u00a0Ja Firmware-upgrade:\u00a0Nein Display:\u00a0Nein Art:\u00a0Mit Batterie Markenname:\u00a0OXVA Ursprung:\u00a0CN (Herkunft) Original Oxva Xlim Pro Kit 1000mAh Batterie 30W Vape [&hellip;]<\/p>","protected":false},"featured_media":8776,"template":"","meta":{"inline_featured_image":false},"product_cat":[750,737,736,749,76],"product_tag":[],"tiered_pricing_type":"fixed","tiered_pricing_fixed_rules":[],"tiered_pricing_percentage_rules":[],"tiered_pricing_minimum":1,"_administrator_tiered_pricing_type":"fixed","_administrator_tiered_pricing_fixed_rules":[],"_editor_tiered_pricing_type":"fixed","_editor_tiered_pricing_fixed_rules":[],"_author_tiered_pricing_type":"fixed","_author_tiered_pricing_fixed_rules":[],"_contributor_tiered_pricing_type":"fixed","_contributor_tiered_pricing_fixed_rules":[],"_subscriber_tiered_pricing_type":"fixed","_subscriber_tiered_pricing_fixed_rules":[],"_customer_tiered_pricing_type":"fixed","_customer_tiered_pricing_fixed_rules":[],"_shop_manager_tiered_pricing_type":"fixed","_shop_manager_tiered_pricing_fixed_rules":[],"_wpseo_manager_tiered_pricing_type":"fixed","_wpseo_manager_tiered_pricing_fixed_rules":[],"_wpseo_editor_tiered_pricing_type":"fixed","_wpseo_editor_tiered_pricing_fixed_rules":[],"_wholesale_customer_tiered_pricing_type":"fixed","_wholesale_customer_tiered_pricing_fixed_rules":[],"_marketer_tiered_pricing_type":"fixed","_marketer_tiered_pricing_fixed_rules":[],"_sales_manager_tiered_pricing_type":"fixed","_sales_manager_tiered_pricing_fixed_rules":[],"_sales_rep_tiered_pricing_type":"fixed","_sales_rep_tiered_pricing_fixed_rules":[],"yoast_head":"<!-- This site is optimized with the Yoast SEO plugin v23.3 - https:\/\/yoast.com\/wordpress\/plugins\/seo\/ -->\n<title>Oxva Xlim Pro Kit 1000mAh Batterie 30W Vape mit 2ml Xlim V3 Pod Patrone 0.6\/0,8 Ohm elektronischer Zigaretten verdampfer | ElementVape.de<\/title>\n<meta name=\"description\" content=\"Wir bieten Oxva Xlim Pro Kit 1000mAh Batterie 30W Vape mit 2ml Xlim V3 Pod Patrone 0.6\/0,8 Ohm elektronischer Zigaretten verdampfer , Elementvape.de akzeptieren Gro\u00df-und Einzelhandel Bestellungen.\" \/>\n<meta name=\"robots\" content=\"index, follow, max-snippet:-1, max-image-preview:large, max-video-preview:-1\" \/>\n<link rel=\"canonical\" href=\"https:\/\/www.elementvape.de\/fr\/produkt\/oxva-xlim-pro-kit-1000mah-batterie-30w-vape\/\" \/>\n<meta property=\"og:locale\" content=\"fr_FR\" \/>\n<meta property=\"og:type\" content=\"article\" \/>\n<meta property=\"og:title\" content=\"Oxva Xlim Pro Kit 1000mAh Batterie 30W Vape mit 2ml Xlim V3 Pod Patrone 0.6\/0,8 Ohm elektronischer Zigaretten verdampfer | ElementVape.de\" \/>\n<meta property=\"og:description\" content=\"Wir bieten Oxva Xlim Pro Kit 1000mAh Batterie 30W Vape mit 2ml Xlim V3 Pod Patrone 0.6\/0,8 Ohm elektronischer Zigaretten verdampfer , Elementvape.de akzeptieren Gro\u00df-und Einzelhandel Bestellungen.\" \/>\n<meta property=\"og:url\" content=\"https:\/\/www.elementvape.de\/fr\/produkt\/oxva-xlim-pro-kit-1000mah-batterie-30w-vape\/\" \/>\n<meta property=\"og:site_name\" content=\"ElementVape.de\" \/>\n<meta property=\"article:modified_time\" content=\"2024-09-12T10:32:25+00:00\" \/>\n<meta property=\"og:image\" content=\"https:\/\/ae01.alicdn.com\/kf\/Sd598412e380c4ba6be047793b9a0fa4cd\/Original-Oxva-Xlim-Pro-Kit-1000mAh-Batterie-30W-Vape-mit-2ml-Xlim-V3-Pod-Patrone-0.jpg\" \/>\n\t<meta property=\"og:image:width\" content=\"800\" \/>\n\t<meta property=\"og:image:height\" content=\"800\" \/>\n\t<meta property=\"og:image:type\" content=\"image\/jpeg\" \/>\n<meta name=\"twitter:card\" content=\"summary_large_image\" \/>\n<meta name=\"twitter:label1\" content=\"Est. reading time\" \/>\n\t<meta name=\"twitter:data1\" content=\"3 minutes\" \/>\n<script type=\"application\/ld+json\" class=\"yoast-schema-graph\">{\"@context\":\"https:\/\/schema.org\",\"@graph\":[{\"@type\":\"WebPage\",\"@id\":\"https:\/\/www.elementvape.de\/sv\/produkt\/oxva-xlim-pro-kit-1000mah-batterie-30w-vape\/\",\"url\":\"https:\/\/www.elementvape.de\/sv\/produkt\/oxva-xlim-pro-kit-1000mah-batterie-30w-vape\/\",\"name\":\"Oxva Xlim Pro Kit 1000mAh Batterie 30W Vape mit 2ml Xlim V3 Pod Patrone 0.6\/0,8 Ohm elektronischer Zigaretten verdampfer | ElementVape.de\",\"isPartOf\":{\"@id\":\"https:\/\/www.elementvape.de\/#website\"},\"primaryImageOfPage\":{\"@id\":\"https:\/\/www.elementvape.de\/sv\/produkt\/oxva-xlim-pro-kit-1000mah-batterie-30w-vape\/#primaryimage\"},\"image\":{\"@id\":\"https:\/\/www.elementvape.de\/sv\/produkt\/oxva-xlim-pro-kit-1000mah-batterie-30w-vape\/#primaryimage\"},\"thumbnailUrl\":\"https:\/\/ae01.alicdn.com\/kf\/Sd598412e380c4ba6be047793b9a0fa4cd\/Original-Oxva-Xlim-Pro-Kit-1000mAh-Batterie-30W-Vape-mit-2ml-Xlim-V3-Pod-Patrone-0.jpg\",\"datePublished\":\"2024-04-20T06:56:06+00:00\",\"dateModified\":\"2024-09-12T10:32:25+00:00\",\"description\":\"Wir bieten Oxva Xlim Pro Kit 1000mAh Batterie 30W Vape mit 2ml Xlim V3 Pod Patrone 0.6\/0,8 Ohm elektronischer Zigaretten verdampfer , Elementvape.de akzeptieren Gro\u00df-und Einzelhandel Bestellungen.\",\"breadcrumb\":{\"@id\":\"https:\/\/www.elementvape.de\/sv\/produkt\/oxva-xlim-pro-kit-1000mah-batterie-30w-vape\/#breadcrumb\"},\"inLanguage\":\"fr-FR\",\"potentialAction\":[{\"@type\":\"ReadAction\",\"target\":[\"https:\/\/www.elementvape.de\/sv\/produkt\/oxva-xlim-pro-kit-1000mah-batterie-30w-vape\/\"]}]},{\"@type\":\"ImageObject\",\"inLanguage\":\"fr-FR\",\"@id\":\"https:\/\/www.elementvape.de\/sv\/produkt\/oxva-xlim-pro-kit-1000mah-batterie-30w-vape\/#primaryimage\",\"url\":\"https:\/\/ae01.alicdn.com\/kf\/Sd598412e380c4ba6be047793b9a0fa4cd\/Original-Oxva-Xlim-Pro-Kit-1000mAh-Batterie-30W-Vape-mit-2ml-Xlim-V3-Pod-Patrone-0.jpg\",\"contentUrl\":\"https:\/\/ae01.alicdn.com\/kf\/Sd598412e380c4ba6be047793b9a0fa4cd\/Original-Oxva-Xlim-Pro-Kit-1000mAh-Batterie-30W-Vape-mit-2ml-Xlim-V3-Pod-Patrone-0.jpg\",\"width\":800,\"height\":800},{\"@type\":\"BreadcrumbList\",\"@id\":\"https:\/\/www.elementvape.de\/sv\/produkt\/oxva-xlim-pro-kit-1000mah-batterie-30w-vape\/#breadcrumb\",\"itemListElement\":[{\"@type\":\"ListItem\",\"position\":1,\"name\":\"Home\",\"item\":\"https:\/\/www.elementvape.de\/\"},{\"@type\":\"ListItem\",\"position\":2,\"name\":\"Shop\",\"item\":\"https:\/\/www.elementvape.de\/shop\/\"},{\"@type\":\"ListItem\",\"position\":3,\"name\":\"Oxva Xlim Pro Kit 1000mAh Batterie 30W Vape mit 2ml Xlim V3 Pod Patrone 0.6\/0,8 Ohm elektronischer Zigaretten verdampfer\"}]},{\"@type\":\"WebSite\",\"@id\":\"https:\/\/www.elementvape.de\/#website\",\"url\":\"https:\/\/www.elementvape.de\/\",\"name\":\"ElementVape.de\",\"description\":\"\",\"publisher\":{\"@id\":\"https:\/\/www.elementvape.de\/#organization\"},\"potentialAction\":[{\"@type\":\"SearchAction\",\"target\":{\"@type\":\"EntryPoint\",\"urlTemplate\":\"https:\/\/www.elementvape.de\/?s={search_term_string}\"},\"query-input\":\"required name=search_term_string\"}],\"inLanguage\":\"fr-FR\"},{\"@type\":\"Organization\",\"@id\":\"https:\/\/www.elementvape.de\/#organization\",\"name\":\"ElementVape.DE\",\"url\":\"https:\/\/www.elementvape.de\/\",\"logo\":{\"@type\":\"ImageObject\",\"inLanguage\":\"fr-FR\",\"@id\":\"https:\/\/www.elementvape.de\/#\/schema\/logo\/image\/\",\"url\":\"https:\/\/www.elementvape.de\/wp-content\/uploads\/2024\/09\/cropped-1elementvape-3.png\",\"contentUrl\":\"https:\/\/www.elementvape.de\/wp-content\/uploads\/2024\/09\/cropped-1elementvape-3.png\",\"width\":285,\"height\":228,\"caption\":\"ElementVape.DE\"},\"image\":{\"@id\":\"https:\/\/www.elementvape.de\/#\/schema\/logo\/image\/\"}}]}<\/script>\n<!-- \/ Yoast SEO plugin. -->","yoast_head_json":{"title":"Oxva Xlim Pro Kit 1000mAh Batterie 30W Vape mit 2ml Xlim V3 Pod Patrone 0.6\/0,8 Ohm elektronischer Zigaretten verdampfer | ElementVape.de","description":"Wir bieten Oxva Xlim Pro Kit 1000mAh Batterie 30W Vape mit 2ml Xlim V3 Pod Patrone 0.6\/0,8 Ohm elektronischer Zigaretten verdampfer , Elementvape.de akzeptieren Gro\u00df-und Einzelhandel Bestellungen.","robots":{"index":"index","follow":"follow","max-snippet":"max-snippet:-1","max-image-preview":"max-image-preview:large","max-video-preview":"max-video-preview:-1"},"canonical":"https:\/\/www.elementvape.de\/fr\/produkt\/oxva-xlim-pro-kit-1000mah-batterie-30w-vape\/","og_locale":"fr_FR","og_type":"article","og_title":"Oxva Xlim Pro Kit 1000mAh Batterie 30W Vape mit 2ml Xlim V3 Pod Patrone 0.6\/0,8 Ohm elektronischer Zigaretten verdampfer | ElementVape.de","og_description":"Wir bieten Oxva Xlim Pro Kit 1000mAh Batterie 30W Vape mit 2ml Xlim V3 Pod Patrone 0.6\/0,8 Ohm elektronischer Zigaretten verdampfer , Elementvape.de akzeptieren Gro\u00df-und Einzelhandel Bestellungen.","og_url":"https:\/\/www.elementvape.de\/fr\/produkt\/oxva-xlim-pro-kit-1000mah-batterie-30w-vape\/","og_site_name":"ElementVape.de","article_modified_time":"2024-09-12T10:32:25+00:00","og_image":[{"width":800,"height":800,"url":"https:\/\/ae01.alicdn.com\/kf\/Sd598412e380c4ba6be047793b9a0fa4cd\/Original-Oxva-Xlim-Pro-Kit-1000mAh-Batterie-30W-Vape-mit-2ml-Xlim-V3-Pod-Patrone-0.jpg","type":"image\/jpeg"}],"twitter_card":"summary_large_image","twitter_misc":{"Est. reading time":"3 minutes"},"schema":{"@context":"https:\/\/schema.org","@graph":[{"@type":"WebPage","@id":"https:\/\/www.elementvape.de\/sv\/produkt\/oxva-xlim-pro-kit-1000mah-batterie-30w-vape\/","url":"https:\/\/www.elementvape.de\/sv\/produkt\/oxva-xlim-pro-kit-1000mah-batterie-30w-vape\/","name":"Oxva Xlim Pro Kit 1000mAh Batterie 30W Vape mit 2ml Xlim V3 Pod Patrone 0.6\/0,8 Ohm elektronischer Zigaretten verdampfer | ElementVape.de","isPartOf":{"@id":"https:\/\/www.elementvape.de\/#website"},"primaryImageOfPage":{"@id":"https:\/\/www.elementvape.de\/sv\/produkt\/oxva-xlim-pro-kit-1000mah-batterie-30w-vape\/#primaryimage"},"image":{"@id":"https:\/\/www.elementvape.de\/sv\/produkt\/oxva-xlim-pro-kit-1000mah-batterie-30w-vape\/#primaryimage"},"thumbnailUrl":"https:\/\/ae01.alicdn.com\/kf\/Sd598412e380c4ba6be047793b9a0fa4cd\/Original-Oxva-Xlim-Pro-Kit-1000mAh-Batterie-30W-Vape-mit-2ml-Xlim-V3-Pod-Patrone-0.jpg","datePublished":"2024-04-20T06:56:06+00:00","dateModified":"2024-09-12T10:32:25+00:00","description":"Wir bieten Oxva Xlim Pro Kit 1000mAh Batterie 30W Vape mit 2ml Xlim V3 Pod Patrone 0.6\/0,8 Ohm elektronischer Zigaretten verdampfer , Elementvape.de akzeptieren Gro\u00df-und Einzelhandel Bestellungen.","breadcrumb":{"@id":"https:\/\/www.elementvape.de\/sv\/produkt\/oxva-xlim-pro-kit-1000mah-batterie-30w-vape\/#breadcrumb"},"inLanguage":"fr-FR","potentialAction":[{"@type":"ReadAction","target":["https:\/\/www.elementvape.de\/sv\/produkt\/oxva-xlim-pro-kit-1000mah-batterie-30w-vape\/"]}]},{"@type":"ImageObject","inLanguage":"fr-FR","@id":"https:\/\/www.elementvape.de\/sv\/produkt\/oxva-xlim-pro-kit-1000mah-batterie-30w-vape\/#primaryimage","url":"https:\/\/ae01.alicdn.com\/kf\/Sd598412e380c4ba6be047793b9a0fa4cd\/Original-Oxva-Xlim-Pro-Kit-1000mAh-Batterie-30W-Vape-mit-2ml-Xlim-V3-Pod-Patrone-0.jpg","contentUrl":"https:\/\/ae01.alicdn.com\/kf\/Sd598412e380c4ba6be047793b9a0fa4cd\/Original-Oxva-Xlim-Pro-Kit-1000mAh-Batterie-30W-Vape-mit-2ml-Xlim-V3-Pod-Patrone-0.jpg","width":800,"height":800},{"@type":"BreadcrumbList","@id":"https:\/\/www.elementvape.de\/sv\/produkt\/oxva-xlim-pro-kit-1000mah-batterie-30w-vape\/#breadcrumb","itemListElement":[{"@type":"ListItem","position":1,"name":"Home","item":"https:\/\/www.elementvape.de\/"},{"@type":"ListItem","position":2,"name":"Shop","item":"https:\/\/www.elementvape.de\/shop\/"},{"@type":"ListItem","position":3,"name":"Oxva Xlim Pro Kit 1000mAh Batterie 30W Vape mit 2ml Xlim V3 Pod Patrone 0.6\/0,8 Ohm elektronischer Zigaretten verdampfer"}]},{"@type":"WebSite","@id":"https:\/\/www.elementvape.de\/#website","url":"https:\/\/www.elementvape.de\/","name":"ElementVape.de","description":"","publisher":{"@id":"https:\/\/www.elementvape.de\/#organization"},"potentialAction":[{"@type":"SearchAction","target":{"@type":"EntryPoint","urlTemplate":"https:\/\/www.elementvape.de\/?s={search_term_string}"},"query-input":"required name=search_term_string"}],"inLanguage":"fr-FR"},{"@type":"Organization","@id":"https:\/\/www.elementvape.de\/#organization","name":"ElementVape.DE","url":"https:\/\/www.elementvape.de\/","logo":{"@type":"ImageObject","inLanguage":"fr-FR","@id":"https:\/\/www.elementvape.de\/#\/schema\/logo\/image\/","url":"https:\/\/www.elementvape.de\/wp-content\/uploads\/2024\/09\/cropped-1elementvape-3.png","contentUrl":"https:\/\/www.elementvape.de\/wp-content\/uploads\/2024\/09\/cropped-1elementvape-3.png","width":285,"height":228,"caption":"ElementVape.DE"},"image":{"@id":"https:\/\/www.elementvape.de\/#\/schema\/logo\/image\/"}}]}},"_links":{"self":[{"href":"https:\/\/www.elementvape.de\/fr\/wp-json\/wp\/v2\/product\/8775"}],"collection":[{"href":"https:\/\/www.elementvape.de\/fr\/wp-json\/wp\/v2\/product"}],"about":[{"href":"https:\/\/www.elementvape.de\/fr\/wp-json\/wp\/v2\/types\/product"}],"wp:featuredmedia":[{"embeddable":true,"href":"https:\/\/www.elementvape.de\/fr\/wp-json\/wp\/v2\/media\/8776"}],"wp:attachment":[{"href":"https:\/\/www.elementvape.de\/fr\/wp-json\/wp\/v2\/media?parent=8775"}],"wp:term":[{"taxonomy":"product_cat","embeddable":true,"href":"https:\/\/www.elementvape.de\/fr\/wp-json\/wp\/v2\/product_cat?post=8775"},{"taxonomy":"product_tag","embeddable":true,"href":"https:\/\/www.elementvape.de\/fr\/wp-json\/wp\/v2\/product_tag?post=8775"}],"curies":[{"name":"wp","href":"https:\/\/api.w.org\/{rel}","templated":true}]}}