{"id":8754,"date":"2024-04-20T06:54:48","date_gmt":"2024-04-20T06:54:48","guid":{"rendered":"https:\/\/www.elementvape.de\/?post_type=product&#038;p=8754"},"modified":"2024-09-12T10:32:26","modified_gmt":"2024-09-12T10:32:26","slug":"junge-vape-pens-1ml-vapes-geraet","status":"publish","type":"product","link":"https:\/\/www.elementvape.de\/fr\/produkt\/junge-vape-pens-1ml-vapes-geraet\/","title":{"rendered":"Jeunes Vape Pens de la jungle vide 1ml appareils de vape huile \u00e9paisse et pods de cigarettes 380mAh batterie rechargeable vaporisateur avec autocollant de poche"},"content":{"rendered":"<p>&nbsp;<\/p>\n<div class=\"product-specs-list-container\">\n<ul class=\"product-specs-list util-clearfix\">\n<li class=\"product-prop line-limit-length\"><span class=\"property-title\">Apparence :\u00a0<\/span><span class=\"property-desc line-limit-length\">Forme Bo\u00eete<\/span><\/li>\n<li class=\"product-prop line-limit-length\"><span class=\"property-title\">Batterie Compatible :\u00a0<\/span><span class=\"property-desc line-limit-length\">14450<\/span><\/li>\n<li class=\"product-prop line-limit-length\"><span class=\"property-title\">Fonction de Surveillance du Nombre de Fumeurs :\u00a0<\/span><span class=\"property-desc line-limit-length\">Non<\/span><\/li>\n<li class=\"product-prop line-limit-length\"><span class=\"property-title\">\u00c9tui en Silicone :\u00a0<\/span><span class=\"property-desc line-limit-length\">Non<\/span><\/li>\n<li class=\"product-prop line-limit-length\"><span class=\"property-title\">Contr\u00f4le de Temp\u00e9rature :\u00a0<\/span><span class=\"property-desc line-limit-length\">Non<\/span><\/li>\n<li class=\"product-prop line-limit-length\"><span class=\"property-title\">Batterie Int\u00e9gr\u00e9e ou Externe :\u00a0<\/span><span class=\"property-desc line-limit-length\">Int\u00e9gr\u00e9<\/span><\/li>\n<li class=\"product-prop line-limit-length\"><span class=\"property-title\">Fonction de Protection contre les Courts-Circuits :\u00a0<\/span><span class=\"property-desc line-limit-length\">Ja<\/span><\/li>\n<li class=\"product-prop line-limit-length\"><span class=\"property-title\">Fonction de Protection contre la Surchauffe :\u00a0<\/span><span class=\"property-desc line-limit-length\">Ja<\/span><\/li>\n<li class=\"product-prop line-limit-length\"><span class=\"property-title\">Fonction d'alarme de basse tension :\u00a0<\/span><span class=\"property-desc line-limit-length\">Non<\/span><\/li>\n<li class=\"product-prop line-limit-length\"><span class=\"property-title\">Fonction d'identification du vaporisateur :\u00a0<\/span><span class=\"property-desc line-limit-length\">Non<\/span><\/li>\n<li class=\"product-prop line-limit-length\"><span class=\"property-title\">Modes de r\u00e9glage TCR :\u00a0<\/span><span class=\"property-desc line-limit-length\">Non<\/span><\/li>\n<li class=\"product-prop line-limit-length\"><span class=\"property-title\">Capacit\u00e9 nominale :\u00a0<\/span><span class=\"property-desc line-limit-length\">&lt;700 mAh<\/span><\/li>\n<li class=\"product-prop line-limit-length\"><span class=\"property-title\">Mat\u00e9riau :\u00a0<\/span><span class=\"property-desc line-limit-length\">Plastique<\/span><\/li>\n<li class=\"product-prop line-limit-length\"><span class=\"property-title\">Mod\u00e8le compatible :\u00a0<\/span><span class=\"property-desc line-limit-length\">huile \u00e9paisse<\/span><\/li>\n<li class=\"product-prop line-limit-length\"><span class=\"property-title\">Num\u00e9ro de mod\u00e8le :\u00a0<\/span><span class=\"property-desc line-limit-length\">Stylos \u00e0 Vape Jungle Boy<\/span><\/li>\n<li class=\"product-prop line-limit-length\"><span class=\"property-title\">Chargeur USB :\u00a0<\/span><span class=\"property-desc line-limit-length\">Ja<\/span><\/li>\n<li class=\"product-prop line-limit-length\"><span class=\"property-title\">Mise \u00e0 jour du firmware :\u00a0<\/span><span class=\"property-desc line-limit-length\">Non<\/span><\/li>\n<li class=\"product-prop line-limit-length\"><span class=\"property-title\">Affichage :\u00a0<\/span><span class=\"property-desc line-limit-length\">Non<\/span><\/li>\n<li class=\"product-prop line-limit-length\"><span class=\"property-title\">Type :\u00a0<\/span><span class=\"property-desc line-limit-length\">jetable<\/span><\/li>\n<li class=\"product-prop line-limit-length\"><span class=\"property-title\">Nom de la marque :\u00a0<\/span><span class=\"property-desc line-limit-length\">SOUS-DEUX<\/span><\/li>\n<li class=\"product-prop line-limit-length\"><span class=\"property-title\">Origine :\u00a0<\/span><span class=\"property-desc line-limit-length\">CN (Origine)<\/span><\/li>\n<li class=\"product-prop line-limit-length\"><span class=\"property-title\">Capacit\u00e9 de la cartouche :\u00a0<\/span><span class=\"property-desc line-limit-length\">1,0 ml<\/span><\/li>\n<li class=\"product-prop line-limit-length\"><span class=\"property-title\">Capacit\u00e9 de la batterie :\u00a0<\/span><span class=\"property-desc line-limit-length\">380mah<\/span><\/li>\n<li class=\"product-prop line-limit-length\"><span class=\"property-title\">Utilisation pour :\u00a0<\/span><span class=\"property-desc line-limit-length\">Huile \u00c9paisse<\/span><\/li>\n<li class=\"product-prop line-limit-length\"><span class=\"property-title\">Bobine :\u00a0<\/span><span class=\"property-desc line-limit-length\">Bobine en c\u00e9ramique am\u00e9lior\u00e9e<\/span><\/li>\n<li class=\"product-prop line-limit-length\"><span class=\"property-title\">Type :\u00a0<\/span><span class=\"property-desc line-limit-length\">Stylos \u00e0 Vape Jetables<\/span><\/li>\n<\/ul>\n<\/div>\n<div class=\"detailmodule_html\">\n<div class=\"detail-desc-decorate-richtext\">\n<div style=\"text-align: center;\"><span id=\"tl_1\" style=\"font-size: 22px;\">Jeunes Vape Pens de la jungle vide 1ml appareils de vape huile \u00e9paisse et pods de cigarettes 380mAh batterie rechargeable vaporisateur avec autocollant de poche<\/span><\/div>\n<div><\/div>\n<div>\n<p style=\"font-family: arial, helvetica, sans-serif; padding: 0px; margin: 0px; width: 960px; height: auto; font-size: 12px; font-style: normal; font-weight: 400; letter-spacing: normal; text-align: start; text-indent: 0px; text-transform: none; line-height: 18px;\"><span id=\"tl_2\" style=\"font-family: impact, chicago; padding: 0px; margin: 0px; font-size: 24px; line-height: 36px;\">Produit <\/span><span id=\"tl_3\" style=\"font-family: impact, chicago; padding: 0px; margin: 0px; font-size: 24px;\">Sp\u00e9cification :<\/span><\/p>\n<p style=\"font-family: ns-r; padding: 0px; margin: 0px 0px 15px; width: 960px; height: auto; font-size: 12px; font-style: normal; font-weight: 400; letter-spacing: normal; text-align: start; text-indent: 0px; text-transform: none;\"><span id=\"tl_4\" style=\"font-family: arial, helvetica, sans-serif; padding: 0px; margin: 0px; font-size: 16px; text-align: -webkit-center;\">1. Technologie de noyau en c\u00e9ramique<\/span><br style=\"font-family: arial, helvetica, sans-serif; padding: 0px; margin: 0px; font-size: 16px; text-align: -webkit-center;\" \/><span id=\"tl_5\" style=\"font-family: arial, helvetica, sans-serif; padding: 0px; margin: 0px; font-size: 16px; text-align: -webkit-center;\">2. Capacit\u00e9 de la batterie : 380 mAh<\/span><br style=\"font-family: arial, helvetica, sans-serif; padding: 0px; margin: 0px; font-size: 16px; text-align: -webkit-center;\" \/><span id=\"tl_6\" style=\"font-family: arial, helvetica, sans-serif; padding: 0px; margin: 0px; font-size: 16px; text-align: -webkit-center;\">3. Options de capacit\u00e9 d'huile : 1,0 ml<\/span><br style=\"font-family: arial, helvetica, sans-serif; padding: 0px; margin: 0px; font-size: 16px; text-align: -webkit-center;\" \/><span id=\"tl_7\" style=\"font-family: arial, helvetica, sans-serif; padding: 0px; margin: 0px; font-size: 16px; text-align: -webkit-center;\">4. Options de couleur : noir<\/span><span id=\"tl_8\" style=\"font-family: arial, helvetica, sans-serif; padding: 0px; margin: 0px; font-size: 16px; text-align: -webkit-center;\"><br \/>\n5. Emballage : bo\u00eete + sachet individuel<\/span><br style=\"font-family: ns-r; padding: 0px; margin: 0px;\" \/><span id=\"tl_9\" style=\"font-family: arial, helvetica, sans-serif; padding: 0px; margin: 0px; font-size: 16px; text-align: -webkit-center;\">6. R\u00e9sistance : 1,2 Ohm<br \/>\n<img decoding=\"async\" loading=\"lazy\" src=\"https:\/\/ae01.alicdn.com\/kf\/S8a902533ff8142078f362bf35c8e9075y.jpg?width=1000&amp;height=1000&amp;hash=2000\" \/> <img decoding=\"async\" loading=\"lazy\" src=\"https:\/\/ae01.alicdn.com\/kf\/Sbebd53feac4e42b19899de226b99ac99U.jpg?width=1000&amp;height=1000&amp;hash=2000\" \/> <img decoding=\"async\" loading=\"lazy\" src=\"https:\/\/ae01.alicdn.com\/kf\/S044a5d22c10746cc82dbcea0d6cf7838R.jpg?width=1000&amp;height=1000&amp;hash=2000\" \/> <img decoding=\"async\" loading=\"lazy\" src=\"https:\/\/ae01.alicdn.com\/kf\/S87e3987380ed40cb81311efb2cc642f3r.jpg?width=1000&amp;height=1000&amp;hash=2000\" \/> <img decoding=\"async\" loading=\"lazy\" src=\"https:\/\/ae01.alicdn.com\/kf\/Sbd69d1927e894148a9183739aa3d3f718.jpg?width=1000&amp;height=1000&amp;hash=2000\" \/> <img decoding=\"async\" loading=\"lazy\" src=\"https:\/\/ae01.alicdn.com\/kf\/S0b05b8291e11439f8d07ed55ecf09c63q.jpg?width=1000&amp;height=1000&amp;hash=2000\" \/><br \/>\n<\/span><\/p>\n<\/div>\n<\/div>\n<\/div>","protected":false},"excerpt":{"rendered":"<p>&nbsp; Aussehen:\u00a0Box Form Kompatibler Akku:\u00a014450 \u00dcberwachung Funktion Von Rauchen Anzahl:\u00a0Nein Silikon Fall:\u00a0Nein Temperaturregelung:\u00a0Nein Eingebaute Oder Externe Batterie:\u00a0Eingebaute Kurzschlussschutz Funktion:\u00a0Ja \u00dcberhitzungsschutz-funktion:\u00a0Ja Niederspannungsalarmfunktion:\u00a0Nein Zerst\u00e4uber Identifikation Funktion:\u00a0Nein TCR Einstellung Modi:\u00a0Nein Nominale Kapazit\u00e4t:\u00a0&lt;700 mAh Material:\u00a0Plastik Compatible Model:\u00a0thick oil Modellnummer:\u00a0Jungle Boy Vape Pens Usb-ladeger\u00e4t:\u00a0Ja Firmware-upgrade:\u00a0Nein Display:\u00a0Nein Art:\u00a0disposable Markenname:\u00a0SUB TWO Ursprung:\u00a0CN (Herkunft) Cartridge Capacity:\u00a01.0ml Battery Capacity:\u00a0380mah Use for:\u00a0Thiick Oil Coil:\u00a0Upgraded ceramic [&hellip;]<\/p>","protected":false},"featured_media":8755,"template":"","meta":{"inline_featured_image":false},"product_cat":[750,737,736,749,76],"product_tag":[],"tiered_pricing_type":"fixed","tiered_pricing_fixed_rules":[],"tiered_pricing_percentage_rules":[],"tiered_pricing_minimum":1,"_administrator_tiered_pricing_type":"fixed","_administrator_tiered_pricing_fixed_rules":[],"_editor_tiered_pricing_type":"fixed","_editor_tiered_pricing_fixed_rules":[],"_author_tiered_pricing_type":"fixed","_author_tiered_pricing_fixed_rules":[],"_contributor_tiered_pricing_type":"fixed","_contributor_tiered_pricing_fixed_rules":[],"_subscriber_tiered_pricing_type":"fixed","_subscriber_tiered_pricing_fixed_rules":[],"_customer_tiered_pricing_type":"fixed","_customer_tiered_pricing_fixed_rules":[],"_shop_manager_tiered_pricing_type":"fixed","_shop_manager_tiered_pricing_fixed_rules":[],"_wpseo_manager_tiered_pricing_type":"fixed","_wpseo_manager_tiered_pricing_fixed_rules":[],"_wpseo_editor_tiered_pricing_type":"fixed","_wpseo_editor_tiered_pricing_fixed_rules":[],"_wholesale_customer_tiered_pricing_type":"fixed","_wholesale_customer_tiered_pricing_fixed_rules":[],"_marketer_tiered_pricing_type":"fixed","_marketer_tiered_pricing_fixed_rules":[],"_sales_manager_tiered_pricing_type":"fixed","_sales_manager_tiered_pricing_fixed_rules":[],"_sales_rep_tiered_pricing_type":"fixed","_sales_rep_tiered_pricing_fixed_rules":[],"yoast_head":"<!-- This site is optimized with the Yoast SEO plugin v23.3 - https:\/\/yoast.com\/wordpress\/plugins\/seo\/ -->\n<title>Leere Dschungel Junge Vape Pens 1ml Vapes Ger\u00e4t dickes \u00d6l und Zigaretten Pods 380mah wiederauf ladbare Batterie Vapor izer mit Taschen Aufkleber | ElementVape.de<\/title>\n<meta name=\"description\" content=\"Wir bieten Leere Dschungel Junge Vape Pens 1ml Vapes Ger\u00e4t dickes \u00d6l und Zigaretten Pods 380mah wiederauf ladbare Batterie Vapor izer mit Taschen Aufkleber , Elementvape.de akzeptieren Gro\u00df-und Einzelhandel Bestellungen.\" \/>\n<meta name=\"robots\" content=\"index, follow, max-snippet:-1, max-image-preview:large, max-video-preview:-1\" \/>\n<link rel=\"canonical\" href=\"https:\/\/www.elementvape.de\/fr\/produkt\/junge-vape-pens-1ml-vapes-geraet\/\" \/>\n<meta property=\"og:locale\" content=\"fr_FR\" \/>\n<meta property=\"og:type\" content=\"article\" \/>\n<meta property=\"og:title\" content=\"Leere Dschungel Junge Vape Pens 1ml Vapes Ger\u00e4t dickes \u00d6l und Zigaretten Pods 380mah wiederauf ladbare Batterie Vapor izer mit Taschen Aufkleber | ElementVape.de\" \/>\n<meta property=\"og:description\" content=\"Wir bieten Leere Dschungel Junge Vape Pens 1ml Vapes Ger\u00e4t dickes \u00d6l und Zigaretten Pods 380mah wiederauf ladbare Batterie Vapor izer mit Taschen Aufkleber , Elementvape.de akzeptieren Gro\u00df-und Einzelhandel Bestellungen.\" \/>\n<meta property=\"og:url\" content=\"https:\/\/www.elementvape.de\/fr\/produkt\/junge-vape-pens-1ml-vapes-geraet\/\" \/>\n<meta property=\"og:site_name\" content=\"ElementVape.de\" \/>\n<meta property=\"article:modified_time\" content=\"2024-09-12T10:32:26+00:00\" \/>\n<meta property=\"og:image\" content=\"https:\/\/ae01.alicdn.com\/kf\/Sfb31df799f974f6fbfc0833f0d857351M\/Leere-Dschungel-Junge-Vape-Pens-1ml-Vapes-Ger-t-dickes-l-und-Zigaretten-Pods-380mah-wiederauf.jpg\" \/>\n\t<meta property=\"og:image:width\" content=\"1000\" \/>\n\t<meta property=\"og:image:height\" content=\"1000\" \/>\n\t<meta property=\"og:image:type\" content=\"image\/jpeg\" \/>\n<meta name=\"twitter:card\" content=\"summary_large_image\" \/>\n<meta name=\"twitter:label1\" content=\"Est. reading time\" \/>\n\t<meta name=\"twitter:data1\" content=\"3 minutes\" \/>\n<script type=\"application\/ld+json\" class=\"yoast-schema-graph\">{\"@context\":\"https:\/\/schema.org\",\"@graph\":[{\"@type\":\"WebPage\",\"@id\":\"https:\/\/www.elementvape.de\/it\/produkt\/junge-vape-pens-1ml-vapes-geraet\/\",\"url\":\"https:\/\/www.elementvape.de\/it\/produkt\/junge-vape-pens-1ml-vapes-geraet\/\",\"name\":\"Leere Dschungel Junge Vape Pens 1ml Vapes Ger\u00e4t dickes \u00d6l und Zigaretten Pods 380mah wiederauf ladbare Batterie Vapor izer mit Taschen Aufkleber | ElementVape.de\",\"isPartOf\":{\"@id\":\"https:\/\/www.elementvape.de\/#website\"},\"primaryImageOfPage\":{\"@id\":\"https:\/\/www.elementvape.de\/it\/produkt\/junge-vape-pens-1ml-vapes-geraet\/#primaryimage\"},\"image\":{\"@id\":\"https:\/\/www.elementvape.de\/it\/produkt\/junge-vape-pens-1ml-vapes-geraet\/#primaryimage\"},\"thumbnailUrl\":\"https:\/\/ae01.alicdn.com\/kf\/Sfb31df799f974f6fbfc0833f0d857351M\/Leere-Dschungel-Junge-Vape-Pens-1ml-Vapes-Ger-t-dickes-l-und-Zigaretten-Pods-380mah-wiederauf.jpg\",\"datePublished\":\"2024-04-20T06:54:48+00:00\",\"dateModified\":\"2024-09-12T10:32:26+00:00\",\"description\":\"Wir bieten Leere Dschungel Junge Vape Pens 1ml Vapes Ger\u00e4t dickes \u00d6l und Zigaretten Pods 380mah wiederauf ladbare Batterie Vapor izer mit Taschen Aufkleber , Elementvape.de akzeptieren Gro\u00df-und Einzelhandel Bestellungen.\",\"breadcrumb\":{\"@id\":\"https:\/\/www.elementvape.de\/it\/produkt\/junge-vape-pens-1ml-vapes-geraet\/#breadcrumb\"},\"inLanguage\":\"fr-FR\",\"potentialAction\":[{\"@type\":\"ReadAction\",\"target\":[\"https:\/\/www.elementvape.de\/it\/produkt\/junge-vape-pens-1ml-vapes-geraet\/\"]}]},{\"@type\":\"ImageObject\",\"inLanguage\":\"fr-FR\",\"@id\":\"https:\/\/www.elementvape.de\/it\/produkt\/junge-vape-pens-1ml-vapes-geraet\/#primaryimage\",\"url\":\"https:\/\/ae01.alicdn.com\/kf\/Sfb31df799f974f6fbfc0833f0d857351M\/Leere-Dschungel-Junge-Vape-Pens-1ml-Vapes-Ger-t-dickes-l-und-Zigaretten-Pods-380mah-wiederauf.jpg\",\"contentUrl\":\"https:\/\/ae01.alicdn.com\/kf\/Sfb31df799f974f6fbfc0833f0d857351M\/Leere-Dschungel-Junge-Vape-Pens-1ml-Vapes-Ger-t-dickes-l-und-Zigaretten-Pods-380mah-wiederauf.jpg\",\"width\":1000,\"height\":1000},{\"@type\":\"BreadcrumbList\",\"@id\":\"https:\/\/www.elementvape.de\/it\/produkt\/junge-vape-pens-1ml-vapes-geraet\/#breadcrumb\",\"itemListElement\":[{\"@type\":\"ListItem\",\"position\":1,\"name\":\"Home\",\"item\":\"https:\/\/www.elementvape.de\/\"},{\"@type\":\"ListItem\",\"position\":2,\"name\":\"Shop\",\"item\":\"https:\/\/www.elementvape.de\/shop\/\"},{\"@type\":\"ListItem\",\"position\":3,\"name\":\"Leere Dschungel Junge Vape Pens 1ml Vapes Ger\u00e4t dickes \u00d6l und Zigaretten Pods 380mah wiederauf ladbare Batterie Vapor izer mit Taschen Aufkleber\"}]},{\"@type\":\"WebSite\",\"@id\":\"https:\/\/www.elementvape.de\/#website\",\"url\":\"https:\/\/www.elementvape.de\/\",\"name\":\"ElementVape.de\",\"description\":\"\",\"publisher\":{\"@id\":\"https:\/\/www.elementvape.de\/#organization\"},\"potentialAction\":[{\"@type\":\"SearchAction\",\"target\":{\"@type\":\"EntryPoint\",\"urlTemplate\":\"https:\/\/www.elementvape.de\/?s={search_term_string}\"},\"query-input\":\"required name=search_term_string\"}],\"inLanguage\":\"fr-FR\"},{\"@type\":\"Organization\",\"@id\":\"https:\/\/www.elementvape.de\/#organization\",\"name\":\"ElementVape.DE\",\"url\":\"https:\/\/www.elementvape.de\/\",\"logo\":{\"@type\":\"ImageObject\",\"inLanguage\":\"fr-FR\",\"@id\":\"https:\/\/www.elementvape.de\/#\/schema\/logo\/image\/\",\"url\":\"https:\/\/www.elementvape.de\/wp-content\/uploads\/2024\/09\/cropped-1elementvape-3.png\",\"contentUrl\":\"https:\/\/www.elementvape.de\/wp-content\/uploads\/2024\/09\/cropped-1elementvape-3.png\",\"width\":285,\"height\":228,\"caption\":\"ElementVape.DE\"},\"image\":{\"@id\":\"https:\/\/www.elementvape.de\/#\/schema\/logo\/image\/\"}}]}<\/script>\n<!-- \/ Yoast SEO plugin. -->","yoast_head_json":{"title":"Leere Dschungel Junge Vape Pens 1ml Vapes Ger\u00e4t dickes \u00d6l und Zigaretten Pods 380mah wiederauf ladbare Batterie Vapor izer mit Taschen Aufkleber | ElementVape.de","description":"Wir bieten Leere Dschungel Junge Vape Pens 1ml Vapes Ger\u00e4t dickes \u00d6l und Zigaretten Pods 380mah wiederauf ladbare Batterie Vapor izer mit Taschen Aufkleber , Elementvape.de akzeptieren Gro\u00df-und Einzelhandel Bestellungen.","robots":{"index":"index","follow":"follow","max-snippet":"max-snippet:-1","max-image-preview":"max-image-preview:large","max-video-preview":"max-video-preview:-1"},"canonical":"https:\/\/www.elementvape.de\/fr\/produkt\/junge-vape-pens-1ml-vapes-geraet\/","og_locale":"fr_FR","og_type":"article","og_title":"Leere Dschungel Junge Vape Pens 1ml Vapes Ger\u00e4t dickes \u00d6l und Zigaretten Pods 380mah wiederauf ladbare Batterie Vapor izer mit Taschen Aufkleber | ElementVape.de","og_description":"Wir bieten Leere Dschungel Junge Vape Pens 1ml Vapes Ger\u00e4t dickes \u00d6l und Zigaretten Pods 380mah wiederauf ladbare Batterie Vapor izer mit Taschen Aufkleber , Elementvape.de akzeptieren Gro\u00df-und Einzelhandel Bestellungen.","og_url":"https:\/\/www.elementvape.de\/fr\/produkt\/junge-vape-pens-1ml-vapes-geraet\/","og_site_name":"ElementVape.de","article_modified_time":"2024-09-12T10:32:26+00:00","og_image":[{"width":1000,"height":1000,"url":"https:\/\/ae01.alicdn.com\/kf\/Sfb31df799f974f6fbfc0833f0d857351M\/Leere-Dschungel-Junge-Vape-Pens-1ml-Vapes-Ger-t-dickes-l-und-Zigaretten-Pods-380mah-wiederauf.jpg","type":"image\/jpeg"}],"twitter_card":"summary_large_image","twitter_misc":{"Est. reading time":"3 minutes"},"schema":{"@context":"https:\/\/schema.org","@graph":[{"@type":"WebPage","@id":"https:\/\/www.elementvape.de\/it\/produkt\/junge-vape-pens-1ml-vapes-geraet\/","url":"https:\/\/www.elementvape.de\/it\/produkt\/junge-vape-pens-1ml-vapes-geraet\/","name":"Leere Dschungel Junge Vape Pens 1ml Vapes Ger\u00e4t dickes \u00d6l und Zigaretten Pods 380mah wiederauf ladbare Batterie Vapor izer mit Taschen Aufkleber | ElementVape.de","isPartOf":{"@id":"https:\/\/www.elementvape.de\/#website"},"primaryImageOfPage":{"@id":"https:\/\/www.elementvape.de\/it\/produkt\/junge-vape-pens-1ml-vapes-geraet\/#primaryimage"},"image":{"@id":"https:\/\/www.elementvape.de\/it\/produkt\/junge-vape-pens-1ml-vapes-geraet\/#primaryimage"},"thumbnailUrl":"https:\/\/ae01.alicdn.com\/kf\/Sfb31df799f974f6fbfc0833f0d857351M\/Leere-Dschungel-Junge-Vape-Pens-1ml-Vapes-Ger-t-dickes-l-und-Zigaretten-Pods-380mah-wiederauf.jpg","datePublished":"2024-04-20T06:54:48+00:00","dateModified":"2024-09-12T10:32:26+00:00","description":"Wir bieten Leere Dschungel Junge Vape Pens 1ml Vapes Ger\u00e4t dickes \u00d6l und Zigaretten Pods 380mah wiederauf ladbare Batterie Vapor izer mit Taschen Aufkleber , Elementvape.de akzeptieren Gro\u00df-und Einzelhandel Bestellungen.","breadcrumb":{"@id":"https:\/\/www.elementvape.de\/it\/produkt\/junge-vape-pens-1ml-vapes-geraet\/#breadcrumb"},"inLanguage":"fr-FR","potentialAction":[{"@type":"ReadAction","target":["https:\/\/www.elementvape.de\/it\/produkt\/junge-vape-pens-1ml-vapes-geraet\/"]}]},{"@type":"ImageObject","inLanguage":"fr-FR","@id":"https:\/\/www.elementvape.de\/it\/produkt\/junge-vape-pens-1ml-vapes-geraet\/#primaryimage","url":"https:\/\/ae01.alicdn.com\/kf\/Sfb31df799f974f6fbfc0833f0d857351M\/Leere-Dschungel-Junge-Vape-Pens-1ml-Vapes-Ger-t-dickes-l-und-Zigaretten-Pods-380mah-wiederauf.jpg","contentUrl":"https:\/\/ae01.alicdn.com\/kf\/Sfb31df799f974f6fbfc0833f0d857351M\/Leere-Dschungel-Junge-Vape-Pens-1ml-Vapes-Ger-t-dickes-l-und-Zigaretten-Pods-380mah-wiederauf.jpg","width":1000,"height":1000},{"@type":"BreadcrumbList","@id":"https:\/\/www.elementvape.de\/it\/produkt\/junge-vape-pens-1ml-vapes-geraet\/#breadcrumb","itemListElement":[{"@type":"ListItem","position":1,"name":"Home","item":"https:\/\/www.elementvape.de\/"},{"@type":"ListItem","position":2,"name":"Shop","item":"https:\/\/www.elementvape.de\/shop\/"},{"@type":"ListItem","position":3,"name":"Leere Dschungel Junge Vape Pens 1ml Vapes Ger\u00e4t dickes \u00d6l und Zigaretten Pods 380mah wiederauf ladbare Batterie Vapor izer mit Taschen Aufkleber"}]},{"@type":"WebSite","@id":"https:\/\/www.elementvape.de\/#website","url":"https:\/\/www.elementvape.de\/","name":"ElementVape.de","description":"","publisher":{"@id":"https:\/\/www.elementvape.de\/#organization"},"potentialAction":[{"@type":"SearchAction","target":{"@type":"EntryPoint","urlTemplate":"https:\/\/www.elementvape.de\/?s={search_term_string}"},"query-input":"required name=search_term_string"}],"inLanguage":"fr-FR"},{"@type":"Organization","@id":"https:\/\/www.elementvape.de\/#organization","name":"ElementVape.DE","url":"https:\/\/www.elementvape.de\/","logo":{"@type":"ImageObject","inLanguage":"fr-FR","@id":"https:\/\/www.elementvape.de\/#\/schema\/logo\/image\/","url":"https:\/\/www.elementvape.de\/wp-content\/uploads\/2024\/09\/cropped-1elementvape-3.png","contentUrl":"https:\/\/www.elementvape.de\/wp-content\/uploads\/2024\/09\/cropped-1elementvape-3.png","width":285,"height":228,"caption":"ElementVape.DE"},"image":{"@id":"https:\/\/www.elementvape.de\/#\/schema\/logo\/image\/"}}]}},"_links":{"self":[{"href":"https:\/\/www.elementvape.de\/fr\/wp-json\/wp\/v2\/product\/8754"}],"collection":[{"href":"https:\/\/www.elementvape.de\/fr\/wp-json\/wp\/v2\/product"}],"about":[{"href":"https:\/\/www.elementvape.de\/fr\/wp-json\/wp\/v2\/types\/product"}],"wp:featuredmedia":[{"embeddable":true,"href":"https:\/\/www.elementvape.de\/fr\/wp-json\/wp\/v2\/media\/8755"}],"wp:attachment":[{"href":"https:\/\/www.elementvape.de\/fr\/wp-json\/wp\/v2\/media?parent=8754"}],"wp:term":[{"taxonomy":"product_cat","embeddable":true,"href":"https:\/\/www.elementvape.de\/fr\/wp-json\/wp\/v2\/product_cat?post=8754"},{"taxonomy":"product_tag","embeddable":true,"href":"https:\/\/www.elementvape.de\/fr\/wp-json\/wp\/v2\/product_tag?post=8754"}],"curies":[{"name":"wp","href":"https:\/\/api.w.org\/{rel}","templated":true}]}}