{"id":8625,"date":"2024-04-20T06:44:39","date_gmt":"2024-04-20T06:44:39","guid":{"rendered":"https:\/\/www.elementvape.de\/?post_type=product&#038;p=8625"},"modified":"2024-09-12T10:32:32","modified_gmt":"2024-09-12T10:32:32","slug":"rincoe-jelly-box-v1-pod-vape-kit-3ml","status":"publish","type":"product","link":"https:\/\/www.elementvape.de\/fr\/produkt\/rincoe-jelly-box-v1-pod-vape-kit-3ml\/","title":{"rendered":"Rincoe Jelly box V1 Pod Vape Kit 3ml, cartouche V vide, 0,8 Ohm, batterie 750mAh, 16W, cigarette \u00e9lectronique \u00e9lectronique avec lanyard"},"content":{"rendered":"<p>&nbsp;<\/p>\n<div class=\"product-specs-list-container\">\n<ul class=\"product-specs-list util-clearfix\">\n<li class=\"product-prop line-limit-length\"><span class=\"property-title\">Apparence :\u00a0<\/span><span class=\"property-desc line-limit-length\">Forme cylindrique<\/span><\/li>\n<li class=\"product-prop line-limit-length\"><span class=\"property-title\">Batterie Compatible :\u00a0<\/span><span class=\"property-desc line-limit-length\">Non<\/span><\/li>\n<li class=\"product-prop line-limit-length\"><span class=\"property-title\">Fonction de Surveillance du Nombre de Fumeurs :\u00a0<\/span><span class=\"property-desc line-limit-length\">Non<\/span><\/li>\n<li class=\"product-prop line-limit-length\"><span class=\"property-title\">\u00c9tui en Silicone :\u00a0<\/span><span class=\"property-desc line-limit-length\">Non<\/span><\/li>\n<li class=\"product-prop line-limit-length\"><span class=\"property-title\">Contr\u00f4le de Temp\u00e9rature :\u00a0<\/span><span class=\"property-desc line-limit-length\">Non<\/span><\/li>\n<li class=\"product-prop line-limit-length\"><span class=\"property-title\">Batterie Int\u00e9gr\u00e9e ou Externe :\u00a0<\/span><span class=\"property-desc line-limit-length\">Int\u00e9gr\u00e9<\/span><\/li>\n<li class=\"product-prop line-limit-length\"><span class=\"property-title\">Fonction de Protection contre les Courts-Circuits :\u00a0<\/span><span class=\"property-desc line-limit-length\">Ja<\/span><\/li>\n<li class=\"product-prop line-limit-length\"><span class=\"property-title\">Fonction de Protection contre la Surchauffe :\u00a0<\/span><span class=\"property-desc line-limit-length\">Ja<\/span><\/li>\n<li class=\"product-prop line-limit-length\"><span class=\"property-title\">Fonction d'alarme de basse tension :\u00a0<\/span><span class=\"property-desc line-limit-length\">Non<\/span><\/li>\n<li class=\"product-prop line-limit-length\"><span class=\"property-title\">Fonction d'identification du vaporisateur :\u00a0<\/span><span class=\"property-desc line-limit-length\">Non<\/span><\/li>\n<li class=\"product-prop line-limit-length\"><span class=\"property-title\">Modes de r\u00e9glage TCR :\u00a0<\/span><span class=\"property-desc line-limit-length\">Non<\/span><\/li>\n<li class=\"product-prop line-limit-length\"><span class=\"property-title\">Capacit\u00e9 nominale :\u00a0<\/span><span class=\"property-desc line-limit-length\">750 mAh<\/span><\/li>\n<li class=\"product-prop line-limit-length\"><span class=\"property-title\">Mat\u00e9riau :\u00a0<\/span><span class=\"property-desc line-limit-length\">M\u00e9tal<\/span><\/li>\n<li class=\"product-prop line-limit-length\"><span class=\"property-title\">Mod\u00e8le compatible :\u00a0<\/span><span class=\"property-desc line-limit-length\">Pod V1 V2 V3 1,0 ohm, 0,8 ohm<\/span><\/li>\n<li class=\"product-prop line-limit-length\"><span class=\"property-title\">Num\u00e9ro de mod\u00e8le :\u00a0<\/span><span class=\"property-desc line-limit-length\">Kit Rincoe Jellybox V1<\/span><\/li>\n<li class=\"product-prop line-limit-length\"><span class=\"property-title\">Chargeur USB :\u00a0<\/span><span class=\"property-desc line-limit-length\">Ja<\/span><\/li>\n<li class=\"product-prop line-limit-length\"><span class=\"property-title\">Mise \u00e0 jour du firmware :\u00a0<\/span><span class=\"property-desc line-limit-length\">Non<\/span><\/li>\n<li class=\"product-prop line-limit-length\"><span class=\"property-title\">Affichage :\u00a0<\/span><span class=\"property-desc line-limit-length\">Non<\/span><\/li>\n<li class=\"product-prop line-limit-length\"><span class=\"property-title\">Type :\u00a0<\/span><span class=\"property-desc line-limit-length\">Avec batterie<\/span><\/li>\n<li class=\"product-prop line-limit-length\"><span class=\"property-title\">Nom de la marque :\u00a0<\/span><span class=\"property-desc line-limit-length\">Rincoe<\/span><\/li>\n<li class=\"product-prop line-limit-length\"><span class=\"property-title\">Origine :\u00a0<\/span><span class=\"property-desc line-limit-length\">CN (Origine)<\/span><\/li>\n<\/ul>\n<\/div>\n<div class=\"detailmodule_html\">\n<div class=\"detail-desc-decorate-richtext\">\n<div class=\"detailmodule_dynamic\"><\/div>\n<p><strong><span id=\"tl_1\" style=\"font-size: 22px;\">Rincoe Jelly box V1 Pod Vape Kit 3ml, cartouche V vide, 0,8 Ohm, batterie 750mAh, 16W, cigarette \u00e9lectronique \u00e9lectronique avec lanyard<\/span><\/strong><\/p>\n<p><strong id=\"tl_2\">Description :<\/strong><\/p>\n<p id=\"tl_3\">Le kit Rincoe Jellybox V1 est plus l\u00e9ger et ne p\u00e8se que 30,2 g, pouvant atteindre une puissance de sortie jusqu'\u00e0 16 watts, aliment\u00e9 par une batterie de 750 mAh. Compatible avec le pod Jellybox V de capacit\u00e9 vide de 3 ml, il offre une dur\u00e9e de vie plus longue ainsi qu'un design anti-fuite, am\u00e9liorant ainsi l'exp\u00e9rience d'utilisation. Il dispose \u00e9galement d'une indication LED de la batterie pour afficher les diff\u00e9rents niveaux de puissance, afin de mieux contr\u00f4ler votre appareil. Non seulement cela, mais il poss\u00e8de aussi plusieurs fonctions de protection pour augmenter la s\u00e9curit\u00e9 d'utilisation.<\/p>\n<p><strong id=\"tl_4\">Param\u00e8tres :<\/strong><\/p>\n<p id=\"tl_5\">Mat\u00e9riau : PC + PCTG<\/p>\n<p id=\"tl_6\">Dimensions : 79,5*28*15,5 mm<\/p>\n<p id=\"tl_7\">Couleurs : bleu, orange, vert, gris, rouge<\/p>\n<p id=\"tl_8\">Puissance de sortie : 10W-16W<\/p>\n<p id=\"tl_9\">Batterie : int\u00e9gr\u00e9e de 750 mAh<\/p>\n<p id=\"tl_10\">Tension d'entr\u00e9e : 3,2 V-4,2 V<\/p>\n<p id=\"tl_11\">Avec 3 LED<\/p>\n<p id=\"tl_12\">Taille l\u00e9g\u00e8re et portable, facile \u00e0 transporter<\/p>\n<p id=\"tl_13\">Connexion de charge Type-C<\/p>\n<p id=\"tl_14\">Tension de charge : 5V\/600mA<\/p>\n<p id=\"tl_15\">Efficacit\u00e9 : 95%<\/p>\n<p id=\"tl_16\">Poids : 30,2 g<\/p>\n<p id=\"tl_17\">Indicateur LED de la batterie<\/p>\n<p id=\"tl_18\">Protection contre la surcharge<\/p>\n<p id=\"tl_19\">Protection contre les courts-circuits<\/p>\n<p id=\"tl_20\">Protection contre la surchauffe<\/p>\n<p id=\"tl_21\">Protection contre la basse tension<\/p>\n<p id=\"tl_22\">Protection contre la surcharge de sortie<\/p>\n<p id=\"tl_23\">Mat\u00e9riau du pod : PCTG<\/p>\n<p id=\"tl_24\">Capacit\u00e9 du pod : 3ml<\/p>\n<p id=\"tl_25\">R\u00e9sistance de la bobine : 0,8 Ohm - 3,0 Ohm<\/p>\n<p id=\"tl_26\">Compatible avec Jelly Box V Pod :<\/p>\n<p id=\"tl_27\">Bobine Mesh 1,0 Ohm<\/p>\n<p id=\"tl_28\">Bobine Mesh 0,8 Ohm<\/p>\n<p id=\"tl_29\">Exp\u00e9rience de vapotage MTL<\/p>\n<p><strong id=\"tl_30\">Paquet :<\/strong><\/p>\n<p id=\"tl_31\">1 * appareil Jelly Box V1 (750mAh)<\/p>\n<p id=\"tl_32\">1 * cartouche V Pod Jelly Box V (0,8 Ohm\/3ml) pour MTL<\/p>\n<p id=\"tl_33\">1 * C\u00e2ble de charge Type-C<\/p>\n<p id=\"tl_34\">1 * cordon lanyard<\/p>\n<p id=\"tl_35\">Carte de certificat<\/p>\n<p id=\"tl_36\">1 * carte de garantie<\/p>\n<p id=\"tl_37\">1 * manuel d'utilisation<\/p>\n<p><img decoding=\"async\" loading=\"lazy\" src=\"https:\/\/ae01.alicdn.com\/kf\/S2721b7c362f64799bea18401ae0a5183O.jpg\" \/><img decoding=\"async\" loading=\"lazy\" src=\"https:\/\/ae01.alicdn.com\/kf\/S11830a6847614427a53b53b47794eb4aw.jpg\" \/><img decoding=\"async\" loading=\"lazy\" src=\"https:\/\/ae01.alicdn.com\/kf\/S88fdc51c057845acb81e3d0ffbc7ab35C.jpg\" \/><img decoding=\"async\" loading=\"lazy\" src=\"https:\/\/ae01.alicdn.com\/kf\/Sa1c6657d70a142c6905edb99028f2c55Y.jpg\" \/><img decoding=\"async\" loading=\"lazy\" src=\"https:\/\/ae01.alicdn.com\/kf\/S5c4d6ec455ec46b38a135a65a36341eeJ.jpg\" \/><img decoding=\"async\" loading=\"lazy\" src=\"https:\/\/ae01.alicdn.com\/kf\/Sc46474e9e7b241e3967830c8d51c40adP.jpg\" \/><img decoding=\"async\" loading=\"lazy\" src=\"https:\/\/ae01.alicdn.com\/kf\/S05c6fef736fd432d93f743dcc1bfac43t.jpg\" \/><img decoding=\"async\" loading=\"lazy\" src=\"https:\/\/ae01.alicdn.com\/kf\/Sccbd77d5f3c248fe9c87f591d6b5eca67.jpg\" \/><img decoding=\"async\" loading=\"lazy\" src=\"https:\/\/ae01.alicdn.com\/kf\/S65e24a7af5d74fa3a6dbab4faa883bd4e.jpg\" \/><img decoding=\"async\" loading=\"lazy\" src=\"https:\/\/ae01.alicdn.com\/kf\/Sfcd8156be98a4c0fba9849487b3f91e2y.jpg\" \/><img decoding=\"async\" loading=\"lazy\" src=\"https:\/\/ae01.alicdn.com\/kf\/S036a0bbc5a4a4117ad7cbd86fb7affadC.jpg\" \/><img decoding=\"async\" loading=\"lazy\" src=\"https:\/\/ae01.alicdn.com\/kf\/S588d31b9c7864573b822d8ec931906c9W.jpg\" \/><img decoding=\"async\" loading=\"lazy\" src=\"https:\/\/ae01.alicdn.com\/kf\/S8397bfe6b3934a0685878339dca85ed98.jpg\" \/><\/p>\n<p>&nbsp;<\/p>\n<\/div>\n<\/div>","protected":false},"excerpt":{"rendered":"<p>&nbsp; Aussehen:\u00a0Zylindrische Form Kompatibler Akku:\u00a0Kein \u00dcberwachung Funktion Von Rauchen Anzahl:\u00a0Nein Silikon Fall:\u00a0Nein Temperaturregelung:\u00a0Nein Eingebaute Oder Externe Batterie:\u00a0Eingebaute Kurzschlussschutz Funktion:\u00a0Ja \u00dcberhitzungsschutz-funktion:\u00a0Ja Niederspannungsalarmfunktion:\u00a0Nein Zerst\u00e4uber Identifikation Funktion:\u00a0Nein TCR Einstellung Modi:\u00a0Nein Nominale Kapazit\u00e4t:\u00a0750 mAh Material:\u00a0Metall Compatible Model:\u00a0V1 V2 V3 pod 1.0ohm,0.8ohm Modellnummer:\u00a0Rincoe Jellybox V1 Kit Usb-ladeger\u00e4t:\u00a0Ja Firmware-upgrade:\u00a0Nein Display:\u00a0Nein Art:\u00a0Mit Batterie Markenname:\u00a0Rincoe Ursprung:\u00a0CN (Herkunft) Original Rincoe Jelly box V1 Pod [&hellip;]<\/p>","protected":false},"featured_media":8626,"template":"","meta":{"inline_featured_image":false},"product_cat":[750,737,736,749,76],"product_tag":[],"tiered_pricing_type":"fixed","tiered_pricing_fixed_rules":[],"tiered_pricing_percentage_rules":[],"tiered_pricing_minimum":1,"_administrator_tiered_pricing_type":"fixed","_administrator_tiered_pricing_fixed_rules":[],"_editor_tiered_pricing_type":"fixed","_editor_tiered_pricing_fixed_rules":[],"_author_tiered_pricing_type":"fixed","_author_tiered_pricing_fixed_rules":[],"_contributor_tiered_pricing_type":"fixed","_contributor_tiered_pricing_fixed_rules":[],"_subscriber_tiered_pricing_type":"fixed","_subscriber_tiered_pricing_fixed_rules":[],"_customer_tiered_pricing_type":"fixed","_customer_tiered_pricing_fixed_rules":[],"_shop_manager_tiered_pricing_type":"fixed","_shop_manager_tiered_pricing_fixed_rules":[],"_wpseo_manager_tiered_pricing_type":"fixed","_wpseo_manager_tiered_pricing_fixed_rules":[],"_wpseo_editor_tiered_pricing_type":"fixed","_wpseo_editor_tiered_pricing_fixed_rules":[],"_wholesale_customer_tiered_pricing_type":"fixed","_wholesale_customer_tiered_pricing_fixed_rules":[],"_marketer_tiered_pricing_type":"fixed","_marketer_tiered_pricing_fixed_rules":[],"_sales_manager_tiered_pricing_type":"fixed","_sales_manager_tiered_pricing_fixed_rules":[],"_sales_rep_tiered_pricing_type":"fixed","_sales_rep_tiered_pricing_fixed_rules":[],"yoast_head":"<!-- This site is optimized with the Yoast SEO plugin v23.3 - https:\/\/yoast.com\/wordpress\/plugins\/seo\/ -->\n<title>Rincoe Jelly box V1 Pod Vape Kit 3ml leere V-Patrone 0,8 Ohm 750mAh Batterie 16W Mtl elektronische Zigarette mit Lanyard | ElementVape.de<\/title>\n<meta name=\"description\" content=\"Wir bieten Rincoe Jelly box V1 Pod Vape Kit 3ml leere V-Patrone 0,8 Ohm 750mAh Batterie 16W Mtl elektronische Zigarette mit Lanyard , Elementvape.de akzeptieren Gro\u00df-und Einzelhandel Bestellungen.\" \/>\n<meta name=\"robots\" content=\"index, follow, max-snippet:-1, max-image-preview:large, max-video-preview:-1\" \/>\n<link rel=\"canonical\" href=\"https:\/\/www.elementvape.de\/fr\/produkt\/rincoe-jelly-box-v1-pod-vape-kit-3ml\/\" \/>\n<meta property=\"og:locale\" content=\"fr_FR\" \/>\n<meta property=\"og:type\" content=\"article\" \/>\n<meta property=\"og:title\" content=\"Rincoe Jelly box V1 Pod Vape Kit 3ml leere V-Patrone 0,8 Ohm 750mAh Batterie 16W Mtl elektronische Zigarette mit Lanyard | ElementVape.de\" \/>\n<meta property=\"og:description\" content=\"Wir bieten Rincoe Jelly box V1 Pod Vape Kit 3ml leere V-Patrone 0,8 Ohm 750mAh Batterie 16W Mtl elektronische Zigarette mit Lanyard , Elementvape.de akzeptieren Gro\u00df-und Einzelhandel Bestellungen.\" \/>\n<meta property=\"og:url\" content=\"https:\/\/www.elementvape.de\/fr\/produkt\/rincoe-jelly-box-v1-pod-vape-kit-3ml\/\" \/>\n<meta property=\"og:site_name\" content=\"ElementVape.de\" \/>\n<meta property=\"article:modified_time\" content=\"2024-09-12T10:32:32+00:00\" \/>\n<meta property=\"og:image\" content=\"https:\/\/ae01.alicdn.com\/kf\/S840f68b3263f4e5493636c8eb3ed08b8E\/Original-Rincoe-Jelly-box-V1-Pod-Vape-Kit-3ml-leere-V-Patrone-0-8-Ohm-750mAh.jpg\" \/>\n\t<meta property=\"og:image:width\" content=\"1000\" \/>\n\t<meta property=\"og:image:height\" content=\"1000\" \/>\n\t<meta property=\"og:image:type\" content=\"image\/jpeg\" \/>\n<meta name=\"twitter:card\" content=\"summary_large_image\" \/>\n<meta name=\"twitter:label1\" content=\"Est. reading time\" \/>\n\t<meta name=\"twitter:data1\" content=\"5 minutes\" \/>\n<script type=\"application\/ld+json\" class=\"yoast-schema-graph\">{\"@context\":\"https:\/\/schema.org\",\"@graph\":[{\"@type\":\"WebPage\",\"@id\":\"https:\/\/www.elementvape.de\/produkt\/rincoe-jelly-box-v1-pod-vape-kit-3ml\/\",\"url\":\"https:\/\/www.elementvape.de\/produkt\/rincoe-jelly-box-v1-pod-vape-kit-3ml\/\",\"name\":\"Rincoe Jelly box V1 Pod Vape Kit 3ml leere V-Patrone 0,8 Ohm 750mAh Batterie 16W Mtl elektronische Zigarette mit Lanyard | ElementVape.de\",\"isPartOf\":{\"@id\":\"https:\/\/www.elementvape.de\/#website\"},\"primaryImageOfPage\":{\"@id\":\"https:\/\/www.elementvape.de\/produkt\/rincoe-jelly-box-v1-pod-vape-kit-3ml\/#primaryimage\"},\"image\":{\"@id\":\"https:\/\/www.elementvape.de\/produkt\/rincoe-jelly-box-v1-pod-vape-kit-3ml\/#primaryimage\"},\"thumbnailUrl\":\"https:\/\/ae01.alicdn.com\/kf\/S840f68b3263f4e5493636c8eb3ed08b8E\/Original-Rincoe-Jelly-box-V1-Pod-Vape-Kit-3ml-leere-V-Patrone-0-8-Ohm-750mAh.jpg\",\"datePublished\":\"2024-04-20T06:44:39+00:00\",\"dateModified\":\"2024-09-12T10:32:32+00:00\",\"description\":\"Wir bieten Rincoe Jelly box V1 Pod Vape Kit 3ml leere V-Patrone 0,8 Ohm 750mAh Batterie 16W Mtl elektronische Zigarette mit Lanyard , Elementvape.de akzeptieren Gro\u00df-und Einzelhandel Bestellungen.\",\"breadcrumb\":{\"@id\":\"https:\/\/www.elementvape.de\/produkt\/rincoe-jelly-box-v1-pod-vape-kit-3ml\/#breadcrumb\"},\"inLanguage\":\"fr-FR\",\"potentialAction\":[{\"@type\":\"ReadAction\",\"target\":[\"https:\/\/www.elementvape.de\/produkt\/rincoe-jelly-box-v1-pod-vape-kit-3ml\/\"]}]},{\"@type\":\"ImageObject\",\"inLanguage\":\"fr-FR\",\"@id\":\"https:\/\/www.elementvape.de\/produkt\/rincoe-jelly-box-v1-pod-vape-kit-3ml\/#primaryimage\",\"url\":\"https:\/\/ae01.alicdn.com\/kf\/S840f68b3263f4e5493636c8eb3ed08b8E\/Original-Rincoe-Jelly-box-V1-Pod-Vape-Kit-3ml-leere-V-Patrone-0-8-Ohm-750mAh.jpg\",\"contentUrl\":\"https:\/\/ae01.alicdn.com\/kf\/S840f68b3263f4e5493636c8eb3ed08b8E\/Original-Rincoe-Jelly-box-V1-Pod-Vape-Kit-3ml-leere-V-Patrone-0-8-Ohm-750mAh.jpg\",\"width\":1000,\"height\":1000},{\"@type\":\"BreadcrumbList\",\"@id\":\"https:\/\/www.elementvape.de\/produkt\/rincoe-jelly-box-v1-pod-vape-kit-3ml\/#breadcrumb\",\"itemListElement\":[{\"@type\":\"ListItem\",\"position\":1,\"name\":\"Home\",\"item\":\"https:\/\/www.elementvape.de\/\"},{\"@type\":\"ListItem\",\"position\":2,\"name\":\"Shop\",\"item\":\"https:\/\/www.elementvape.de\/shop\/\"},{\"@type\":\"ListItem\",\"position\":3,\"name\":\"Rincoe Jelly box V1 Pod Vape Kit 3ml leere V-Patrone 0,8 Ohm 750mAh Batterie 16W Mtl elektronische Zigarette mit Lanyard\"}]},{\"@type\":\"WebSite\",\"@id\":\"https:\/\/www.elementvape.de\/#website\",\"url\":\"https:\/\/www.elementvape.de\/\",\"name\":\"ElementVape.de\",\"description\":\"\",\"publisher\":{\"@id\":\"https:\/\/www.elementvape.de\/#organization\"},\"potentialAction\":[{\"@type\":\"SearchAction\",\"target\":{\"@type\":\"EntryPoint\",\"urlTemplate\":\"https:\/\/www.elementvape.de\/?s={search_term_string}\"},\"query-input\":\"required name=search_term_string\"}],\"inLanguage\":\"fr-FR\"},{\"@type\":\"Organization\",\"@id\":\"https:\/\/www.elementvape.de\/#organization\",\"name\":\"ElementVape.DE\",\"url\":\"https:\/\/www.elementvape.de\/\",\"logo\":{\"@type\":\"ImageObject\",\"inLanguage\":\"fr-FR\",\"@id\":\"https:\/\/www.elementvape.de\/#\/schema\/logo\/image\/\",\"url\":\"https:\/\/www.elementvape.de\/wp-content\/uploads\/2024\/09\/cropped-1elementvape-3.png\",\"contentUrl\":\"https:\/\/www.elementvape.de\/wp-content\/uploads\/2024\/09\/cropped-1elementvape-3.png\",\"width\":285,\"height\":228,\"caption\":\"ElementVape.DE\"},\"image\":{\"@id\":\"https:\/\/www.elementvape.de\/#\/schema\/logo\/image\/\"}}]}<\/script>\n<!-- \/ Yoast SEO plugin. -->","yoast_head_json":{"title":"Rincoe Jelly box V1 Pod Vape Kit 3ml leere V-Patrone 0,8 Ohm 750mAh Batterie 16W Mtl elektronische Zigarette mit Lanyard | ElementVape.de","description":"Wir bieten Rincoe Jelly box V1 Pod Vape Kit 3ml leere V-Patrone 0,8 Ohm 750mAh Batterie 16W Mtl elektronische Zigarette mit Lanyard , Elementvape.de akzeptieren Gro\u00df-und Einzelhandel Bestellungen.","robots":{"index":"index","follow":"follow","max-snippet":"max-snippet:-1","max-image-preview":"max-image-preview:large","max-video-preview":"max-video-preview:-1"},"canonical":"https:\/\/www.elementvape.de\/fr\/produkt\/rincoe-jelly-box-v1-pod-vape-kit-3ml\/","og_locale":"fr_FR","og_type":"article","og_title":"Rincoe Jelly box V1 Pod Vape Kit 3ml leere V-Patrone 0,8 Ohm 750mAh Batterie 16W Mtl elektronische Zigarette mit Lanyard | ElementVape.de","og_description":"Wir bieten Rincoe Jelly box V1 Pod Vape Kit 3ml leere V-Patrone 0,8 Ohm 750mAh Batterie 16W Mtl elektronische Zigarette mit Lanyard , Elementvape.de akzeptieren Gro\u00df-und Einzelhandel Bestellungen.","og_url":"https:\/\/www.elementvape.de\/fr\/produkt\/rincoe-jelly-box-v1-pod-vape-kit-3ml\/","og_site_name":"ElementVape.de","article_modified_time":"2024-09-12T10:32:32+00:00","og_image":[{"width":1000,"height":1000,"url":"https:\/\/ae01.alicdn.com\/kf\/S840f68b3263f4e5493636c8eb3ed08b8E\/Original-Rincoe-Jelly-box-V1-Pod-Vape-Kit-3ml-leere-V-Patrone-0-8-Ohm-750mAh.jpg","type":"image\/jpeg"}],"twitter_card":"summary_large_image","twitter_misc":{"Est. reading time":"5 minutes"},"schema":{"@context":"https:\/\/schema.org","@graph":[{"@type":"WebPage","@id":"https:\/\/www.elementvape.de\/produkt\/rincoe-jelly-box-v1-pod-vape-kit-3ml\/","url":"https:\/\/www.elementvape.de\/produkt\/rincoe-jelly-box-v1-pod-vape-kit-3ml\/","name":"Rincoe Jelly box V1 Pod Vape Kit 3ml leere V-Patrone 0,8 Ohm 750mAh Batterie 16W Mtl elektronische Zigarette mit Lanyard | ElementVape.de","isPartOf":{"@id":"https:\/\/www.elementvape.de\/#website"},"primaryImageOfPage":{"@id":"https:\/\/www.elementvape.de\/produkt\/rincoe-jelly-box-v1-pod-vape-kit-3ml\/#primaryimage"},"image":{"@id":"https:\/\/www.elementvape.de\/produkt\/rincoe-jelly-box-v1-pod-vape-kit-3ml\/#primaryimage"},"thumbnailUrl":"https:\/\/ae01.alicdn.com\/kf\/S840f68b3263f4e5493636c8eb3ed08b8E\/Original-Rincoe-Jelly-box-V1-Pod-Vape-Kit-3ml-leere-V-Patrone-0-8-Ohm-750mAh.jpg","datePublished":"2024-04-20T06:44:39+00:00","dateModified":"2024-09-12T10:32:32+00:00","description":"Wir bieten Rincoe Jelly box V1 Pod Vape Kit 3ml leere V-Patrone 0,8 Ohm 750mAh Batterie 16W Mtl elektronische Zigarette mit Lanyard , Elementvape.de akzeptieren Gro\u00df-und Einzelhandel Bestellungen.","breadcrumb":{"@id":"https:\/\/www.elementvape.de\/produkt\/rincoe-jelly-box-v1-pod-vape-kit-3ml\/#breadcrumb"},"inLanguage":"fr-FR","potentialAction":[{"@type":"ReadAction","target":["https:\/\/www.elementvape.de\/produkt\/rincoe-jelly-box-v1-pod-vape-kit-3ml\/"]}]},{"@type":"ImageObject","inLanguage":"fr-FR","@id":"https:\/\/www.elementvape.de\/produkt\/rincoe-jelly-box-v1-pod-vape-kit-3ml\/#primaryimage","url":"https:\/\/ae01.alicdn.com\/kf\/S840f68b3263f4e5493636c8eb3ed08b8E\/Original-Rincoe-Jelly-box-V1-Pod-Vape-Kit-3ml-leere-V-Patrone-0-8-Ohm-750mAh.jpg","contentUrl":"https:\/\/ae01.alicdn.com\/kf\/S840f68b3263f4e5493636c8eb3ed08b8E\/Original-Rincoe-Jelly-box-V1-Pod-Vape-Kit-3ml-leere-V-Patrone-0-8-Ohm-750mAh.jpg","width":1000,"height":1000},{"@type":"BreadcrumbList","@id":"https:\/\/www.elementvape.de\/produkt\/rincoe-jelly-box-v1-pod-vape-kit-3ml\/#breadcrumb","itemListElement":[{"@type":"ListItem","position":1,"name":"Home","item":"https:\/\/www.elementvape.de\/"},{"@type":"ListItem","position":2,"name":"Shop","item":"https:\/\/www.elementvape.de\/shop\/"},{"@type":"ListItem","position":3,"name":"Rincoe Jelly box V1 Pod Vape Kit 3ml leere V-Patrone 0,8 Ohm 750mAh Batterie 16W Mtl elektronische Zigarette mit Lanyard"}]},{"@type":"WebSite","@id":"https:\/\/www.elementvape.de\/#website","url":"https:\/\/www.elementvape.de\/","name":"ElementVape.de","description":"","publisher":{"@id":"https:\/\/www.elementvape.de\/#organization"},"potentialAction":[{"@type":"SearchAction","target":{"@type":"EntryPoint","urlTemplate":"https:\/\/www.elementvape.de\/?s={search_term_string}"},"query-input":"required name=search_term_string"}],"inLanguage":"fr-FR"},{"@type":"Organization","@id":"https:\/\/www.elementvape.de\/#organization","name":"ElementVape.DE","url":"https:\/\/www.elementvape.de\/","logo":{"@type":"ImageObject","inLanguage":"fr-FR","@id":"https:\/\/www.elementvape.de\/#\/schema\/logo\/image\/","url":"https:\/\/www.elementvape.de\/wp-content\/uploads\/2024\/09\/cropped-1elementvape-3.png","contentUrl":"https:\/\/www.elementvape.de\/wp-content\/uploads\/2024\/09\/cropped-1elementvape-3.png","width":285,"height":228,"caption":"ElementVape.DE"},"image":{"@id":"https:\/\/www.elementvape.de\/#\/schema\/logo\/image\/"}}]}},"_links":{"self":[{"href":"https:\/\/www.elementvape.de\/fr\/wp-json\/wp\/v2\/product\/8625"}],"collection":[{"href":"https:\/\/www.elementvape.de\/fr\/wp-json\/wp\/v2\/product"}],"about":[{"href":"https:\/\/www.elementvape.de\/fr\/wp-json\/wp\/v2\/types\/product"}],"wp:featuredmedia":[{"embeddable":true,"href":"https:\/\/www.elementvape.de\/fr\/wp-json\/wp\/v2\/media\/8626"}],"wp:attachment":[{"href":"https:\/\/www.elementvape.de\/fr\/wp-json\/wp\/v2\/media?parent=8625"}],"wp:term":[{"taxonomy":"product_cat","embeddable":true,"href":"https:\/\/www.elementvape.de\/fr\/wp-json\/wp\/v2\/product_cat?post=8625"},{"taxonomy":"product_tag","embeddable":true,"href":"https:\/\/www.elementvape.de\/fr\/wp-json\/wp\/v2\/product_tag?post=8625"}],"curies":[{"name":"wp","href":"https:\/\/api.w.org\/{rel}","templated":true}]}}