{"id":8534,"date":"2024-04-20T06:38:29","date_gmt":"2024-04-20T06:38:29","guid":{"rendered":"https:\/\/www.elementvape.de\/?post_type=product&#038;p=8534"},"modified":"2024-12-12T06:36:56","modified_gmt":"2024-12-12T06:36:56","slug":"geekvape-wenax-q-pod-kit-1000mah-batterie-25w","status":"publish","type":"product","link":"https:\/\/www.elementvape.de\/fr\/produkt\/geekvape-wenax-q-pod-kit-1000mah-batterie-25w\/","title":{"rendered":"Kit de pod Geekvape Wenax Q 1000mAh batterie 25W vape 2ml remplissage par le haut vaporisateur cigarette \u00e9lectronique MTL RDL stylo vape"},"content":{"rendered":"<p>&nbsp;<\/p>\n<div class=\"product-specs-list-container\">\n<ul class=\"product-specs-list util-clearfix\">\n<li class=\"product-prop line-limit-length\"><span class=\"property-title\">Fonction de Surveillance du Nombre de Fumeurs :\u00a0<\/span><span class=\"property-desc line-limit-length\">Non<\/span><\/li>\n<li class=\"product-prop line-limit-length\"><span class=\"property-title\">\u00c9tui en Silicone :\u00a0<\/span><span class=\"property-desc line-limit-length\">Non<\/span><\/li>\n<li class=\"product-prop line-limit-length\"><span class=\"property-title\">Contr\u00f4le de Temp\u00e9rature :\u00a0<\/span><span class=\"property-desc line-limit-length\">Ja<\/span><\/li>\n<li class=\"product-prop line-limit-length\"><span class=\"property-title\">Batterie Int\u00e9gr\u00e9e ou Externe :\u00a0<\/span><span class=\"property-desc line-limit-length\">Int\u00e9gr\u00e9<\/span><\/li>\n<li class=\"product-prop line-limit-length\"><span class=\"property-title\">Fonction de Protection contre les Courts-Circuits :\u00a0<\/span><span class=\"property-desc line-limit-length\">Ja<\/span><\/li>\n<li class=\"product-prop line-limit-length\"><span class=\"property-title\">Fonction de Protection contre la Surchauffe :\u00a0<\/span><span class=\"property-desc line-limit-length\">Ja<\/span><\/li>\n<li class=\"product-prop line-limit-length\"><span class=\"property-title\">Fonction d'alarme de basse tension :\u00a0<\/span><span class=\"property-desc line-limit-length\">Ja<\/span><\/li>\n<li class=\"product-prop line-limit-length\"><span class=\"property-title\">Fonction d'identification du vaporisateur :\u00a0<\/span><span class=\"property-desc line-limit-length\">Ja<\/span><\/li>\n<li class=\"product-prop line-limit-length\"><span class=\"property-title\">Modes de r\u00e9glage TCR :\u00a0<\/span><span class=\"property-desc line-limit-length\">Ja<\/span><\/li>\n<li class=\"product-prop line-limit-length\"><span class=\"property-title\">Capacit\u00e9 nominale :\u00a0<\/span><span class=\"property-desc line-limit-length\">1000mAh<\/span><\/li>\n<li class=\"product-prop line-limit-length\"><span class=\"property-title\">Mod\u00e8le compatible :\u00a0<\/span><span class=\"property-desc line-limit-length\">Bo\u00eete de cigarette \u00e9lectronique Mod Vape<\/span><\/li>\n<li class=\"product-prop line-limit-length\"><span class=\"property-title\">Num\u00e9ro de mod\u00e8le :\u00a0<\/span><span class=\"property-desc line-limit-length\">Kit Pod Wenax Q GeekVape<\/span><\/li>\n<li class=\"product-prop line-limit-length\"><span class=\"property-title\">Chargeur USB :\u00a0<\/span><span class=\"property-desc line-limit-length\">Ja<\/span><\/li>\n<li class=\"product-prop line-limit-length\"><span class=\"property-title\">Mise \u00e0 jour du firmware :\u00a0<\/span><span class=\"property-desc line-limit-length\">Non<\/span><\/li>\n<li class=\"product-prop line-limit-length\"><span class=\"property-title\">Affichage :\u00a0<\/span><span class=\"property-desc line-limit-length\">Ja<\/span><\/li>\n<li class=\"product-prop line-limit-length\"><span class=\"property-title\">Type :\u00a0<\/span><span class=\"property-desc line-limit-length\">Mod \u00c9lectronique<\/span><\/li>\n<li class=\"product-prop line-limit-length\"><span class=\"property-title\">Nom de la marque :\u00a0<\/span><span class=\"property-desc line-limit-length\">GEEKVAPE<\/span><\/li>\n<li class=\"product-prop line-limit-length\"><span class=\"property-title\">Origine :\u00a0<\/span><span class=\"property-desc line-limit-length\">CN (Origine)<\/span><\/li>\n<\/ul>\n<\/div>\n<div class=\"detailmodule_html\">\n<div class=\"detail-desc-decorate-richtext\">\n<div class=\"detailmodule_dynamic\"><\/div>\n<div><\/div>\n<div><span id=\"tl_1\" style=\"font-size: 22px; font-family: arial, helvetica, sans-serif;\">Kit de pod Geekvape Wenax Q 1000mAh batterie 25W vape 2ml remplissage par le haut vaporisateur cigarette \u00e9lectronique MTL RDL stylo vape<\/span><\/div>\n<div><\/div>\n<p><span id=\"tl_2\" style=\"font-size: 18px; font-family: arial, helvetica, sans-serif;\">Description :<\/span><\/p>\n<p><span id=\"tl_3\" style=\"font-size: 18px; font-family: arial, helvetica, sans-serif;\">Le kit Wenax Q est \u00e9quip\u00e9 d'une batterie de 1000mAh et d'une cartouche Geekvape Q de 2ml. Il est facile pour vous de retirer la pointe de goutte et de remplir le e-liquide. Il offre non seulement un contr\u00f4le pr\u00e9cis du flux d'air pour produire diff\u00e9rentes nuages, mais aussi un contr\u00f4le pr\u00e9cis de la sortie pour obtenir un go\u00fbt doux ou une sensation forte en gorge. De plus, il est simple et l\u00e9ger pour vous de vapoter avec le mode intelligent. L'\u00e9cran HD est ajout\u00e9 pour vous afficher les d\u00e9tails. Le kit Geekvape Wenax Q peut vous offrir un vapotage MTL et restrictif DTL. Le kit Wenax Q utilise la technologie VPU la plus r\u00e9cente, qui vous apporte un go\u00fbt plus doux, une dur\u00e9e d'utilisation plus longue et un vapotage plus s\u00fbr.<\/span><\/p>\n<p>&nbsp;<\/p>\n<p><span id=\"tl_4\" style=\"font-size: 18px; font-family: arial, helvetica, sans-serif;\">Param\u00e8tres :<\/span><\/p>\n<p><span id=\"tl_5\" style=\"font-size: 18px; font-family: arial, helvetica, sans-serif;\">Marque : geekvape<\/span><\/p>\n<p><span id=\"tl_6\" style=\"font-size: 18px; font-family: arial, helvetica, sans-serif;\">Nom du produit : kit Wenax Q<\/span><\/p>\n<p><span id=\"tl_7\" style=\"font-size: 18px; font-family: arial, helvetica, sans-serif;\">Puissance de sortie : 5-25W<\/span><\/p>\n<p><span id=\"tl_8\" style=\"font-size: 18px; font-family: arial, helvetica, sans-serif;\">Capacit\u00e9 de la cartouche : 2ml<\/span><\/p>\n<p><span id=\"tl_9\" style=\"font-size: 18px; font-family: arial, helvetica, sans-serif;\">R\u00e9sistance des coils : 0,6 Ohm \/ 1,2 Ohm<\/span><\/p>\n<p><span id=\"tl_10\" style=\"font-size: 18px; font-family: arial, helvetica, sans-serif;\">Capacit\u00e9 de la batterie : 1000mah<\/span><\/p>\n<p><span id=\"tl_11\" style=\"font-size: 18px; font-family: arial, helvetica, sans-serif;\">Type de connexion de charge : Type-C<\/span><\/p>\n<p><span id=\"tl_12\" style=\"font-size: 18px; font-family: arial, helvetica, sans-serif;\">Affichage : \u00e9cran OLED HD &amp; LED sur le bouton<\/span><\/p>\n<p><span id=\"tl_13\" style=\"font-size: 18px; font-family: arial, helvetica, sans-serif;\">Instructions pour l'\u00e9tat de la batterie : lumi\u00e8re rouge (70%)<\/span><\/p>\n<p><span id=\"tl_14\" style=\"font-size: 18px; font-family: arial, helvetica, sans-serif;\">Temp\u00e9rature de fonctionnement : ~ 60 \u2103<\/span><\/p>\n<p><span id=\"tl_15\" style=\"font-size: 18px; font-family: arial, helvetica, sans-serif;\">Type de remplissage : remplissage sup\u00e9rieur<\/span><\/p>\n<p><span id=\"tl_16\" style=\"font-size: 18px; font-family: arial, helvetica, sans-serif;\">Couleur : Bleu cobalt, Rose, Rose Sakura, Violet d\u00e9grad\u00e9, Jaune coucher de soleil, Vert turquoise, D\u00e9grad\u00e9 fonc\u00e9, Noir<\/span><\/p>\n<p>&nbsp;<\/p>\n<p><span id=\"tl_17\" style=\"font-size: 18px; font-family: arial, helvetica, sans-serif;\">D\u00e9tails :<\/span><\/p>\n<p><span id=\"tl_18\" style=\"font-size: 18px; font-family: arial, helvetica, sans-serif;\">1. Compatible avec la cartouche geekvape Q<\/span><\/p>\n<p><span id=\"tl_19\" style=\"font-size: 18px; font-family: arial, helvetica, sans-serif;\">Ajustements pr\u00e9cis pour le flux d'air et la sortie<\/span><\/p>\n<p><span id=\"tl_20\" style=\"font-size: 18px; font-family: arial, helvetica, sans-serif;\">Performance maximale de 25w, remplissage sup\u00e9rieur<\/span><\/p>\n<p><span id=\"tl_21\" style=\"font-size: 18px; font-family: arial, helvetica, sans-serif;\">Affichage OLED HD<\/span><\/p>\n<p><span id=\"tl_22\" style=\"font-size: 18px; font-family: arial, helvetica, sans-serif;\">Batterie de 1000mAh, performance stable<\/span><\/p>\n<p><span id=\"tl_23\" style=\"font-size: 18px; font-family: arial, helvetica, sans-serif;\">Design s\u00e9curis\u00e9 pour les enfants<\/span><\/p>\n<p><span id=\"tl_24\" style=\"font-size: 18px; font-family: arial, helvetica, sans-serif;\">Support MTL &amp; RDL vaping limit\u00e9 mensuel<\/span><\/p>\n<p><span id=\"tl_25\" style=\"font-size: 18px; font-family: arial, helvetica, sans-serif;\">Corps solide, aspect brillant<\/span><\/p>\n<p><span id=\"tl_26\" style=\"font-size: 18px; font-family: arial, helvetica, sans-serif;\">Tech VPU : saveur plus douce, dur\u00e9e d'utilisation prolong\u00e9e, vape plus s\u00fbre<\/span><\/p>\n<p>&nbsp;<\/p>\n<p><span id=\"tl_27\" style=\"font-size: 18px; font-family: arial, helvetica, sans-serif;\">Le paquet du kit de pod Wenax Q comprend :<\/span><\/p>\n<p><span id=\"tl_28\" style=\"font-size: 18px; font-family: arial, helvetica, sans-serif;\">1 * appareil Geekvape Wenax Q<\/span><\/p>\n<p><span id=\"tl_29\" style=\"font-size: 18px; font-family: arial, helvetica, sans-serif;\">1 * cartouche Geekvape Q 2ml 0,6 Ohm<\/span><\/p>\n<p><span id=\"tl_30\" style=\"font-size: 18px; font-family: arial, helvetica, sans-serif;\">1 * cartouche Geekvape Q 2ml 1,2 Ohm<\/span><\/p>\n<p><span id=\"tl_31\" style=\"font-size: 18px; font-family: arial, helvetica, sans-serif;\">1 * c\u00e2ble USB-C<\/span><\/p>\n<p>&nbsp;<\/p>\n<p><img decoding=\"async\" loading=\"lazy\" src=\"https:\/\/ae01.alicdn.com\/kf\/S0f35172d2b8d4383b89c53ef42c740b57.jpg\" \/><img decoding=\"async\" loading=\"lazy\" src=\"https:\/\/ae01.alicdn.com\/kf\/S66385c6823984ad3826809194051885fs.jpg\" \/><img decoding=\"async\" loading=\"lazy\" src=\"https:\/\/ae01.alicdn.com\/kf\/Sfe20b1543e0741e3a8aed5bf527102b64.jpg\" \/><img decoding=\"async\" loading=\"lazy\" src=\"https:\/\/ae01.alicdn.com\/kf\/S062c36c14c5b40bbb9e529f152fc6cafW.jpg\" \/><img decoding=\"async\" loading=\"lazy\" src=\"https:\/\/ae01.alicdn.com\/kf\/S2fdf992c8e0c4ccb8359c61d6beff5b2B.jpg\" \/><img decoding=\"async\" loading=\"lazy\" src=\"https:\/\/ae01.alicdn.com\/kf\/Saee4b05379284bffa78fa39c36a1225fh.jpg\" \/><img decoding=\"async\" loading=\"lazy\" src=\"https:\/\/ae01.alicdn.com\/kf\/S597c0bfd460d4576a872ae0f7112cf9fy.jpg\" \/><img decoding=\"async\" loading=\"lazy\" src=\"https:\/\/ae01.alicdn.com\/kf\/Sf14f4954366243c0af40177a45671f39n.jpg\" \/><img decoding=\"async\" loading=\"lazy\" src=\"https:\/\/ae01.alicdn.com\/kf\/Sc1d354a45dae44829a1669d651b78187h.jpg\" \/><\/p>\n<\/div>\n<\/div>","protected":false},"excerpt":{"rendered":"<p>&nbsp; \u00dcberwachung Funktion Von Rauchen Anzahl:\u00a0Nein Silikon Fall:\u00a0Nein Temperaturregelung:\u00a0Ja Eingebaute Oder Externe Batterie:\u00a0Eingebaute Kurzschlussschutz Funktion:\u00a0Ja \u00dcberhitzungsschutz-funktion:\u00a0Ja Niederspannungsalarmfunktion:\u00a0Ja Zerst\u00e4uber Identifikation Funktion:\u00a0Ja TCR Einstellung Modi:\u00a0Ja Nominale Kapazit\u00e4t:\u00a01000mAh Compatible Model:\u00a0Electronic Cigarette Box Mod Vape Modellnummer:\u00a0GeekVape Wenax Q Pod Kit Usb-ladeger\u00e4t:\u00a0Ja Firmware-upgrade:\u00a0Nein Display:\u00a0Ja Art:\u00a0Elektrische Mod Markenname:\u00a0GEEKVAPE Ursprung:\u00a0CN (Herkunft) Original geekvape wenax q pod kit 1000mah batterie 25w vape 2ml [&hellip;]<\/p>","protected":false},"featured_media":8535,"template":"","meta":{"inline_featured_image":false},"product_cat":[750,737,736,749,76,81],"product_tag":[],"tiered_pricing_type":"fixed","tiered_pricing_fixed_rules":[],"tiered_pricing_percentage_rules":[],"tiered_pricing_minimum":1,"_administrator_tiered_pricing_type":"fixed","_administrator_tiered_pricing_fixed_rules":[],"_editor_tiered_pricing_type":"fixed","_editor_tiered_pricing_fixed_rules":[],"_author_tiered_pricing_type":"fixed","_author_tiered_pricing_fixed_rules":[],"_contributor_tiered_pricing_type":"fixed","_contributor_tiered_pricing_fixed_rules":[],"_subscriber_tiered_pricing_type":"fixed","_subscriber_tiered_pricing_fixed_rules":[],"_customer_tiered_pricing_type":"fixed","_customer_tiered_pricing_fixed_rules":[],"_shop_manager_tiered_pricing_type":"fixed","_shop_manager_tiered_pricing_fixed_rules":[],"_wpseo_manager_tiered_pricing_type":"fixed","_wpseo_manager_tiered_pricing_fixed_rules":[],"_wpseo_editor_tiered_pricing_type":"fixed","_wpseo_editor_tiered_pricing_fixed_rules":[],"_wholesale_customer_tiered_pricing_type":"fixed","_wholesale_customer_tiered_pricing_fixed_rules":[],"_marketer_tiered_pricing_type":"fixed","_marketer_tiered_pricing_fixed_rules":[],"_sales_manager_tiered_pricing_type":"fixed","_sales_manager_tiered_pricing_fixed_rules":[],"_sales_rep_tiered_pricing_type":"fixed","_sales_rep_tiered_pricing_fixed_rules":[],"yoast_head":"<!-- This site is optimized with the Yoast SEO plugin v23.3 - https:\/\/yoast.com\/wordpress\/plugins\/seo\/ -->\n<title>Geekvape wenax q pod kit 1000mah batterie 25w vape 2ml top f\u00fcllung vapor izer elektronische zigarette mtl rdl vape pen | ElementVape.de<\/title>\n<meta name=\"description\" content=\"Wir bieten Geekvape wenax q pod kit 1000mah batterie 25w vape 2ml top f\u00fcllung vapor izer elektronische zigarette mtl rdl vape pen , Elementvape.de akzeptieren Gro\u00df-und Einzelhandel Bestellungen.\" \/>\n<meta name=\"robots\" content=\"index, follow, max-snippet:-1, max-image-preview:large, max-video-preview:-1\" \/>\n<link rel=\"canonical\" href=\"https:\/\/www.elementvape.de\/fr\/produkt\/geekvape-wenax-q-pod-kit-1000mah-batterie-25w\/\" \/>\n<meta property=\"og:locale\" content=\"fr_FR\" \/>\n<meta property=\"og:type\" content=\"article\" \/>\n<meta property=\"og:title\" content=\"Geekvape wenax q pod kit 1000mah batterie 25w vape 2ml top f\u00fcllung vapor izer elektronische zigarette mtl rdl vape pen | ElementVape.de\" \/>\n<meta property=\"og:description\" content=\"Wir bieten Geekvape wenax q pod kit 1000mah batterie 25w vape 2ml top f\u00fcllung vapor izer elektronische zigarette mtl rdl vape pen , Elementvape.de akzeptieren Gro\u00df-und Einzelhandel Bestellungen.\" \/>\n<meta property=\"og:url\" content=\"https:\/\/www.elementvape.de\/fr\/produkt\/geekvape-wenax-q-pod-kit-1000mah-batterie-25w\/\" \/>\n<meta property=\"og:site_name\" content=\"ElementVape.de\" \/>\n<meta property=\"article:modified_time\" content=\"2024-12-12T06:36:56+00:00\" \/>\n<meta property=\"og:image\" content=\"https:\/\/ae01.alicdn.com\/kf\/S60babee1543440dc98062f0cb3c7b75fQ\/Original-geekvape-wenax-q-pod-kit-1000mah-batterie-25w-vape-2ml-top-f-llung-vapor-izer.jpg\" \/>\n\t<meta property=\"og:image:width\" content=\"800\" \/>\n\t<meta property=\"og:image:height\" content=\"800\" \/>\n\t<meta property=\"og:image:type\" content=\"image\/jpeg\" \/>\n<meta name=\"twitter:card\" content=\"summary_large_image\" \/>\n<meta name=\"twitter:label1\" content=\"Est. reading time\" \/>\n\t<meta name=\"twitter:data1\" content=\"4 minutes\" \/>\n<script type=\"application\/ld+json\" class=\"yoast-schema-graph\">{\"@context\":\"https:\/\/schema.org\",\"@graph\":[{\"@type\":\"WebPage\",\"@id\":\"https:\/\/www.elementvape.de\/produkt\/geekvape-wenax-q-pod-kit-1000mah-batterie-25w\/\",\"url\":\"https:\/\/www.elementvape.de\/produkt\/geekvape-wenax-q-pod-kit-1000mah-batterie-25w\/\",\"name\":\"Geekvape wenax q pod kit 1000mah batterie 25w vape 2ml top f\u00fcllung vapor izer elektronische zigarette mtl rdl vape pen | ElementVape.de\",\"isPartOf\":{\"@id\":\"https:\/\/www.elementvape.de\/#website\"},\"primaryImageOfPage\":{\"@id\":\"https:\/\/www.elementvape.de\/produkt\/geekvape-wenax-q-pod-kit-1000mah-batterie-25w\/#primaryimage\"},\"image\":{\"@id\":\"https:\/\/www.elementvape.de\/produkt\/geekvape-wenax-q-pod-kit-1000mah-batterie-25w\/#primaryimage\"},\"thumbnailUrl\":\"https:\/\/ae01.alicdn.com\/kf\/S60babee1543440dc98062f0cb3c7b75fQ\/Original-geekvape-wenax-q-pod-kit-1000mah-batterie-25w-vape-2ml-top-f-llung-vapor-izer.jpg\",\"datePublished\":\"2024-04-20T06:38:29+00:00\",\"dateModified\":\"2024-12-12T06:36:56+00:00\",\"description\":\"Wir bieten Geekvape wenax q pod kit 1000mah batterie 25w vape 2ml top f\u00fcllung vapor izer elektronische zigarette mtl rdl vape pen , Elementvape.de akzeptieren Gro\u00df-und Einzelhandel Bestellungen.\",\"breadcrumb\":{\"@id\":\"https:\/\/www.elementvape.de\/produkt\/geekvape-wenax-q-pod-kit-1000mah-batterie-25w\/#breadcrumb\"},\"inLanguage\":\"fr-FR\",\"potentialAction\":[{\"@type\":\"ReadAction\",\"target\":[\"https:\/\/www.elementvape.de\/produkt\/geekvape-wenax-q-pod-kit-1000mah-batterie-25w\/\"]}]},{\"@type\":\"ImageObject\",\"inLanguage\":\"fr-FR\",\"@id\":\"https:\/\/www.elementvape.de\/produkt\/geekvape-wenax-q-pod-kit-1000mah-batterie-25w\/#primaryimage\",\"url\":\"https:\/\/ae01.alicdn.com\/kf\/S60babee1543440dc98062f0cb3c7b75fQ\/Original-geekvape-wenax-q-pod-kit-1000mah-batterie-25w-vape-2ml-top-f-llung-vapor-izer.jpg\",\"contentUrl\":\"https:\/\/ae01.alicdn.com\/kf\/S60babee1543440dc98062f0cb3c7b75fQ\/Original-geekvape-wenax-q-pod-kit-1000mah-batterie-25w-vape-2ml-top-f-llung-vapor-izer.jpg\",\"width\":800,\"height\":800},{\"@type\":\"BreadcrumbList\",\"@id\":\"https:\/\/www.elementvape.de\/produkt\/geekvape-wenax-q-pod-kit-1000mah-batterie-25w\/#breadcrumb\",\"itemListElement\":[{\"@type\":\"ListItem\",\"position\":1,\"name\":\"Home\",\"item\":\"https:\/\/www.elementvape.de\/\"},{\"@type\":\"ListItem\",\"position\":2,\"name\":\"Shop\",\"item\":\"https:\/\/www.elementvape.de\/shop\/\"},{\"@type\":\"ListItem\",\"position\":3,\"name\":\"Geekvape wenax q pod kit 1000mah batterie 25w vape 2ml top f\u00fcllung vapor izer elektronische zigarette mtl rdl vape pen\"}]},{\"@type\":\"WebSite\",\"@id\":\"https:\/\/www.elementvape.de\/#website\",\"url\":\"https:\/\/www.elementvape.de\/\",\"name\":\"ElementVape.de\",\"description\":\"\",\"publisher\":{\"@id\":\"https:\/\/www.elementvape.de\/#organization\"},\"potentialAction\":[{\"@type\":\"SearchAction\",\"target\":{\"@type\":\"EntryPoint\",\"urlTemplate\":\"https:\/\/www.elementvape.de\/?s={search_term_string}\"},\"query-input\":\"required name=search_term_string\"}],\"inLanguage\":\"fr-FR\"},{\"@type\":\"Organization\",\"@id\":\"https:\/\/www.elementvape.de\/#organization\",\"name\":\"ElementVape.DE\",\"url\":\"https:\/\/www.elementvape.de\/\",\"logo\":{\"@type\":\"ImageObject\",\"inLanguage\":\"fr-FR\",\"@id\":\"https:\/\/www.elementvape.de\/#\/schema\/logo\/image\/\",\"url\":\"https:\/\/www.elementvape.de\/wp-content\/uploads\/2024\/09\/cropped-1elementvape-3.png\",\"contentUrl\":\"https:\/\/www.elementvape.de\/wp-content\/uploads\/2024\/09\/cropped-1elementvape-3.png\",\"width\":285,\"height\":228,\"caption\":\"ElementVape.DE\"},\"image\":{\"@id\":\"https:\/\/www.elementvape.de\/#\/schema\/logo\/image\/\"}}]}<\/script>\n<!-- \/ Yoast SEO plugin. -->","yoast_head_json":{"title":"Geekvape wenax q pod kit 1000mah batterie 25w vape 2ml top f\u00fcllung vapor izer elektronische zigarette mtl rdl vape pen | ElementVape.de","description":"Wir bieten Geekvape wenax q pod kit 1000mah batterie 25w vape 2ml top f\u00fcllung vapor izer elektronische zigarette mtl rdl vape pen , Elementvape.de akzeptieren Gro\u00df-und Einzelhandel Bestellungen.","robots":{"index":"index","follow":"follow","max-snippet":"max-snippet:-1","max-image-preview":"max-image-preview:large","max-video-preview":"max-video-preview:-1"},"canonical":"https:\/\/www.elementvape.de\/fr\/produkt\/geekvape-wenax-q-pod-kit-1000mah-batterie-25w\/","og_locale":"fr_FR","og_type":"article","og_title":"Geekvape wenax q pod kit 1000mah batterie 25w vape 2ml top f\u00fcllung vapor izer elektronische zigarette mtl rdl vape pen | ElementVape.de","og_description":"Wir bieten Geekvape wenax q pod kit 1000mah batterie 25w vape 2ml top f\u00fcllung vapor izer elektronische zigarette mtl rdl vape pen , Elementvape.de akzeptieren Gro\u00df-und Einzelhandel Bestellungen.","og_url":"https:\/\/www.elementvape.de\/fr\/produkt\/geekvape-wenax-q-pod-kit-1000mah-batterie-25w\/","og_site_name":"ElementVape.de","article_modified_time":"2024-12-12T06:36:56+00:00","og_image":[{"width":800,"height":800,"url":"https:\/\/ae01.alicdn.com\/kf\/S60babee1543440dc98062f0cb3c7b75fQ\/Original-geekvape-wenax-q-pod-kit-1000mah-batterie-25w-vape-2ml-top-f-llung-vapor-izer.jpg","type":"image\/jpeg"}],"twitter_card":"summary_large_image","twitter_misc":{"Est. reading time":"4 minutes"},"schema":{"@context":"https:\/\/schema.org","@graph":[{"@type":"WebPage","@id":"https:\/\/www.elementvape.de\/produkt\/geekvape-wenax-q-pod-kit-1000mah-batterie-25w\/","url":"https:\/\/www.elementvape.de\/produkt\/geekvape-wenax-q-pod-kit-1000mah-batterie-25w\/","name":"Geekvape wenax q pod kit 1000mah batterie 25w vape 2ml top f\u00fcllung vapor izer elektronische zigarette mtl rdl vape pen | ElementVape.de","isPartOf":{"@id":"https:\/\/www.elementvape.de\/#website"},"primaryImageOfPage":{"@id":"https:\/\/www.elementvape.de\/produkt\/geekvape-wenax-q-pod-kit-1000mah-batterie-25w\/#primaryimage"},"image":{"@id":"https:\/\/www.elementvape.de\/produkt\/geekvape-wenax-q-pod-kit-1000mah-batterie-25w\/#primaryimage"},"thumbnailUrl":"https:\/\/ae01.alicdn.com\/kf\/S60babee1543440dc98062f0cb3c7b75fQ\/Original-geekvape-wenax-q-pod-kit-1000mah-batterie-25w-vape-2ml-top-f-llung-vapor-izer.jpg","datePublished":"2024-04-20T06:38:29+00:00","dateModified":"2024-12-12T06:36:56+00:00","description":"Wir bieten Geekvape wenax q pod kit 1000mah batterie 25w vape 2ml top f\u00fcllung vapor izer elektronische zigarette mtl rdl vape pen , Elementvape.de akzeptieren Gro\u00df-und Einzelhandel Bestellungen.","breadcrumb":{"@id":"https:\/\/www.elementvape.de\/produkt\/geekvape-wenax-q-pod-kit-1000mah-batterie-25w\/#breadcrumb"},"inLanguage":"fr-FR","potentialAction":[{"@type":"ReadAction","target":["https:\/\/www.elementvape.de\/produkt\/geekvape-wenax-q-pod-kit-1000mah-batterie-25w\/"]}]},{"@type":"ImageObject","inLanguage":"fr-FR","@id":"https:\/\/www.elementvape.de\/produkt\/geekvape-wenax-q-pod-kit-1000mah-batterie-25w\/#primaryimage","url":"https:\/\/ae01.alicdn.com\/kf\/S60babee1543440dc98062f0cb3c7b75fQ\/Original-geekvape-wenax-q-pod-kit-1000mah-batterie-25w-vape-2ml-top-f-llung-vapor-izer.jpg","contentUrl":"https:\/\/ae01.alicdn.com\/kf\/S60babee1543440dc98062f0cb3c7b75fQ\/Original-geekvape-wenax-q-pod-kit-1000mah-batterie-25w-vape-2ml-top-f-llung-vapor-izer.jpg","width":800,"height":800},{"@type":"BreadcrumbList","@id":"https:\/\/www.elementvape.de\/produkt\/geekvape-wenax-q-pod-kit-1000mah-batterie-25w\/#breadcrumb","itemListElement":[{"@type":"ListItem","position":1,"name":"Home","item":"https:\/\/www.elementvape.de\/"},{"@type":"ListItem","position":2,"name":"Shop","item":"https:\/\/www.elementvape.de\/shop\/"},{"@type":"ListItem","position":3,"name":"Geekvape wenax q pod kit 1000mah batterie 25w vape 2ml top f\u00fcllung vapor izer elektronische zigarette mtl rdl vape pen"}]},{"@type":"WebSite","@id":"https:\/\/www.elementvape.de\/#website","url":"https:\/\/www.elementvape.de\/","name":"ElementVape.de","description":"","publisher":{"@id":"https:\/\/www.elementvape.de\/#organization"},"potentialAction":[{"@type":"SearchAction","target":{"@type":"EntryPoint","urlTemplate":"https:\/\/www.elementvape.de\/?s={search_term_string}"},"query-input":"required name=search_term_string"}],"inLanguage":"fr-FR"},{"@type":"Organization","@id":"https:\/\/www.elementvape.de\/#organization","name":"ElementVape.DE","url":"https:\/\/www.elementvape.de\/","logo":{"@type":"ImageObject","inLanguage":"fr-FR","@id":"https:\/\/www.elementvape.de\/#\/schema\/logo\/image\/","url":"https:\/\/www.elementvape.de\/wp-content\/uploads\/2024\/09\/cropped-1elementvape-3.png","contentUrl":"https:\/\/www.elementvape.de\/wp-content\/uploads\/2024\/09\/cropped-1elementvape-3.png","width":285,"height":228,"caption":"ElementVape.DE"},"image":{"@id":"https:\/\/www.elementvape.de\/#\/schema\/logo\/image\/"}}]}},"_links":{"self":[{"href":"https:\/\/www.elementvape.de\/fr\/wp-json\/wp\/v2\/product\/8534"}],"collection":[{"href":"https:\/\/www.elementvape.de\/fr\/wp-json\/wp\/v2\/product"}],"about":[{"href":"https:\/\/www.elementvape.de\/fr\/wp-json\/wp\/v2\/types\/product"}],"wp:featuredmedia":[{"embeddable":true,"href":"https:\/\/www.elementvape.de\/fr\/wp-json\/wp\/v2\/media\/8535"}],"wp:attachment":[{"href":"https:\/\/www.elementvape.de\/fr\/wp-json\/wp\/v2\/media?parent=8534"}],"wp:term":[{"taxonomy":"product_cat","embeddable":true,"href":"https:\/\/www.elementvape.de\/fr\/wp-json\/wp\/v2\/product_cat?post=8534"},{"taxonomy":"product_tag","embeddable":true,"href":"https:\/\/www.elementvape.de\/fr\/wp-json\/wp\/v2\/product_tag?post=8534"}],"curies":[{"name":"wp","href":"https:\/\/api.w.org\/{rel}","templated":true}]}}