{"id":8319,"date":"2024-04-20T08:11:34","date_gmt":"2024-04-20T08:11:34","guid":{"rendered":"https:\/\/www.elementvape.de\/?post_type=product&#038;p=8319"},"modified":"2024-09-12T10:31:54","modified_gmt":"2024-09-12T10:31:54","slug":"vapor-esso-gen-220-mod-e-zigaretten-zerstaeuber","status":"publish","type":"product","link":"https:\/\/www.elementvape.de\/fr\/produkt\/vapor-esso-gen-220-mod-e-zigaretten-zerstaeuber\/","title":{"rendered":"Vapor Esso Gen 220 Mod Atomiseur de cigarette \u00e9lectronique"},"content":{"rendered":"<p>&nbsp;<\/p>\n<div class=\"product-specs-list-container\">\n<ul class=\"product-specs-list util-clearfix\">\n<li class=\"product-prop line-limit-length\"><span class=\"property-title\">Fonction de Surveillance du Nombre de Fumeurs :\u00a0<\/span><span class=\"property-desc line-limit-length\">Ja<\/span><\/li>\n<li class=\"product-prop line-limit-length\"><span class=\"property-title\">\u00c9tui en Silicone :\u00a0<\/span><span class=\"property-desc line-limit-length\">Non<\/span><\/li>\n<li class=\"product-prop line-limit-length\"><span class=\"property-title\">Fonction de Protection contre les Courts-Circuits :\u00a0<\/span><span class=\"property-desc line-limit-length\">Ja<\/span><\/li>\n<li class=\"product-prop line-limit-length\"><span class=\"property-title\">Fonction de Protection contre la Surchauffe :\u00a0<\/span><span class=\"property-desc line-limit-length\">Ja<\/span><\/li>\n<li class=\"product-prop line-limit-length\"><span class=\"property-title\">Fonction d'alarme de basse tension :\u00a0<\/span><span class=\"property-desc line-limit-length\">Ja<\/span><\/li>\n<li class=\"product-prop line-limit-length\"><span class=\"property-title\">Fonction d'identification du vaporisateur :\u00a0<\/span><span class=\"property-desc line-limit-length\">Ja<\/span><\/li>\n<li class=\"product-prop line-limit-length\"><span class=\"property-title\">Contr\u00f4le de Temp\u00e9rature :\u00a0<\/span><span class=\"property-desc line-limit-length\">Ja<\/span><\/li>\n<li class=\"product-prop line-limit-length\"><span class=\"property-title\">Modes de r\u00e9glage TCR :\u00a0<\/span><span class=\"property-desc line-limit-length\">Ja<\/span><\/li>\n<li class=\"product-prop line-limit-length\"><span class=\"property-title\">Batterie Compatible :\u00a0<\/span><span class=\"property-desc line-limit-length\">18650<\/span><\/li>\n<li class=\"product-prop line-limit-length\"><span class=\"property-title\">Mat\u00e9riau :\u00a0<\/span><span class=\"property-desc line-limit-length\">M\u00e9tal<\/span><\/li>\n<li class=\"product-prop line-limit-length\"><span class=\"property-title\">Mod\u00e8le compatible :\u00a0<\/span><span class=\"property-desc line-limit-length\">510 Atomiseur de connexion<\/span><\/li>\n<li class=\"product-prop line-limit-length\"><span class=\"property-title\">Num\u00e9ro de mod\u00e8le :\u00a0<\/span><span class=\"property-desc line-limit-length\">Mod Vaporesso GEN 200<\/span><\/li>\n<li class=\"product-prop line-limit-length\"><span class=\"property-title\">Mise \u00e0 jour du firmware :\u00a0<\/span><span class=\"property-desc line-limit-length\">Ja<\/span><\/li>\n<li class=\"product-prop line-limit-length\"><span class=\"property-title\">Chargeur USB :\u00a0<\/span><span class=\"property-desc line-limit-length\">Ja<\/span><\/li>\n<li class=\"product-prop line-limit-length\"><span class=\"property-title\">Affichage :\u00a0<\/span><span class=\"property-desc line-limit-length\">Ja<\/span><\/li>\n<li class=\"product-prop line-limit-length\"><span class=\"property-title\">Batterie Int\u00e9gr\u00e9e ou Externe :\u00a0<\/span><span class=\"property-desc line-limit-length\">Ja<\/span><\/li>\n<li class=\"product-prop line-limit-length\"><span class=\"property-title\">Type :\u00a0<\/span><span class=\"property-desc line-limit-length\">Mod \u00c9lectronique<\/span><\/li>\n<li class=\"product-prop line-limit-length\"><span class=\"property-title\">Nom de la marque :\u00a0<\/span><span class=\"property-desc line-limit-length\">vaporesso<\/span><\/li>\n<li class=\"product-prop line-limit-length\"><span class=\"property-title\">Origine :\u00a0<\/span><span class=\"property-desc line-limit-length\">CN (Origine)<\/span><\/li>\n<\/ul>\n<\/div>\n<div class=\"detailmodule_html\">\n<div class=\"detail-desc-decorate-richtext\">\n<div class=\"detailmodule_text\">\n<p id=\"tl_1\" class=\"detail-desc-decorate-title\" style=\"font-family: OpenSans; font-size: 20px; font-weight: 900; line-height: 28px; margin-bottom: 12px;\">Vapeur originale esso gen 220 mod double w mod vape compatible avec connecteur itank atomiseur cigarette \u00e9lectronique vaporisateur<\/p>\n<\/div>\n<div class=\"detailmodule_image\"><img decoding=\"async\" loading=\"lazy\" class=\"detail-desc-decorate-image\" style=\"margin-bottom: 10px;\" src=\"https:\/\/ae01.alicdn.com\/kf\/S7569e523514449ae8d7836dc91eae874z.jpg\" \/><\/div>\n<div class=\"detailmodule_text\">\n<p id=\"tl_2\" style=\"font-weight: bold;\">Description du vapor esso gen 200 :<\/p>\n<p id=\"tl_3\" class=\"detail-desc-decorate-content\" style=\"font-family: OpenSans; font-size: 14px; font-weight: 300; line-height: 20px; margin-bottom: 12px;\">Le mod Gen 200 est aliment\u00e9 par une puce axon et deux cellules 18650, et le gen 200 produit de puissantes et aromatiques nuages \u00e0 chaque bouff\u00e9e. Le mod Gen 200 est con\u00e7u avec un rev\u00eatement en caoutchouc \u00e0 4 couches et une forme ergonomique : polycarbonate pour r\u00e9sistance au feu, m\u00e9tal renforc\u00e9 \u00e0 4 couches pour durabilit\u00e9, rev\u00eatement en caoutchouc respirant pour \u00e9viter les empreintes digitales. Trois vis plus grandes sont ajout\u00e9es pour une fixation solide avec le filetage 510. Le mod Gen 0,96 est livr\u00e9 avec un \u00e9cran TFT de 3,5 pouces et un port de charge de type C.<\/p>\n<\/div>\n<div class=\"detailmodule_text\">\n<p id=\"tl_4\" style=\"font-weight: bold;\">Param\u00e8tres du box mod vapor esso gen 200 :<\/p>\n<p id=\"tl_5\" class=\"detail-desc-decorate-content\" style=\"font-family: OpenSans; font-size: 14px; font-weight: 300; line-height: 20px; margin-bottom: 12px;\">Marque : vapor Esso<br \/>\nNom du produit : mod gen 200<br \/>\nBatterie : deux batteries 18650 (non incluses)<br \/>\nCourant de charge : dc 5v\/2a, Type-C<br \/>\nAffichage : \u00e9cran TFT de 0,96 pouce<br \/>\nPuissance de sortie : 5-220w<\/p>\n<\/div>\n<div class=\"detailmodule_text\">\n<p id=\"tl_6\" style=\"font-weight: bold;\">D\u00e9tails du box mod gen 200 :<\/p>\n<p id=\"tl_7\" class=\"detail-desc-decorate-content\" style=\"font-family: OpenSans; font-size: 14px; font-weight: 300; line-height: 20px; margin-bottom: 12px;\">1. Aliment\u00e9 par la puce Axon<br \/>\n2. Rev\u00eatement en caoutchouc \u00e0 4 couches et forme ergonomique<br \/>\n3. Trois vis plus grandes pour une connexion renforc\u00e9e 510<br \/>\n4. Batterie double 18650<br \/>\n5. Charge Type-C<br \/>\n6. \u00c9cran TFT de 0,96 pouce<\/p>\n<\/div>\n<div class=\"detailmodule_text\">\n<p id=\"tl_8\" style=\"font-weight: bold;\">Le paquet du mod gen 200 comprend :<\/p>\n<p id=\"tl_9\" class=\"detail-desc-decorate-content\" style=\"font-family: OpenSans; font-size: 14px; font-weight: 300; line-height: 20px; margin-bottom: 12px;\">1 * vapor esso gen 200 mod<br \/>\n1 * c\u00e2ble Type-C<br \/>\n1 * manuel d'utilisation<br \/>\n1 * carte de garantie<\/p>\n<\/div>\n<div class=\"detailmodule_image\"><img decoding=\"async\" loading=\"lazy\" class=\"detail-desc-decorate-image\" src=\"https:\/\/ae01.alicdn.com\/kf\/S813b9792e53a4ff78716908525c68e45S.png\" \/><br \/>\n<img decoding=\"async\" loading=\"lazy\" class=\"detail-desc-decorate-image\" src=\"https:\/\/ae01.alicdn.com\/kf\/S3c342b238e524f8ca6953945d3410766p.png\" \/><br \/>\n<img decoding=\"async\" loading=\"lazy\" class=\"detail-desc-decorate-image\" src=\"https:\/\/ae01.alicdn.com\/kf\/S9792634af3d34c63bc93343428039130t.png\" \/><br \/>\n<img decoding=\"async\" loading=\"lazy\" class=\"detail-desc-decorate-image\" src=\"https:\/\/ae01.alicdn.com\/kf\/S7f326f9c5cd646e6aaf0daec5731de477.png\" \/><br \/>\n<img decoding=\"async\" loading=\"lazy\" class=\"detail-desc-decorate-image\" src=\"https:\/\/ae01.alicdn.com\/kf\/S1f29631c116541d899e01a72bc95af814.png\" \/><br \/>\n<img decoding=\"async\" loading=\"lazy\" class=\"detail-desc-decorate-image\" src=\"https:\/\/ae01.alicdn.com\/kf\/Sd12d77bc6b434348b62a5652a79b36f71.png\" \/><br \/>\n<img decoding=\"async\" loading=\"lazy\" class=\"detail-desc-decorate-image\" src=\"https:\/\/ae01.alicdn.com\/kf\/S821b39a6a13f4df2be2184dedfda388eC.png\" \/><\/div>\n<p>&nbsp;<\/p>\n<\/div>\n<\/div>","protected":false},"excerpt":{"rendered":"<p>&nbsp; \u00dcberwachung Funktion Von Rauchen Anzahl:\u00a0Ja Silikon Fall:\u00a0Nein Kurzschlussschutz Funktion:\u00a0Ja \u00dcberhitzungsschutz-funktion:\u00a0Ja Niederspannungsalarmfunktion:\u00a0Ja Zerst\u00e4uber Identifikation Funktion:\u00a0Ja Temperaturregelung:\u00a0Ja TCR Einstellung Modi:\u00a0Ja Kompatibler Akku:\u00a018650 Material:\u00a0Metall Compatible Model:\u00a0510 Connection Atomizer Modellnummer:\u00a0Vaporesso GEN 200 Mod Firmware-upgrade:\u00a0Ja Usb-ladeger\u00e4t:\u00a0Ja Display:\u00a0Ja Eingebaute Oder Externe Batterie:\u00a0Ja Art:\u00a0Elektrische Mod Markenname:\u00a0vaporesso Ursprung:\u00a0CN (Herkunft) Original vapor esso gen 220 mod dual w mod vape kompatibel itank anschluss [&hellip;]<\/p>","protected":false},"featured_media":8320,"template":"","meta":{"inline_featured_image":false},"product_cat":[15,78,750,737,736,749,77],"product_tag":[],"tiered_pricing_type":"fixed","tiered_pricing_fixed_rules":[],"tiered_pricing_percentage_rules":[],"tiered_pricing_minimum":1,"_administrator_tiered_pricing_type":"fixed","_administrator_tiered_pricing_fixed_rules":[],"_editor_tiered_pricing_type":"fixed","_editor_tiered_pricing_fixed_rules":[],"_author_tiered_pricing_type":"fixed","_author_tiered_pricing_fixed_rules":[],"_contributor_tiered_pricing_type":"fixed","_contributor_tiered_pricing_fixed_rules":[],"_subscriber_tiered_pricing_type":"fixed","_subscriber_tiered_pricing_fixed_rules":[],"_customer_tiered_pricing_type":"fixed","_customer_tiered_pricing_fixed_rules":[],"_shop_manager_tiered_pricing_type":"fixed","_shop_manager_tiered_pricing_fixed_rules":[],"_wpseo_manager_tiered_pricing_type":"fixed","_wpseo_manager_tiered_pricing_fixed_rules":[],"_wpseo_editor_tiered_pricing_type":"fixed","_wpseo_editor_tiered_pricing_fixed_rules":[],"_wholesale_customer_tiered_pricing_type":"fixed","_wholesale_customer_tiered_pricing_fixed_rules":[],"_marketer_tiered_pricing_type":"fixed","_marketer_tiered_pricing_fixed_rules":[],"_sales_manager_tiered_pricing_type":"fixed","_sales_manager_tiered_pricing_fixed_rules":[],"_sales_rep_tiered_pricing_type":"fixed","_sales_rep_tiered_pricing_fixed_rules":[],"yoast_head":"<!-- This site is optimized with the Yoast SEO plugin v23.3 - https:\/\/yoast.com\/wordpress\/plugins\/seo\/ -->\n<title>Vapor Esso Gen 220 Mod E-Zigaretten zerst\u00e4uber | ElementVape.de<\/title>\n<meta name=\"description\" content=\"Wir bieten Vapor Esso Gen 220 Mod E-Zigaretten zerst\u00e4uber , Elementvape.de akzeptieren Gro\u00df-und Einzelhandel Bestellungen.\" \/>\n<meta name=\"robots\" content=\"index, follow, max-snippet:-1, max-image-preview:large, max-video-preview:-1\" \/>\n<link rel=\"canonical\" href=\"https:\/\/www.elementvape.de\/fr\/produkt\/vapor-esso-gen-220-mod-e-zigaretten-zerstaeuber\/\" \/>\n<meta property=\"og:locale\" content=\"fr_FR\" \/>\n<meta property=\"og:type\" content=\"article\" \/>\n<meta property=\"og:title\" content=\"Vapor Esso Gen 220 Mod E-Zigaretten zerst\u00e4uber | ElementVape.de\" \/>\n<meta property=\"og:description\" content=\"Wir bieten Vapor Esso Gen 220 Mod E-Zigaretten zerst\u00e4uber , Elementvape.de akzeptieren Gro\u00df-und Einzelhandel Bestellungen.\" \/>\n<meta property=\"og:url\" content=\"https:\/\/www.elementvape.de\/fr\/produkt\/vapor-esso-gen-220-mod-e-zigaretten-zerstaeuber\/\" \/>\n<meta property=\"og:site_name\" content=\"ElementVape.de\" \/>\n<meta property=\"article:modified_time\" content=\"2024-09-12T10:31:54+00:00\" \/>\n<meta property=\"og:image\" content=\"https:\/\/ae01.alicdn.com\/kf\/Sbb0d06fc0d3147eda59350379be2f4b6S\/Original-vapor-esso-gen-220-mod-dual-w-mod-vape-kompatibel-itank-itank-2-zerst-uber.jpg\" \/>\n\t<meta property=\"og:image:width\" content=\"800\" \/>\n\t<meta property=\"og:image:height\" content=\"800\" \/>\n\t<meta property=\"og:image:type\" content=\"image\/jpeg\" \/>\n<meta name=\"twitter:card\" content=\"summary_large_image\" \/>\n<meta name=\"twitter:label1\" content=\"Est. reading time\" \/>\n\t<meta name=\"twitter:data1\" content=\"4 minutes\" \/>\n<script type=\"application\/ld+json\" class=\"yoast-schema-graph\">{\"@context\":\"https:\/\/schema.org\",\"@graph\":[{\"@type\":\"WebPage\",\"@id\":\"https:\/\/www.elementvape.de\/lt\/produkt\/vapor-esso-gen-220-mod-e-zigaretten-zerstaeuber\/\",\"url\":\"https:\/\/www.elementvape.de\/lt\/produkt\/vapor-esso-gen-220-mod-e-zigaretten-zerstaeuber\/\",\"name\":\"Vapor Esso Gen 220 Mod E-Zigaretten zerst\u00e4uber | ElementVape.de\",\"isPartOf\":{\"@id\":\"https:\/\/www.elementvape.de\/#website\"},\"primaryImageOfPage\":{\"@id\":\"https:\/\/www.elementvape.de\/lt\/produkt\/vapor-esso-gen-220-mod-e-zigaretten-zerstaeuber\/#primaryimage\"},\"image\":{\"@id\":\"https:\/\/www.elementvape.de\/lt\/produkt\/vapor-esso-gen-220-mod-e-zigaretten-zerstaeuber\/#primaryimage\"},\"thumbnailUrl\":\"https:\/\/ae01.alicdn.com\/kf\/Sbb0d06fc0d3147eda59350379be2f4b6S\/Original-vapor-esso-gen-220-mod-dual-w-mod-vape-kompatibel-itank-itank-2-zerst-uber.jpg\",\"datePublished\":\"2024-04-20T08:11:34+00:00\",\"dateModified\":\"2024-09-12T10:31:54+00:00\",\"description\":\"Wir bieten Vapor Esso Gen 220 Mod E-Zigaretten zerst\u00e4uber , Elementvape.de akzeptieren Gro\u00df-und Einzelhandel Bestellungen.\",\"breadcrumb\":{\"@id\":\"https:\/\/www.elementvape.de\/lt\/produkt\/vapor-esso-gen-220-mod-e-zigaretten-zerstaeuber\/#breadcrumb\"},\"inLanguage\":\"fr-FR\",\"potentialAction\":[{\"@type\":\"ReadAction\",\"target\":[\"https:\/\/www.elementvape.de\/lt\/produkt\/vapor-esso-gen-220-mod-e-zigaretten-zerstaeuber\/\"]}]},{\"@type\":\"ImageObject\",\"inLanguage\":\"fr-FR\",\"@id\":\"https:\/\/www.elementvape.de\/lt\/produkt\/vapor-esso-gen-220-mod-e-zigaretten-zerstaeuber\/#primaryimage\",\"url\":\"https:\/\/ae01.alicdn.com\/kf\/Sbb0d06fc0d3147eda59350379be2f4b6S\/Original-vapor-esso-gen-220-mod-dual-w-mod-vape-kompatibel-itank-itank-2-zerst-uber.jpg\",\"contentUrl\":\"https:\/\/ae01.alicdn.com\/kf\/Sbb0d06fc0d3147eda59350379be2f4b6S\/Original-vapor-esso-gen-220-mod-dual-w-mod-vape-kompatibel-itank-itank-2-zerst-uber.jpg\",\"width\":800,\"height\":800},{\"@type\":\"BreadcrumbList\",\"@id\":\"https:\/\/www.elementvape.de\/lt\/produkt\/vapor-esso-gen-220-mod-e-zigaretten-zerstaeuber\/#breadcrumb\",\"itemListElement\":[{\"@type\":\"ListItem\",\"position\":1,\"name\":\"Home\",\"item\":\"https:\/\/www.elementvape.de\/\"},{\"@type\":\"ListItem\",\"position\":2,\"name\":\"Shop\",\"item\":\"https:\/\/www.elementvape.de\/shop\/\"},{\"@type\":\"ListItem\",\"position\":3,\"name\":\"Vapor Esso Gen 220 Mod E-Zigaretten zerst\u00e4uber\"}]},{\"@type\":\"WebSite\",\"@id\":\"https:\/\/www.elementvape.de\/#website\",\"url\":\"https:\/\/www.elementvape.de\/\",\"name\":\"ElementVape.de\",\"description\":\"\",\"publisher\":{\"@id\":\"https:\/\/www.elementvape.de\/#organization\"},\"potentialAction\":[{\"@type\":\"SearchAction\",\"target\":{\"@type\":\"EntryPoint\",\"urlTemplate\":\"https:\/\/www.elementvape.de\/?s={search_term_string}\"},\"query-input\":\"required name=search_term_string\"}],\"inLanguage\":\"fr-FR\"},{\"@type\":\"Organization\",\"@id\":\"https:\/\/www.elementvape.de\/#organization\",\"name\":\"ElementVape.DE\",\"url\":\"https:\/\/www.elementvape.de\/\",\"logo\":{\"@type\":\"ImageObject\",\"inLanguage\":\"fr-FR\",\"@id\":\"https:\/\/www.elementvape.de\/#\/schema\/logo\/image\/\",\"url\":\"https:\/\/www.elementvape.de\/wp-content\/uploads\/2024\/09\/cropped-1elementvape-3.png\",\"contentUrl\":\"https:\/\/www.elementvape.de\/wp-content\/uploads\/2024\/09\/cropped-1elementvape-3.png\",\"width\":285,\"height\":228,\"caption\":\"ElementVape.DE\"},\"image\":{\"@id\":\"https:\/\/www.elementvape.de\/#\/schema\/logo\/image\/\"}}]}<\/script>\n<!-- \/ Yoast SEO plugin. -->","yoast_head_json":{"title":"Vapor Esso Gen 220 Mod E-Zigaretten zerst\u00e4uber | ElementVape.de","description":"Wir bieten Vapor Esso Gen 220 Mod E-Zigaretten zerst\u00e4uber , Elementvape.de akzeptieren Gro\u00df-und Einzelhandel Bestellungen.","robots":{"index":"index","follow":"follow","max-snippet":"max-snippet:-1","max-image-preview":"max-image-preview:large","max-video-preview":"max-video-preview:-1"},"canonical":"https:\/\/www.elementvape.de\/fr\/produkt\/vapor-esso-gen-220-mod-e-zigaretten-zerstaeuber\/","og_locale":"fr_FR","og_type":"article","og_title":"Vapor Esso Gen 220 Mod E-Zigaretten zerst\u00e4uber | ElementVape.de","og_description":"Wir bieten Vapor Esso Gen 220 Mod E-Zigaretten zerst\u00e4uber , Elementvape.de akzeptieren Gro\u00df-und Einzelhandel Bestellungen.","og_url":"https:\/\/www.elementvape.de\/fr\/produkt\/vapor-esso-gen-220-mod-e-zigaretten-zerstaeuber\/","og_site_name":"ElementVape.de","article_modified_time":"2024-09-12T10:31:54+00:00","og_image":[{"width":800,"height":800,"url":"https:\/\/ae01.alicdn.com\/kf\/Sbb0d06fc0d3147eda59350379be2f4b6S\/Original-vapor-esso-gen-220-mod-dual-w-mod-vape-kompatibel-itank-itank-2-zerst-uber.jpg","type":"image\/jpeg"}],"twitter_card":"summary_large_image","twitter_misc":{"Est. reading time":"4 minutes"},"schema":{"@context":"https:\/\/schema.org","@graph":[{"@type":"WebPage","@id":"https:\/\/www.elementvape.de\/lt\/produkt\/vapor-esso-gen-220-mod-e-zigaretten-zerstaeuber\/","url":"https:\/\/www.elementvape.de\/lt\/produkt\/vapor-esso-gen-220-mod-e-zigaretten-zerstaeuber\/","name":"Vapor Esso Gen 220 Mod E-Zigaretten zerst\u00e4uber | ElementVape.de","isPartOf":{"@id":"https:\/\/www.elementvape.de\/#website"},"primaryImageOfPage":{"@id":"https:\/\/www.elementvape.de\/lt\/produkt\/vapor-esso-gen-220-mod-e-zigaretten-zerstaeuber\/#primaryimage"},"image":{"@id":"https:\/\/www.elementvape.de\/lt\/produkt\/vapor-esso-gen-220-mod-e-zigaretten-zerstaeuber\/#primaryimage"},"thumbnailUrl":"https:\/\/ae01.alicdn.com\/kf\/Sbb0d06fc0d3147eda59350379be2f4b6S\/Original-vapor-esso-gen-220-mod-dual-w-mod-vape-kompatibel-itank-itank-2-zerst-uber.jpg","datePublished":"2024-04-20T08:11:34+00:00","dateModified":"2024-09-12T10:31:54+00:00","description":"Wir bieten Vapor Esso Gen 220 Mod E-Zigaretten zerst\u00e4uber , Elementvape.de akzeptieren Gro\u00df-und Einzelhandel Bestellungen.","breadcrumb":{"@id":"https:\/\/www.elementvape.de\/lt\/produkt\/vapor-esso-gen-220-mod-e-zigaretten-zerstaeuber\/#breadcrumb"},"inLanguage":"fr-FR","potentialAction":[{"@type":"ReadAction","target":["https:\/\/www.elementvape.de\/lt\/produkt\/vapor-esso-gen-220-mod-e-zigaretten-zerstaeuber\/"]}]},{"@type":"ImageObject","inLanguage":"fr-FR","@id":"https:\/\/www.elementvape.de\/lt\/produkt\/vapor-esso-gen-220-mod-e-zigaretten-zerstaeuber\/#primaryimage","url":"https:\/\/ae01.alicdn.com\/kf\/Sbb0d06fc0d3147eda59350379be2f4b6S\/Original-vapor-esso-gen-220-mod-dual-w-mod-vape-kompatibel-itank-itank-2-zerst-uber.jpg","contentUrl":"https:\/\/ae01.alicdn.com\/kf\/Sbb0d06fc0d3147eda59350379be2f4b6S\/Original-vapor-esso-gen-220-mod-dual-w-mod-vape-kompatibel-itank-itank-2-zerst-uber.jpg","width":800,"height":800},{"@type":"BreadcrumbList","@id":"https:\/\/www.elementvape.de\/lt\/produkt\/vapor-esso-gen-220-mod-e-zigaretten-zerstaeuber\/#breadcrumb","itemListElement":[{"@type":"ListItem","position":1,"name":"Home","item":"https:\/\/www.elementvape.de\/"},{"@type":"ListItem","position":2,"name":"Shop","item":"https:\/\/www.elementvape.de\/shop\/"},{"@type":"ListItem","position":3,"name":"Vapor Esso Gen 220 Mod E-Zigaretten zerst\u00e4uber"}]},{"@type":"WebSite","@id":"https:\/\/www.elementvape.de\/#website","url":"https:\/\/www.elementvape.de\/","name":"ElementVape.de","description":"","publisher":{"@id":"https:\/\/www.elementvape.de\/#organization"},"potentialAction":[{"@type":"SearchAction","target":{"@type":"EntryPoint","urlTemplate":"https:\/\/www.elementvape.de\/?s={search_term_string}"},"query-input":"required name=search_term_string"}],"inLanguage":"fr-FR"},{"@type":"Organization","@id":"https:\/\/www.elementvape.de\/#organization","name":"ElementVape.DE","url":"https:\/\/www.elementvape.de\/","logo":{"@type":"ImageObject","inLanguage":"fr-FR","@id":"https:\/\/www.elementvape.de\/#\/schema\/logo\/image\/","url":"https:\/\/www.elementvape.de\/wp-content\/uploads\/2024\/09\/cropped-1elementvape-3.png","contentUrl":"https:\/\/www.elementvape.de\/wp-content\/uploads\/2024\/09\/cropped-1elementvape-3.png","width":285,"height":228,"caption":"ElementVape.DE"},"image":{"@id":"https:\/\/www.elementvape.de\/#\/schema\/logo\/image\/"}}]}},"_links":{"self":[{"href":"https:\/\/www.elementvape.de\/fr\/wp-json\/wp\/v2\/product\/8319"}],"collection":[{"href":"https:\/\/www.elementvape.de\/fr\/wp-json\/wp\/v2\/product"}],"about":[{"href":"https:\/\/www.elementvape.de\/fr\/wp-json\/wp\/v2\/types\/product"}],"wp:featuredmedia":[{"embeddable":true,"href":"https:\/\/www.elementvape.de\/fr\/wp-json\/wp\/v2\/media\/8320"}],"wp:attachment":[{"href":"https:\/\/www.elementvape.de\/fr\/wp-json\/wp\/v2\/media?parent=8319"}],"wp:term":[{"taxonomy":"product_cat","embeddable":true,"href":"https:\/\/www.elementvape.de\/fr\/wp-json\/wp\/v2\/product_cat?post=8319"},{"taxonomy":"product_tag","embeddable":true,"href":"https:\/\/www.elementvape.de\/fr\/wp-json\/wp\/v2\/product_tag?post=8319"}],"curies":[{"name":"wp","href":"https:\/\/api.w.org\/{rel}","templated":true}]}}