{"id":8231,"date":"2024-04-20T08:00:31","date_gmt":"2024-04-20T08:00:31","guid":{"rendered":"https:\/\/www.elementvape.de\/?post_type=product&#038;p=8231"},"modified":"2024-09-12T10:32:00","modified_gmt":"2024-09-12T10:32:00","slug":"eleaf-istick-amnis-3-mod-900mah-batterie-vape","status":"publish","type":"product","link":"https:\/\/www.elementvape.de\/fr\/produkt\/eleaf-istick-amnis-3-mod-900mah-batterie-vape\/","title":{"rendered":"Eleaf iStick Amnis 3 Mod Batterie 900mAh Vape"},"content":{"rendered":"<p>&nbsp;<\/p>\n<div class=\"product-specs-list-container\">\n<ul class=\"product-specs-list util-clearfix\">\n<li class=\"product-prop line-limit-length\"><span class=\"property-title\">Fonction de Surveillance du Nombre de Fumeurs :\u00a0<\/span><span class=\"property-desc line-limit-length\">Non<\/span><\/li>\n<li class=\"product-prop line-limit-length\"><span class=\"property-title\">\u00c9tui en Silicone :\u00a0<\/span><span class=\"property-desc line-limit-length\">Non<\/span><\/li>\n<li class=\"product-prop line-limit-length\"><span class=\"property-title\">Fonction de Protection contre les Courts-Circuits :\u00a0<\/span><span class=\"property-desc line-limit-length\">Ja<\/span><\/li>\n<li class=\"product-prop line-limit-length\"><span class=\"property-title\">Fonction de Protection contre la Surchauffe :\u00a0<\/span><span class=\"property-desc line-limit-length\">Ja<\/span><\/li>\n<li class=\"product-prop line-limit-length\"><span class=\"property-title\">Fonction d'alarme de basse tension :\u00a0<\/span><span class=\"property-desc line-limit-length\">Non<\/span><\/li>\n<li class=\"product-prop line-limit-length\"><span class=\"property-title\">Fonction d'identification du vaporisateur :\u00a0<\/span><span class=\"property-desc line-limit-length\">Non<\/span><\/li>\n<li class=\"product-prop line-limit-length\"><span class=\"property-title\">Contr\u00f4le de Temp\u00e9rature :\u00a0<\/span><span class=\"property-desc line-limit-length\">Non<\/span><\/li>\n<li class=\"product-prop line-limit-length\"><span class=\"property-title\">Modes de r\u00e9glage TCR :\u00a0<\/span><span class=\"property-desc line-limit-length\">Non<\/span><\/li>\n<li class=\"product-prop line-limit-length\"><span class=\"property-title\">Mat\u00e9riau :\u00a0<\/span><span class=\"property-desc line-limit-length\">M\u00e9tal<\/span><\/li>\n<li class=\"product-prop line-limit-length\"><span class=\"property-title\">Mod\u00e8le compatible :\u00a0<\/span><span class=\"property-desc line-limit-length\">GS Drive Tank<\/span><\/li>\n<li class=\"product-prop line-limit-length\"><span class=\"property-title\">Num\u00e9ro de mod\u00e8le :\u00a0<\/span><span class=\"property-desc line-limit-length\">Eleaf iStick Amnis 3 Mod<\/span><\/li>\n<li class=\"product-prop line-limit-length\"><span class=\"property-title\">Mise \u00e0 jour du firmware :\u00a0<\/span><span class=\"property-desc line-limit-length\">Non<\/span><\/li>\n<li class=\"product-prop line-limit-length\"><span class=\"property-title\">Chargeur USB :\u00a0<\/span><span class=\"property-desc line-limit-length\">Ja<\/span><\/li>\n<li class=\"product-prop line-limit-length\"><span class=\"property-title\">Affichage :\u00a0<\/span><span class=\"property-desc line-limit-length\">Non<\/span><\/li>\n<li class=\"product-prop line-limit-length\"><span class=\"property-title\">Batterie Int\u00e9gr\u00e9e ou Externe :\u00a0<\/span><span class=\"property-desc line-limit-length\">Ja<\/span><\/li>\n<li class=\"product-prop line-limit-length\"><span class=\"property-title\">Type :\u00a0<\/span><span class=\"property-desc line-limit-length\">Mod \u00c9lectronique<\/span><\/li>\n<li class=\"product-prop line-limit-length\"><span class=\"property-title\">Nom de la marque :\u00a0<\/span><span class=\"property-desc line-limit-length\">Dovpo<\/span><\/li>\n<li class=\"product-prop line-limit-length\"><span class=\"property-title\">Origine :\u00a0<\/span><span class=\"property-desc line-limit-length\">CN (Origine)<\/span><\/li>\n<\/ul>\n<\/div>\n<div class=\"detailmodule_html\">\n<div class=\"detail-desc-decorate-richtext\">\n<div class=\"detailmodule_text\">\n<p id=\"tl_1\" class=\"detail-desc-decorate-title\" style=\"font-family: OpenSans; font-size: 20px; font-weight: 900; line-height: 28px; margin-bottom: 12px;\">Eleaf iStick Amnis 3 Mod original, batterie de 900mAh, vape, USB-C, charge rapide, atomiseur, cigarette \u00e9lectronique pour r\u00e9servoir GS<\/p>\n<p id=\"tl_2\" class=\"detail-desc-decorate-content\" style=\"font-family: OpenSans; font-size: 14px; font-weight: 300; line-height: 20px; margin-bottom: 12px;\">L'iStick Amnis 3 Mod pr\u00e9sente un design mince et a\u00e9rodynamique avec une taille compacte. Vous pouvez s\u00e9lectionner la tension de sortie avec la fonction de r\u00e9glage de la tension. Et il y a un indicateur LED \u00e0 3 couleurs pour montrer facilement et en temps voulu la dur\u00e9e de vie de la batterie. Avec une capacit\u00e9 de batterie de 900mAh et une charge USB-C, l'iStick Amnis 3 peut \u00eatre compl\u00e8tement recharg\u00e9 en environ une heure et supporter environ 2 jours de vapotage.<\/p>\n<\/div>\n<div class=\"detailmodule_text\">\n<p id=\"tl_3\" class=\"detail-desc-decorate-title\" style=\"font-family: OpenSans; font-size: 20px; font-weight: 900; line-height: 28px; margin-bottom: 12px;\">Sp\u00e9cification :<\/p>\n<p id=\"tl_4\" class=\"detail-desc-decorate-content\" style=\"font-family: OpenSans; font-size: 14px; font-weight: 300; line-height: 20px; margin-bottom: 12px;\">Marque : eleaf<br \/>\nNom du produit : iStick Amnis 3 Mod<br \/>\nTaille : 18,5*27*77mm<br \/>\nCapacit\u00e9 de la batterie : 900mAh<br \/>\nTension de sortie : niveau H (3,7 V)\/M (3,5 V)\/L (3,3 V)<br \/>\nCourant de charge : 5V\/1A (USB-C)<br \/>\nConvient pour : kit eleaf iStick Amnis, r\u00e9servoir GS Drive<br \/>\nCouleur : noir, caf\u00e9, argent, rouge, bleu<\/p>\n<\/div>\n<div class=\"detailmodule_text\">\n<p id=\"tl_5\" class=\"detail-desc-decorate-title\" style=\"font-family: OpenSans; font-size: 20px; font-weight: 900; line-height: 28px; margin-bottom: 12px;\">D\u00e9tails :<\/p>\n<p id=\"tl_6\" class=\"detail-desc-decorate-content\" style=\"font-family: OpenSans; font-size: 14px; font-weight: 300; line-height: 20px; margin-bottom: 12px;\">1. Design mince et a\u00e9rodynamique<br \/>\n2. Tension r\u00e9glable : 3,7 V\/3,5 V\/3,3 V<br \/>\n3. Taille mini, pratique \u00e0 utiliser et \u00e0 transporter<br \/>\n4. Indicateur de niveau de batterie lumineux<br \/>\n5. Capacit\u00e9 de batterie de 900mAh<br \/>\nCharge rapide USB-C<\/p>\n<\/div>\n<div class=\"detailmodule_text\">\n<p id=\"tl_7\" class=\"detail-desc-decorate-title\" style=\"font-family: OpenSans; font-size: 20px; font-weight: 900; line-height: 28px; margin-bottom: 12px;\">Contenu du paquet :<\/p>\n<p id=\"tl_8\" class=\"detail-desc-decorate-content\" style=\"font-family: OpenSans; font-size: 14px; font-weight: 300; line-height: 20px; margin-bottom: 12px;\">1 * iStick Amnis 3 Mod<br \/>\n1 * c\u00e2ble USB de type-C<br \/>\n1 * manuel d'utilisation<br \/>\n1 * carte de garantie<\/p>\n<\/div>\n<div class=\"detailmodule_image\"><img decoding=\"async\" loading=\"lazy\" class=\"detail-desc-decorate-image\" src=\"https:\/\/ae01.alicdn.com\/kf\/S6a2c8b2e4ead44daa5da38d7a69466a3q.jpg\" \/><br \/>\n<img decoding=\"async\" loading=\"lazy\" class=\"detail-desc-decorate-image\" src=\"https:\/\/ae01.alicdn.com\/kf\/Sa0ac95002d3847c28e79fe107af6db09d.jpg\" \/><\/div>\n<p>&nbsp;<\/p>\n<\/div>\n<\/div>","protected":false},"excerpt":{"rendered":"<p>&nbsp; \u00dcberwachung Funktion Von Rauchen Anzahl:\u00a0Nein Silikon Fall:\u00a0Nein Kurzschlussschutz Funktion:\u00a0Ja \u00dcberhitzungsschutz-funktion:\u00a0Ja Niederspannungsalarmfunktion:\u00a0Nein Zerst\u00e4uber Identifikation Funktion:\u00a0Nein Temperaturregelung:\u00a0Nein TCR Einstellung Modi:\u00a0Nein Material:\u00a0Metall Compatible Model:\u00a0GS Drive Tank Modellnummer:\u00a0Eleaf iStick Amnis 3 Mod Firmware-upgrade:\u00a0Nein Usb-ladeger\u00e4t:\u00a0Ja Display:\u00a0Nein Eingebaute Oder Externe Batterie:\u00a0Ja Art:\u00a0Elektrische Mod Markenname:\u00a0Dovpo Ursprung:\u00a0CN (Herkunft) Original eleaf istick amnis 3 mod 900mah batterie vape USB-C schnell lade verdampfer e [&hellip;]<\/p>","protected":false},"featured_media":8232,"template":"","meta":{"inline_featured_image":false},"product_cat":[15,78,750,737,736,749,77],"product_tag":[],"tiered_pricing_type":"fixed","tiered_pricing_fixed_rules":[],"tiered_pricing_percentage_rules":[],"tiered_pricing_minimum":1,"_administrator_tiered_pricing_type":"fixed","_administrator_tiered_pricing_fixed_rules":[],"_editor_tiered_pricing_type":"fixed","_editor_tiered_pricing_fixed_rules":[],"_author_tiered_pricing_type":"fixed","_author_tiered_pricing_fixed_rules":[],"_contributor_tiered_pricing_type":"fixed","_contributor_tiered_pricing_fixed_rules":[],"_subscriber_tiered_pricing_type":"fixed","_subscriber_tiered_pricing_fixed_rules":[],"_customer_tiered_pricing_type":"fixed","_customer_tiered_pricing_fixed_rules":[],"_shop_manager_tiered_pricing_type":"fixed","_shop_manager_tiered_pricing_fixed_rules":[],"_wpseo_manager_tiered_pricing_type":"fixed","_wpseo_manager_tiered_pricing_fixed_rules":[],"_wpseo_editor_tiered_pricing_type":"fixed","_wpseo_editor_tiered_pricing_fixed_rules":[],"_wholesale_customer_tiered_pricing_type":"fixed","_wholesale_customer_tiered_pricing_fixed_rules":[],"_marketer_tiered_pricing_type":"fixed","_marketer_tiered_pricing_fixed_rules":[],"_sales_manager_tiered_pricing_type":"fixed","_sales_manager_tiered_pricing_fixed_rules":[],"_sales_rep_tiered_pricing_type":"fixed","_sales_rep_tiered_pricing_fixed_rules":[],"yoast_head":"<!-- This site is optimized with the Yoast SEO plugin v23.3 - https:\/\/yoast.com\/wordpress\/plugins\/seo\/ -->\n<title>Eleaf istick amnis 3 mod 900mah batterie vape | ElementVape.de<\/title>\n<meta name=\"description\" content=\"Wir bieten Eleaf istick amnis 3 mod 900mah batterie vape , Elementvape.de akzeptieren Gro\u00df-und Einzelhandel Bestellungen.\" \/>\n<meta name=\"robots\" content=\"index, follow, max-snippet:-1, max-image-preview:large, max-video-preview:-1\" \/>\n<link rel=\"canonical\" href=\"https:\/\/www.elementvape.de\/fr\/produkt\/eleaf-istick-amnis-3-mod-900mah-batterie-vape\/\" \/>\n<meta property=\"og:locale\" content=\"fr_FR\" \/>\n<meta property=\"og:type\" content=\"article\" \/>\n<meta property=\"og:title\" content=\"Eleaf istick amnis 3 mod 900mah batterie vape | ElementVape.de\" \/>\n<meta property=\"og:description\" content=\"Wir bieten Eleaf istick amnis 3 mod 900mah batterie vape , Elementvape.de akzeptieren Gro\u00df-und Einzelhandel Bestellungen.\" \/>\n<meta property=\"og:url\" content=\"https:\/\/www.elementvape.de\/fr\/produkt\/eleaf-istick-amnis-3-mod-900mah-batterie-vape\/\" \/>\n<meta property=\"og:site_name\" content=\"ElementVape.de\" \/>\n<meta property=\"article:modified_time\" content=\"2024-09-12T10:32:00+00:00\" \/>\n<meta property=\"og:image\" content=\"https:\/\/ae01.alicdn.com\/kf\/S84307e7627e548dba7bf3bea2c4da73fS\/Original-eleaf-istick-amnis-3-mod-900mah-batterie-vape-USB-C-schnell-lade-verdampfer-e-zigarette.jpg\" \/>\n\t<meta property=\"og:image:width\" content=\"800\" \/>\n\t<meta property=\"og:image:height\" content=\"800\" \/>\n\t<meta property=\"og:image:type\" content=\"image\/jpeg\" \/>\n<meta name=\"twitter:card\" content=\"summary_large_image\" \/>\n<meta name=\"twitter:label1\" content=\"Est. reading time\" \/>\n\t<meta name=\"twitter:data1\" content=\"2 minutes\" \/>\n<script type=\"application\/ld+json\" class=\"yoast-schema-graph\">{\"@context\":\"https:\/\/schema.org\",\"@graph\":[{\"@type\":\"WebPage\",\"@id\":\"https:\/\/www.elementvape.de\/sv\/produkt\/eleaf-istick-amnis-3-mod-900mah-batterie-vape\/\",\"url\":\"https:\/\/www.elementvape.de\/sv\/produkt\/eleaf-istick-amnis-3-mod-900mah-batterie-vape\/\",\"name\":\"Eleaf istick amnis 3 mod 900mah batterie vape | ElementVape.de\",\"isPartOf\":{\"@id\":\"https:\/\/www.elementvape.de\/#website\"},\"primaryImageOfPage\":{\"@id\":\"https:\/\/www.elementvape.de\/sv\/produkt\/eleaf-istick-amnis-3-mod-900mah-batterie-vape\/#primaryimage\"},\"image\":{\"@id\":\"https:\/\/www.elementvape.de\/sv\/produkt\/eleaf-istick-amnis-3-mod-900mah-batterie-vape\/#primaryimage\"},\"thumbnailUrl\":\"https:\/\/ae01.alicdn.com\/kf\/S84307e7627e548dba7bf3bea2c4da73fS\/Original-eleaf-istick-amnis-3-mod-900mah-batterie-vape-USB-C-schnell-lade-verdampfer-e-zigarette.jpg\",\"datePublished\":\"2024-04-20T08:00:31+00:00\",\"dateModified\":\"2024-09-12T10:32:00+00:00\",\"description\":\"Wir bieten Eleaf istick amnis 3 mod 900mah batterie vape , Elementvape.de akzeptieren Gro\u00df-und Einzelhandel Bestellungen.\",\"breadcrumb\":{\"@id\":\"https:\/\/www.elementvape.de\/sv\/produkt\/eleaf-istick-amnis-3-mod-900mah-batterie-vape\/#breadcrumb\"},\"inLanguage\":\"fr-FR\",\"potentialAction\":[{\"@type\":\"ReadAction\",\"target\":[\"https:\/\/www.elementvape.de\/sv\/produkt\/eleaf-istick-amnis-3-mod-900mah-batterie-vape\/\"]}]},{\"@type\":\"ImageObject\",\"inLanguage\":\"fr-FR\",\"@id\":\"https:\/\/www.elementvape.de\/sv\/produkt\/eleaf-istick-amnis-3-mod-900mah-batterie-vape\/#primaryimage\",\"url\":\"https:\/\/ae01.alicdn.com\/kf\/S84307e7627e548dba7bf3bea2c4da73fS\/Original-eleaf-istick-amnis-3-mod-900mah-batterie-vape-USB-C-schnell-lade-verdampfer-e-zigarette.jpg\",\"contentUrl\":\"https:\/\/ae01.alicdn.com\/kf\/S84307e7627e548dba7bf3bea2c4da73fS\/Original-eleaf-istick-amnis-3-mod-900mah-batterie-vape-USB-C-schnell-lade-verdampfer-e-zigarette.jpg\",\"width\":800,\"height\":800},{\"@type\":\"BreadcrumbList\",\"@id\":\"https:\/\/www.elementvape.de\/sv\/produkt\/eleaf-istick-amnis-3-mod-900mah-batterie-vape\/#breadcrumb\",\"itemListElement\":[{\"@type\":\"ListItem\",\"position\":1,\"name\":\"Home\",\"item\":\"https:\/\/www.elementvape.de\/\"},{\"@type\":\"ListItem\",\"position\":2,\"name\":\"Shop\",\"item\":\"https:\/\/www.elementvape.de\/shop\/\"},{\"@type\":\"ListItem\",\"position\":3,\"name\":\"Eleaf istick amnis 3 mod 900mah batterie vape\"}]},{\"@type\":\"WebSite\",\"@id\":\"https:\/\/www.elementvape.de\/#website\",\"url\":\"https:\/\/www.elementvape.de\/\",\"name\":\"ElementVape.de\",\"description\":\"\",\"publisher\":{\"@id\":\"https:\/\/www.elementvape.de\/#organization\"},\"potentialAction\":[{\"@type\":\"SearchAction\",\"target\":{\"@type\":\"EntryPoint\",\"urlTemplate\":\"https:\/\/www.elementvape.de\/?s={search_term_string}\"},\"query-input\":\"required name=search_term_string\"}],\"inLanguage\":\"fr-FR\"},{\"@type\":\"Organization\",\"@id\":\"https:\/\/www.elementvape.de\/#organization\",\"name\":\"ElementVape.DE\",\"url\":\"https:\/\/www.elementvape.de\/\",\"logo\":{\"@type\":\"ImageObject\",\"inLanguage\":\"fr-FR\",\"@id\":\"https:\/\/www.elementvape.de\/#\/schema\/logo\/image\/\",\"url\":\"https:\/\/www.elementvape.de\/wp-content\/uploads\/2024\/09\/cropped-1elementvape-3.png\",\"contentUrl\":\"https:\/\/www.elementvape.de\/wp-content\/uploads\/2024\/09\/cropped-1elementvape-3.png\",\"width\":285,\"height\":228,\"caption\":\"ElementVape.DE\"},\"image\":{\"@id\":\"https:\/\/www.elementvape.de\/#\/schema\/logo\/image\/\"}}]}<\/script>\n<!-- \/ Yoast SEO plugin. -->","yoast_head_json":{"title":"Eleaf istick amnis 3 mod 900mah batterie vape | ElementVape.de","description":"Wir bieten Eleaf istick amnis 3 mod 900mah batterie vape , Elementvape.de akzeptieren Gro\u00df-und Einzelhandel Bestellungen.","robots":{"index":"index","follow":"follow","max-snippet":"max-snippet:-1","max-image-preview":"max-image-preview:large","max-video-preview":"max-video-preview:-1"},"canonical":"https:\/\/www.elementvape.de\/fr\/produkt\/eleaf-istick-amnis-3-mod-900mah-batterie-vape\/","og_locale":"fr_FR","og_type":"article","og_title":"Eleaf istick amnis 3 mod 900mah batterie vape | ElementVape.de","og_description":"Wir bieten Eleaf istick amnis 3 mod 900mah batterie vape , Elementvape.de akzeptieren Gro\u00df-und Einzelhandel Bestellungen.","og_url":"https:\/\/www.elementvape.de\/fr\/produkt\/eleaf-istick-amnis-3-mod-900mah-batterie-vape\/","og_site_name":"ElementVape.de","article_modified_time":"2024-09-12T10:32:00+00:00","og_image":[{"width":800,"height":800,"url":"https:\/\/ae01.alicdn.com\/kf\/S84307e7627e548dba7bf3bea2c4da73fS\/Original-eleaf-istick-amnis-3-mod-900mah-batterie-vape-USB-C-schnell-lade-verdampfer-e-zigarette.jpg","type":"image\/jpeg"}],"twitter_card":"summary_large_image","twitter_misc":{"Est. reading time":"2 minutes"},"schema":{"@context":"https:\/\/schema.org","@graph":[{"@type":"WebPage","@id":"https:\/\/www.elementvape.de\/sv\/produkt\/eleaf-istick-amnis-3-mod-900mah-batterie-vape\/","url":"https:\/\/www.elementvape.de\/sv\/produkt\/eleaf-istick-amnis-3-mod-900mah-batterie-vape\/","name":"Eleaf istick amnis 3 mod 900mah batterie vape | ElementVape.de","isPartOf":{"@id":"https:\/\/www.elementvape.de\/#website"},"primaryImageOfPage":{"@id":"https:\/\/www.elementvape.de\/sv\/produkt\/eleaf-istick-amnis-3-mod-900mah-batterie-vape\/#primaryimage"},"image":{"@id":"https:\/\/www.elementvape.de\/sv\/produkt\/eleaf-istick-amnis-3-mod-900mah-batterie-vape\/#primaryimage"},"thumbnailUrl":"https:\/\/ae01.alicdn.com\/kf\/S84307e7627e548dba7bf3bea2c4da73fS\/Original-eleaf-istick-amnis-3-mod-900mah-batterie-vape-USB-C-schnell-lade-verdampfer-e-zigarette.jpg","datePublished":"2024-04-20T08:00:31+00:00","dateModified":"2024-09-12T10:32:00+00:00","description":"Wir bieten Eleaf istick amnis 3 mod 900mah batterie vape , Elementvape.de akzeptieren Gro\u00df-und Einzelhandel Bestellungen.","breadcrumb":{"@id":"https:\/\/www.elementvape.de\/sv\/produkt\/eleaf-istick-amnis-3-mod-900mah-batterie-vape\/#breadcrumb"},"inLanguage":"fr-FR","potentialAction":[{"@type":"ReadAction","target":["https:\/\/www.elementvape.de\/sv\/produkt\/eleaf-istick-amnis-3-mod-900mah-batterie-vape\/"]}]},{"@type":"ImageObject","inLanguage":"fr-FR","@id":"https:\/\/www.elementvape.de\/sv\/produkt\/eleaf-istick-amnis-3-mod-900mah-batterie-vape\/#primaryimage","url":"https:\/\/ae01.alicdn.com\/kf\/S84307e7627e548dba7bf3bea2c4da73fS\/Original-eleaf-istick-amnis-3-mod-900mah-batterie-vape-USB-C-schnell-lade-verdampfer-e-zigarette.jpg","contentUrl":"https:\/\/ae01.alicdn.com\/kf\/S84307e7627e548dba7bf3bea2c4da73fS\/Original-eleaf-istick-amnis-3-mod-900mah-batterie-vape-USB-C-schnell-lade-verdampfer-e-zigarette.jpg","width":800,"height":800},{"@type":"BreadcrumbList","@id":"https:\/\/www.elementvape.de\/sv\/produkt\/eleaf-istick-amnis-3-mod-900mah-batterie-vape\/#breadcrumb","itemListElement":[{"@type":"ListItem","position":1,"name":"Home","item":"https:\/\/www.elementvape.de\/"},{"@type":"ListItem","position":2,"name":"Shop","item":"https:\/\/www.elementvape.de\/shop\/"},{"@type":"ListItem","position":3,"name":"Eleaf istick amnis 3 mod 900mah batterie vape"}]},{"@type":"WebSite","@id":"https:\/\/www.elementvape.de\/#website","url":"https:\/\/www.elementvape.de\/","name":"ElementVape.de","description":"","publisher":{"@id":"https:\/\/www.elementvape.de\/#organization"},"potentialAction":[{"@type":"SearchAction","target":{"@type":"EntryPoint","urlTemplate":"https:\/\/www.elementvape.de\/?s={search_term_string}"},"query-input":"required name=search_term_string"}],"inLanguage":"fr-FR"},{"@type":"Organization","@id":"https:\/\/www.elementvape.de\/#organization","name":"ElementVape.DE","url":"https:\/\/www.elementvape.de\/","logo":{"@type":"ImageObject","inLanguage":"fr-FR","@id":"https:\/\/www.elementvape.de\/#\/schema\/logo\/image\/","url":"https:\/\/www.elementvape.de\/wp-content\/uploads\/2024\/09\/cropped-1elementvape-3.png","contentUrl":"https:\/\/www.elementvape.de\/wp-content\/uploads\/2024\/09\/cropped-1elementvape-3.png","width":285,"height":228,"caption":"ElementVape.DE"},"image":{"@id":"https:\/\/www.elementvape.de\/#\/schema\/logo\/image\/"}}]}},"_links":{"self":[{"href":"https:\/\/www.elementvape.de\/fr\/wp-json\/wp\/v2\/product\/8231"}],"collection":[{"href":"https:\/\/www.elementvape.de\/fr\/wp-json\/wp\/v2\/product"}],"about":[{"href":"https:\/\/www.elementvape.de\/fr\/wp-json\/wp\/v2\/types\/product"}],"wp:featuredmedia":[{"embeddable":true,"href":"https:\/\/www.elementvape.de\/fr\/wp-json\/wp\/v2\/media\/8232"}],"wp:attachment":[{"href":"https:\/\/www.elementvape.de\/fr\/wp-json\/wp\/v2\/media?parent=8231"}],"wp:term":[{"taxonomy":"product_cat","embeddable":true,"href":"https:\/\/www.elementvape.de\/fr\/wp-json\/wp\/v2\/product_cat?post=8231"},{"taxonomy":"product_tag","embeddable":true,"href":"https:\/\/www.elementvape.de\/fr\/wp-json\/wp\/v2\/product_tag?post=8231"}],"curies":[{"name":"wp","href":"https:\/\/api.w.org\/{rel}","templated":true}]}}