{"id":8142,"date":"2024-04-20T07:46:49","date_gmt":"2024-04-20T07:46:49","guid":{"rendered":"https:\/\/www.elementvape.de\/?post_type=product&#038;p=8142"},"modified":"2024-09-12T10:32:06","modified_gmt":"2024-09-12T10:32:06","slug":"vapor-esso-armor-max-kit-220w-box-mod-e-zigarette-vape","status":"publish","type":"product","link":"https:\/\/www.elementvape.de\/fr\/produkt\/vapor-esso-armor-max-kit-220w-box-mod-e-zigarette-vape\/","title":{"rendered":"Vapor Esso Armor Max Kit Mod Box 220W E-Cigarette Vape"},"content":{"rendered":"<p>&nbsp;<\/p>\n<div class=\"product-specs-list-container\">\n<ul class=\"product-specs-list util-clearfix\">\n<li class=\"product-prop line-limit-length\"><span class=\"property-title\">Apparence :\u00a0<\/span><span class=\"property-desc line-limit-length\">Forme Bo\u00eete<\/span><\/li>\n<li class=\"product-prop line-limit-length\"><span class=\"property-title\">Batterie Compatible :\u00a0<\/span><span class=\"property-desc line-limit-length\">18650<\/span><\/li>\n<li class=\"product-prop line-limit-length\"><span class=\"property-title\">Fonction de Surveillance du Nombre de Fumeurs :\u00a0<\/span><span class=\"property-desc line-limit-length\">Non<\/span><\/li>\n<li class=\"product-prop line-limit-length\"><span class=\"property-title\">\u00c9tui en Silicone :\u00a0<\/span><span class=\"property-desc line-limit-length\">Non<\/span><\/li>\n<li class=\"product-prop line-limit-length\"><span class=\"property-title\">Contr\u00f4le de Temp\u00e9rature :\u00a0<\/span><span class=\"property-desc line-limit-length\">Ja<\/span><\/li>\n<li class=\"product-prop line-limit-length\"><span class=\"property-title\">Batterie Int\u00e9gr\u00e9e ou Externe :\u00a0<\/span><span class=\"property-desc line-limit-length\">Externe<\/span><\/li>\n<li class=\"product-prop line-limit-length\"><span class=\"property-title\">Fonction de Protection contre les Courts-Circuits :\u00a0<\/span><span class=\"property-desc line-limit-length\">Ja<\/span><\/li>\n<li class=\"product-prop line-limit-length\"><span class=\"property-title\">Fonction de Protection contre la Surchauffe :\u00a0<\/span><span class=\"property-desc line-limit-length\">Ja<\/span><\/li>\n<li class=\"product-prop line-limit-length\"><span class=\"property-title\">Fonction d'alarme de basse tension :\u00a0<\/span><span class=\"property-desc line-limit-length\">Ja<\/span><\/li>\n<li class=\"product-prop line-limit-length\"><span class=\"property-title\">Fonction d'identification du vaporisateur :\u00a0<\/span><span class=\"property-desc line-limit-length\">Ja<\/span><\/li>\n<li class=\"product-prop line-limit-length\"><span class=\"property-title\">Modes de r\u00e9glage TCR :\u00a0<\/span><span class=\"property-desc line-limit-length\">Non<\/span><\/li>\n<li class=\"product-prop line-limit-length\"><span class=\"property-title\">Capacit\u00e9 nominale :\u00a0<\/span><span class=\"property-desc line-limit-length\">Non<\/span><\/li>\n<li class=\"product-prop line-limit-length\"><span class=\"property-title\">Mat\u00e9riau :\u00a0<\/span><span class=\"property-desc line-limit-length\">M\u00e9tal<\/span><\/li>\n<li class=\"product-prop line-limit-length\"><span class=\"property-title\">Mod\u00e8le compatible :\u00a0<\/span><span class=\"property-desc line-limit-length\">Cigarette \u00e9lectronique Vape<\/span><\/li>\n<li class=\"product-prop line-limit-length\"><span class=\"property-title\">Num\u00e9ro de mod\u00e8le :\u00a0<\/span><span class=\"property-desc line-limit-length\">Kit Vaporesso ARMOUR MAX<\/span><\/li>\n<li class=\"product-prop line-limit-length\"><span class=\"property-title\">Chargeur USB :\u00a0<\/span><span class=\"property-desc line-limit-length\">Ja<\/span><\/li>\n<li class=\"product-prop line-limit-length\"><span class=\"property-title\">Mise \u00e0 jour du firmware :\u00a0<\/span><span class=\"property-desc line-limit-length\">Non<\/span><\/li>\n<li class=\"product-prop line-limit-length\"><span class=\"property-title\">Affichage :\u00a0<\/span><span class=\"property-desc line-limit-length\">Ja<\/span><\/li>\n<li class=\"product-prop line-limit-length\"><span class=\"property-title\">Type :\u00a0<\/span><span class=\"property-desc line-limit-length\">Sans batterie<\/span><\/li>\n<li class=\"product-prop line-limit-length\"><span class=\"property-title\">Nom de la marque :\u00a0<\/span><span class=\"property-desc line-limit-length\">vaporesso<\/span><\/li>\n<li class=\"product-prop line-limit-length\"><span class=\"property-title\">Origine :\u00a0<\/span><span class=\"property-desc line-limit-length\">CN (Origine)<\/span><\/li>\n<li class=\"product-prop line-limit-length\"><span class=\"property-title\">Dimensions :\u00a0<\/span><span class=\"property-desc line-limit-length\">157 x 56,5 x 34 mm<\/span><\/li>\n<li class=\"product-prop line-limit-length\"><span class=\"property-title\">Capacit\u00e9 du R\u00c9SERVOIR :\u00a0<\/span><span class=\"property-desc line-limit-length\">8 ml<\/span><\/li>\n<li class=\"product-prop line-limit-length\"><span class=\"property-title\">Capacit\u00e9 de la batterie :\u00a0<\/span><span class=\"property-desc line-limit-length\">2 x Batterie 21700 ou 18650 (Non inclus)<\/span><\/li>\n<li class=\"product-prop line-limit-length\"><span class=\"property-title\">Puissance de sortie :\u00a0<\/span><span class=\"property-desc line-limit-length\">5-220W<\/span><\/li>\n<li class=\"product-prop line-limit-length\"><span class=\"property-title\">Affichage :\u00a0<\/span><span class=\"property-desc line-limit-length\">\u00c9cran TFT de 0,96 pouce<\/span><\/li>\n<li class=\"product-prop line-limit-length\"><span class=\"property-title\">Courant de charge :\u00a0<\/span><span class=\"property-desc line-limit-length\">DC 5V\/2A, Type-C<\/span><\/li>\n<\/ul>\n<\/div>\n<div class=\"detailmodule_html\">\n<div class=\"detail-desc-decorate-richtext\">\n<div class=\"detailmodule_text\">\n<div><\/div>\n<p id=\"tl_1\" class=\"detail-desc-decorate-title\" style=\"font-family: OpenSans; font-size: 20px; font-weight: 900; line-height: 28px; margin-bottom: 12px;\">Kit Vapor esso Armor Max original, mod box 220W, cigarette \u00e9lectronique, vape et r\u00e9servoir de 8 ml, 2 fit Gti Mesh Coil, vaporisateur<\/p>\n<\/div>\n<div class=\"detailmodule_text\">\n<p id=\"tl_2\" class=\"detail-desc-decorate-title\" style=\"font-family: OpenSans; font-size: 20px; font-weight: 900; line-height: 28px; margin-bottom: 12px;\">Description :<\/p>\n<p id=\"tl_3\" class=\"detail-desc-decorate-content\" style=\"font-family: OpenSans; font-size: 14px; font-weight: 300; line-height: 20px; margin-bottom: 12px;\">Le kit Armor Max est enti\u00e8rement fabriqu\u00e9 en mat\u00e9riau TPU pour \u00eatre durable et r\u00e9sistant aux chocs. Il se compose du mod Armor Max et du r\u00e9servoir 2. Il supporte deux batteries externes 21700\/18650 avec une puissance maximale de 220W et une charge Type-C. Aliment\u00e9 par la puce Axon, il dispose de modes (f\/t)\/puls\/eco\/TC-TI\/TC-SS\/TC-NI pour personnaliser votre exp\u00e9rience de vapotage. Le design Uni-Lock avec fonction de verrouillage et de d\u00e9verrouillage peut s\u00e9curiser intelligemment l'alimentation \u00e9lectrique, et le design de verrouillage \u00e0 une touche peut am\u00e9liorer \u00e0 la fois la simplicit\u00e9 et la stabilit\u00e9. De plus, \u00e9quip\u00e9 d\u2019un \u00e9cran TFT de 0,96 pouce, il peut vous afficher les informations de vapotage de mani\u00e8re plus intuitive. Il dispose \u00e9galement d\u2019une capacit\u00e9 de 8 ml et d\u2019un syst\u00e8me de remplissage sup\u00e9rieur simple. Compatible avec la bobine GTI, utilisant la technologie de chauffage Corex, il offre un go\u00fbt plus pr\u00e9cis et une dur\u00e9e de vie plus longue de la bobine 50%.<\/p>\n<\/div>\n<div class=\"detailmodule_text\">\n<p id=\"tl_4\" class=\"detail-desc-decorate-title\" style=\"font-family: OpenSans; font-size: 20px; font-weight: 900; line-height: 28px; margin-bottom: 12px;\">Param\u00e8tres :<\/p>\n<p id=\"tl_5\" class=\"detail-desc-decorate-content\" style=\"font-family: OpenSans; font-size: 14px; font-weight: 300; line-height: 20px; margin-bottom: 12px;\">Dimensions : 157\u00d756,5\u00d734 mm<br \/>\nCapacit\u00e9 du r\u00e9servoir : 8 ml<br \/>\nR\u00e9sistance de la bobine :<br \/>\nBobine mesh GTI 0,21 ohm (60-75W)<br \/>\nBobine mesh GTI 0,402 ohm (50-60W)<br \/>\nCapacit\u00e9 de la batterie :<br \/>\n2\u00d7 batteries 21700 ou 18650 (non incluses)<br \/>\nPuissance de sortie : 5-220w<br \/>\nCourant de charge : dc 5v\/2a, Type-C<br \/>\nAffichage : \u00e9cran TFT de 0,96 pouce<\/p>\n<\/div>\n<div class=\"detailmodule_text\">\n<p id=\"tl_6\" class=\"detail-desc-decorate-title\" style=\"font-family: OpenSans; font-size: 20px; font-weight: 900; line-height: 28px; margin-bottom: 12px;\">D\u00e9tails :<\/p>\n<p id=\"tl_7\" class=\"detail-desc-decorate-content\" style=\"font-family: OpenSans; font-size: 14px; font-weight: 300; line-height: 20px; margin-bottom: 12px;\">1. Compos\u00e9 du mod Armor et du r\u00e9servoir 2<br \/>\n2. Compatible avec la bobine GTI de vapor esso<br \/>\n3. enti\u00e8rement fabriqu\u00e9 en TPU<br \/>\n4. Batteries externes doubles 21700\/18650 avec 220w max<br \/>\n5. Chip Axon, modes f (t)\/pul\/eco\/tc<br \/>\n6. uni-lock, pour s\u00e9curiser votre puissance<br \/>\n7. D\u00e9verrouillage par une touche, pour simplifier votre vapotage<br \/>\n8. con\u00e7u avec un \u00e9cran TFT de 0,96 pouces<br \/>\n9. Capacit\u00e9 de 8 ml, remplissage sup\u00e9rieur facile<br \/>\n10. corex pour un go\u00fbt pr\u00e9cis et une dur\u00e9e de vie plus longue des r\u00e9sistances<\/p>\n<\/div>\n<div class=\"detailmodule_text\">\n<p id=\"tl_8\" class=\"detail-desc-decorate-title\" style=\"font-family: OpenSans; font-size: 20px; font-weight: 900; line-height: 28px; margin-bottom: 12px;\">Paquet :<\/p>\n<p id=\"tl_9\" class=\"detail-desc-decorate-content\" style=\"font-family: OpenSans; font-size: 14px; font-weight: 300; line-height: 20px; margin-bottom: 12px;\">1 x Mod Vapor Esso R\u00fcstung Max<br \/>\n1 x Tank vapor Esso iTank 2 (8 ml)<br \/>\n1 x R\u00e9sistance mesh GTI 0,2 Ohm (pr\u00e9-install\u00e9e)<br \/>\n1 x R\u00e9sistance mesh GTI 0,4 Ohm (dans la bo\u00eete)<br \/>\n1 x Tube en verre suppl\u00e9mentaire<br \/>\n1 x Couverture de protection du r\u00e9servoir (pr\u00e9-install\u00e9e)<br \/>\n2 x O-Ring<br \/>\n1 x Pipette en silicone pour le remplissage<br \/>\n2 x Manchons 18650 (\u00e0 l\u2019int\u00e9rieur du mod)<br \/>\n1 x C\u00e2ble Type-C<br \/>\n1 x Manuel d\u2019utilisation &amp; Carte de garantie<br \/>\n1 x Manuel de s\u00e9curit\u00e9<br \/>\n1 x carte de rappel<\/p>\n<\/div>\n<div class=\"detailmodule_image\"><img decoding=\"async\" loading=\"lazy\" class=\"detail-desc-decorate-image\" src=\"https:\/\/ae01.alicdn.com\/kf\/Sb9bb1bc5bef247549d14ef66f39e2c03R.jpg\" \/><br \/>\n<img decoding=\"async\" loading=\"lazy\" class=\"detail-desc-decorate-image\" src=\"https:\/\/ae01.alicdn.com\/kf\/S3d6e3e0679424da7a2c5d7fb8456ebd0i.jpg\" \/><br \/>\n<img decoding=\"async\" loading=\"lazy\" class=\"detail-desc-decorate-image\" src=\"https:\/\/ae01.alicdn.com\/kf\/Seb7731d9d16a48d5aa67420a783fb260m.jpg\" \/><br \/>\n<img decoding=\"async\" loading=\"lazy\" class=\"detail-desc-decorate-image\" src=\"https:\/\/ae01.alicdn.com\/kf\/S8c58ac3189fa485baf660d15758d315eN.jpg\" \/><br \/>\n<img decoding=\"async\" loading=\"lazy\" class=\"detail-desc-decorate-image\" src=\"https:\/\/ae01.alicdn.com\/kf\/Sf9c4a5565d904149b2af80efcb86f649C.jpg\" \/><br \/>\n<img decoding=\"async\" loading=\"lazy\" class=\"detail-desc-decorate-image\" src=\"https:\/\/ae01.alicdn.com\/kf\/S2014b6c01cf244bd9332adbb9ab88400O.jpg\" \/><br \/>\n<img decoding=\"async\" loading=\"lazy\" class=\"detail-desc-decorate-image\" src=\"https:\/\/ae01.alicdn.com\/kf\/S43e54602ffc9449a8410d04d310b8e332.jpg\" \/><br \/>\n<img decoding=\"async\" loading=\"lazy\" class=\"detail-desc-decorate-image\" src=\"https:\/\/ae01.alicdn.com\/kf\/Sadaad3424b534784b26831ae788a47f4p.jpg\" \/><\/div>\n<div class=\"detailmodule_image\"><img decoding=\"async\" loading=\"lazy\" class=\"detail-desc-decorate-image\" src=\"https:\/\/ae01.alicdn.com\/kf\/S72abe7de9b0a40ce9ca2aa697a88bfb9I.jpg\" \/><br \/>\n<img decoding=\"async\" loading=\"lazy\" class=\"detail-desc-decorate-image\" src=\"https:\/\/ae01.alicdn.com\/kf\/S41c3f3ccb214490997d3743f738bb998d.jpg\" \/><br \/>\n<img decoding=\"async\" loading=\"lazy\" class=\"detail-desc-decorate-image\" src=\"https:\/\/ae01.alicdn.com\/kf\/Sf3c6a51df3b44a76ae184a243170b20bR.jpg\" \/><br \/>\n<img decoding=\"async\" loading=\"lazy\" class=\"detail-desc-decorate-image\" src=\"https:\/\/ae01.alicdn.com\/kf\/Sd9c3df937de54e418181350c24d2ca35o.jpg\" \/><br \/>\n<img decoding=\"async\" loading=\"lazy\" class=\"detail-desc-decorate-image\" src=\"https:\/\/ae01.alicdn.com\/kf\/Se618103f60314ecbbcd61f25591a8cc0E.jpg\" \/><\/div>\n<p>&nbsp;<\/p>\n<\/div>\n<\/div>","protected":false},"excerpt":{"rendered":"<p>&nbsp; Aussehen:\u00a0Box Form Kompatibler Akku:\u00a018650 \u00dcberwachung Funktion Von Rauchen Anzahl:\u00a0Nein Silikon Fall:\u00a0Nein Temperaturregelung:\u00a0Ja Eingebaute Oder Externe Batterie:\u00a0External Kurzschlussschutz Funktion:\u00a0Ja \u00dcberhitzungsschutz-funktion:\u00a0Ja Niederspannungsalarmfunktion:\u00a0Ja Zerst\u00e4uber Identifikation Funktion:\u00a0Ja TCR Einstellung Modi:\u00a0Nein Nominale Kapazit\u00e4t:\u00a0Kein Material:\u00a0Metall Compatible Model:\u00a0Electronic Cigarette Vape Modellnummer:\u00a0Vaporesso ARMOUR MAX Kit Usb-ladeger\u00e4t:\u00a0Ja Firmware-upgrade:\u00a0Nein Display:\u00a0Ja Art:\u00a0Ohne Batterie Markenname:\u00a0vaporesso Ursprung:\u00a0CN (Herkunft) Dimensions:\u00a0157 x 56.5 X 34mm TANK Capacity:\u00a08ml Battery Capacity:\u00a02 [&hellip;]<\/p>","protected":false},"featured_media":8143,"template":"","meta":{"inline_featured_image":false},"product_cat":[78,750,737,736,749,77],"product_tag":[],"tiered_pricing_type":"fixed","tiered_pricing_fixed_rules":[],"tiered_pricing_percentage_rules":[],"tiered_pricing_minimum":1,"_administrator_tiered_pricing_type":"fixed","_administrator_tiered_pricing_fixed_rules":[],"_editor_tiered_pricing_type":"fixed","_editor_tiered_pricing_fixed_rules":[],"_author_tiered_pricing_type":"fixed","_author_tiered_pricing_fixed_rules":[],"_contributor_tiered_pricing_type":"fixed","_contributor_tiered_pricing_fixed_rules":[],"_subscriber_tiered_pricing_type":"fixed","_subscriber_tiered_pricing_fixed_rules":[],"_customer_tiered_pricing_type":"fixed","_customer_tiered_pricing_fixed_rules":[],"_shop_manager_tiered_pricing_type":"fixed","_shop_manager_tiered_pricing_fixed_rules":[],"_wpseo_manager_tiered_pricing_type":"fixed","_wpseo_manager_tiered_pricing_fixed_rules":[],"_wpseo_editor_tiered_pricing_type":"fixed","_wpseo_editor_tiered_pricing_fixed_rules":[],"_wholesale_customer_tiered_pricing_type":"fixed","_wholesale_customer_tiered_pricing_fixed_rules":[],"_marketer_tiered_pricing_type":"fixed","_marketer_tiered_pricing_fixed_rules":[],"_sales_manager_tiered_pricing_type":"fixed","_sales_manager_tiered_pricing_fixed_rules":[],"_sales_rep_tiered_pricing_type":"fixed","_sales_rep_tiered_pricing_fixed_rules":[],"yoast_head":"<!-- This site is optimized with the Yoast SEO plugin v23.3 - https:\/\/yoast.com\/wordpress\/plugins\/seo\/ -->\n<title>Vapor esso Armor Max Kit 220W Box Mod E-Zigarette Vape | ElementVape.de<\/title>\n<meta name=\"description\" content=\"Wir bieten Vapor esso Armor Max Kit 220W Box Mod E-Zigarette Vape , Elementvape.de akzeptieren Gro\u00df-und Einzelhandel Bestellungen.\" \/>\n<meta name=\"robots\" content=\"index, follow, max-snippet:-1, max-image-preview:large, max-video-preview:-1\" \/>\n<link rel=\"canonical\" href=\"https:\/\/www.elementvape.de\/fr\/produkt\/vapor-esso-armor-max-kit-220w-box-mod-e-zigarette-vape\/\" \/>\n<meta property=\"og:locale\" content=\"fr_FR\" \/>\n<meta property=\"og:type\" content=\"article\" \/>\n<meta property=\"og:title\" content=\"Vapor esso Armor Max Kit 220W Box Mod E-Zigarette Vape | ElementVape.de\" \/>\n<meta property=\"og:description\" content=\"Wir bieten Vapor esso Armor Max Kit 220W Box Mod E-Zigarette Vape , Elementvape.de akzeptieren Gro\u00df-und Einzelhandel Bestellungen.\" \/>\n<meta property=\"og:url\" content=\"https:\/\/www.elementvape.de\/fr\/produkt\/vapor-esso-armor-max-kit-220w-box-mod-e-zigarette-vape\/\" \/>\n<meta property=\"og:site_name\" content=\"ElementVape.de\" \/>\n<meta property=\"article:modified_time\" content=\"2024-09-12T10:32:06+00:00\" \/>\n<meta property=\"og:image\" content=\"https:\/\/ae01.alicdn.com\/kf\/Sd1861fed7cae452b97af057481e39b65n\/Original-Vapor-esso-Armor-Max-Kit-220W-Box-Mod-elektronische-Zigarette-Vape-und-8ml-Itank-2.jpg\" \/>\n\t<meta property=\"og:image:width\" content=\"800\" \/>\n\t<meta property=\"og:image:height\" content=\"800\" \/>\n\t<meta property=\"og:image:type\" content=\"image\/jpeg\" \/>\n<meta name=\"twitter:card\" content=\"summary_large_image\" \/>\n<meta name=\"twitter:label1\" content=\"Est. reading time\" \/>\n\t<meta name=\"twitter:data1\" content=\"6 minutes\" \/>\n<script type=\"application\/ld+json\" class=\"yoast-schema-graph\">{\"@context\":\"https:\/\/schema.org\",\"@graph\":[{\"@type\":\"WebPage\",\"@id\":\"https:\/\/www.elementvape.de\/en\/produkt\/vapor-esso-armor-max-kit-220w-box-mod-e-zigarette-vape\/\",\"url\":\"https:\/\/www.elementvape.de\/en\/produkt\/vapor-esso-armor-max-kit-220w-box-mod-e-zigarette-vape\/\",\"name\":\"Vapor esso Armor Max Kit 220W Box Mod E-Zigarette Vape | ElementVape.de\",\"isPartOf\":{\"@id\":\"https:\/\/www.elementvape.de\/#website\"},\"primaryImageOfPage\":{\"@id\":\"https:\/\/www.elementvape.de\/en\/produkt\/vapor-esso-armor-max-kit-220w-box-mod-e-zigarette-vape\/#primaryimage\"},\"image\":{\"@id\":\"https:\/\/www.elementvape.de\/en\/produkt\/vapor-esso-armor-max-kit-220w-box-mod-e-zigarette-vape\/#primaryimage\"},\"thumbnailUrl\":\"https:\/\/ae01.alicdn.com\/kf\/Sd1861fed7cae452b97af057481e39b65n\/Original-Vapor-esso-Armor-Max-Kit-220W-Box-Mod-elektronische-Zigarette-Vape-und-8ml-Itank-2.jpg\",\"datePublished\":\"2024-04-20T07:46:49+00:00\",\"dateModified\":\"2024-09-12T10:32:06+00:00\",\"description\":\"Wir bieten Vapor esso Armor Max Kit 220W Box Mod E-Zigarette Vape , Elementvape.de akzeptieren Gro\u00df-und Einzelhandel Bestellungen.\",\"breadcrumb\":{\"@id\":\"https:\/\/www.elementvape.de\/en\/produkt\/vapor-esso-armor-max-kit-220w-box-mod-e-zigarette-vape\/#breadcrumb\"},\"inLanguage\":\"fr-FR\",\"potentialAction\":[{\"@type\":\"ReadAction\",\"target\":[\"https:\/\/www.elementvape.de\/en\/produkt\/vapor-esso-armor-max-kit-220w-box-mod-e-zigarette-vape\/\"]}]},{\"@type\":\"ImageObject\",\"inLanguage\":\"fr-FR\",\"@id\":\"https:\/\/www.elementvape.de\/en\/produkt\/vapor-esso-armor-max-kit-220w-box-mod-e-zigarette-vape\/#primaryimage\",\"url\":\"https:\/\/ae01.alicdn.com\/kf\/Sd1861fed7cae452b97af057481e39b65n\/Original-Vapor-esso-Armor-Max-Kit-220W-Box-Mod-elektronische-Zigarette-Vape-und-8ml-Itank-2.jpg\",\"contentUrl\":\"https:\/\/ae01.alicdn.com\/kf\/Sd1861fed7cae452b97af057481e39b65n\/Original-Vapor-esso-Armor-Max-Kit-220W-Box-Mod-elektronische-Zigarette-Vape-und-8ml-Itank-2.jpg\",\"width\":800,\"height\":800},{\"@type\":\"BreadcrumbList\",\"@id\":\"https:\/\/www.elementvape.de\/en\/produkt\/vapor-esso-armor-max-kit-220w-box-mod-e-zigarette-vape\/#breadcrumb\",\"itemListElement\":[{\"@type\":\"ListItem\",\"position\":1,\"name\":\"Home\",\"item\":\"https:\/\/www.elementvape.de\/\"},{\"@type\":\"ListItem\",\"position\":2,\"name\":\"Shop\",\"item\":\"https:\/\/www.elementvape.de\/shop\/\"},{\"@type\":\"ListItem\",\"position\":3,\"name\":\"Vapor esso Armor Max Kit 220W Box Mod E-Zigarette Vape\"}]},{\"@type\":\"WebSite\",\"@id\":\"https:\/\/www.elementvape.de\/#website\",\"url\":\"https:\/\/www.elementvape.de\/\",\"name\":\"ElementVape.de\",\"description\":\"\",\"publisher\":{\"@id\":\"https:\/\/www.elementvape.de\/#organization\"},\"potentialAction\":[{\"@type\":\"SearchAction\",\"target\":{\"@type\":\"EntryPoint\",\"urlTemplate\":\"https:\/\/www.elementvape.de\/?s={search_term_string}\"},\"query-input\":\"required name=search_term_string\"}],\"inLanguage\":\"fr-FR\"},{\"@type\":\"Organization\",\"@id\":\"https:\/\/www.elementvape.de\/#organization\",\"name\":\"ElementVape.DE\",\"url\":\"https:\/\/www.elementvape.de\/\",\"logo\":{\"@type\":\"ImageObject\",\"inLanguage\":\"fr-FR\",\"@id\":\"https:\/\/www.elementvape.de\/#\/schema\/logo\/image\/\",\"url\":\"https:\/\/www.elementvape.de\/wp-content\/uploads\/2024\/09\/cropped-1elementvape-3.png\",\"contentUrl\":\"https:\/\/www.elementvape.de\/wp-content\/uploads\/2024\/09\/cropped-1elementvape-3.png\",\"width\":285,\"height\":228,\"caption\":\"ElementVape.DE\"},\"image\":{\"@id\":\"https:\/\/www.elementvape.de\/#\/schema\/logo\/image\/\"}}]}<\/script>\n<!-- \/ Yoast SEO plugin. -->","yoast_head_json":{"title":"Vapor esso Armor Max Kit 220W Box Mod E-Zigarette Vape | ElementVape.de","description":"Wir bieten Vapor esso Armor Max Kit 220W Box Mod E-Zigarette Vape , Elementvape.de akzeptieren Gro\u00df-und Einzelhandel Bestellungen.","robots":{"index":"index","follow":"follow","max-snippet":"max-snippet:-1","max-image-preview":"max-image-preview:large","max-video-preview":"max-video-preview:-1"},"canonical":"https:\/\/www.elementvape.de\/fr\/produkt\/vapor-esso-armor-max-kit-220w-box-mod-e-zigarette-vape\/","og_locale":"fr_FR","og_type":"article","og_title":"Vapor esso Armor Max Kit 220W Box Mod E-Zigarette Vape | ElementVape.de","og_description":"Wir bieten Vapor esso Armor Max Kit 220W Box Mod E-Zigarette Vape , Elementvape.de akzeptieren Gro\u00df-und Einzelhandel Bestellungen.","og_url":"https:\/\/www.elementvape.de\/fr\/produkt\/vapor-esso-armor-max-kit-220w-box-mod-e-zigarette-vape\/","og_site_name":"ElementVape.de","article_modified_time":"2024-09-12T10:32:06+00:00","og_image":[{"width":800,"height":800,"url":"https:\/\/ae01.alicdn.com\/kf\/Sd1861fed7cae452b97af057481e39b65n\/Original-Vapor-esso-Armor-Max-Kit-220W-Box-Mod-elektronische-Zigarette-Vape-und-8ml-Itank-2.jpg","type":"image\/jpeg"}],"twitter_card":"summary_large_image","twitter_misc":{"Est. reading time":"6 minutes"},"schema":{"@context":"https:\/\/schema.org","@graph":[{"@type":"WebPage","@id":"https:\/\/www.elementvape.de\/en\/produkt\/vapor-esso-armor-max-kit-220w-box-mod-e-zigarette-vape\/","url":"https:\/\/www.elementvape.de\/en\/produkt\/vapor-esso-armor-max-kit-220w-box-mod-e-zigarette-vape\/","name":"Vapor esso Armor Max Kit 220W Box Mod E-Zigarette Vape | ElementVape.de","isPartOf":{"@id":"https:\/\/www.elementvape.de\/#website"},"primaryImageOfPage":{"@id":"https:\/\/www.elementvape.de\/en\/produkt\/vapor-esso-armor-max-kit-220w-box-mod-e-zigarette-vape\/#primaryimage"},"image":{"@id":"https:\/\/www.elementvape.de\/en\/produkt\/vapor-esso-armor-max-kit-220w-box-mod-e-zigarette-vape\/#primaryimage"},"thumbnailUrl":"https:\/\/ae01.alicdn.com\/kf\/Sd1861fed7cae452b97af057481e39b65n\/Original-Vapor-esso-Armor-Max-Kit-220W-Box-Mod-elektronische-Zigarette-Vape-und-8ml-Itank-2.jpg","datePublished":"2024-04-20T07:46:49+00:00","dateModified":"2024-09-12T10:32:06+00:00","description":"Wir bieten Vapor esso Armor Max Kit 220W Box Mod E-Zigarette Vape , Elementvape.de akzeptieren Gro\u00df-und Einzelhandel Bestellungen.","breadcrumb":{"@id":"https:\/\/www.elementvape.de\/en\/produkt\/vapor-esso-armor-max-kit-220w-box-mod-e-zigarette-vape\/#breadcrumb"},"inLanguage":"fr-FR","potentialAction":[{"@type":"ReadAction","target":["https:\/\/www.elementvape.de\/en\/produkt\/vapor-esso-armor-max-kit-220w-box-mod-e-zigarette-vape\/"]}]},{"@type":"ImageObject","inLanguage":"fr-FR","@id":"https:\/\/www.elementvape.de\/en\/produkt\/vapor-esso-armor-max-kit-220w-box-mod-e-zigarette-vape\/#primaryimage","url":"https:\/\/ae01.alicdn.com\/kf\/Sd1861fed7cae452b97af057481e39b65n\/Original-Vapor-esso-Armor-Max-Kit-220W-Box-Mod-elektronische-Zigarette-Vape-und-8ml-Itank-2.jpg","contentUrl":"https:\/\/ae01.alicdn.com\/kf\/Sd1861fed7cae452b97af057481e39b65n\/Original-Vapor-esso-Armor-Max-Kit-220W-Box-Mod-elektronische-Zigarette-Vape-und-8ml-Itank-2.jpg","width":800,"height":800},{"@type":"BreadcrumbList","@id":"https:\/\/www.elementvape.de\/en\/produkt\/vapor-esso-armor-max-kit-220w-box-mod-e-zigarette-vape\/#breadcrumb","itemListElement":[{"@type":"ListItem","position":1,"name":"Home","item":"https:\/\/www.elementvape.de\/"},{"@type":"ListItem","position":2,"name":"Shop","item":"https:\/\/www.elementvape.de\/shop\/"},{"@type":"ListItem","position":3,"name":"Vapor esso Armor Max Kit 220W Box Mod E-Zigarette Vape"}]},{"@type":"WebSite","@id":"https:\/\/www.elementvape.de\/#website","url":"https:\/\/www.elementvape.de\/","name":"ElementVape.de","description":"","publisher":{"@id":"https:\/\/www.elementvape.de\/#organization"},"potentialAction":[{"@type":"SearchAction","target":{"@type":"EntryPoint","urlTemplate":"https:\/\/www.elementvape.de\/?s={search_term_string}"},"query-input":"required name=search_term_string"}],"inLanguage":"fr-FR"},{"@type":"Organization","@id":"https:\/\/www.elementvape.de\/#organization","name":"ElementVape.DE","url":"https:\/\/www.elementvape.de\/","logo":{"@type":"ImageObject","inLanguage":"fr-FR","@id":"https:\/\/www.elementvape.de\/#\/schema\/logo\/image\/","url":"https:\/\/www.elementvape.de\/wp-content\/uploads\/2024\/09\/cropped-1elementvape-3.png","contentUrl":"https:\/\/www.elementvape.de\/wp-content\/uploads\/2024\/09\/cropped-1elementvape-3.png","width":285,"height":228,"caption":"ElementVape.DE"},"image":{"@id":"https:\/\/www.elementvape.de\/#\/schema\/logo\/image\/"}}]}},"_links":{"self":[{"href":"https:\/\/www.elementvape.de\/fr\/wp-json\/wp\/v2\/product\/8142"}],"collection":[{"href":"https:\/\/www.elementvape.de\/fr\/wp-json\/wp\/v2\/product"}],"about":[{"href":"https:\/\/www.elementvape.de\/fr\/wp-json\/wp\/v2\/types\/product"}],"wp:featuredmedia":[{"embeddable":true,"href":"https:\/\/www.elementvape.de\/fr\/wp-json\/wp\/v2\/media\/8143"}],"wp:attachment":[{"href":"https:\/\/www.elementvape.de\/fr\/wp-json\/wp\/v2\/media?parent=8142"}],"wp:term":[{"taxonomy":"product_cat","embeddable":true,"href":"https:\/\/www.elementvape.de\/fr\/wp-json\/wp\/v2\/product_cat?post=8142"},{"taxonomy":"product_tag","embeddable":true,"href":"https:\/\/www.elementvape.de\/fr\/wp-json\/wp\/v2\/product_tag?post=8142"}],"curies":[{"name":"wp","href":"https:\/\/api.w.org\/{rel}","templated":true}]}}