{"id":8053,"date":"2024-04-20T05:50:28","date_gmt":"2024-04-20T05:50:28","guid":{"rendered":"https:\/\/www.elementvape.de\/?post_type=product&#038;p=8053"},"modified":"2024-09-12T10:34:19","modified_gmt":"2024-09-12T10:34:19","slug":"dampf-storm-bypass-200w-tc-vape-box","status":"publish","type":"product","link":"https:\/\/www.elementvape.de\/fr\/produkt\/dampf-storm-bypass-200w-tc-vape-box\/","title":{"rendered":"Box mod Vape Storm Bypass 200W TC, double 18650, mode Storm230, box vape, cigarette \u00e9lectronique, atomiseur RDA, RBA, RDTA"},"content":{"rendered":"<p>&nbsp;<\/p>\n<div class=\"product-specs-list-container\">\n<ul class=\"product-specs-list util-clearfix\">\n<li class=\"product-prop line-limit-length\"><span class=\"property-title\">Fonction de Surveillance du Nombre de Fumeurs :\u00a0<\/span><span class=\"property-desc line-limit-length\">Non<\/span><\/li>\n<li class=\"product-prop line-limit-length\"><span class=\"property-title\">\u00c9tui en Silicone :\u00a0<\/span><span class=\"property-desc line-limit-length\">Non<\/span><\/li>\n<li class=\"product-prop line-limit-length\"><span class=\"property-title\">Fonction de Protection contre les Courts-Circuits :\u00a0<\/span><span class=\"property-desc line-limit-length\">Ja<\/span><\/li>\n<li class=\"product-prop line-limit-length\"><span class=\"property-title\">Fonction de Protection contre la Surchauffe :\u00a0<\/span><span class=\"property-desc line-limit-length\">Ja<\/span><\/li>\n<li class=\"product-prop line-limit-length\"><span class=\"property-title\">Fonction d'alarme de basse tension :\u00a0<\/span><span class=\"property-desc line-limit-length\">Ja<\/span><\/li>\n<li class=\"product-prop line-limit-length\"><span class=\"property-title\">Fonction d'identification du vaporisateur :\u00a0<\/span><span class=\"property-desc line-limit-length\">Ja<\/span><\/li>\n<li class=\"product-prop line-limit-length\"><span class=\"property-title\">Contr\u00f4le de Temp\u00e9rature :\u00a0<\/span><span class=\"property-desc line-limit-length\">Ja<\/span><\/li>\n<li class=\"product-prop line-limit-length\"><span class=\"property-title\">Modes de r\u00e9glage TCR :\u00a0<\/span><span class=\"property-desc line-limit-length\">Ja<\/span><\/li>\n<li class=\"product-prop line-limit-length\"><span class=\"property-title\">Capacit\u00e9 nominale :\u00a0<\/span><span class=\"property-desc line-limit-length\">Non<\/span><\/li>\n<li class=\"product-prop line-limit-length\"><span class=\"property-title\">Batterie Compatible :\u00a0<\/span><span class=\"property-desc line-limit-length\">18650<\/span><\/li>\n<li class=\"product-prop line-limit-length\"><span class=\"property-title\">Mat\u00e9riau :\u00a0<\/span><span class=\"property-desc line-limit-length\">Plastique<\/span><\/li>\n<li class=\"product-prop line-limit-length\"><span class=\"property-title\">Mod\u00e8le compatible :\u00a0<\/span><span class=\"property-desc line-limit-length\">Cigarette \u00e9lectronique Bo\u00eete Mod Vape<\/span><\/li>\n<li class=\"product-prop line-limit-length\"><span class=\"property-title\">Num\u00e9ro de mod\u00e8le :\u00a0<\/span><span class=\"property-desc line-limit-length\">storm230 bypass<\/span><\/li>\n<li class=\"product-prop line-limit-length\"><span class=\"property-title\">Mise \u00e0 jour du firmware :\u00a0<\/span><span class=\"property-desc line-limit-length\">Non<\/span><\/li>\n<li class=\"product-prop line-limit-length\"><span class=\"property-title\">Chargeur USB :\u00a0<\/span><span class=\"property-desc line-limit-length\">Ja<\/span><\/li>\n<li class=\"product-prop line-limit-length\"><span class=\"property-title\">Affichage :\u00a0<\/span><span class=\"property-desc line-limit-length\">Ja<\/span><\/li>\n<li class=\"product-prop line-limit-length\"><span class=\"property-title\">Batterie Int\u00e9gr\u00e9e ou Externe :\u00a0<\/span><span class=\"property-desc line-limit-length\">Non<\/span><\/li>\n<li class=\"product-prop line-limit-length\"><span class=\"property-title\">Type :\u00a0<\/span><span class=\"property-desc line-limit-length\">Mod \u00c9lectronique<\/span><\/li>\n<li class=\"product-prop line-limit-length\"><span class=\"property-title\">Nom de la marque :\u00a0<\/span><span class=\"property-desc line-limit-length\">vapeur temp\u00eate<\/span><\/li>\n<li class=\"product-prop line-limit-length\"><span class=\"property-title\">Origine :\u00a0<\/span><span class=\"property-desc line-limit-length\">CN (Origine)<\/span><\/li>\n<li class=\"product-prop line-limit-length\"><span class=\"property-title\">puissance variable :\u00a0<\/span><span class=\"property-desc line-limit-length\">5-200W<\/span><\/li>\n<li class=\"product-prop line-limit-length\"><span class=\"property-title\">Contr\u00f4le de temp\u00e9rature :\u00a0<\/span><span class=\"property-desc line-limit-length\">212 \u00b0F \u2013 600 \u00b0F<\/span><\/li>\n<li class=\"product-prop line-limit-length\"><span class=\"property-title\">Fil:\u00a0<\/span><span class=\"property-desc line-limit-length\">510<\/span><\/li>\n<li class=\"product-prop line-limit-length\"><span class=\"property-title\">Mod\u00e8le:\u00a0<\/span><span class=\"property-desc line-limit-length\">Vapeur Temp\u00eate230 Bypass 200W<\/span><\/li>\n<li class=\"product-prop line-limit-length\"><span class=\"property-title\">Batterie :\u00a0<\/span><span class=\"property-desc line-limit-length\">Supporte double batterie 18650, Batterie externe<\/span><\/li>\n<li class=\"product-prop line-limit-length\"><span class=\"property-title\">Fonction sp\u00e9ciale :\u00a0<\/span><span class=\"property-desc line-limit-length\">Bypass Vape<\/span><\/li>\n<li class=\"product-prop line-limit-length\"><span class=\"property-title\">Fonction 1 :\u00a0<\/span><span class=\"property-desc line-limit-length\">mod box vape<\/span><\/li>\n<li class=\"product-prop line-limit-length\"><span class=\"property-title\">Fonction 2 :\u00a0<\/span><span class=\"property-desc line-limit-length\">Bo\u00eete mod cigarette \u00e9lectronique<\/span><\/li>\n<\/ul>\n<\/div>\n<div class=\"detailmodule_html\">\n<div class=\"detail-desc-decorate-richtext\">\n<div class=\"detailmodule_dynamic\"><\/div>\n<div class=\"detailmodule_dynamic\"><\/div>\n<div class=\"detailmodule_html\">\n<div class=\"detail-desc-decorate-richtext\">\n<p>&nbsp;<\/p>\n<div class=\"detailmodule_text\">\n<p id=\"tl_1\" class=\"detail-desc-decorate-title\" style=\"font-family: OpenSans; font-size: 20px; font-weight: 900; line-height: 28px; margin-bottom: 12px;\">Tour de vapeur Bypass 200w tc Bo\u00eete mod Vape Mode Storm230 Double Mods Bo\u00eete Vape cigarette \u00e9lectronique Vaporizer RDA RBA Rdta<\/p>\n<\/div>\n<div class=\"detailmodule_text\">\n<p id=\"tl_2\" class=\"detail-desc-decorate-title\" style=\"font-family: OpenSans; font-size: 20px; font-weight: 900; line-height: 28px; margin-bottom: 12px;\">Attention :<\/p>\n<p id=\"tl_3\" class=\"detail-desc-decorate-content\" style=\"font-family: OpenSans; font-size: 14px; font-weight: 300; line-height: 20px; margin-bottom: 12px;\">Il est sans batterie et sans atomiseur, veuillez l'acheter s\u00e9par\u00e9ment !<\/p>\n<p>Et chaque image de rev\u00eatement est unique, vous recevrez donc tous des mods de couleurs diff\u00e9rentes.<\/p>\n<p>Le corps du mod \u00e0 l'avant et \u00e0 l'arri\u00e8re sont deux images diff\u00e9rentes.<\/p>\n<p>Ce kit est avec batterie amovible. Sans batterie 18650 incluse. Il est pr\u00e9f\u00e9rable d'acheter vous-m\u00eame deux batteries 18650 (sonyvtc4\/vtc5\/vtc6, etc.). Le courant de sortie actuel &gt; = 30a serait pr\u00e9f\u00e9rable.<\/p>\n<\/div>\n<div class=\"detailmodule_text\">\n<p id=\"tl_4\" class=\"detail-desc-decorate-title\" style=\"font-family: OpenSans; font-size: 20px; font-weight: 900; line-height: 28px; margin-bottom: 12px;\">Nouveau mode de r\u00e9gulation de temp\u00e9rature tc :<\/p>\n<p id=\"tl_5\" class=\"detail-desc-decorate-content\" style=\"font-family: OpenSans; font-size: 14px; font-weight: 300; line-height: 20px; margin-bottom: 12px;\">Avec des modes optionnels tc (ni\/ti\/ss\/tcr), vous pouvez profiter de diff\u00e9rentes exp\u00e9riences de vapotage sous diff\u00e9rents modes et r\u00e9glages.<br \/>\nSi vous n'avez pas la bobine ni\/ti, nous vous recommandons de ne pas la vapoter directement en mode ni\/ti tc.<\/p>\n<\/div>\n<div class=\"detailmodule_text\">\n<p id=\"tl_6\" class=\"detail-desc-decorate-title\" style=\"font-family: OpenSans; font-size: 20px; font-weight: 900; line-height: 28px; margin-bottom: 12px;\">Mode Tcr (m1 m2):<\/p>\n<p id=\"tl_7\" class=\"detail-desc-decorate-content\" style=\"font-family: OpenSans; font-size: 14px; font-weight: 300; line-height: 20px; margin-bottom: 12px;\">En mode Tcr (coefficient de temp\u00e9rature de la r\u00e9sistance), l'appareil peut prendre en charge diff\u00e9rentes bobines de contr\u00f4le de temp\u00e9rature.<br \/>\nAvec diff\u00e9rentes plages de valeurs Tcr, vous pouvez r\u00e9gler le Tcr sur diff\u00e9rentes valeurs avec la plage appropri\u00e9e.<\/p>\n<p>Remarque :<br \/>\n1. La valeur Tcr dans la feuille est 105 multipli\u00e9e par le Tcr r\u00e9el.<br \/>\n2. Notre plage totale de valeurs Tcr est de 1 \u00e0 1000.<\/p>\n<\/div>\n<div class=\"detailmodule_text\">\n<p id=\"tl_8\" class=\"detail-desc-decorate-title\" style=\"font-family: OpenSans; font-size: 20px; font-weight: 900; line-height: 28px; margin-bottom: 12px;\">Mode Bypass :<\/p>\n<p id=\"tl_9\" class=\"detail-desc-decorate-content\" style=\"font-family: OpenSans; font-size: 14px; font-weight: 300; line-height: 20px; margin-bottom: 12px;\">Lorsque l'appareil est r\u00e9gl\u00e9 en mode Bypass, il peut prendre en charge une bobine dont la r\u00e9sistance se situe entre 0,1 Ohm et 3,0 Ohm.<br \/>\nLe syst\u00e8me de tension de sortie directe est activ\u00e9 dans ce mode.<br \/>\nPlus la batterie est charg\u00e9e, plus la tension de sortie est \u00e9lev\u00e9e, la puissance maximale \u00e9tant de 230W.<\/p>\n<\/div>\n<div class=\"detailmodule_text\">\n<p id=\"tl_10\" class=\"detail-desc-decorate-title\" style=\"font-family: OpenSans; font-size: 20px; font-weight: 900; line-height: 28px; margin-bottom: 12px;\">Paquet :<\/p>\n<p id=\"tl_11\" class=\"detail-desc-decorate-content\" style=\"font-family: OpenSans; font-size: 14px; font-weight: 300; line-height: 20px; margin-bottom: 12px;\">1 x Storm230 Puma mod (sans batterie)<br \/>\n1 x c\u00e2ble Micro-USB<br \/>\n1 x manuel d'utilisation<\/p>\n<\/div>\n<div class=\"detailmodule_text-image\">\n<p id=\"tl_12\" class=\"detail-desc-decorate-title\" style=\"font-family: OpenSans; font-size: 20px; font-weight: 900; line-height: 28px; margin-bottom: 12px;\">Afficher les produits<\/p>\n<div><img decoding=\"async\" loading=\"lazy\" class=\"detail-desc-decorate-image\" style=\"margin-bottom: 10px;\" src=\"https:\/\/ae01.alicdn.com\/kf\/H644713091e50447982cb746dba5bc664f.jpg\" \/><br \/>\n<img decoding=\"async\" loading=\"lazy\" class=\"detail-desc-decorate-image\" style=\"margin-bottom: 10px;\" src=\"https:\/\/ae01.alicdn.com\/kf\/H5db976e549cf4307bd54c97df0fc7511w.jpg\" \/><br \/>\n<img decoding=\"async\" loading=\"lazy\" class=\"detail-desc-decorate-image\" style=\"margin-bottom: 10px;\" src=\"https:\/\/ae01.alicdn.com\/kf\/Hf91eac32e0324626814b2c2ee44274f6X.jpg\" \/><br \/>\n<img decoding=\"async\" loading=\"lazy\" class=\"detail-desc-decorate-image\" style=\"margin-bottom: 10px;\" src=\"https:\/\/ae01.alicdn.com\/kf\/Hf667d40933204d1b9ff561e0eb05bddd1.jpg\" \/><br \/>\n<img decoding=\"async\" loading=\"lazy\" class=\"detail-desc-decorate-image\" style=\"margin-bottom: 10px;\" src=\"https:\/\/ae01.alicdn.com\/kf\/Hf879506a386e467eaa6be44067c6624b1.jpg\" \/><br \/>\n<img decoding=\"async\" loading=\"lazy\" class=\"detail-desc-decorate-image\" style=\"margin-bottom: 10px;\" src=\"https:\/\/ae01.alicdn.com\/kf\/Hcda8535b03e240e9831e391182b569d7O.jpg\" \/><br \/>\n<img decoding=\"async\" loading=\"lazy\" class=\"detail-desc-decorate-image\" style=\"margin-bottom: 10px;\" src=\"https:\/\/ae01.alicdn.com\/kf\/He77a4752de4b49dba3a9f699f66ecbc50.jpg\" \/><br \/>\n<img decoding=\"async\" loading=\"lazy\" class=\"detail-desc-decorate-image\" style=\"margin-bottom: 10px;\" src=\"https:\/\/ae01.alicdn.com\/kf\/H72c938e212404247a1fbc7d3eea0b58e4.jpg\" \/><br \/>\n<img decoding=\"async\" loading=\"lazy\" class=\"detail-desc-decorate-image\" style=\"margin-bottom: 10px;\" src=\"https:\/\/ae01.alicdn.com\/kf\/Hbf80c80263e64d1ab41f08f58f867343K.jpg\" \/><br \/>\n<img decoding=\"async\" loading=\"lazy\" class=\"detail-desc-decorate-image\" style=\"margin-bottom: 10px;\" src=\"https:\/\/ae01.alicdn.com\/kf\/H33f531279710407b95f1135f6811f290L.jpg\" \/><\/div>\n<\/div>\n<div class=\"detailmodule_text-image\">\n<p id=\"tl_13\" class=\"detail-desc-decorate-title\" style=\"font-family: OpenSans; font-size: 20px; font-weight: 900; line-height: 28px; margin-bottom: 12px;\">V\u00e9rification du code de s\u00e9curit\u00e9 d'origine<\/p>\n<div><img decoding=\"async\" loading=\"lazy\" class=\"detail-desc-decorate-image\" src=\"https:\/\/ae01.alicdn.com\/kf\/H0a6b2ed4fce84873aed2a92b6e0185e5t.jpg\" \/><\/div>\n<\/div>\n<p>&nbsp;<\/p>\n<\/div>\n<\/div>\n<div><\/div>\n<p>&nbsp;<\/p>\n<\/div>\n<\/div>","protected":false},"excerpt":{"rendered":"<p>&nbsp; \u00dcberwachung Funktion Von Rauchen Anzahl:\u00a0Nein Silikon Fall:\u00a0Nein Kurzschlussschutz Funktion:\u00a0Ja \u00dcberhitzungsschutz-funktion:\u00a0Ja Niederspannungsalarmfunktion:\u00a0Ja Zerst\u00e4uber Identifikation Funktion:\u00a0Ja Temperaturregelung:\u00a0Ja TCR Einstellung Modi:\u00a0Ja Nominale Kapazit\u00e4t:\u00a0Kein Kompatibler Akku:\u00a018650 Material:\u00a0Plastik Compatible Model:\u00a0Electronic Cigarette Vape Box Mod Modellnummer:\u00a0storm230 bypass Firmware-upgrade:\u00a0Nein Usb-ladeger\u00e4t:\u00a0Ja Display:\u00a0Ja Eingebaute Oder Externe Batterie:\u00a0Nein Art:\u00a0Elektrische Mod Markenname:\u00a0vapor storm Ursprung:\u00a0CN (Herkunft) variable power:\u00a05-200W Temperature Control:\u00a0212 F &#8211; 600 F Thread:\u00a0510 Model:\u00a0Vapor [&hellip;]<\/p>","protected":false},"featured_media":8054,"template":"","meta":{"inline_featured_image":false},"product_cat":[752,756,739,743,77],"product_tag":[],"tiered_pricing_type":"fixed","tiered_pricing_fixed_rules":[],"tiered_pricing_percentage_rules":[],"tiered_pricing_minimum":1,"_administrator_tiered_pricing_type":"fixed","_administrator_tiered_pricing_fixed_rules":[],"_editor_tiered_pricing_type":"fixed","_editor_tiered_pricing_fixed_rules":[],"_author_tiered_pricing_type":"fixed","_author_tiered_pricing_fixed_rules":[],"_contributor_tiered_pricing_type":"fixed","_contributor_tiered_pricing_fixed_rules":[],"_subscriber_tiered_pricing_type":"fixed","_subscriber_tiered_pricing_fixed_rules":[],"_customer_tiered_pricing_type":"fixed","_customer_tiered_pricing_fixed_rules":[],"_shop_manager_tiered_pricing_type":"fixed","_shop_manager_tiered_pricing_fixed_rules":[],"_wpseo_manager_tiered_pricing_type":"fixed","_wpseo_manager_tiered_pricing_fixed_rules":[],"_wpseo_editor_tiered_pricing_type":"fixed","_wpseo_editor_tiered_pricing_fixed_rules":[],"_wholesale_customer_tiered_pricing_type":"fixed","_wholesale_customer_tiered_pricing_fixed_rules":[],"_marketer_tiered_pricing_type":"fixed","_marketer_tiered_pricing_fixed_rules":[],"_sales_manager_tiered_pricing_type":"fixed","_sales_manager_tiered_pricing_fixed_rules":[],"_sales_rep_tiered_pricing_type":"fixed","_sales_rep_tiered_pricing_fixed_rules":[],"yoast_head":"<!-- This site is optimized with the Yoast SEO plugin v23.3 - https:\/\/yoast.com\/wordpress\/plugins\/seo\/ -->\n<title>Dampf Storm Bypass 200W TC Vape Box Mod Dual 18650 Storm230 Mode Mods Box Vape Elektronische Zigarette Verdampfer RDA RBA RDTA | ElementVape.de<\/title>\n<meta name=\"description\" content=\"Wir bieten Dampf Storm Bypass 200W TC Vape Box Mod Dual 18650 Storm230 Mode Mods Box Vape Elektronische Zigarette Verdampfer RDA RBA RDTA , Elementvape.de akzeptieren Gro\u00df-und Einzelhandel Bestellungen.\" \/>\n<meta name=\"robots\" content=\"index, follow, max-snippet:-1, max-image-preview:large, max-video-preview:-1\" \/>\n<link rel=\"canonical\" href=\"https:\/\/www.elementvape.de\/fr\/produkt\/dampf-storm-bypass-200w-tc-vape-box\/\" \/>\n<meta property=\"og:locale\" content=\"fr_FR\" \/>\n<meta property=\"og:type\" content=\"article\" \/>\n<meta property=\"og:title\" content=\"Dampf Storm Bypass 200W TC Vape Box Mod Dual 18650 Storm230 Mode Mods Box Vape Elektronische Zigarette Verdampfer RDA RBA RDTA | ElementVape.de\" \/>\n<meta property=\"og:description\" content=\"Wir bieten Dampf Storm Bypass 200W TC Vape Box Mod Dual 18650 Storm230 Mode Mods Box Vape Elektronische Zigarette Verdampfer RDA RBA RDTA , Elementvape.de akzeptieren Gro\u00df-und Einzelhandel Bestellungen.\" \/>\n<meta property=\"og:url\" content=\"https:\/\/www.elementvape.de\/fr\/produkt\/dampf-storm-bypass-200w-tc-vape-box\/\" \/>\n<meta property=\"og:site_name\" content=\"ElementVape.de\" \/>\n<meta property=\"article:modified_time\" content=\"2024-09-12T10:34:19+00:00\" \/>\n<meta property=\"og:image\" content=\"https:\/\/ae01.alicdn.com\/kf\/Scf54b51f3d9748c289b2d24ceb41ba5dO\/Dampf-Storm-Bypass-200W-TC-Vape-Box-Mod-Dual-18650-Storm230-Mode-Mods-Box-Vape-Elektronische.jpg\" \/>\n\t<meta property=\"og:image:width\" content=\"800\" \/>\n\t<meta property=\"og:image:height\" content=\"800\" \/>\n\t<meta property=\"og:image:type\" content=\"image\/jpeg\" \/>\n<meta name=\"twitter:card\" content=\"summary_large_image\" \/>\n<meta name=\"twitter:label1\" content=\"Est. reading time\" \/>\n\t<meta name=\"twitter:data1\" content=\"5 minutes\" \/>\n<script type=\"application\/ld+json\" class=\"yoast-schema-graph\">{\"@context\":\"https:\/\/schema.org\",\"@graph\":[{\"@type\":\"WebPage\",\"@id\":\"https:\/\/www.elementvape.de\/produkt\/dampf-storm-bypass-200w-tc-vape-box\/\",\"url\":\"https:\/\/www.elementvape.de\/produkt\/dampf-storm-bypass-200w-tc-vape-box\/\",\"name\":\"Dampf Storm Bypass 200W TC Vape Box Mod Dual 18650 Storm230 Mode Mods Box Vape Elektronische Zigarette Verdampfer RDA RBA RDTA | ElementVape.de\",\"isPartOf\":{\"@id\":\"https:\/\/www.elementvape.de\/#website\"},\"primaryImageOfPage\":{\"@id\":\"https:\/\/www.elementvape.de\/produkt\/dampf-storm-bypass-200w-tc-vape-box\/#primaryimage\"},\"image\":{\"@id\":\"https:\/\/www.elementvape.de\/produkt\/dampf-storm-bypass-200w-tc-vape-box\/#primaryimage\"},\"thumbnailUrl\":\"https:\/\/ae01.alicdn.com\/kf\/Scf54b51f3d9748c289b2d24ceb41ba5dO\/Dampf-Storm-Bypass-200W-TC-Vape-Box-Mod-Dual-18650-Storm230-Mode-Mods-Box-Vape-Elektronische.jpg\",\"datePublished\":\"2024-04-20T05:50:28+00:00\",\"dateModified\":\"2024-09-12T10:34:19+00:00\",\"description\":\"Wir bieten Dampf Storm Bypass 200W TC Vape Box Mod Dual 18650 Storm230 Mode Mods Box Vape Elektronische Zigarette Verdampfer RDA RBA RDTA , Elementvape.de akzeptieren Gro\u00df-und Einzelhandel Bestellungen.\",\"breadcrumb\":{\"@id\":\"https:\/\/www.elementvape.de\/produkt\/dampf-storm-bypass-200w-tc-vape-box\/#breadcrumb\"},\"inLanguage\":\"fr-FR\",\"potentialAction\":[{\"@type\":\"ReadAction\",\"target\":[\"https:\/\/www.elementvape.de\/produkt\/dampf-storm-bypass-200w-tc-vape-box\/\"]}]},{\"@type\":\"ImageObject\",\"inLanguage\":\"fr-FR\",\"@id\":\"https:\/\/www.elementvape.de\/produkt\/dampf-storm-bypass-200w-tc-vape-box\/#primaryimage\",\"url\":\"https:\/\/ae01.alicdn.com\/kf\/Scf54b51f3d9748c289b2d24ceb41ba5dO\/Dampf-Storm-Bypass-200W-TC-Vape-Box-Mod-Dual-18650-Storm230-Mode-Mods-Box-Vape-Elektronische.jpg\",\"contentUrl\":\"https:\/\/ae01.alicdn.com\/kf\/Scf54b51f3d9748c289b2d24ceb41ba5dO\/Dampf-Storm-Bypass-200W-TC-Vape-Box-Mod-Dual-18650-Storm230-Mode-Mods-Box-Vape-Elektronische.jpg\",\"width\":800,\"height\":800},{\"@type\":\"BreadcrumbList\",\"@id\":\"https:\/\/www.elementvape.de\/produkt\/dampf-storm-bypass-200w-tc-vape-box\/#breadcrumb\",\"itemListElement\":[{\"@type\":\"ListItem\",\"position\":1,\"name\":\"Home\",\"item\":\"https:\/\/www.elementvape.de\/\"},{\"@type\":\"ListItem\",\"position\":2,\"name\":\"Shop\",\"item\":\"https:\/\/www.elementvape.de\/shop\/\"},{\"@type\":\"ListItem\",\"position\":3,\"name\":\"Dampf Storm Bypass 200W TC Vape Box Mod Dual 18650 Storm230 Mode Mods Box Vape Elektronische Zigarette Verdampfer RDA RBA RDTA\"}]},{\"@type\":\"WebSite\",\"@id\":\"https:\/\/www.elementvape.de\/#website\",\"url\":\"https:\/\/www.elementvape.de\/\",\"name\":\"ElementVape.de\",\"description\":\"\",\"publisher\":{\"@id\":\"https:\/\/www.elementvape.de\/#organization\"},\"potentialAction\":[{\"@type\":\"SearchAction\",\"target\":{\"@type\":\"EntryPoint\",\"urlTemplate\":\"https:\/\/www.elementvape.de\/?s={search_term_string}\"},\"query-input\":\"required name=search_term_string\"}],\"inLanguage\":\"fr-FR\"},{\"@type\":\"Organization\",\"@id\":\"https:\/\/www.elementvape.de\/#organization\",\"name\":\"ElementVape.DE\",\"url\":\"https:\/\/www.elementvape.de\/\",\"logo\":{\"@type\":\"ImageObject\",\"inLanguage\":\"fr-FR\",\"@id\":\"https:\/\/www.elementvape.de\/#\/schema\/logo\/image\/\",\"url\":\"https:\/\/www.elementvape.de\/wp-content\/uploads\/2024\/09\/cropped-1elementvape-3.png\",\"contentUrl\":\"https:\/\/www.elementvape.de\/wp-content\/uploads\/2024\/09\/cropped-1elementvape-3.png\",\"width\":285,\"height\":228,\"caption\":\"ElementVape.DE\"},\"image\":{\"@id\":\"https:\/\/www.elementvape.de\/#\/schema\/logo\/image\/\"}}]}<\/script>\n<!-- \/ Yoast SEO plugin. -->","yoast_head_json":{"title":"Dampf Storm Bypass 200W TC Vape Box Mod Dual 18650 Storm230 Mode Mods Box Vape Elektronische Zigarette Verdampfer RDA RBA RDTA | ElementVape.de","description":"Wir bieten Dampf Storm Bypass 200W TC Vape Box Mod Dual 18650 Storm230 Mode Mods Box Vape Elektronische Zigarette Verdampfer RDA RBA RDTA , Elementvape.de akzeptieren Gro\u00df-und Einzelhandel Bestellungen.","robots":{"index":"index","follow":"follow","max-snippet":"max-snippet:-1","max-image-preview":"max-image-preview:large","max-video-preview":"max-video-preview:-1"},"canonical":"https:\/\/www.elementvape.de\/fr\/produkt\/dampf-storm-bypass-200w-tc-vape-box\/","og_locale":"fr_FR","og_type":"article","og_title":"Dampf Storm Bypass 200W TC Vape Box Mod Dual 18650 Storm230 Mode Mods Box Vape Elektronische Zigarette Verdampfer RDA RBA RDTA | ElementVape.de","og_description":"Wir bieten Dampf Storm Bypass 200W TC Vape Box Mod Dual 18650 Storm230 Mode Mods Box Vape Elektronische Zigarette Verdampfer RDA RBA RDTA , Elementvape.de akzeptieren Gro\u00df-und Einzelhandel Bestellungen.","og_url":"https:\/\/www.elementvape.de\/fr\/produkt\/dampf-storm-bypass-200w-tc-vape-box\/","og_site_name":"ElementVape.de","article_modified_time":"2024-09-12T10:34:19+00:00","og_image":[{"width":800,"height":800,"url":"https:\/\/ae01.alicdn.com\/kf\/Scf54b51f3d9748c289b2d24ceb41ba5dO\/Dampf-Storm-Bypass-200W-TC-Vape-Box-Mod-Dual-18650-Storm230-Mode-Mods-Box-Vape-Elektronische.jpg","type":"image\/jpeg"}],"twitter_card":"summary_large_image","twitter_misc":{"Est. reading time":"5 minutes"},"schema":{"@context":"https:\/\/schema.org","@graph":[{"@type":"WebPage","@id":"https:\/\/www.elementvape.de\/produkt\/dampf-storm-bypass-200w-tc-vape-box\/","url":"https:\/\/www.elementvape.de\/produkt\/dampf-storm-bypass-200w-tc-vape-box\/","name":"Dampf Storm Bypass 200W TC Vape Box Mod Dual 18650 Storm230 Mode Mods Box Vape Elektronische Zigarette Verdampfer RDA RBA RDTA | ElementVape.de","isPartOf":{"@id":"https:\/\/www.elementvape.de\/#website"},"primaryImageOfPage":{"@id":"https:\/\/www.elementvape.de\/produkt\/dampf-storm-bypass-200w-tc-vape-box\/#primaryimage"},"image":{"@id":"https:\/\/www.elementvape.de\/produkt\/dampf-storm-bypass-200w-tc-vape-box\/#primaryimage"},"thumbnailUrl":"https:\/\/ae01.alicdn.com\/kf\/Scf54b51f3d9748c289b2d24ceb41ba5dO\/Dampf-Storm-Bypass-200W-TC-Vape-Box-Mod-Dual-18650-Storm230-Mode-Mods-Box-Vape-Elektronische.jpg","datePublished":"2024-04-20T05:50:28+00:00","dateModified":"2024-09-12T10:34:19+00:00","description":"Wir bieten Dampf Storm Bypass 200W TC Vape Box Mod Dual 18650 Storm230 Mode Mods Box Vape Elektronische Zigarette Verdampfer RDA RBA RDTA , Elementvape.de akzeptieren Gro\u00df-und Einzelhandel Bestellungen.","breadcrumb":{"@id":"https:\/\/www.elementvape.de\/produkt\/dampf-storm-bypass-200w-tc-vape-box\/#breadcrumb"},"inLanguage":"fr-FR","potentialAction":[{"@type":"ReadAction","target":["https:\/\/www.elementvape.de\/produkt\/dampf-storm-bypass-200w-tc-vape-box\/"]}]},{"@type":"ImageObject","inLanguage":"fr-FR","@id":"https:\/\/www.elementvape.de\/produkt\/dampf-storm-bypass-200w-tc-vape-box\/#primaryimage","url":"https:\/\/ae01.alicdn.com\/kf\/Scf54b51f3d9748c289b2d24ceb41ba5dO\/Dampf-Storm-Bypass-200W-TC-Vape-Box-Mod-Dual-18650-Storm230-Mode-Mods-Box-Vape-Elektronische.jpg","contentUrl":"https:\/\/ae01.alicdn.com\/kf\/Scf54b51f3d9748c289b2d24ceb41ba5dO\/Dampf-Storm-Bypass-200W-TC-Vape-Box-Mod-Dual-18650-Storm230-Mode-Mods-Box-Vape-Elektronische.jpg","width":800,"height":800},{"@type":"BreadcrumbList","@id":"https:\/\/www.elementvape.de\/produkt\/dampf-storm-bypass-200w-tc-vape-box\/#breadcrumb","itemListElement":[{"@type":"ListItem","position":1,"name":"Home","item":"https:\/\/www.elementvape.de\/"},{"@type":"ListItem","position":2,"name":"Shop","item":"https:\/\/www.elementvape.de\/shop\/"},{"@type":"ListItem","position":3,"name":"Dampf Storm Bypass 200W TC Vape Box Mod Dual 18650 Storm230 Mode Mods Box Vape Elektronische Zigarette Verdampfer RDA RBA RDTA"}]},{"@type":"WebSite","@id":"https:\/\/www.elementvape.de\/#website","url":"https:\/\/www.elementvape.de\/","name":"ElementVape.de","description":"","publisher":{"@id":"https:\/\/www.elementvape.de\/#organization"},"potentialAction":[{"@type":"SearchAction","target":{"@type":"EntryPoint","urlTemplate":"https:\/\/www.elementvape.de\/?s={search_term_string}"},"query-input":"required name=search_term_string"}],"inLanguage":"fr-FR"},{"@type":"Organization","@id":"https:\/\/www.elementvape.de\/#organization","name":"ElementVape.DE","url":"https:\/\/www.elementvape.de\/","logo":{"@type":"ImageObject","inLanguage":"fr-FR","@id":"https:\/\/www.elementvape.de\/#\/schema\/logo\/image\/","url":"https:\/\/www.elementvape.de\/wp-content\/uploads\/2024\/09\/cropped-1elementvape-3.png","contentUrl":"https:\/\/www.elementvape.de\/wp-content\/uploads\/2024\/09\/cropped-1elementvape-3.png","width":285,"height":228,"caption":"ElementVape.DE"},"image":{"@id":"https:\/\/www.elementvape.de\/#\/schema\/logo\/image\/"}}]}},"_links":{"self":[{"href":"https:\/\/www.elementvape.de\/fr\/wp-json\/wp\/v2\/product\/8053"}],"collection":[{"href":"https:\/\/www.elementvape.de\/fr\/wp-json\/wp\/v2\/product"}],"about":[{"href":"https:\/\/www.elementvape.de\/fr\/wp-json\/wp\/v2\/types\/product"}],"wp:featuredmedia":[{"embeddable":true,"href":"https:\/\/www.elementvape.de\/fr\/wp-json\/wp\/v2\/media\/8054"}],"wp:attachment":[{"href":"https:\/\/www.elementvape.de\/fr\/wp-json\/wp\/v2\/media?parent=8053"}],"wp:term":[{"taxonomy":"product_cat","embeddable":true,"href":"https:\/\/www.elementvape.de\/fr\/wp-json\/wp\/v2\/product_cat?post=8053"},{"taxonomy":"product_tag","embeddable":true,"href":"https:\/\/www.elementvape.de\/fr\/wp-json\/wp\/v2\/product_tag?post=8053"}],"curies":[{"name":"wp","href":"https:\/\/api.w.org\/{rel}","templated":true}]}}