{"id":8019,"date":"2024-04-20T05:48:41","date_gmt":"2024-04-20T05:48:41","guid":{"rendered":"https:\/\/www.elementvape.de\/?post_type=product&#038;p=8019"},"modified":"2024-09-12T10:34:23","modified_gmt":"2024-09-12T10:34:23","slug":"vapor-esso-gen-pt80s-kit-80w-box-mod","status":"publish","type":"product","link":"https:\/\/www.elementvape.de\/fr\/produkt\/vapor-esso-gen-pt80s-kit-80w-box-mod\/","title":{"rendered":"Vapor esso gen pt80s kit 80w box mod vape avec 4,5 ml x tank pod cartouche compatible avec spule GTX e-cigarette atomiseur"},"content":{"rendered":"<p>&nbsp;<\/p>\n<div class=\"product-specs-list-container\">\n<ul class=\"product-specs-list util-clearfix\">\n<li class=\"product-prop line-limit-length\"><span class=\"property-title\">Apparence :\u00a0<\/span><span class=\"property-desc line-limit-length\">Forme Bo\u00eete<\/span><\/li>\n<li class=\"product-prop line-limit-length\"><span class=\"property-title\">Batterie Compatible :\u00a0<\/span><span class=\"property-desc line-limit-length\">Non<\/span><\/li>\n<li class=\"product-prop line-limit-length\"><span class=\"property-title\">Fonction de Surveillance du Nombre de Fumeurs :\u00a0<\/span><span class=\"property-desc line-limit-length\">Non<\/span><\/li>\n<li class=\"product-prop line-limit-length\"><span class=\"property-title\">\u00c9tui en Silicone :\u00a0<\/span><span class=\"property-desc line-limit-length\">Non<\/span><\/li>\n<li class=\"product-prop line-limit-length\"><span class=\"property-title\">Contr\u00f4le de Temp\u00e9rature :\u00a0<\/span><span class=\"property-desc line-limit-length\">Non<\/span><\/li>\n<li class=\"product-prop line-limit-length\"><span class=\"property-title\">Batterie Int\u00e9gr\u00e9e ou Externe :\u00a0<\/span><span class=\"property-desc line-limit-length\">Externe<\/span><\/li>\n<li class=\"product-prop line-limit-length\"><span class=\"property-title\">Fonction de Protection contre les Courts-Circuits :\u00a0<\/span><span class=\"property-desc line-limit-length\">Ja<\/span><\/li>\n<li class=\"product-prop line-limit-length\"><span class=\"property-title\">Fonction de Protection contre la Surchauffe :\u00a0<\/span><span class=\"property-desc line-limit-length\">Ja<\/span><\/li>\n<li class=\"product-prop line-limit-length\"><span class=\"property-title\">Fonction d'alarme de basse tension :\u00a0<\/span><span class=\"property-desc line-limit-length\">Ja<\/span><\/li>\n<li class=\"product-prop line-limit-length\"><span class=\"property-title\">Fonction d'identification du vaporisateur :\u00a0<\/span><span class=\"property-desc line-limit-length\">Ja<\/span><\/li>\n<li class=\"product-prop line-limit-length\"><span class=\"property-title\">Modes de r\u00e9glage TCR :\u00a0<\/span><span class=\"property-desc line-limit-length\">Non<\/span><\/li>\n<li class=\"product-prop line-limit-length\"><span class=\"property-title\">Capacit\u00e9 nominale :\u00a0<\/span><span class=\"property-desc line-limit-length\">Non<\/span><\/li>\n<li class=\"product-prop line-limit-length\"><span class=\"property-title\">Mat\u00e9riau :\u00a0<\/span><span class=\"property-desc line-limit-length\">M\u00e9tal<\/span><\/li>\n<li class=\"product-prop line-limit-length\"><span class=\"property-title\">Mod\u00e8le compatible :\u00a0<\/span><span class=\"property-desc line-limit-length\">Cigarette \u00e9lectronique Vape<\/span><\/li>\n<li class=\"product-prop line-limit-length\"><span class=\"property-title\">Num\u00e9ro de mod\u00e8le :\u00a0<\/span><span class=\"property-desc line-limit-length\">Kit Vaporesso GEN PT80 S<\/span><\/li>\n<li class=\"product-prop line-limit-length\"><span class=\"property-title\">Chargeur USB :\u00a0<\/span><span class=\"property-desc line-limit-length\">Ja<\/span><\/li>\n<li class=\"product-prop line-limit-length\"><span class=\"property-title\">Mise \u00e0 jour du firmware :\u00a0<\/span><span class=\"property-desc line-limit-length\">Non<\/span><\/li>\n<li class=\"product-prop line-limit-length\"><span class=\"property-title\">Affichage :\u00a0<\/span><span class=\"property-desc line-limit-length\">Ja<\/span><\/li>\n<li class=\"product-prop line-limit-length\"><span class=\"property-title\">Type :\u00a0<\/span><span class=\"property-desc line-limit-length\">Sans batterie<\/span><\/li>\n<li class=\"product-prop line-limit-length\"><span class=\"property-title\">Nom de la marque :\u00a0<\/span><span class=\"property-desc line-limit-length\">vaporesso<\/span><\/li>\n<li class=\"product-prop line-limit-length\"><span class=\"property-title\">Origine :\u00a0<\/span><span class=\"property-desc line-limit-length\">CN (Origine)<\/span><\/li>\n<\/ul>\n<\/div>\n<div class=\"detailmodule_html\">\n<div class=\"detail-desc-decorate-richtext\">\n<div class=\"detailmodule_dynamic\"><\/div>\n<div class=\"detailmodule_text\">\n<div><\/div>\n<div><\/div>\n<p id=\"tl_1\" class=\"detail-desc-decorate-title\" style=\"font-family: OpenSans; font-size: 20px; font-weight: 900; line-height: 28px; margin-bottom: 12px;\">Kit vapor esso gen pt80 s original, box mod 80w, vape, r\u00e9servoir vide de 4,5 ml x pod, cartouche compatible avec les coils GTX, cigarette \u00e9lectronique, atomiseur<\/p>\n<\/div>\n<div class=\"detailmodule_text\">\n<p id=\"tl_2\" class=\"detail-desc-decorate-title\" style=\"font-family: OpenSans; font-size: 20px; font-weight: 900; line-height: 28px; margin-bottom: 12px;\">Description :<\/p>\n<p id=\"tl_3\" class=\"detail-desc-decorate-content\" style=\"font-family: OpenSans; font-size: 14px; font-weight: 300; line-height: 20px; margin-bottom: 12px;\">Le kit Gen PT80 S est un pod mod nouvellement con\u00e7u pour les utilisateurs DTL. Il fonctionne avec une seule batterie externe 18650, avec une puissance de 5-80W et une charge Type-C. \u00c9quip\u00e9 du pod X Tank avec une capacit\u00e9 de 4,5 ml, il dispose d\u2019un remplissage par le haut et d\u2019un flux d\u2019air sup\u00e9rieur pour une meilleure exp\u00e9rience et une utilisation plus simple. Combinant la technologie anti-fuite SSS 2.0 avec un syst\u00e8me de circulation liquide auto, il est plus s\u00fbr \u00e0 utiliser que jamais. Le vapor esso gen pt80 s kit est compatible avec tous les coils GTX. Le nouveau Corex innovant dans le kit peut offrir un go\u00fbt plus intense et une dur\u00e9e de vie plus longue pour les coils GTX. Avec la structure Morph-Mesh brevet\u00e9e, il assure un chauffage plus uniforme et une amplification plus forte des saveurs. De plus, l\u2019utilisation de coton Cumulus doux garantit une meilleure absorption du liquide et une exp\u00e9rience plus r\u00e9guli\u00e8re et prolong\u00e9e. La gen pt80 s est l\u00e9g\u00e8re, \u00e9l\u00e9gante et intelligente. Le mode intelligent d\u00e9tecte et recommande automatiquement la meilleure puissance pour faciliter la vie des vapoteurs DTL.<\/p>\n<\/div>\n<div class=\"detailmodule_text\">\n<p id=\"tl_4\" class=\"detail-desc-decorate-title\" style=\"font-family: OpenSans; font-size: 20px; font-weight: 900; line-height: 28px; margin-bottom: 12px;\">Param\u00e8tres :<\/p>\n<p id=\"tl_5\" class=\"detail-desc-decorate-content\" style=\"font-family: OpenSans; font-size: 14px; font-weight: 300; line-height: 20px; margin-bottom: 12px;\">Marque : vapor Esso<br \/>\nNom du produit : kit gen pt80 s<br \/>\nDimensions : 112*35*28mm<br \/>\nCapacit\u00e9 de la batterie : une seule batterie externe 18650 (non incluse)<br \/>\nPuissance de sortie : 5-80w<br \/>\nCourant de charge : dc 5v\/2a, Type-C<br \/>\nAffichage : \u00e9cran OLED 0,91\u201d<br \/>\nCapacit\u00e9 du r\u00e9servoir : 4,5 ml<br \/>\nType de remplissage : remplissage sup\u00e9rieur<br \/>\nFlux d\u2019air : flux d\u2019air sup\u00e9rieur<br \/>\nR\u00e9sistance des coils : coil en mesh Vapor esso GTX 0,15\u03a9 (60-75w), coil en mesh Vapor esso GTX 0,3\u03a9 (32-45w)<br \/>\nCompatible avec : vapor esso x tank pod et tous les coils GTX<br \/>\nCouleurs : noir fonc\u00e9, argent clair, gris mat, bleu Aegean, marron Terre, vert Alpha<\/p>\n<\/div>\n<div class=\"detailmodule_text\">\n<p id=\"tl_6\" class=\"detail-desc-decorate-title\" style=\"font-family: OpenSans; font-size: 20px; font-weight: 900; line-height: 28px; margin-bottom: 12px;\">D\u00e9tails :<\/p>\n<p id=\"tl_7\" class=\"detail-desc-decorate-content\" style=\"font-family: OpenSans; font-size: 14px; font-weight: 300; line-height: 20px; margin-bottom: 12px;\">1. Pod mod nouvellement con\u00e7u pour les utilisateurs DTL<br \/>\n2. Batterie externe 18650 unique avec une puissance maximale de 80w<br \/>\n3. Charge Type-C et \u00e9cran OLED 0,91\u201d<br \/>\n4. Nouveau X Tank avec une capacit\u00e9 de e-liquide de 4,5 ml<br \/>\n5. Con\u00e7u avec un syst\u00e8me de remplissage par le haut et un flux d\u2019air sup\u00e9rieur<br \/>\n6. prend sss 2,0 fuite ic heres Tech-et syst\u00e8me de circulation liquide auto<br \/>\n7. compatible avec toutes les r\u00e9sistances vapor esso gtx de 0.15\u03a9 \u00e0 1.2\u03a9<br \/>\n8. nouveau noyau innovant corex pour un go\u00fbt plus dense et une dur\u00e9e de vie plus longue des r\u00e9sistances GTX<br \/>\n9. structure Morph-Mesh brevet\u00e9e pour une production pr\u00e9cise de saveur<br \/>\n10. coton Cumulus plus moelleux pour une livraison de liquide sup\u00e9rieure et un plaisir prolong\u00e9<br \/>\n11. corps plus l\u00e9ger avec un rev\u00eatement en 4 couches, agr\u00e9able \u00e0 tenir<br \/>\n12. esth\u00e9tique architecturale avec texture d\u00e9licate, \u00e9l\u00e9gante et sophistiqu\u00e9e<br \/>\n13. mode intelligent pour d\u00e9tecter et recommander automatiquement la meilleure performance pour vous<\/p>\n<\/div>\n<div class=\"detailmodule_text\">\n<p id=\"tl_8\" class=\"detail-desc-decorate-title\" style=\"font-family: OpenSans; font-size: 20px; font-weight: 900; line-height: 28px; margin-bottom: 12px;\">Paquet :<\/p>\n<p id=\"tl_9\" class=\"detail-desc-decorate-content\" style=\"font-family: OpenSans; font-size: 14px; font-weight: 300; line-height: 20px; margin-bottom: 12px;\">1 * Vapor esso gen pt80 s mod<br \/>\n1 * Vapor esso x Tank Pod (4,5 ml)<br \/>\n1 * Vapor esso gtx 0.15\u03a9 r\u00e9sistance en mesh (60-75w)<br \/>\n1 * Vapor esso gtx 0.3\u03a9 r\u00e9sistance en mesh (32-45w)<br \/>\n1 * c\u00e2ble Type-C<br \/>\n1 * manuel d'utilisation<br \/>\n1 * carte de garantie<\/p>\n<\/div>\n<div class=\"detailmodule_image\"><img decoding=\"async\" loading=\"lazy\" class=\"detail-desc-decorate-image\" style=\"margin-bottom: 10px;\" src=\"https:\/\/ae01.alicdn.com\/kf\/Sbc635f6ffc87450ba52a11aea757b0d97.jpg\" \/><br \/>\n<img decoding=\"async\" loading=\"lazy\" class=\"detail-desc-decorate-image\" style=\"margin-bottom: 10px;\" src=\"https:\/\/ae01.alicdn.com\/kf\/Se27b5ec0f7384303a7c585d2444e1898j.jpg\" \/><br \/>\n<img decoding=\"async\" loading=\"lazy\" class=\"detail-desc-decorate-image\" style=\"margin-bottom: 10px;\" src=\"https:\/\/ae01.alicdn.com\/kf\/Sa3e364c2f25b4b928f3baee9a4835393v.jpg\" \/><br \/>\n<img decoding=\"async\" loading=\"lazy\" class=\"detail-desc-decorate-image\" style=\"margin-bottom: 10px;\" src=\"https:\/\/ae01.alicdn.com\/kf\/S91ef85ff63954ea6aa13364aec1f9dcb7.jpg\" \/><br \/>\n<img decoding=\"async\" loading=\"lazy\" class=\"detail-desc-decorate-image\" style=\"margin-bottom: 10px;\" src=\"https:\/\/ae01.alicdn.com\/kf\/Sd6c1d6e006fb49758fcc356d4bd88855V.jpg\" \/><br \/>\n<img decoding=\"async\" loading=\"lazy\" class=\"detail-desc-decorate-image\" style=\"margin-bottom: 10px;\" src=\"https:\/\/ae01.alicdn.com\/kf\/S18c80793e4ca4c15a4a1bd324258b044X.jpg\" \/><br \/>\n<img decoding=\"async\" loading=\"lazy\" class=\"detail-desc-decorate-image\" style=\"margin-bottom: 10px;\" src=\"https:\/\/ae01.alicdn.com\/kf\/S8ee4c04fb827484294f1cb793ba94c7cq.jpg\" \/><br \/>\n<img decoding=\"async\" loading=\"lazy\" class=\"detail-desc-decorate-image\" style=\"margin-bottom: 10px;\" src=\"https:\/\/ae01.alicdn.com\/kf\/Se33c6dead92544b78eedae2f46bb1ea1f.jpg\" \/><br \/>\n<img decoding=\"async\" loading=\"lazy\" class=\"detail-desc-decorate-image\" style=\"margin-bottom: 10px;\" src=\"https:\/\/ae01.alicdn.com\/kf\/Se8775e177a7b496aba614fcb8de6d59aj.jpg\" \/><br \/>\n<img decoding=\"async\" loading=\"lazy\" class=\"detail-desc-decorate-image\" style=\"margin-bottom: 10px;\" src=\"https:\/\/ae01.alicdn.com\/kf\/S1040b4b899c7490cb2034301c5ebfb67p.jpg\" \/><\/div>\n<div class=\"detailmodule_image\"><img decoding=\"async\" loading=\"lazy\" class=\"detail-desc-decorate-image\" src=\"https:\/\/ae01.alicdn.com\/kf\/S6f19b2d6cf034f6b8fe685bd1ec8ea51Y.jpg\" \/><br \/>\n<img decoding=\"async\" loading=\"lazy\" class=\"detail-desc-decorate-image\" src=\"https:\/\/ae01.alicdn.com\/kf\/S92dbf1bf9df445a0a1df844cb56c62e0q.jpg\" \/><br \/>\n<img decoding=\"async\" loading=\"lazy\" class=\"detail-desc-decorate-image\" src=\"https:\/\/ae01.alicdn.com\/kf\/S59589d1a54a44abaac2c2eeeef700ed1I.jpg\" \/><br \/>\n<img decoding=\"async\" loading=\"lazy\" class=\"detail-desc-decorate-image\" src=\"https:\/\/ae01.alicdn.com\/kf\/S87552523667b467d9988d6b456dc382e5.jpg\" \/><br \/>\n<img decoding=\"async\" loading=\"lazy\" class=\"detail-desc-decorate-image\" src=\"https:\/\/ae01.alicdn.com\/kf\/S99a02466df5b4c2a88b36020aa805c1bd.jpg\" \/><\/div>\n<p>&nbsp;<\/p>\n<\/div>\n<\/div>","protected":false},"excerpt":{"rendered":"<p>&nbsp; Aussehen:\u00a0Box Form Kompatibler Akku:\u00a0Kein \u00dcberwachung Funktion Von Rauchen Anzahl:\u00a0Nein Silikon Fall:\u00a0Nein Temperaturregelung:\u00a0Nein Eingebaute Oder Externe Batterie:\u00a0External Kurzschlussschutz Funktion:\u00a0Ja \u00dcberhitzungsschutz-funktion:\u00a0Ja Niederspannungsalarmfunktion:\u00a0Ja Zerst\u00e4uber Identifikation Funktion:\u00a0Ja TCR Einstellung Modi:\u00a0Nein Nominale Kapazit\u00e4t:\u00a0Kein Material:\u00a0Metall Compatible Model:\u00a0Electronic Cigarette Vape Modellnummer:\u00a0Vaporesso GEN PT80 S Kit Usb-ladeger\u00e4t:\u00a0Ja Firmware-upgrade:\u00a0Nein Display:\u00a0Ja Art:\u00a0Ohne Batterie Markenname:\u00a0vaporesso Ursprung:\u00a0CN (Herkunft) Original vapor esso gen pt80 s kit 80w [&hellip;]<\/p>","protected":false},"featured_media":8020,"template":"","meta":{"inline_featured_image":false},"product_cat":[752,756,739,743,77],"product_tag":[],"tiered_pricing_type":"fixed","tiered_pricing_fixed_rules":[],"tiered_pricing_percentage_rules":[],"tiered_pricing_minimum":1,"_administrator_tiered_pricing_type":"fixed","_administrator_tiered_pricing_fixed_rules":[],"_editor_tiered_pricing_type":"fixed","_editor_tiered_pricing_fixed_rules":[],"_author_tiered_pricing_type":"fixed","_author_tiered_pricing_fixed_rules":[],"_contributor_tiered_pricing_type":"fixed","_contributor_tiered_pricing_fixed_rules":[],"_subscriber_tiered_pricing_type":"fixed","_subscriber_tiered_pricing_fixed_rules":[],"_customer_tiered_pricing_type":"fixed","_customer_tiered_pricing_fixed_rules":[],"_shop_manager_tiered_pricing_type":"fixed","_shop_manager_tiered_pricing_fixed_rules":[],"_wpseo_manager_tiered_pricing_type":"fixed","_wpseo_manager_tiered_pricing_fixed_rules":[],"_wpseo_editor_tiered_pricing_type":"fixed","_wpseo_editor_tiered_pricing_fixed_rules":[],"_wholesale_customer_tiered_pricing_type":"fixed","_wholesale_customer_tiered_pricing_fixed_rules":[],"_marketer_tiered_pricing_type":"fixed","_marketer_tiered_pricing_fixed_rules":[],"_sales_manager_tiered_pricing_type":"fixed","_sales_manager_tiered_pricing_fixed_rules":[],"_sales_rep_tiered_pricing_type":"fixed","_sales_rep_tiered_pricing_fixed_rules":[],"yoast_head":"<!-- This site is optimized with the Yoast SEO plugin v23.3 - https:\/\/yoast.com\/wordpress\/plugins\/seo\/ -->\n<title>Vapor esso gen pt80s kit 80w box mod vape mit 4,5 ml x tank pod patrone fit gtx spule e zigaretten verdampfer | ElementVape.de<\/title>\n<meta name=\"description\" content=\"Wir bieten Vapor esso gen pt80s kit 80w box mod vape mit 4,5 ml x tank pod patrone fit gtx spule e zigaretten verdampfer , Elementvape.de akzeptieren Gro\u00df-und Einzelhandel Bestellungen.\" \/>\n<meta name=\"robots\" content=\"index, follow, max-snippet:-1, max-image-preview:large, max-video-preview:-1\" \/>\n<link rel=\"canonical\" href=\"https:\/\/www.elementvape.de\/fr\/produkt\/vapor-esso-gen-pt80s-kit-80w-box-mod\/\" \/>\n<meta property=\"og:locale\" content=\"fr_FR\" \/>\n<meta property=\"og:type\" content=\"article\" \/>\n<meta property=\"og:title\" content=\"Vapor esso gen pt80s kit 80w box mod vape mit 4,5 ml x tank pod patrone fit gtx spule e zigaretten verdampfer | ElementVape.de\" \/>\n<meta property=\"og:description\" content=\"Wir bieten Vapor esso gen pt80s kit 80w box mod vape mit 4,5 ml x tank pod patrone fit gtx spule e zigaretten verdampfer , Elementvape.de akzeptieren Gro\u00df-und Einzelhandel Bestellungen.\" \/>\n<meta property=\"og:url\" content=\"https:\/\/www.elementvape.de\/fr\/produkt\/vapor-esso-gen-pt80s-kit-80w-box-mod\/\" \/>\n<meta property=\"og:site_name\" content=\"ElementVape.de\" \/>\n<meta property=\"article:modified_time\" content=\"2024-09-12T10:34:23+00:00\" \/>\n<meta property=\"og:image\" content=\"https:\/\/ae01.alicdn.com\/kf\/Sbbde77a4bde64e9fae588d323936721de\/Original-vapor-esso-gen-pt80s-kit-80w-box-mod-vape-mit-4-5-ml-x-tank.jpg\" \/>\n\t<meta property=\"og:image:width\" content=\"800\" \/>\n\t<meta property=\"og:image:height\" content=\"800\" \/>\n\t<meta property=\"og:image:type\" content=\"image\/jpeg\" \/>\n<meta name=\"twitter:card\" content=\"summary_large_image\" \/>\n<meta name=\"twitter:label1\" content=\"Est. reading time\" \/>\n\t<meta name=\"twitter:data1\" content=\"7 minutes\" \/>\n<script type=\"application\/ld+json\" class=\"yoast-schema-graph\">{\"@context\":\"https:\/\/schema.org\",\"@graph\":[{\"@type\":\"WebPage\",\"@id\":\"https:\/\/www.elementvape.de\/produkt\/vapor-esso-gen-pt80s-kit-80w-box-mod\/\",\"url\":\"https:\/\/www.elementvape.de\/produkt\/vapor-esso-gen-pt80s-kit-80w-box-mod\/\",\"name\":\"Vapor esso gen pt80s kit 80w box mod vape mit 4,5 ml x tank pod patrone fit gtx spule e zigaretten verdampfer | ElementVape.de\",\"isPartOf\":{\"@id\":\"https:\/\/www.elementvape.de\/#website\"},\"primaryImageOfPage\":{\"@id\":\"https:\/\/www.elementvape.de\/produkt\/vapor-esso-gen-pt80s-kit-80w-box-mod\/#primaryimage\"},\"image\":{\"@id\":\"https:\/\/www.elementvape.de\/produkt\/vapor-esso-gen-pt80s-kit-80w-box-mod\/#primaryimage\"},\"thumbnailUrl\":\"https:\/\/ae01.alicdn.com\/kf\/Sbbde77a4bde64e9fae588d323936721de\/Original-vapor-esso-gen-pt80s-kit-80w-box-mod-vape-mit-4-5-ml-x-tank.jpg\",\"datePublished\":\"2024-04-20T05:48:41+00:00\",\"dateModified\":\"2024-09-12T10:34:23+00:00\",\"description\":\"Wir bieten Vapor esso gen pt80s kit 80w box mod vape mit 4,5 ml x tank pod patrone fit gtx spule e zigaretten verdampfer , Elementvape.de akzeptieren Gro\u00df-und Einzelhandel Bestellungen.\",\"breadcrumb\":{\"@id\":\"https:\/\/www.elementvape.de\/produkt\/vapor-esso-gen-pt80s-kit-80w-box-mod\/#breadcrumb\"},\"inLanguage\":\"fr-FR\",\"potentialAction\":[{\"@type\":\"ReadAction\",\"target\":[\"https:\/\/www.elementvape.de\/produkt\/vapor-esso-gen-pt80s-kit-80w-box-mod\/\"]}]},{\"@type\":\"ImageObject\",\"inLanguage\":\"fr-FR\",\"@id\":\"https:\/\/www.elementvape.de\/produkt\/vapor-esso-gen-pt80s-kit-80w-box-mod\/#primaryimage\",\"url\":\"https:\/\/ae01.alicdn.com\/kf\/Sbbde77a4bde64e9fae588d323936721de\/Original-vapor-esso-gen-pt80s-kit-80w-box-mod-vape-mit-4-5-ml-x-tank.jpg\",\"contentUrl\":\"https:\/\/ae01.alicdn.com\/kf\/Sbbde77a4bde64e9fae588d323936721de\/Original-vapor-esso-gen-pt80s-kit-80w-box-mod-vape-mit-4-5-ml-x-tank.jpg\",\"width\":800,\"height\":800},{\"@type\":\"BreadcrumbList\",\"@id\":\"https:\/\/www.elementvape.de\/produkt\/vapor-esso-gen-pt80s-kit-80w-box-mod\/#breadcrumb\",\"itemListElement\":[{\"@type\":\"ListItem\",\"position\":1,\"name\":\"Home\",\"item\":\"https:\/\/www.elementvape.de\/\"},{\"@type\":\"ListItem\",\"position\":2,\"name\":\"Shop\",\"item\":\"https:\/\/www.elementvape.de\/shop\/\"},{\"@type\":\"ListItem\",\"position\":3,\"name\":\"Vapor esso gen pt80s kit 80w box mod vape mit 4,5 ml x tank pod patrone fit gtx spule e zigaretten verdampfer\"}]},{\"@type\":\"WebSite\",\"@id\":\"https:\/\/www.elementvape.de\/#website\",\"url\":\"https:\/\/www.elementvape.de\/\",\"name\":\"ElementVape.de\",\"description\":\"\",\"publisher\":{\"@id\":\"https:\/\/www.elementvape.de\/#organization\"},\"potentialAction\":[{\"@type\":\"SearchAction\",\"target\":{\"@type\":\"EntryPoint\",\"urlTemplate\":\"https:\/\/www.elementvape.de\/?s={search_term_string}\"},\"query-input\":\"required name=search_term_string\"}],\"inLanguage\":\"fr-FR\"},{\"@type\":\"Organization\",\"@id\":\"https:\/\/www.elementvape.de\/#organization\",\"name\":\"ElementVape.DE\",\"url\":\"https:\/\/www.elementvape.de\/\",\"logo\":{\"@type\":\"ImageObject\",\"inLanguage\":\"fr-FR\",\"@id\":\"https:\/\/www.elementvape.de\/#\/schema\/logo\/image\/\",\"url\":\"https:\/\/www.elementvape.de\/wp-content\/uploads\/2024\/09\/cropped-1elementvape-3.png\",\"contentUrl\":\"https:\/\/www.elementvape.de\/wp-content\/uploads\/2024\/09\/cropped-1elementvape-3.png\",\"width\":285,\"height\":228,\"caption\":\"ElementVape.DE\"},\"image\":{\"@id\":\"https:\/\/www.elementvape.de\/#\/schema\/logo\/image\/\"}}]}<\/script>\n<!-- \/ Yoast SEO plugin. -->","yoast_head_json":{"title":"Vapor esso gen pt80s kit 80w box mod vape mit 4,5 ml x tank pod patrone fit gtx spule e zigaretten verdampfer | ElementVape.de","description":"Wir bieten Vapor esso gen pt80s kit 80w box mod vape mit 4,5 ml x tank pod patrone fit gtx spule e zigaretten verdampfer , Elementvape.de akzeptieren Gro\u00df-und Einzelhandel Bestellungen.","robots":{"index":"index","follow":"follow","max-snippet":"max-snippet:-1","max-image-preview":"max-image-preview:large","max-video-preview":"max-video-preview:-1"},"canonical":"https:\/\/www.elementvape.de\/fr\/produkt\/vapor-esso-gen-pt80s-kit-80w-box-mod\/","og_locale":"fr_FR","og_type":"article","og_title":"Vapor esso gen pt80s kit 80w box mod vape mit 4,5 ml x tank pod patrone fit gtx spule e zigaretten verdampfer | ElementVape.de","og_description":"Wir bieten Vapor esso gen pt80s kit 80w box mod vape mit 4,5 ml x tank pod patrone fit gtx spule e zigaretten verdampfer , Elementvape.de akzeptieren Gro\u00df-und Einzelhandel Bestellungen.","og_url":"https:\/\/www.elementvape.de\/fr\/produkt\/vapor-esso-gen-pt80s-kit-80w-box-mod\/","og_site_name":"ElementVape.de","article_modified_time":"2024-09-12T10:34:23+00:00","og_image":[{"width":800,"height":800,"url":"https:\/\/ae01.alicdn.com\/kf\/Sbbde77a4bde64e9fae588d323936721de\/Original-vapor-esso-gen-pt80s-kit-80w-box-mod-vape-mit-4-5-ml-x-tank.jpg","type":"image\/jpeg"}],"twitter_card":"summary_large_image","twitter_misc":{"Est. reading time":"7 minutes"},"schema":{"@context":"https:\/\/schema.org","@graph":[{"@type":"WebPage","@id":"https:\/\/www.elementvape.de\/produkt\/vapor-esso-gen-pt80s-kit-80w-box-mod\/","url":"https:\/\/www.elementvape.de\/produkt\/vapor-esso-gen-pt80s-kit-80w-box-mod\/","name":"Vapor esso gen pt80s kit 80w box mod vape mit 4,5 ml x tank pod patrone fit gtx spule e zigaretten verdampfer | ElementVape.de","isPartOf":{"@id":"https:\/\/www.elementvape.de\/#website"},"primaryImageOfPage":{"@id":"https:\/\/www.elementvape.de\/produkt\/vapor-esso-gen-pt80s-kit-80w-box-mod\/#primaryimage"},"image":{"@id":"https:\/\/www.elementvape.de\/produkt\/vapor-esso-gen-pt80s-kit-80w-box-mod\/#primaryimage"},"thumbnailUrl":"https:\/\/ae01.alicdn.com\/kf\/Sbbde77a4bde64e9fae588d323936721de\/Original-vapor-esso-gen-pt80s-kit-80w-box-mod-vape-mit-4-5-ml-x-tank.jpg","datePublished":"2024-04-20T05:48:41+00:00","dateModified":"2024-09-12T10:34:23+00:00","description":"Wir bieten Vapor esso gen pt80s kit 80w box mod vape mit 4,5 ml x tank pod patrone fit gtx spule e zigaretten verdampfer , Elementvape.de akzeptieren Gro\u00df-und Einzelhandel Bestellungen.","breadcrumb":{"@id":"https:\/\/www.elementvape.de\/produkt\/vapor-esso-gen-pt80s-kit-80w-box-mod\/#breadcrumb"},"inLanguage":"fr-FR","potentialAction":[{"@type":"ReadAction","target":["https:\/\/www.elementvape.de\/produkt\/vapor-esso-gen-pt80s-kit-80w-box-mod\/"]}]},{"@type":"ImageObject","inLanguage":"fr-FR","@id":"https:\/\/www.elementvape.de\/produkt\/vapor-esso-gen-pt80s-kit-80w-box-mod\/#primaryimage","url":"https:\/\/ae01.alicdn.com\/kf\/Sbbde77a4bde64e9fae588d323936721de\/Original-vapor-esso-gen-pt80s-kit-80w-box-mod-vape-mit-4-5-ml-x-tank.jpg","contentUrl":"https:\/\/ae01.alicdn.com\/kf\/Sbbde77a4bde64e9fae588d323936721de\/Original-vapor-esso-gen-pt80s-kit-80w-box-mod-vape-mit-4-5-ml-x-tank.jpg","width":800,"height":800},{"@type":"BreadcrumbList","@id":"https:\/\/www.elementvape.de\/produkt\/vapor-esso-gen-pt80s-kit-80w-box-mod\/#breadcrumb","itemListElement":[{"@type":"ListItem","position":1,"name":"Home","item":"https:\/\/www.elementvape.de\/"},{"@type":"ListItem","position":2,"name":"Shop","item":"https:\/\/www.elementvape.de\/shop\/"},{"@type":"ListItem","position":3,"name":"Vapor esso gen pt80s kit 80w box mod vape mit 4,5 ml x tank pod patrone fit gtx spule e zigaretten verdampfer"}]},{"@type":"WebSite","@id":"https:\/\/www.elementvape.de\/#website","url":"https:\/\/www.elementvape.de\/","name":"ElementVape.de","description":"","publisher":{"@id":"https:\/\/www.elementvape.de\/#organization"},"potentialAction":[{"@type":"SearchAction","target":{"@type":"EntryPoint","urlTemplate":"https:\/\/www.elementvape.de\/?s={search_term_string}"},"query-input":"required name=search_term_string"}],"inLanguage":"fr-FR"},{"@type":"Organization","@id":"https:\/\/www.elementvape.de\/#organization","name":"ElementVape.DE","url":"https:\/\/www.elementvape.de\/","logo":{"@type":"ImageObject","inLanguage":"fr-FR","@id":"https:\/\/www.elementvape.de\/#\/schema\/logo\/image\/","url":"https:\/\/www.elementvape.de\/wp-content\/uploads\/2024\/09\/cropped-1elementvape-3.png","contentUrl":"https:\/\/www.elementvape.de\/wp-content\/uploads\/2024\/09\/cropped-1elementvape-3.png","width":285,"height":228,"caption":"ElementVape.DE"},"image":{"@id":"https:\/\/www.elementvape.de\/#\/schema\/logo\/image\/"}}]}},"_links":{"self":[{"href":"https:\/\/www.elementvape.de\/fr\/wp-json\/wp\/v2\/product\/8019"}],"collection":[{"href":"https:\/\/www.elementvape.de\/fr\/wp-json\/wp\/v2\/product"}],"about":[{"href":"https:\/\/www.elementvape.de\/fr\/wp-json\/wp\/v2\/types\/product"}],"wp:featuredmedia":[{"embeddable":true,"href":"https:\/\/www.elementvape.de\/fr\/wp-json\/wp\/v2\/media\/8020"}],"wp:attachment":[{"href":"https:\/\/www.elementvape.de\/fr\/wp-json\/wp\/v2\/media?parent=8019"}],"wp:term":[{"taxonomy":"product_cat","embeddable":true,"href":"https:\/\/www.elementvape.de\/fr\/wp-json\/wp\/v2\/product_cat?post=8019"},{"taxonomy":"product_tag","embeddable":true,"href":"https:\/\/www.elementvape.de\/fr\/wp-json\/wp\/v2\/product_tag?post=8019"}],"curies":[{"name":"wp","href":"https:\/\/api.w.org\/{rel}","templated":true}]}}