{"id":7684,"date":"2024-04-20T07:24:26","date_gmt":"2024-04-20T07:24:26","guid":{"rendered":"https:\/\/www.elementvape.de\/?post_type=product&#038;p=7684"},"modified":"2024-09-12T10:32:17","modified_gmt":"2024-09-12T10:32:17","slug":"vandy-vape-pulse-aio-v2-kit-80w-box-mod","status":"publish","type":"product","link":"https:\/\/www.elementvape.de\/fr\/produkt\/vandy-vape-pulse-aio-v2-kit-80w-box-mod\/","title":{"rendered":"Vandy Vape Pulse Aio V2 Kit Box Mod 80W"},"content":{"rendered":"<p>&nbsp;<\/p>\n<div class=\"product-specs-list-container\">\n<ul class=\"product-specs-list util-clearfix\">\n<li class=\"product-prop line-limit-length\"><span class=\"property-title\">Apparence :\u00a0<\/span><span class=\"property-desc line-limit-length\">Forme Bo\u00eete<\/span><\/li>\n<li class=\"product-prop line-limit-length\"><span class=\"property-title\">Batterie Compatible :\u00a0<\/span><span class=\"property-desc line-limit-length\">Non<\/span><\/li>\n<li class=\"product-prop line-limit-length\"><span class=\"property-title\">Fonction de Surveillance du Nombre de Fumeurs :\u00a0<\/span><span class=\"property-desc line-limit-length\">Non<\/span><\/li>\n<li class=\"product-prop line-limit-length\"><span class=\"property-title\">\u00c9tui en Silicone :\u00a0<\/span><span class=\"property-desc line-limit-length\">Non<\/span><\/li>\n<li class=\"product-prop line-limit-length\"><span class=\"property-title\">Contr\u00f4le de Temp\u00e9rature :\u00a0<\/span><span class=\"property-desc line-limit-length\">Non<\/span><\/li>\n<li class=\"product-prop line-limit-length\"><span class=\"property-title\">Batterie Int\u00e9gr\u00e9e ou Externe :\u00a0<\/span><span class=\"property-desc line-limit-length\">Int\u00e9gr\u00e9<\/span><\/li>\n<li class=\"product-prop line-limit-length\"><span class=\"property-title\">Fonction de Protection contre les Courts-Circuits :\u00a0<\/span><span class=\"property-desc line-limit-length\">Ja<\/span><\/li>\n<li class=\"product-prop line-limit-length\"><span class=\"property-title\">Fonction de Protection contre la Surchauffe :\u00a0<\/span><span class=\"property-desc line-limit-length\">Ja<\/span><\/li>\n<li class=\"product-prop line-limit-length\"><span class=\"property-title\">Fonction d'alarme de basse tension :\u00a0<\/span><span class=\"property-desc line-limit-length\">Ja<\/span><\/li>\n<li class=\"product-prop line-limit-length\"><span class=\"property-title\">Fonction d'identification du vaporisateur :\u00a0<\/span><span class=\"property-desc line-limit-length\">Ja<\/span><\/li>\n<li class=\"product-prop line-limit-length\"><span class=\"property-title\">Modes de r\u00e9glage TCR :\u00a0<\/span><span class=\"property-desc line-limit-length\">Non<\/span><\/li>\n<li class=\"product-prop line-limit-length\"><span class=\"property-title\">Capacit\u00e9 nominale :\u00a0<\/span><span class=\"property-desc line-limit-length\">Non<\/span><\/li>\n<li class=\"product-prop line-limit-length\"><span class=\"property-title\">Mat\u00e9riau :\u00a0<\/span><span class=\"property-desc line-limit-length\">M\u00e9tal<\/span><\/li>\n<li class=\"product-prop line-limit-length\"><span class=\"property-title\">Mod\u00e8le compatible :\u00a0<\/span><span class=\"property-desc line-limit-length\">Cigarette \u00e9lectronique Vape<\/span><\/li>\n<li class=\"product-prop line-limit-length\"><span class=\"property-title\">Num\u00e9ro de mod\u00e8le :\u00a0<\/span><span class=\"property-desc line-limit-length\">Kit Vandy Vape Pulse AIO V2<\/span><\/li>\n<li class=\"product-prop line-limit-length\"><span class=\"property-title\">Chargeur USB :\u00a0<\/span><span class=\"property-desc line-limit-length\">Ja<\/span><\/li>\n<li class=\"product-prop line-limit-length\"><span class=\"property-title\">Mise \u00e0 jour du firmware :\u00a0<\/span><span class=\"property-desc line-limit-length\">Non<\/span><\/li>\n<li class=\"product-prop line-limit-length\"><span class=\"property-title\">Affichage :\u00a0<\/span><span class=\"property-desc line-limit-length\">Ja<\/span><\/li>\n<li class=\"product-prop line-limit-length\"><span class=\"property-title\">Type :\u00a0<\/span><span class=\"property-desc line-limit-length\">Avec batterie<\/span><\/li>\n<li class=\"product-prop line-limit-length\"><span class=\"property-title\">Nom de la marque :\u00a0<\/span><span class=\"property-desc line-limit-length\">VANDY VAPE<\/span><\/li>\n<li class=\"product-prop line-limit-length\"><span class=\"property-title\">Origine :\u00a0<\/span><span class=\"property-desc line-limit-length\">CN (Origine)<\/span><\/li>\n<\/ul>\n<\/div>\n<div class=\"detailmodule_html\">\n<div class=\"detail-desc-decorate-richtext\">\n<div class=\"detailmodule_text\">\n<p id=\"tl_1\" class=\"detail-desc-decorate-title\" style=\"font-family: OpenSans; font-size: 20px; font-weight: 900; line-height: 28px; margin-bottom: 12px;\">Kit Vandy Vape Puls Aio V2 original 80W box mod avec cartouche RBA de 6 ml, cigarette \u00e9lectronique, vaporisateur, vape<\/p>\n<p id=\"tl_2\" class=\"detail-desc-decorate-content\" style=\"font-family: OpenSans; font-size: 14px; font-weight: 300; line-height: 20px; margin-bottom: 12px;\">Le kit Puls aio v2 est fabriqu\u00e9 en alliage d'aluminium, un mat\u00e9riau fin, ce qui le rend l\u00e9ger et compact. Il supporte une seule batterie 18650, avec une puissance r\u00e9glable de 5 \u00e0 80W. Avec une prise d'air \u00e0 grille, il peut g\u00e9n\u00e9rer un flux d'air fluide. Avec un design \u00e9tanche IP67 avec PCBA, il est facile de nettoyer les taches d'huile et la poussi\u00e8re. Puls aio v2 est anti-fuite et peut emp\u00eacher l'huile d'atteindre la carte \u00e9lectronique, \u00e9vitant ainsi d'endommager l'appareil. Trois accessoires sont con\u00e7us pour les amateurs afin de profiter davantage du vapotage. Des embouts de drip tip interchangeables et des tubes d'airflow pour drip tip sont inclus. De plus, vous pouvez vivre une exp\u00e9rience extraordinaire avec le r\u00e9servoir RBA Puls aio v2 de 6 ml. Quatre tubes d'airflow RBA sont \u00e9galement inclus.<\/p>\n<\/div>\n<div class=\"detailmodule_text\">\n<p id=\"tl_3\" class=\"detail-desc-decorate-title\" style=\"font-family: OpenSans; font-size: 20px; font-weight: 900; line-height: 28px; margin-bottom: 12px;\">Param\u00e8tres :<\/p>\n<p id=\"tl_4\" class=\"detail-desc-decorate-content\" style=\"font-family: OpenSans; font-size: 14px; font-weight: 300; line-height: 20px; margin-bottom: 12px;\">Marque : vandy vape<br \/>\nNom du produit : Kit Puls aio v2<br \/>\nTaille : 51*77,3*23,4 mm<br \/>\nTension de sortie : 0,5-6,0 V<br \/>\nCourant de sortie maximal : 32A<br \/>\nMat\u00e9riau : alliage d'aluminium + acier inoxydable + PCTG<br \/>\nType de batterie : compatible avec batterie 18650 (non incluse)<br \/>\nCapacit\u00e9 RBA : 6 ml<br \/>\nDomaine de performance : 5-80w<br \/>\nType de remplissage : remplissage simple sur le c\u00f4t\u00e9<br \/>\nPlage de r\u00e9sistance : 0,05-3,0\u03a9(\u00b1 5%)<br \/>\n\u00c9cran : \u00e9cran OLED de 0,42 pouce<br \/>\nTaille du paquet : 95*34*122mm(1 pi\u00e8ce)<br \/>\nTaille du carton : 494*257*203mm(50 pi\u00e8ces)<br \/>\nCouleur : noir, bleu clair, violet, rouge, c\u00e9leste, rose sakura<\/p>\n<\/div>\n<div class=\"detailmodule_text\">\n<p id=\"tl_5\" class=\"detail-desc-decorate-title\" style=\"font-family: OpenSans; font-size: 20px; font-weight: 900; line-height: 28px; margin-bottom: 12px;\">D\u00e9tails :<\/p>\n<p id=\"tl_6\" class=\"detail-desc-decorate-content\" style=\"font-family: OpenSans; font-size: 14px; font-weight: 300; line-height: 20px; margin-bottom: 12px;\">1. \u00c9valuation \u00e9tanche IP67 pcba<br \/>\n2. Batterie positive par circuit imprim\u00e9<br \/>\n3. Circuit imprim\u00e9 de commutateur \u00e0 cl\u00e9 interchangeable<br \/>\n4. nouveau RBA et r\u00e9servoir<br \/>\n5. Taille compacte minimale<br \/>\n6. Mat\u00e9riau en alliage d'aluminium finement grav\u00e9<br \/>\n7. Plusieurs dessins d'accessoires pour les passionn\u00e9s<br \/>\n8. Avec embout goutte-\u00e0-goutte interchangeable et tubes d'air pour embout goutte-\u00e0-goutte<br \/>\n9. Prise d'air \u00e0 nid d'abeille<br \/>\n10. Offre une exp\u00e9rience extraordinaire avec le Puls AIO V2 RBA<br \/>\n11. Puissance r\u00e9glable de 5-80w<\/p>\n<\/div>\n<div class=\"detailmodule_text\">\n<p id=\"tl_7\" class=\"detail-desc-decorate-title\" style=\"font-family: OpenSans; font-size: 20px; font-weight: 900; line-height: 28px; margin-bottom: 12px;\">Contenu du paquet :<\/p>\n<p id=\"tl_8\" class=\"detail-desc-decorate-content\" style=\"font-family: OpenSans; font-size: 14px; font-weight: 300; line-height: 20px; margin-bottom: 12px;\">1 * appareil Puls AIO V2<br \/>\nTube de flux d'air 4 * rba<br \/>\nManuel de shand 1 *<br \/>\nAdaptateur 510*<br \/>\nPointe de goutte 2 *<br \/>\nrba 1 *<br \/>\nPochette d'accessoires 1 *<br \/>\nTube de flux d'air \u00e0 pointe de goutte 3 *<\/p>\n<\/div>\n<div class=\"detailmodule_image\"><img decoding=\"async\" loading=\"lazy\" class=\"detail-desc-decorate-image\" src=\"https:\/\/ae01.alicdn.com\/kf\/S8201add96de94285a267c648ea8a8e426.jpg\" \/><br \/>\n<img decoding=\"async\" loading=\"lazy\" class=\"detail-desc-decorate-image\" src=\"https:\/\/ae01.alicdn.com\/kf\/S81e806a230954e89b622a6926822f61eB.jpg\" \/><br \/>\n<img decoding=\"async\" loading=\"lazy\" class=\"detail-desc-decorate-image\" src=\"https:\/\/ae01.alicdn.com\/kf\/Sda4fb6ff18804b9e90baf24a4a3b448fC.jpg\" \/><br \/>\n<img decoding=\"async\" loading=\"lazy\" class=\"detail-desc-decorate-image\" src=\"https:\/\/ae01.alicdn.com\/kf\/S219674f6ebbf44e2877b6a5a8b9cc98fn.jpg\" \/><br \/>\n<img decoding=\"async\" loading=\"lazy\" class=\"detail-desc-decorate-image\" src=\"https:\/\/ae01.alicdn.com\/kf\/S0ea705d7290244b482d6662dc1acdc95y.jpg\" \/><br \/>\n<img decoding=\"async\" loading=\"lazy\" class=\"detail-desc-decorate-image\" src=\"https:\/\/ae01.alicdn.com\/kf\/S698a6c44c58148509892720c45fec765O.jpg\" \/><br \/>\n<img decoding=\"async\" loading=\"lazy\" class=\"detail-desc-decorate-image\" src=\"https:\/\/ae01.alicdn.com\/kf\/Sd7ecdca72e384c8bb45fd3f7c9fdd37aj.jpg\" \/><br \/>\n<img decoding=\"async\" loading=\"lazy\" class=\"detail-desc-decorate-image\" src=\"https:\/\/ae01.alicdn.com\/kf\/S45897e611ce043ed9ad65efba1844229K.jpg\" \/><br \/>\n<img decoding=\"async\" loading=\"lazy\" class=\"detail-desc-decorate-image\" src=\"https:\/\/ae01.alicdn.com\/kf\/Sfe51af21da1a4baca81a0a4beae56e1ch.jpg\" \/><br \/>\n<img decoding=\"async\" loading=\"lazy\" class=\"detail-desc-decorate-image\" src=\"https:\/\/ae01.alicdn.com\/kf\/Sfddf11c58f1744ef9f2ab821f762f84eg.jpg\" \/><\/div>\n<div class=\"detailmodule_image\"><img decoding=\"async\" loading=\"lazy\" class=\"detail-desc-decorate-image\" src=\"https:\/\/ae01.alicdn.com\/kf\/S4434bf694313490eb1e3efb0b7948fd7t.jpg\" \/><br \/>\n<img decoding=\"async\" loading=\"lazy\" class=\"detail-desc-decorate-image\" src=\"https:\/\/ae01.alicdn.com\/kf\/S20a7f1975b024b8492476c19969ce8c7q.jpg\" \/><br \/>\n<img decoding=\"async\" loading=\"lazy\" class=\"detail-desc-decorate-image\" src=\"https:\/\/ae01.alicdn.com\/kf\/S22bd010e02884c41a744c4f1920fda5ci.jpg\" \/><\/div>\n<p>&nbsp;<\/p>\n<\/div>\n<\/div>","protected":false},"excerpt":{"rendered":"<p>&nbsp; Aussehen:\u00a0Box Form Kompatibler Akku:\u00a0Kein \u00dcberwachung Funktion Von Rauchen Anzahl:\u00a0Nein Silikon Fall:\u00a0Nein Temperaturregelung:\u00a0Nein Eingebaute Oder Externe Batterie:\u00a0Eingebaute Kurzschlussschutz Funktion:\u00a0Ja \u00dcberhitzungsschutz-funktion:\u00a0Ja Niederspannungsalarmfunktion:\u00a0Ja Zerst\u00e4uber Identifikation Funktion:\u00a0Ja TCR Einstellung Modi:\u00a0Nein Nominale Kapazit\u00e4t:\u00a0Kein Material:\u00a0Metall Compatible Model:\u00a0Vape Electronic Cigarette Modellnummer:\u00a0Vandy Vape Pulse AIO V2 Kit Usb-ladeger\u00e4t:\u00a0Ja Firmware-upgrade:\u00a0Nein Display:\u00a0Ja Art:\u00a0Mit Batterie Markenname:\u00a0VANDY VAPE Ursprung:\u00a0CN (Herkunft) Original Vandy Vape Puls Aio V2 [&hellip;]<\/p>","protected":false},"featured_media":7685,"template":"","meta":{"inline_featured_image":false},"product_cat":[78,750,737,736,749,76],"product_tag":[],"tiered_pricing_type":"fixed","tiered_pricing_fixed_rules":[],"tiered_pricing_percentage_rules":[],"tiered_pricing_minimum":1,"_administrator_tiered_pricing_type":"fixed","_administrator_tiered_pricing_fixed_rules":[],"_editor_tiered_pricing_type":"fixed","_editor_tiered_pricing_fixed_rules":[],"_author_tiered_pricing_type":"fixed","_author_tiered_pricing_fixed_rules":[],"_contributor_tiered_pricing_type":"fixed","_contributor_tiered_pricing_fixed_rules":[],"_subscriber_tiered_pricing_type":"fixed","_subscriber_tiered_pricing_fixed_rules":[],"_customer_tiered_pricing_type":"fixed","_customer_tiered_pricing_fixed_rules":[],"_shop_manager_tiered_pricing_type":"fixed","_shop_manager_tiered_pricing_fixed_rules":[],"_wpseo_manager_tiered_pricing_type":"fixed","_wpseo_manager_tiered_pricing_fixed_rules":[],"_wpseo_editor_tiered_pricing_type":"fixed","_wpseo_editor_tiered_pricing_fixed_rules":[],"_wholesale_customer_tiered_pricing_type":"fixed","_wholesale_customer_tiered_pricing_fixed_rules":[],"_marketer_tiered_pricing_type":"fixed","_marketer_tiered_pricing_fixed_rules":[],"_sales_manager_tiered_pricing_type":"fixed","_sales_manager_tiered_pricing_fixed_rules":[],"_sales_rep_tiered_pricing_type":"fixed","_sales_rep_tiered_pricing_fixed_rules":[],"yoast_head":"<!-- This site is optimized with the Yoast SEO plugin v23.3 - https:\/\/yoast.com\/wordpress\/plugins\/seo\/ -->\n<title>Vandy Vape Pulse Aio V2 Kit 80W Box Mod | ElementVape.de<\/title>\n<meta name=\"description\" content=\"Wir bieten Vandy Vape Pulse Aio V2 Kit 80W Box Mod , Elementvape.de akzeptieren Gro\u00df-und Einzelhandel Bestellungen.\" \/>\n<meta name=\"robots\" content=\"index, follow, max-snippet:-1, max-image-preview:large, max-video-preview:-1\" \/>\n<link rel=\"canonical\" href=\"https:\/\/www.elementvape.de\/fr\/produkt\/vandy-vape-pulse-aio-v2-kit-80w-box-mod\/\" \/>\n<meta property=\"og:locale\" content=\"fr_FR\" \/>\n<meta property=\"og:type\" content=\"article\" \/>\n<meta property=\"og:title\" content=\"Vandy Vape Pulse Aio V2 Kit 80W Box Mod | ElementVape.de\" \/>\n<meta property=\"og:description\" content=\"Wir bieten Vandy Vape Pulse Aio V2 Kit 80W Box Mod , Elementvape.de akzeptieren Gro\u00df-und Einzelhandel Bestellungen.\" \/>\n<meta property=\"og:url\" content=\"https:\/\/www.elementvape.de\/fr\/produkt\/vandy-vape-pulse-aio-v2-kit-80w-box-mod\/\" \/>\n<meta property=\"og:site_name\" content=\"ElementVape.de\" \/>\n<meta property=\"article:modified_time\" content=\"2024-09-12T10:32:17+00:00\" \/>\n<meta property=\"og:image\" content=\"https:\/\/ae01.alicdn.com\/kf\/Aee8ed31d774946168f034a13b30fc713X\/Original-Vandy-Vape-Puls-Aio-V2-Kit-80W-Box-Mod-mit-6ml-RBA-Pod-Patrone-IP67.jpg\" \/>\n\t<meta property=\"og:image:width\" content=\"800\" \/>\n\t<meta property=\"og:image:height\" content=\"800\" \/>\n\t<meta property=\"og:image:type\" content=\"image\/jpeg\" \/>\n<meta name=\"twitter:card\" content=\"summary_large_image\" \/>\n<meta name=\"twitter:label1\" content=\"Est. reading time\" \/>\n\t<meta name=\"twitter:data1\" content=\"5 minutes\" \/>\n<script type=\"application\/ld+json\" class=\"yoast-schema-graph\">{\"@context\":\"https:\/\/schema.org\",\"@graph\":[{\"@type\":\"WebPage\",\"@id\":\"https:\/\/www.elementvape.de\/ro\/produkt\/vandy-vape-pulse-aio-v2-kit-80w-box-mod\/\",\"url\":\"https:\/\/www.elementvape.de\/ro\/produkt\/vandy-vape-pulse-aio-v2-kit-80w-box-mod\/\",\"name\":\"Vandy Vape Pulse Aio V2 Kit 80W Box Mod | ElementVape.de\",\"isPartOf\":{\"@id\":\"https:\/\/www.elementvape.de\/#website\"},\"primaryImageOfPage\":{\"@id\":\"https:\/\/www.elementvape.de\/ro\/produkt\/vandy-vape-pulse-aio-v2-kit-80w-box-mod\/#primaryimage\"},\"image\":{\"@id\":\"https:\/\/www.elementvape.de\/ro\/produkt\/vandy-vape-pulse-aio-v2-kit-80w-box-mod\/#primaryimage\"},\"thumbnailUrl\":\"https:\/\/ae01.alicdn.com\/kf\/Aee8ed31d774946168f034a13b30fc713X\/Original-Vandy-Vape-Puls-Aio-V2-Kit-80W-Box-Mod-mit-6ml-RBA-Pod-Patrone-IP67.jpg\",\"datePublished\":\"2024-04-20T07:24:26+00:00\",\"dateModified\":\"2024-09-12T10:32:17+00:00\",\"description\":\"Wir bieten Vandy Vape Pulse Aio V2 Kit 80W Box Mod , Elementvape.de akzeptieren Gro\u00df-und Einzelhandel Bestellungen.\",\"breadcrumb\":{\"@id\":\"https:\/\/www.elementvape.de\/ro\/produkt\/vandy-vape-pulse-aio-v2-kit-80w-box-mod\/#breadcrumb\"},\"inLanguage\":\"fr-FR\",\"potentialAction\":[{\"@type\":\"ReadAction\",\"target\":[\"https:\/\/www.elementvape.de\/ro\/produkt\/vandy-vape-pulse-aio-v2-kit-80w-box-mod\/\"]}]},{\"@type\":\"ImageObject\",\"inLanguage\":\"fr-FR\",\"@id\":\"https:\/\/www.elementvape.de\/ro\/produkt\/vandy-vape-pulse-aio-v2-kit-80w-box-mod\/#primaryimage\",\"url\":\"https:\/\/ae01.alicdn.com\/kf\/Aee8ed31d774946168f034a13b30fc713X\/Original-Vandy-Vape-Puls-Aio-V2-Kit-80W-Box-Mod-mit-6ml-RBA-Pod-Patrone-IP67.jpg\",\"contentUrl\":\"https:\/\/ae01.alicdn.com\/kf\/Aee8ed31d774946168f034a13b30fc713X\/Original-Vandy-Vape-Puls-Aio-V2-Kit-80W-Box-Mod-mit-6ml-RBA-Pod-Patrone-IP67.jpg\",\"width\":800,\"height\":800},{\"@type\":\"BreadcrumbList\",\"@id\":\"https:\/\/www.elementvape.de\/ro\/produkt\/vandy-vape-pulse-aio-v2-kit-80w-box-mod\/#breadcrumb\",\"itemListElement\":[{\"@type\":\"ListItem\",\"position\":1,\"name\":\"Home\",\"item\":\"https:\/\/www.elementvape.de\/\"},{\"@type\":\"ListItem\",\"position\":2,\"name\":\"Shop\",\"item\":\"https:\/\/www.elementvape.de\/shop\/\"},{\"@type\":\"ListItem\",\"position\":3,\"name\":\"Vandy Vape Pulse Aio V2 Kit 80W Box Mod\"}]},{\"@type\":\"WebSite\",\"@id\":\"https:\/\/www.elementvape.de\/#website\",\"url\":\"https:\/\/www.elementvape.de\/\",\"name\":\"ElementVape.de\",\"description\":\"\",\"publisher\":{\"@id\":\"https:\/\/www.elementvape.de\/#organization\"},\"potentialAction\":[{\"@type\":\"SearchAction\",\"target\":{\"@type\":\"EntryPoint\",\"urlTemplate\":\"https:\/\/www.elementvape.de\/?s={search_term_string}\"},\"query-input\":\"required name=search_term_string\"}],\"inLanguage\":\"fr-FR\"},{\"@type\":\"Organization\",\"@id\":\"https:\/\/www.elementvape.de\/#organization\",\"name\":\"ElementVape.DE\",\"url\":\"https:\/\/www.elementvape.de\/\",\"logo\":{\"@type\":\"ImageObject\",\"inLanguage\":\"fr-FR\",\"@id\":\"https:\/\/www.elementvape.de\/#\/schema\/logo\/image\/\",\"url\":\"https:\/\/www.elementvape.de\/wp-content\/uploads\/2024\/09\/cropped-1elementvape-3.png\",\"contentUrl\":\"https:\/\/www.elementvape.de\/wp-content\/uploads\/2024\/09\/cropped-1elementvape-3.png\",\"width\":285,\"height\":228,\"caption\":\"ElementVape.DE\"},\"image\":{\"@id\":\"https:\/\/www.elementvape.de\/#\/schema\/logo\/image\/\"}}]}<\/script>\n<!-- \/ Yoast SEO plugin. -->","yoast_head_json":{"title":"Vandy Vape Pulse Aio V2 Kit 80W Box Mod | ElementVape.de","description":"Wir bieten Vandy Vape Pulse Aio V2 Kit 80W Box Mod , Elementvape.de akzeptieren Gro\u00df-und Einzelhandel Bestellungen.","robots":{"index":"index","follow":"follow","max-snippet":"max-snippet:-1","max-image-preview":"max-image-preview:large","max-video-preview":"max-video-preview:-1"},"canonical":"https:\/\/www.elementvape.de\/fr\/produkt\/vandy-vape-pulse-aio-v2-kit-80w-box-mod\/","og_locale":"fr_FR","og_type":"article","og_title":"Vandy Vape Pulse Aio V2 Kit 80W Box Mod | ElementVape.de","og_description":"Wir bieten Vandy Vape Pulse Aio V2 Kit 80W Box Mod , Elementvape.de akzeptieren Gro\u00df-und Einzelhandel Bestellungen.","og_url":"https:\/\/www.elementvape.de\/fr\/produkt\/vandy-vape-pulse-aio-v2-kit-80w-box-mod\/","og_site_name":"ElementVape.de","article_modified_time":"2024-09-12T10:32:17+00:00","og_image":[{"width":800,"height":800,"url":"https:\/\/ae01.alicdn.com\/kf\/Aee8ed31d774946168f034a13b30fc713X\/Original-Vandy-Vape-Puls-Aio-V2-Kit-80W-Box-Mod-mit-6ml-RBA-Pod-Patrone-IP67.jpg","type":"image\/jpeg"}],"twitter_card":"summary_large_image","twitter_misc":{"Est. reading time":"5 minutes"},"schema":{"@context":"https:\/\/schema.org","@graph":[{"@type":"WebPage","@id":"https:\/\/www.elementvape.de\/ro\/produkt\/vandy-vape-pulse-aio-v2-kit-80w-box-mod\/","url":"https:\/\/www.elementvape.de\/ro\/produkt\/vandy-vape-pulse-aio-v2-kit-80w-box-mod\/","name":"Vandy Vape Pulse Aio V2 Kit 80W Box Mod | ElementVape.de","isPartOf":{"@id":"https:\/\/www.elementvape.de\/#website"},"primaryImageOfPage":{"@id":"https:\/\/www.elementvape.de\/ro\/produkt\/vandy-vape-pulse-aio-v2-kit-80w-box-mod\/#primaryimage"},"image":{"@id":"https:\/\/www.elementvape.de\/ro\/produkt\/vandy-vape-pulse-aio-v2-kit-80w-box-mod\/#primaryimage"},"thumbnailUrl":"https:\/\/ae01.alicdn.com\/kf\/Aee8ed31d774946168f034a13b30fc713X\/Original-Vandy-Vape-Puls-Aio-V2-Kit-80W-Box-Mod-mit-6ml-RBA-Pod-Patrone-IP67.jpg","datePublished":"2024-04-20T07:24:26+00:00","dateModified":"2024-09-12T10:32:17+00:00","description":"Wir bieten Vandy Vape Pulse Aio V2 Kit 80W Box Mod , Elementvape.de akzeptieren Gro\u00df-und Einzelhandel Bestellungen.","breadcrumb":{"@id":"https:\/\/www.elementvape.de\/ro\/produkt\/vandy-vape-pulse-aio-v2-kit-80w-box-mod\/#breadcrumb"},"inLanguage":"fr-FR","potentialAction":[{"@type":"ReadAction","target":["https:\/\/www.elementvape.de\/ro\/produkt\/vandy-vape-pulse-aio-v2-kit-80w-box-mod\/"]}]},{"@type":"ImageObject","inLanguage":"fr-FR","@id":"https:\/\/www.elementvape.de\/ro\/produkt\/vandy-vape-pulse-aio-v2-kit-80w-box-mod\/#primaryimage","url":"https:\/\/ae01.alicdn.com\/kf\/Aee8ed31d774946168f034a13b30fc713X\/Original-Vandy-Vape-Puls-Aio-V2-Kit-80W-Box-Mod-mit-6ml-RBA-Pod-Patrone-IP67.jpg","contentUrl":"https:\/\/ae01.alicdn.com\/kf\/Aee8ed31d774946168f034a13b30fc713X\/Original-Vandy-Vape-Puls-Aio-V2-Kit-80W-Box-Mod-mit-6ml-RBA-Pod-Patrone-IP67.jpg","width":800,"height":800},{"@type":"BreadcrumbList","@id":"https:\/\/www.elementvape.de\/ro\/produkt\/vandy-vape-pulse-aio-v2-kit-80w-box-mod\/#breadcrumb","itemListElement":[{"@type":"ListItem","position":1,"name":"Home","item":"https:\/\/www.elementvape.de\/"},{"@type":"ListItem","position":2,"name":"Shop","item":"https:\/\/www.elementvape.de\/shop\/"},{"@type":"ListItem","position":3,"name":"Vandy Vape Pulse Aio V2 Kit 80W Box Mod"}]},{"@type":"WebSite","@id":"https:\/\/www.elementvape.de\/#website","url":"https:\/\/www.elementvape.de\/","name":"ElementVape.de","description":"","publisher":{"@id":"https:\/\/www.elementvape.de\/#organization"},"potentialAction":[{"@type":"SearchAction","target":{"@type":"EntryPoint","urlTemplate":"https:\/\/www.elementvape.de\/?s={search_term_string}"},"query-input":"required name=search_term_string"}],"inLanguage":"fr-FR"},{"@type":"Organization","@id":"https:\/\/www.elementvape.de\/#organization","name":"ElementVape.DE","url":"https:\/\/www.elementvape.de\/","logo":{"@type":"ImageObject","inLanguage":"fr-FR","@id":"https:\/\/www.elementvape.de\/#\/schema\/logo\/image\/","url":"https:\/\/www.elementvape.de\/wp-content\/uploads\/2024\/09\/cropped-1elementvape-3.png","contentUrl":"https:\/\/www.elementvape.de\/wp-content\/uploads\/2024\/09\/cropped-1elementvape-3.png","width":285,"height":228,"caption":"ElementVape.DE"},"image":{"@id":"https:\/\/www.elementvape.de\/#\/schema\/logo\/image\/"}}]}},"_links":{"self":[{"href":"https:\/\/www.elementvape.de\/fr\/wp-json\/wp\/v2\/product\/7684"}],"collection":[{"href":"https:\/\/www.elementvape.de\/fr\/wp-json\/wp\/v2\/product"}],"about":[{"href":"https:\/\/www.elementvape.de\/fr\/wp-json\/wp\/v2\/types\/product"}],"wp:featuredmedia":[{"embeddable":true,"href":"https:\/\/www.elementvape.de\/fr\/wp-json\/wp\/v2\/media\/7685"}],"wp:attachment":[{"href":"https:\/\/www.elementvape.de\/fr\/wp-json\/wp\/v2\/media?parent=7684"}],"wp:term":[{"taxonomy":"product_cat","embeddable":true,"href":"https:\/\/www.elementvape.de\/fr\/wp-json\/wp\/v2\/product_cat?post=7684"},{"taxonomy":"product_tag","embeddable":true,"href":"https:\/\/www.elementvape.de\/fr\/wp-json\/wp\/v2\/product_tag?post=7684"}],"curies":[{"name":"wp","href":"https:\/\/api.w.org\/{rel}","templated":true}]}}