{"id":7404,"date":"2024-04-20T06:46:04","date_gmt":"2024-04-20T06:46:04","guid":{"rendered":"https:\/\/www.elementvape.de\/?post_type=product&#038;p=7404"},"modified":"2024-09-12T10:32:31","modified_gmt":"2024-09-12T10:32:31","slug":"backpackboyz-vape-pen-e-zigarette-wiederaufladbar-leere-keramikkartusche","status":"publish","type":"product","link":"https:\/\/www.elementvape.de\/fr\/produkt\/backpackboyz-vape-pen-e-zigarette-wiederaufladbar-leere-keramikkartusche\/","title":{"rendered":"Backpackboyz Vape Pen E-cigarette, cartouche en c\u00e9ramique rechargeable vide"},"content":{"rendered":"<h2>Backpackboyz Vape Pen E-cigarette, cartouche en c\u00e9ramique rechargeable vide<\/h2>\n<div class=\"product-specs-list-container\">\n<ul class=\"product-specs-list util-clearfix\">\n<li class=\"product-prop line-limit-length\"><span class=\"property-title\">Apparence :\u00a0<\/span><span class=\"property-desc line-limit-length\">Forme Bo\u00eete<\/span><\/li>\n<li class=\"product-prop line-limit-length\"><span class=\"property-title\">Batterie Compatible :\u00a0<\/span><span class=\"property-desc line-limit-length\">18350<\/span><\/li>\n<li class=\"product-prop line-limit-length\"><span class=\"property-title\">Fonction de Surveillance du Nombre de Fumeurs :\u00a0<\/span><span class=\"property-desc line-limit-length\">Non<\/span><\/li>\n<li class=\"product-prop line-limit-length\"><span class=\"property-title\">\u00c9tui en Silicone :\u00a0<\/span><span class=\"property-desc line-limit-length\">Non<\/span><\/li>\n<li class=\"product-prop line-limit-length\"><span class=\"property-title\">Contr\u00f4le de Temp\u00e9rature :\u00a0<\/span><span class=\"property-desc line-limit-length\">Non<\/span><\/li>\n<li class=\"product-prop line-limit-length\"><span class=\"property-title\">Batterie Int\u00e9gr\u00e9e ou Externe :\u00a0<\/span><span class=\"property-desc line-limit-length\">Int\u00e9gr\u00e9<\/span><\/li>\n<li class=\"product-prop line-limit-length\"><span class=\"property-title\">Fonction de Protection contre les Courts-Circuits :\u00a0<\/span><span class=\"property-desc line-limit-length\">Non<\/span><\/li>\n<li class=\"product-prop line-limit-length\"><span class=\"property-title\">Fonction de Protection contre la Surchauffe :\u00a0<\/span><span class=\"property-desc line-limit-length\">Non<\/span><\/li>\n<li class=\"product-prop line-limit-length\"><span class=\"property-title\">Fonction d'alarme de basse tension :\u00a0<\/span><span class=\"property-desc line-limit-length\">Non<\/span><\/li>\n<li class=\"product-prop line-limit-length\"><span class=\"property-title\">Fonction d'identification du vaporisateur :\u00a0<\/span><span class=\"property-desc line-limit-length\">Non<\/span><\/li>\n<li class=\"product-prop line-limit-length\"><span class=\"property-title\">Modes de r\u00e9glage TCR :\u00a0<\/span><span class=\"property-desc line-limit-length\">Non<\/span><\/li>\n<li class=\"product-prop line-limit-length\"><span class=\"property-title\">Capacit\u00e9 nominale :\u00a0<\/span><span class=\"property-desc line-limit-length\">&lt;700 mAh<\/span><\/li>\n<li class=\"product-prop line-limit-length\"><span class=\"property-title\">Mat\u00e9riau :\u00a0<\/span><span class=\"property-desc line-limit-length\">Plastique<\/span><\/li>\n<li class=\"product-prop line-limit-length\"><span class=\"property-title\">Mod\u00e8le compatible :\u00a0<\/span><span class=\"property-desc line-limit-length\">huile \u00e9paisse<\/span><\/li>\n<li class=\"product-prop line-limit-length\"><span class=\"property-title\">Num\u00e9ro de mod\u00e8le :\u00a0<\/span><span class=\"property-desc line-limit-length\">Vape Pen Backpackboyz<\/span><\/li>\n<li class=\"product-prop line-limit-length\"><span class=\"property-title\">Chargeur USB :\u00a0<\/span><span class=\"property-desc line-limit-length\">Ja<\/span><\/li>\n<li class=\"product-prop line-limit-length\"><span class=\"property-title\">Mise \u00e0 jour du firmware :\u00a0<\/span><span class=\"property-desc line-limit-length\">Ja<\/span><\/li>\n<li class=\"product-prop line-limit-length\"><span class=\"property-title\">Affichage :\u00a0<\/span><span class=\"property-desc line-limit-length\">Non<\/span><\/li>\n<li class=\"product-prop line-limit-length\"><span class=\"property-title\">Type :\u00a0<\/span><span class=\"property-desc line-limit-length\">jetable<\/span><\/li>\n<li class=\"product-prop line-limit-length\"><span class=\"property-title\">Nom de la marque :\u00a0<\/span><span class=\"property-desc line-limit-length\">SOUS-DEUX<\/span><\/li>\n<li class=\"product-prop line-limit-length\"><span class=\"property-title\">Origine :\u00a0<\/span><span class=\"property-desc line-limit-length\">CN (Origine)<\/span><\/li>\n<li class=\"product-prop line-limit-length\"><span class=\"property-title\">capacit\u00e9 :\u00a0<\/span><span class=\"property-desc line-limit-length\">1,0 ml<\/span><\/li>\n<li class=\"product-prop line-limit-length\"><span class=\"property-title\">capacit\u00e9 de la batterie :\u00a0<\/span><span class=\"property-desc line-limit-length\">280 mAh<\/span><\/li>\n<li class=\"product-prop line-limit-length\"><span class=\"property-title\">Utilisation :\u00a0<\/span><span class=\"property-desc line-limit-length\">huile \u00e9paisse<\/span><\/li>\n<li class=\"product-prop line-limit-length\"><span class=\"property-title\">Bobine :\u00a0<\/span><span class=\"property-desc line-limit-length\">C\u00e9ramique<\/span><\/li>\n<li class=\"product-prop line-limit-length\"><span class=\"property-title\">Port de charge\u00a0:\u00a0<\/span><span class=\"property-desc line-limit-length\">Type-C<\/span><\/li>\n<\/ul>\n<\/div>\n<div class=\"detailmodule_html\">\n<div class=\"detail-desc-decorate-richtext\">\n<div style=\"text-align: center;\" align=\"center\"><span id=\"tl_1\" style=\"font-size: 20px;\">Vape Pen Backpackboyz cigarette \u00e9lectronique rechargeable batterie 280mAh 1ml cartouche en c\u00e9ramique vide pour vapeur d'huile \u00e9paisse avec emballage<\/span><\/div>\n<div><\/div>\n<div><span style=\"font-size: 20px;\"><span style=\"font-size: 20px;\">Caract\u00e9ristique :<br \/>\nBobine : c\u00e9ramique<br \/>\nAstuce : pointe en plastique<br \/>\nCapacit\u00e9 : 1,0 ml<br \/>\nBatterie : 280mAh<br \/>\nConnexion de charge : charge Type-C (non incluse)<\/span><\/span>Emballage :<br \/>\nemballage de d\u00e9tail<br \/>\nRemarque : Le vaporisateur est vide, il ne contient pas d'e-liquide \u00e0 l'int\u00e9rieur, nous envoyons des autocollants de saveurs m\u00e9lang\u00e9es, si vous souhaitez des ar\u00f4mes, veuillez me le faire savoir \u00e0 l'avance<img decoding=\"async\" loading=\"lazy\" src=\"https:\/\/ae01.alicdn.com\/kf\/Saddd4f5c610e4654913e788a58021872f.jpg?width=800&amp;height=800&amp;hash=1600\" \/><br \/>\n<img decoding=\"async\" loading=\"lazy\" src=\"https:\/\/ae01.alicdn.com\/kf\/S3a185de94e824f9db3a8b76ccffba89cL.jpg?width=800&amp;height=800&amp;hash=1600\" \/><br \/>\n<img decoding=\"async\" loading=\"lazy\" src=\"https:\/\/ae01.alicdn.com\/kf\/Se4a34419645a439b8e843e502e7a86e8J.jpg?width=800&amp;height=800&amp;hash=1600\" \/><br \/>\n<img decoding=\"async\" loading=\"lazy\" src=\"https:\/\/ae01.alicdn.com\/kf\/Sc714f182184d43f98810159ec61c181e8.jpg?width=800&amp;height=800&amp;hash=1600\" \/><br \/>\n<img decoding=\"async\" loading=\"lazy\" src=\"https:\/\/ae01.alicdn.com\/kf\/S226531bd37b545b089ff2ae6751f8f66T.jpg?width=800&amp;height=800&amp;hash=1600\" \/><br \/>\n<img decoding=\"async\" loading=\"lazy\" src=\"https:\/\/ae01.alicdn.com\/kf\/S962a603be9664153b8685f070581807a1.jpg?width=800&amp;height=800&amp;hash=1600\" \/><br \/>\n<img decoding=\"async\" loading=\"lazy\" src=\"https:\/\/ae01.alicdn.com\/kf\/S5c9fce28366148e5b6355074a6895c3fa.jpg?width=800&amp;height=800&amp;hash=1600\" \/><br \/>\n<img decoding=\"async\" loading=\"lazy\" src=\"https:\/\/ae01.alicdn.com\/kf\/S9d2264cc5da14870afc1cc4be766c8caq.jpg?width=800&amp;height=800&amp;hash=1600\" \/><br \/>\n<img decoding=\"async\" loading=\"lazy\" src=\"https:\/\/ae01.alicdn.com\/kf\/Sc1fcab519f414b7e940de39bc67257c7k.jpg?width=800&amp;height=800&amp;hash=1600\" \/><br \/>\n<img decoding=\"async\" loading=\"lazy\" src=\"https:\/\/ae01.alicdn.com\/kf\/Sd82cb0bc8e324877b43ba3d2cc8826d03.jpg?width=800&amp;height=800&amp;hash=1600\" \/><br \/>\n<img decoding=\"async\" loading=\"lazy\" src=\"https:\/\/ae01.alicdn.com\/kf\/Saff9d2aef44448bdb01b0cd3ed6f36bbY.jpg?width=800&amp;height=800&amp;hash=1600\" \/><\/p>\n<\/div>\n<p>&nbsp;<\/p>\n<\/div>\n<\/div>","protected":false},"excerpt":{"rendered":"<p>Backpackboyz Vape Pen E-Zigarette, wiederaufladbar leere Keramikkartusche Aussehen:\u00a0Box Form Kompatibler Akku:\u00a018350 \u00dcberwachung Funktion Von Rauchen Anzahl:\u00a0Nein Silikon Fall:\u00a0Nein Temperaturregelung:\u00a0Nein Eingebaute Oder Externe Batterie:\u00a0Eingebaute Kurzschlussschutz Funktion:\u00a0Nein \u00dcberhitzungsschutz-funktion:\u00a0Nein Niederspannungsalarmfunktion:\u00a0Nein Zerst\u00e4uber Identifikation Funktion:\u00a0Nein TCR Einstellung Modi:\u00a0Nein Nominale Kapazit\u00e4t:\u00a0&lt;700 mAh Material:\u00a0Plastik Compatible Model:\u00a0thick oil Modellnummer:\u00a0Backpackboyz vape pen Usb-ladeger\u00e4t:\u00a0Ja Firmware-upgrade:\u00a0Ja Display:\u00a0Nein Art:\u00a0disposable Markenname:\u00a0SUB TWO Ursprung:\u00a0CN (Herkunft) capacity:\u00a01.0ml battery capacity:\u00a0280mah use [&hellip;]<\/p>","protected":false},"featured_media":7406,"template":"","meta":{"inline_featured_image":false},"product_cat":[78,750,737,736,749,76],"product_tag":[],"tiered_pricing_type":"fixed","tiered_pricing_fixed_rules":[],"tiered_pricing_percentage_rules":[],"tiered_pricing_minimum":1,"_administrator_tiered_pricing_type":"fixed","_administrator_tiered_pricing_fixed_rules":[],"_editor_tiered_pricing_type":"fixed","_editor_tiered_pricing_fixed_rules":[],"_author_tiered_pricing_type":"fixed","_author_tiered_pricing_fixed_rules":[],"_contributor_tiered_pricing_type":"fixed","_contributor_tiered_pricing_fixed_rules":[],"_subscriber_tiered_pricing_type":"fixed","_subscriber_tiered_pricing_fixed_rules":[],"_customer_tiered_pricing_type":"fixed","_customer_tiered_pricing_fixed_rules":[],"_shop_manager_tiered_pricing_type":"fixed","_shop_manager_tiered_pricing_fixed_rules":[],"_wpseo_manager_tiered_pricing_type":"fixed","_wpseo_manager_tiered_pricing_fixed_rules":[],"_wpseo_editor_tiered_pricing_type":"fixed","_wpseo_editor_tiered_pricing_fixed_rules":[],"_wholesale_customer_tiered_pricing_type":"fixed","_wholesale_customer_tiered_pricing_fixed_rules":[],"_marketer_tiered_pricing_type":"fixed","_marketer_tiered_pricing_fixed_rules":[],"_sales_manager_tiered_pricing_type":"fixed","_sales_manager_tiered_pricing_fixed_rules":[],"_sales_rep_tiered_pricing_type":"fixed","_sales_rep_tiered_pricing_fixed_rules":[],"yoast_head":"<!-- This site is optimized with the Yoast SEO plugin v23.3 - https:\/\/yoast.com\/wordpress\/plugins\/seo\/ -->\n<title>Backpackboyz Vape Pen E-Zigarette, wiederaufladbar leere Keramikkartusche | ElementVape.de<\/title>\n<meta name=\"description\" content=\"Wir bieten Backpackboyz Vape Pen E-Zigarette, wiederaufladbar leere Keramikkartusche , Elementvape.de akzeptieren Gro\u00df-und Einzelhandel Bestellungen.\" \/>\n<meta name=\"robots\" content=\"index, follow, max-snippet:-1, max-image-preview:large, max-video-preview:-1\" \/>\n<link rel=\"canonical\" href=\"https:\/\/www.elementvape.de\/fr\/produkt\/backpackboyz-vape-pen-e-zigarette-wiederaufladbar-leere-keramikkartusche\/\" \/>\n<meta property=\"og:locale\" content=\"fr_FR\" \/>\n<meta property=\"og:type\" content=\"article\" \/>\n<meta property=\"og:title\" content=\"Backpackboyz Vape Pen E-Zigarette, wiederaufladbar leere Keramikkartusche | ElementVape.de\" \/>\n<meta property=\"og:description\" content=\"Wir bieten Backpackboyz Vape Pen E-Zigarette, wiederaufladbar leere Keramikkartusche , Elementvape.de akzeptieren Gro\u00df-und Einzelhandel Bestellungen.\" \/>\n<meta property=\"og:url\" content=\"https:\/\/www.elementvape.de\/fr\/produkt\/backpackboyz-vape-pen-e-zigarette-wiederaufladbar-leere-keramikkartusche\/\" \/>\n<meta property=\"og:site_name\" content=\"ElementVape.de\" \/>\n<meta property=\"article:modified_time\" content=\"2024-09-12T10:32:31+00:00\" \/>\n<meta property=\"og:image\" content=\"https:\/\/ae01.alicdn.com\/kf\/S3a26bcd903954d008c959982cea28665I\/Backpackboyz-vape-pen-e-zigaretten-wiederauf-ladbare-280mah-batterie-1ml-leere-keramik-patrone-f-r-dicken.jpg\" \/>\n\t<meta property=\"og:image:width\" content=\"800\" \/>\n\t<meta property=\"og:image:height\" content=\"800\" \/>\n\t<meta property=\"og:image:type\" content=\"image\/jpeg\" \/>\n<meta name=\"twitter:card\" content=\"summary_large_image\" \/>\n<meta name=\"twitter:label1\" content=\"Est. reading time\" \/>\n\t<meta name=\"twitter:data1\" content=\"4 minutes\" \/>\n<script type=\"application\/ld+json\" class=\"yoast-schema-graph\">{\"@context\":\"https:\/\/schema.org\",\"@graph\":[{\"@type\":\"WebPage\",\"@id\":\"https:\/\/www.elementvape.de\/produkt\/backpackboyz-vape-pen-e-zigarette-wiederaufladbar-leere-keramikkartusche\/\",\"url\":\"https:\/\/www.elementvape.de\/produkt\/backpackboyz-vape-pen-e-zigarette-wiederaufladbar-leere-keramikkartusche\/\",\"name\":\"Backpackboyz Vape Pen E-Zigarette, wiederaufladbar leere Keramikkartusche | ElementVape.de\",\"isPartOf\":{\"@id\":\"https:\/\/www.elementvape.de\/#website\"},\"primaryImageOfPage\":{\"@id\":\"https:\/\/www.elementvape.de\/produkt\/backpackboyz-vape-pen-e-zigarette-wiederaufladbar-leere-keramikkartusche\/#primaryimage\"},\"image\":{\"@id\":\"https:\/\/www.elementvape.de\/produkt\/backpackboyz-vape-pen-e-zigarette-wiederaufladbar-leere-keramikkartusche\/#primaryimage\"},\"thumbnailUrl\":\"https:\/\/ae01.alicdn.com\/kf\/S3a26bcd903954d008c959982cea28665I\/Backpackboyz-vape-pen-e-zigaretten-wiederauf-ladbare-280mah-batterie-1ml-leere-keramik-patrone-f-r-dicken.jpg\",\"datePublished\":\"2024-04-20T06:46:04+00:00\",\"dateModified\":\"2024-09-12T10:32:31+00:00\",\"description\":\"Wir bieten Backpackboyz Vape Pen E-Zigarette, wiederaufladbar leere Keramikkartusche , Elementvape.de akzeptieren Gro\u00df-und Einzelhandel Bestellungen.\",\"breadcrumb\":{\"@id\":\"https:\/\/www.elementvape.de\/produkt\/backpackboyz-vape-pen-e-zigarette-wiederaufladbar-leere-keramikkartusche\/#breadcrumb\"},\"inLanguage\":\"fr-FR\",\"potentialAction\":[{\"@type\":\"ReadAction\",\"target\":[\"https:\/\/www.elementvape.de\/produkt\/backpackboyz-vape-pen-e-zigarette-wiederaufladbar-leere-keramikkartusche\/\"]}]},{\"@type\":\"ImageObject\",\"inLanguage\":\"fr-FR\",\"@id\":\"https:\/\/www.elementvape.de\/produkt\/backpackboyz-vape-pen-e-zigarette-wiederaufladbar-leere-keramikkartusche\/#primaryimage\",\"url\":\"https:\/\/ae01.alicdn.com\/kf\/S3a26bcd903954d008c959982cea28665I\/Backpackboyz-vape-pen-e-zigaretten-wiederauf-ladbare-280mah-batterie-1ml-leere-keramik-patrone-f-r-dicken.jpg\",\"contentUrl\":\"https:\/\/ae01.alicdn.com\/kf\/S3a26bcd903954d008c959982cea28665I\/Backpackboyz-vape-pen-e-zigaretten-wiederauf-ladbare-280mah-batterie-1ml-leere-keramik-patrone-f-r-dicken.jpg\",\"width\":800,\"height\":800},{\"@type\":\"BreadcrumbList\",\"@id\":\"https:\/\/www.elementvape.de\/produkt\/backpackboyz-vape-pen-e-zigarette-wiederaufladbar-leere-keramikkartusche\/#breadcrumb\",\"itemListElement\":[{\"@type\":\"ListItem\",\"position\":1,\"name\":\"Home\",\"item\":\"https:\/\/www.elementvape.de\/\"},{\"@type\":\"ListItem\",\"position\":2,\"name\":\"Shop\",\"item\":\"https:\/\/www.elementvape.de\/shop\/\"},{\"@type\":\"ListItem\",\"position\":3,\"name\":\"Backpackboyz Vape Pen E-Zigarette, wiederaufladbar leere Keramikkartusche\"}]},{\"@type\":\"WebSite\",\"@id\":\"https:\/\/www.elementvape.de\/#website\",\"url\":\"https:\/\/www.elementvape.de\/\",\"name\":\"ElementVape.de\",\"description\":\"\",\"publisher\":{\"@id\":\"https:\/\/www.elementvape.de\/#organization\"},\"potentialAction\":[{\"@type\":\"SearchAction\",\"target\":{\"@type\":\"EntryPoint\",\"urlTemplate\":\"https:\/\/www.elementvape.de\/?s={search_term_string}\"},\"query-input\":\"required name=search_term_string\"}],\"inLanguage\":\"fr-FR\"},{\"@type\":\"Organization\",\"@id\":\"https:\/\/www.elementvape.de\/#organization\",\"name\":\"ElementVape.DE\",\"url\":\"https:\/\/www.elementvape.de\/\",\"logo\":{\"@type\":\"ImageObject\",\"inLanguage\":\"fr-FR\",\"@id\":\"https:\/\/www.elementvape.de\/#\/schema\/logo\/image\/\",\"url\":\"https:\/\/www.elementvape.de\/wp-content\/uploads\/2024\/09\/cropped-1elementvape-3.png\",\"contentUrl\":\"https:\/\/www.elementvape.de\/wp-content\/uploads\/2024\/09\/cropped-1elementvape-3.png\",\"width\":285,\"height\":228,\"caption\":\"ElementVape.DE\"},\"image\":{\"@id\":\"https:\/\/www.elementvape.de\/#\/schema\/logo\/image\/\"}}]}<\/script>\n<!-- \/ Yoast SEO plugin. -->","yoast_head_json":{"title":"Backpackboyz Vape Pen E-Zigarette, wiederaufladbar leere Keramikkartusche | ElementVape.de","description":"Wir bieten Backpackboyz Vape Pen E-Zigarette, wiederaufladbar leere Keramikkartusche , Elementvape.de akzeptieren Gro\u00df-und Einzelhandel Bestellungen.","robots":{"index":"index","follow":"follow","max-snippet":"max-snippet:-1","max-image-preview":"max-image-preview:large","max-video-preview":"max-video-preview:-1"},"canonical":"https:\/\/www.elementvape.de\/fr\/produkt\/backpackboyz-vape-pen-e-zigarette-wiederaufladbar-leere-keramikkartusche\/","og_locale":"fr_FR","og_type":"article","og_title":"Backpackboyz Vape Pen E-Zigarette, wiederaufladbar leere Keramikkartusche | ElementVape.de","og_description":"Wir bieten Backpackboyz Vape Pen E-Zigarette, wiederaufladbar leere Keramikkartusche , Elementvape.de akzeptieren Gro\u00df-und Einzelhandel Bestellungen.","og_url":"https:\/\/www.elementvape.de\/fr\/produkt\/backpackboyz-vape-pen-e-zigarette-wiederaufladbar-leere-keramikkartusche\/","og_site_name":"ElementVape.de","article_modified_time":"2024-09-12T10:32:31+00:00","og_image":[{"width":800,"height":800,"url":"https:\/\/ae01.alicdn.com\/kf\/S3a26bcd903954d008c959982cea28665I\/Backpackboyz-vape-pen-e-zigaretten-wiederauf-ladbare-280mah-batterie-1ml-leere-keramik-patrone-f-r-dicken.jpg","type":"image\/jpeg"}],"twitter_card":"summary_large_image","twitter_misc":{"Est. reading time":"4 minutes"},"schema":{"@context":"https:\/\/schema.org","@graph":[{"@type":"WebPage","@id":"https:\/\/www.elementvape.de\/produkt\/backpackboyz-vape-pen-e-zigarette-wiederaufladbar-leere-keramikkartusche\/","url":"https:\/\/www.elementvape.de\/produkt\/backpackboyz-vape-pen-e-zigarette-wiederaufladbar-leere-keramikkartusche\/","name":"Backpackboyz Vape Pen E-Zigarette, wiederaufladbar leere Keramikkartusche | ElementVape.de","isPartOf":{"@id":"https:\/\/www.elementvape.de\/#website"},"primaryImageOfPage":{"@id":"https:\/\/www.elementvape.de\/produkt\/backpackboyz-vape-pen-e-zigarette-wiederaufladbar-leere-keramikkartusche\/#primaryimage"},"image":{"@id":"https:\/\/www.elementvape.de\/produkt\/backpackboyz-vape-pen-e-zigarette-wiederaufladbar-leere-keramikkartusche\/#primaryimage"},"thumbnailUrl":"https:\/\/ae01.alicdn.com\/kf\/S3a26bcd903954d008c959982cea28665I\/Backpackboyz-vape-pen-e-zigaretten-wiederauf-ladbare-280mah-batterie-1ml-leere-keramik-patrone-f-r-dicken.jpg","datePublished":"2024-04-20T06:46:04+00:00","dateModified":"2024-09-12T10:32:31+00:00","description":"Wir bieten Backpackboyz Vape Pen E-Zigarette, wiederaufladbar leere Keramikkartusche , Elementvape.de akzeptieren Gro\u00df-und Einzelhandel Bestellungen.","breadcrumb":{"@id":"https:\/\/www.elementvape.de\/produkt\/backpackboyz-vape-pen-e-zigarette-wiederaufladbar-leere-keramikkartusche\/#breadcrumb"},"inLanguage":"fr-FR","potentialAction":[{"@type":"ReadAction","target":["https:\/\/www.elementvape.de\/produkt\/backpackboyz-vape-pen-e-zigarette-wiederaufladbar-leere-keramikkartusche\/"]}]},{"@type":"ImageObject","inLanguage":"fr-FR","@id":"https:\/\/www.elementvape.de\/produkt\/backpackboyz-vape-pen-e-zigarette-wiederaufladbar-leere-keramikkartusche\/#primaryimage","url":"https:\/\/ae01.alicdn.com\/kf\/S3a26bcd903954d008c959982cea28665I\/Backpackboyz-vape-pen-e-zigaretten-wiederauf-ladbare-280mah-batterie-1ml-leere-keramik-patrone-f-r-dicken.jpg","contentUrl":"https:\/\/ae01.alicdn.com\/kf\/S3a26bcd903954d008c959982cea28665I\/Backpackboyz-vape-pen-e-zigaretten-wiederauf-ladbare-280mah-batterie-1ml-leere-keramik-patrone-f-r-dicken.jpg","width":800,"height":800},{"@type":"BreadcrumbList","@id":"https:\/\/www.elementvape.de\/produkt\/backpackboyz-vape-pen-e-zigarette-wiederaufladbar-leere-keramikkartusche\/#breadcrumb","itemListElement":[{"@type":"ListItem","position":1,"name":"Home","item":"https:\/\/www.elementvape.de\/"},{"@type":"ListItem","position":2,"name":"Shop","item":"https:\/\/www.elementvape.de\/shop\/"},{"@type":"ListItem","position":3,"name":"Backpackboyz Vape Pen E-Zigarette, wiederaufladbar leere Keramikkartusche"}]},{"@type":"WebSite","@id":"https:\/\/www.elementvape.de\/#website","url":"https:\/\/www.elementvape.de\/","name":"ElementVape.de","description":"","publisher":{"@id":"https:\/\/www.elementvape.de\/#organization"},"potentialAction":[{"@type":"SearchAction","target":{"@type":"EntryPoint","urlTemplate":"https:\/\/www.elementvape.de\/?s={search_term_string}"},"query-input":"required name=search_term_string"}],"inLanguage":"fr-FR"},{"@type":"Organization","@id":"https:\/\/www.elementvape.de\/#organization","name":"ElementVape.DE","url":"https:\/\/www.elementvape.de\/","logo":{"@type":"ImageObject","inLanguage":"fr-FR","@id":"https:\/\/www.elementvape.de\/#\/schema\/logo\/image\/","url":"https:\/\/www.elementvape.de\/wp-content\/uploads\/2024\/09\/cropped-1elementvape-3.png","contentUrl":"https:\/\/www.elementvape.de\/wp-content\/uploads\/2024\/09\/cropped-1elementvape-3.png","width":285,"height":228,"caption":"ElementVape.DE"},"image":{"@id":"https:\/\/www.elementvape.de\/#\/schema\/logo\/image\/"}}]}},"_links":{"self":[{"href":"https:\/\/www.elementvape.de\/fr\/wp-json\/wp\/v2\/product\/7404"}],"collection":[{"href":"https:\/\/www.elementvape.de\/fr\/wp-json\/wp\/v2\/product"}],"about":[{"href":"https:\/\/www.elementvape.de\/fr\/wp-json\/wp\/v2\/types\/product"}],"wp:featuredmedia":[{"embeddable":true,"href":"https:\/\/www.elementvape.de\/fr\/wp-json\/wp\/v2\/media\/7406"}],"wp:attachment":[{"href":"https:\/\/www.elementvape.de\/fr\/wp-json\/wp\/v2\/media?parent=7404"}],"wp:term":[{"taxonomy":"product_cat","embeddable":true,"href":"https:\/\/www.elementvape.de\/fr\/wp-json\/wp\/v2\/product_cat?post=7404"},{"taxonomy":"product_tag","embeddable":true,"href":"https:\/\/www.elementvape.de\/fr\/wp-json\/wp\/v2\/product_tag?post=7404"}],"curies":[{"name":"wp","href":"https:\/\/api.w.org\/{rel}","templated":true}]}}