{"id":7120,"date":"2024-04-20T06:24:09","date_gmt":"2024-04-20T06:24:09","guid":{"rendered":"https:\/\/www.elementvape.de\/?post_type=product&#038;p=7120"},"modified":"2024-12-12T06:37:12","modified_gmt":"2024-12-12T06:37:12","slug":"runtz-runty-x-litty-vape-pens-starter-kit-wiederauf-ladbare","status":"publish","type":"product","link":"https:\/\/www.elementvape.de\/fr\/produkt\/runtz-runty-x-litty-vape-pens-starter-kit-wiederauf-ladbare\/","title":{"rendered":"Runtz Runty x Litty, stylos de vapotage, kit de d\u00e9marrage rechargeable"},"content":{"rendered":"<p>&nbsp;<\/p>\n<div class=\"product-specs-list-container\">\n<ul class=\"product-specs-list util-clearfix\">\n<li class=\"product-prop line-limit-length\"><span class=\"property-title\">Apparence :\u00a0<\/span><span class=\"property-desc line-limit-length\">Forme Bo\u00eete<\/span><\/li>\n<li class=\"product-prop line-limit-length\"><span class=\"property-title\">Batterie Compatible :\u00a0<\/span><span class=\"property-desc line-limit-length\">18350<\/span><\/li>\n<li class=\"product-prop line-limit-length\"><span class=\"property-title\">Fonction de Surveillance du Nombre de Fumeurs :\u00a0<\/span><span class=\"property-desc line-limit-length\">Non<\/span><\/li>\n<li class=\"product-prop line-limit-length\"><span class=\"property-title\">\u00c9tui en Silicone :\u00a0<\/span><span class=\"property-desc line-limit-length\">Non<\/span><\/li>\n<li class=\"product-prop line-limit-length\"><span class=\"property-title\">Contr\u00f4le de Temp\u00e9rature :\u00a0<\/span><span class=\"property-desc line-limit-length\">Non<\/span><\/li>\n<li class=\"product-prop line-limit-length\"><span class=\"property-title\">Batterie Int\u00e9gr\u00e9e ou Externe :\u00a0<\/span><span class=\"property-desc line-limit-length\">Int\u00e9gr\u00e9<\/span><\/li>\n<li class=\"product-prop line-limit-length\"><span class=\"property-title\">Fonction de Protection contre les Courts-Circuits :\u00a0<\/span><span class=\"property-desc line-limit-length\">Ja<\/span><\/li>\n<li class=\"product-prop line-limit-length\"><span class=\"property-title\">Fonction de Protection contre la Surchauffe :\u00a0<\/span><span class=\"property-desc line-limit-length\">Ja<\/span><\/li>\n<li class=\"product-prop line-limit-length\"><span class=\"property-title\">Fonction d'alarme de basse tension :\u00a0<\/span><span class=\"property-desc line-limit-length\">Non<\/span><\/li>\n<li class=\"product-prop line-limit-length\"><span class=\"property-title\">Fonction d'identification du vaporisateur :\u00a0<\/span><span class=\"property-desc line-limit-length\">Non<\/span><\/li>\n<li class=\"product-prop line-limit-length\"><span class=\"property-title\">Modes de r\u00e9glage TCR :\u00a0<\/span><span class=\"property-desc line-limit-length\">Non<\/span><\/li>\n<li class=\"product-prop line-limit-length\"><span class=\"property-title\">Capacit\u00e9 nominale :\u00a0<\/span><span class=\"property-desc line-limit-length\">&lt;700 mAh<\/span><\/li>\n<li class=\"product-prop line-limit-length\"><span class=\"property-title\">Mat\u00e9riau :\u00a0<\/span><span class=\"property-desc line-limit-length\">Plastique<\/span><\/li>\n<li class=\"product-prop line-limit-length\"><span class=\"property-title\">Mod\u00e8le compatible :\u00a0<\/span><span class=\"property-desc line-limit-length\">Huile \u00e9paisse<\/span><\/li>\n<li class=\"product-prop line-limit-length\"><span class=\"property-title\">Num\u00e9ro de mod\u00e8le :\u00a0<\/span><span class=\"property-desc line-limit-length\">Vape jetable Runtz Runty X Litty<\/span><\/li>\n<li class=\"product-prop line-limit-length\"><span class=\"property-title\">Chargeur USB :\u00a0<\/span><span class=\"property-desc line-limit-length\">Ja<\/span><\/li>\n<li class=\"product-prop line-limit-length\"><span class=\"property-title\">Mise \u00e0 jour du firmware :\u00a0<\/span><span class=\"property-desc line-limit-length\">Non<\/span><\/li>\n<li class=\"product-prop line-limit-length\"><span class=\"property-title\">Affichage :\u00a0<\/span><span class=\"property-desc line-limit-length\">Non<\/span><\/li>\n<li class=\"product-prop line-limit-length\"><span class=\"property-title\">Type :\u00a0<\/span><span class=\"property-desc line-limit-length\">jetable<\/span><\/li>\n<li class=\"product-prop line-limit-length\"><span class=\"property-title\">Nom de la marque :\u00a0<\/span><span class=\"property-desc line-limit-length\">SOUS-DEUX<\/span><\/li>\n<li class=\"product-prop line-limit-length\"><span class=\"property-title\">Origine :\u00a0<\/span><span class=\"property-desc line-limit-length\">CN (Origine)<\/span><\/li>\n<li class=\"product-prop line-limit-length\"><span class=\"property-title\">Capacit\u00e9 du pod :\u00a0<\/span><span class=\"property-desc line-limit-length\">1ml<\/span><\/li>\n<li class=\"product-prop line-limit-length\"><span class=\"property-title\">Batterie :\u00a0<\/span><span class=\"property-desc line-limit-length\">280 mAh<\/span><\/li>\n<li class=\"product-prop line-limit-length\"><span class=\"property-title\">Bobine :\u00a0<\/span><span class=\"property-desc line-limit-length\">C\u00e9ramique<\/span><\/li>\n<\/ul>\n<\/div>\n<div class=\"detailmodule_html\">\n<div class=\"detail-desc-decorate-richtext\">\n<div style=\"margin: 10px auto 0px auto; max-width: 100%;\">\n<div><\/div>\n<\/div>\n<div style=\"text-align: center;\" align=\"center\"><span id=\"tl_1\" style=\"font-size: 22px;\">Kit de d\u00e9marrage de stylos vape Runtz Runty X Litty, emballage rechargeable, batterie de 280 mAh, cigarettes \u00e9lectroniques vides, 1 ml pour appareils \u00e0 huile \u00e9paisse, capsules<\/span><\/div>\n<div><span style=\"font-size: 18px;\"><span style=\"font-size: 18px;\">Description de l'article<br \/>\nCapacit\u00e9 1. pods : 1,0 ml<br \/>\n2. Capacit\u00e9 de la batterie : 280mah<br \/>\n3. paquet : couleurs envoy\u00e9es au hasard<\/span><\/span>Affichage de l'article<\/p>\n<p><img decoding=\"async\" loading=\"lazy\" src=\"https:\/\/ae01.alicdn.com\/kf\/S6454b59bb908405db9aa661fefb51ad7g.jpg?width=800&amp;height=800&amp;hash=1600\" \/><br \/>\n<img decoding=\"async\" loading=\"lazy\" src=\"https:\/\/ae01.alicdn.com\/kf\/S33f3f17f44e24a04a39c7d20fc288ba2i.jpg?width=800&amp;height=800&amp;hash=1600\" \/><br \/>\n<img decoding=\"async\" loading=\"lazy\" src=\"https:\/\/ae01.alicdn.com\/kf\/Se8b627ae032a436cae03b5c645590a85v.jpg?width=800&amp;height=800&amp;hash=1600\" \/><br \/>\n<img decoding=\"async\" loading=\"lazy\" src=\"https:\/\/ae01.alicdn.com\/kf\/S1170daac7f664bf78a79b6a6ab0225c9D.jpg?width=800&amp;height=800&amp;hash=1600\" \/><br \/>\n<img decoding=\"async\" loading=\"lazy\" src=\"https:\/\/ae01.alicdn.com\/kf\/S1385621642184dcda03a9755d377d87c8.jpg?width=800&amp;height=800&amp;hash=1600\" \/><br \/>\n<img decoding=\"async\" loading=\"lazy\" src=\"https:\/\/ae01.alicdn.com\/kf\/S4590bfcd3c85432f8f224285d81c901fO.jpg?width=800&amp;height=800&amp;hash=1600\" \/><br \/>\n<img decoding=\"async\" loading=\"lazy\" src=\"https:\/\/ae01.alicdn.com\/kf\/S897cd9c9c2514b7c8c1110bb215c705dz.jpg?width=800&amp;height=800&amp;hash=1600\" \/><br \/>\n<img decoding=\"async\" loading=\"lazy\" src=\"https:\/\/ae01.alicdn.com\/kf\/Sb61c8950e8d84c93ad8788ea4971d762b.jpg?width=800&amp;height=800&amp;hash=1600\" \/><br \/>\n<img decoding=\"async\" loading=\"lazy\" src=\"https:\/\/ae01.alicdn.com\/kf\/Sbe22b2a9c31b43a0b55e75e3a316564f5.jpg?width=800&amp;height=800&amp;hash=1600\" \/><\/div>\n<\/div>\n<\/div>","protected":false},"excerpt":{"rendered":"<p>&nbsp; Apparence : Forme de bo\u00eete Batterie compatible : 18350 Fonction de surveillance de la fum\u00e9e Nombre : Non \u00c9tui en silicone : Non R\u00e9gulation de la temp\u00e9rature : Non Batterie int\u00e9gr\u00e9e ou externe : Batterie int\u00e9gr\u00e9e Fonction de protection contre les courts-circuits : Oui Fonction de protection contre la surchauffe : Oui Alarme de basse tension : Non Fonction d'identification du vaporisateur : Non Modes de r\u00e9glage TCR : Non Capacit\u00e9 nominale : &lt;700 mAh Mat\u00e9riau : Plastique Mod\u00e8le compatible : Mod\u00e8le d&#039;huile \u00e9paisse Num\u00e9ro de mod\u00e8le : Runtz Runty X Cigarette jetable avec chargeur USB : Oui Mise \u00e0 jour du firmware : Non \u00c9cran : Non Type : jetable Marque : SUB TWO Origine : CN Capacit\u00e9 du pod : 1 ml Batterie : 280 mAh R\u00e9sistance : C\u00e9ramique Runtz runty x [\u2026]<\/p>","protected":false},"featured_media":7121,"template":"","meta":{"inline_featured_image":false},"product_cat":[752,756,739,743,76,79,81],"product_tag":[],"tiered_pricing_type":"fixed","tiered_pricing_fixed_rules":[],"tiered_pricing_percentage_rules":[],"tiered_pricing_minimum":1,"_administrator_tiered_pricing_type":"fixed","_administrator_tiered_pricing_fixed_rules":[],"_editor_tiered_pricing_type":"fixed","_editor_tiered_pricing_fixed_rules":[],"_author_tiered_pricing_type":"fixed","_author_tiered_pricing_fixed_rules":[],"_contributor_tiered_pricing_type":"fixed","_contributor_tiered_pricing_fixed_rules":[],"_subscriber_tiered_pricing_type":"fixed","_subscriber_tiered_pricing_fixed_rules":[],"_customer_tiered_pricing_type":"fixed","_customer_tiered_pricing_fixed_rules":[],"_shop_manager_tiered_pricing_type":"fixed","_shop_manager_tiered_pricing_fixed_rules":[],"_wpseo_manager_tiered_pricing_type":"fixed","_wpseo_manager_tiered_pricing_fixed_rules":[],"_wpseo_editor_tiered_pricing_type":"fixed","_wpseo_editor_tiered_pricing_fixed_rules":[],"_wholesale_customer_tiered_pricing_type":"fixed","_wholesale_customer_tiered_pricing_fixed_rules":[],"_marketer_tiered_pricing_type":"fixed","_marketer_tiered_pricing_fixed_rules":[],"_sales_manager_tiered_pricing_type":"fixed","_sales_manager_tiered_pricing_fixed_rules":[],"_sales_rep_tiered_pricing_type":"fixed","_sales_rep_tiered_pricing_fixed_rules":[],"yoast_head":"<!-- This site is optimized with the Yoast SEO plugin v23.3 - https:\/\/yoast.com\/wordpress\/plugins\/seo\/ -->\n<title>Runtz runty x litty vape pens starter kit wiederauf ladbare | ElementVape.de<\/title>\n<meta name=\"description\" content=\"Wir bieten Runtz runty x litty vape pens starter kit wiederauf ladbare , Elementvape.de akzeptieren Gro\u00df-und Einzelhandel Bestellungen.\" \/>\n<meta name=\"robots\" content=\"index, follow, max-snippet:-1, max-image-preview:large, max-video-preview:-1\" \/>\n<link rel=\"canonical\" href=\"https:\/\/www.elementvape.de\/fr\/produkt\/runtz-runty-x-litty-vape-pens-starter-kit-wiederauf-ladbare\/\" \/>\n<meta property=\"og:locale\" content=\"fr_FR\" \/>\n<meta property=\"og:type\" content=\"article\" \/>\n<meta property=\"og:title\" content=\"Runtz runty x litty vape pens starter kit wiederauf ladbare | ElementVape.de\" \/>\n<meta property=\"og:description\" content=\"Wir bieten Runtz runty x litty vape pens starter kit wiederauf ladbare , Elementvape.de akzeptieren Gro\u00df-und Einzelhandel Bestellungen.\" \/>\n<meta property=\"og:url\" content=\"https:\/\/www.elementvape.de\/fr\/produkt\/runtz-runty-x-litty-vape-pens-starter-kit-wiederauf-ladbare\/\" \/>\n<meta property=\"og:site_name\" content=\"ElementVape.de\" \/>\n<meta property=\"article:modified_time\" content=\"2024-12-12T06:37:12+00:00\" \/>\n<meta property=\"og:image\" content=\"https:\/\/ae01.alicdn.com\/kf\/S9efd10326af24ed1a37f8f6366905e14C\/Runtz-runty-x-litty-vape-pens-starter-kit-wiederauf-ladbare-280mah-batterie-e-zigaretten-leere-kapseln.jpg\" \/>\n\t<meta property=\"og:image:width\" content=\"800\" \/>\n\t<meta property=\"og:image:height\" content=\"800\" \/>\n\t<meta property=\"og:image:type\" content=\"image\/jpeg\" \/>\n<meta name=\"twitter:card\" content=\"summary_large_image\" \/>\n<meta name=\"twitter:label1\" content=\"Est. reading time\" \/>\n\t<meta name=\"twitter:data1\" content=\"3 minutes\" \/>\n<script type=\"application\/ld+json\" class=\"yoast-schema-graph\">{\"@context\":\"https:\/\/schema.org\",\"@graph\":[{\"@type\":\"WebPage\",\"@id\":\"https:\/\/www.elementvape.de\/produkt\/runtz-runty-x-litty-vape-pens-starter-kit-wiederauf-ladbare\/\",\"url\":\"https:\/\/www.elementvape.de\/produkt\/runtz-runty-x-litty-vape-pens-starter-kit-wiederauf-ladbare\/\",\"name\":\"Runtz runty x litty vape pens starter kit wiederauf ladbare | ElementVape.de\",\"isPartOf\":{\"@id\":\"https:\/\/www.elementvape.de\/#website\"},\"primaryImageOfPage\":{\"@id\":\"https:\/\/www.elementvape.de\/produkt\/runtz-runty-x-litty-vape-pens-starter-kit-wiederauf-ladbare\/#primaryimage\"},\"image\":{\"@id\":\"https:\/\/www.elementvape.de\/produkt\/runtz-runty-x-litty-vape-pens-starter-kit-wiederauf-ladbare\/#primaryimage\"},\"thumbnailUrl\":\"https:\/\/ae01.alicdn.com\/kf\/S9efd10326af24ed1a37f8f6366905e14C\/Runtz-runty-x-litty-vape-pens-starter-kit-wiederauf-ladbare-280mah-batterie-e-zigaretten-leere-kapseln.jpg\",\"datePublished\":\"2024-04-20T06:24:09+00:00\",\"dateModified\":\"2024-12-12T06:37:12+00:00\",\"description\":\"Wir bieten Runtz runty x litty vape pens starter kit wiederauf ladbare , Elementvape.de akzeptieren Gro\u00df-und Einzelhandel Bestellungen.\",\"breadcrumb\":{\"@id\":\"https:\/\/www.elementvape.de\/produkt\/runtz-runty-x-litty-vape-pens-starter-kit-wiederauf-ladbare\/#breadcrumb\"},\"inLanguage\":\"fr-FR\",\"potentialAction\":[{\"@type\":\"ReadAction\",\"target\":[\"https:\/\/www.elementvape.de\/produkt\/runtz-runty-x-litty-vape-pens-starter-kit-wiederauf-ladbare\/\"]}]},{\"@type\":\"ImageObject\",\"inLanguage\":\"fr-FR\",\"@id\":\"https:\/\/www.elementvape.de\/produkt\/runtz-runty-x-litty-vape-pens-starter-kit-wiederauf-ladbare\/#primaryimage\",\"url\":\"https:\/\/ae01.alicdn.com\/kf\/S9efd10326af24ed1a37f8f6366905e14C\/Runtz-runty-x-litty-vape-pens-starter-kit-wiederauf-ladbare-280mah-batterie-e-zigaretten-leere-kapseln.jpg\",\"contentUrl\":\"https:\/\/ae01.alicdn.com\/kf\/S9efd10326af24ed1a37f8f6366905e14C\/Runtz-runty-x-litty-vape-pens-starter-kit-wiederauf-ladbare-280mah-batterie-e-zigaretten-leere-kapseln.jpg\",\"width\":800,\"height\":800},{\"@type\":\"BreadcrumbList\",\"@id\":\"https:\/\/www.elementvape.de\/produkt\/runtz-runty-x-litty-vape-pens-starter-kit-wiederauf-ladbare\/#breadcrumb\",\"itemListElement\":[{\"@type\":\"ListItem\",\"position\":1,\"name\":\"Home\",\"item\":\"https:\/\/www.elementvape.de\/\"},{\"@type\":\"ListItem\",\"position\":2,\"name\":\"Shop\",\"item\":\"https:\/\/www.elementvape.de\/shop\/\"},{\"@type\":\"ListItem\",\"position\":3,\"name\":\"Runtz runty x litty vape pens starter kit wiederauf ladbare\"}]},{\"@type\":\"WebSite\",\"@id\":\"https:\/\/www.elementvape.de\/#website\",\"url\":\"https:\/\/www.elementvape.de\/\",\"name\":\"ElementVape.de\",\"description\":\"\",\"publisher\":{\"@id\":\"https:\/\/www.elementvape.de\/#organization\"},\"potentialAction\":[{\"@type\":\"SearchAction\",\"target\":{\"@type\":\"EntryPoint\",\"urlTemplate\":\"https:\/\/www.elementvape.de\/?s={search_term_string}\"},\"query-input\":\"required name=search_term_string\"}],\"inLanguage\":\"fr-FR\"},{\"@type\":\"Organization\",\"@id\":\"https:\/\/www.elementvape.de\/#organization\",\"name\":\"ElementVape.DE\",\"url\":\"https:\/\/www.elementvape.de\/\",\"logo\":{\"@type\":\"ImageObject\",\"inLanguage\":\"fr-FR\",\"@id\":\"https:\/\/www.elementvape.de\/#\/schema\/logo\/image\/\",\"url\":\"https:\/\/www.elementvape.de\/wp-content\/uploads\/2024\/09\/cropped-1elementvape-3.png\",\"contentUrl\":\"https:\/\/www.elementvape.de\/wp-content\/uploads\/2024\/09\/cropped-1elementvape-3.png\",\"width\":285,\"height\":228,\"caption\":\"ElementVape.DE\"},\"image\":{\"@id\":\"https:\/\/www.elementvape.de\/#\/schema\/logo\/image\/\"}}]}<\/script>\n<!-- \/ Yoast SEO plugin. -->","yoast_head_json":{"title":"Runtz runty x litty vape pens starter kit wiederauf ladbare | ElementVape.de","description":"Wir bieten Runtz runty x litty vape pens starter kit wiederauf ladbare , Elementvape.de akzeptieren Gro\u00df-und Einzelhandel Bestellungen.","robots":{"index":"index","follow":"follow","max-snippet":"max-snippet:-1","max-image-preview":"max-image-preview:large","max-video-preview":"max-video-preview:-1"},"canonical":"https:\/\/www.elementvape.de\/fr\/produkt\/runtz-runty-x-litty-vape-pens-starter-kit-wiederauf-ladbare\/","og_locale":"fr_FR","og_type":"article","og_title":"Runtz runty x litty vape pens starter kit wiederauf ladbare | ElementVape.de","og_description":"Wir bieten Runtz runty x litty vape pens starter kit wiederauf ladbare , Elementvape.de akzeptieren Gro\u00df-und Einzelhandel Bestellungen.","og_url":"https:\/\/www.elementvape.de\/fr\/produkt\/runtz-runty-x-litty-vape-pens-starter-kit-wiederauf-ladbare\/","og_site_name":"ElementVape.de","article_modified_time":"2024-12-12T06:37:12+00:00","og_image":[{"width":800,"height":800,"url":"https:\/\/ae01.alicdn.com\/kf\/S9efd10326af24ed1a37f8f6366905e14C\/Runtz-runty-x-litty-vape-pens-starter-kit-wiederauf-ladbare-280mah-batterie-e-zigaretten-leere-kapseln.jpg","type":"image\/jpeg"}],"twitter_card":"summary_large_image","twitter_misc":{"Est. reading time":"3 minutes"},"schema":{"@context":"https:\/\/schema.org","@graph":[{"@type":"WebPage","@id":"https:\/\/www.elementvape.de\/produkt\/runtz-runty-x-litty-vape-pens-starter-kit-wiederauf-ladbare\/","url":"https:\/\/www.elementvape.de\/produkt\/runtz-runty-x-litty-vape-pens-starter-kit-wiederauf-ladbare\/","name":"Runtz runty x litty vape pens starter kit wiederauf ladbare | ElementVape.de","isPartOf":{"@id":"https:\/\/www.elementvape.de\/#website"},"primaryImageOfPage":{"@id":"https:\/\/www.elementvape.de\/produkt\/runtz-runty-x-litty-vape-pens-starter-kit-wiederauf-ladbare\/#primaryimage"},"image":{"@id":"https:\/\/www.elementvape.de\/produkt\/runtz-runty-x-litty-vape-pens-starter-kit-wiederauf-ladbare\/#primaryimage"},"thumbnailUrl":"https:\/\/ae01.alicdn.com\/kf\/S9efd10326af24ed1a37f8f6366905e14C\/Runtz-runty-x-litty-vape-pens-starter-kit-wiederauf-ladbare-280mah-batterie-e-zigaretten-leere-kapseln.jpg","datePublished":"2024-04-20T06:24:09+00:00","dateModified":"2024-12-12T06:37:12+00:00","description":"Wir bieten Runtz runty x litty vape pens starter kit wiederauf ladbare , Elementvape.de akzeptieren Gro\u00df-und Einzelhandel Bestellungen.","breadcrumb":{"@id":"https:\/\/www.elementvape.de\/produkt\/runtz-runty-x-litty-vape-pens-starter-kit-wiederauf-ladbare\/#breadcrumb"},"inLanguage":"fr-FR","potentialAction":[{"@type":"ReadAction","target":["https:\/\/www.elementvape.de\/produkt\/runtz-runty-x-litty-vape-pens-starter-kit-wiederauf-ladbare\/"]}]},{"@type":"ImageObject","inLanguage":"fr-FR","@id":"https:\/\/www.elementvape.de\/produkt\/runtz-runty-x-litty-vape-pens-starter-kit-wiederauf-ladbare\/#primaryimage","url":"https:\/\/ae01.alicdn.com\/kf\/S9efd10326af24ed1a37f8f6366905e14C\/Runtz-runty-x-litty-vape-pens-starter-kit-wiederauf-ladbare-280mah-batterie-e-zigaretten-leere-kapseln.jpg","contentUrl":"https:\/\/ae01.alicdn.com\/kf\/S9efd10326af24ed1a37f8f6366905e14C\/Runtz-runty-x-litty-vape-pens-starter-kit-wiederauf-ladbare-280mah-batterie-e-zigaretten-leere-kapseln.jpg","width":800,"height":800},{"@type":"BreadcrumbList","@id":"https:\/\/www.elementvape.de\/produkt\/runtz-runty-x-litty-vape-pens-starter-kit-wiederauf-ladbare\/#breadcrumb","itemListElement":[{"@type":"ListItem","position":1,"name":"Home","item":"https:\/\/www.elementvape.de\/"},{"@type":"ListItem","position":2,"name":"Shop","item":"https:\/\/www.elementvape.de\/shop\/"},{"@type":"ListItem","position":3,"name":"Runtz runty x litty vape pens starter kit wiederauf ladbare"}]},{"@type":"WebSite","@id":"https:\/\/www.elementvape.de\/#website","url":"https:\/\/www.elementvape.de\/","name":"ElementVape.de","description":"","publisher":{"@id":"https:\/\/www.elementvape.de\/#organization"},"potentialAction":[{"@type":"SearchAction","target":{"@type":"EntryPoint","urlTemplate":"https:\/\/www.elementvape.de\/?s={search_term_string}"},"query-input":"required name=search_term_string"}],"inLanguage":"fr-FR"},{"@type":"Organization","@id":"https:\/\/www.elementvape.de\/#organization","name":"ElementVape.DE","url":"https:\/\/www.elementvape.de\/","logo":{"@type":"ImageObject","inLanguage":"fr-FR","@id":"https:\/\/www.elementvape.de\/#\/schema\/logo\/image\/","url":"https:\/\/www.elementvape.de\/wp-content\/uploads\/2024\/09\/cropped-1elementvape-3.png","contentUrl":"https:\/\/www.elementvape.de\/wp-content\/uploads\/2024\/09\/cropped-1elementvape-3.png","width":285,"height":228,"caption":"ElementVape.DE"},"image":{"@id":"https:\/\/www.elementvape.de\/#\/schema\/logo\/image\/"}}]}},"_links":{"self":[{"href":"https:\/\/www.elementvape.de\/fr\/wp-json\/wp\/v2\/product\/7120"}],"collection":[{"href":"https:\/\/www.elementvape.de\/fr\/wp-json\/wp\/v2\/product"}],"about":[{"href":"https:\/\/www.elementvape.de\/fr\/wp-json\/wp\/v2\/types\/product"}],"wp:featuredmedia":[{"embeddable":true,"href":"https:\/\/www.elementvape.de\/fr\/wp-json\/wp\/v2\/media\/7121"}],"wp:attachment":[{"href":"https:\/\/www.elementvape.de\/fr\/wp-json\/wp\/v2\/media?parent=7120"}],"wp:term":[{"taxonomy":"product_cat","embeddable":true,"href":"https:\/\/www.elementvape.de\/fr\/wp-json\/wp\/v2\/product_cat?post=7120"},{"taxonomy":"product_tag","embeddable":true,"href":"https:\/\/www.elementvape.de\/fr\/wp-json\/wp\/v2\/product_tag?post=7120"}],"curies":[{"name":"wp","href":"https:\/\/api.w.org\/{rel}","templated":true}]}}