{"id":7087,"date":"2024-04-20T06:21:06","date_gmt":"2024-04-20T06:21:06","guid":{"rendered":"https:\/\/www.elementvape.de\/?post_type=product&#038;p=7087"},"modified":"2024-09-12T10:34:04","modified_gmt":"2024-09-12T10:34:04","slug":"geekvape-sonder-q-pod-system-kit-e-zigarette-vape-pen","status":"publish","type":"product","link":"https:\/\/www.elementvape.de\/fr\/produkt\/geekvape-sonder-q-pod-system-kit-e-zigarette-vape-pen\/","title":{"rendered":"kit syst\u00e8me de pod sp\u00e9cial geekvape sonder q E-Zigarette vape pen"},"content":{"rendered":"<p>&nbsp;<\/p>\n<div class=\"product-specs-list-container\">\n<ul class=\"product-specs-list util-clearfix\">\n<li class=\"product-prop line-limit-length\"><span class=\"property-title\">Fonction de Surveillance du Nombre de Fumeurs :\u00a0<\/span><span class=\"property-desc line-limit-length\">Non<\/span><\/li>\n<li class=\"product-prop line-limit-length\"><span class=\"property-title\">\u00c9tui en Silicone :\u00a0<\/span><span class=\"property-desc line-limit-length\">Non<\/span><\/li>\n<li class=\"product-prop line-limit-length\"><span class=\"property-title\">Contr\u00f4le de Temp\u00e9rature :\u00a0<\/span><span class=\"property-desc line-limit-length\">Ja<\/span><\/li>\n<li class=\"product-prop line-limit-length\"><span class=\"property-title\">Batterie Int\u00e9gr\u00e9e ou Externe :\u00a0<\/span><span class=\"property-desc line-limit-length\">Int\u00e9gr\u00e9<\/span><\/li>\n<li class=\"product-prop line-limit-length\"><span class=\"property-title\">Fonction de Protection contre les Courts-Circuits :\u00a0<\/span><span class=\"property-desc line-limit-length\">Ja<\/span><\/li>\n<li class=\"product-prop line-limit-length\"><span class=\"property-title\">Fonction de Protection contre la Surchauffe :\u00a0<\/span><span class=\"property-desc line-limit-length\">Ja<\/span><\/li>\n<li class=\"product-prop line-limit-length\"><span class=\"property-title\">Fonction d'alarme de basse tension :\u00a0<\/span><span class=\"property-desc line-limit-length\">Ja<\/span><\/li>\n<li class=\"product-prop line-limit-length\"><span class=\"property-title\">Fonction d'identification du vaporisateur :\u00a0<\/span><span class=\"property-desc line-limit-length\">Ja<\/span><\/li>\n<li class=\"product-prop line-limit-length\"><span class=\"property-title\">Modes de r\u00e9glage TCR :\u00a0<\/span><span class=\"property-desc line-limit-length\">Ja<\/span><\/li>\n<li class=\"product-prop line-limit-length\"><span class=\"property-title\">Capacit\u00e9 nominale :\u00a0<\/span><span class=\"property-desc line-limit-length\">1000mAh<\/span><\/li>\n<li class=\"product-prop line-limit-length\"><span class=\"property-title\">Mod\u00e8le compatible :\u00a0<\/span><span class=\"property-desc line-limit-length\">Bo\u00eete de cigarette \u00e9lectronique Mod Vape<\/span><\/li>\n<li class=\"product-prop line-limit-length\"><span class=\"property-title\">Num\u00e9ro de mod\u00e8le :\u00a0<\/span><span class=\"property-desc line-limit-length\">Kit de syst\u00e8me de pod Sonder Q GeekVape<\/span><\/li>\n<li class=\"product-prop line-limit-length\"><span class=\"property-title\">Chargeur USB :\u00a0<\/span><span class=\"property-desc line-limit-length\">Ja<\/span><\/li>\n<li class=\"product-prop line-limit-length\"><span class=\"property-title\">Mise \u00e0 jour du firmware :\u00a0<\/span><span class=\"property-desc line-limit-length\">Non<\/span><\/li>\n<li class=\"product-prop line-limit-length\"><span class=\"property-title\">Affichage :\u00a0<\/span><span class=\"property-desc line-limit-length\">Non<\/span><\/li>\n<li class=\"product-prop line-limit-length\"><span class=\"property-title\">Type :\u00a0<\/span><span class=\"property-desc line-limit-length\">Mod \u00c9lectronique<\/span><\/li>\n<li class=\"product-prop line-limit-length\"><span class=\"property-title\">Nom de la marque :\u00a0<\/span><span class=\"property-desc line-limit-length\">GEEKVAPE<\/span><\/li>\n<li class=\"product-prop line-limit-length\"><span class=\"property-title\">Origine :\u00a0<\/span><span class=\"property-desc line-limit-length\">CN (Origine)<\/span><\/li>\n<\/ul>\n<\/div>\n<div class=\"detailmodule_html\">\n<div class=\"detail-desc-decorate-richtext\">\n<div class=\"detailmodule_dynamic\"><\/div>\n<div><\/div>\n<div><span id=\"tl_1\" style=\"font-size: 22px; font-family: arial, helvetica, sans-serif;\">Kit de syst\u00e8me de pod Sonder Q original geekvape 1000mAh batterie 2ml remplissage par le haut vaporisateur cigarette \u00e9lectronique MTL RDTL stylo vape<\/span><\/div>\n<div><\/div>\n<p><span id=\"tl_2\" style=\"font-size: 18px; font-family: arial, helvetica, sans-serif;\">Description :<\/span><\/p>\n<p><span id=\"tl_3\" style=\"font-size: 18px; font-family: arial, helvetica, sans-serif;\">Le kit Sonder Q fonctionne avec une batterie int\u00e9gr\u00e9e de 1000mAh avec chargeur Type-C. Il offre une autonomie de 2 jours et permet une saveur constante ainsi qu'une performance stable jusqu'\u00e0 20W. Con\u00e7u avec un \u00e9clairage respiratoire \u00e0 3 couleurs, il peut vous indiquer l'\u00e9tat de la batterie. \u00c9quip\u00e9 d'un contr\u00f4leur de flux d'air lat\u00e9ral, vous pouvez ajuster chaque tirage avec pr\u00e9cision et subtilit\u00e9, de l\u00e2che \u00e0 dense. Soutenu par la technologie VPU, il se caract\u00e9rise par un go\u00fbt plus doux, une dur\u00e9e de vie prolong\u00e9e et une vape plus s\u00fbre. Il est compatible avec la cartouche geekvape Q (2ml, remplissage par le haut) pour une exp\u00e9rience de vapotage MTL et RDTL. Procurez-vous-le simplement.<\/span><\/p>\n<p><span id=\"tl_4\" style=\"font-size: 18px; font-family: arial, helvetica, sans-serif;\">Param\u00e8tres :<\/span><\/p>\n<p><span id=\"tl_5\" style=\"font-size: 18px; font-family: arial, helvetica, sans-serif;\">Marque : geekvape<\/span><\/p>\n<p><span id=\"tl_6\" style=\"font-size: 18px; font-family: arial, helvetica, sans-serif;\">Nom du produit : kit de syst\u00e8me de pod Sonder Q<\/span><\/p>\n<p><span id=\"tl_7\" style=\"font-size: 18px; font-family: arial, helvetica, sans-serif;\">Capacit\u00e9 de la batterie : batterie int\u00e9gr\u00e9e de 1000mAh<\/span><\/p>\n<p><span id=\"tl_8\" style=\"font-size: 18px; font-family: arial, helvetica, sans-serif;\">Puissance de sortie : 5-20W<\/span><\/p>\n<p><span id=\"tl_9\" style=\"font-size: 18px; font-family: arial, helvetica, sans-serif;\">Type de connexion de charge : Type-C<\/span><\/p>\n<p><span id=\"tl_10\" style=\"font-size: 18px; font-family: arial, helvetica, sans-serif;\">\u00c9clairage respiratoire : 3 couleurs (vert\/bleu\/rouge)<\/span><\/p>\n<p><span id=\"tl_11\" style=\"font-size: 18px; font-family: arial, helvetica, sans-serif;\">Instructions pour l'\u00e9tat de la batterie : lumi\u00e8re rouge (30%)<\/span><\/p>\n<p><span id=\"tl_12\" style=\"font-size: 18px; font-family: arial, helvetica, sans-serif;\">Temp\u00e9rature de fonctionnement : -20 ~ 60\u00b0C<\/span><\/p>\n<p><span id=\"tl_13\" style=\"font-size: 18px; font-family: arial, helvetica, sans-serif;\">Capacit\u00e9 : 2ml<\/span><\/p>\n<p><span id=\"tl_14\" style=\"font-size: 18px; font-family: arial, helvetica, sans-serif;\">Remplissage : remplissage sup\u00e9rieur<\/span><\/p>\n<p><span id=\"tl_15\" style=\"font-size: 18px; font-family: arial, helvetica, sans-serif;\">Flux d'air : interrupteur de flux d'air lat\u00e9ral<\/span><\/p>\n<p><span id=\"tl_16\" style=\"font-size: 18px; font-family: arial, helvetica, sans-serif;\">Convient pour : cartouche geekvape Q<\/span><\/p>\n<p><span id=\"tl_17\" style=\"font-size: 18px; font-family: arial, helvetica, sans-serif;\">Couleur : noir, gris, blanc, vert, rouge, bleu ciel, rouge bleu, violet lilas, rose, vert lilas<\/span><\/p>\n<p><span id=\"tl_18\" style=\"font-size: 18px; font-family: arial, helvetica, sans-serif;\">D\u00e9tails :<\/span><\/p>\n<p><span id=\"tl_19\" style=\"font-size: 18px; font-family: arial, helvetica, sans-serif;\">1. Lisse et l\u00e9ger, compact et portable<\/span><\/p>\n<p><span id=\"tl_20\" style=\"font-size: 18px; font-family: arial, helvetica, sans-serif;\">2. Aliment\u00e9 par une batterie int\u00e9gr\u00e9e de 1000mAh<\/span><\/p>\n<p><span id=\"tl_21\" style=\"font-size: 18px; font-family: arial, helvetica, sans-serif;\">3. Offre une autonomie pour une utilisation de 2 jours<\/span><\/p>\n<p><span id=\"tl_22\" style=\"font-size: 18px; font-family: arial, helvetica, sans-serif;\">4. Sortie stable jusqu'\u00e0 20W<\/span><\/p>\n<p><span id=\"tl_23\" style=\"font-size: 18px; font-family: arial, helvetica, sans-serif;\">5. Design \u00e0 dessin automatique<\/span><\/p>\n<p><span id=\"tl_24\" style=\"font-size: 18px; font-family: arial, helvetica, sans-serif;\">6. 3 couleurs de lumi\u00e8re respiratoire<\/span><\/p>\n<p><span id=\"tl_25\" style=\"font-size: 18px; font-family: arial, helvetica, sans-serif;\">7. vpu tech pour un go\u00fbt plus doux<\/span><\/p>\n<p><span id=\"tl_26\" style=\"font-size: 18px; font-family: arial, helvetica, sans-serif;\">8. con\u00e7u avec un interrupteur de flux d'air lat\u00e9ral<\/span><\/p>\n<p><span id=\"tl_27\" style=\"font-size: 18px; font-family: arial, helvetica, sans-serif;\">9. compatible avec la cartouche geekvape q<\/span><\/p>\n<p><span id=\"tl_28\" style=\"font-size: 18px; font-family: arial, helvetica, sans-serif;\">10. exp\u00e9rience de vapotage MTL et RDTL<\/span><\/p>\n<p><span id=\"tl_29\" style=\"font-size: 18px; font-family: arial, helvetica, sans-serif;\">11. capacit\u00e9 de 2 ml, remplissage sup\u00e9rieur facile<\/span><\/p>\n<p><span id=\"tl_30\" style=\"font-size: 18px; font-family: arial, helvetica, sans-serif;\">12. heures suppl\u00e9mentaires \/ court-circuit \/ protection contre la faible batterie<\/span><\/p>\n<p><span id=\"tl_31\" style=\"font-size: 18px; font-family: arial, helvetica, sans-serif;\">Le paquet du kit geekvape Sonder Q vape comprend :<\/span><\/p>\n<p><span id=\"tl_32\" style=\"font-size: 18px; font-family: arial, helvetica, sans-serif;\">1 * appareil geekvape Sonder Q<\/span><\/p>\n<p><span id=\"tl_33\" style=\"font-size: 18px; font-family: arial, helvetica, sans-serif;\">1 * cartouche geekvape Sonder Q (2 ml, pr\u00e9install\u00e9e : 0,8\u03a9 12-18w)<\/span><\/p>\n<p>&nbsp;<\/p>\n<p><img decoding=\"async\" loading=\"lazy\" src=\"https:\/\/ae01.alicdn.com\/kf\/S08031a884bea4004962baa9ba060c6ba1.jpg\" \/><img decoding=\"async\" loading=\"lazy\" src=\"https:\/\/ae01.alicdn.com\/kf\/S9e6992e1992e4167b20e4658cc236648O.jpg\" \/><img decoding=\"async\" loading=\"lazy\" src=\"https:\/\/ae01.alicdn.com\/kf\/Se66af584337447e6a8590a758f2b46faf.jpg\" \/><img decoding=\"async\" loading=\"lazy\" src=\"https:\/\/ae01.alicdn.com\/kf\/Sb6aabe55b7b54305a2ab5f83e1169bc3s.jpg\" \/><img decoding=\"async\" loading=\"lazy\" src=\"https:\/\/ae01.alicdn.com\/kf\/Sf8957539cce543bcbb26a2dfa6ff00aaa.jpg\" \/><img decoding=\"async\" loading=\"lazy\" src=\"https:\/\/ae01.alicdn.com\/kf\/Se2de48972dbf462296aed6f07d1be1afN.jpg\" \/><img decoding=\"async\" loading=\"lazy\" src=\"https:\/\/ae01.alicdn.com\/kf\/S91658c00864d4499a43d85fab16bc206F.jpg\" \/><img decoding=\"async\" loading=\"lazy\" src=\"https:\/\/ae01.alicdn.com\/kf\/Sbcbaeeffd41c4320ac6835d3cc6c87558.jpg\" \/><img decoding=\"async\" loading=\"lazy\" src=\"https:\/\/ae01.alicdn.com\/kf\/S0a849a4c2402496692461fafd995c4ba2.jpg\" \/><\/p>\n<\/div>\n<\/div>","protected":false},"excerpt":{"rendered":"<p>&nbsp; \u00dcberwachung Funktion Von Rauchen Anzahl:\u00a0Nein Silikon Fall:\u00a0Nein Temperaturregelung:\u00a0Ja Eingebaute Oder Externe Batterie:\u00a0Eingebaute Kurzschlussschutz Funktion:\u00a0Ja \u00dcberhitzungsschutz-funktion:\u00a0Ja Niederspannungsalarmfunktion:\u00a0Ja Zerst\u00e4uber Identifikation Funktion:\u00a0Ja TCR Einstellung Modi:\u00a0Ja Nominale Kapazit\u00e4t:\u00a01000mAh Compatible Model:\u00a0Electronic Cigarette Box Mod Vape Modellnummer:\u00a0GeekVape Sonder Q Pod System Kit Usb-ladeger\u00e4t:\u00a0Ja Firmware-upgrade:\u00a0Nein Display:\u00a0Nein Art:\u00a0Elektrische Mod Markenname:\u00a0GEEKVAPE Ursprung:\u00a0CN (Herkunft) Original geekvape sonder q pod system kit 1000mah batterie 2ml [&hellip;]<\/p>","protected":false},"featured_media":7088,"template":"","meta":{"inline_featured_image":false},"product_cat":[752,756,739,743,79],"product_tag":[],"tiered_pricing_type":"fixed","tiered_pricing_fixed_rules":[],"tiered_pricing_percentage_rules":[],"tiered_pricing_minimum":1,"_administrator_tiered_pricing_type":"fixed","_administrator_tiered_pricing_fixed_rules":[],"_editor_tiered_pricing_type":"fixed","_editor_tiered_pricing_fixed_rules":[],"_author_tiered_pricing_type":"fixed","_author_tiered_pricing_fixed_rules":[],"_contributor_tiered_pricing_type":"fixed","_contributor_tiered_pricing_fixed_rules":[],"_subscriber_tiered_pricing_type":"fixed","_subscriber_tiered_pricing_fixed_rules":[],"_customer_tiered_pricing_type":"fixed","_customer_tiered_pricing_fixed_rules":[],"_shop_manager_tiered_pricing_type":"fixed","_shop_manager_tiered_pricing_fixed_rules":[],"_wpseo_manager_tiered_pricing_type":"fixed","_wpseo_manager_tiered_pricing_fixed_rules":[],"_wpseo_editor_tiered_pricing_type":"fixed","_wpseo_editor_tiered_pricing_fixed_rules":[],"_wholesale_customer_tiered_pricing_type":"fixed","_wholesale_customer_tiered_pricing_fixed_rules":[],"_marketer_tiered_pricing_type":"fixed","_marketer_tiered_pricing_fixed_rules":[],"_sales_manager_tiered_pricing_type":"fixed","_sales_manager_tiered_pricing_fixed_rules":[],"_sales_rep_tiered_pricing_type":"fixed","_sales_rep_tiered_pricing_fixed_rules":[],"yoast_head":"<!-- This site is optimized with the Yoast SEO plugin v23.3 - https:\/\/yoast.com\/wordpress\/plugins\/seo\/ -->\n<title>geekvape sonder q pod system kit E-Zigarette vape pen | ElementVape.de<\/title>\n<meta name=\"description\" content=\"Wir bieten geekvape sonder q pod system kit E-Zigarette vape pen , Elementvape.de akzeptieren Gro\u00df-und Einzelhandel Bestellungen.\" \/>\n<meta name=\"robots\" content=\"index, follow, max-snippet:-1, max-image-preview:large, max-video-preview:-1\" \/>\n<link rel=\"canonical\" href=\"https:\/\/www.elementvape.de\/fr\/produkt\/geekvape-sonder-q-pod-system-kit-e-zigarette-vape-pen\/\" \/>\n<meta property=\"og:locale\" content=\"fr_FR\" \/>\n<meta property=\"og:type\" content=\"article\" \/>\n<meta property=\"og:title\" content=\"geekvape sonder q pod system kit E-Zigarette vape pen | ElementVape.de\" \/>\n<meta property=\"og:description\" content=\"Wir bieten geekvape sonder q pod system kit E-Zigarette vape pen , Elementvape.de akzeptieren Gro\u00df-und Einzelhandel Bestellungen.\" \/>\n<meta property=\"og:url\" content=\"https:\/\/www.elementvape.de\/fr\/produkt\/geekvape-sonder-q-pod-system-kit-e-zigarette-vape-pen\/\" \/>\n<meta property=\"og:site_name\" content=\"ElementVape.de\" \/>\n<meta property=\"article:modified_time\" content=\"2024-09-12T10:34:04+00:00\" \/>\n<meta property=\"og:image\" content=\"https:\/\/ae01.alicdn.com\/kf\/Sf17de04f71e94315901c9fd4e4824c53Q\/Original-geekvape-sonder-q-pod-system-kit-1000mah-batterie-2ml-top-f-llung-vapor-izer-elektronische.jpg\" \/>\n\t<meta property=\"og:image:width\" content=\"800\" \/>\n\t<meta property=\"og:image:height\" content=\"800\" \/>\n\t<meta property=\"og:image:type\" content=\"image\/jpeg\" \/>\n<meta name=\"twitter:card\" content=\"summary_large_image\" \/>\n<meta name=\"twitter:label1\" content=\"Est. reading time\" \/>\n\t<meta name=\"twitter:data1\" content=\"4 minutes\" \/>\n<script type=\"application\/ld+json\" class=\"yoast-schema-graph\">{\"@context\":\"https:\/\/schema.org\",\"@graph\":[{\"@type\":\"WebPage\",\"@id\":\"https:\/\/www.elementvape.de\/produkt\/geekvape-sonder-q-pod-system-kit-e-zigarette-vape-pen\/\",\"url\":\"https:\/\/www.elementvape.de\/produkt\/geekvape-sonder-q-pod-system-kit-e-zigarette-vape-pen\/\",\"name\":\"geekvape sonder q pod system kit E-Zigarette vape pen | ElementVape.de\",\"isPartOf\":{\"@id\":\"https:\/\/www.elementvape.de\/#website\"},\"primaryImageOfPage\":{\"@id\":\"https:\/\/www.elementvape.de\/produkt\/geekvape-sonder-q-pod-system-kit-e-zigarette-vape-pen\/#primaryimage\"},\"image\":{\"@id\":\"https:\/\/www.elementvape.de\/produkt\/geekvape-sonder-q-pod-system-kit-e-zigarette-vape-pen\/#primaryimage\"},\"thumbnailUrl\":\"https:\/\/ae01.alicdn.com\/kf\/Sf17de04f71e94315901c9fd4e4824c53Q\/Original-geekvape-sonder-q-pod-system-kit-1000mah-batterie-2ml-top-f-llung-vapor-izer-elektronische.jpg\",\"datePublished\":\"2024-04-20T06:21:06+00:00\",\"dateModified\":\"2024-09-12T10:34:04+00:00\",\"description\":\"Wir bieten geekvape sonder q pod system kit E-Zigarette vape pen , Elementvape.de akzeptieren Gro\u00df-und Einzelhandel Bestellungen.\",\"breadcrumb\":{\"@id\":\"https:\/\/www.elementvape.de\/produkt\/geekvape-sonder-q-pod-system-kit-e-zigarette-vape-pen\/#breadcrumb\"},\"inLanguage\":\"fr-FR\",\"potentialAction\":[{\"@type\":\"ReadAction\",\"target\":[\"https:\/\/www.elementvape.de\/produkt\/geekvape-sonder-q-pod-system-kit-e-zigarette-vape-pen\/\"]}]},{\"@type\":\"ImageObject\",\"inLanguage\":\"fr-FR\",\"@id\":\"https:\/\/www.elementvape.de\/produkt\/geekvape-sonder-q-pod-system-kit-e-zigarette-vape-pen\/#primaryimage\",\"url\":\"https:\/\/ae01.alicdn.com\/kf\/Sf17de04f71e94315901c9fd4e4824c53Q\/Original-geekvape-sonder-q-pod-system-kit-1000mah-batterie-2ml-top-f-llung-vapor-izer-elektronische.jpg\",\"contentUrl\":\"https:\/\/ae01.alicdn.com\/kf\/Sf17de04f71e94315901c9fd4e4824c53Q\/Original-geekvape-sonder-q-pod-system-kit-1000mah-batterie-2ml-top-f-llung-vapor-izer-elektronische.jpg\",\"width\":800,\"height\":800},{\"@type\":\"BreadcrumbList\",\"@id\":\"https:\/\/www.elementvape.de\/produkt\/geekvape-sonder-q-pod-system-kit-e-zigarette-vape-pen\/#breadcrumb\",\"itemListElement\":[{\"@type\":\"ListItem\",\"position\":1,\"name\":\"Home\",\"item\":\"https:\/\/www.elementvape.de\/\"},{\"@type\":\"ListItem\",\"position\":2,\"name\":\"Shop\",\"item\":\"https:\/\/www.elementvape.de\/shop\/\"},{\"@type\":\"ListItem\",\"position\":3,\"name\":\"geekvape sonder q pod system kit E-Zigarette vape pen\"}]},{\"@type\":\"WebSite\",\"@id\":\"https:\/\/www.elementvape.de\/#website\",\"url\":\"https:\/\/www.elementvape.de\/\",\"name\":\"ElementVape.de\",\"description\":\"\",\"publisher\":{\"@id\":\"https:\/\/www.elementvape.de\/#organization\"},\"potentialAction\":[{\"@type\":\"SearchAction\",\"target\":{\"@type\":\"EntryPoint\",\"urlTemplate\":\"https:\/\/www.elementvape.de\/?s={search_term_string}\"},\"query-input\":\"required name=search_term_string\"}],\"inLanguage\":\"fr-FR\"},{\"@type\":\"Organization\",\"@id\":\"https:\/\/www.elementvape.de\/#organization\",\"name\":\"ElementVape.DE\",\"url\":\"https:\/\/www.elementvape.de\/\",\"logo\":{\"@type\":\"ImageObject\",\"inLanguage\":\"fr-FR\",\"@id\":\"https:\/\/www.elementvape.de\/#\/schema\/logo\/image\/\",\"url\":\"https:\/\/www.elementvape.de\/wp-content\/uploads\/2024\/09\/cropped-1elementvape-3.png\",\"contentUrl\":\"https:\/\/www.elementvape.de\/wp-content\/uploads\/2024\/09\/cropped-1elementvape-3.png\",\"width\":285,\"height\":228,\"caption\":\"ElementVape.DE\"},\"image\":{\"@id\":\"https:\/\/www.elementvape.de\/#\/schema\/logo\/image\/\"}}]}<\/script>\n<!-- \/ Yoast SEO plugin. -->","yoast_head_json":{"title":"geekvape sonder q pod system kit E-Zigarette vape pen | ElementVape.de","description":"Wir bieten geekvape sonder q pod system kit E-Zigarette vape pen , Elementvape.de akzeptieren Gro\u00df-und Einzelhandel Bestellungen.","robots":{"index":"index","follow":"follow","max-snippet":"max-snippet:-1","max-image-preview":"max-image-preview:large","max-video-preview":"max-video-preview:-1"},"canonical":"https:\/\/www.elementvape.de\/fr\/produkt\/geekvape-sonder-q-pod-system-kit-e-zigarette-vape-pen\/","og_locale":"fr_FR","og_type":"article","og_title":"geekvape sonder q pod system kit E-Zigarette vape pen | ElementVape.de","og_description":"Wir bieten geekvape sonder q pod system kit E-Zigarette vape pen , Elementvape.de akzeptieren Gro\u00df-und Einzelhandel Bestellungen.","og_url":"https:\/\/www.elementvape.de\/fr\/produkt\/geekvape-sonder-q-pod-system-kit-e-zigarette-vape-pen\/","og_site_name":"ElementVape.de","article_modified_time":"2024-09-12T10:34:04+00:00","og_image":[{"width":800,"height":800,"url":"https:\/\/ae01.alicdn.com\/kf\/Sf17de04f71e94315901c9fd4e4824c53Q\/Original-geekvape-sonder-q-pod-system-kit-1000mah-batterie-2ml-top-f-llung-vapor-izer-elektronische.jpg","type":"image\/jpeg"}],"twitter_card":"summary_large_image","twitter_misc":{"Est. reading time":"4 minutes"},"schema":{"@context":"https:\/\/schema.org","@graph":[{"@type":"WebPage","@id":"https:\/\/www.elementvape.de\/produkt\/geekvape-sonder-q-pod-system-kit-e-zigarette-vape-pen\/","url":"https:\/\/www.elementvape.de\/produkt\/geekvape-sonder-q-pod-system-kit-e-zigarette-vape-pen\/","name":"geekvape sonder q pod system kit E-Zigarette vape pen | ElementVape.de","isPartOf":{"@id":"https:\/\/www.elementvape.de\/#website"},"primaryImageOfPage":{"@id":"https:\/\/www.elementvape.de\/produkt\/geekvape-sonder-q-pod-system-kit-e-zigarette-vape-pen\/#primaryimage"},"image":{"@id":"https:\/\/www.elementvape.de\/produkt\/geekvape-sonder-q-pod-system-kit-e-zigarette-vape-pen\/#primaryimage"},"thumbnailUrl":"https:\/\/ae01.alicdn.com\/kf\/Sf17de04f71e94315901c9fd4e4824c53Q\/Original-geekvape-sonder-q-pod-system-kit-1000mah-batterie-2ml-top-f-llung-vapor-izer-elektronische.jpg","datePublished":"2024-04-20T06:21:06+00:00","dateModified":"2024-09-12T10:34:04+00:00","description":"Wir bieten geekvape sonder q pod system kit E-Zigarette vape pen , Elementvape.de akzeptieren Gro\u00df-und Einzelhandel Bestellungen.","breadcrumb":{"@id":"https:\/\/www.elementvape.de\/produkt\/geekvape-sonder-q-pod-system-kit-e-zigarette-vape-pen\/#breadcrumb"},"inLanguage":"fr-FR","potentialAction":[{"@type":"ReadAction","target":["https:\/\/www.elementvape.de\/produkt\/geekvape-sonder-q-pod-system-kit-e-zigarette-vape-pen\/"]}]},{"@type":"ImageObject","inLanguage":"fr-FR","@id":"https:\/\/www.elementvape.de\/produkt\/geekvape-sonder-q-pod-system-kit-e-zigarette-vape-pen\/#primaryimage","url":"https:\/\/ae01.alicdn.com\/kf\/Sf17de04f71e94315901c9fd4e4824c53Q\/Original-geekvape-sonder-q-pod-system-kit-1000mah-batterie-2ml-top-f-llung-vapor-izer-elektronische.jpg","contentUrl":"https:\/\/ae01.alicdn.com\/kf\/Sf17de04f71e94315901c9fd4e4824c53Q\/Original-geekvape-sonder-q-pod-system-kit-1000mah-batterie-2ml-top-f-llung-vapor-izer-elektronische.jpg","width":800,"height":800},{"@type":"BreadcrumbList","@id":"https:\/\/www.elementvape.de\/produkt\/geekvape-sonder-q-pod-system-kit-e-zigarette-vape-pen\/#breadcrumb","itemListElement":[{"@type":"ListItem","position":1,"name":"Home","item":"https:\/\/www.elementvape.de\/"},{"@type":"ListItem","position":2,"name":"Shop","item":"https:\/\/www.elementvape.de\/shop\/"},{"@type":"ListItem","position":3,"name":"geekvape sonder q pod system kit E-Zigarette vape pen"}]},{"@type":"WebSite","@id":"https:\/\/www.elementvape.de\/#website","url":"https:\/\/www.elementvape.de\/","name":"ElementVape.de","description":"","publisher":{"@id":"https:\/\/www.elementvape.de\/#organization"},"potentialAction":[{"@type":"SearchAction","target":{"@type":"EntryPoint","urlTemplate":"https:\/\/www.elementvape.de\/?s={search_term_string}"},"query-input":"required name=search_term_string"}],"inLanguage":"fr-FR"},{"@type":"Organization","@id":"https:\/\/www.elementvape.de\/#organization","name":"ElementVape.DE","url":"https:\/\/www.elementvape.de\/","logo":{"@type":"ImageObject","inLanguage":"fr-FR","@id":"https:\/\/www.elementvape.de\/#\/schema\/logo\/image\/","url":"https:\/\/www.elementvape.de\/wp-content\/uploads\/2024\/09\/cropped-1elementvape-3.png","contentUrl":"https:\/\/www.elementvape.de\/wp-content\/uploads\/2024\/09\/cropped-1elementvape-3.png","width":285,"height":228,"caption":"ElementVape.DE"},"image":{"@id":"https:\/\/www.elementvape.de\/#\/schema\/logo\/image\/"}}]}},"_links":{"self":[{"href":"https:\/\/www.elementvape.de\/fr\/wp-json\/wp\/v2\/product\/7087"}],"collection":[{"href":"https:\/\/www.elementvape.de\/fr\/wp-json\/wp\/v2\/product"}],"about":[{"href":"https:\/\/www.elementvape.de\/fr\/wp-json\/wp\/v2\/types\/product"}],"wp:featuredmedia":[{"embeddable":true,"href":"https:\/\/www.elementvape.de\/fr\/wp-json\/wp\/v2\/media\/7088"}],"wp:attachment":[{"href":"https:\/\/www.elementvape.de\/fr\/wp-json\/wp\/v2\/media?parent=7087"}],"wp:term":[{"taxonomy":"product_cat","embeddable":true,"href":"https:\/\/www.elementvape.de\/fr\/wp-json\/wp\/v2\/product_cat?post=7087"},{"taxonomy":"product_tag","embeddable":true,"href":"https:\/\/www.elementvape.de\/fr\/wp-json\/wp\/v2\/product_tag?post=7087"}],"curies":[{"name":"wp","href":"https:\/\/api.w.org\/{rel}","templated":true}]}}