{"id":7067,"date":"2024-04-20T06:18:58","date_gmt":"2024-04-20T06:18:58","guid":{"rendered":"https:\/\/www.elementvape.de\/?post_type=product&#038;p=7067"},"modified":"2024-12-12T06:37:15","modified_gmt":"2024-12-12T06:37:15","slug":"kingtons-black-widow-trockenen-kraut-verdampfer-blk-2200mah-batterie","status":"publish","type":"product","link":"https:\/\/www.elementvape.de\/fr\/produkt\/kingtons-black-widow-trockenen-kraut-verdampfer-blk-2200mah-batterie\/","title":{"rendered":"Kingtons Black Widow, vaporisateur d\u2019herbes s\u00e8ches, BLK, batterie 2200mAh"},"content":{"rendered":"<p>&nbsp;<\/p>\n<div class=\"product-specs-list-container\">\n<ul class=\"product-specs-list util-clearfix\">\n<li class=\"product-prop line-limit-length\"><span class=\"property-title\">Apparence :\u00a0<\/span><span class=\"property-desc line-limit-length\">Forme Bo\u00eete<\/span><\/li>\n<li class=\"product-prop line-limit-length\"><span class=\"property-title\">Batterie Compatible :\u00a0<\/span><span class=\"property-desc line-limit-length\">Non<\/span><\/li>\n<li class=\"product-prop line-limit-length\"><span class=\"property-title\">Fonction de Surveillance du Nombre de Fumeurs :\u00a0<\/span><span class=\"property-desc line-limit-length\">Non<\/span><\/li>\n<li class=\"product-prop line-limit-length\"><span class=\"property-title\">\u00c9tui en Silicone :\u00a0<\/span><span class=\"property-desc line-limit-length\">Non<\/span><\/li>\n<li class=\"product-prop line-limit-length\"><span class=\"property-title\">Contr\u00f4le de Temp\u00e9rature :\u00a0<\/span><span class=\"property-desc line-limit-length\">Ja<\/span><\/li>\n<li class=\"product-prop line-limit-length\"><span class=\"property-title\">Batterie Int\u00e9gr\u00e9e ou Externe :\u00a0<\/span><span class=\"property-desc line-limit-length\">Int\u00e9gr\u00e9<\/span><\/li>\n<li class=\"product-prop line-limit-length\"><span class=\"property-title\">Fonction de Protection contre les Courts-Circuits :\u00a0<\/span><span class=\"property-desc line-limit-length\">Ja<\/span><\/li>\n<li class=\"product-prop line-limit-length\"><span class=\"property-title\">Fonction de Protection contre la Surchauffe :\u00a0<\/span><span class=\"property-desc line-limit-length\">Ja<\/span><\/li>\n<li class=\"product-prop line-limit-length\"><span class=\"property-title\">Fonction d'alarme de basse tension :\u00a0<\/span><span class=\"property-desc line-limit-length\">Ja<\/span><\/li>\n<li class=\"product-prop line-limit-length\"><span class=\"property-title\">Fonction d'identification du vaporisateur :\u00a0<\/span><span class=\"property-desc line-limit-length\">Ja<\/span><\/li>\n<li class=\"product-prop line-limit-length\"><span class=\"property-title\">Modes de r\u00e9glage TCR :\u00a0<\/span><span class=\"property-desc line-limit-length\">Non<\/span><\/li>\n<li class=\"product-prop line-limit-length\"><span class=\"property-title\">Capacit\u00e9 nominale :\u00a0<\/span><span class=\"property-desc line-limit-length\">Non<\/span><\/li>\n<li class=\"product-prop line-limit-length\"><span class=\"property-title\">Mat\u00e9riau :\u00a0<\/span><span class=\"property-desc line-limit-length\">M\u00e9tal<\/span><\/li>\n<li class=\"product-prop line-limit-length\"><span class=\"property-title\">Mod\u00e8le compatible :\u00a0<\/span><span class=\"property-desc line-limit-length\">Vaporisateur d'herbes s\u00e8ches<\/span><\/li>\n<li class=\"product-prop line-limit-length\"><span class=\"property-title\">Num\u00e9ro de mod\u00e8le :\u00a0<\/span><span class=\"property-desc line-limit-length\">Kingtons Black Widow<\/span><\/li>\n<li class=\"product-prop line-limit-length\"><span class=\"property-title\">Chargeur USB :\u00a0<\/span><span class=\"property-desc line-limit-length\">Ja<\/span><\/li>\n<li class=\"product-prop line-limit-length\"><span class=\"property-title\">Mise \u00e0 jour du firmware :\u00a0<\/span><span class=\"property-desc line-limit-length\">Ja<\/span><\/li>\n<li class=\"product-prop line-limit-length\"><span class=\"property-title\">Affichage :\u00a0<\/span><span class=\"property-desc line-limit-length\">Ja<\/span><\/li>\n<li class=\"product-prop line-limit-length\"><span class=\"property-title\">Type :\u00a0<\/span><span class=\"property-desc line-limit-length\">Avec batterie<\/span><\/li>\n<li class=\"product-prop line-limit-length\"><span class=\"property-title\">Nom de la marque :\u00a0<\/span><span class=\"property-desc line-limit-length\">Kingtons<\/span><\/li>\n<li class=\"product-prop line-limit-length\"><span class=\"property-title\">Origine :\u00a0<\/span><span class=\"property-desc line-limit-length\">CN (Origine)<\/span><\/li>\n<\/ul>\n<\/div>\n<div class=\"detailmodule_html\">\n<div class=\"detail-desc-decorate-richtext\">\n<div class=\"detailmodule_text\">\n<p class=\"detail-desc-decorate-title\" style=\"font-family: OpenSans; font-size: 20px; font-weight: 900; line-height: 28px; margin-bottom: 12px;\">Vaporisateur d'herbes s\u00e8ches Kingtons Black Widow Original, batterie de 2200mAh, un bouton, cigarette \u00e9lectronique, stylo \u00e0 vapeur d'herbes<\/p>\n<p class=\"detail-desc-decorate-content\" style=\"font-family: OpenSans; font-size: 14px; font-weight: 300; line-height: 20px; margin-bottom: 12px;\">Le vaporisateur Black Widow pour herbes s\u00e8ches offre un \u00e9l\u00e9ment de chauffage en c\u00e9ramique puissant et \u00e9conome en \u00e9nergie avec un couvercle en aluminium anodis\u00e9 pour une vapeur \u00e9pic\u00e9e et propre. Il garantit une conduction homog\u00e8ne et continue, assurant qu'il n'y a pas de manque de vapeur d\u00e8s la toute premi\u00e8re inhalation. La buse en acier inoxydable est facile \u00e0 nettoyer et permet une d\u00e9gustation g\u00e9n\u00e9reuse avec une vapeur agr\u00e9able. Aliment\u00e9 par une batterie lithium de 2200mAh, il assure une longue dur\u00e9e de vapotage. De plus, gr\u00e2ce \u00e0 la contr\u00f4le de temp\u00e9rature ultra pr\u00e9cise, plusieurs r\u00e9glages de chaleur (5 au total), une fonction d'arr\u00eat automatique intelligente et un syst\u00e8me de contr\u00f4le \u00e0 un bouton, il vous offrira une excellente exp\u00e9rience de vapotage. Disponible en noir, argent, or.<\/p>\n<\/div>\n<div class=\"detailmodule_text\">\n<p class=\"detail-desc-decorate-title\" style=\"font-family: OpenSans; font-size: 20px; font-weight: 900; line-height: 28px; margin-bottom: 12px;\">Sp\u00e9cification :<\/p>\n<p class=\"detail-desc-decorate-content\" style=\"font-family: OpenSans; font-size: 14px; font-weight: 300; line-height: 20px; margin-bottom: 12px;\">Taille : 128*44*26mm<br \/>\nCapacit\u00e9 de la batterie : 2200mAh Lithium-<br \/>\nMat\u00e9riau du corps : aluminium anodis\u00e9 + acier inoxydable<br \/>\nChambre : chauffage en c\u00e9ramique<br \/>\nTension de fonctionnement : 3,3-4,2 V<br \/>\nEntr\u00e9e de charge : 5V, 1A<br \/>\nTemps de charge : 3-4 heures<br \/>\nTemps de veille : 5 minutes<br \/>\nPlage de temp\u00e9rature : 356F-428F<\/p>\n<\/div>\n<div class=\"detailmodule_text\">\n<p class=\"detail-desc-decorate-title\" style=\"font-family: OpenSans; font-size: 20px; font-weight: 900; line-height: 28px; margin-bottom: 12px;\">D\u00e9tails :<\/p>\n<p class=\"detail-desc-decorate-content\" style=\"font-family: OpenSans; font-size: 14px; font-weight: 300; line-height: 20px; margin-bottom: 12px;\">1. Batterie lithium de 2200mAh<br \/>\n2. Design compact avec sensation de main confortable<br \/>\n3. Syst\u00e8me de chauffage en c\u00e9ramique<br \/>\n4. Temps de mont\u00e9e en temp\u00e9rature de 30 secondes<br \/>\n5. Contr\u00f4le pr\u00e9cis de la temp\u00e9rature<br \/>\n6. Plusieurs r\u00e9glages de chauffage (5 au total)<br \/>\n7. Arr\u00eat automatique intelligent<br \/>\n8. M\u00e9moire de temp\u00e9rature intelligente<br \/>\n9. Canale de refroidissement \u00e0 vapeur unique<br \/>\n10. Embout buccal magn\u00e9tique en acier inoxydable<br \/>\n11. Syst\u00e8me de contr\u00f4le \u00e0 bouton unique<br \/>\n12. Disponible en noir, argent, or<\/p>\n<\/div>\n<div class=\"detailmodule_text\">\n<p class=\"detail-desc-decorate-title\" style=\"font-family: OpenSans; font-size: 20px; font-weight: 900; line-height: 28px; margin-bottom: 12px;\">Le paquet comprend :<\/p>\n<p class=\"detail-desc-decorate-content\" style=\"font-family: OpenSans; font-size: 14px; font-weight: 300; line-height: 20px; margin-bottom: 12px;\">1 x Vaporisateur de cannabis sec Black Widow<br \/>\n1 x Pinceau<br \/>\n1 x Pince<br \/>\n1 x Outil d'emballage<br \/>\n1 x Chambre \u00e0 cire<br \/>\n2 x \u00c9crans<br \/>\n1 x Chargeur USB<br \/>\n1 x Adaptateur A\/C<\/p>\n<\/div>\n<div class=\"detailmodule_image\"><img decoding=\"async\" loading=\"lazy\" class=\"detail-desc-decorate-image\" src=\"https:\/\/ae01.alicdn.com\/kf\/H0cf6011753a1444b88ba986abd11faeaC.png\" \/><img decoding=\"async\" loading=\"lazy\" class=\"detail-desc-decorate-image\" src=\"https:\/\/ae01.alicdn.com\/kf\/H4517c5cc572340ea8cbe40a043746b8bi.png\" \/><img decoding=\"async\" loading=\"lazy\" class=\"detail-desc-decorate-image\" src=\"https:\/\/ae01.alicdn.com\/kf\/H87ab71faed7d43cab78a3373977cd374f.png\" \/><img decoding=\"async\" loading=\"lazy\" class=\"detail-desc-decorate-image\" src=\"https:\/\/ae01.alicdn.com\/kf\/H972e8e0b90da4b47a1084396c45489cc6.png\" \/><img decoding=\"async\" loading=\"lazy\" class=\"detail-desc-decorate-image\" src=\"https:\/\/ae01.alicdn.com\/kf\/H69cc697832404b08a3fe93e89aac96f1K.png\" \/><img decoding=\"async\" loading=\"lazy\" class=\"detail-desc-decorate-image\" src=\"https:\/\/ae01.alicdn.com\/kf\/H2cfe5acf105942dc9f3215fa2d961eba9.png\" \/><img decoding=\"async\" loading=\"lazy\" class=\"detail-desc-decorate-image\" src=\"https:\/\/ae01.alicdn.com\/kf\/Hd786b7fb8abf4ef5aee148c9c5ff8fc4H.png\" \/><img decoding=\"async\" loading=\"lazy\" class=\"detail-desc-decorate-image\" src=\"https:\/\/ae01.alicdn.com\/kf\/H8265f38280bc4ffeb91de6e4f83a87a4H.png\" \/><img decoding=\"async\" loading=\"lazy\" class=\"detail-desc-decorate-image\" src=\"https:\/\/ae01.alicdn.com\/kf\/Hc5cfdc1d26324766af4a53c101be1a5ad.png\" \/><img decoding=\"async\" loading=\"lazy\" class=\"detail-desc-decorate-image\" src=\"https:\/\/ae01.alicdn.com\/kf\/H563b7977fb10477d9d0af3ff1ccfe876b.png\" \/><\/div>\n<p>&nbsp;<\/p>\n<\/div>\n<\/div>","protected":false},"excerpt":{"rendered":"<p>&nbsp; Aussehen:\u00a0Box Form Kompatibler Akku:\u00a0Kein \u00dcberwachung Funktion Von Rauchen Anzahl:\u00a0Nein Silikon Fall:\u00a0Nein Temperaturregelung:\u00a0Ja Eingebaute Oder Externe Batterie:\u00a0Eingebaute Kurzschlussschutz Funktion:\u00a0Ja \u00dcberhitzungsschutz-funktion:\u00a0Ja Niederspannungsalarmfunktion:\u00a0Ja Zerst\u00e4uber Identifikation Funktion:\u00a0Ja TCR Einstellung Modi:\u00a0Nein Nominale Kapazit\u00e4t:\u00a0Kein Material:\u00a0Metall Compatible Model:\u00a0Dry Herb Vaporizer Modellnummer:\u00a0Kingtons Black Widow Usb-ladeger\u00e4t:\u00a0Ja Firmware-upgrade:\u00a0Ja Display:\u00a0Ja Art:\u00a0Mit Batterie Markenname:\u00a0Kingtons Ursprung:\u00a0CN (Herkunft) Original Kingtons Black Widow Trockenen Kraut Verdampfer 2200mAh Batterie Eine [&hellip;]<\/p>","protected":false},"featured_media":7069,"template":"","meta":{"inline_featured_image":false},"product_cat":[752,756,739,743,76,79,81],"product_tag":[],"tiered_pricing_type":"fixed","tiered_pricing_fixed_rules":[],"tiered_pricing_percentage_rules":[],"tiered_pricing_minimum":1,"_administrator_tiered_pricing_type":"fixed","_administrator_tiered_pricing_fixed_rules":[],"_editor_tiered_pricing_type":"fixed","_editor_tiered_pricing_fixed_rules":[],"_author_tiered_pricing_type":"fixed","_author_tiered_pricing_fixed_rules":[],"_contributor_tiered_pricing_type":"fixed","_contributor_tiered_pricing_fixed_rules":[],"_subscriber_tiered_pricing_type":"fixed","_subscriber_tiered_pricing_fixed_rules":[],"_customer_tiered_pricing_type":"fixed","_customer_tiered_pricing_fixed_rules":[],"_shop_manager_tiered_pricing_type":"fixed","_shop_manager_tiered_pricing_fixed_rules":[],"_wpseo_manager_tiered_pricing_type":"fixed","_wpseo_manager_tiered_pricing_fixed_rules":[],"_wpseo_editor_tiered_pricing_type":"fixed","_wpseo_editor_tiered_pricing_fixed_rules":[],"_wholesale_customer_tiered_pricing_type":"fixed","_wholesale_customer_tiered_pricing_fixed_rules":[],"_marketer_tiered_pricing_type":"fixed","_marketer_tiered_pricing_fixed_rules":[],"_sales_manager_tiered_pricing_type":"fixed","_sales_manager_tiered_pricing_fixed_rules":[],"_sales_rep_tiered_pricing_type":"fixed","_sales_rep_tiered_pricing_fixed_rules":[],"yoast_head":"<!-- This site is optimized with the Yoast SEO plugin v23.3 - https:\/\/yoast.com\/wordpress\/plugins\/seo\/ -->\n<title>Kingtons Black Widow Trockenen Kraut Verdampfer BLK 2200mAh Batterie | ElementVape.de<\/title>\n<meta name=\"description\" content=\"Wir bieten Kingtons Black Widow Trockenen Kraut Verdampfer BLK 2200mAh Batterie , Elementvape.de akzeptieren Gro\u00df-und Einzelhandel Bestellungen.\" \/>\n<meta name=\"robots\" content=\"index, follow, max-snippet:-1, max-image-preview:large, max-video-preview:-1\" \/>\n<link rel=\"canonical\" href=\"https:\/\/www.elementvape.de\/fr\/produkt\/kingtons-black-widow-trockenen-kraut-verdampfer-blk-2200mah-batterie\/\" \/>\n<meta property=\"og:locale\" content=\"fr_FR\" \/>\n<meta property=\"og:type\" content=\"article\" \/>\n<meta property=\"og:title\" content=\"Kingtons Black Widow Trockenen Kraut Verdampfer BLK 2200mAh Batterie | ElementVape.de\" \/>\n<meta property=\"og:description\" content=\"Wir bieten Kingtons Black Widow Trockenen Kraut Verdampfer BLK 2200mAh Batterie , Elementvape.de akzeptieren Gro\u00df-und Einzelhandel Bestellungen.\" \/>\n<meta property=\"og:url\" content=\"https:\/\/www.elementvape.de\/fr\/produkt\/kingtons-black-widow-trockenen-kraut-verdampfer-blk-2200mah-batterie\/\" \/>\n<meta property=\"og:site_name\" content=\"ElementVape.de\" \/>\n<meta property=\"article:modified_time\" content=\"2024-12-12T06:37:15+00:00\" \/>\n<meta property=\"og:image\" content=\"https:\/\/ae01.alicdn.com\/kf\/He383e5a5dc5343c980b936da985eee43w\/Original-Kingtons-Black-Widow-Trockenen-Kraut-Verdampfer-BLK-2200mAh-Batterie-Eine-Taste-Elektronische-Zigarette-Kr-uter.jpg\" \/>\n\t<meta property=\"og:image:width\" content=\"800\" \/>\n\t<meta property=\"og:image:height\" content=\"800\" \/>\n\t<meta property=\"og:image:type\" content=\"image\/jpeg\" \/>\n<meta name=\"twitter:card\" content=\"summary_large_image\" \/>\n<meta name=\"twitter:label1\" content=\"Est. reading time\" \/>\n\t<meta name=\"twitter:data1\" content=\"4 minutes\" \/>\n<script type=\"application\/ld+json\" class=\"yoast-schema-graph\">{\"@context\":\"https:\/\/schema.org\",\"@graph\":[{\"@type\":\"WebPage\",\"@id\":\"https:\/\/www.elementvape.de\/produkt\/kingtons-black-widow-trockenen-kraut-verdampfer-blk-2200mah-batterie\/\",\"url\":\"https:\/\/www.elementvape.de\/produkt\/kingtons-black-widow-trockenen-kraut-verdampfer-blk-2200mah-batterie\/\",\"name\":\"Kingtons Black Widow Trockenen Kraut Verdampfer BLK 2200mAh Batterie | ElementVape.de\",\"isPartOf\":{\"@id\":\"https:\/\/www.elementvape.de\/#website\"},\"primaryImageOfPage\":{\"@id\":\"https:\/\/www.elementvape.de\/produkt\/kingtons-black-widow-trockenen-kraut-verdampfer-blk-2200mah-batterie\/#primaryimage\"},\"image\":{\"@id\":\"https:\/\/www.elementvape.de\/produkt\/kingtons-black-widow-trockenen-kraut-verdampfer-blk-2200mah-batterie\/#primaryimage\"},\"thumbnailUrl\":\"https:\/\/ae01.alicdn.com\/kf\/He383e5a5dc5343c980b936da985eee43w\/Original-Kingtons-Black-Widow-Trockenen-Kraut-Verdampfer-BLK-2200mAh-Batterie-Eine-Taste-Elektronische-Zigarette-Kr-uter.jpg\",\"datePublished\":\"2024-04-20T06:18:58+00:00\",\"dateModified\":\"2024-12-12T06:37:15+00:00\",\"description\":\"Wir bieten Kingtons Black Widow Trockenen Kraut Verdampfer BLK 2200mAh Batterie , Elementvape.de akzeptieren Gro\u00df-und Einzelhandel Bestellungen.\",\"breadcrumb\":{\"@id\":\"https:\/\/www.elementvape.de\/produkt\/kingtons-black-widow-trockenen-kraut-verdampfer-blk-2200mah-batterie\/#breadcrumb\"},\"inLanguage\":\"fr-FR\",\"potentialAction\":[{\"@type\":\"ReadAction\",\"target\":[\"https:\/\/www.elementvape.de\/produkt\/kingtons-black-widow-trockenen-kraut-verdampfer-blk-2200mah-batterie\/\"]}]},{\"@type\":\"ImageObject\",\"inLanguage\":\"fr-FR\",\"@id\":\"https:\/\/www.elementvape.de\/produkt\/kingtons-black-widow-trockenen-kraut-verdampfer-blk-2200mah-batterie\/#primaryimage\",\"url\":\"https:\/\/ae01.alicdn.com\/kf\/He383e5a5dc5343c980b936da985eee43w\/Original-Kingtons-Black-Widow-Trockenen-Kraut-Verdampfer-BLK-2200mAh-Batterie-Eine-Taste-Elektronische-Zigarette-Kr-uter.jpg\",\"contentUrl\":\"https:\/\/ae01.alicdn.com\/kf\/He383e5a5dc5343c980b936da985eee43w\/Original-Kingtons-Black-Widow-Trockenen-Kraut-Verdampfer-BLK-2200mAh-Batterie-Eine-Taste-Elektronische-Zigarette-Kr-uter.jpg\",\"width\":800,\"height\":800},{\"@type\":\"BreadcrumbList\",\"@id\":\"https:\/\/www.elementvape.de\/produkt\/kingtons-black-widow-trockenen-kraut-verdampfer-blk-2200mah-batterie\/#breadcrumb\",\"itemListElement\":[{\"@type\":\"ListItem\",\"position\":1,\"name\":\"Home\",\"item\":\"https:\/\/www.elementvape.de\/\"},{\"@type\":\"ListItem\",\"position\":2,\"name\":\"Shop\",\"item\":\"https:\/\/www.elementvape.de\/shop\/\"},{\"@type\":\"ListItem\",\"position\":3,\"name\":\"Kingtons Black Widow Trockenen Kraut Verdampfer BLK 2200mAh Batterie\"}]},{\"@type\":\"WebSite\",\"@id\":\"https:\/\/www.elementvape.de\/#website\",\"url\":\"https:\/\/www.elementvape.de\/\",\"name\":\"ElementVape.de\",\"description\":\"\",\"publisher\":{\"@id\":\"https:\/\/www.elementvape.de\/#organization\"},\"potentialAction\":[{\"@type\":\"SearchAction\",\"target\":{\"@type\":\"EntryPoint\",\"urlTemplate\":\"https:\/\/www.elementvape.de\/?s={search_term_string}\"},\"query-input\":\"required name=search_term_string\"}],\"inLanguage\":\"fr-FR\"},{\"@type\":\"Organization\",\"@id\":\"https:\/\/www.elementvape.de\/#organization\",\"name\":\"ElementVape.DE\",\"url\":\"https:\/\/www.elementvape.de\/\",\"logo\":{\"@type\":\"ImageObject\",\"inLanguage\":\"fr-FR\",\"@id\":\"https:\/\/www.elementvape.de\/#\/schema\/logo\/image\/\",\"url\":\"https:\/\/www.elementvape.de\/wp-content\/uploads\/2024\/09\/cropped-1elementvape-3.png\",\"contentUrl\":\"https:\/\/www.elementvape.de\/wp-content\/uploads\/2024\/09\/cropped-1elementvape-3.png\",\"width\":285,\"height\":228,\"caption\":\"ElementVape.DE\"},\"image\":{\"@id\":\"https:\/\/www.elementvape.de\/#\/schema\/logo\/image\/\"}}]}<\/script>\n<!-- \/ Yoast SEO plugin. -->","yoast_head_json":{"title":"Kingtons Black Widow Trockenen Kraut Verdampfer BLK 2200mAh Batterie | ElementVape.de","description":"Wir bieten Kingtons Black Widow Trockenen Kraut Verdampfer BLK 2200mAh Batterie , Elementvape.de akzeptieren Gro\u00df-und Einzelhandel Bestellungen.","robots":{"index":"index","follow":"follow","max-snippet":"max-snippet:-1","max-image-preview":"max-image-preview:large","max-video-preview":"max-video-preview:-1"},"canonical":"https:\/\/www.elementvape.de\/fr\/produkt\/kingtons-black-widow-trockenen-kraut-verdampfer-blk-2200mah-batterie\/","og_locale":"fr_FR","og_type":"article","og_title":"Kingtons Black Widow Trockenen Kraut Verdampfer BLK 2200mAh Batterie | ElementVape.de","og_description":"Wir bieten Kingtons Black Widow Trockenen Kraut Verdampfer BLK 2200mAh Batterie , Elementvape.de akzeptieren Gro\u00df-und Einzelhandel Bestellungen.","og_url":"https:\/\/www.elementvape.de\/fr\/produkt\/kingtons-black-widow-trockenen-kraut-verdampfer-blk-2200mah-batterie\/","og_site_name":"ElementVape.de","article_modified_time":"2024-12-12T06:37:15+00:00","og_image":[{"width":800,"height":800,"url":"https:\/\/ae01.alicdn.com\/kf\/He383e5a5dc5343c980b936da985eee43w\/Original-Kingtons-Black-Widow-Trockenen-Kraut-Verdampfer-BLK-2200mAh-Batterie-Eine-Taste-Elektronische-Zigarette-Kr-uter.jpg","type":"image\/jpeg"}],"twitter_card":"summary_large_image","twitter_misc":{"Est. reading time":"4 minutes"},"schema":{"@context":"https:\/\/schema.org","@graph":[{"@type":"WebPage","@id":"https:\/\/www.elementvape.de\/produkt\/kingtons-black-widow-trockenen-kraut-verdampfer-blk-2200mah-batterie\/","url":"https:\/\/www.elementvape.de\/produkt\/kingtons-black-widow-trockenen-kraut-verdampfer-blk-2200mah-batterie\/","name":"Kingtons Black Widow Trockenen Kraut Verdampfer BLK 2200mAh Batterie | ElementVape.de","isPartOf":{"@id":"https:\/\/www.elementvape.de\/#website"},"primaryImageOfPage":{"@id":"https:\/\/www.elementvape.de\/produkt\/kingtons-black-widow-trockenen-kraut-verdampfer-blk-2200mah-batterie\/#primaryimage"},"image":{"@id":"https:\/\/www.elementvape.de\/produkt\/kingtons-black-widow-trockenen-kraut-verdampfer-blk-2200mah-batterie\/#primaryimage"},"thumbnailUrl":"https:\/\/ae01.alicdn.com\/kf\/He383e5a5dc5343c980b936da985eee43w\/Original-Kingtons-Black-Widow-Trockenen-Kraut-Verdampfer-BLK-2200mAh-Batterie-Eine-Taste-Elektronische-Zigarette-Kr-uter.jpg","datePublished":"2024-04-20T06:18:58+00:00","dateModified":"2024-12-12T06:37:15+00:00","description":"Wir bieten Kingtons Black Widow Trockenen Kraut Verdampfer BLK 2200mAh Batterie , Elementvape.de akzeptieren Gro\u00df-und Einzelhandel Bestellungen.","breadcrumb":{"@id":"https:\/\/www.elementvape.de\/produkt\/kingtons-black-widow-trockenen-kraut-verdampfer-blk-2200mah-batterie\/#breadcrumb"},"inLanguage":"fr-FR","potentialAction":[{"@type":"ReadAction","target":["https:\/\/www.elementvape.de\/produkt\/kingtons-black-widow-trockenen-kraut-verdampfer-blk-2200mah-batterie\/"]}]},{"@type":"ImageObject","inLanguage":"fr-FR","@id":"https:\/\/www.elementvape.de\/produkt\/kingtons-black-widow-trockenen-kraut-verdampfer-blk-2200mah-batterie\/#primaryimage","url":"https:\/\/ae01.alicdn.com\/kf\/He383e5a5dc5343c980b936da985eee43w\/Original-Kingtons-Black-Widow-Trockenen-Kraut-Verdampfer-BLK-2200mAh-Batterie-Eine-Taste-Elektronische-Zigarette-Kr-uter.jpg","contentUrl":"https:\/\/ae01.alicdn.com\/kf\/He383e5a5dc5343c980b936da985eee43w\/Original-Kingtons-Black-Widow-Trockenen-Kraut-Verdampfer-BLK-2200mAh-Batterie-Eine-Taste-Elektronische-Zigarette-Kr-uter.jpg","width":800,"height":800},{"@type":"BreadcrumbList","@id":"https:\/\/www.elementvape.de\/produkt\/kingtons-black-widow-trockenen-kraut-verdampfer-blk-2200mah-batterie\/#breadcrumb","itemListElement":[{"@type":"ListItem","position":1,"name":"Home","item":"https:\/\/www.elementvape.de\/"},{"@type":"ListItem","position":2,"name":"Shop","item":"https:\/\/www.elementvape.de\/shop\/"},{"@type":"ListItem","position":3,"name":"Kingtons Black Widow Trockenen Kraut Verdampfer BLK 2200mAh Batterie"}]},{"@type":"WebSite","@id":"https:\/\/www.elementvape.de\/#website","url":"https:\/\/www.elementvape.de\/","name":"ElementVape.de","description":"","publisher":{"@id":"https:\/\/www.elementvape.de\/#organization"},"potentialAction":[{"@type":"SearchAction","target":{"@type":"EntryPoint","urlTemplate":"https:\/\/www.elementvape.de\/?s={search_term_string}"},"query-input":"required name=search_term_string"}],"inLanguage":"fr-FR"},{"@type":"Organization","@id":"https:\/\/www.elementvape.de\/#organization","name":"ElementVape.DE","url":"https:\/\/www.elementvape.de\/","logo":{"@type":"ImageObject","inLanguage":"fr-FR","@id":"https:\/\/www.elementvape.de\/#\/schema\/logo\/image\/","url":"https:\/\/www.elementvape.de\/wp-content\/uploads\/2024\/09\/cropped-1elementvape-3.png","contentUrl":"https:\/\/www.elementvape.de\/wp-content\/uploads\/2024\/09\/cropped-1elementvape-3.png","width":285,"height":228,"caption":"ElementVape.DE"},"image":{"@id":"https:\/\/www.elementvape.de\/#\/schema\/logo\/image\/"}}]}},"_links":{"self":[{"href":"https:\/\/www.elementvape.de\/fr\/wp-json\/wp\/v2\/product\/7067"}],"collection":[{"href":"https:\/\/www.elementvape.de\/fr\/wp-json\/wp\/v2\/product"}],"about":[{"href":"https:\/\/www.elementvape.de\/fr\/wp-json\/wp\/v2\/types\/product"}],"wp:featuredmedia":[{"embeddable":true,"href":"https:\/\/www.elementvape.de\/fr\/wp-json\/wp\/v2\/media\/7069"}],"wp:attachment":[{"href":"https:\/\/www.elementvape.de\/fr\/wp-json\/wp\/v2\/media?parent=7067"}],"wp:term":[{"taxonomy":"product_cat","embeddable":true,"href":"https:\/\/www.elementvape.de\/fr\/wp-json\/wp\/v2\/product_cat?post=7067"},{"taxonomy":"product_tag","embeddable":true,"href":"https:\/\/www.elementvape.de\/fr\/wp-json\/wp\/v2\/product_tag?post=7067"}],"curies":[{"name":"wp","href":"https:\/\/api.w.org\/{rel}","templated":true}]}}