{"id":7048,"date":"2024-04-20T06:15:12","date_gmt":"2024-04-20T06:15:12","guid":{"rendered":"https:\/\/www.elementvape.de\/?post_type=product&#038;p=7048"},"modified":"2024-12-12T06:37:18","modified_gmt":"2024-12-12T06:37:18","slug":"kingtons-blk-kuss-kit-e-zigarette-kraeuter-vape-stift","status":"publish","type":"product","link":"https:\/\/www.elementvape.de\/fr\/produkt\/kingtons-blk-kuss-kit-e-zigarette-kraeuter-vape-stift\/","title":{"rendered":"Kit Kingtons BLK Kuss, cigarette \u00e9lectronique, stylo \u00e0 herbes, vapoteur"},"content":{"rendered":"<p>&nbsp;<\/p>\n<div class=\"product-specs-list-container\">\n<ul class=\"product-specs-list util-clearfix\">\n<li class=\"product-prop line-limit-length\"><span class=\"property-title\">Apparence :\u00a0<\/span><span class=\"property-desc line-limit-length\">Forme cylindrique<\/span><\/li>\n<li class=\"product-prop line-limit-length\"><span class=\"property-title\">Batterie Compatible :\u00a0<\/span><span class=\"property-desc line-limit-length\">Non<\/span><\/li>\n<li class=\"product-prop line-limit-length\"><span class=\"property-title\">Fonction de Surveillance du Nombre de Fumeurs :\u00a0<\/span><span class=\"property-desc line-limit-length\">Non<\/span><\/li>\n<li class=\"product-prop line-limit-length\"><span class=\"property-title\">\u00c9tui en Silicone :\u00a0<\/span><span class=\"property-desc line-limit-length\">Non<\/span><\/li>\n<li class=\"product-prop line-limit-length\"><span class=\"property-title\">Contr\u00f4le de Temp\u00e9rature :\u00a0<\/span><span class=\"property-desc line-limit-length\">Ja<\/span><\/li>\n<li class=\"product-prop line-limit-length\"><span class=\"property-title\">Batterie Int\u00e9gr\u00e9e ou Externe :\u00a0<\/span><span class=\"property-desc line-limit-length\">Int\u00e9gr\u00e9<\/span><\/li>\n<li class=\"product-prop line-limit-length\"><span class=\"property-title\">Fonction de Protection contre les Courts-Circuits :\u00a0<\/span><span class=\"property-desc line-limit-length\">Ja<\/span><\/li>\n<li class=\"product-prop line-limit-length\"><span class=\"property-title\">Fonction de Protection contre la Surchauffe :\u00a0<\/span><span class=\"property-desc line-limit-length\">Ja<\/span><\/li>\n<li class=\"product-prop line-limit-length\"><span class=\"property-title\">Fonction d'alarme de basse tension :\u00a0<\/span><span class=\"property-desc line-limit-length\">Ja<\/span><\/li>\n<li class=\"product-prop line-limit-length\"><span class=\"property-title\">Fonction d'identification du vaporisateur :\u00a0<\/span><span class=\"property-desc line-limit-length\">Ja<\/span><\/li>\n<li class=\"product-prop line-limit-length\"><span class=\"property-title\">Modes de r\u00e9glage TCR :\u00a0<\/span><span class=\"property-desc line-limit-length\">Non<\/span><\/li>\n<li class=\"product-prop line-limit-length\"><span class=\"property-title\">Capacit\u00e9 nominale :\u00a0<\/span><span class=\"property-desc line-limit-length\">Non<\/span><\/li>\n<li class=\"product-prop line-limit-length\"><span class=\"property-title\">Mat\u00e9riau :\u00a0<\/span><span class=\"property-desc line-limit-length\">M\u00e9tal<\/span><\/li>\n<li class=\"product-prop line-limit-length\"><span class=\"property-title\">Mod\u00e8le compatible :\u00a0<\/span><span class=\"property-desc line-limit-length\">Vaporisateur d'herbes s\u00e8ches<\/span><\/li>\n<li class=\"product-prop line-limit-length\"><span class=\"property-title\">Num\u00e9ro de mod\u00e8le :\u00a0<\/span><span class=\"property-desc line-limit-length\">Kingtons BLK Kiss Kit<\/span><\/li>\n<li class=\"product-prop line-limit-length\"><span class=\"property-title\">Chargeur USB :\u00a0<\/span><span class=\"property-desc line-limit-length\">Ja<\/span><\/li>\n<li class=\"product-prop line-limit-length\"><span class=\"property-title\">Mise \u00e0 jour du firmware :\u00a0<\/span><span class=\"property-desc line-limit-length\">Ja<\/span><\/li>\n<li class=\"product-prop line-limit-length\"><span class=\"property-title\">Affichage :\u00a0<\/span><span class=\"property-desc line-limit-length\">Ja<\/span><\/li>\n<li class=\"product-prop line-limit-length\"><span class=\"property-title\">Type :\u00a0<\/span><span class=\"property-desc line-limit-length\">Avec batterie<\/span><\/li>\n<li class=\"product-prop line-limit-length\"><span class=\"property-title\">Nom de la marque :\u00a0<\/span><span class=\"property-desc line-limit-length\">Kingtons<\/span><\/li>\n<li class=\"product-prop line-limit-length\"><span class=\"property-title\">Origine :\u00a0<\/span><span class=\"property-desc line-limit-length\">CN (Origine)<\/span><\/li>\n<\/ul>\n<\/div>\n<div class=\"detailmodule_html\">\n<div class=\"detail-desc-decorate-richtext\">\n<div class=\"detailmodule_text\">\n<p class=\"detail-desc-decorate-title\" style=\"font-family: OpenSans; font-size: 20px; font-weight: 900; line-height: 28px; margin-bottom: 12px;\">Kit de baiser BLK Kingtons original 1600mAh Batterie 1,2 ml Four \u00e0 c\u00e9ramique OLED Cigarette \u00e9lectronique Vape aux herbes Stylo Vape Vape s\u00e8che<\/p>\n<p class=\"detail-desc-decorate-content\" style=\"font-family: OpenSans; font-size: 14px; font-weight: 300; line-height: 20px; margin-bottom: 12px;\">Le vaporisateur BLK Kuss est c\u00e9l\u00e8bre comme vaporisateur de plantes s\u00e8ches, il est compact et ergonomique. Il se compose d'un four de 1,2 ml et d'une batterie int\u00e9gr\u00e9e de 1600mAh. Avec un chemin d'air isol\u00e9 en verre pur, il offre une vape pure et dense. Et il est \u00e9quip\u00e9 d'un capuchon de buse facile \u00e0 retirer et \u00e0 nettoyer. De plus, il utilise un design \u00e0 style shutter favorisant la dissipation de la chaleur, avec un port de charge Type-C. En outre, il est dot\u00e9 d'un \u00e9cran OLED pour afficher la temp\u00e9rature, le compte \u00e0 rebours et le niveau de puissance.<\/p>\n<\/div>\n<div class=\"detailmodule_text\">\n<p class=\"detail-desc-decorate-title\" style=\"font-family: OpenSans; font-size: 20px; font-weight: 900; line-height: 28px; margin-bottom: 12px;\">Sp\u00e9cification :<\/p>\n<p class=\"detail-desc-decorate-content\" style=\"font-family: OpenSans; font-size: 14px; font-weight: 300; line-height: 20px; margin-bottom: 12px;\">Marque : Kingtons<br \/>\nNom du produit : Vaporisateur BLK Kuss<br \/>\nCorps : Plastique<br \/>\nTaille : 126x 29,2 x25mm<br \/>\nFour : 1,2 ml<br \/>\nCapacit\u00e9 de la batterie : 1600mAh<br \/>\nChauffage : C\u00e9ramique<br \/>\nR\u00e9sistance : 0,6 ohm<br \/>\nTemp\u00e9rature : 320 \u00b0F ~ 446 \u00b0F<br \/>\nCouleur : Noir<\/p>\n<\/div>\n<div class=\"detailmodule_text\">\n<p class=\"detail-desc-decorate-title\" style=\"font-family: OpenSans; font-size: 20px; font-weight: 900; line-height: 28px; margin-bottom: 12px;\">D\u00e9tails :<\/p>\n<p class=\"detail-desc-decorate-content\" style=\"font-family: OpenSans; font-size: 14px; font-weight: 300; line-height: 20px; margin-bottom: 12px;\">1. Four de 1,2 ml et batterie interne de 1600mAh<br \/>\n2. Chemin d'air isol\u00e9 en verre pur, vape pure et dense<br \/>\n3. Capuchon de buse facile \u00e0 retirer, plus facile \u00e0 nettoyer<br \/>\n4. Design \u00e0 style shutter favorisant la dissipation de la chaleur, port de charge Type-C<br \/>\n5. \u00c9cran OLED pour afficher la temp\u00e9rature, le compte \u00e0 rebours et le niveau de puissance<\/p>\n<\/div>\n<div class=\"detailmodule_text\">\n<p class=\"detail-desc-decorate-title\" style=\"font-family: OpenSans; font-size: 20px; font-weight: 900; line-height: 28px; margin-bottom: 12px;\">Le paquet comprend :<\/p>\n<p class=\"detail-desc-decorate-content\" style=\"font-family: OpenSans; font-size: 14px; font-weight: 300; line-height: 20px; margin-bottom: 12px;\">1 x Vaporisateur BLK Kuss<br \/>\n1 x Tube en verre<br \/>\n1 x Pinceau<br \/>\n1 x pince \u00e0 \u00e9piler<br \/>\n1 x emballage d'outils<br \/>\n2 x filtre de remplacement pour \u00e9cran<br \/>\n1 x Chargeur USB<br \/>\n1 x manuel d'utilisation<\/p>\n<\/div>\n<div class=\"detailmodule_image\"><img decoding=\"async\" loading=\"lazy\" class=\"detail-desc-decorate-image\" src=\"https:\/\/ae01.alicdn.com\/kf\/Hdcc5433563974ba6a2b845ee11dad5425.jpg\" \/><img decoding=\"async\" loading=\"lazy\" class=\"detail-desc-decorate-image\" src=\"https:\/\/ae01.alicdn.com\/kf\/H0a00728797574d43b06110320d5fbaf0t.jpg\" \/><img decoding=\"async\" loading=\"lazy\" class=\"detail-desc-decorate-image\" src=\"https:\/\/ae01.alicdn.com\/kf\/Hf77aac58391c4356b880bd6488315d4f1.jpg\" \/><img decoding=\"async\" loading=\"lazy\" class=\"detail-desc-decorate-image\" src=\"https:\/\/ae01.alicdn.com\/kf\/H17ccd3e56a424bae91e482242fd8eeb1s.jpg\" \/><img decoding=\"async\" loading=\"lazy\" class=\"detail-desc-decorate-image\" src=\"https:\/\/ae01.alicdn.com\/kf\/H829b3b0680034acb9c2a314eb534ad98i.jpg\" \/><img decoding=\"async\" loading=\"lazy\" class=\"detail-desc-decorate-image\" src=\"https:\/\/ae01.alicdn.com\/kf\/H3c87a07ddcb942129f8e817b89af38eeb.jpg\" \/><\/div>\n<p>&nbsp;<\/p>\n<\/div>\n<\/div>","protected":false},"excerpt":{"rendered":"<p>&nbsp; Aussehen:\u00a0Zylindrische Form Kompatibler Akku:\u00a0Kein \u00dcberwachung Funktion Von Rauchen Anzahl:\u00a0Nein Silikon Fall:\u00a0Nein Temperaturregelung:\u00a0Ja Eingebaute Oder Externe Batterie:\u00a0Eingebaute Kurzschlussschutz Funktion:\u00a0Ja \u00dcberhitzungsschutz-funktion:\u00a0Ja Niederspannungsalarmfunktion:\u00a0Ja Zerst\u00e4uber Identifikation Funktion:\u00a0Ja TCR Einstellung Modi:\u00a0Nein Nominale Kapazit\u00e4t:\u00a0Kein Material:\u00a0Metall Compatible Model:\u00a0Dry Herb Vaporizer Modellnummer:\u00a0Kingtons BLK Kiss Kit Usb-ladeger\u00e4t:\u00a0Ja Firmware-upgrade:\u00a0Ja Display:\u00a0Ja Art:\u00a0Mit Batterie Markenname:\u00a0Kingtons Ursprung:\u00a0CN (Herkunft) Original Kingtons BLK Kuss Kit 1600mAh Batterie 1,2 ml [&hellip;]<\/p>","protected":false},"featured_media":7049,"template":"","meta":{"inline_featured_image":false},"product_cat":[752,756,739,743,76,79,81],"product_tag":[],"tiered_pricing_type":"fixed","tiered_pricing_fixed_rules":[],"tiered_pricing_percentage_rules":[],"tiered_pricing_minimum":1,"_administrator_tiered_pricing_type":"fixed","_administrator_tiered_pricing_fixed_rules":[],"_editor_tiered_pricing_type":"fixed","_editor_tiered_pricing_fixed_rules":[],"_author_tiered_pricing_type":"fixed","_author_tiered_pricing_fixed_rules":[],"_contributor_tiered_pricing_type":"fixed","_contributor_tiered_pricing_fixed_rules":[],"_subscriber_tiered_pricing_type":"fixed","_subscriber_tiered_pricing_fixed_rules":[],"_customer_tiered_pricing_type":"fixed","_customer_tiered_pricing_fixed_rules":[],"_shop_manager_tiered_pricing_type":"fixed","_shop_manager_tiered_pricing_fixed_rules":[],"_wpseo_manager_tiered_pricing_type":"fixed","_wpseo_manager_tiered_pricing_fixed_rules":[],"_wpseo_editor_tiered_pricing_type":"fixed","_wpseo_editor_tiered_pricing_fixed_rules":[],"_wholesale_customer_tiered_pricing_type":"fixed","_wholesale_customer_tiered_pricing_fixed_rules":[],"_marketer_tiered_pricing_type":"fixed","_marketer_tiered_pricing_fixed_rules":[],"_sales_manager_tiered_pricing_type":"fixed","_sales_manager_tiered_pricing_fixed_rules":[],"_sales_rep_tiered_pricing_type":"fixed","_sales_rep_tiered_pricing_fixed_rules":[],"yoast_head":"<!-- This site is optimized with the Yoast SEO plugin v23.3 - https:\/\/yoast.com\/wordpress\/plugins\/seo\/ -->\n<title>Kingtons BLK Kuss Kit E-Zigarette Kr\u00e4uter Vape Stift | ElementVape.de<\/title>\n<meta name=\"description\" content=\"Wir bieten Kingtons BLK Kuss Kit E-Zigarette Kr\u00e4uter Vape Stift , Elementvape.de akzeptieren Gro\u00df-und Einzelhandel Bestellungen.\" \/>\n<meta name=\"robots\" content=\"index, follow, max-snippet:-1, max-image-preview:large, max-video-preview:-1\" \/>\n<link rel=\"canonical\" href=\"https:\/\/www.elementvape.de\/fr\/produkt\/kingtons-blk-kuss-kit-e-zigarette-kraeuter-vape-stift\/\" \/>\n<meta property=\"og:locale\" content=\"fr_FR\" \/>\n<meta property=\"og:type\" content=\"article\" \/>\n<meta property=\"og:title\" content=\"Kingtons BLK Kuss Kit E-Zigarette Kr\u00e4uter Vape Stift | ElementVape.de\" \/>\n<meta property=\"og:description\" content=\"Wir bieten Kingtons BLK Kuss Kit E-Zigarette Kr\u00e4uter Vape Stift , Elementvape.de akzeptieren Gro\u00df-und Einzelhandel Bestellungen.\" \/>\n<meta property=\"og:url\" content=\"https:\/\/www.elementvape.de\/fr\/produkt\/kingtons-blk-kuss-kit-e-zigarette-kraeuter-vape-stift\/\" \/>\n<meta property=\"og:site_name\" content=\"ElementVape.de\" \/>\n<meta property=\"article:modified_time\" content=\"2024-12-12T06:37:18+00:00\" \/>\n<meta property=\"og:image\" content=\"https:\/\/ae01.alicdn.com\/kf\/Hbb375bf3d27c40d7974f4a732f3eb15bP\/Original-Kingtons-BLK-Kuss-Kit-1600mAh-Batterie-1-2-ml-Ofen-Keramik-OLED-Elektronische-Zigarette-Kr.png\" \/>\n\t<meta property=\"og:image:width\" content=\"800\" \/>\n\t<meta property=\"og:image:height\" content=\"800\" \/>\n\t<meta property=\"og:image:type\" content=\"image\/png\" \/>\n<meta name=\"twitter:card\" content=\"summary_large_image\" \/>\n<meta name=\"twitter:label1\" content=\"Est. reading time\" \/>\n\t<meta name=\"twitter:data1\" content=\"3 minutes\" \/>\n<script type=\"application\/ld+json\" class=\"yoast-schema-graph\">{\"@context\":\"https:\/\/schema.org\",\"@graph\":[{\"@type\":\"WebPage\",\"@id\":\"https:\/\/www.elementvape.de\/sv\/produkt\/kingtons-blk-kuss-kit-e-zigarette-kraeuter-vape-stift\/\",\"url\":\"https:\/\/www.elementvape.de\/sv\/produkt\/kingtons-blk-kuss-kit-e-zigarette-kraeuter-vape-stift\/\",\"name\":\"Kingtons BLK Kuss Kit E-Zigarette Kr\u00e4uter Vape Stift | ElementVape.de\",\"isPartOf\":{\"@id\":\"https:\/\/www.elementvape.de\/#website\"},\"primaryImageOfPage\":{\"@id\":\"https:\/\/www.elementvape.de\/sv\/produkt\/kingtons-blk-kuss-kit-e-zigarette-kraeuter-vape-stift\/#primaryimage\"},\"image\":{\"@id\":\"https:\/\/www.elementvape.de\/sv\/produkt\/kingtons-blk-kuss-kit-e-zigarette-kraeuter-vape-stift\/#primaryimage\"},\"thumbnailUrl\":\"https:\/\/ae01.alicdn.com\/kf\/Hbb375bf3d27c40d7974f4a732f3eb15bP\/Original-Kingtons-BLK-Kuss-Kit-1600mAh-Batterie-1-2-ml-Ofen-Keramik-OLED-Elektronische-Zigarette-Kr.png\",\"datePublished\":\"2024-04-20T06:15:12+00:00\",\"dateModified\":\"2024-12-12T06:37:18+00:00\",\"description\":\"Wir bieten Kingtons BLK Kuss Kit E-Zigarette Kr\u00e4uter Vape Stift , Elementvape.de akzeptieren Gro\u00df-und Einzelhandel Bestellungen.\",\"breadcrumb\":{\"@id\":\"https:\/\/www.elementvape.de\/sv\/produkt\/kingtons-blk-kuss-kit-e-zigarette-kraeuter-vape-stift\/#breadcrumb\"},\"inLanguage\":\"fr-FR\",\"potentialAction\":[{\"@type\":\"ReadAction\",\"target\":[\"https:\/\/www.elementvape.de\/sv\/produkt\/kingtons-blk-kuss-kit-e-zigarette-kraeuter-vape-stift\/\"]}]},{\"@type\":\"ImageObject\",\"inLanguage\":\"fr-FR\",\"@id\":\"https:\/\/www.elementvape.de\/sv\/produkt\/kingtons-blk-kuss-kit-e-zigarette-kraeuter-vape-stift\/#primaryimage\",\"url\":\"https:\/\/ae01.alicdn.com\/kf\/Hbb375bf3d27c40d7974f4a732f3eb15bP\/Original-Kingtons-BLK-Kuss-Kit-1600mAh-Batterie-1-2-ml-Ofen-Keramik-OLED-Elektronische-Zigarette-Kr.png\",\"contentUrl\":\"https:\/\/ae01.alicdn.com\/kf\/Hbb375bf3d27c40d7974f4a732f3eb15bP\/Original-Kingtons-BLK-Kuss-Kit-1600mAh-Batterie-1-2-ml-Ofen-Keramik-OLED-Elektronische-Zigarette-Kr.png\",\"width\":800,\"height\":800},{\"@type\":\"BreadcrumbList\",\"@id\":\"https:\/\/www.elementvape.de\/sv\/produkt\/kingtons-blk-kuss-kit-e-zigarette-kraeuter-vape-stift\/#breadcrumb\",\"itemListElement\":[{\"@type\":\"ListItem\",\"position\":1,\"name\":\"Home\",\"item\":\"https:\/\/www.elementvape.de\/\"},{\"@type\":\"ListItem\",\"position\":2,\"name\":\"Shop\",\"item\":\"https:\/\/www.elementvape.de\/shop\/\"},{\"@type\":\"ListItem\",\"position\":3,\"name\":\"Kingtons BLK Kuss Kit E-Zigarette Kr\u00e4uter Vape Stift\"}]},{\"@type\":\"WebSite\",\"@id\":\"https:\/\/www.elementvape.de\/#website\",\"url\":\"https:\/\/www.elementvape.de\/\",\"name\":\"ElementVape.de\",\"description\":\"\",\"publisher\":{\"@id\":\"https:\/\/www.elementvape.de\/#organization\"},\"potentialAction\":[{\"@type\":\"SearchAction\",\"target\":{\"@type\":\"EntryPoint\",\"urlTemplate\":\"https:\/\/www.elementvape.de\/?s={search_term_string}\"},\"query-input\":\"required name=search_term_string\"}],\"inLanguage\":\"fr-FR\"},{\"@type\":\"Organization\",\"@id\":\"https:\/\/www.elementvape.de\/#organization\",\"name\":\"ElementVape.DE\",\"url\":\"https:\/\/www.elementvape.de\/\",\"logo\":{\"@type\":\"ImageObject\",\"inLanguage\":\"fr-FR\",\"@id\":\"https:\/\/www.elementvape.de\/#\/schema\/logo\/image\/\",\"url\":\"https:\/\/www.elementvape.de\/wp-content\/uploads\/2024\/09\/cropped-1elementvape-3.png\",\"contentUrl\":\"https:\/\/www.elementvape.de\/wp-content\/uploads\/2024\/09\/cropped-1elementvape-3.png\",\"width\":285,\"height\":228,\"caption\":\"ElementVape.DE\"},\"image\":{\"@id\":\"https:\/\/www.elementvape.de\/#\/schema\/logo\/image\/\"}}]}<\/script>\n<!-- \/ Yoast SEO plugin. -->","yoast_head_json":{"title":"Kingtons BLK Kuss Kit E-Zigarette Kr\u00e4uter Vape Stift | ElementVape.de","description":"Wir bieten Kingtons BLK Kuss Kit E-Zigarette Kr\u00e4uter Vape Stift , Elementvape.de akzeptieren Gro\u00df-und Einzelhandel Bestellungen.","robots":{"index":"index","follow":"follow","max-snippet":"max-snippet:-1","max-image-preview":"max-image-preview:large","max-video-preview":"max-video-preview:-1"},"canonical":"https:\/\/www.elementvape.de\/fr\/produkt\/kingtons-blk-kuss-kit-e-zigarette-kraeuter-vape-stift\/","og_locale":"fr_FR","og_type":"article","og_title":"Kingtons BLK Kuss Kit E-Zigarette Kr\u00e4uter Vape Stift | ElementVape.de","og_description":"Wir bieten Kingtons BLK Kuss Kit E-Zigarette Kr\u00e4uter Vape Stift , Elementvape.de akzeptieren Gro\u00df-und Einzelhandel Bestellungen.","og_url":"https:\/\/www.elementvape.de\/fr\/produkt\/kingtons-blk-kuss-kit-e-zigarette-kraeuter-vape-stift\/","og_site_name":"ElementVape.de","article_modified_time":"2024-12-12T06:37:18+00:00","og_image":[{"width":800,"height":800,"url":"https:\/\/ae01.alicdn.com\/kf\/Hbb375bf3d27c40d7974f4a732f3eb15bP\/Original-Kingtons-BLK-Kuss-Kit-1600mAh-Batterie-1-2-ml-Ofen-Keramik-OLED-Elektronische-Zigarette-Kr.png","type":"image\/png"}],"twitter_card":"summary_large_image","twitter_misc":{"Est. reading time":"3 minutes"},"schema":{"@context":"https:\/\/schema.org","@graph":[{"@type":"WebPage","@id":"https:\/\/www.elementvape.de\/sv\/produkt\/kingtons-blk-kuss-kit-e-zigarette-kraeuter-vape-stift\/","url":"https:\/\/www.elementvape.de\/sv\/produkt\/kingtons-blk-kuss-kit-e-zigarette-kraeuter-vape-stift\/","name":"Kingtons BLK Kuss Kit E-Zigarette Kr\u00e4uter Vape Stift | ElementVape.de","isPartOf":{"@id":"https:\/\/www.elementvape.de\/#website"},"primaryImageOfPage":{"@id":"https:\/\/www.elementvape.de\/sv\/produkt\/kingtons-blk-kuss-kit-e-zigarette-kraeuter-vape-stift\/#primaryimage"},"image":{"@id":"https:\/\/www.elementvape.de\/sv\/produkt\/kingtons-blk-kuss-kit-e-zigarette-kraeuter-vape-stift\/#primaryimage"},"thumbnailUrl":"https:\/\/ae01.alicdn.com\/kf\/Hbb375bf3d27c40d7974f4a732f3eb15bP\/Original-Kingtons-BLK-Kuss-Kit-1600mAh-Batterie-1-2-ml-Ofen-Keramik-OLED-Elektronische-Zigarette-Kr.png","datePublished":"2024-04-20T06:15:12+00:00","dateModified":"2024-12-12T06:37:18+00:00","description":"Wir bieten Kingtons BLK Kuss Kit E-Zigarette Kr\u00e4uter Vape Stift , Elementvape.de akzeptieren Gro\u00df-und Einzelhandel Bestellungen.","breadcrumb":{"@id":"https:\/\/www.elementvape.de\/sv\/produkt\/kingtons-blk-kuss-kit-e-zigarette-kraeuter-vape-stift\/#breadcrumb"},"inLanguage":"fr-FR","potentialAction":[{"@type":"ReadAction","target":["https:\/\/www.elementvape.de\/sv\/produkt\/kingtons-blk-kuss-kit-e-zigarette-kraeuter-vape-stift\/"]}]},{"@type":"ImageObject","inLanguage":"fr-FR","@id":"https:\/\/www.elementvape.de\/sv\/produkt\/kingtons-blk-kuss-kit-e-zigarette-kraeuter-vape-stift\/#primaryimage","url":"https:\/\/ae01.alicdn.com\/kf\/Hbb375bf3d27c40d7974f4a732f3eb15bP\/Original-Kingtons-BLK-Kuss-Kit-1600mAh-Batterie-1-2-ml-Ofen-Keramik-OLED-Elektronische-Zigarette-Kr.png","contentUrl":"https:\/\/ae01.alicdn.com\/kf\/Hbb375bf3d27c40d7974f4a732f3eb15bP\/Original-Kingtons-BLK-Kuss-Kit-1600mAh-Batterie-1-2-ml-Ofen-Keramik-OLED-Elektronische-Zigarette-Kr.png","width":800,"height":800},{"@type":"BreadcrumbList","@id":"https:\/\/www.elementvape.de\/sv\/produkt\/kingtons-blk-kuss-kit-e-zigarette-kraeuter-vape-stift\/#breadcrumb","itemListElement":[{"@type":"ListItem","position":1,"name":"Home","item":"https:\/\/www.elementvape.de\/"},{"@type":"ListItem","position":2,"name":"Shop","item":"https:\/\/www.elementvape.de\/shop\/"},{"@type":"ListItem","position":3,"name":"Kingtons BLK Kuss Kit E-Zigarette Kr\u00e4uter Vape Stift"}]},{"@type":"WebSite","@id":"https:\/\/www.elementvape.de\/#website","url":"https:\/\/www.elementvape.de\/","name":"ElementVape.de","description":"","publisher":{"@id":"https:\/\/www.elementvape.de\/#organization"},"potentialAction":[{"@type":"SearchAction","target":{"@type":"EntryPoint","urlTemplate":"https:\/\/www.elementvape.de\/?s={search_term_string}"},"query-input":"required name=search_term_string"}],"inLanguage":"fr-FR"},{"@type":"Organization","@id":"https:\/\/www.elementvape.de\/#organization","name":"ElementVape.DE","url":"https:\/\/www.elementvape.de\/","logo":{"@type":"ImageObject","inLanguage":"fr-FR","@id":"https:\/\/www.elementvape.de\/#\/schema\/logo\/image\/","url":"https:\/\/www.elementvape.de\/wp-content\/uploads\/2024\/09\/cropped-1elementvape-3.png","contentUrl":"https:\/\/www.elementvape.de\/wp-content\/uploads\/2024\/09\/cropped-1elementvape-3.png","width":285,"height":228,"caption":"ElementVape.DE"},"image":{"@id":"https:\/\/www.elementvape.de\/#\/schema\/logo\/image\/"}}]}},"_links":{"self":[{"href":"https:\/\/www.elementvape.de\/fr\/wp-json\/wp\/v2\/product\/7048"}],"collection":[{"href":"https:\/\/www.elementvape.de\/fr\/wp-json\/wp\/v2\/product"}],"about":[{"href":"https:\/\/www.elementvape.de\/fr\/wp-json\/wp\/v2\/types\/product"}],"wp:featuredmedia":[{"embeddable":true,"href":"https:\/\/www.elementvape.de\/fr\/wp-json\/wp\/v2\/media\/7049"}],"wp:attachment":[{"href":"https:\/\/www.elementvape.de\/fr\/wp-json\/wp\/v2\/media?parent=7048"}],"wp:term":[{"taxonomy":"product_cat","embeddable":true,"href":"https:\/\/www.elementvape.de\/fr\/wp-json\/wp\/v2\/product_cat?post=7048"},{"taxonomy":"product_tag","embeddable":true,"href":"https:\/\/www.elementvape.de\/fr\/wp-json\/wp\/v2\/product_tag?post=7048"}],"curies":[{"name":"wp","href":"https:\/\/api.w.org\/{rel}","templated":true}]}}