{"id":6957,"date":"2024-04-20T05:51:14","date_gmt":"2024-04-20T05:51:14","guid":{"rendered":"https:\/\/www.elementvape.de\/?post_type=product&#038;p=6957"},"modified":"2024-12-12T06:37:24","modified_gmt":"2024-12-12T06:37:24","slug":"diamanten-x-kryo-live-harz-limited-edition-vape-pen","status":"publish","type":"product","link":"https:\/\/www.elementvape.de\/fr\/produkt\/diamanten-x-kryo-live-harz-limited-edition-vape-pen\/","title":{"rendered":"Diamants x Kryo Live R\u00e9sine \u00c9dition Limit\u00e9e, stylo de vapotage"},"content":{"rendered":"<h2>Diamants x Kryo Live R\u00e9sine \u00c9dition Limit\u00e9e, stylo de vapotage<\/h2>\n<div class=\"product-specs-list-container\">\n<ul class=\"product-specs-list util-clearfix\">\n<li class=\"product-prop line-limit-length\"><span class=\"property-title\">Apparence :\u00a0<\/span><span class=\"property-desc line-limit-length\">Forme Bo\u00eete<\/span><\/li>\n<li class=\"product-prop line-limit-length\"><span class=\"property-title\">Batterie Compatible :\u00a0<\/span><span class=\"property-desc line-limit-length\">18350<\/span><\/li>\n<li class=\"product-prop line-limit-length\"><span class=\"property-title\">Fonction de Surveillance du Nombre de Fumeurs :\u00a0<\/span><span class=\"property-desc line-limit-length\">Non<\/span><\/li>\n<li class=\"product-prop line-limit-length\"><span class=\"property-title\">\u00c9tui en Silicone :\u00a0<\/span><span class=\"property-desc line-limit-length\">Non<\/span><\/li>\n<li class=\"product-prop line-limit-length\"><span class=\"property-title\">Contr\u00f4le de Temp\u00e9rature :\u00a0<\/span><span class=\"property-desc line-limit-length\">Non<\/span><\/li>\n<li class=\"product-prop line-limit-length\"><span class=\"property-title\">Batterie Int\u00e9gr\u00e9e ou Externe :\u00a0<\/span><span class=\"property-desc line-limit-length\">Int\u00e9gr\u00e9<\/span><\/li>\n<li class=\"product-prop line-limit-length\"><span class=\"property-title\">Fonction de Protection contre les Courts-Circuits :\u00a0<\/span><span class=\"property-desc line-limit-length\">Ja<\/span><\/li>\n<li class=\"product-prop line-limit-length\"><span class=\"property-title\">Fonction de Protection contre la Surchauffe :\u00a0<\/span><span class=\"property-desc line-limit-length\">Ja<\/span><\/li>\n<li class=\"product-prop line-limit-length\"><span class=\"property-title\">Fonction d'alarme de basse tension :\u00a0<\/span><span class=\"property-desc line-limit-length\">Ja<\/span><\/li>\n<li class=\"product-prop line-limit-length\"><span class=\"property-title\">Fonction d'identification du vaporisateur :\u00a0<\/span><span class=\"property-desc line-limit-length\">Non<\/span><\/li>\n<li class=\"product-prop line-limit-length\"><span class=\"property-title\">Modes de r\u00e9glage TCR :\u00a0<\/span><span class=\"property-desc line-limit-length\">Non<\/span><\/li>\n<li class=\"product-prop line-limit-length\"><span class=\"property-title\">Capacit\u00e9 nominale :\u00a0<\/span><span class=\"property-desc line-limit-length\">&lt;700 mAh<\/span><\/li>\n<li class=\"product-prop line-limit-length\"><span class=\"property-title\">Mat\u00e9riau :\u00a0<\/span><span class=\"property-desc line-limit-length\">Plastique<\/span><\/li>\n<li class=\"product-prop line-limit-length\"><span class=\"property-title\">Mod\u00e8le compatible :\u00a0<\/span><span class=\"property-desc line-limit-length\">Huile \u00e9paisse<\/span><\/li>\n<li class=\"product-prop line-limit-length\"><span class=\"property-title\">Num\u00e9ro de mod\u00e8le :\u00a0<\/span><span class=\"property-desc line-limit-length\">Vapeur \u00c9dition Limit\u00e9e de Diamants Liquides de G\u00e2teau X R\u00e9sine Vive Cryo<\/span><\/li>\n<li class=\"product-prop line-limit-length\"><span class=\"property-title\">Chargeur USB :\u00a0<\/span><span class=\"property-desc line-limit-length\">Ja<\/span><\/li>\n<li class=\"product-prop line-limit-length\"><span class=\"property-title\">Mise \u00e0 jour du firmware :\u00a0<\/span><span class=\"property-desc line-limit-length\">Ja<\/span><\/li>\n<li class=\"product-prop line-limit-length\"><span class=\"property-title\">Affichage :\u00a0<\/span><span class=\"property-desc line-limit-length\">Non<\/span><\/li>\n<li class=\"product-prop line-limit-length\"><span class=\"property-title\">Type :\u00a0<\/span><span class=\"property-desc line-limit-length\">jetable<\/span><\/li>\n<li class=\"product-prop line-limit-length\"><span class=\"property-title\">Nom de la marque :\u00a0<\/span><span class=\"property-desc line-limit-length\">SOUS-DEUX<\/span><\/li>\n<li class=\"product-prop line-limit-length\"><span class=\"property-title\">Origine :\u00a0<\/span><span class=\"property-desc line-limit-length\">CN (Origine)<\/span><\/li>\n<li class=\"product-prop line-limit-length\"><span class=\"property-title\">Capacit\u00e9 de la cartouche :\u00a0<\/span><span class=\"property-desc line-limit-length\">2,0 ml<\/span><\/li>\n<li class=\"product-prop line-limit-length\"><span class=\"property-title\">capacit\u00e9 de la batterie :\u00a0<\/span><span class=\"property-desc line-limit-length\">350 mAh<\/span><\/li>\n<li class=\"product-prop line-limit-length\"><span class=\"property-title\">Utilisation :\u00a0<\/span><span class=\"property-desc line-limit-length\">huile \u00e9paisse<\/span><\/li>\n<li class=\"product-prop line-limit-length\"><span class=\"property-title\">couleur :\u00a0<\/span><span class=\"property-desc line-limit-length\">blanc<\/span><\/li>\n<li class=\"product-prop line-limit-length\"><span class=\"property-title\">Bobine :\u00a0<\/span><span class=\"property-desc line-limit-length\">Bobine en c\u00e9ramique<\/span><\/li>\n<li class=\"product-prop line-limit-length\"><span class=\"property-title\">Trou d'huile :\u00a0<\/span><span class=\"property-desc line-limit-length\">1,4 mm<\/span><\/li>\n<li class=\"product-prop line-limit-length\"><span class=\"property-title\">mode de charge :\u00a0<\/span><span class=\"property-desc line-limit-length\">Type C<\/span><\/li>\n<\/ul>\n<\/div>\n<div class=\"detailmodule_html\">\n<div class=\"detail-desc-decorate-richtext\">\n<div>\n<div style=\"text-align: center;\" align=\"center\"><span id=\"tl_1\" style=\"font-size: 22px;\">Diamants liquides x Kryo R\u00e9sine \u00c9dition Limit\u00e9e Vape Pen vide, compatible avec diff\u00e9rentes capsules rechargeables de 2,0 ml et batterie de 350 mAh<\/span><\/div>\n<div>\n<p><span style=\"font-size: 22px;\"><span style=\"font-size: 16px;\"><strong id=\"tl_2\">Informations sur le produit<br \/>\nBobine : Bobine en c\u00e9ramique<br \/>\nCapacit\u00e9 du Pod : 2 ml<br \/>\nCapacit\u00e9 de la batterie : 350mAh<br \/>\nMode de chargement : Chargeur de type C<br \/>\nCouleurs : 10 saveurs disponibles. Nous envoyons au hasard<\/strong><\/span><\/span><\/p>\n<p><img decoding=\"async\" loading=\"lazy\" src=\"https:\/\/ae01.alicdn.com\/kf\/Sd90bbf7264994cfda6ff1a67d23596b9y.jpg?width=800&amp;height=800&amp;hash=1600\" \/><br \/>\n<img decoding=\"async\" loading=\"lazy\" src=\"https:\/\/ae01.alicdn.com\/kf\/Sa1389ec73c4a4848a82e0cf7d5beac232.jpg?width=800&amp;height=800&amp;hash=1600\" \/><br \/>\n<img decoding=\"async\" loading=\"lazy\" src=\"https:\/\/ae01.alicdn.com\/kf\/Sb9ee67167327479c9ccbd4b598e5adc5m.jpg?width=800&amp;height=800&amp;hash=1600\" \/><br \/>\n<img decoding=\"async\" loading=\"lazy\" src=\"https:\/\/ae01.alicdn.com\/kf\/Se22bab08706a49ba8ea49c26b52acf16V.jpg?width=800&amp;height=800&amp;hash=1600\" \/><br \/>\n<img decoding=\"async\" loading=\"lazy\" src=\"https:\/\/ae01.alicdn.com\/kf\/Sb6d1987c9e2d486fa4e0beec8d553f52h.jpg?width=800&amp;height=800&amp;hash=1600\" \/><br \/>\n<img decoding=\"async\" loading=\"lazy\" src=\"https:\/\/ae01.alicdn.com\/kf\/Sa0b5f3fb4507446ba4172dec83074d37v.jpg?width=800&amp;height=800&amp;hash=1600\" \/><br \/>\n<img decoding=\"async\" loading=\"lazy\" src=\"https:\/\/ae01.alicdn.com\/kf\/S98fef565f3ba4b2684b91dd4b79e31fag.jpg?width=800&amp;height=800&amp;hash=1600\" \/><\/p>\n<p><img decoding=\"async\" loading=\"lazy\" src=\"https:\/\/ae01.alicdn.com\/kf\/S7b3867e66be1408c9ccd6c75bb882f2ev.jpg?width=800&amp;height=800&amp;hash=1600\" \/><\/p>\n<\/div>\n<\/div>\n<p>&nbsp;<\/p>\n<\/div>\n<\/div>","protected":false},"excerpt":{"rendered":"<p>Diamanten x Kryo Live Harz Limited Edition Vape Pen Aussehen:\u00a0Box Form Kompatibler Akku:\u00a018350 \u00dcberwachung Funktion Von Rauchen Anzahl:\u00a0Nein Silikon Fall:\u00a0Nein Temperaturregelung:\u00a0Nein Eingebaute Oder Externe Batterie:\u00a0Eingebaute Kurzschlussschutz Funktion:\u00a0Ja \u00dcberhitzungsschutz-funktion:\u00a0Ja Niederspannungsalarmfunktion:\u00a0Ja Zerst\u00e4uber Identifikation Funktion:\u00a0Nein TCR Einstellung Modi:\u00a0Nein Nominale Kapazit\u00e4t:\u00a0&lt;700 mAh Material:\u00a0Plastik Compatible Model:\u00a0Thick Oil Modellnummer:\u00a0Cake Liquid Diamonds X Cryo Live Resin Limited Edition Vape Usb-ladeger\u00e4t:\u00a0Ja Firmware-upgrade:\u00a0Ja Display:\u00a0Nein [&hellip;]<\/p>","protected":false},"featured_media":6958,"template":"","meta":{"inline_featured_image":false},"product_cat":[752,756,739,743,76,79,81],"product_tag":[],"tiered_pricing_type":"fixed","tiered_pricing_fixed_rules":[],"tiered_pricing_percentage_rules":[],"tiered_pricing_minimum":1,"_administrator_tiered_pricing_type":"fixed","_administrator_tiered_pricing_fixed_rules":[],"_editor_tiered_pricing_type":"fixed","_editor_tiered_pricing_fixed_rules":[],"_author_tiered_pricing_type":"fixed","_author_tiered_pricing_fixed_rules":[],"_contributor_tiered_pricing_type":"fixed","_contributor_tiered_pricing_fixed_rules":[],"_subscriber_tiered_pricing_type":"fixed","_subscriber_tiered_pricing_fixed_rules":[],"_customer_tiered_pricing_type":"fixed","_customer_tiered_pricing_fixed_rules":[],"_shop_manager_tiered_pricing_type":"fixed","_shop_manager_tiered_pricing_fixed_rules":[],"_wpseo_manager_tiered_pricing_type":"fixed","_wpseo_manager_tiered_pricing_fixed_rules":[],"_wpseo_editor_tiered_pricing_type":"fixed","_wpseo_editor_tiered_pricing_fixed_rules":[],"_wholesale_customer_tiered_pricing_type":"fixed","_wholesale_customer_tiered_pricing_fixed_rules":[],"_marketer_tiered_pricing_type":"fixed","_marketer_tiered_pricing_fixed_rules":[],"_sales_manager_tiered_pricing_type":"fixed","_sales_manager_tiered_pricing_fixed_rules":[],"_sales_rep_tiered_pricing_type":"fixed","_sales_rep_tiered_pricing_fixed_rules":[],"yoast_head":"<!-- This site is optimized with the Yoast SEO plugin v23.3 - https:\/\/yoast.com\/wordpress\/plugins\/seo\/ -->\n<title>Diamanten x Kryo Live Harz Limited Edition Vape Pen | ElementVape.de<\/title>\n<meta name=\"description\" content=\"Wir bieten Diamanten x Kryo Live Harz Limited Edition Vape Pen , Elementvape.de akzeptieren Gro\u00df-und Einzelhandel Bestellungen.\" \/>\n<meta name=\"robots\" content=\"index, follow, max-snippet:-1, max-image-preview:large, max-video-preview:-1\" \/>\n<link rel=\"canonical\" href=\"https:\/\/www.elementvape.de\/fr\/produkt\/diamanten-x-kryo-live-harz-limited-edition-vape-pen\/\" \/>\n<meta property=\"og:locale\" content=\"fr_FR\" \/>\n<meta property=\"og:type\" content=\"article\" \/>\n<meta property=\"og:title\" content=\"Diamanten x Kryo Live Harz Limited Edition Vape Pen | ElementVape.de\" \/>\n<meta property=\"og:description\" content=\"Wir bieten Diamanten x Kryo Live Harz Limited Edition Vape Pen , Elementvape.de akzeptieren Gro\u00df-und Einzelhandel Bestellungen.\" \/>\n<meta property=\"og:url\" content=\"https:\/\/www.elementvape.de\/fr\/produkt\/diamanten-x-kryo-live-harz-limited-edition-vape-pen\/\" \/>\n<meta property=\"og:site_name\" content=\"ElementVape.de\" \/>\n<meta property=\"article:modified_time\" content=\"2024-12-12T06:37:24+00:00\" \/>\n<meta property=\"og:image\" content=\"https:\/\/ae01.alicdn.com\/kf\/Sb4c298caeaf449ea902d7d52a1ae40c1x\/Kuchen-fl-ssige-Diamanten-x-Kryo-Live-Harz-Limited-Edition-leere-Vape-Pen-sie-trifft-verschiedene.jpg\" \/>\n\t<meta property=\"og:image:width\" content=\"800\" \/>\n\t<meta property=\"og:image:height\" content=\"800\" \/>\n\t<meta property=\"og:image:type\" content=\"image\/jpeg\" \/>\n<meta name=\"twitter:card\" content=\"summary_large_image\" \/>\n<meta name=\"twitter:label1\" content=\"Est. reading time\" \/>\n\t<meta name=\"twitter:data1\" content=\"3 minutes\" \/>\n<script type=\"application\/ld+json\" class=\"yoast-schema-graph\">{\"@context\":\"https:\/\/schema.org\",\"@graph\":[{\"@type\":\"WebPage\",\"@id\":\"https:\/\/www.elementvape.de\/produkt\/diamanten-x-kryo-live-harz-limited-edition-vape-pen\/\",\"url\":\"https:\/\/www.elementvape.de\/produkt\/diamanten-x-kryo-live-harz-limited-edition-vape-pen\/\",\"name\":\"Diamanten x Kryo Live Harz Limited Edition Vape Pen | ElementVape.de\",\"isPartOf\":{\"@id\":\"https:\/\/www.elementvape.de\/#website\"},\"primaryImageOfPage\":{\"@id\":\"https:\/\/www.elementvape.de\/produkt\/diamanten-x-kryo-live-harz-limited-edition-vape-pen\/#primaryimage\"},\"image\":{\"@id\":\"https:\/\/www.elementvape.de\/produkt\/diamanten-x-kryo-live-harz-limited-edition-vape-pen\/#primaryimage\"},\"thumbnailUrl\":\"https:\/\/ae01.alicdn.com\/kf\/Sb4c298caeaf449ea902d7d52a1ae40c1x\/Kuchen-fl-ssige-Diamanten-x-Kryo-Live-Harz-Limited-Edition-leere-Vape-Pen-sie-trifft-verschiedene.jpg\",\"datePublished\":\"2024-04-20T05:51:14+00:00\",\"dateModified\":\"2024-12-12T06:37:24+00:00\",\"description\":\"Wir bieten Diamanten x Kryo Live Harz Limited Edition Vape Pen , Elementvape.de akzeptieren Gro\u00df-und Einzelhandel Bestellungen.\",\"breadcrumb\":{\"@id\":\"https:\/\/www.elementvape.de\/produkt\/diamanten-x-kryo-live-harz-limited-edition-vape-pen\/#breadcrumb\"},\"inLanguage\":\"fr-FR\",\"potentialAction\":[{\"@type\":\"ReadAction\",\"target\":[\"https:\/\/www.elementvape.de\/produkt\/diamanten-x-kryo-live-harz-limited-edition-vape-pen\/\"]}]},{\"@type\":\"ImageObject\",\"inLanguage\":\"fr-FR\",\"@id\":\"https:\/\/www.elementvape.de\/produkt\/diamanten-x-kryo-live-harz-limited-edition-vape-pen\/#primaryimage\",\"url\":\"https:\/\/ae01.alicdn.com\/kf\/Sb4c298caeaf449ea902d7d52a1ae40c1x\/Kuchen-fl-ssige-Diamanten-x-Kryo-Live-Harz-Limited-Edition-leere-Vape-Pen-sie-trifft-verschiedene.jpg\",\"contentUrl\":\"https:\/\/ae01.alicdn.com\/kf\/Sb4c298caeaf449ea902d7d52a1ae40c1x\/Kuchen-fl-ssige-Diamanten-x-Kryo-Live-Harz-Limited-Edition-leere-Vape-Pen-sie-trifft-verschiedene.jpg\",\"width\":800,\"height\":800},{\"@type\":\"BreadcrumbList\",\"@id\":\"https:\/\/www.elementvape.de\/produkt\/diamanten-x-kryo-live-harz-limited-edition-vape-pen\/#breadcrumb\",\"itemListElement\":[{\"@type\":\"ListItem\",\"position\":1,\"name\":\"Home\",\"item\":\"https:\/\/www.elementvape.de\/\"},{\"@type\":\"ListItem\",\"position\":2,\"name\":\"Shop\",\"item\":\"https:\/\/www.elementvape.de\/shop\/\"},{\"@type\":\"ListItem\",\"position\":3,\"name\":\"Diamanten x Kryo Live Harz Limited Edition Vape Pen\"}]},{\"@type\":\"WebSite\",\"@id\":\"https:\/\/www.elementvape.de\/#website\",\"url\":\"https:\/\/www.elementvape.de\/\",\"name\":\"ElementVape.de\",\"description\":\"\",\"publisher\":{\"@id\":\"https:\/\/www.elementvape.de\/#organization\"},\"potentialAction\":[{\"@type\":\"SearchAction\",\"target\":{\"@type\":\"EntryPoint\",\"urlTemplate\":\"https:\/\/www.elementvape.de\/?s={search_term_string}\"},\"query-input\":\"required name=search_term_string\"}],\"inLanguage\":\"fr-FR\"},{\"@type\":\"Organization\",\"@id\":\"https:\/\/www.elementvape.de\/#organization\",\"name\":\"ElementVape.DE\",\"url\":\"https:\/\/www.elementvape.de\/\",\"logo\":{\"@type\":\"ImageObject\",\"inLanguage\":\"fr-FR\",\"@id\":\"https:\/\/www.elementvape.de\/#\/schema\/logo\/image\/\",\"url\":\"https:\/\/www.elementvape.de\/wp-content\/uploads\/2024\/09\/cropped-1elementvape-3.png\",\"contentUrl\":\"https:\/\/www.elementvape.de\/wp-content\/uploads\/2024\/09\/cropped-1elementvape-3.png\",\"width\":285,\"height\":228,\"caption\":\"ElementVape.DE\"},\"image\":{\"@id\":\"https:\/\/www.elementvape.de\/#\/schema\/logo\/image\/\"}}]}<\/script>\n<!-- \/ Yoast SEO plugin. -->","yoast_head_json":{"title":"Diamanten x Kryo Live Harz Limited Edition Vape Pen | ElementVape.de","description":"Wir bieten Diamanten x Kryo Live Harz Limited Edition Vape Pen , Elementvape.de akzeptieren Gro\u00df-und Einzelhandel Bestellungen.","robots":{"index":"index","follow":"follow","max-snippet":"max-snippet:-1","max-image-preview":"max-image-preview:large","max-video-preview":"max-video-preview:-1"},"canonical":"https:\/\/www.elementvape.de\/fr\/produkt\/diamanten-x-kryo-live-harz-limited-edition-vape-pen\/","og_locale":"fr_FR","og_type":"article","og_title":"Diamanten x Kryo Live Harz Limited Edition Vape Pen | ElementVape.de","og_description":"Wir bieten Diamanten x Kryo Live Harz Limited Edition Vape Pen , Elementvape.de akzeptieren Gro\u00df-und Einzelhandel Bestellungen.","og_url":"https:\/\/www.elementvape.de\/fr\/produkt\/diamanten-x-kryo-live-harz-limited-edition-vape-pen\/","og_site_name":"ElementVape.de","article_modified_time":"2024-12-12T06:37:24+00:00","og_image":[{"width":800,"height":800,"url":"https:\/\/ae01.alicdn.com\/kf\/Sb4c298caeaf449ea902d7d52a1ae40c1x\/Kuchen-fl-ssige-Diamanten-x-Kryo-Live-Harz-Limited-Edition-leere-Vape-Pen-sie-trifft-verschiedene.jpg","type":"image\/jpeg"}],"twitter_card":"summary_large_image","twitter_misc":{"Est. reading time":"3 minutes"},"schema":{"@context":"https:\/\/schema.org","@graph":[{"@type":"WebPage","@id":"https:\/\/www.elementvape.de\/produkt\/diamanten-x-kryo-live-harz-limited-edition-vape-pen\/","url":"https:\/\/www.elementvape.de\/produkt\/diamanten-x-kryo-live-harz-limited-edition-vape-pen\/","name":"Diamanten x Kryo Live Harz Limited Edition Vape Pen | ElementVape.de","isPartOf":{"@id":"https:\/\/www.elementvape.de\/#website"},"primaryImageOfPage":{"@id":"https:\/\/www.elementvape.de\/produkt\/diamanten-x-kryo-live-harz-limited-edition-vape-pen\/#primaryimage"},"image":{"@id":"https:\/\/www.elementvape.de\/produkt\/diamanten-x-kryo-live-harz-limited-edition-vape-pen\/#primaryimage"},"thumbnailUrl":"https:\/\/ae01.alicdn.com\/kf\/Sb4c298caeaf449ea902d7d52a1ae40c1x\/Kuchen-fl-ssige-Diamanten-x-Kryo-Live-Harz-Limited-Edition-leere-Vape-Pen-sie-trifft-verschiedene.jpg","datePublished":"2024-04-20T05:51:14+00:00","dateModified":"2024-12-12T06:37:24+00:00","description":"Wir bieten Diamanten x Kryo Live Harz Limited Edition Vape Pen , Elementvape.de akzeptieren Gro\u00df-und Einzelhandel Bestellungen.","breadcrumb":{"@id":"https:\/\/www.elementvape.de\/produkt\/diamanten-x-kryo-live-harz-limited-edition-vape-pen\/#breadcrumb"},"inLanguage":"fr-FR","potentialAction":[{"@type":"ReadAction","target":["https:\/\/www.elementvape.de\/produkt\/diamanten-x-kryo-live-harz-limited-edition-vape-pen\/"]}]},{"@type":"ImageObject","inLanguage":"fr-FR","@id":"https:\/\/www.elementvape.de\/produkt\/diamanten-x-kryo-live-harz-limited-edition-vape-pen\/#primaryimage","url":"https:\/\/ae01.alicdn.com\/kf\/Sb4c298caeaf449ea902d7d52a1ae40c1x\/Kuchen-fl-ssige-Diamanten-x-Kryo-Live-Harz-Limited-Edition-leere-Vape-Pen-sie-trifft-verschiedene.jpg","contentUrl":"https:\/\/ae01.alicdn.com\/kf\/Sb4c298caeaf449ea902d7d52a1ae40c1x\/Kuchen-fl-ssige-Diamanten-x-Kryo-Live-Harz-Limited-Edition-leere-Vape-Pen-sie-trifft-verschiedene.jpg","width":800,"height":800},{"@type":"BreadcrumbList","@id":"https:\/\/www.elementvape.de\/produkt\/diamanten-x-kryo-live-harz-limited-edition-vape-pen\/#breadcrumb","itemListElement":[{"@type":"ListItem","position":1,"name":"Home","item":"https:\/\/www.elementvape.de\/"},{"@type":"ListItem","position":2,"name":"Shop","item":"https:\/\/www.elementvape.de\/shop\/"},{"@type":"ListItem","position":3,"name":"Diamanten x Kryo Live Harz Limited Edition Vape Pen"}]},{"@type":"WebSite","@id":"https:\/\/www.elementvape.de\/#website","url":"https:\/\/www.elementvape.de\/","name":"ElementVape.de","description":"","publisher":{"@id":"https:\/\/www.elementvape.de\/#organization"},"potentialAction":[{"@type":"SearchAction","target":{"@type":"EntryPoint","urlTemplate":"https:\/\/www.elementvape.de\/?s={search_term_string}"},"query-input":"required name=search_term_string"}],"inLanguage":"fr-FR"},{"@type":"Organization","@id":"https:\/\/www.elementvape.de\/#organization","name":"ElementVape.DE","url":"https:\/\/www.elementvape.de\/","logo":{"@type":"ImageObject","inLanguage":"fr-FR","@id":"https:\/\/www.elementvape.de\/#\/schema\/logo\/image\/","url":"https:\/\/www.elementvape.de\/wp-content\/uploads\/2024\/09\/cropped-1elementvape-3.png","contentUrl":"https:\/\/www.elementvape.de\/wp-content\/uploads\/2024\/09\/cropped-1elementvape-3.png","width":285,"height":228,"caption":"ElementVape.DE"},"image":{"@id":"https:\/\/www.elementvape.de\/#\/schema\/logo\/image\/"}}]}},"_links":{"self":[{"href":"https:\/\/www.elementvape.de\/fr\/wp-json\/wp\/v2\/product\/6957"}],"collection":[{"href":"https:\/\/www.elementvape.de\/fr\/wp-json\/wp\/v2\/product"}],"about":[{"href":"https:\/\/www.elementvape.de\/fr\/wp-json\/wp\/v2\/types\/product"}],"wp:featuredmedia":[{"embeddable":true,"href":"https:\/\/www.elementvape.de\/fr\/wp-json\/wp\/v2\/media\/6958"}],"wp:attachment":[{"href":"https:\/\/www.elementvape.de\/fr\/wp-json\/wp\/v2\/media?parent=6957"}],"wp:term":[{"taxonomy":"product_cat","embeddable":true,"href":"https:\/\/www.elementvape.de\/fr\/wp-json\/wp\/v2\/product_cat?post=6957"},{"taxonomy":"product_tag","embeddable":true,"href":"https:\/\/www.elementvape.de\/fr\/wp-json\/wp\/v2\/product_tag?post=6957"}],"curies":[{"name":"wp","href":"https:\/\/api.w.org\/{rel}","templated":true}]}}