{"id":6883,"date":"2024-04-20T05:40:22","date_gmt":"2024-04-20T05:40:22","guid":{"rendered":"https:\/\/www.elementvape.de\/?post_type=product&#038;p=6883"},"modified":"2024-12-12T06:37:29","modified_gmt":"2024-12-12T06:37:29","slug":"vapor-esso-barr-kit-elektronische-zigarette-typ-c-vape-pen","status":"publish","type":"product","link":"https:\/\/www.elementvape.de\/fr\/produkt\/vapor-esso-barr-kit-elektronische-zigarette-typ-c-vape-pen\/","title":{"rendered":"Vapor esso Barr Kit cigarette \u00e9lectronique Type C Vape Pen"},"content":{"rendered":"<p>&nbsp;<\/p>\n<div class=\"product-specs-list-container\">\n<ul class=\"product-specs-list util-clearfix\">\n<li class=\"product-prop line-limit-length\"><span class=\"property-title\">Apparence :\u00a0<\/span><span class=\"property-desc line-limit-length\">Forme Bo\u00eete<\/span><\/li>\n<li class=\"product-prop line-limit-length\"><span class=\"property-title\">Fonction de Surveillance du Nombre de Fumeurs :\u00a0<\/span><span class=\"property-desc line-limit-length\">Non<\/span><\/li>\n<li class=\"product-prop line-limit-length\"><span class=\"property-title\">\u00c9tui en Silicone :\u00a0<\/span><span class=\"property-desc line-limit-length\">Non<\/span><\/li>\n<li class=\"product-prop line-limit-length\"><span class=\"property-title\">Contr\u00f4le de Temp\u00e9rature :\u00a0<\/span><span class=\"property-desc line-limit-length\">Non<\/span><\/li>\n<li class=\"product-prop line-limit-length\"><span class=\"property-title\">Batterie Int\u00e9gr\u00e9e ou Externe :\u00a0<\/span><span class=\"property-desc line-limit-length\">Int\u00e9gr\u00e9<\/span><\/li>\n<li class=\"product-prop line-limit-length\"><span class=\"property-title\">Fonction de Protection contre les Courts-Circuits :\u00a0<\/span><span class=\"property-desc line-limit-length\">Ja<\/span><\/li>\n<li class=\"product-prop line-limit-length\"><span class=\"property-title\">Fonction de Protection contre la Surchauffe :\u00a0<\/span><span class=\"property-desc line-limit-length\">Ja<\/span><\/li>\n<li class=\"product-prop line-limit-length\"><span class=\"property-title\">Fonction d'alarme de basse tension :\u00a0<\/span><span class=\"property-desc line-limit-length\">Non<\/span><\/li>\n<li class=\"product-prop line-limit-length\"><span class=\"property-title\">Fonction d'identification du vaporisateur :\u00a0<\/span><span class=\"property-desc line-limit-length\">Ja<\/span><\/li>\n<li class=\"product-prop line-limit-length\"><span class=\"property-title\">Modes de r\u00e9glage TCR :\u00a0<\/span><span class=\"property-desc line-limit-length\">Ja<\/span><\/li>\n<li class=\"product-prop line-limit-length\"><span class=\"property-title\">Mod\u00e8le compatible :\u00a0<\/span><span class=\"property-desc line-limit-length\">Cigarette \u00e9lectronique Vape<\/span><\/li>\n<li class=\"product-prop line-limit-length\"><span class=\"property-title\">Num\u00e9ro de mod\u00e8le :\u00a0<\/span><span class=\"property-desc line-limit-length\">Kit Vaporesso BARR<\/span><\/li>\n<li class=\"product-prop line-limit-length\"><span class=\"property-title\">Chargeur USB :\u00a0<\/span><span class=\"property-desc line-limit-length\">Ja<\/span><\/li>\n<li class=\"product-prop line-limit-length\"><span class=\"property-title\">Mise \u00e0 jour du firmware :\u00a0<\/span><span class=\"property-desc line-limit-length\">Non<\/span><\/li>\n<li class=\"product-prop line-limit-length\"><span class=\"property-title\">Affichage :\u00a0<\/span><span class=\"property-desc line-limit-length\">Non<\/span><\/li>\n<li class=\"product-prop line-limit-length\"><span class=\"property-title\">Type :\u00a0<\/span><span class=\"property-desc line-limit-length\">Mod \u00c9lectronique<\/span><\/li>\n<li class=\"product-prop line-limit-length\"><span class=\"property-title\">Nom de la marque :\u00a0<\/span><span class=\"property-desc line-limit-length\">vaporesso<\/span><\/li>\n<li class=\"product-prop line-limit-length\"><span class=\"property-title\">Origine :\u00a0<\/span><span class=\"property-desc line-limit-length\">CN (Origine)<\/span><\/li>\n<\/ul>\n<\/div>\n<div class=\"detailmodule_html\">\n<div class=\"detail-desc-decorate-richtext\">\n<div class=\"detailmodule_dynamic\"><\/div>\n<div class=\"detail-desc-decorate-richtext\"><\/div>\n<div><span style=\"font-size: 22px;\"><span id=\"tl_1\" style=\"font-family: arial, helvetica, sans-serif;\">Kit Barr Vapor Esso Original 350mAh Batterie int\u00e9gr\u00e9e 1,2 ml Cartouche 1,2 Ohm Mesh Coil cigarette \u00e9lectronique Type C Vape Kit<\/span><\/span><\/div>\n<p><span id=\"tl_2\" style=\"font-size: 18px; font-family: arial, helvetica, sans-serif;\">Description :<\/span><\/p>\n<p><span id=\"tl_3\" style=\"font-size: 18px; font-family: arial, helvetica, sans-serif;\">Le kit Barr combine un design moderne et un pod Mesh bien con\u00e7u dans son corps \u00e9l\u00e9gant, surprenez avec la vue et le go\u00fbt. Avec une capacit\u00e9 de 1,2 ml, il supporte une bobine Mesh de 1,2 Ohm pour un go\u00fbt pur. De plus, vous pouvez d\u00e9finir votre style de vape personnel avec un flux d'air parfait en tournant la surface du pod. De plus, aliment\u00e9 par une batterie int\u00e9gr\u00e9e de 350mAh, il peut atteindre une puissance maximale de 13W. Et pour garantir votre s\u00e9curit\u00e9, il utilise une charge rapide Type-C de 5V\/0,5A. Peut-\u00eatre le plus pratique du kit Barr Pod.<\/span><\/p>\n<p>&nbsp;<\/p>\n<p>&nbsp;<\/p>\n<p><span id=\"tl_4\" style=\"font-size: 18px; font-family: arial, helvetica, sans-serif;\">Param\u00e8tres :<\/span><\/p>\n<p><span id=\"tl_5\" style=\"font-size: 18px; font-family: arial, helvetica, sans-serif;\">Marque : vapor Esso<\/span><\/p>\n<p><span id=\"tl_6\" style=\"font-size: 18px; font-family: arial, helvetica, sans-serif;\">Nom du produit : kit Barr Pod<\/span><\/p>\n<p><span id=\"tl_7\" style=\"font-size: 18px; font-family: arial, helvetica, sans-serif;\">Dimensions : 110x13x13mm<\/span><\/p>\n<p><span id=\"tl_8\" style=\"font-size: 18px; font-family: arial, helvetica, sans-serif;\">Capacit\u00e9 de la cartouche : 1,2 ml<\/span><\/p>\n<p><span id=\"tl_9\" style=\"font-size: 18px; font-family: arial, helvetica, sans-serif;\">R\u00e9sistance de la cartouche : Pod Mesh 1,2\u03a9<\/span><\/p>\n<p><span id=\"tl_10\" style=\"font-size: 18px; font-family: arial, helvetica, sans-serif;\">Capacit\u00e9 de la batterie : 350mAh<\/span><\/p>\n<p><span id=\"tl_11\" style=\"font-size: 18px; font-family: arial, helvetica, sans-serif;\">Puissance de sortie de la batterie : 13W<\/span><\/p>\n<p><span id=\"tl_12\" style=\"font-size: 18px; font-family: arial, helvetica, sans-serif;\">Courant de charge : Type C, 5V\/0,5A<\/span><\/p>\n<p><span id=\"tl_13\" style=\"font-size: 18px; font-family: arial, helvetica, sans-serif;\">Flux d'air : r\u00e9glable<\/span><\/p>\n<p><span id=\"tl_14\" style=\"font-size: 18px; font-family: arial, helvetica, sans-serif;\">Couleur : noir, rouge, rose, argent, bleu, vert, chili rouge, gris mat, vert menthe, marine<\/span><\/p>\n<p>&nbsp;<\/p>\n<p>&nbsp;<\/p>\n<p><span id=\"tl_15\" style=\"font-size: 18px; font-family: arial, helvetica, sans-serif;\">D\u00e9tails :<\/span><\/p>\n<p><span id=\"tl_16\" style=\"font-size: 18px; font-family: arial, helvetica, sans-serif;\">1. Capacit\u00e9 de e-liquide : 1,2 ml<\/span><\/p>\n<p><span id=\"tl_17\" style=\"font-size: 18px; font-family: arial, helvetica, sans-serif;\">2. Batterie int\u00e9gr\u00e9e de 350mAh et puissance maximale de sortie de 13W<\/span><\/p>\n<p><span id=\"tl_18\" style=\"font-size: 18px; font-family: arial, helvetica, sans-serif;\">3. Prend en charge la recharge USB-C 5V\/0,5A<\/span><\/p>\n<p><span id=\"tl_19\" style=\"font-size: 18px; font-family: arial, helvetica, sans-serif;\">4. Tourne la surface du pod pour un flux d'air parfait<\/span><\/p>\n<p><span id=\"tl_20\" style=\"font-size: 18px; font-family: arial, helvetica, sans-serif;\">Introduction au kit Pod Vapor esso Barr<\/span><\/p>\n<p>&nbsp;<\/p>\n<p>&nbsp;<\/p>\n<p><span id=\"tl_21\" style=\"font-size: 18px; font-family: arial, helvetica, sans-serif;\">Le paquet du kit de d\u00e9marrage vapor esso barr comprend :<\/span><\/p>\n<p><span id=\"tl_22\" style=\"font-size: 18px; font-family: arial, helvetica, sans-serif;\">1 x appareil vapor esso barr<\/span><\/p>\n<p><span id=\"tl_23\" style=\"font-size: 18px; font-family: arial, helvetica, sans-serif;\">2 x pods vapor esso barr 1.2\u03a9 (1,2 ml)<\/span><\/p>\n<p><span id=\"tl_24\" style=\"font-size: 18px; font-family: arial, helvetica, sans-serif;\">1 x c\u00e2ble USB-C<\/span><\/p>\n<p><span id=\"tl_25\" style=\"font-size: 18px; font-family: arial, helvetica, sans-serif;\">1 x manuel d'utilisation<\/span><\/p>\n<p><span id=\"tl_26\" style=\"font-size: 18px; font-family: arial, helvetica, sans-serif;\">1 x carte de garantie<\/span><\/p>\n<p><span id=\"tl_27\" style=\"font-size: 18px; font-family: arial, helvetica, sans-serif;\">1 x carte de rappel<\/span><\/p>\n<p>&nbsp;<\/p>\n<p><img decoding=\"async\" loading=\"lazy\" src=\"https:\/\/ae01.alicdn.com\/kf\/H7b11ced43056460f8da8231b39f3528do.jpg\" \/><img decoding=\"async\" loading=\"lazy\" src=\"https:\/\/ae01.alicdn.com\/kf\/He775e834b96141a8bb52b0197a46ffd7o.jpg\" \/><img decoding=\"async\" loading=\"lazy\" src=\"https:\/\/ae01.alicdn.com\/kf\/H69061fa247054eac893252ad234fb292M.jpg\" \/><img decoding=\"async\" loading=\"lazy\" src=\"https:\/\/ae01.alicdn.com\/kf\/H176e176e906d476b9096e32c0105e2d2G.jpg\" \/><img decoding=\"async\" loading=\"lazy\" src=\"https:\/\/ae01.alicdn.com\/kf\/H87136c87bd2b46a4813c26fa494041d60.jpg\" \/><img decoding=\"async\" loading=\"lazy\" src=\"https:\/\/ae01.alicdn.com\/kf\/H61f72561e8d14ff6893f43addcb75212m.jpg\" \/><img decoding=\"async\" loading=\"lazy\" src=\"https:\/\/ae01.alicdn.com\/kf\/H408f04461dc04b2dadead18bad62df4eR.jpg\" \/><img decoding=\"async\" loading=\"lazy\" src=\"https:\/\/ae01.alicdn.com\/kf\/H1aa8694e70534b7a945cdc9383524e001.jpg\" \/><\/p>\n<\/div>\n<\/div>","protected":false},"excerpt":{"rendered":"<p>&nbsp; Aussehen:\u00a0Box Form \u00dcberwachung Funktion Von Rauchen Anzahl:\u00a0Nein Silikon Fall:\u00a0Nein Temperaturregelung:\u00a0Nein Eingebaute Oder Externe Batterie:\u00a0Eingebaute Kurzschlussschutz Funktion:\u00a0Ja \u00dcberhitzungsschutz-funktion:\u00a0Ja Niederspannungsalarmfunktion:\u00a0Nein Zerst\u00e4uber Identifikation Funktion:\u00a0Ja TCR Einstellung Modi:\u00a0Ja Compatible Model:\u00a0Electronic Cigarette Vape Modellnummer:\u00a0Vaporesso BARR Kit Usb-ladeger\u00e4t:\u00a0Ja Firmware-upgrade:\u00a0Nein Display:\u00a0Nein Art:\u00a0Elektrische Mod Markenname:\u00a0vaporesso Ursprung:\u00a0CN (Herkunft) Original Vapor esso Barr Kit 350mAh eingebaute Batterie 1,2 ml Patrone 1,2 Ohm Mesh Coil [&hellip;]<\/p>","protected":false},"featured_media":6885,"template":"","meta":{"inline_featured_image":false},"product_cat":[752,756,739,743,76,79,81],"product_tag":[],"tiered_pricing_type":"fixed","tiered_pricing_fixed_rules":[],"tiered_pricing_percentage_rules":[],"tiered_pricing_minimum":1,"_administrator_tiered_pricing_type":"fixed","_administrator_tiered_pricing_fixed_rules":[],"_editor_tiered_pricing_type":"fixed","_editor_tiered_pricing_fixed_rules":[],"_author_tiered_pricing_type":"fixed","_author_tiered_pricing_fixed_rules":[],"_contributor_tiered_pricing_type":"fixed","_contributor_tiered_pricing_fixed_rules":[],"_subscriber_tiered_pricing_type":"fixed","_subscriber_tiered_pricing_fixed_rules":[],"_customer_tiered_pricing_type":"fixed","_customer_tiered_pricing_fixed_rules":[],"_shop_manager_tiered_pricing_type":"fixed","_shop_manager_tiered_pricing_fixed_rules":[],"_wpseo_manager_tiered_pricing_type":"fixed","_wpseo_manager_tiered_pricing_fixed_rules":[],"_wpseo_editor_tiered_pricing_type":"fixed","_wpseo_editor_tiered_pricing_fixed_rules":[],"_wholesale_customer_tiered_pricing_type":"fixed","_wholesale_customer_tiered_pricing_fixed_rules":[],"_marketer_tiered_pricing_type":"fixed","_marketer_tiered_pricing_fixed_rules":[],"_sales_manager_tiered_pricing_type":"fixed","_sales_manager_tiered_pricing_fixed_rules":[],"_sales_rep_tiered_pricing_type":"fixed","_sales_rep_tiered_pricing_fixed_rules":[],"yoast_head":"<!-- This site is optimized with the Yoast SEO plugin v23.3 - https:\/\/yoast.com\/wordpress\/plugins\/seo\/ -->\n<title>Vapor esso Barr Kit elektronische Zigarette Typ C Vape Pen | ElementVape.de<\/title>\n<meta name=\"description\" content=\"Wir bieten Vapor esso Barr Kit elektronische Zigarette Typ C Vape Pen , Elementvape.de akzeptieren Gro\u00df-und Einzelhandel Bestellungen.\" \/>\n<meta name=\"robots\" content=\"index, follow, max-snippet:-1, max-image-preview:large, max-video-preview:-1\" \/>\n<link rel=\"canonical\" href=\"https:\/\/www.elementvape.de\/fr\/produkt\/vapor-esso-barr-kit-elektronische-zigarette-typ-c-vape-pen\/\" \/>\n<meta property=\"og:locale\" content=\"fr_FR\" \/>\n<meta property=\"og:type\" content=\"article\" \/>\n<meta property=\"og:title\" content=\"Vapor esso Barr Kit elektronische Zigarette Typ C Vape Pen | ElementVape.de\" \/>\n<meta property=\"og:description\" content=\"Wir bieten Vapor esso Barr Kit elektronische Zigarette Typ C Vape Pen , Elementvape.de akzeptieren Gro\u00df-und Einzelhandel Bestellungen.\" \/>\n<meta property=\"og:url\" content=\"https:\/\/www.elementvape.de\/fr\/produkt\/vapor-esso-barr-kit-elektronische-zigarette-typ-c-vape-pen\/\" \/>\n<meta property=\"og:site_name\" content=\"ElementVape.de\" \/>\n<meta property=\"article:modified_time\" content=\"2024-12-12T06:37:29+00:00\" \/>\n<meta property=\"og:image\" content=\"https:\/\/ae01.alicdn.com\/kf\/Hed4a5b8af34748d9b4221cf7a9d2395bD\/Original-Vapor-esso-Barr-Kit-350mAh-Batterie-1-2-ml-Cartridge-Pod-1-2-Ohm-Mesh.jpg\" \/>\n\t<meta property=\"og:image:width\" content=\"800\" \/>\n\t<meta property=\"og:image:height\" content=\"800\" \/>\n\t<meta property=\"og:image:type\" content=\"image\/jpeg\" \/>\n<meta name=\"twitter:card\" content=\"summary_large_image\" \/>\n<meta name=\"twitter:label1\" content=\"Est. reading time\" \/>\n\t<meta name=\"twitter:data1\" content=\"4 minutes\" \/>\n<script type=\"application\/ld+json\" class=\"yoast-schema-graph\">{\"@context\":\"https:\/\/schema.org\",\"@graph\":[{\"@type\":\"WebPage\",\"@id\":\"https:\/\/www.elementvape.de\/produkt\/vapor-esso-barr-kit-elektronische-zigarette-typ-c-vape-pen\/\",\"url\":\"https:\/\/www.elementvape.de\/produkt\/vapor-esso-barr-kit-elektronische-zigarette-typ-c-vape-pen\/\",\"name\":\"Vapor esso Barr Kit elektronische Zigarette Typ C Vape Pen | ElementVape.de\",\"isPartOf\":{\"@id\":\"https:\/\/www.elementvape.de\/#website\"},\"primaryImageOfPage\":{\"@id\":\"https:\/\/www.elementvape.de\/produkt\/vapor-esso-barr-kit-elektronische-zigarette-typ-c-vape-pen\/#primaryimage\"},\"image\":{\"@id\":\"https:\/\/www.elementvape.de\/produkt\/vapor-esso-barr-kit-elektronische-zigarette-typ-c-vape-pen\/#primaryimage\"},\"thumbnailUrl\":\"https:\/\/ae01.alicdn.com\/kf\/Hed4a5b8af34748d9b4221cf7a9d2395bD\/Original-Vapor-esso-Barr-Kit-350mAh-Batterie-1-2-ml-Cartridge-Pod-1-2-Ohm-Mesh.jpg\",\"datePublished\":\"2024-04-20T05:40:22+00:00\",\"dateModified\":\"2024-12-12T06:37:29+00:00\",\"description\":\"Wir bieten Vapor esso Barr Kit elektronische Zigarette Typ C Vape Pen , Elementvape.de akzeptieren Gro\u00df-und Einzelhandel Bestellungen.\",\"breadcrumb\":{\"@id\":\"https:\/\/www.elementvape.de\/produkt\/vapor-esso-barr-kit-elektronische-zigarette-typ-c-vape-pen\/#breadcrumb\"},\"inLanguage\":\"fr-FR\",\"potentialAction\":[{\"@type\":\"ReadAction\",\"target\":[\"https:\/\/www.elementvape.de\/produkt\/vapor-esso-barr-kit-elektronische-zigarette-typ-c-vape-pen\/\"]}]},{\"@type\":\"ImageObject\",\"inLanguage\":\"fr-FR\",\"@id\":\"https:\/\/www.elementvape.de\/produkt\/vapor-esso-barr-kit-elektronische-zigarette-typ-c-vape-pen\/#primaryimage\",\"url\":\"https:\/\/ae01.alicdn.com\/kf\/Hed4a5b8af34748d9b4221cf7a9d2395bD\/Original-Vapor-esso-Barr-Kit-350mAh-Batterie-1-2-ml-Cartridge-Pod-1-2-Ohm-Mesh.jpg\",\"contentUrl\":\"https:\/\/ae01.alicdn.com\/kf\/Hed4a5b8af34748d9b4221cf7a9d2395bD\/Original-Vapor-esso-Barr-Kit-350mAh-Batterie-1-2-ml-Cartridge-Pod-1-2-Ohm-Mesh.jpg\",\"width\":800,\"height\":800},{\"@type\":\"BreadcrumbList\",\"@id\":\"https:\/\/www.elementvape.de\/produkt\/vapor-esso-barr-kit-elektronische-zigarette-typ-c-vape-pen\/#breadcrumb\",\"itemListElement\":[{\"@type\":\"ListItem\",\"position\":1,\"name\":\"Home\",\"item\":\"https:\/\/www.elementvape.de\/\"},{\"@type\":\"ListItem\",\"position\":2,\"name\":\"Shop\",\"item\":\"https:\/\/www.elementvape.de\/shop\/\"},{\"@type\":\"ListItem\",\"position\":3,\"name\":\"Vapor esso Barr Kit elektronische Zigarette Typ C Vape Pen\"}]},{\"@type\":\"WebSite\",\"@id\":\"https:\/\/www.elementvape.de\/#website\",\"url\":\"https:\/\/www.elementvape.de\/\",\"name\":\"ElementVape.de\",\"description\":\"\",\"publisher\":{\"@id\":\"https:\/\/www.elementvape.de\/#organization\"},\"potentialAction\":[{\"@type\":\"SearchAction\",\"target\":{\"@type\":\"EntryPoint\",\"urlTemplate\":\"https:\/\/www.elementvape.de\/?s={search_term_string}\"},\"query-input\":\"required name=search_term_string\"}],\"inLanguage\":\"fr-FR\"},{\"@type\":\"Organization\",\"@id\":\"https:\/\/www.elementvape.de\/#organization\",\"name\":\"ElementVape.DE\",\"url\":\"https:\/\/www.elementvape.de\/\",\"logo\":{\"@type\":\"ImageObject\",\"inLanguage\":\"fr-FR\",\"@id\":\"https:\/\/www.elementvape.de\/#\/schema\/logo\/image\/\",\"url\":\"https:\/\/www.elementvape.de\/wp-content\/uploads\/2024\/09\/cropped-1elementvape-3.png\",\"contentUrl\":\"https:\/\/www.elementvape.de\/wp-content\/uploads\/2024\/09\/cropped-1elementvape-3.png\",\"width\":285,\"height\":228,\"caption\":\"ElementVape.DE\"},\"image\":{\"@id\":\"https:\/\/www.elementvape.de\/#\/schema\/logo\/image\/\"}}]}<\/script>\n<!-- \/ Yoast SEO plugin. -->","yoast_head_json":{"title":"Vapor esso Barr Kit elektronische Zigarette Typ C Vape Pen | ElementVape.de","description":"Wir bieten Vapor esso Barr Kit elektronische Zigarette Typ C Vape Pen , Elementvape.de akzeptieren Gro\u00df-und Einzelhandel Bestellungen.","robots":{"index":"index","follow":"follow","max-snippet":"max-snippet:-1","max-image-preview":"max-image-preview:large","max-video-preview":"max-video-preview:-1"},"canonical":"https:\/\/www.elementvape.de\/fr\/produkt\/vapor-esso-barr-kit-elektronische-zigarette-typ-c-vape-pen\/","og_locale":"fr_FR","og_type":"article","og_title":"Vapor esso Barr Kit elektronische Zigarette Typ C Vape Pen | ElementVape.de","og_description":"Wir bieten Vapor esso Barr Kit elektronische Zigarette Typ C Vape Pen , Elementvape.de akzeptieren Gro\u00df-und Einzelhandel Bestellungen.","og_url":"https:\/\/www.elementvape.de\/fr\/produkt\/vapor-esso-barr-kit-elektronische-zigarette-typ-c-vape-pen\/","og_site_name":"ElementVape.de","article_modified_time":"2024-12-12T06:37:29+00:00","og_image":[{"width":800,"height":800,"url":"https:\/\/ae01.alicdn.com\/kf\/Hed4a5b8af34748d9b4221cf7a9d2395bD\/Original-Vapor-esso-Barr-Kit-350mAh-Batterie-1-2-ml-Cartridge-Pod-1-2-Ohm-Mesh.jpg","type":"image\/jpeg"}],"twitter_card":"summary_large_image","twitter_misc":{"Est. reading time":"4 minutes"},"schema":{"@context":"https:\/\/schema.org","@graph":[{"@type":"WebPage","@id":"https:\/\/www.elementvape.de\/produkt\/vapor-esso-barr-kit-elektronische-zigarette-typ-c-vape-pen\/","url":"https:\/\/www.elementvape.de\/produkt\/vapor-esso-barr-kit-elektronische-zigarette-typ-c-vape-pen\/","name":"Vapor esso Barr Kit elektronische Zigarette Typ C Vape Pen | ElementVape.de","isPartOf":{"@id":"https:\/\/www.elementvape.de\/#website"},"primaryImageOfPage":{"@id":"https:\/\/www.elementvape.de\/produkt\/vapor-esso-barr-kit-elektronische-zigarette-typ-c-vape-pen\/#primaryimage"},"image":{"@id":"https:\/\/www.elementvape.de\/produkt\/vapor-esso-barr-kit-elektronische-zigarette-typ-c-vape-pen\/#primaryimage"},"thumbnailUrl":"https:\/\/ae01.alicdn.com\/kf\/Hed4a5b8af34748d9b4221cf7a9d2395bD\/Original-Vapor-esso-Barr-Kit-350mAh-Batterie-1-2-ml-Cartridge-Pod-1-2-Ohm-Mesh.jpg","datePublished":"2024-04-20T05:40:22+00:00","dateModified":"2024-12-12T06:37:29+00:00","description":"Wir bieten Vapor esso Barr Kit elektronische Zigarette Typ C Vape Pen , Elementvape.de akzeptieren Gro\u00df-und Einzelhandel Bestellungen.","breadcrumb":{"@id":"https:\/\/www.elementvape.de\/produkt\/vapor-esso-barr-kit-elektronische-zigarette-typ-c-vape-pen\/#breadcrumb"},"inLanguage":"fr-FR","potentialAction":[{"@type":"ReadAction","target":["https:\/\/www.elementvape.de\/produkt\/vapor-esso-barr-kit-elektronische-zigarette-typ-c-vape-pen\/"]}]},{"@type":"ImageObject","inLanguage":"fr-FR","@id":"https:\/\/www.elementvape.de\/produkt\/vapor-esso-barr-kit-elektronische-zigarette-typ-c-vape-pen\/#primaryimage","url":"https:\/\/ae01.alicdn.com\/kf\/Hed4a5b8af34748d9b4221cf7a9d2395bD\/Original-Vapor-esso-Barr-Kit-350mAh-Batterie-1-2-ml-Cartridge-Pod-1-2-Ohm-Mesh.jpg","contentUrl":"https:\/\/ae01.alicdn.com\/kf\/Hed4a5b8af34748d9b4221cf7a9d2395bD\/Original-Vapor-esso-Barr-Kit-350mAh-Batterie-1-2-ml-Cartridge-Pod-1-2-Ohm-Mesh.jpg","width":800,"height":800},{"@type":"BreadcrumbList","@id":"https:\/\/www.elementvape.de\/produkt\/vapor-esso-barr-kit-elektronische-zigarette-typ-c-vape-pen\/#breadcrumb","itemListElement":[{"@type":"ListItem","position":1,"name":"Home","item":"https:\/\/www.elementvape.de\/"},{"@type":"ListItem","position":2,"name":"Shop","item":"https:\/\/www.elementvape.de\/shop\/"},{"@type":"ListItem","position":3,"name":"Vapor esso Barr Kit elektronische Zigarette Typ C Vape Pen"}]},{"@type":"WebSite","@id":"https:\/\/www.elementvape.de\/#website","url":"https:\/\/www.elementvape.de\/","name":"ElementVape.de","description":"","publisher":{"@id":"https:\/\/www.elementvape.de\/#organization"},"potentialAction":[{"@type":"SearchAction","target":{"@type":"EntryPoint","urlTemplate":"https:\/\/www.elementvape.de\/?s={search_term_string}"},"query-input":"required name=search_term_string"}],"inLanguage":"fr-FR"},{"@type":"Organization","@id":"https:\/\/www.elementvape.de\/#organization","name":"ElementVape.DE","url":"https:\/\/www.elementvape.de\/","logo":{"@type":"ImageObject","inLanguage":"fr-FR","@id":"https:\/\/www.elementvape.de\/#\/schema\/logo\/image\/","url":"https:\/\/www.elementvape.de\/wp-content\/uploads\/2024\/09\/cropped-1elementvape-3.png","contentUrl":"https:\/\/www.elementvape.de\/wp-content\/uploads\/2024\/09\/cropped-1elementvape-3.png","width":285,"height":228,"caption":"ElementVape.DE"},"image":{"@id":"https:\/\/www.elementvape.de\/#\/schema\/logo\/image\/"}}]}},"_links":{"self":[{"href":"https:\/\/www.elementvape.de\/fr\/wp-json\/wp\/v2\/product\/6883"}],"collection":[{"href":"https:\/\/www.elementvape.de\/fr\/wp-json\/wp\/v2\/product"}],"about":[{"href":"https:\/\/www.elementvape.de\/fr\/wp-json\/wp\/v2\/types\/product"}],"wp:featuredmedia":[{"embeddable":true,"href":"https:\/\/www.elementvape.de\/fr\/wp-json\/wp\/v2\/media\/6885"}],"wp:attachment":[{"href":"https:\/\/www.elementvape.de\/fr\/wp-json\/wp\/v2\/media?parent=6883"}],"wp:term":[{"taxonomy":"product_cat","embeddable":true,"href":"https:\/\/www.elementvape.de\/fr\/wp-json\/wp\/v2\/product_cat?post=6883"},{"taxonomy":"product_tag","embeddable":true,"href":"https:\/\/www.elementvape.de\/fr\/wp-json\/wp\/v2\/product_tag?post=6883"}],"curies":[{"name":"wp","href":"https:\/\/api.w.org\/{rel}","templated":true}]}}