{"id":6866,"date":"2024-04-20T03:50:57","date_gmt":"2024-04-20T03:50:57","guid":{"rendered":"https:\/\/www.elementvape.de\/?post_type=product&#038;p=6866"},"modified":"2024-12-12T06:37:31","modified_gmt":"2024-12-12T06:37:31","slug":"joyetech-eroll-slim-kit-mit-pcc-box-13w-vape-mit","status":"publish","type":"product","link":"https:\/\/www.elementvape.de\/fr\/produkt\/joyetech-eroll-slim-kit-mit-pcc-box-13w-vape-mit\/","title":{"rendered":"Kit Joyetech Eroll Slim avec bo\u00eete PCC 13W Vape avec"},"content":{"rendered":"<p>&nbsp;<\/p>\n<div class=\"product-specs-list-container\">\n<ul class=\"product-specs-list util-clearfix\">\n<li class=\"product-prop line-limit-length\"><span class=\"property-title\">Apparence :\u00a0<\/span><span class=\"property-desc line-limit-length\">Forme Bo\u00eete<\/span><\/li>\n<li class=\"product-prop line-limit-length\"><span class=\"property-title\">Batterie Compatible :\u00a0<\/span><span class=\"property-desc line-limit-length\">batterie int\u00e9gr\u00e9e<\/span><\/li>\n<li class=\"product-prop line-limit-length\"><span class=\"property-title\">Fonction de Surveillance du Nombre de Fumeurs :\u00a0<\/span><span class=\"property-desc line-limit-length\">Non<\/span><\/li>\n<li class=\"product-prop line-limit-length\"><span class=\"property-title\">\u00c9tui en Silicone :\u00a0<\/span><span class=\"property-desc line-limit-length\">Non<\/span><\/li>\n<li class=\"product-prop line-limit-length\"><span class=\"property-title\">Contr\u00f4le de Temp\u00e9rature :\u00a0<\/span><span class=\"property-desc line-limit-length\">Non<\/span><\/li>\n<li class=\"product-prop line-limit-length\"><span class=\"property-title\">Batterie Int\u00e9gr\u00e9e ou Externe :\u00a0<\/span><span class=\"property-desc line-limit-length\">Int\u00e9gr\u00e9<\/span><\/li>\n<li class=\"product-prop line-limit-length\"><span class=\"property-title\">Fonction de Protection contre les Courts-Circuits :\u00a0<\/span><span class=\"property-desc line-limit-length\">Ja<\/span><\/li>\n<li class=\"product-prop line-limit-length\"><span class=\"property-title\">Fonction de Protection contre la Surchauffe :\u00a0<\/span><span class=\"property-desc line-limit-length\">Ja<\/span><\/li>\n<li class=\"product-prop line-limit-length\"><span class=\"property-title\">Fonction d'alarme de basse tension :\u00a0<\/span><span class=\"property-desc line-limit-length\">Ja<\/span><\/li>\n<li class=\"product-prop line-limit-length\"><span class=\"property-title\">Fonction d'identification du vaporisateur :\u00a0<\/span><span class=\"property-desc line-limit-length\">Ja<\/span><\/li>\n<li class=\"product-prop line-limit-length\"><span class=\"property-title\">Modes de r\u00e9glage TCR :\u00a0<\/span><span class=\"property-desc line-limit-length\">Non<\/span><\/li>\n<li class=\"product-prop line-limit-length\"><span class=\"property-title\">Capacit\u00e9 nominale :\u00a0<\/span><span class=\"property-desc line-limit-length\">Non<\/span><\/li>\n<li class=\"product-prop line-limit-length\"><span class=\"property-title\">Mat\u00e9riau :\u00a0<\/span><span class=\"property-desc line-limit-length\">M\u00e9tal<\/span><\/li>\n<li class=\"product-prop line-limit-length\"><span class=\"property-title\">Mod\u00e8le compatible :\u00a0<\/span><span class=\"property-desc line-limit-length\">Cigarette \u00c9lectronique Stylo Vape<\/span><\/li>\n<li class=\"product-prop line-limit-length\"><span class=\"property-title\">Num\u00e9ro de mod\u00e8le :\u00a0<\/span><span class=\"property-desc line-limit-length\">Kit Joyetech eRoll Slim avec bo\u00eete PCC<\/span><\/li>\n<li class=\"product-prop line-limit-length\"><span class=\"property-title\">Chargeur USB :\u00a0<\/span><span class=\"property-desc line-limit-length\">Ja<\/span><\/li>\n<li class=\"product-prop line-limit-length\"><span class=\"property-title\">Mise \u00e0 jour du firmware :\u00a0<\/span><span class=\"property-desc line-limit-length\">Ja<\/span><\/li>\n<li class=\"product-prop line-limit-length\"><span class=\"property-title\">Affichage :\u00a0<\/span><span class=\"property-desc line-limit-length\">Non<\/span><\/li>\n<li class=\"product-prop line-limit-length\"><span class=\"property-title\">Type :\u00a0<\/span><span class=\"property-desc line-limit-length\">Avec batterie<\/span><\/li>\n<li class=\"product-prop line-limit-length\"><span class=\"property-title\">Nom de la marque :\u00a0<\/span><span class=\"property-desc line-limit-length\">JOYETECH<\/span><\/li>\n<li class=\"product-prop line-limit-length\"><span class=\"property-title\">Origine :\u00a0<\/span><span class=\"property-desc line-limit-length\">CN (Origine)<\/span><\/li>\n<li class=\"product-prop line-limit-length\"><span class=\"property-title\">Capacit\u00e9 de la batterie :\u00a0<\/span><span class=\"property-desc line-limit-length\">Bo\u00eete PCC : batterie int\u00e9gr\u00e9e de 1500mAh Kit eRoll Slim : batterie int\u00e9gr\u00e9e de 480mAh<\/span><\/li>\n<li class=\"product-prop line-limit-length\"><span class=\"property-title\">Taille :\u00a0<\/span><span class=\"property-desc line-limit-length\">Bo\u00eete PCC : 23*44*107mm Kit eRoll Slim : 16*120mm<\/span><\/li>\n<li class=\"product-prop line-limit-length\"><span class=\"property-title\">Courant de charge :\u00a0<\/span><span class=\"property-desc line-limit-length\">Bo\u00eete PCC : USB-C (5V\/2A) Kit eRoll Slim : USB-C (5V\/1A)<\/span><\/li>\n<li class=\"product-prop line-limit-length\"><span class=\"property-title\">Puissance de sortie :\u00a0<\/span><span class=\"property-desc line-limit-length\">13W max<\/span><\/li>\n<li class=\"product-prop line-limit-length\"><span class=\"property-title\">Capacit\u00e9 du pod :\u00a0<\/span><span class=\"property-desc line-limit-length\">PAPAYA OG<\/span><\/li>\n<li class=\"product-prop line-limit-length\"><span class=\"property-title\">Couleur :\u00a0<\/span><span class=\"property-desc line-limit-length\">Bleu, Rouge, Noir, Gris m\u00e9tal fonc\u00e9, Or<\/span><\/li>\n<\/ul>\n<\/div>\n<div class=\"detailmodule_html\">\n<div class=\"detail-desc-decorate-richtext\">\n<div class=\"detailmodule_text\">\n<p id=\"tl_1\" class=\"detail-desc-decorate-title\" style=\"font-family: OpenSans; font-size: 20px; font-weight: 900; line-height: 28px; margin-bottom: 12px;\">Kit Joyetech Eroll Slim original avec bo\u00eete PCC, vape de 13W avec batterie de 480mAh, chargeur portable de 1500mAh, 2ml, cartouche \u00e0 pod de 1,0 Ohm, cigarette \u00e9lectronique<\/p>\n<\/div>\n<div class=\"detailmodule_text\">\n<p id=\"tl_2\" class=\"detail-desc-decorate-title\" style=\"font-family: OpenSans; font-size: 20px; font-weight: 900; line-height: 28px; margin-bottom: 12px;\">Description :<\/p>\n<p id=\"tl_3\" class=\"detail-desc-decorate-content\" style=\"font-family: OpenSans; font-size: 14px; font-weight: 300; line-height: 20px; margin-bottom: 12px;\">Le kit Eroll Slim est en m\u00e9tal et en cuir pour devenir \u00e9l\u00e9gant et styl\u00e9. Il est aliment\u00e9 par une batterie int\u00e9gr\u00e9e de 480mAh avec une puissance maximale de 13W, rechargeable via USB-C. Il est \u00e9galement livr\u00e9 avec une bo\u00eete de charge portable de 1500mAh (PCC) pour soutenir votre vape toute la journ\u00e9e. Eroll Slim est \u00e9quip\u00e9 d'une cartouche rechargeable de 2ml, offrant une bobine en mesh de 1.0\u03a9 pour une saveur pure in\u00e9gal\u00e9e et une gorge parfaite. Avec des embouts buccaux standard\/\u00e9troits 510 inclus, il peut vous offrir diff\u00e9rentes exp\u00e9riences de vapotage.<\/p>\n<\/div>\n<div class=\"detailmodule_text\">\n<p id=\"tl_4\" class=\"detail-desc-decorate-title\" style=\"font-family: OpenSans; font-size: 20px; font-weight: 900; line-height: 28px; margin-bottom: 12px;\">Param\u00e8tres :<\/p>\n<p id=\"tl_5\" class=\"detail-desc-decorate-content\" style=\"font-family: OpenSans; font-size: 14px; font-weight: 300; line-height: 20px; margin-bottom: 12px;\">Marque : joyetech<br \/>\nNom du produit : kit eroll slim avec bo\u00eete pcc<br \/>\nTaille de la bo\u00eete pcc : 23*44*107mm<br \/>\nKit Eroll Slim : 16*120mm<br \/>\nCapacit\u00e9 de la batterie : bo\u00eete PCC : batterie int\u00e9gr\u00e9e de 1500mAh<br \/>\nKit Eroll Slim : batterie int\u00e9gr\u00e9e de 480mAh<br \/>\nLadestrom pcc Box : USB-C (5v\/2a)<br \/>\nEroll slim kit : USB-C (5v\/1a)<br \/>\nPuissance en watts : 13w max<br \/>\nCapacit\u00e9 du Pod : 2 ml<br \/>\nDiam\u00e8tre du trou de remplissage : 3,5mm<br \/>\nPlage de r\u00e9sistance : 1\u03a9<br \/>\nCouleur : bleu, rouge, noir, gris m\u00e9tal fonc\u00e9, or<\/p>\n<\/div>\n<div class=\"detailmodule_text\">\n<p id=\"tl_6\" class=\"detail-desc-decorate-title\" style=\"font-family: OpenSans; font-size: 20px; font-weight: 900; line-height: 28px; margin-bottom: 12px;\">D\u00e9tails :<\/p>\n<p id=\"tl_7\" class=\"detail-desc-decorate-content\" style=\"font-family: OpenSans; font-size: 14px; font-weight: 300; line-height: 20px; margin-bottom: 12px;\">1. accepte une batterie int\u00e9gr\u00e9e de stylo vape de 480mah avec max 13w<br \/>\n2. \u00e9quip\u00e9 d'une bo\u00eete de chargement portable de 1500mah (pcc)<br \/>\n3. supporte la charge sans fil magn\u00e9tique et la charge via USB-C<br \/>\n4. indicateur de batterie \u00e0 3 couleurs pour le stylo vape fin<br \/>\n5. indicateur de batterie pcc pour conna\u00eetre le niveau de charge<br \/>\n6. con\u00e7u avec une alarme vibrante intelligente<br \/>\n7. mat\u00e9riau en m\u00e9tal et cuir, design ergonomique<br \/>\n8. contient une cartouche de pod rechargeable Eroll fine de 2ml<br \/>\n9. livr\u00e9 avec un embout buccal standard et \u00e9troit 510<br \/>\n10. int\u00e8gre une bobine \u00e0 maillage de 1.0\u03a9 pour un go\u00fbt pur<br \/>\n11. con\u00e7u avec un syst\u00e8me activ\u00e9 par inhalation<\/p>\n<\/div>\n<div class=\"detailmodule_text\">\n<p id=\"tl_8\" class=\"detail-desc-decorate-title\" style=\"font-family: OpenSans; font-size: 20px; font-weight: 900; line-height: 28px; margin-bottom: 12px;\">Kit complet :<\/p>\n<p id=\"tl_9\" class=\"detail-desc-decorate-content\" style=\"font-family: OpenSans; font-size: 14px; font-weight: 300; line-height: 20px; margin-bottom: 12px;\">1 * bo\u00eete pcc<br \/>\n1 * batterie Eroll fine<br \/>\n1 * cartouche mince eroll<br \/>\n1 * Pointe de goutte standard 510<br \/>\n1 * Pointe de goutte \u00e9troite 510<br \/>\n1 * c\u00e2ble USB de type-C<br \/>\n1 * manuel d'utilisation<br \/>\n1 * carte de garantie<\/p>\n<\/div>\n<div class=\"detailmodule_image\"><img decoding=\"async\" loading=\"lazy\" class=\"detail-desc-decorate-image\" src=\"https:\/\/ae01.alicdn.com\/kf\/S27be604cd35e4b109e4d1ff1285a6b24h.jpg\" \/><br \/>\n<img decoding=\"async\" loading=\"lazy\" class=\"detail-desc-decorate-image\" src=\"https:\/\/ae01.alicdn.com\/kf\/Sfc2c19326cab48f4846dd7a5e9037b68n.jpg\" \/><br \/>\n<img decoding=\"async\" loading=\"lazy\" class=\"detail-desc-decorate-image\" src=\"https:\/\/ae01.alicdn.com\/kf\/Sc35e62aebb98478799d14d98da488a85e.jpg\" \/><br \/>\n<img decoding=\"async\" loading=\"lazy\" class=\"detail-desc-decorate-image\" src=\"https:\/\/ae01.alicdn.com\/kf\/S3f2d462acdf845928045051e9397302cc.jpg\" \/><br \/>\n<img decoding=\"async\" loading=\"lazy\" class=\"detail-desc-decorate-image\" src=\"https:\/\/ae01.alicdn.com\/kf\/Sc1fa826792834b37afaa8b13477119dcq.jpg\" \/><br \/>\n<img decoding=\"async\" loading=\"lazy\" class=\"detail-desc-decorate-image\" src=\"https:\/\/ae01.alicdn.com\/kf\/S8d2de2b536314e8fbf84ccc836c0e8e5D.jpg\" \/><br \/>\n<img decoding=\"async\" loading=\"lazy\" class=\"detail-desc-decorate-image\" src=\"https:\/\/ae01.alicdn.com\/kf\/S70d565d82cbe4490975e1cf87a098d8fT.jpg\" \/><br \/>\n<img decoding=\"async\" loading=\"lazy\" class=\"detail-desc-decorate-image\" src=\"https:\/\/ae01.alicdn.com\/kf\/S81048d2ac21f43c693b55070d63676e6I.jpg\" \/><br \/>\n<img decoding=\"async\" loading=\"lazy\" class=\"detail-desc-decorate-image\" src=\"https:\/\/ae01.alicdn.com\/kf\/S57958f6c12fe497c8913fc7f9275be03d.jpg\" \/><br \/>\n<img decoding=\"async\" loading=\"lazy\" class=\"detail-desc-decorate-image\" src=\"https:\/\/ae01.alicdn.com\/kf\/S04329ce0dce440a295332a1ba26e8390y.jpg\" \/><\/div>\n<div class=\"detailmodule_image\"><img decoding=\"async\" loading=\"lazy\" class=\"detail-desc-decorate-image\" src=\"https:\/\/ae01.alicdn.com\/kf\/S5c6f96c15e5348b8a03f747b32b331434.jpg\" \/><\/div>\n<p>&nbsp;<\/p>\n<\/div>\n<\/div>","protected":false},"excerpt":{"rendered":"<p>&nbsp; Aussehen:\u00a0Box Form Kompatibler Akku:\u00a0built-in battery \u00dcberwachung Funktion Von Rauchen Anzahl:\u00a0Nein Silikon Fall:\u00a0Nein Temperaturregelung:\u00a0Nein Eingebaute Oder Externe Batterie:\u00a0Eingebaute Kurzschlussschutz Funktion:\u00a0Ja \u00dcberhitzungsschutz-funktion:\u00a0Ja Niederspannungsalarmfunktion:\u00a0Ja Zerst\u00e4uber Identifikation Funktion:\u00a0Ja TCR Einstellung Modi:\u00a0Nein Nominale Kapazit\u00e4t:\u00a0Kein Material:\u00a0Metall Compatible Model:\u00a0Electronic Cigarette Vape Pen Modellnummer:\u00a0Joyetech eRoll Slim Kit with PCC Box Usb-ladeger\u00e4t:\u00a0Ja Firmware-upgrade:\u00a0Ja Display:\u00a0Nein Art:\u00a0Mit Batterie Markenname:\u00a0JOYETECH Ursprung:\u00a0CN (Herkunft) Battery Capacity:\u00a0PCC Box: Built-in [&hellip;]<\/p>","protected":false},"featured_media":6868,"template":"","meta":{"inline_featured_image":false},"product_cat":[752,756,739,743,76,79,81],"product_tag":[],"tiered_pricing_type":"fixed","tiered_pricing_fixed_rules":[],"tiered_pricing_percentage_rules":[],"tiered_pricing_minimum":1,"_administrator_tiered_pricing_type":"fixed","_administrator_tiered_pricing_fixed_rules":[],"_editor_tiered_pricing_type":"fixed","_editor_tiered_pricing_fixed_rules":[],"_author_tiered_pricing_type":"fixed","_author_tiered_pricing_fixed_rules":[],"_contributor_tiered_pricing_type":"fixed","_contributor_tiered_pricing_fixed_rules":[],"_subscriber_tiered_pricing_type":"fixed","_subscriber_tiered_pricing_fixed_rules":[],"_customer_tiered_pricing_type":"fixed","_customer_tiered_pricing_fixed_rules":[],"_shop_manager_tiered_pricing_type":"fixed","_shop_manager_tiered_pricing_fixed_rules":[],"_wpseo_manager_tiered_pricing_type":"fixed","_wpseo_manager_tiered_pricing_fixed_rules":[],"_wpseo_editor_tiered_pricing_type":"fixed","_wpseo_editor_tiered_pricing_fixed_rules":[],"_wholesale_customer_tiered_pricing_type":"fixed","_wholesale_customer_tiered_pricing_fixed_rules":[],"_marketer_tiered_pricing_type":"fixed","_marketer_tiered_pricing_fixed_rules":[],"_sales_manager_tiered_pricing_type":"fixed","_sales_manager_tiered_pricing_fixed_rules":[],"_sales_rep_tiered_pricing_type":"fixed","_sales_rep_tiered_pricing_fixed_rules":[],"yoast_head":"<!-- This site is optimized with the Yoast SEO plugin v23.3 - https:\/\/yoast.com\/wordpress\/plugins\/seo\/ -->\n<title>Joyetech Eroll Slim Kit mit PCC Box 13W Vape mit | ElementVape.de<\/title>\n<meta name=\"description\" content=\"Wir bieten Joyetech Eroll Slim Kit mit PCC Box 13W Vape mit , Elementvape.de akzeptieren Gro\u00df-und Einzelhandel Bestellungen.\" \/>\n<meta name=\"robots\" content=\"index, follow, max-snippet:-1, max-image-preview:large, max-video-preview:-1\" \/>\n<link rel=\"canonical\" href=\"https:\/\/www.elementvape.de\/fr\/produkt\/joyetech-eroll-slim-kit-mit-pcc-box-13w-vape-mit\/\" \/>\n<meta property=\"og:locale\" content=\"fr_FR\" \/>\n<meta property=\"og:type\" content=\"article\" \/>\n<meta property=\"og:title\" content=\"Joyetech Eroll Slim Kit mit PCC Box 13W Vape mit | ElementVape.de\" \/>\n<meta property=\"og:description\" content=\"Wir bieten Joyetech Eroll Slim Kit mit PCC Box 13W Vape mit , Elementvape.de akzeptieren Gro\u00df-und Einzelhandel Bestellungen.\" \/>\n<meta property=\"og:url\" content=\"https:\/\/www.elementvape.de\/fr\/produkt\/joyetech-eroll-slim-kit-mit-pcc-box-13w-vape-mit\/\" \/>\n<meta property=\"og:site_name\" content=\"ElementVape.de\" \/>\n<meta property=\"article:modified_time\" content=\"2024-12-12T06:37:31+00:00\" \/>\n<meta property=\"og:image\" content=\"https:\/\/ae01.alicdn.com\/kf\/Sb094d586e6104294bd8cf3d84d707a5fM\/Original-Joyetech-Eroll-Slim-Kit-mit-PCC-Box-13W-Vape-mit-480mAh-Akku-1500mAh-Lade-koffer.jpg\" \/>\n\t<meta property=\"og:image:width\" content=\"800\" \/>\n\t<meta property=\"og:image:height\" content=\"800\" \/>\n\t<meta property=\"og:image:type\" content=\"image\/jpeg\" \/>\n<meta name=\"twitter:card\" content=\"summary_large_image\" \/>\n<meta name=\"twitter:label1\" content=\"Est. reading time\" \/>\n\t<meta name=\"twitter:data1\" content=\"5 minutes\" \/>\n<script type=\"application\/ld+json\" class=\"yoast-schema-graph\">{\"@context\":\"https:\/\/schema.org\",\"@graph\":[{\"@type\":\"WebPage\",\"@id\":\"https:\/\/www.elementvape.de\/produkt\/joyetech-eroll-slim-kit-mit-pcc-box-13w-vape-mit\/\",\"url\":\"https:\/\/www.elementvape.de\/produkt\/joyetech-eroll-slim-kit-mit-pcc-box-13w-vape-mit\/\",\"name\":\"Joyetech Eroll Slim Kit mit PCC Box 13W Vape mit | ElementVape.de\",\"isPartOf\":{\"@id\":\"https:\/\/www.elementvape.de\/#website\"},\"primaryImageOfPage\":{\"@id\":\"https:\/\/www.elementvape.de\/produkt\/joyetech-eroll-slim-kit-mit-pcc-box-13w-vape-mit\/#primaryimage\"},\"image\":{\"@id\":\"https:\/\/www.elementvape.de\/produkt\/joyetech-eroll-slim-kit-mit-pcc-box-13w-vape-mit\/#primaryimage\"},\"thumbnailUrl\":\"https:\/\/ae01.alicdn.com\/kf\/Sb094d586e6104294bd8cf3d84d707a5fM\/Original-Joyetech-Eroll-Slim-Kit-mit-PCC-Box-13W-Vape-mit-480mAh-Akku-1500mAh-Lade-koffer.jpg\",\"datePublished\":\"2024-04-20T03:50:57+00:00\",\"dateModified\":\"2024-12-12T06:37:31+00:00\",\"description\":\"Wir bieten Joyetech Eroll Slim Kit mit PCC Box 13W Vape mit , Elementvape.de akzeptieren Gro\u00df-und Einzelhandel Bestellungen.\",\"breadcrumb\":{\"@id\":\"https:\/\/www.elementvape.de\/produkt\/joyetech-eroll-slim-kit-mit-pcc-box-13w-vape-mit\/#breadcrumb\"},\"inLanguage\":\"fr-FR\",\"potentialAction\":[{\"@type\":\"ReadAction\",\"target\":[\"https:\/\/www.elementvape.de\/produkt\/joyetech-eroll-slim-kit-mit-pcc-box-13w-vape-mit\/\"]}]},{\"@type\":\"ImageObject\",\"inLanguage\":\"fr-FR\",\"@id\":\"https:\/\/www.elementvape.de\/produkt\/joyetech-eroll-slim-kit-mit-pcc-box-13w-vape-mit\/#primaryimage\",\"url\":\"https:\/\/ae01.alicdn.com\/kf\/Sb094d586e6104294bd8cf3d84d707a5fM\/Original-Joyetech-Eroll-Slim-Kit-mit-PCC-Box-13W-Vape-mit-480mAh-Akku-1500mAh-Lade-koffer.jpg\",\"contentUrl\":\"https:\/\/ae01.alicdn.com\/kf\/Sb094d586e6104294bd8cf3d84d707a5fM\/Original-Joyetech-Eroll-Slim-Kit-mit-PCC-Box-13W-Vape-mit-480mAh-Akku-1500mAh-Lade-koffer.jpg\",\"width\":800,\"height\":800},{\"@type\":\"BreadcrumbList\",\"@id\":\"https:\/\/www.elementvape.de\/produkt\/joyetech-eroll-slim-kit-mit-pcc-box-13w-vape-mit\/#breadcrumb\",\"itemListElement\":[{\"@type\":\"ListItem\",\"position\":1,\"name\":\"Home\",\"item\":\"https:\/\/www.elementvape.de\/\"},{\"@type\":\"ListItem\",\"position\":2,\"name\":\"Shop\",\"item\":\"https:\/\/www.elementvape.de\/shop\/\"},{\"@type\":\"ListItem\",\"position\":3,\"name\":\"Joyetech Eroll Slim Kit mit PCC Box 13W Vape mit\"}]},{\"@type\":\"WebSite\",\"@id\":\"https:\/\/www.elementvape.de\/#website\",\"url\":\"https:\/\/www.elementvape.de\/\",\"name\":\"ElementVape.de\",\"description\":\"\",\"publisher\":{\"@id\":\"https:\/\/www.elementvape.de\/#organization\"},\"potentialAction\":[{\"@type\":\"SearchAction\",\"target\":{\"@type\":\"EntryPoint\",\"urlTemplate\":\"https:\/\/www.elementvape.de\/?s={search_term_string}\"},\"query-input\":\"required name=search_term_string\"}],\"inLanguage\":\"fr-FR\"},{\"@type\":\"Organization\",\"@id\":\"https:\/\/www.elementvape.de\/#organization\",\"name\":\"ElementVape.DE\",\"url\":\"https:\/\/www.elementvape.de\/\",\"logo\":{\"@type\":\"ImageObject\",\"inLanguage\":\"fr-FR\",\"@id\":\"https:\/\/www.elementvape.de\/#\/schema\/logo\/image\/\",\"url\":\"https:\/\/www.elementvape.de\/wp-content\/uploads\/2024\/09\/cropped-1elementvape-3.png\",\"contentUrl\":\"https:\/\/www.elementvape.de\/wp-content\/uploads\/2024\/09\/cropped-1elementvape-3.png\",\"width\":285,\"height\":228,\"caption\":\"ElementVape.DE\"},\"image\":{\"@id\":\"https:\/\/www.elementvape.de\/#\/schema\/logo\/image\/\"}}]}<\/script>\n<!-- \/ Yoast SEO plugin. -->","yoast_head_json":{"title":"Joyetech Eroll Slim Kit mit PCC Box 13W Vape mit | ElementVape.de","description":"Wir bieten Joyetech Eroll Slim Kit mit PCC Box 13W Vape mit , Elementvape.de akzeptieren Gro\u00df-und Einzelhandel Bestellungen.","robots":{"index":"index","follow":"follow","max-snippet":"max-snippet:-1","max-image-preview":"max-image-preview:large","max-video-preview":"max-video-preview:-1"},"canonical":"https:\/\/www.elementvape.de\/fr\/produkt\/joyetech-eroll-slim-kit-mit-pcc-box-13w-vape-mit\/","og_locale":"fr_FR","og_type":"article","og_title":"Joyetech Eroll Slim Kit mit PCC Box 13W Vape mit | ElementVape.de","og_description":"Wir bieten Joyetech Eroll Slim Kit mit PCC Box 13W Vape mit , Elementvape.de akzeptieren Gro\u00df-und Einzelhandel Bestellungen.","og_url":"https:\/\/www.elementvape.de\/fr\/produkt\/joyetech-eroll-slim-kit-mit-pcc-box-13w-vape-mit\/","og_site_name":"ElementVape.de","article_modified_time":"2024-12-12T06:37:31+00:00","og_image":[{"width":800,"height":800,"url":"https:\/\/ae01.alicdn.com\/kf\/Sb094d586e6104294bd8cf3d84d707a5fM\/Original-Joyetech-Eroll-Slim-Kit-mit-PCC-Box-13W-Vape-mit-480mAh-Akku-1500mAh-Lade-koffer.jpg","type":"image\/jpeg"}],"twitter_card":"summary_large_image","twitter_misc":{"Est. reading time":"5 minutes"},"schema":{"@context":"https:\/\/schema.org","@graph":[{"@type":"WebPage","@id":"https:\/\/www.elementvape.de\/produkt\/joyetech-eroll-slim-kit-mit-pcc-box-13w-vape-mit\/","url":"https:\/\/www.elementvape.de\/produkt\/joyetech-eroll-slim-kit-mit-pcc-box-13w-vape-mit\/","name":"Joyetech Eroll Slim Kit mit PCC Box 13W Vape mit | ElementVape.de","isPartOf":{"@id":"https:\/\/www.elementvape.de\/#website"},"primaryImageOfPage":{"@id":"https:\/\/www.elementvape.de\/produkt\/joyetech-eroll-slim-kit-mit-pcc-box-13w-vape-mit\/#primaryimage"},"image":{"@id":"https:\/\/www.elementvape.de\/produkt\/joyetech-eroll-slim-kit-mit-pcc-box-13w-vape-mit\/#primaryimage"},"thumbnailUrl":"https:\/\/ae01.alicdn.com\/kf\/Sb094d586e6104294bd8cf3d84d707a5fM\/Original-Joyetech-Eroll-Slim-Kit-mit-PCC-Box-13W-Vape-mit-480mAh-Akku-1500mAh-Lade-koffer.jpg","datePublished":"2024-04-20T03:50:57+00:00","dateModified":"2024-12-12T06:37:31+00:00","description":"Wir bieten Joyetech Eroll Slim Kit mit PCC Box 13W Vape mit , Elementvape.de akzeptieren Gro\u00df-und Einzelhandel Bestellungen.","breadcrumb":{"@id":"https:\/\/www.elementvape.de\/produkt\/joyetech-eroll-slim-kit-mit-pcc-box-13w-vape-mit\/#breadcrumb"},"inLanguage":"fr-FR","potentialAction":[{"@type":"ReadAction","target":["https:\/\/www.elementvape.de\/produkt\/joyetech-eroll-slim-kit-mit-pcc-box-13w-vape-mit\/"]}]},{"@type":"ImageObject","inLanguage":"fr-FR","@id":"https:\/\/www.elementvape.de\/produkt\/joyetech-eroll-slim-kit-mit-pcc-box-13w-vape-mit\/#primaryimage","url":"https:\/\/ae01.alicdn.com\/kf\/Sb094d586e6104294bd8cf3d84d707a5fM\/Original-Joyetech-Eroll-Slim-Kit-mit-PCC-Box-13W-Vape-mit-480mAh-Akku-1500mAh-Lade-koffer.jpg","contentUrl":"https:\/\/ae01.alicdn.com\/kf\/Sb094d586e6104294bd8cf3d84d707a5fM\/Original-Joyetech-Eroll-Slim-Kit-mit-PCC-Box-13W-Vape-mit-480mAh-Akku-1500mAh-Lade-koffer.jpg","width":800,"height":800},{"@type":"BreadcrumbList","@id":"https:\/\/www.elementvape.de\/produkt\/joyetech-eroll-slim-kit-mit-pcc-box-13w-vape-mit\/#breadcrumb","itemListElement":[{"@type":"ListItem","position":1,"name":"Home","item":"https:\/\/www.elementvape.de\/"},{"@type":"ListItem","position":2,"name":"Shop","item":"https:\/\/www.elementvape.de\/shop\/"},{"@type":"ListItem","position":3,"name":"Joyetech Eroll Slim Kit mit PCC Box 13W Vape mit"}]},{"@type":"WebSite","@id":"https:\/\/www.elementvape.de\/#website","url":"https:\/\/www.elementvape.de\/","name":"ElementVape.de","description":"","publisher":{"@id":"https:\/\/www.elementvape.de\/#organization"},"potentialAction":[{"@type":"SearchAction","target":{"@type":"EntryPoint","urlTemplate":"https:\/\/www.elementvape.de\/?s={search_term_string}"},"query-input":"required name=search_term_string"}],"inLanguage":"fr-FR"},{"@type":"Organization","@id":"https:\/\/www.elementvape.de\/#organization","name":"ElementVape.DE","url":"https:\/\/www.elementvape.de\/","logo":{"@type":"ImageObject","inLanguage":"fr-FR","@id":"https:\/\/www.elementvape.de\/#\/schema\/logo\/image\/","url":"https:\/\/www.elementvape.de\/wp-content\/uploads\/2024\/09\/cropped-1elementvape-3.png","contentUrl":"https:\/\/www.elementvape.de\/wp-content\/uploads\/2024\/09\/cropped-1elementvape-3.png","width":285,"height":228,"caption":"ElementVape.DE"},"image":{"@id":"https:\/\/www.elementvape.de\/#\/schema\/logo\/image\/"}}]}},"_links":{"self":[{"href":"https:\/\/www.elementvape.de\/fr\/wp-json\/wp\/v2\/product\/6866"}],"collection":[{"href":"https:\/\/www.elementvape.de\/fr\/wp-json\/wp\/v2\/product"}],"about":[{"href":"https:\/\/www.elementvape.de\/fr\/wp-json\/wp\/v2\/types\/product"}],"wp:featuredmedia":[{"embeddable":true,"href":"https:\/\/www.elementvape.de\/fr\/wp-json\/wp\/v2\/media\/6868"}],"wp:attachment":[{"href":"https:\/\/www.elementvape.de\/fr\/wp-json\/wp\/v2\/media?parent=6866"}],"wp:term":[{"taxonomy":"product_cat","embeddable":true,"href":"https:\/\/www.elementvape.de\/fr\/wp-json\/wp\/v2\/product_cat?post=6866"},{"taxonomy":"product_tag","embeddable":true,"href":"https:\/\/www.elementvape.de\/fr\/wp-json\/wp\/v2\/product_tag?post=6866"}],"curies":[{"name":"wp","href":"https:\/\/api.w.org\/{rel}","templated":true}]}}