{"id":6820,"date":"2024-04-20T03:43:26","date_gmt":"2024-04-20T03:43:26","guid":{"rendered":"https:\/\/www.elementvape.de\/?post_type=product&#038;p=6820"},"modified":"2024-12-12T06:37:36","modified_gmt":"2024-12-12T06:37:36","slug":"anix-blade-konzentrat-wachs-vape-pen-650mah-starter-kit","status":"publish","type":"product","link":"https:\/\/www.elementvape.de\/fr\/produkt\/anix-blade-konzentrat-wachs-vape-pen-650mah-starter-kit\/","title":{"rendered":"Kit de d\u00e9marrage Anix Blade Concentr\u00e9 Cire Vape Pen 650mAh"},"content":{"rendered":"<p>&nbsp;<\/p>\n<div class=\"product-specs-list-container\">\n<ul class=\"product-specs-list util-clearfix\">\n<li class=\"product-prop line-limit-length\"><span class=\"property-title\">Apparence :\u00a0<\/span><span class=\"property-desc line-limit-length\">Forme cylindrique<\/span><\/li>\n<li class=\"product-prop line-limit-length\"><span class=\"property-title\">Batterie Compatible :\u00a0<\/span><span class=\"property-desc line-limit-length\">18350<\/span><\/li>\n<li class=\"product-prop line-limit-length\"><span class=\"property-title\">Fonction de Surveillance du Nombre de Fumeurs :\u00a0<\/span><span class=\"property-desc line-limit-length\">Non<\/span><\/li>\n<li class=\"product-prop line-limit-length\"><span class=\"property-title\">\u00c9tui en Silicone :\u00a0<\/span><span class=\"property-desc line-limit-length\">Non<\/span><\/li>\n<li class=\"product-prop line-limit-length\"><span class=\"property-title\">Contr\u00f4le de Temp\u00e9rature :\u00a0<\/span><span class=\"property-desc line-limit-length\">Non<\/span><\/li>\n<li class=\"product-prop line-limit-length\"><span class=\"property-title\">Batterie Int\u00e9gr\u00e9e ou Externe :\u00a0<\/span><span class=\"property-desc line-limit-length\">Int\u00e9gr\u00e9<\/span><\/li>\n<li class=\"product-prop line-limit-length\"><span class=\"property-title\">Fonction de Protection contre les Courts-Circuits :\u00a0<\/span><span class=\"property-desc line-limit-length\">Ja<\/span><\/li>\n<li class=\"product-prop line-limit-length\"><span class=\"property-title\">Fonction de Protection contre la Surchauffe :\u00a0<\/span><span class=\"property-desc line-limit-length\">Ja<\/span><\/li>\n<li class=\"product-prop line-limit-length\"><span class=\"property-title\">Fonction d'alarme de basse tension :\u00a0<\/span><span class=\"property-desc line-limit-length\">Non<\/span><\/li>\n<li class=\"product-prop line-limit-length\"><span class=\"property-title\">Fonction d'identification du vaporisateur :\u00a0<\/span><span class=\"property-desc line-limit-length\">Non<\/span><\/li>\n<li class=\"product-prop line-limit-length\"><span class=\"property-title\">Modes de r\u00e9glage TCR :\u00a0<\/span><span class=\"property-desc line-limit-length\">Non<\/span><\/li>\n<li class=\"product-prop line-limit-length\"><span class=\"property-title\">Capacit\u00e9 nominale :\u00a0<\/span><span class=\"property-desc line-limit-length\">&lt;700 mAh<\/span><\/li>\n<li class=\"product-prop line-limit-length\"><span class=\"property-title\">Mat\u00e9riau :\u00a0<\/span><span class=\"property-desc line-limit-length\">M\u00e9tal<\/span><\/li>\n<li class=\"product-prop line-limit-length\"><span class=\"property-title\">Mod\u00e8le compatible :\u00a0<\/span><span class=\"property-desc line-limit-length\">cire<\/span><\/li>\n<li class=\"product-prop line-limit-length\"><span class=\"property-title\">Num\u00e9ro de mod\u00e8le :\u00a0<\/span><span class=\"property-desc line-limit-length\">Vaporisateur de cire concentr\u00e9e ANIX BLADE<\/span><\/li>\n<li class=\"product-prop line-limit-length\"><span class=\"property-title\">Chargeur USB :\u00a0<\/span><span class=\"property-desc line-limit-length\">Ja<\/span><\/li>\n<li class=\"product-prop line-limit-length\"><span class=\"property-title\">Mise \u00e0 jour du firmware :\u00a0<\/span><span class=\"property-desc line-limit-length\">Non<\/span><\/li>\n<li class=\"product-prop line-limit-length\"><span class=\"property-title\">Affichage :\u00a0<\/span><span class=\"property-desc line-limit-length\">Non<\/span><\/li>\n<li class=\"product-prop line-limit-length\"><span class=\"property-title\">Type :\u00a0<\/span><span class=\"property-desc line-limit-length\">Avec batterie<\/span><\/li>\n<li class=\"product-prop line-limit-length\"><span class=\"property-title\">Nom de la marque :\u00a0<\/span><span class=\"property-desc line-limit-length\">SOUS-DEUX<\/span><\/li>\n<li class=\"product-prop line-limit-length\"><span class=\"property-title\">Origine :\u00a0<\/span><span class=\"property-desc line-limit-length\">CN (Origine)<\/span><\/li>\n<li class=\"product-prop line-limit-length\"><span class=\"property-title\">couleur :\u00a0<\/span><span class=\"property-desc line-limit-length\">noir\/blanc<\/span><\/li>\n<li class=\"product-prop line-limit-length\"><span class=\"property-title\">Utilisation :\u00a0<\/span><span class=\"property-desc line-limit-length\">vaporisateur de cire<\/span><\/li>\n<\/ul>\n<\/div>\n<div class=\"detailmodule_html\">\n<div class=\"detail-desc-decorate-richtext\">\n<div style=\", roboto, arial, helvetica, sans-serif, simsun;font-size: 14px; font-weight: 400; letter-spacing: normal; text-align: center; margin: 0px; padding: 0px;\" align=\"center\"><span id=\"tl_1\" style=\"font-size: 22px;\">Vaporisateur de cire concentr\u00e9e Anix Blade 650mAh batterie rechargeable Kit de d\u00e9marrage vaporisateur chambre en c\u00e9ramique blanc Coilless Ecig<\/span><\/div>\n<div style=\", roboto, arial, helvetica, sans-serif, simsun;font-size: 14px; font-weight: 400; letter-spacing: normal; margin: 0px; padding: 0px;\"><\/div>\n<div style=\", roboto, arial, helvetica, sans-serif, simsun;font-size: 14px; font-weight: 400; letter-spacing: normal; text-align: start; margin: 0px; padding: 0px;\" align=\"start\"><span style=\"font-size: 16px;\"><span style=\"font-size: 16px;\">Sp\u00e9cification :<br \/>\nM\u00e9thode de chauffage : chauffage par disque en c\u00e9ramique, sans fil ni bobine<br \/>\nMat\u00e9riau : m\u00e9tal<br \/>\nConnexion du embout buccal : type \u00e0 vis<br \/>\nCapacit\u00e9 de la batterie : 650mAh<br \/>\nTension de sortie : 5V\/1A<br \/>\nR\u00e9gulation de la temp\u00e9rature : bas, moyen, \u00e9lev\u00e9<br \/>\nCharge : micro-usb 5V, limit\u00e9e \u00e0 0,5A<br \/>\nTemps de charge : environ 1 heure<br \/>\nCycle de charge : plus de 300 fois<br \/>\nAvertissement : lumi\u00e8re rouge clignote en cas de basse tension ou court-circuit<br \/>\nTension\/ courant d'entr\u00e9e : 5V\/1A<br \/>\nPuissance de sortie : 30W-40W<\/span><\/span>Poids : 50g<br \/>\nCouleur : noir blancPaquet : 1 * lame<br \/>\n1 * chargeur USB<br \/>\n1 * Batterie<br \/>\n1 * bo\u00eete d'emballage blister<\/p>\n<p><img decoding=\"async\" loading=\"lazy\" style=\"border: 0px; margin: 0px; padding: 0px; max-width: 100%; width: 800px;\" src=\"https:\/\/ae01.alicdn.com\/kf\/Sc107004ee4e9490e9768bbc84e320e462.jpg?width=800&amp;height=800&amp;hash=1600\" width=\"800px\" \/><br \/>\n<img decoding=\"async\" loading=\"lazy\" style=\"border: 0px; margin: 0px; padding: 0px; max-width: 100%; width: 800px;\" src=\"https:\/\/ae01.alicdn.com\/kf\/Sde1bfbb82cc8424b84186cb7e7147303c.jpg?width=1800&amp;height=1800&amp;hash=3600\" width=\"800px\" \/><br \/>\n<img decoding=\"async\" loading=\"lazy\" style=\"border: 0px; margin: 0px; padding: 0px; max-width: 100%; width: 800px;\" src=\"https:\/\/ae01.alicdn.com\/kf\/S216965c42af14baab4f8373879b8f3d96.jpg?width=800&amp;height=800&amp;hash=1600\" width=\"800px\" \/><br \/>\n<img decoding=\"async\" loading=\"lazy\" style=\"border: 0px; margin: 0px; padding: 0px; max-width: 100%; width: 800px;\" src=\"https:\/\/ae01.alicdn.com\/kf\/S46ccfae6bae24dd28fa9db662488278aZ.jpg?width=800&amp;height=800&amp;hash=1600\" width=\"800px\" \/><br \/>\n<img decoding=\"async\" loading=\"lazy\" style=\"border: 0px; margin: 0px; padding: 0px; max-width: 100%; width: 800px;\" src=\"https:\/\/ae01.alicdn.com\/kf\/S75b445af34e147938ff99cbe6dc3c5c7z.jpg?width=800&amp;height=800&amp;hash=1600\" width=\"800px\" \/><br \/>\n<img decoding=\"async\" loading=\"lazy\" style=\"border: 0px; margin: 0px; padding: 0px; max-width: 100%; width: 800px;\" src=\"https:\/\/ae01.alicdn.com\/kf\/Sa19f22d7557d47c0b57644d742c4af78T.jpg?width=800&amp;height=800&amp;hash=1600\" width=\"800px\" \/><br \/>\n<img decoding=\"async\" loading=\"lazy\" style=\"border: 0px; margin: 0px; padding: 0px; max-width: 100%; width: 800px;\" src=\"https:\/\/ae01.alicdn.com\/kf\/S8eecf07abad749b08f6b614a85fb2f13W.jpg?width=800&amp;height=800&amp;hash=1600\" width=\"800px\" \/><br \/>\n<img decoding=\"async\" loading=\"lazy\" style=\"border: 0px; margin: 0px; padding: 0px; max-width: 100%; width: 800px;\" src=\"https:\/\/ae01.alicdn.com\/kf\/S90c9d455500948879a0ddde992446960O.jpg?width=800&amp;height=800&amp;hash=1600\" width=\"800px\" \/><br \/>\n<img decoding=\"async\" loading=\"lazy\" style=\"border: 0px; margin: 0px; padding: 0px; max-width: 100%; width: 800px;\" src=\"https:\/\/ae01.alicdn.com\/kf\/S877b2e9d951b42809260168f766604778.jpg?width=800&amp;height=800&amp;hash=1600\" width=\"800px\" \/><br \/>\n<img decoding=\"async\" loading=\"lazy\" style=\"border: 0px; margin: 0px; padding: 0px; max-width: 100%; width: 800px;\" src=\"https:\/\/ae01.alicdn.com\/kf\/Sd686f4febfe445258f2d1f21a9107772N.jpg?width=800&amp;height=800&amp;hash=1600\" width=\"800px\" \/><\/p>\n<\/div>\n<p>&nbsp;<\/p>\n<\/div>\n<\/div>","protected":false},"excerpt":{"rendered":"<p>&nbsp; Aussehen:\u00a0Zylindrische Form Kompatibler Akku:\u00a018350 \u00dcberwachung Funktion Von Rauchen Anzahl:\u00a0Nein Silikon Fall:\u00a0Nein Temperaturregelung:\u00a0Nein Eingebaute Oder Externe Batterie:\u00a0Eingebaute Kurzschlussschutz Funktion:\u00a0Ja \u00dcberhitzungsschutz-funktion:\u00a0Ja Niederspannungsalarmfunktion:\u00a0Nein Zerst\u00e4uber Identifikation Funktion:\u00a0Nein TCR Einstellung Modi:\u00a0Nein Nominale Kapazit\u00e4t:\u00a0&lt;700 mAh Material:\u00a0Metall Compatible Model:\u00a0wax Modellnummer:\u00a0ANIX BLADE Concentrate Wax Vape Pen Usb-ladeger\u00e4t:\u00a0Ja Firmware-upgrade:\u00a0Nein Display:\u00a0Nein Art:\u00a0Mit Batterie Markenname:\u00a0SUB TWO Ursprung:\u00a0CN (Herkunft) color:\u00a0black\/white use for:\u00a0wax vaporizer Anix Blade Konzentrat [&hellip;]<\/p>","protected":false},"featured_media":6821,"template":"","meta":{"inline_featured_image":false},"product_cat":[752,756,739,743,76,79,81],"product_tag":[],"tiered_pricing_type":"fixed","tiered_pricing_fixed_rules":[],"tiered_pricing_percentage_rules":[],"tiered_pricing_minimum":1,"_administrator_tiered_pricing_type":"fixed","_administrator_tiered_pricing_fixed_rules":[],"_editor_tiered_pricing_type":"fixed","_editor_tiered_pricing_fixed_rules":[],"_author_tiered_pricing_type":"fixed","_author_tiered_pricing_fixed_rules":[],"_contributor_tiered_pricing_type":"fixed","_contributor_tiered_pricing_fixed_rules":[],"_subscriber_tiered_pricing_type":"fixed","_subscriber_tiered_pricing_fixed_rules":[],"_customer_tiered_pricing_type":"fixed","_customer_tiered_pricing_fixed_rules":[],"_shop_manager_tiered_pricing_type":"fixed","_shop_manager_tiered_pricing_fixed_rules":[],"_wpseo_manager_tiered_pricing_type":"fixed","_wpseo_manager_tiered_pricing_fixed_rules":[],"_wpseo_editor_tiered_pricing_type":"fixed","_wpseo_editor_tiered_pricing_fixed_rules":[],"_wholesale_customer_tiered_pricing_type":"fixed","_wholesale_customer_tiered_pricing_fixed_rules":[],"_marketer_tiered_pricing_type":"fixed","_marketer_tiered_pricing_fixed_rules":[],"_sales_manager_tiered_pricing_type":"fixed","_sales_manager_tiered_pricing_fixed_rules":[],"_sales_rep_tiered_pricing_type":"fixed","_sales_rep_tiered_pricing_fixed_rules":[],"yoast_head":"<!-- This site is optimized with the Yoast SEO plugin v23.3 - https:\/\/yoast.com\/wordpress\/plugins\/seo\/ -->\n<title>Anix Blade Konzentrat Wachs Vape Pen 650mah Starter Kit | ElementVape.de<\/title>\n<meta name=\"description\" content=\"Wir bieten Anix Blade Konzentrat Wachs Vape Pen 650mah Starter Kit , Elementvape.de akzeptieren Gro\u00df-und Einzelhandel Bestellungen.\" \/>\n<meta name=\"robots\" content=\"index, follow, max-snippet:-1, max-image-preview:large, max-video-preview:-1\" \/>\n<link rel=\"canonical\" href=\"https:\/\/www.elementvape.de\/fr\/produkt\/anix-blade-konzentrat-wachs-vape-pen-650mah-starter-kit\/\" \/>\n<meta property=\"og:locale\" content=\"fr_FR\" \/>\n<meta property=\"og:type\" content=\"article\" \/>\n<meta property=\"og:title\" content=\"Anix Blade Konzentrat Wachs Vape Pen 650mah Starter Kit | ElementVape.de\" \/>\n<meta property=\"og:description\" content=\"Wir bieten Anix Blade Konzentrat Wachs Vape Pen 650mah Starter Kit , Elementvape.de akzeptieren Gro\u00df-und Einzelhandel Bestellungen.\" \/>\n<meta property=\"og:url\" content=\"https:\/\/www.elementvape.de\/fr\/produkt\/anix-blade-konzentrat-wachs-vape-pen-650mah-starter-kit\/\" \/>\n<meta property=\"og:site_name\" content=\"ElementVape.de\" \/>\n<meta property=\"article:modified_time\" content=\"2024-12-12T06:37:36+00:00\" \/>\n<meta property=\"og:image\" content=\"https:\/\/ae01.alicdn.com\/kf\/S1fb8e5c2a0c646e9b25e438f3154419bp\/Anix-Blade-Konzentrat-Wachs-Vape-Pen-650mah-wiederauf-ladbare-Batterie-Vapor-izer-Starter-Kit-Keramik-kammer.jpg\" \/>\n\t<meta property=\"og:image:width\" content=\"800\" \/>\n\t<meta property=\"og:image:height\" content=\"800\" \/>\n\t<meta property=\"og:image:type\" content=\"image\/jpeg\" \/>\n<meta name=\"twitter:card\" content=\"summary_large_image\" \/>\n<meta name=\"twitter:label1\" content=\"Est. reading time\" \/>\n\t<meta name=\"twitter:data1\" content=\"4 minutes\" \/>\n<script type=\"application\/ld+json\" class=\"yoast-schema-graph\">{\"@context\":\"https:\/\/schema.org\",\"@graph\":[{\"@type\":\"WebPage\",\"@id\":\"https:\/\/www.elementvape.de\/produkt\/anix-blade-konzentrat-wachs-vape-pen-650mah-starter-kit\/\",\"url\":\"https:\/\/www.elementvape.de\/produkt\/anix-blade-konzentrat-wachs-vape-pen-650mah-starter-kit\/\",\"name\":\"Anix Blade Konzentrat Wachs Vape Pen 650mah Starter Kit | ElementVape.de\",\"isPartOf\":{\"@id\":\"https:\/\/www.elementvape.de\/#website\"},\"primaryImageOfPage\":{\"@id\":\"https:\/\/www.elementvape.de\/produkt\/anix-blade-konzentrat-wachs-vape-pen-650mah-starter-kit\/#primaryimage\"},\"image\":{\"@id\":\"https:\/\/www.elementvape.de\/produkt\/anix-blade-konzentrat-wachs-vape-pen-650mah-starter-kit\/#primaryimage\"},\"thumbnailUrl\":\"https:\/\/ae01.alicdn.com\/kf\/S1fb8e5c2a0c646e9b25e438f3154419bp\/Anix-Blade-Konzentrat-Wachs-Vape-Pen-650mah-wiederauf-ladbare-Batterie-Vapor-izer-Starter-Kit-Keramik-kammer.jpg\",\"datePublished\":\"2024-04-20T03:43:26+00:00\",\"dateModified\":\"2024-12-12T06:37:36+00:00\",\"description\":\"Wir bieten Anix Blade Konzentrat Wachs Vape Pen 650mah Starter Kit , Elementvape.de akzeptieren Gro\u00df-und Einzelhandel Bestellungen.\",\"breadcrumb\":{\"@id\":\"https:\/\/www.elementvape.de\/produkt\/anix-blade-konzentrat-wachs-vape-pen-650mah-starter-kit\/#breadcrumb\"},\"inLanguage\":\"fr-FR\",\"potentialAction\":[{\"@type\":\"ReadAction\",\"target\":[\"https:\/\/www.elementvape.de\/produkt\/anix-blade-konzentrat-wachs-vape-pen-650mah-starter-kit\/\"]}]},{\"@type\":\"ImageObject\",\"inLanguage\":\"fr-FR\",\"@id\":\"https:\/\/www.elementvape.de\/produkt\/anix-blade-konzentrat-wachs-vape-pen-650mah-starter-kit\/#primaryimage\",\"url\":\"https:\/\/ae01.alicdn.com\/kf\/S1fb8e5c2a0c646e9b25e438f3154419bp\/Anix-Blade-Konzentrat-Wachs-Vape-Pen-650mah-wiederauf-ladbare-Batterie-Vapor-izer-Starter-Kit-Keramik-kammer.jpg\",\"contentUrl\":\"https:\/\/ae01.alicdn.com\/kf\/S1fb8e5c2a0c646e9b25e438f3154419bp\/Anix-Blade-Konzentrat-Wachs-Vape-Pen-650mah-wiederauf-ladbare-Batterie-Vapor-izer-Starter-Kit-Keramik-kammer.jpg\",\"width\":800,\"height\":800},{\"@type\":\"BreadcrumbList\",\"@id\":\"https:\/\/www.elementvape.de\/produkt\/anix-blade-konzentrat-wachs-vape-pen-650mah-starter-kit\/#breadcrumb\",\"itemListElement\":[{\"@type\":\"ListItem\",\"position\":1,\"name\":\"Home\",\"item\":\"https:\/\/www.elementvape.de\/\"},{\"@type\":\"ListItem\",\"position\":2,\"name\":\"Shop\",\"item\":\"https:\/\/www.elementvape.de\/shop\/\"},{\"@type\":\"ListItem\",\"position\":3,\"name\":\"Anix Blade Konzentrat Wachs Vape Pen 650mah Starter Kit\"}]},{\"@type\":\"WebSite\",\"@id\":\"https:\/\/www.elementvape.de\/#website\",\"url\":\"https:\/\/www.elementvape.de\/\",\"name\":\"ElementVape.de\",\"description\":\"\",\"publisher\":{\"@id\":\"https:\/\/www.elementvape.de\/#organization\"},\"potentialAction\":[{\"@type\":\"SearchAction\",\"target\":{\"@type\":\"EntryPoint\",\"urlTemplate\":\"https:\/\/www.elementvape.de\/?s={search_term_string}\"},\"query-input\":\"required name=search_term_string\"}],\"inLanguage\":\"fr-FR\"},{\"@type\":\"Organization\",\"@id\":\"https:\/\/www.elementvape.de\/#organization\",\"name\":\"ElementVape.DE\",\"url\":\"https:\/\/www.elementvape.de\/\",\"logo\":{\"@type\":\"ImageObject\",\"inLanguage\":\"fr-FR\",\"@id\":\"https:\/\/www.elementvape.de\/#\/schema\/logo\/image\/\",\"url\":\"https:\/\/www.elementvape.de\/wp-content\/uploads\/2024\/09\/cropped-1elementvape-3.png\",\"contentUrl\":\"https:\/\/www.elementvape.de\/wp-content\/uploads\/2024\/09\/cropped-1elementvape-3.png\",\"width\":285,\"height\":228,\"caption\":\"ElementVape.DE\"},\"image\":{\"@id\":\"https:\/\/www.elementvape.de\/#\/schema\/logo\/image\/\"}}]}<\/script>\n<!-- \/ Yoast SEO plugin. -->","yoast_head_json":{"title":"Anix Blade Konzentrat Wachs Vape Pen 650mah Starter Kit | ElementVape.de","description":"Wir bieten Anix Blade Konzentrat Wachs Vape Pen 650mah Starter Kit , Elementvape.de akzeptieren Gro\u00df-und Einzelhandel Bestellungen.","robots":{"index":"index","follow":"follow","max-snippet":"max-snippet:-1","max-image-preview":"max-image-preview:large","max-video-preview":"max-video-preview:-1"},"canonical":"https:\/\/www.elementvape.de\/fr\/produkt\/anix-blade-konzentrat-wachs-vape-pen-650mah-starter-kit\/","og_locale":"fr_FR","og_type":"article","og_title":"Anix Blade Konzentrat Wachs Vape Pen 650mah Starter Kit | ElementVape.de","og_description":"Wir bieten Anix Blade Konzentrat Wachs Vape Pen 650mah Starter Kit , Elementvape.de akzeptieren Gro\u00df-und Einzelhandel Bestellungen.","og_url":"https:\/\/www.elementvape.de\/fr\/produkt\/anix-blade-konzentrat-wachs-vape-pen-650mah-starter-kit\/","og_site_name":"ElementVape.de","article_modified_time":"2024-12-12T06:37:36+00:00","og_image":[{"width":800,"height":800,"url":"https:\/\/ae01.alicdn.com\/kf\/S1fb8e5c2a0c646e9b25e438f3154419bp\/Anix-Blade-Konzentrat-Wachs-Vape-Pen-650mah-wiederauf-ladbare-Batterie-Vapor-izer-Starter-Kit-Keramik-kammer.jpg","type":"image\/jpeg"}],"twitter_card":"summary_large_image","twitter_misc":{"Est. reading time":"4 minutes"},"schema":{"@context":"https:\/\/schema.org","@graph":[{"@type":"WebPage","@id":"https:\/\/www.elementvape.de\/produkt\/anix-blade-konzentrat-wachs-vape-pen-650mah-starter-kit\/","url":"https:\/\/www.elementvape.de\/produkt\/anix-blade-konzentrat-wachs-vape-pen-650mah-starter-kit\/","name":"Anix Blade Konzentrat Wachs Vape Pen 650mah Starter Kit | ElementVape.de","isPartOf":{"@id":"https:\/\/www.elementvape.de\/#website"},"primaryImageOfPage":{"@id":"https:\/\/www.elementvape.de\/produkt\/anix-blade-konzentrat-wachs-vape-pen-650mah-starter-kit\/#primaryimage"},"image":{"@id":"https:\/\/www.elementvape.de\/produkt\/anix-blade-konzentrat-wachs-vape-pen-650mah-starter-kit\/#primaryimage"},"thumbnailUrl":"https:\/\/ae01.alicdn.com\/kf\/S1fb8e5c2a0c646e9b25e438f3154419bp\/Anix-Blade-Konzentrat-Wachs-Vape-Pen-650mah-wiederauf-ladbare-Batterie-Vapor-izer-Starter-Kit-Keramik-kammer.jpg","datePublished":"2024-04-20T03:43:26+00:00","dateModified":"2024-12-12T06:37:36+00:00","description":"Wir bieten Anix Blade Konzentrat Wachs Vape Pen 650mah Starter Kit , Elementvape.de akzeptieren Gro\u00df-und Einzelhandel Bestellungen.","breadcrumb":{"@id":"https:\/\/www.elementvape.de\/produkt\/anix-blade-konzentrat-wachs-vape-pen-650mah-starter-kit\/#breadcrumb"},"inLanguage":"fr-FR","potentialAction":[{"@type":"ReadAction","target":["https:\/\/www.elementvape.de\/produkt\/anix-blade-konzentrat-wachs-vape-pen-650mah-starter-kit\/"]}]},{"@type":"ImageObject","inLanguage":"fr-FR","@id":"https:\/\/www.elementvape.de\/produkt\/anix-blade-konzentrat-wachs-vape-pen-650mah-starter-kit\/#primaryimage","url":"https:\/\/ae01.alicdn.com\/kf\/S1fb8e5c2a0c646e9b25e438f3154419bp\/Anix-Blade-Konzentrat-Wachs-Vape-Pen-650mah-wiederauf-ladbare-Batterie-Vapor-izer-Starter-Kit-Keramik-kammer.jpg","contentUrl":"https:\/\/ae01.alicdn.com\/kf\/S1fb8e5c2a0c646e9b25e438f3154419bp\/Anix-Blade-Konzentrat-Wachs-Vape-Pen-650mah-wiederauf-ladbare-Batterie-Vapor-izer-Starter-Kit-Keramik-kammer.jpg","width":800,"height":800},{"@type":"BreadcrumbList","@id":"https:\/\/www.elementvape.de\/produkt\/anix-blade-konzentrat-wachs-vape-pen-650mah-starter-kit\/#breadcrumb","itemListElement":[{"@type":"ListItem","position":1,"name":"Home","item":"https:\/\/www.elementvape.de\/"},{"@type":"ListItem","position":2,"name":"Shop","item":"https:\/\/www.elementvape.de\/shop\/"},{"@type":"ListItem","position":3,"name":"Anix Blade Konzentrat Wachs Vape Pen 650mah Starter Kit"}]},{"@type":"WebSite","@id":"https:\/\/www.elementvape.de\/#website","url":"https:\/\/www.elementvape.de\/","name":"ElementVape.de","description":"","publisher":{"@id":"https:\/\/www.elementvape.de\/#organization"},"potentialAction":[{"@type":"SearchAction","target":{"@type":"EntryPoint","urlTemplate":"https:\/\/www.elementvape.de\/?s={search_term_string}"},"query-input":"required name=search_term_string"}],"inLanguage":"fr-FR"},{"@type":"Organization","@id":"https:\/\/www.elementvape.de\/#organization","name":"ElementVape.DE","url":"https:\/\/www.elementvape.de\/","logo":{"@type":"ImageObject","inLanguage":"fr-FR","@id":"https:\/\/www.elementvape.de\/#\/schema\/logo\/image\/","url":"https:\/\/www.elementvape.de\/wp-content\/uploads\/2024\/09\/cropped-1elementvape-3.png","contentUrl":"https:\/\/www.elementvape.de\/wp-content\/uploads\/2024\/09\/cropped-1elementvape-3.png","width":285,"height":228,"caption":"ElementVape.DE"},"image":{"@id":"https:\/\/www.elementvape.de\/#\/schema\/logo\/image\/"}}]}},"_links":{"self":[{"href":"https:\/\/www.elementvape.de\/fr\/wp-json\/wp\/v2\/product\/6820"}],"collection":[{"href":"https:\/\/www.elementvape.de\/fr\/wp-json\/wp\/v2\/product"}],"about":[{"href":"https:\/\/www.elementvape.de\/fr\/wp-json\/wp\/v2\/types\/product"}],"wp:featuredmedia":[{"embeddable":true,"href":"https:\/\/www.elementvape.de\/fr\/wp-json\/wp\/v2\/media\/6821"}],"wp:attachment":[{"href":"https:\/\/www.elementvape.de\/fr\/wp-json\/wp\/v2\/media?parent=6820"}],"wp:term":[{"taxonomy":"product_cat","embeddable":true,"href":"https:\/\/www.elementvape.de\/fr\/wp-json\/wp\/v2\/product_cat?post=6820"},{"taxonomy":"product_tag","embeddable":true,"href":"https:\/\/www.elementvape.de\/fr\/wp-json\/wp\/v2\/product_tag?post=6820"}],"curies":[{"name":"wp","href":"https:\/\/api.w.org\/{rel}","templated":true}]}}