{"id":16293,"date":"2025-04-19T01:42:18","date_gmt":"2025-04-19T01:42:18","guid":{"rendered":"https:\/\/www.elementvape.de\/?post_type=product&#038;p=16293"},"modified":"2025-04-19T02:03:31","modified_gmt":"2025-04-19T02:03:31","slug":"bang-king-45000-zuege-geniesse-die-ultimative-geschmacksexplosion-aus-wassermelone-red-bull-erdbeer-kiwi-fuer-ganztaegigen-dampfgenuss","status":"publish","type":"product","link":"https:\/\/www.elementvape.de\/fr\/produkt\/bang-king-45000-zuege-geniesse-die-ultimative-geschmacksexplosion-aus-wassermelone-red-bull-erdbeer-kiwi-fuer-ganztaegigen-dampfgenuss\/","title":{"rendered":"BANG KING 45000 bouff\u00e9es Profitez de l'explosion de saveurs ultime de past\u00e8que, Red Bull &amp; kiwi fraise pour une vapeur toute la journ\u00e9e"},"content":{"rendered":"<h2 data-start=\"75\" data-end=\"156\">BANG KING 45000 Bouff\u00e9es Triple plaisir fruit\u00e9 pour les vapoteurs exigeants<\/h2>\n<p class=\"\" data-start=\"158\" data-end=\"443\">Le BANG KING 45000 Puff repr\u00e9sente un nouveau niveau de vapotage : puissant, intens\u00e9ment aromatique et totalement convivial. Avec trois chambres s\u00e9par\u00e9es pour le e-liquide, \u00e9quip\u00e9es de coils en mesh avanc\u00e9s, cet appareil allie diversit\u00e9 et qualit\u00e9 comme peu d'autres.<\/p>\n<h3 class=\"\" data-start=\"450\" data-end=\"493\">Triple saveur en un seul appareil<\/h3>\n<p class=\"\" data-start=\"495\" data-end=\"612\">Gr\u00e2ce \u00e0 la conception innovante \u00e0 3 chambres, vous pouvez profiter de trois ar\u00f4mes diff\u00e9rents \u2013 sans changer d'appareil :<\/p>\n<ul data-start=\"614\" data-end=\"813\">\n<li class=\"\" data-start=\"614\" data-end=\"669\">\n<p class=\"\" data-start=\"616\" data-end=\"669\">Past\u00e8que \u2013 Fruit\u00e9, juteux et rafra\u00eechissant<\/p>\n<\/li>\n<li class=\"\" data-start=\"670\" data-end=\"740\">\n<p class=\"\" data-start=\"672\" data-end=\"740\">Red Bull \u2013 \u00c9nergisant, p\u00e9tillant avec le coup d'\u00e9nergie typique<\/p>\n<\/li>\n<li class=\"\" data-start=\"741\" data-end=\"813\">\n<p class=\"\" data-start=\"743\" data-end=\"813\">Fraise Kiwi \u2013 Doux-acidul\u00e9 et exotique dans un \u00e9quilibre parfait<\/p>\n<\/li>\n<\/ul>\n<p class=\"\" data-start=\"815\" data-end=\"923\">La vari\u00e9t\u00e9 de saveurs garantit une exp\u00e9rience de vapotage durable qui ne devient pas ennuyeuse.<\/p>\n<h3 class=\"\" data-start=\"930\" data-end=\"970\">Aper\u00e7u des caract\u00e9ristiques techniques<\/h3>\n<p class=\"\" data-start=\"972\" data-end=\"1077\">Le BANG KING 45000 Puff n'est pas seulement un point fort gustatif \u2013 l'appareil impressionne \u00e9galement par ses caract\u00e9ristiques techniques :<\/p>\n<ul data-start=\"1079\" data-end=\"1471\">\n<li class=\"\" data-start=\"1079\" data-end=\"1107\">\n<p class=\"\" data-start=\"1081\" data-end=\"1107\">Bouff\u00e9es : jusqu'\u00e0 45000 bouff\u00e9es<\/p>\n<\/li>\n<li class=\"\" data-start=\"1108\" data-end=\"1153\">\n<p class=\"\" data-start=\"1110\" data-end=\"1153\">Capacit\u00e9 de e-liquide : 15 ml + 15 ml + 15 ml<\/p>\n<\/li>\n<li class=\"\" data-start=\"1154\" data-end=\"1197\">\n<p class=\"\" data-start=\"1156\" data-end=\"1197\">Type de coil : triple coil en mesh avec 1,0 Ohm<\/p>\n<\/li>\n<li class=\"\" data-start=\"1198\" data-end=\"1247\">\n<p class=\"\" data-start=\"1200\" data-end=\"1247\">Teneur en nicotine : 0, %, 2 %, 3 % ou 5 % au choix<\/p>\n<\/li>\n<li class=\"\" data-start=\"1248\" data-end=\"1282\">\n<p class=\"\" data-start=\"1250\" data-end=\"1282\">Batterie : 650 mAh, rechargeable<\/p>\n<\/li>\n<li class=\"\" data-start=\"1283\" data-end=\"1311\">\n<p class=\"\" data-start=\"1285\" data-end=\"1311\">Port de charge : USB Type-C<\/p>\n<\/li>\n<li class=\"\" data-start=\"1312\" data-end=\"1365\">\n<p class=\"\" data-start=\"1314\" data-end=\"1365\">Temps de charge : compl\u00e8tement charg\u00e9 en environ 2 heures<\/p>\n<\/li>\n<li class=\"\" data-start=\"1366\" data-end=\"1405\">\n<p class=\"\" data-start=\"1368\" data-end=\"1405\">Type d'appareil : Vape jetable (Disposable)<\/p>\n<\/li>\n<li class=\"\" data-start=\"1406\" data-end=\"1430\">\n<p class=\"\" data-start=\"1408\" data-end=\"1430\">S\u00e9rie : Fruits Series<\/p>\n<\/li>\n<li class=\"\" data-start=\"1431\" data-end=\"1471\">\n<p class=\"\" data-start=\"1433\" data-end=\"1471\">Unit\u00e9 d'emballage : 10 pi\u00e8ces par bo\u00eete<\/p>\n<\/li>\n<\/ul>\n<h3 class=\"\" data-start=\"1478\" data-end=\"1520\">Avantages du BANG KING 45000 bouff\u00e9es<\/h3>\n<ul data-start=\"1522\" data-end=\"1834\">\n<li class=\"\" data-start=\"1522\" data-end=\"1566\">\n<p class=\"\" data-start=\"1524\" data-end=\"1566\">Trois saveurs dans un seul appareil<\/p>\n<\/li>\n<li class=\"\" data-start=\"1567\" data-end=\"1619\">\n<p class=\"\" data-start=\"1569\" data-end=\"1619\">Nuages de vapeur intenses gr\u00e2ce \u00e0 la technologie Mesh Coil<\/p>\n<\/li>\n<li class=\"\" data-start=\"1620\" data-end=\"1665\">\n<p class=\"\" data-start=\"1622\" data-end=\"1665\">Pas besoin de recharger ou d'entretenir<\/p>\n<\/li>\n<li class=\"\" data-start=\"1666\" data-end=\"1709\">\n<p class=\"\" data-start=\"1668\" data-end=\"1709\">Fonction de charge rapide avec connecteur Type-C<\/p>\n<\/li>\n<li class=\"\" data-start=\"1710\" data-end=\"1774\">\n<p class=\"\" data-start=\"1712\" data-end=\"1774\">Choix de niveaux de nicotine pour diff\u00e9rents besoins des utilisateurs<\/p>\n<\/li>\n<li class=\"\" data-start=\"1775\" data-end=\"1834\">\n<p class=\"\" data-start=\"1777\" data-end=\"1834\">Id\u00e9al pour les d\u00e9placements, les voyages ou une utilisation quotidienne<\/p>\n<\/li>\n<\/ul>\n<h3 class=\"\" data-start=\"1841\" data-end=\"1884\">Pour qui est adapt\u00e9 le BANG KING ?<\/h3>\n<p class=\"\" data-start=\"1886\" data-end=\"2158\">Ce produit s'adresse aux vapoteurs recherchant un appareil simple mais puissant avec de la vari\u00e9t\u00e9. Que vous soyez en d\u00e9placement toute la journ\u00e9e ou que vous souhaitiez vous d\u00e9tendre \u00e0 la maison \u2013 le BANG KING vous offre \u00e0 tout moment un plaisir fiable de qualit\u00e9 premium.<\/p>\n<p class=\"\" data-start=\"2180\" data-end=\"2530\">Le BANG KING 45000 bouff\u00e9es combine technologie de pointe et go\u00fbt maximal. Trois saveurs fruit\u00e9es intenses, longue dur\u00e9e d'utilisation et facilit\u00e9 d'utilisation en font un choix excellent pour tous ceux qui attendent plus de leur exp\u00e9rience de vapotage. D\u00e9couvrez un monde de saveurs \u00e0 chaque bouff\u00e9e et profitez d'une exp\u00e9rience de vapotage personnalis\u00e9e sans compromis.<\/p>\n<p class=\"\" data-start=\"2532\" data-end=\"2584\">Testez d\u00e8s maintenant et d\u00e9couvrez la qualit\u00e9 de BANG KING.<\/p>","protected":false},"excerpt":{"rendered":"<p>BANG KING 45000 Z\u00fcge Dreifacher Fruchtgenuss f\u00fcr anspruchsvolle Dampfer Der BANG KING 45000 Puffs steht f\u00fcr ein neues Level des Dampfens: leistungsstark, geschmacksintensiv und absolut benutzerfreundlich. Mit drei separaten E-Liquid-Kammern, ausgestattet mit fortschrittlichen Mesh-Coils, vereint dieses Ger\u00e4t Vielfalt und Qualit\u00e4t wie kaum ein anderes. Dreifacher Geschmack in einem Ger\u00e4t Dank der innovativen 3-Kammer-Konstruktion kannst du [&hellip;]<\/p>","protected":false},"featured_media":16295,"template":"","meta":{"inline_featured_image":false},"product_cat":[779],"product_tag":[780],"tiered_pricing_type":"fixed","tiered_pricing_fixed_rules":[],"tiered_pricing_percentage_rules":[],"tiered_pricing_minimum":1,"_administrator_tiered_pricing_type":"fixed","_administrator_tiered_pricing_fixed_rules":[],"_editor_tiered_pricing_type":"fixed","_editor_tiered_pricing_fixed_rules":[],"_author_tiered_pricing_type":"fixed","_author_tiered_pricing_fixed_rules":[],"_contributor_tiered_pricing_type":"fixed","_contributor_tiered_pricing_fixed_rules":[],"_subscriber_tiered_pricing_type":"fixed","_subscriber_tiered_pricing_fixed_rules":[],"_customer_tiered_pricing_type":"fixed","_customer_tiered_pricing_fixed_rules":[],"_shop_manager_tiered_pricing_type":"fixed","_shop_manager_tiered_pricing_fixed_rules":[],"_wpseo_manager_tiered_pricing_type":"fixed","_wpseo_manager_tiered_pricing_fixed_rules":[],"_wpseo_editor_tiered_pricing_type":"fixed","_wpseo_editor_tiered_pricing_fixed_rules":[],"_wholesale_customer_tiered_pricing_type":"fixed","_wholesale_customer_tiered_pricing_fixed_rules":[],"_marketer_tiered_pricing_type":"fixed","_marketer_tiered_pricing_fixed_rules":[],"_sales_manager_tiered_pricing_type":"fixed","_sales_manager_tiered_pricing_fixed_rules":[],"_sales_rep_tiered_pricing_type":"fixed","_sales_rep_tiered_pricing_fixed_rules":[],"yoast_head":"<!-- This site is optimized with the Yoast SEO plugin v23.3 - https:\/\/yoast.com\/wordpress\/plugins\/seo\/ -->\n<title>BANG KING 45000 Z\u00fcge Genie\u00dfe die ultimative Geschmacksexplosion aus Wassermelone, Red Bull &amp; Erdbeer-Kiwi f\u00fcr ganzt\u00e4gigen Dampfgenuss | ElementVape.de<\/title>\n<meta name=\"description\" content=\"BANG KING 45000 Puffs mit 3 Geschmacksrichtungen: Wassermelone, Red Bull, Erdbeer-Kiwi. Intensiver Dampf, lange Laufzeit, Top-Genuss\" \/>\n<meta name=\"robots\" content=\"index, follow, max-snippet:-1, max-image-preview:large, max-video-preview:-1\" \/>\n<link rel=\"canonical\" href=\"https:\/\/www.elementvape.de\/fr\/produkt\/bang-king-45000-zuege-geniesse-die-ultimative-geschmacksexplosion-aus-wassermelone-red-bull-erdbeer-kiwi-fuer-ganztaegigen-dampfgenuss\/\" \/>\n<meta property=\"og:locale\" content=\"fr_FR\" \/>\n<meta property=\"og:type\" content=\"article\" \/>\n<meta property=\"og:title\" content=\"BANG KING 45000 Z\u00fcge Genie\u00dfe die ultimative Geschmacksexplosion aus Wassermelone, Red Bull &amp; Erdbeer-Kiwi f\u00fcr ganzt\u00e4gigen Dampfgenuss | ElementVape.de\" \/>\n<meta property=\"og:description\" content=\"BANG KING 45000 Puffs mit 3 Geschmacksrichtungen: Wassermelone, Red Bull, Erdbeer-Kiwi. Intensiver Dampf, lange Laufzeit, Top-Genuss\" \/>\n<meta property=\"og:url\" content=\"https:\/\/www.elementvape.de\/fr\/produkt\/bang-king-45000-zuege-geniesse-die-ultimative-geschmacksexplosion-aus-wassermelone-red-bull-erdbeer-kiwi-fuer-ganztaegigen-dampfgenuss\/\" \/>\n<meta property=\"og:site_name\" content=\"ElementVape.de\" \/>\n<meta property=\"article:modified_time\" content=\"2025-04-19T02:03:31+00:00\" \/>\n<meta property=\"og:image\" content=\"https:\/\/www.elementvape.de\/wp-content\/uploads\/2025\/04\/bangking45k-Watermelon-Red-Bull-Strawberry-Kiwi.jpg\" \/>\n\t<meta property=\"og:image:width\" content=\"679\" \/>\n\t<meta property=\"og:image:height\" content=\"750\" \/>\n\t<meta property=\"og:image:type\" content=\"image\/jpeg\" \/>\n<meta name=\"twitter:card\" content=\"summary_large_image\" \/>\n<meta name=\"twitter:label1\" content=\"Est. reading time\" \/>\n\t<meta name=\"twitter:data1\" content=\"2 minutes\" \/>\n<script type=\"application\/ld+json\" class=\"yoast-schema-graph\">{\"@context\":\"https:\/\/schema.org\",\"@graph\":[{\"@type\":\"WebPage\",\"@id\":\"https:\/\/www.elementvape.de\/produkt\/bang-king-45000-zuege-geniesse-die-ultimative-geschmacksexplosion-aus-wassermelone-red-bull-erdbeer-kiwi-fuer-ganztaegigen-dampfgenuss\/\",\"url\":\"https:\/\/www.elementvape.de\/produkt\/bang-king-45000-zuege-geniesse-die-ultimative-geschmacksexplosion-aus-wassermelone-red-bull-erdbeer-kiwi-fuer-ganztaegigen-dampfgenuss\/\",\"name\":\"BANG KING 45000 Z\u00fcge Genie\u00dfe die ultimative Geschmacksexplosion aus Wassermelone, Red Bull & Erdbeer-Kiwi f\u00fcr ganzt\u00e4gigen Dampfgenuss | ElementVape.de\",\"isPartOf\":{\"@id\":\"https:\/\/www.elementvape.de\/#website\"},\"primaryImageOfPage\":{\"@id\":\"https:\/\/www.elementvape.de\/produkt\/bang-king-45000-zuege-geniesse-die-ultimative-geschmacksexplosion-aus-wassermelone-red-bull-erdbeer-kiwi-fuer-ganztaegigen-dampfgenuss\/#primaryimage\"},\"image\":{\"@id\":\"https:\/\/www.elementvape.de\/produkt\/bang-king-45000-zuege-geniesse-die-ultimative-geschmacksexplosion-aus-wassermelone-red-bull-erdbeer-kiwi-fuer-ganztaegigen-dampfgenuss\/#primaryimage\"},\"thumbnailUrl\":\"https:\/\/www.elementvape.de\/wp-content\/uploads\/2025\/04\/bangking45k-Watermelon-Red-Bull-Strawberry-Kiwi.jpg\",\"datePublished\":\"2025-04-19T01:42:18+00:00\",\"dateModified\":\"2025-04-19T02:03:31+00:00\",\"description\":\"BANG KING 45000 Puffs mit 3 Geschmacksrichtungen: Wassermelone, Red Bull, Erdbeer-Kiwi. Intensiver Dampf, lange Laufzeit, Top-Genuss\",\"breadcrumb\":{\"@id\":\"https:\/\/www.elementvape.de\/produkt\/bang-king-45000-zuege-geniesse-die-ultimative-geschmacksexplosion-aus-wassermelone-red-bull-erdbeer-kiwi-fuer-ganztaegigen-dampfgenuss\/#breadcrumb\"},\"inLanguage\":\"fr-FR\",\"potentialAction\":[{\"@type\":\"ReadAction\",\"target\":[\"https:\/\/www.elementvape.de\/produkt\/bang-king-45000-zuege-geniesse-die-ultimative-geschmacksexplosion-aus-wassermelone-red-bull-erdbeer-kiwi-fuer-ganztaegigen-dampfgenuss\/\"]}]},{\"@type\":\"ImageObject\",\"inLanguage\":\"fr-FR\",\"@id\":\"https:\/\/www.elementvape.de\/produkt\/bang-king-45000-zuege-geniesse-die-ultimative-geschmacksexplosion-aus-wassermelone-red-bull-erdbeer-kiwi-fuer-ganztaegigen-dampfgenuss\/#primaryimage\",\"url\":\"https:\/\/www.elementvape.de\/wp-content\/uploads\/2025\/04\/bangking45k-Watermelon-Red-Bull-Strawberry-Kiwi.jpg\",\"contentUrl\":\"https:\/\/www.elementvape.de\/wp-content\/uploads\/2025\/04\/bangking45k-Watermelon-Red-Bull-Strawberry-Kiwi.jpg\",\"width\":679,\"height\":750},{\"@type\":\"BreadcrumbList\",\"@id\":\"https:\/\/www.elementvape.de\/produkt\/bang-king-45000-zuege-geniesse-die-ultimative-geschmacksexplosion-aus-wassermelone-red-bull-erdbeer-kiwi-fuer-ganztaegigen-dampfgenuss\/#breadcrumb\",\"itemListElement\":[{\"@type\":\"ListItem\",\"position\":1,\"name\":\"Home\",\"item\":\"https:\/\/www.elementvape.de\/\"},{\"@type\":\"ListItem\",\"position\":2,\"name\":\"Shop\",\"item\":\"https:\/\/www.elementvape.de\/shop\/\"},{\"@type\":\"ListItem\",\"position\":3,\"name\":\"BANG KING 45000 Z\u00fcge Genie\u00dfe die ultimative Geschmacksexplosion aus Wassermelone, Red Bull &#038; Erdbeer-Kiwi f\u00fcr ganzt\u00e4gigen Dampfgenuss\"}]},{\"@type\":\"WebSite\",\"@id\":\"https:\/\/www.elementvape.de\/#website\",\"url\":\"https:\/\/www.elementvape.de\/\",\"name\":\"ElementVape.de\",\"description\":\"\",\"publisher\":{\"@id\":\"https:\/\/www.elementvape.de\/#organization\"},\"potentialAction\":[{\"@type\":\"SearchAction\",\"target\":{\"@type\":\"EntryPoint\",\"urlTemplate\":\"https:\/\/www.elementvape.de\/?s={search_term_string}\"},\"query-input\":\"required name=search_term_string\"}],\"inLanguage\":\"fr-FR\"},{\"@type\":\"Organization\",\"@id\":\"https:\/\/www.elementvape.de\/#organization\",\"name\":\"ElementVape.DE\",\"url\":\"https:\/\/www.elementvape.de\/\",\"logo\":{\"@type\":\"ImageObject\",\"inLanguage\":\"fr-FR\",\"@id\":\"https:\/\/www.elementvape.de\/#\/schema\/logo\/image\/\",\"url\":\"https:\/\/www.elementvape.de\/wp-content\/uploads\/2024\/09\/cropped-1elementvape-3.png\",\"contentUrl\":\"https:\/\/www.elementvape.de\/wp-content\/uploads\/2024\/09\/cropped-1elementvape-3.png\",\"width\":285,\"height\":228,\"caption\":\"ElementVape.DE\"},\"image\":{\"@id\":\"https:\/\/www.elementvape.de\/#\/schema\/logo\/image\/\"}}]}<\/script>\n<!-- \/ Yoast SEO plugin. -->","yoast_head_json":{"title":"BANG KING 45000 Z\u00fcge Genie\u00dfe die ultimative Geschmacksexplosion aus Wassermelone, Red Bull & Erdbeer-Kiwi f\u00fcr ganzt\u00e4gigen Dampfgenuss | ElementVape.de","description":"BANG KING 45000 Puffs mit 3 Geschmacksrichtungen: Wassermelone, Red Bull, Erdbeer-Kiwi. Intensiver Dampf, lange Laufzeit, Top-Genuss","robots":{"index":"index","follow":"follow","max-snippet":"max-snippet:-1","max-image-preview":"max-image-preview:large","max-video-preview":"max-video-preview:-1"},"canonical":"https:\/\/www.elementvape.de\/fr\/produkt\/bang-king-45000-zuege-geniesse-die-ultimative-geschmacksexplosion-aus-wassermelone-red-bull-erdbeer-kiwi-fuer-ganztaegigen-dampfgenuss\/","og_locale":"fr_FR","og_type":"article","og_title":"BANG KING 45000 Z\u00fcge Genie\u00dfe die ultimative Geschmacksexplosion aus Wassermelone, Red Bull & Erdbeer-Kiwi f\u00fcr ganzt\u00e4gigen Dampfgenuss | ElementVape.de","og_description":"BANG KING 45000 Puffs mit 3 Geschmacksrichtungen: Wassermelone, Red Bull, Erdbeer-Kiwi. Intensiver Dampf, lange Laufzeit, Top-Genuss","og_url":"https:\/\/www.elementvape.de\/fr\/produkt\/bang-king-45000-zuege-geniesse-die-ultimative-geschmacksexplosion-aus-wassermelone-red-bull-erdbeer-kiwi-fuer-ganztaegigen-dampfgenuss\/","og_site_name":"ElementVape.de","article_modified_time":"2025-04-19T02:03:31+00:00","og_image":[{"width":679,"height":750,"url":"https:\/\/www.elementvape.de\/wp-content\/uploads\/2025\/04\/bangking45k-Watermelon-Red-Bull-Strawberry-Kiwi.jpg","type":"image\/jpeg"}],"twitter_card":"summary_large_image","twitter_misc":{"Est. reading time":"2 minutes"},"schema":{"@context":"https:\/\/schema.org","@graph":[{"@type":"WebPage","@id":"https:\/\/www.elementvape.de\/produkt\/bang-king-45000-zuege-geniesse-die-ultimative-geschmacksexplosion-aus-wassermelone-red-bull-erdbeer-kiwi-fuer-ganztaegigen-dampfgenuss\/","url":"https:\/\/www.elementvape.de\/produkt\/bang-king-45000-zuege-geniesse-die-ultimative-geschmacksexplosion-aus-wassermelone-red-bull-erdbeer-kiwi-fuer-ganztaegigen-dampfgenuss\/","name":"BANG KING 45000 Z\u00fcge Genie\u00dfe die ultimative Geschmacksexplosion aus Wassermelone, Red Bull & Erdbeer-Kiwi f\u00fcr ganzt\u00e4gigen Dampfgenuss | ElementVape.de","isPartOf":{"@id":"https:\/\/www.elementvape.de\/#website"},"primaryImageOfPage":{"@id":"https:\/\/www.elementvape.de\/produkt\/bang-king-45000-zuege-geniesse-die-ultimative-geschmacksexplosion-aus-wassermelone-red-bull-erdbeer-kiwi-fuer-ganztaegigen-dampfgenuss\/#primaryimage"},"image":{"@id":"https:\/\/www.elementvape.de\/produkt\/bang-king-45000-zuege-geniesse-die-ultimative-geschmacksexplosion-aus-wassermelone-red-bull-erdbeer-kiwi-fuer-ganztaegigen-dampfgenuss\/#primaryimage"},"thumbnailUrl":"https:\/\/www.elementvape.de\/wp-content\/uploads\/2025\/04\/bangking45k-Watermelon-Red-Bull-Strawberry-Kiwi.jpg","datePublished":"2025-04-19T01:42:18+00:00","dateModified":"2025-04-19T02:03:31+00:00","description":"BANG KING 45000 Puffs mit 3 Geschmacksrichtungen: Wassermelone, Red Bull, Erdbeer-Kiwi. Intensiver Dampf, lange Laufzeit, Top-Genuss","breadcrumb":{"@id":"https:\/\/www.elementvape.de\/produkt\/bang-king-45000-zuege-geniesse-die-ultimative-geschmacksexplosion-aus-wassermelone-red-bull-erdbeer-kiwi-fuer-ganztaegigen-dampfgenuss\/#breadcrumb"},"inLanguage":"fr-FR","potentialAction":[{"@type":"ReadAction","target":["https:\/\/www.elementvape.de\/produkt\/bang-king-45000-zuege-geniesse-die-ultimative-geschmacksexplosion-aus-wassermelone-red-bull-erdbeer-kiwi-fuer-ganztaegigen-dampfgenuss\/"]}]},{"@type":"ImageObject","inLanguage":"fr-FR","@id":"https:\/\/www.elementvape.de\/produkt\/bang-king-45000-zuege-geniesse-die-ultimative-geschmacksexplosion-aus-wassermelone-red-bull-erdbeer-kiwi-fuer-ganztaegigen-dampfgenuss\/#primaryimage","url":"https:\/\/www.elementvape.de\/wp-content\/uploads\/2025\/04\/bangking45k-Watermelon-Red-Bull-Strawberry-Kiwi.jpg","contentUrl":"https:\/\/www.elementvape.de\/wp-content\/uploads\/2025\/04\/bangking45k-Watermelon-Red-Bull-Strawberry-Kiwi.jpg","width":679,"height":750},{"@type":"BreadcrumbList","@id":"https:\/\/www.elementvape.de\/produkt\/bang-king-45000-zuege-geniesse-die-ultimative-geschmacksexplosion-aus-wassermelone-red-bull-erdbeer-kiwi-fuer-ganztaegigen-dampfgenuss\/#breadcrumb","itemListElement":[{"@type":"ListItem","position":1,"name":"Home","item":"https:\/\/www.elementvape.de\/"},{"@type":"ListItem","position":2,"name":"Shop","item":"https:\/\/www.elementvape.de\/shop\/"},{"@type":"ListItem","position":3,"name":"BANG KING 45000 Z\u00fcge Genie\u00dfe die ultimative Geschmacksexplosion aus Wassermelone, Red Bull &#038; Erdbeer-Kiwi f\u00fcr ganzt\u00e4gigen Dampfgenuss"}]},{"@type":"WebSite","@id":"https:\/\/www.elementvape.de\/#website","url":"https:\/\/www.elementvape.de\/","name":"ElementVape.de","description":"","publisher":{"@id":"https:\/\/www.elementvape.de\/#organization"},"potentialAction":[{"@type":"SearchAction","target":{"@type":"EntryPoint","urlTemplate":"https:\/\/www.elementvape.de\/?s={search_term_string}"},"query-input":"required name=search_term_string"}],"inLanguage":"fr-FR"},{"@type":"Organization","@id":"https:\/\/www.elementvape.de\/#organization","name":"ElementVape.DE","url":"https:\/\/www.elementvape.de\/","logo":{"@type":"ImageObject","inLanguage":"fr-FR","@id":"https:\/\/www.elementvape.de\/#\/schema\/logo\/image\/","url":"https:\/\/www.elementvape.de\/wp-content\/uploads\/2024\/09\/cropped-1elementvape-3.png","contentUrl":"https:\/\/www.elementvape.de\/wp-content\/uploads\/2024\/09\/cropped-1elementvape-3.png","width":285,"height":228,"caption":"ElementVape.DE"},"image":{"@id":"https:\/\/www.elementvape.de\/#\/schema\/logo\/image\/"}}]}},"_links":{"self":[{"href":"https:\/\/www.elementvape.de\/fr\/wp-json\/wp\/v2\/product\/16293"}],"collection":[{"href":"https:\/\/www.elementvape.de\/fr\/wp-json\/wp\/v2\/product"}],"about":[{"href":"https:\/\/www.elementvape.de\/fr\/wp-json\/wp\/v2\/types\/product"}],"wp:featuredmedia":[{"embeddable":true,"href":"https:\/\/www.elementvape.de\/fr\/wp-json\/wp\/v2\/media\/16295"}],"wp:attachment":[{"href":"https:\/\/www.elementvape.de\/fr\/wp-json\/wp\/v2\/media?parent=16293"}],"wp:term":[{"taxonomy":"product_cat","embeddable":true,"href":"https:\/\/www.elementvape.de\/fr\/wp-json\/wp\/v2\/product_cat?post=16293"},{"taxonomy":"product_tag","embeddable":true,"href":"https:\/\/www.elementvape.de\/fr\/wp-json\/wp\/v2\/product_tag?post=16293"}],"curies":[{"name":"wp","href":"https:\/\/api.w.org\/{rel}","templated":true}]}}