{"id":16283,"date":"2025-04-17T09:17:56","date_gmt":"2025-04-17T09:17:56","guid":{"rendered":"https:\/\/www.elementvape.de\/?post_type=product&#038;p=16283"},"modified":"2026-01-23T06:39:54","modified_gmt":"2026-01-23T06:39:54","slug":"bang-tornado-40000-mango-peach-exotisch-fruchtiger-genuss-mit-saftiger-mango-und-suessem-pfirsich","status":"publish","type":"product","link":"https:\/\/www.elementvape.de\/fr\/produkt\/bang-tornado-40000-mango-peach-exotisch-fruchtiger-genuss-mit-saftiger-mango-und-suessem-pfirsich\/","title":{"rendered":"Bang Tornado 40000 Mangue P\u00eache D\u00e9licieux exotique avec mangue juteuse et p\u00eache sucr\u00e9e"},"content":{"rendered":"<h2 data-start=\"0\" data-end=\"85\">Bang Tornado 40000 Mangue P\u00eache \u2013 Plaisir de vapotage exotique avec une intensit\u00e9 fruit\u00e9e<\/h2>\n<p class=\"\" data-start=\"87\" data-end=\"548\">Dans un monde de cigarettes \u00e9lectroniques, le Bang Tornado 40000 Mangue P\u00eache se distingue clairement par sa composition gustative tropicale et fruit\u00e9e et ses caract\u00e9ristiques de performance exceptionnelles. Cette cigarette \u00e9lectronique combine le go\u00fbt sucr\u00e9 et ensoleill\u00e9 de la mangue juteuse avec l'ar\u00f4me d\u00e9licat et cr\u00e9meux de la p\u00eache m\u00fbre \u2013 un m\u00e9lange harmonieux qui garantit une exp\u00e9rience gustative exceptionnelle tant pour les d\u00e9butants que pour les vapoteurs exp\u00e9riment\u00e9s.<\/p>\n<h3 class=\"\" data-start=\"550\" data-end=\"610\">Explosion de saveurs tropicales : la mangue rencontre la p\u00eache<\/h3>\n<p class=\"\" data-start=\"612\" data-end=\"1102\">Le point culminant central du Bang Tornado 40000 Mangue P\u00eache est sans aucun doute le go\u00fbt. La mangue apporte une douceur naturelle et un ar\u00f4me exotique qui rappelle les \u00eeles tropicales. En combinaison avec la p\u00eache, connue pour sa douceur velout\u00e9e, presque florale, il en r\u00e9sulte une exp\u00e9rience gustative ronde et onctueuse, avec de la profondeur et de la complexit\u00e9. Ces ar\u00f4mes sont parfaitement \u00e9quilibr\u00e9s \u2013 ni trop sucr\u00e9s, ni trop lourds, mais juste ce qu'il faut pour le plaisir quotidien.<\/p>\n<p class=\"\" data-start=\"1104\" data-end=\"1388\">\u00c0 chaque bouff\u00e9e, ce m\u00e9lange tropical se d\u00e9ploie sur la langue : d'abord, la fra\u00eecheur de la mangue arrive, suivie de la douceur l\u00e9g\u00e8re et douce de la p\u00eache. Le r\u00e9sultat est une vapeur agr\u00e9ablement douce, mais n\u00e9anmoins intense, qui persiste longtemps en bouche et donne envie d'en reprendre.<\/p>\n<h3 class=\"\" data-start=\"1390\" data-end=\"1423\">40000 bouff\u00e9es de pur plaisir<\/h3>\n<p class=\"\" data-start=\"1425\" data-end=\"1788\">L'une des caract\u00e9ristiques les plus impressionnantes du Bang Tornado 40000 Mangue P\u00eache est sa capacit\u00e9 de bouff\u00e9es extr\u00eamement \u00e9lev\u00e9e. Avec jusqu'\u00e0 40 000 bouff\u00e9es, cet appareil offre une long\u00e9vit\u00e9 exceptionnelle qui \u00e9tablit de nouvelles normes dans le monde des cigarettes \u00e9lectroniques jetables. Pas de remplissage constant ni de remplacement fr\u00e9quent \u2013 il suffit de d\u00e9baller et de profiter de semaines de plaisir.<\/p>\n<p class=\"\" data-start=\"1790\" data-end=\"2036\">Gr\u00e2ce au grand r\u00e9servoir d'e-liquide de 40 ml, une intensit\u00e9 de go\u00fbt constante est garantie \u00e0 tout moment. Le liquide est de haute qualit\u00e9 et assure un go\u00fbt constamment intense pendant toute la dur\u00e9e de vie de la cigarette \u00e9lectronique.<\/p>\n<h3 class=\"\" data-start=\"2038\" data-end=\"2088\">Une technique performante rencontre le confort<\/h3>\n<p class=\"\" data-start=\"2090\" data-end=\"2451\">Le Bang Tornado 40000 Mangue P\u00eache est \u00e9quip\u00e9 d'une batterie de 850 mAh qui assure une performance continue et fiable. Que tu vapotes r\u00e9guli\u00e8rement ou plut\u00f4t occasionnellement \u2013 la batterie tient ses promesses. En combinaison avec le port de charge rapide Type-C, l'appareil est rapidement pr\u00eat \u00e0 l'emploi lorsque la batterie est d\u00e9charg\u00e9e.<\/p>\n<p class=\"\" data-start=\"2453\" data-end=\"2732\">Un point fort particulier est la triple technologie Mesh-Coil, qui assure une vapeur particuli\u00e8rement dense et aromatique. Cette technologie de chauffage moderne renforce le go\u00fbt et fournit en m\u00eame temps de gros nuages de vapeur doux \u2013 id\u00e9al pour les connaisseurs qui appr\u00e9cient la qualit\u00e9.<\/p>\n<p class=\"\" data-start=\"2734\" data-end=\"2964\">De plus, le niveau de puissance peut \u00eatre r\u00e9gl\u00e9 individuellement, de sorte que tu peux d\u00e9terminer toi-m\u00eame l'intensit\u00e9 de ta vapeur. Tu l'aimes douce ou plut\u00f4t forte ? Avec le Bang Tornado 40000 Mangue P\u00eache, tu as le choix.<\/p>\n<h3 class=\"\" data-start=\"2966\" data-end=\"3005\">Un design avec une valeur de reconnaissance<\/h3>\n<p class=\"\" data-start=\"3007\" data-end=\"3458\">Outre sa sophistication technique, l'appareil convainc \u00e9galement par son design frappant et moderne. La forme rappelle un petit f\u00fbt de p\u00e9trole \u2013 compact, robuste et \u00e9l\u00e9gant \u00e0 la fois. Le format maniable fait du Bang Tornado 40000 le compagnon id\u00e9al au quotidien, en d\u00e9placement ou en voyage. La conception color\u00e9e de l'appareil s'inspire du go\u00fbt fruit\u00e9 et souligne le caract\u00e8re tropical du vapotage avec de la mangue et de la p\u00eache.<\/p>\n<h3 class=\"\" data-start=\"3460\" data-end=\"3524\">Le compagnon id\u00e9al au quotidien pour les amateurs de fruits<\/h3>\n<p class=\"\" data-start=\"3526\" data-end=\"3852\">Le Bang Tornado 40000 Mangue P\u00eache est plus qu'une simple cigarette \u00e9lectronique \u2013 c'est une d\u00e9claration pour tous ceux qui souhaitent vivre une exp\u00e9rience combinant go\u00fbt intense, haute qualit\u00e9 et technique moderne. La combinaison exotique de mangue et de p\u00eache offre une exp\u00e9rience de vapotage unique, \u00e0 la fois rafra\u00eechissante et bienfaisante.<\/p>\n<p class=\"\" data-start=\"3854\" data-end=\"4288\">Avec sa longue dur\u00e9e de vie, sa forte performance, sa puissance r\u00e9glable et son design incomparable, cet appareil s'adresse aux vapoteurs exigeants qui appr\u00e9cient le confort et le go\u00fbt. Que tu sois un fan des ar\u00f4mes fruit\u00e9s ou que tu veuilles simplement essayer quelque chose de nouveau \u2013 le Bang Tornado 40000 Mangue P\u00eache ne te d\u00e9cevra pas. Un v\u00e9ritable point fort parmi les vapeurs jetables !<\/p>","protected":false},"excerpt":{"rendered":"<p>Bang Tornado 40000 Mango Peach \u2013 Exotischer Dampfgenuss mit fruchtiger Intensit\u00e4t In einer Welt voller E-Zigaretten hebt sich der Bang Tornado 40000 Mango Peach durch seine tropisch-fruchtige Geschmackskomposition und au\u00dfergew\u00f6hnliche Leistungsmerkmale deutlich ab. Diese E-Zigarette kombiniert den s\u00fc\u00dfen, sonnengereiften Geschmack von saftiger Mango mit dem zarten, cremigen Aroma von reifem Pfirsich \u2013 eine harmonische Mischung, [&hellip;]<\/p>","protected":false},"featured_media":16261,"template":"","meta":{"inline_featured_image":false},"product_cat":[78],"product_tag":[710,777],"tiered_pricing_type":"fixed","tiered_pricing_fixed_rules":[],"tiered_pricing_percentage_rules":[],"tiered_pricing_minimum":1,"_administrator_tiered_pricing_type":"fixed","_administrator_tiered_pricing_fixed_rules":[],"_editor_tiered_pricing_type":"fixed","_editor_tiered_pricing_fixed_rules":[],"_author_tiered_pricing_type":"fixed","_author_tiered_pricing_fixed_rules":[],"_contributor_tiered_pricing_type":"fixed","_contributor_tiered_pricing_fixed_rules":[],"_subscriber_tiered_pricing_type":"fixed","_subscriber_tiered_pricing_fixed_rules":[],"_customer_tiered_pricing_type":"fixed","_customer_tiered_pricing_fixed_rules":[],"_shop_manager_tiered_pricing_type":"fixed","_shop_manager_tiered_pricing_fixed_rules":[],"_wpseo_manager_tiered_pricing_type":"fixed","_wpseo_manager_tiered_pricing_fixed_rules":[],"_wpseo_editor_tiered_pricing_type":"fixed","_wpseo_editor_tiered_pricing_fixed_rules":[],"_wholesale_customer_tiered_pricing_type":"fixed","_wholesale_customer_tiered_pricing_fixed_rules":[],"_marketer_tiered_pricing_type":"fixed","_marketer_tiered_pricing_fixed_rules":[],"_sales_manager_tiered_pricing_type":"fixed","_sales_manager_tiered_pricing_fixed_rules":[],"_sales_rep_tiered_pricing_type":"fixed","_sales_rep_tiered_pricing_fixed_rules":[],"yoast_head":"<!-- This site is optimized with the Yoast SEO plugin v23.3 - https:\/\/yoast.com\/wordpress\/plugins\/seo\/ -->\n<title>Bang Tornado 40000 Mango Peach Exotisch-fruchtiger Genuss mit saftiger Mango und s\u00fc\u00dfem Pfirsich | ElementVape.de<\/title>\n<meta name=\"description\" content=\"Bang Tornado 40000 Mango Peach \u2013 Genie\u00dfe den tropischen Mix aus reifer Mango und s\u00fc\u00dfem Pfirsich f\u00fcr ein intensives, langanhaltendes Dampferlebnis.\" \/>\n<meta name=\"robots\" content=\"index, follow, max-snippet:-1, max-image-preview:large, max-video-preview:-1\" \/>\n<link rel=\"canonical\" href=\"https:\/\/www.elementvape.de\/fr\/produkt\/bang-tornado-40000-mango-peach-exotisch-fruchtiger-genuss-mit-saftiger-mango-und-suessem-pfirsich\/\" \/>\n<meta property=\"og:locale\" content=\"fr_FR\" \/>\n<meta property=\"og:type\" content=\"article\" \/>\n<meta property=\"og:title\" content=\"Bang Tornado 40000 Mango Peach Exotisch-fruchtiger Genuss mit saftiger Mango und s\u00fc\u00dfem Pfirsich | ElementVape.de\" \/>\n<meta property=\"og:description\" content=\"Bang Tornado 40000 Mango Peach \u2013 Genie\u00dfe den tropischen Mix aus reifer Mango und s\u00fc\u00dfem Pfirsich f\u00fcr ein intensives, langanhaltendes Dampferlebnis.\" \/>\n<meta property=\"og:url\" content=\"https:\/\/www.elementvape.de\/fr\/produkt\/bang-tornado-40000-mango-peach-exotisch-fruchtiger-genuss-mit-saftiger-mango-und-suessem-pfirsich\/\" \/>\n<meta property=\"og:site_name\" content=\"ElementVape.de\" \/>\n<meta property=\"article:modified_time\" content=\"2026-01-23T06:39:54+00:00\" \/>\n<meta property=\"og:image\" content=\"https:\/\/www.elementvape.de\/wp-content\/uploads\/2025\/04\/40k-mango-peach.png\" \/>\n\t<meta property=\"og:image:width\" content=\"600\" \/>\n\t<meta property=\"og:image:height\" content=\"562\" \/>\n\t<meta property=\"og:image:type\" content=\"image\/png\" \/>\n<meta name=\"twitter:card\" content=\"summary_large_image\" \/>\n<meta name=\"twitter:label1\" content=\"Est. reading time\" \/>\n\t<meta name=\"twitter:data1\" content=\"4 minutes\" \/>\n<script type=\"application\/ld+json\" class=\"yoast-schema-graph\">{\"@context\":\"https:\/\/schema.org\",\"@graph\":[{\"@type\":\"WebPage\",\"@id\":\"https:\/\/www.elementvape.de\/produkt\/bang-tornado-40000-mango-peach-exotisch-fruchtiger-genuss-mit-saftiger-mango-und-suessem-pfirsich\/\",\"url\":\"https:\/\/www.elementvape.de\/produkt\/bang-tornado-40000-mango-peach-exotisch-fruchtiger-genuss-mit-saftiger-mango-und-suessem-pfirsich\/\",\"name\":\"Bang Tornado 40000 Mango Peach Exotisch-fruchtiger Genuss mit saftiger Mango und s\u00fc\u00dfem Pfirsich | ElementVape.de\",\"isPartOf\":{\"@id\":\"https:\/\/www.elementvape.de\/#website\"},\"primaryImageOfPage\":{\"@id\":\"https:\/\/www.elementvape.de\/produkt\/bang-tornado-40000-mango-peach-exotisch-fruchtiger-genuss-mit-saftiger-mango-und-suessem-pfirsich\/#primaryimage\"},\"image\":{\"@id\":\"https:\/\/www.elementvape.de\/produkt\/bang-tornado-40000-mango-peach-exotisch-fruchtiger-genuss-mit-saftiger-mango-und-suessem-pfirsich\/#primaryimage\"},\"thumbnailUrl\":\"https:\/\/www.elementvape.de\/wp-content\/uploads\/2025\/04\/40k-mango-peach.png\",\"datePublished\":\"2025-04-17T09:17:56+00:00\",\"dateModified\":\"2026-01-23T06:39:54+00:00\",\"description\":\"Bang Tornado 40000 Mango Peach \u2013 Genie\u00dfe den tropischen Mix aus reifer Mango und s\u00fc\u00dfem Pfirsich f\u00fcr ein intensives, langanhaltendes Dampferlebnis.\",\"breadcrumb\":{\"@id\":\"https:\/\/www.elementvape.de\/produkt\/bang-tornado-40000-mango-peach-exotisch-fruchtiger-genuss-mit-saftiger-mango-und-suessem-pfirsich\/#breadcrumb\"},\"inLanguage\":\"fr-FR\",\"potentialAction\":[{\"@type\":\"ReadAction\",\"target\":[\"https:\/\/www.elementvape.de\/produkt\/bang-tornado-40000-mango-peach-exotisch-fruchtiger-genuss-mit-saftiger-mango-und-suessem-pfirsich\/\"]}]},{\"@type\":\"ImageObject\",\"inLanguage\":\"fr-FR\",\"@id\":\"https:\/\/www.elementvape.de\/produkt\/bang-tornado-40000-mango-peach-exotisch-fruchtiger-genuss-mit-saftiger-mango-und-suessem-pfirsich\/#primaryimage\",\"url\":\"https:\/\/www.elementvape.de\/wp-content\/uploads\/2025\/04\/40k-mango-peach.png\",\"contentUrl\":\"https:\/\/www.elementvape.de\/wp-content\/uploads\/2025\/04\/40k-mango-peach.png\",\"width\":600,\"height\":562},{\"@type\":\"BreadcrumbList\",\"@id\":\"https:\/\/www.elementvape.de\/produkt\/bang-tornado-40000-mango-peach-exotisch-fruchtiger-genuss-mit-saftiger-mango-und-suessem-pfirsich\/#breadcrumb\",\"itemListElement\":[{\"@type\":\"ListItem\",\"position\":1,\"name\":\"Home\",\"item\":\"https:\/\/www.elementvape.de\/\"},{\"@type\":\"ListItem\",\"position\":2,\"name\":\"Shop\",\"item\":\"https:\/\/www.elementvape.de\/shop\/\"},{\"@type\":\"ListItem\",\"position\":3,\"name\":\"Bang Tornado 40000 Mango Peach Exotisch-fruchtiger Genuss mit saftiger Mango und s\u00fc\u00dfem Pfirsich\"}]},{\"@type\":\"WebSite\",\"@id\":\"https:\/\/www.elementvape.de\/#website\",\"url\":\"https:\/\/www.elementvape.de\/\",\"name\":\"ElementVape.de\",\"description\":\"\",\"publisher\":{\"@id\":\"https:\/\/www.elementvape.de\/#organization\"},\"potentialAction\":[{\"@type\":\"SearchAction\",\"target\":{\"@type\":\"EntryPoint\",\"urlTemplate\":\"https:\/\/www.elementvape.de\/?s={search_term_string}\"},\"query-input\":\"required name=search_term_string\"}],\"inLanguage\":\"fr-FR\"},{\"@type\":\"Organization\",\"@id\":\"https:\/\/www.elementvape.de\/#organization\",\"name\":\"ElementVape.DE\",\"url\":\"https:\/\/www.elementvape.de\/\",\"logo\":{\"@type\":\"ImageObject\",\"inLanguage\":\"fr-FR\",\"@id\":\"https:\/\/www.elementvape.de\/#\/schema\/logo\/image\/\",\"url\":\"https:\/\/www.elementvape.de\/wp-content\/uploads\/2024\/09\/cropped-1elementvape-3.png\",\"contentUrl\":\"https:\/\/www.elementvape.de\/wp-content\/uploads\/2024\/09\/cropped-1elementvape-3.png\",\"width\":285,\"height\":228,\"caption\":\"ElementVape.DE\"},\"image\":{\"@id\":\"https:\/\/www.elementvape.de\/#\/schema\/logo\/image\/\"}}]}<\/script>\n<!-- \/ Yoast SEO plugin. -->","yoast_head_json":{"title":"Bang Tornado 40000 Mango Peach Exotisch-fruchtiger Genuss mit saftiger Mango und s\u00fc\u00dfem Pfirsich | ElementVape.de","description":"Bang Tornado 40000 Mango Peach \u2013 Genie\u00dfe den tropischen Mix aus reifer Mango und s\u00fc\u00dfem Pfirsich f\u00fcr ein intensives, langanhaltendes Dampferlebnis.","robots":{"index":"index","follow":"follow","max-snippet":"max-snippet:-1","max-image-preview":"max-image-preview:large","max-video-preview":"max-video-preview:-1"},"canonical":"https:\/\/www.elementvape.de\/fr\/produkt\/bang-tornado-40000-mango-peach-exotisch-fruchtiger-genuss-mit-saftiger-mango-und-suessem-pfirsich\/","og_locale":"fr_FR","og_type":"article","og_title":"Bang Tornado 40000 Mango Peach Exotisch-fruchtiger Genuss mit saftiger Mango und s\u00fc\u00dfem Pfirsich | ElementVape.de","og_description":"Bang Tornado 40000 Mango Peach \u2013 Genie\u00dfe den tropischen Mix aus reifer Mango und s\u00fc\u00dfem Pfirsich f\u00fcr ein intensives, langanhaltendes Dampferlebnis.","og_url":"https:\/\/www.elementvape.de\/fr\/produkt\/bang-tornado-40000-mango-peach-exotisch-fruchtiger-genuss-mit-saftiger-mango-und-suessem-pfirsich\/","og_site_name":"ElementVape.de","article_modified_time":"2026-01-23T06:39:54+00:00","og_image":[{"width":600,"height":562,"url":"https:\/\/www.elementvape.de\/wp-content\/uploads\/2025\/04\/40k-mango-peach.png","type":"image\/png"}],"twitter_card":"summary_large_image","twitter_misc":{"Est. reading time":"4 minutes"},"schema":{"@context":"https:\/\/schema.org","@graph":[{"@type":"WebPage","@id":"https:\/\/www.elementvape.de\/produkt\/bang-tornado-40000-mango-peach-exotisch-fruchtiger-genuss-mit-saftiger-mango-und-suessem-pfirsich\/","url":"https:\/\/www.elementvape.de\/produkt\/bang-tornado-40000-mango-peach-exotisch-fruchtiger-genuss-mit-saftiger-mango-und-suessem-pfirsich\/","name":"Bang Tornado 40000 Mango Peach Exotisch-fruchtiger Genuss mit saftiger Mango und s\u00fc\u00dfem Pfirsich | ElementVape.de","isPartOf":{"@id":"https:\/\/www.elementvape.de\/#website"},"primaryImageOfPage":{"@id":"https:\/\/www.elementvape.de\/produkt\/bang-tornado-40000-mango-peach-exotisch-fruchtiger-genuss-mit-saftiger-mango-und-suessem-pfirsich\/#primaryimage"},"image":{"@id":"https:\/\/www.elementvape.de\/produkt\/bang-tornado-40000-mango-peach-exotisch-fruchtiger-genuss-mit-saftiger-mango-und-suessem-pfirsich\/#primaryimage"},"thumbnailUrl":"https:\/\/www.elementvape.de\/wp-content\/uploads\/2025\/04\/40k-mango-peach.png","datePublished":"2025-04-17T09:17:56+00:00","dateModified":"2026-01-23T06:39:54+00:00","description":"Bang Tornado 40000 Mango Peach \u2013 Genie\u00dfe den tropischen Mix aus reifer Mango und s\u00fc\u00dfem Pfirsich f\u00fcr ein intensives, langanhaltendes Dampferlebnis.","breadcrumb":{"@id":"https:\/\/www.elementvape.de\/produkt\/bang-tornado-40000-mango-peach-exotisch-fruchtiger-genuss-mit-saftiger-mango-und-suessem-pfirsich\/#breadcrumb"},"inLanguage":"fr-FR","potentialAction":[{"@type":"ReadAction","target":["https:\/\/www.elementvape.de\/produkt\/bang-tornado-40000-mango-peach-exotisch-fruchtiger-genuss-mit-saftiger-mango-und-suessem-pfirsich\/"]}]},{"@type":"ImageObject","inLanguage":"fr-FR","@id":"https:\/\/www.elementvape.de\/produkt\/bang-tornado-40000-mango-peach-exotisch-fruchtiger-genuss-mit-saftiger-mango-und-suessem-pfirsich\/#primaryimage","url":"https:\/\/www.elementvape.de\/wp-content\/uploads\/2025\/04\/40k-mango-peach.png","contentUrl":"https:\/\/www.elementvape.de\/wp-content\/uploads\/2025\/04\/40k-mango-peach.png","width":600,"height":562},{"@type":"BreadcrumbList","@id":"https:\/\/www.elementvape.de\/produkt\/bang-tornado-40000-mango-peach-exotisch-fruchtiger-genuss-mit-saftiger-mango-und-suessem-pfirsich\/#breadcrumb","itemListElement":[{"@type":"ListItem","position":1,"name":"Home","item":"https:\/\/www.elementvape.de\/"},{"@type":"ListItem","position":2,"name":"Shop","item":"https:\/\/www.elementvape.de\/shop\/"},{"@type":"ListItem","position":3,"name":"Bang Tornado 40000 Mango Peach Exotisch-fruchtiger Genuss mit saftiger Mango und s\u00fc\u00dfem Pfirsich"}]},{"@type":"WebSite","@id":"https:\/\/www.elementvape.de\/#website","url":"https:\/\/www.elementvape.de\/","name":"ElementVape.de","description":"","publisher":{"@id":"https:\/\/www.elementvape.de\/#organization"},"potentialAction":[{"@type":"SearchAction","target":{"@type":"EntryPoint","urlTemplate":"https:\/\/www.elementvape.de\/?s={search_term_string}"},"query-input":"required name=search_term_string"}],"inLanguage":"fr-FR"},{"@type":"Organization","@id":"https:\/\/www.elementvape.de\/#organization","name":"ElementVape.DE","url":"https:\/\/www.elementvape.de\/","logo":{"@type":"ImageObject","inLanguage":"fr-FR","@id":"https:\/\/www.elementvape.de\/#\/schema\/logo\/image\/","url":"https:\/\/www.elementvape.de\/wp-content\/uploads\/2024\/09\/cropped-1elementvape-3.png","contentUrl":"https:\/\/www.elementvape.de\/wp-content\/uploads\/2024\/09\/cropped-1elementvape-3.png","width":285,"height":228,"caption":"ElementVape.DE"},"image":{"@id":"https:\/\/www.elementvape.de\/#\/schema\/logo\/image\/"}}]}},"_links":{"self":[{"href":"https:\/\/www.elementvape.de\/fr\/wp-json\/wp\/v2\/product\/16283"}],"collection":[{"href":"https:\/\/www.elementvape.de\/fr\/wp-json\/wp\/v2\/product"}],"about":[{"href":"https:\/\/www.elementvape.de\/fr\/wp-json\/wp\/v2\/types\/product"}],"wp:featuredmedia":[{"embeddable":true,"href":"https:\/\/www.elementvape.de\/fr\/wp-json\/wp\/v2\/media\/16261"}],"wp:attachment":[{"href":"https:\/\/www.elementvape.de\/fr\/wp-json\/wp\/v2\/media?parent=16283"}],"wp:term":[{"taxonomy":"product_cat","embeddable":true,"href":"https:\/\/www.elementvape.de\/fr\/wp-json\/wp\/v2\/product_cat?post=16283"},{"taxonomy":"product_tag","embeddable":true,"href":"https:\/\/www.elementvape.de\/fr\/wp-json\/wp\/v2\/product_tag?post=16283"}],"curies":[{"name":"wp","href":"https:\/\/api.w.org\/{rel}","templated":true}]}}