{"id":16248,"date":"2025-04-17T07:14:55","date_gmt":"2025-04-17T07:14:55","guid":{"rendered":"https:\/\/www.elementvape.de\/?post_type=product&#038;p=16248"},"modified":"2025-04-17T09:36:00","modified_gmt":"2025-04-17T09:36:00","slug":"bang-50000-zuege-strawberry-watermelon-kiwi-passion-fruit-guava-fruchtiger-genuss","status":"publish","type":"product","link":"https:\/\/www.elementvape.de\/fr\/produkt\/bang-50000-zuege-strawberry-watermelon-kiwi-passion-fruit-guava-fruchtiger-genuss\/","title":{"rendered":"Bang 50000 Bouff\u00e9es Fraise Past\u00e8que Kiwi Fruit de la Passion Goyave Plaisir Fruit\u00e9"},"content":{"rendered":"<h2 data-start=\"0\" data-end=\"100\">Bang 50000 Bouff\u00e9es Fraise Past\u00e8que et Fruit de la Passion Kiwi \u2013 L'exp\u00e9rience fruit\u00e9e ultime<\/h2>\n<p class=\"\" data-start=\"102\" data-end=\"634\">Le Bang 50000 Bouff\u00e9es est le compagnon parfait pour les vapoteurs \u00e0 la recherche d'une exp\u00e9rience gustative intense et vari\u00e9e. Avec la combinaison unique de Fraise Past\u00e8que et Fruit de la Passion Kiwi, ce Vape Jetable offre un plaisir fruit\u00e9 qui s\u00e9duit tous vos sens. Le Bang 50000 est un appareil puissant avec une capacit\u00e9 impressionnante de 50 000 bouff\u00e9es, id\u00e9al pour ceux qui recherchent un go\u00fbt durable qui ne s'estompe pas rapidement.<\/p>\n<h3 class=\"\" data-start=\"636\" data-end=\"678\">Deux saveurs rafra\u00eechissantes<\/h3>\n<p class=\"\" data-start=\"680\" data-end=\"1305\">La combinaison de Fraise Past\u00e8que et Fruit de la Passion Kiwi est une v\u00e9ritable explosion de saveurs. Fraise Past\u00e8que apporte la douceur juteuse de la fraise combin\u00e9e \u00e0 la fra\u00eecheur et \u00e0 la vivacit\u00e9 de la past\u00e8que. Ce m\u00e9lange offre un d\u00e9part fruit\u00e9 parfait \u00e0 chaque bouff\u00e9e. D'autre part, Kiwi Fruit de la Passion et Guava cr\u00e9e un m\u00e9lange exotique et tropical qui r\u00e9unit le go\u00fbt de kiwis m\u00fbrs, de fruit de la passion fruit\u00e9 et de guave sucr\u00e9e. Ensemble, ces deux saveurs offrent une exp\u00e9rience de vapotage ultime \u2013 douce, rafra\u00eechissante et pleine d'ar\u00f4mes tropicaux.<\/p>\n<h3 class=\"\" data-start=\"1307\" data-end=\"1357\">Sp\u00e9cifications techniques du Bang 50000 Bouff\u00e9es<\/h3>\n<p class=\"\" data-start=\"1359\" data-end=\"1666\">Le Bang 50000 Bouff\u00e9es impressionne non seulement par son go\u00fbt exceptionnel, mais aussi par ses sp\u00e9cifications techniques remarquables. Cet appareil offre une grande capacit\u00e9, parfaitement adapt\u00e9e aux vapoteurs qui souhaitent profiter longtemps. Voici les principales caract\u00e9ristiques du Bang 50000 Bouff\u00e9es :<\/p>\n<div class=\"group pointer-events-none relative flex justify-center *:pointer-events-auto\">\n<p>&nbsp;<\/p>\n<div class=\"tableContainer horzScrollShadows relative\">\n<table class=\"min-w-full\" data-start=\"1668\" data-end=\"2547\">\n<thead data-start=\"1668\" data-end=\"1745\">\n<tr data-start=\"1668\" data-end=\"1745\">\n<th data-start=\"1668\" data-end=\"1698\">Caract\u00e9ristique<\/th>\n<th data-start=\"1698\" data-end=\"1745\">D\u00e9tails<\/th>\n<\/tr>\n<\/thead>\n<tbody data-start=\"1824\" data-end=\"2547\">\n<tr data-start=\"1824\" data-end=\"1900\">\n<td class=\"max-w-[calc(var(--thread-content-max-width)*2\/3)]\" data-start=\"1824\" data-end=\"1854\">Mod\u00e8le<\/td>\n<td class=\"max-w-[calc(var(--thread-content-max-width)*2\/3)]\" data-start=\"1854\" data-end=\"1900\">Fus\u00e9e 50000 Bouff\u00e9es<\/td>\n<\/tr>\n<tr data-start=\"1901\" data-end=\"1977\">\n<td class=\"max-w-[calc(var(--thread-content-max-width)*2\/3)]\" data-start=\"1901\" data-end=\"1931\">Contenu<\/td>\n<td class=\"max-w-[calc(var(--thread-content-max-width)*2\/3)]\" data-start=\"1931\" data-end=\"1977\">50 ml de e-liquide<\/td>\n<\/tr>\n<tr data-start=\"1978\" data-end=\"2054\">\n<td class=\"max-w-[calc(var(--thread-content-max-width)*2\/3)]\" data-start=\"1978\" data-end=\"2008\">Bouff\u00e9es<\/td>\n<td class=\"max-w-[calc(var(--thread-content-max-width)*2\/3)]\" data-start=\"2008\" data-end=\"2054\">Jusqu'\u00e0 50 000 bouff\u00e9es<\/td>\n<\/tr>\n<tr data-start=\"2055\" data-end=\"2131\">\n<td class=\"max-w-[calc(var(--thread-content-max-width)*2\/3)]\" data-start=\"2055\" data-end=\"2085\">Batterie<\/td>\n<td class=\"max-w-[calc(var(--thread-content-max-width)*2\/3)]\" data-start=\"2085\" data-end=\"2131\">850 mAh<\/td>\n<\/tr>\n<tr data-start=\"2132\" data-end=\"2208\">\n<td class=\"max-w-[calc(var(--thread-content-max-width)*2\/3)]\" data-start=\"2132\" data-end=\"2162\">Coil (Bobine)<\/td>\n<td class=\"max-w-[calc(var(--thread-content-max-width)*2\/3)]\" data-start=\"2162\" data-end=\"2208\">M\u00e8che en mesh<\/td>\n<\/tr>\n<tr data-start=\"2209\" data-end=\"2285\">\n<td class=\"max-w-[calc(var(--thread-content-max-width)*2\/3)]\" data-start=\"2209\" data-end=\"2239\">Port de charge<\/td>\n<td class=\"max-w-[calc(var(--thread-content-max-width)*2\/3)]\" data-start=\"2239\" data-end=\"2285\">Type-C (charge rapide)<\/td>\n<\/tr>\n<tr data-start=\"2286\" data-end=\"2362\">\n<td class=\"max-w-[calc(var(--thread-content-max-width)*2\/3)]\" data-start=\"2286\" data-end=\"2316\">Niveaux de nicotine<\/td>\n<td class=\"max-w-[calc(var(--thread-content-max-width)*2\/3)]\" data-start=\"2316\" data-end=\"2362\">0%, 2%, 3%, 5%<\/td>\n<\/tr>\n<tr data-start=\"2363\" data-end=\"2466\">\n<td class=\"max-w-[calc(var(--thread-content-max-width)*2\/3)]\" data-start=\"2363\" data-end=\"2393\">Ingr\u00e9dients<\/td>\n<td class=\"max-w-[calc(var(--thread-content-max-width)*2\/3)] min-w-[calc(var(--thread-content-max-width)\/3)]\" data-start=\"2393\" data-end=\"2466\">Glyc\u00e9rine v\u00e9g\u00e9tale, Propyl\u00e8ne glycol, ar\u00f4mes naturels et artificiels<\/td>\n<\/tr>\n<tr data-start=\"2467\" data-end=\"2547\">\n<td class=\"max-w-[calc(var(--thread-content-max-width)*2\/3)]\" data-start=\"2467\" data-end=\"2497\">Emballage<\/td>\n<td class=\"max-w-[calc(var(--thread-content-max-width)*2\/3)] min-w-[calc(var(--thread-content-max-width)\/3)]\" data-start=\"2497\" data-end=\"2547\">10 pi\u00e8ces par bo\u00eete d'affichage, 200 pi\u00e8ces par carton<\/td>\n<\/tr>\n<\/tbody>\n<\/table>\n<\/div>\n<\/div>\n<h3 class=\"\" data-start=\"2549\" data-end=\"2593\">Durabilit\u00e9 et facilit\u00e9 d'utilisation<\/h3>\n<p class=\"\" data-start=\"2595\" data-end=\"3179\">L'une des caract\u00e9ristiques remarquables du Bang 50000 Bouff\u00e9es est sa durabilit\u00e9 exceptionnelle. Avec une capacit\u00e9 allant jusqu'\u00e0 50 000 bouff\u00e9es, cet appareil offre une solution \u00e0 long terme pour les vapoteurs qui ne souhaitent pas de recharges ou de changement d'appareil fr\u00e9quents. La batterie de 850 mAh assure une performance stable tout au long de la dur\u00e9e de vie de l'appareil et garantit que vous pouvez profiter du go\u00fbt complet jusqu'\u00e0 la derni\u00e8re bouff\u00e9e. De plus, le port de charge Type-C permet une recharge rapide et simple, pour que vous soyez toujours pr\u00eat rapidement.<\/p>\n<h3 class=\"\" data-start=\"3181\" data-end=\"3211\">Diff\u00e9rentes concentrations de nicotine<\/h3>\n<p class=\"\" data-start=\"3213\" data-end=\"3710\">Le Bang 50000 Bouff\u00e9es propose une gamme de concentrations de nicotine adapt\u00e9es aux besoins et pr\u00e9f\u00e9rences de chaque vapoteur.<\/p>\n<p class=\"\" data-start=\"3213\" data-end=\"3710\">Vous pouvez choisir entre 0%, 2%, 3% et 5% de nicotine. Cette polyvalence permet aussi bien aux d\u00e9butants qu'aux vapoteurs exp\u00e9riment\u00e9s de trouver leur niveau de nicotine id\u00e9al. Le choix du bon dosage contribue \u00e0 une exp\u00e9rience de vapotage encore meilleure, en permettant un \u00e9quilibre parfait entre go\u00fbt et apport en nicotine.<\/p>\n<h3 class=\"\" data-start=\"3712\" data-end=\"3752\">Ar\u00f4mes exotiques pour tous les go\u00fbts<\/h3>\n<p class=\"\" data-start=\"3754\" data-end=\"4221\">La combinaison de Fraise Past\u00e8que et Fruit de la Passion Kiwi est un choix parfait pour les vapoteurs \u00e0 la recherche de quelque chose d'exotique. Fraise Past\u00e8que offre la douceur et la jutosit\u00e9 des fraises et past\u00e8ques, tandis que Kiwi Fruit de la Passion et Guava propose un m\u00e9lange tropical et rafra\u00eechissant. Ces deux ar\u00f4mes ensemble offrent un go\u00fbt fruit\u00e9 et frais qui peut \u00eatre appr\u00e9ci\u00e9 toute la journ\u00e9e.<\/p>\n<h3 class=\"\" data-start=\"4223\" data-end=\"4259\">Simple et pratique pour la route<\/h3>\n<p class=\"\" data-start=\"4261\" data-end=\"4736\">Le Bang 50000 bouff\u00e9es n'est pas seulement puissant et convaincant en termes de go\u00fbt, mais aussi incroyablement facile \u00e0 utiliser. En tant que cigarette \u00e9lectronique jetable, il ne n\u00e9cessite aucun entretien ni r\u00e9glages compliqu\u00e9s. Il suffit d'inhaler et de profiter. La taille compacte de l'appareil le rend \u00e9galement id\u00e9al pour une utilisation quotidienne et parfait pour emporter partout. Vous pouvez le ranger facilement dans votre poche ou votre sac \u00e0 dos et acc\u00e9der \u00e0 tout moment \u00e0 un plaisir fruit\u00e9.<\/p>\n<p class=\"\" data-start=\"4749\" data-end=\"5234\">Le Bang 50000 bouff\u00e9es avec Fraise Melon d'Eau Kiwi Fruit de la Passion Goyave est un excellent choix pour tous les vapoteurs \u00e0 la recherche d'une exp\u00e9rience gustative intense et longue. Avec sa grande capacit\u00e9 de bouff\u00e9es, la s\u00e9lection de forces de nicotine et ses ar\u00f4mes exotiques, ce cigarette \u00e9lectronique jetable est parfait pour une consommation quotidienne. Que vous soyez un vapoteur exp\u00e9riment\u00e9 ou un d\u00e9butant, le Bang 50000 vous s\u00e9duira par son go\u00fbt et ses performances.<\/p>","protected":false},"excerpt":{"rendered":"<p>Bang 50000 Z\u00fcge Strawberry Watermelon und Kiwi Passion Fruit Guava \u2013 Das ultimative Fruchterlebnis Der Bang 50000 Z\u00fcge ist der perfekte Begleiter f\u00fcr Dampfer, die auf der Suche nach einem intensiven und abwechslungsreichen Geschmackserlebnis sind. Mit der einzigartigen Kombination aus Strawberry Watermelon und Kiwi Passion Fruit Guava bietet dieses Disposable Vape einen fruchtigen Genuss, der [&hellip;]<\/p>","protected":false},"featured_media":16216,"template":"","meta":{"inline_featured_image":false},"product_cat":[776],"product_tag":[778],"tiered_pricing_type":"fixed","tiered_pricing_fixed_rules":[],"tiered_pricing_percentage_rules":[],"tiered_pricing_minimum":1,"_administrator_tiered_pricing_type":"fixed","_administrator_tiered_pricing_fixed_rules":[],"_editor_tiered_pricing_type":"fixed","_editor_tiered_pricing_fixed_rules":[],"_author_tiered_pricing_type":"fixed","_author_tiered_pricing_fixed_rules":[],"_contributor_tiered_pricing_type":"fixed","_contributor_tiered_pricing_fixed_rules":[],"_subscriber_tiered_pricing_type":"fixed","_subscriber_tiered_pricing_fixed_rules":[],"_customer_tiered_pricing_type":"fixed","_customer_tiered_pricing_fixed_rules":[],"_shop_manager_tiered_pricing_type":"fixed","_shop_manager_tiered_pricing_fixed_rules":[],"_wpseo_manager_tiered_pricing_type":"fixed","_wpseo_manager_tiered_pricing_fixed_rules":[],"_wpseo_editor_tiered_pricing_type":"fixed","_wpseo_editor_tiered_pricing_fixed_rules":[],"_wholesale_customer_tiered_pricing_type":"fixed","_wholesale_customer_tiered_pricing_fixed_rules":[],"_marketer_tiered_pricing_type":"fixed","_marketer_tiered_pricing_fixed_rules":[],"_sales_manager_tiered_pricing_type":"fixed","_sales_manager_tiered_pricing_fixed_rules":[],"_sales_rep_tiered_pricing_type":"fixed","_sales_rep_tiered_pricing_fixed_rules":[],"yoast_head":"<!-- This site is optimized with the Yoast SEO plugin v23.3 - https:\/\/yoast.com\/wordpress\/plugins\/seo\/ -->\n<title>Bang 50000 Z\u00fcge Strawberry Watermelon Kiwi Passion Fruit Guava Fruchtiger Genuss | ElementVape.de<\/title>\n<meta name=\"description\" content=\"Bang 50000 Z\u00fcge mit Strawberry Watermelon und Kiwi Passion Fruit Guava Geschmack bietet 50ml E-Liquid und 50.000 Z\u00fcge f\u00fcr langanhaltenden Genuss\" \/>\n<meta name=\"robots\" content=\"index, follow, max-snippet:-1, max-image-preview:large, max-video-preview:-1\" \/>\n<link rel=\"canonical\" href=\"https:\/\/www.elementvape.de\/fr\/produkt\/bang-50000-zuege-strawberry-watermelon-kiwi-passion-fruit-guava-fruchtiger-genuss\/\" \/>\n<meta property=\"og:locale\" content=\"fr_FR\" \/>\n<meta property=\"og:type\" content=\"article\" \/>\n<meta property=\"og:title\" content=\"Bang 50000 Z\u00fcge Strawberry Watermelon Kiwi Passion Fruit Guava Fruchtiger Genuss | ElementVape.de\" \/>\n<meta property=\"og:description\" content=\"Bang 50000 Z\u00fcge mit Strawberry Watermelon und Kiwi Passion Fruit Guava Geschmack bietet 50ml E-Liquid und 50.000 Z\u00fcge f\u00fcr langanhaltenden Genuss\" \/>\n<meta property=\"og:url\" content=\"https:\/\/www.elementvape.de\/fr\/produkt\/bang-50000-zuege-strawberry-watermelon-kiwi-passion-fruit-guava-fruchtiger-genuss\/\" \/>\n<meta property=\"og:site_name\" content=\"ElementVape.de\" \/>\n<meta property=\"article:modified_time\" content=\"2025-04-17T09:36:00+00:00\" \/>\n<meta property=\"og:image\" content=\"https:\/\/www.elementvape.de\/wp-content\/uploads\/2025\/04\/Bang-King-50000-Puffs-StrawberryWatermelon-KiwiPassionFruitGuava-800x800-1.jpg\" \/>\n\t<meta property=\"og:image:width\" content=\"800\" \/>\n\t<meta property=\"og:image:height\" content=\"770\" \/>\n\t<meta property=\"og:image:type\" content=\"image\/jpeg\" \/>\n<meta name=\"twitter:card\" content=\"summary_large_image\" \/>\n<meta name=\"twitter:label1\" content=\"Est. reading time\" \/>\n\t<meta name=\"twitter:data1\" content=\"4 minutes\" \/>\n<script type=\"application\/ld+json\" class=\"yoast-schema-graph\">{\"@context\":\"https:\/\/schema.org\",\"@graph\":[{\"@type\":\"WebPage\",\"@id\":\"https:\/\/www.elementvape.de\/en\/produkt\/bang-50000-zuege-strawberry-watermelon-kiwi-passion-fruit-guava-fruchtiger-genuss\/\",\"url\":\"https:\/\/www.elementvape.de\/en\/produkt\/bang-50000-zuege-strawberry-watermelon-kiwi-passion-fruit-guava-fruchtiger-genuss\/\",\"name\":\"Bang 50000 Z\u00fcge Strawberry Watermelon Kiwi Passion Fruit Guava Fruchtiger Genuss | ElementVape.de\",\"isPartOf\":{\"@id\":\"https:\/\/www.elementvape.de\/#website\"},\"primaryImageOfPage\":{\"@id\":\"https:\/\/www.elementvape.de\/en\/produkt\/bang-50000-zuege-strawberry-watermelon-kiwi-passion-fruit-guava-fruchtiger-genuss\/#primaryimage\"},\"image\":{\"@id\":\"https:\/\/www.elementvape.de\/en\/produkt\/bang-50000-zuege-strawberry-watermelon-kiwi-passion-fruit-guava-fruchtiger-genuss\/#primaryimage\"},\"thumbnailUrl\":\"https:\/\/www.elementvape.de\/wp-content\/uploads\/2025\/04\/Bang-King-50000-Puffs-StrawberryWatermelon-KiwiPassionFruitGuava-800x800-1.jpg\",\"datePublished\":\"2025-04-17T07:14:55+00:00\",\"dateModified\":\"2025-04-17T09:36:00+00:00\",\"description\":\"Bang 50000 Z\u00fcge mit Strawberry Watermelon und Kiwi Passion Fruit Guava Geschmack bietet 50ml E-Liquid und 50.000 Z\u00fcge f\u00fcr langanhaltenden Genuss\",\"breadcrumb\":{\"@id\":\"https:\/\/www.elementvape.de\/en\/produkt\/bang-50000-zuege-strawberry-watermelon-kiwi-passion-fruit-guava-fruchtiger-genuss\/#breadcrumb\"},\"inLanguage\":\"fr-FR\",\"potentialAction\":[{\"@type\":\"ReadAction\",\"target\":[\"https:\/\/www.elementvape.de\/en\/produkt\/bang-50000-zuege-strawberry-watermelon-kiwi-passion-fruit-guava-fruchtiger-genuss\/\"]}]},{\"@type\":\"ImageObject\",\"inLanguage\":\"fr-FR\",\"@id\":\"https:\/\/www.elementvape.de\/en\/produkt\/bang-50000-zuege-strawberry-watermelon-kiwi-passion-fruit-guava-fruchtiger-genuss\/#primaryimage\",\"url\":\"https:\/\/www.elementvape.de\/wp-content\/uploads\/2025\/04\/Bang-King-50000-Puffs-StrawberryWatermelon-KiwiPassionFruitGuava-800x800-1.jpg\",\"contentUrl\":\"https:\/\/www.elementvape.de\/wp-content\/uploads\/2025\/04\/Bang-King-50000-Puffs-StrawberryWatermelon-KiwiPassionFruitGuava-800x800-1.jpg\",\"width\":800,\"height\":770},{\"@type\":\"BreadcrumbList\",\"@id\":\"https:\/\/www.elementvape.de\/en\/produkt\/bang-50000-zuege-strawberry-watermelon-kiwi-passion-fruit-guava-fruchtiger-genuss\/#breadcrumb\",\"itemListElement\":[{\"@type\":\"ListItem\",\"position\":1,\"name\":\"Home\",\"item\":\"https:\/\/www.elementvape.de\/\"},{\"@type\":\"ListItem\",\"position\":2,\"name\":\"Shop\",\"item\":\"https:\/\/www.elementvape.de\/shop\/\"},{\"@type\":\"ListItem\",\"position\":3,\"name\":\"Bang 50000 Z\u00fcge Strawberry Watermelon Kiwi Passion Fruit Guava Fruchtiger Genuss\"}]},{\"@type\":\"WebSite\",\"@id\":\"https:\/\/www.elementvape.de\/#website\",\"url\":\"https:\/\/www.elementvape.de\/\",\"name\":\"ElementVape.de\",\"description\":\"\",\"publisher\":{\"@id\":\"https:\/\/www.elementvape.de\/#organization\"},\"potentialAction\":[{\"@type\":\"SearchAction\",\"target\":{\"@type\":\"EntryPoint\",\"urlTemplate\":\"https:\/\/www.elementvape.de\/?s={search_term_string}\"},\"query-input\":\"required name=search_term_string\"}],\"inLanguage\":\"fr-FR\"},{\"@type\":\"Organization\",\"@id\":\"https:\/\/www.elementvape.de\/#organization\",\"name\":\"ElementVape.DE\",\"url\":\"https:\/\/www.elementvape.de\/\",\"logo\":{\"@type\":\"ImageObject\",\"inLanguage\":\"fr-FR\",\"@id\":\"https:\/\/www.elementvape.de\/#\/schema\/logo\/image\/\",\"url\":\"https:\/\/www.elementvape.de\/wp-content\/uploads\/2024\/09\/cropped-1elementvape-3.png\",\"contentUrl\":\"https:\/\/www.elementvape.de\/wp-content\/uploads\/2024\/09\/cropped-1elementvape-3.png\",\"width\":285,\"height\":228,\"caption\":\"ElementVape.DE\"},\"image\":{\"@id\":\"https:\/\/www.elementvape.de\/#\/schema\/logo\/image\/\"}}]}<\/script>\n<!-- \/ Yoast SEO plugin. -->","yoast_head_json":{"title":"Bang 50000 Z\u00fcge Strawberry Watermelon Kiwi Passion Fruit Guava Fruchtiger Genuss | ElementVape.de","description":"Bang 50000 Z\u00fcge mit Strawberry Watermelon und Kiwi Passion Fruit Guava Geschmack bietet 50ml E-Liquid und 50.000 Z\u00fcge f\u00fcr langanhaltenden Genuss","robots":{"index":"index","follow":"follow","max-snippet":"max-snippet:-1","max-image-preview":"max-image-preview:large","max-video-preview":"max-video-preview:-1"},"canonical":"https:\/\/www.elementvape.de\/fr\/produkt\/bang-50000-zuege-strawberry-watermelon-kiwi-passion-fruit-guava-fruchtiger-genuss\/","og_locale":"fr_FR","og_type":"article","og_title":"Bang 50000 Z\u00fcge Strawberry Watermelon Kiwi Passion Fruit Guava Fruchtiger Genuss | ElementVape.de","og_description":"Bang 50000 Z\u00fcge mit Strawberry Watermelon und Kiwi Passion Fruit Guava Geschmack bietet 50ml E-Liquid und 50.000 Z\u00fcge f\u00fcr langanhaltenden Genuss","og_url":"https:\/\/www.elementvape.de\/fr\/produkt\/bang-50000-zuege-strawberry-watermelon-kiwi-passion-fruit-guava-fruchtiger-genuss\/","og_site_name":"ElementVape.de","article_modified_time":"2025-04-17T09:36:00+00:00","og_image":[{"width":800,"height":770,"url":"https:\/\/www.elementvape.de\/wp-content\/uploads\/2025\/04\/Bang-King-50000-Puffs-StrawberryWatermelon-KiwiPassionFruitGuava-800x800-1.jpg","type":"image\/jpeg"}],"twitter_card":"summary_large_image","twitter_misc":{"Est. reading time":"4 minutes"},"schema":{"@context":"https:\/\/schema.org","@graph":[{"@type":"WebPage","@id":"https:\/\/www.elementvape.de\/en\/produkt\/bang-50000-zuege-strawberry-watermelon-kiwi-passion-fruit-guava-fruchtiger-genuss\/","url":"https:\/\/www.elementvape.de\/en\/produkt\/bang-50000-zuege-strawberry-watermelon-kiwi-passion-fruit-guava-fruchtiger-genuss\/","name":"Bang 50000 Z\u00fcge Strawberry Watermelon Kiwi Passion Fruit Guava Fruchtiger Genuss | ElementVape.de","isPartOf":{"@id":"https:\/\/www.elementvape.de\/#website"},"primaryImageOfPage":{"@id":"https:\/\/www.elementvape.de\/en\/produkt\/bang-50000-zuege-strawberry-watermelon-kiwi-passion-fruit-guava-fruchtiger-genuss\/#primaryimage"},"image":{"@id":"https:\/\/www.elementvape.de\/en\/produkt\/bang-50000-zuege-strawberry-watermelon-kiwi-passion-fruit-guava-fruchtiger-genuss\/#primaryimage"},"thumbnailUrl":"https:\/\/www.elementvape.de\/wp-content\/uploads\/2025\/04\/Bang-King-50000-Puffs-StrawberryWatermelon-KiwiPassionFruitGuava-800x800-1.jpg","datePublished":"2025-04-17T07:14:55+00:00","dateModified":"2025-04-17T09:36:00+00:00","description":"Bang 50000 Z\u00fcge mit Strawberry Watermelon und Kiwi Passion Fruit Guava Geschmack bietet 50ml E-Liquid und 50.000 Z\u00fcge f\u00fcr langanhaltenden Genuss","breadcrumb":{"@id":"https:\/\/www.elementvape.de\/en\/produkt\/bang-50000-zuege-strawberry-watermelon-kiwi-passion-fruit-guava-fruchtiger-genuss\/#breadcrumb"},"inLanguage":"fr-FR","potentialAction":[{"@type":"ReadAction","target":["https:\/\/www.elementvape.de\/en\/produkt\/bang-50000-zuege-strawberry-watermelon-kiwi-passion-fruit-guava-fruchtiger-genuss\/"]}]},{"@type":"ImageObject","inLanguage":"fr-FR","@id":"https:\/\/www.elementvape.de\/en\/produkt\/bang-50000-zuege-strawberry-watermelon-kiwi-passion-fruit-guava-fruchtiger-genuss\/#primaryimage","url":"https:\/\/www.elementvape.de\/wp-content\/uploads\/2025\/04\/Bang-King-50000-Puffs-StrawberryWatermelon-KiwiPassionFruitGuava-800x800-1.jpg","contentUrl":"https:\/\/www.elementvape.de\/wp-content\/uploads\/2025\/04\/Bang-King-50000-Puffs-StrawberryWatermelon-KiwiPassionFruitGuava-800x800-1.jpg","width":800,"height":770},{"@type":"BreadcrumbList","@id":"https:\/\/www.elementvape.de\/en\/produkt\/bang-50000-zuege-strawberry-watermelon-kiwi-passion-fruit-guava-fruchtiger-genuss\/#breadcrumb","itemListElement":[{"@type":"ListItem","position":1,"name":"Home","item":"https:\/\/www.elementvape.de\/"},{"@type":"ListItem","position":2,"name":"Shop","item":"https:\/\/www.elementvape.de\/shop\/"},{"@type":"ListItem","position":3,"name":"Bang 50000 Z\u00fcge Strawberry Watermelon Kiwi Passion Fruit Guava Fruchtiger Genuss"}]},{"@type":"WebSite","@id":"https:\/\/www.elementvape.de\/#website","url":"https:\/\/www.elementvape.de\/","name":"ElementVape.de","description":"","publisher":{"@id":"https:\/\/www.elementvape.de\/#organization"},"potentialAction":[{"@type":"SearchAction","target":{"@type":"EntryPoint","urlTemplate":"https:\/\/www.elementvape.de\/?s={search_term_string}"},"query-input":"required name=search_term_string"}],"inLanguage":"fr-FR"},{"@type":"Organization","@id":"https:\/\/www.elementvape.de\/#organization","name":"ElementVape.DE","url":"https:\/\/www.elementvape.de\/","logo":{"@type":"ImageObject","inLanguage":"fr-FR","@id":"https:\/\/www.elementvape.de\/#\/schema\/logo\/image\/","url":"https:\/\/www.elementvape.de\/wp-content\/uploads\/2024\/09\/cropped-1elementvape-3.png","contentUrl":"https:\/\/www.elementvape.de\/wp-content\/uploads\/2024\/09\/cropped-1elementvape-3.png","width":285,"height":228,"caption":"ElementVape.DE"},"image":{"@id":"https:\/\/www.elementvape.de\/#\/schema\/logo\/image\/"}}]}},"_links":{"self":[{"href":"https:\/\/www.elementvape.de\/fr\/wp-json\/wp\/v2\/product\/16248"}],"collection":[{"href":"https:\/\/www.elementvape.de\/fr\/wp-json\/wp\/v2\/product"}],"about":[{"href":"https:\/\/www.elementvape.de\/fr\/wp-json\/wp\/v2\/types\/product"}],"wp:featuredmedia":[{"embeddable":true,"href":"https:\/\/www.elementvape.de\/fr\/wp-json\/wp\/v2\/media\/16216"}],"wp:attachment":[{"href":"https:\/\/www.elementvape.de\/fr\/wp-json\/wp\/v2\/media?parent=16248"}],"wp:term":[{"taxonomy":"product_cat","embeddable":true,"href":"https:\/\/www.elementvape.de\/fr\/wp-json\/wp\/v2\/product_cat?post=16248"},{"taxonomy":"product_tag","embeddable":true,"href":"https:\/\/www.elementvape.de\/fr\/wp-json\/wp\/v2\/product_tag?post=16248"}],"curies":[{"name":"wp","href":"https:\/\/api.w.org\/{rel}","templated":true}]}}