{"id":16215,"date":"2025-04-17T03:37:53","date_gmt":"2025-04-17T03:37:53","guid":{"rendered":"https:\/\/www.elementvape.de\/?post_type=product&#038;p=16215"},"modified":"2025-04-17T09:36:10","modified_gmt":"2025-04-17T09:36:10","slug":"bang-50000-zuege-ultimative-erfrischung-mit-wassermelone-ice-und-blaubeere-minze","status":"publish","type":"product","link":"https:\/\/www.elementvape.de\/fr\/produkt\/bang-50000-zuege-ultimative-erfrischung-mit-wassermelone-ice-und-blaubeere-minze\/","title":{"rendered":"Bang 50000 Bouff\u00e9es Rafra\u00eechissement ultime avec Past\u00e8que Glac\u00e9e et Myrtille Menthe"},"content":{"rendered":"<h2 data-start=\"52\" data-end=\"127\"><strong data-start=\"52\" data-end=\"127\">Bang 50000 Bouff\u00e9es Cigarette \u00c9lectronique Jetable \u2013 Quand la performance rencontre le go\u00fbt<\/strong><\/h2>\n<p class=\"\" data-start=\"129\" data-end=\"464\">D\u00e9couvrez le niveau sup\u00e9rieur de la vape avec la cigarette \u00e9lectronique jetable Bang 50000 bouff\u00e9es \u2013 un appareil puissant con\u00e7u pour les vapoteurs appr\u00e9ciant une performance durable, des saveurs intenses et un confort optimal. Que vous soyez utilisateur occasionnel ou vapoteur exp\u00e9riment\u00e9, cet appareil \u00e9tablit de nouvelles normes.<\/p>\n<h3 class=\"\" data-start=\"466\" data-end=\"491\">Nombre de bouff\u00e9es extr\u00eamement \u00e9lev\u00e9<\/h3>\n<p class=\"\" data-start=\"493\" data-end=\"764\">Avec un incroyable 50 000 bouff\u00e9es, fini les achats r\u00e9p\u00e9t\u00e9s. La Bang 50000 vous offre des semaines, voire des mois de plaisir en vapeur \u2013 selon votre consommation. Id\u00e9al pour le quotidien et les longues excursions, sans compromis sur la performance ou le go\u00fbt.<\/p>\n<h3 class=\"\" data-start=\"766\" data-end=\"796\">Capacit\u00e9 \u00e9norme en e-liquide<\/h3>\n<p class=\"\" data-start=\"798\" data-end=\"1054\">\u00c9quip\u00e9 de 50 ml de liquide de qualit\u00e9 sup\u00e9rieure, cet appareil d\u00e9livre un go\u00fbt constant et intense jusqu\u2019\u00e0 la derni\u00e8re bouff\u00e9e. Pas de perte de saveur ni de hits secs comme avec les appareils \u00e0 petit r\u00e9servoir \u2013 uniquement des ar\u00f4mes purs et riches du d\u00e9but \u00e0 la fin.<\/p>\n<h3 class=\"\" data-start=\"1056\" data-end=\"1083\">Niveaux de nicotine flexibles<\/h3>\n<p class=\"\" data-start=\"1085\" data-end=\"1338\">Avec ou sans nicotine \u2013 c\u2019est vous qui d\u00e9cidez. La Bang 50000 est disponible en quatre niveaux de nicotine : 0, 1, 2, 3 et 5 mg\/ml. Parfait pour ceux qui souhaitent ajuster leur taux de nicotine \u2013 que ce soit pour r\u00e9duire ou simplement profiter des saveurs.<\/p>\n<h3 class=\"\" data-start=\"1340\" data-end=\"1390\">Technologie Mesh Coil pour un go\u00fbt intense<\/h3>\n<p class=\"\" data-start=\"1392\" data-end=\"1637\">Gr\u00e2ce \u00e0 la technologie Mesh Coil de pointe, le liquide est chauff\u00e9 uniform\u00e9ment et vaporis\u00e9 de mani\u00e8re optimale. Cela garantit des nuages de vapeur particuli\u00e8rement denses, un go\u00fbt authentique et une sensation de gorge agr\u00e9able \u2013 sans arri\u00e8re-go\u00fbt de br\u00fbl\u00e9.<\/p>\n<h3 class=\"\" data-start=\"1639\" data-end=\"1683\">Rechargeable avec une batterie puissante<\/h3>\n<p class=\"\" data-start=\"1685\" data-end=\"1947\">Contrairement \u00e0 de nombreux appareils jetables, la Bang 50000 est \u00e9quip\u00e9e d\u2019une batterie rechargeable de 850mAh. Associ\u00e9e \u00e0 un port de charge Type-C, cela signifie : recharge rapide et disponibilit\u00e9 imm\u00e9diate. Vous vapotez en continu \u2013 sans interruption.<\/p>\n<h3 class=\"\" data-start=\"1949\" data-end=\"1978\">Ingr\u00e9dients de haute qualit\u00e9<\/h3>\n<p class=\"\" data-start=\"1980\" data-end=\"2266\">Pour Bang, la qualit\u00e9 est primordiale. Le liquide contient des ingr\u00e9dients soigneusement s\u00e9lectionn\u00e9s tels que la glyc\u00e9rine v\u00e9g\u00e9tale (VG), le propyl\u00e8ne glycol (PG) ainsi que des ar\u00f4mes naturels et artificiels. R\u00e9sultat : une exp\u00e9rience de vapeur savoureuse, s\u00fbre et de haute qualit\u00e9 constante.<\/p>\n<h3 class=\"\" data-start=\"2268\" data-end=\"2290\">Compact &amp; \u00e9l\u00e9gant<\/h3>\n<p class=\"\" data-start=\"2292\" data-end=\"2529\">Malgr\u00e9 ses performances impressionnantes, la Bang 50000 reste maniable et l\u00e9g\u00e8re, parfaite pour la mobilit\u00e9. Pas de remplissage, pas de r\u00e9glages, pas de boutons \u2013 il suffit de sortir, charger et profiter. Confort maximal \u00e0 tout moment.<\/p>\n<h3 class=\"\" data-start=\"2531\" data-end=\"2567\">Convient aux d\u00e9butants comme aux professionnels<\/h3>\n<p class=\"\" data-start=\"2569\" data-end=\"2882\">Que vous commenciez tout juste \u00e0 vapoter ou que vous soyez un vapoteur exp\u00e9riment\u00e9, la cigarette \u00e9lectronique jetable Bang 50000 bouff\u00e9es offre une solution tout-en-un puissante. Avec sa capacit\u00e9 \u00e9norme, sa fabrication de haute qualit\u00e9 et ses saveurs intenses, c\u2019est le choix parfait pour les vapoteurs exigeants.<\/p>","protected":false},"excerpt":{"rendered":"<p>Bang 50000 Z\u00fcge Einweg E-Zigarette \u2013 Wenn Leistung auf Geschmack trifft Erleben Sie die n\u00e4chste Stufe des Dampfens mit der Bang 50000 Z\u00fcge Einweg E-Zigarette \u2013 einem leistungsstarken Ger\u00e4t, das f\u00fcr Dampfer entwickelt wurde, die langanhaltende Performance, intensiven Geschmack und h\u00f6chsten Komfort sch\u00e4tzen. Egal ob Gelegenheitsnutzer oder erfahrener Vaper, dieses Ger\u00e4t setzt neue Ma\u00dfst\u00e4be. Extrem [&hellip;]<\/p>","protected":false},"featured_media":16217,"template":"","meta":{"inline_featured_image":false},"product_cat":[776],"product_tag":[778],"tiered_pricing_type":"fixed","tiered_pricing_fixed_rules":[],"tiered_pricing_percentage_rules":[],"tiered_pricing_minimum":1,"_administrator_tiered_pricing_type":"fixed","_administrator_tiered_pricing_fixed_rules":[],"_editor_tiered_pricing_type":"fixed","_editor_tiered_pricing_fixed_rules":[],"_author_tiered_pricing_type":"fixed","_author_tiered_pricing_fixed_rules":[],"_contributor_tiered_pricing_type":"fixed","_contributor_tiered_pricing_fixed_rules":[],"_subscriber_tiered_pricing_type":"fixed","_subscriber_tiered_pricing_fixed_rules":[],"_customer_tiered_pricing_type":"fixed","_customer_tiered_pricing_fixed_rules":[],"_shop_manager_tiered_pricing_type":"fixed","_shop_manager_tiered_pricing_fixed_rules":[],"_wpseo_manager_tiered_pricing_type":"fixed","_wpseo_manager_tiered_pricing_fixed_rules":[],"_wpseo_editor_tiered_pricing_type":"fixed","_wpseo_editor_tiered_pricing_fixed_rules":[],"_wholesale_customer_tiered_pricing_type":"fixed","_wholesale_customer_tiered_pricing_fixed_rules":[],"_marketer_tiered_pricing_type":"fixed","_marketer_tiered_pricing_fixed_rules":[],"_sales_manager_tiered_pricing_type":"fixed","_sales_manager_tiered_pricing_fixed_rules":[],"_sales_rep_tiered_pricing_type":"fixed","_sales_rep_tiered_pricing_fixed_rules":[],"yoast_head":"<!-- This site is optimized with the Yoast SEO plugin v23.3 - https:\/\/yoast.com\/wordpress\/plugins\/seo\/ -->\n<title>Bang 50000 Z\u00fcge Ultimative Erfrischung mit Wassermelone Ice und Blaubeere Minze | ElementVape.de<\/title>\n<meta name=\"description\" content=\"Bang 50000 Puffs 50ml E-Liquid Mesh Coil 850mAh Akku f\u00fcr bis zu 50000 Z\u00fcge mit intensivem Geschmack und komfortabler Nutzung\" \/>\n<meta name=\"robots\" content=\"index, follow, max-snippet:-1, max-image-preview:large, max-video-preview:-1\" \/>\n<link rel=\"canonical\" href=\"https:\/\/www.elementvape.de\/fr\/produkt\/bang-50000-zuege-ultimative-erfrischung-mit-wassermelone-ice-und-blaubeere-minze\/\" \/>\n<meta property=\"og:locale\" content=\"fr_FR\" \/>\n<meta property=\"og:type\" content=\"article\" \/>\n<meta property=\"og:title\" content=\"Bang 50000 Z\u00fcge Ultimative Erfrischung mit Wassermelone Ice und Blaubeere Minze | ElementVape.de\" \/>\n<meta property=\"og:description\" content=\"Bang 50000 Puffs 50ml E-Liquid Mesh Coil 850mAh Akku f\u00fcr bis zu 50000 Z\u00fcge mit intensivem Geschmack und komfortabler Nutzung\" \/>\n<meta property=\"og:url\" content=\"https:\/\/www.elementvape.de\/fr\/produkt\/bang-50000-zuege-ultimative-erfrischung-mit-wassermelone-ice-und-blaubeere-minze\/\" \/>\n<meta property=\"og:site_name\" content=\"ElementVape.de\" \/>\n<meta property=\"article:modified_time\" content=\"2025-04-17T09:36:10+00:00\" \/>\n<meta property=\"og:image\" content=\"https:\/\/www.elementvape.de\/wp-content\/uploads\/2025\/04\/Bang-King-50000-Puffs-WatermelonIce-BlueberryMint.jpg\" \/>\n\t<meta property=\"og:image:width\" content=\"1000\" \/>\n\t<meta property=\"og:image:height\" content=\"963\" \/>\n\t<meta property=\"og:image:type\" content=\"image\/jpeg\" \/>\n<meta name=\"twitter:card\" content=\"summary_large_image\" \/>\n<meta name=\"twitter:label1\" content=\"Est. reading time\" \/>\n\t<meta name=\"twitter:data1\" content=\"3 minutes\" \/>\n<script type=\"application\/ld+json\" class=\"yoast-schema-graph\">{\"@context\":\"https:\/\/schema.org\",\"@graph\":[{\"@type\":\"WebPage\",\"@id\":\"https:\/\/www.elementvape.de\/produkt\/bang-50000-zuege-ultimative-erfrischung-mit-wassermelone-ice-und-blaubeere-minze\/\",\"url\":\"https:\/\/www.elementvape.de\/produkt\/bang-50000-zuege-ultimative-erfrischung-mit-wassermelone-ice-und-blaubeere-minze\/\",\"name\":\"Bang 50000 Z\u00fcge Ultimative Erfrischung mit Wassermelone Ice und Blaubeere Minze | ElementVape.de\",\"isPartOf\":{\"@id\":\"https:\/\/www.elementvape.de\/#website\"},\"primaryImageOfPage\":{\"@id\":\"https:\/\/www.elementvape.de\/produkt\/bang-50000-zuege-ultimative-erfrischung-mit-wassermelone-ice-und-blaubeere-minze\/#primaryimage\"},\"image\":{\"@id\":\"https:\/\/www.elementvape.de\/produkt\/bang-50000-zuege-ultimative-erfrischung-mit-wassermelone-ice-und-blaubeere-minze\/#primaryimage\"},\"thumbnailUrl\":\"https:\/\/www.elementvape.de\/wp-content\/uploads\/2025\/04\/Bang-King-50000-Puffs-WatermelonIce-BlueberryMint.jpg\",\"datePublished\":\"2025-04-17T03:37:53+00:00\",\"dateModified\":\"2025-04-17T09:36:10+00:00\",\"description\":\"Bang 50000 Puffs 50ml E-Liquid Mesh Coil 850mAh Akku f\u00fcr bis zu 50000 Z\u00fcge mit intensivem Geschmack und komfortabler Nutzung\",\"breadcrumb\":{\"@id\":\"https:\/\/www.elementvape.de\/produkt\/bang-50000-zuege-ultimative-erfrischung-mit-wassermelone-ice-und-blaubeere-minze\/#breadcrumb\"},\"inLanguage\":\"fr-FR\",\"potentialAction\":[{\"@type\":\"ReadAction\",\"target\":[\"https:\/\/www.elementvape.de\/produkt\/bang-50000-zuege-ultimative-erfrischung-mit-wassermelone-ice-und-blaubeere-minze\/\"]}]},{\"@type\":\"ImageObject\",\"inLanguage\":\"fr-FR\",\"@id\":\"https:\/\/www.elementvape.de\/produkt\/bang-50000-zuege-ultimative-erfrischung-mit-wassermelone-ice-und-blaubeere-minze\/#primaryimage\",\"url\":\"https:\/\/www.elementvape.de\/wp-content\/uploads\/2025\/04\/Bang-King-50000-Puffs-WatermelonIce-BlueberryMint.jpg\",\"contentUrl\":\"https:\/\/www.elementvape.de\/wp-content\/uploads\/2025\/04\/Bang-King-50000-Puffs-WatermelonIce-BlueberryMint.jpg\",\"width\":1000,\"height\":963},{\"@type\":\"BreadcrumbList\",\"@id\":\"https:\/\/www.elementvape.de\/produkt\/bang-50000-zuege-ultimative-erfrischung-mit-wassermelone-ice-und-blaubeere-minze\/#breadcrumb\",\"itemListElement\":[{\"@type\":\"ListItem\",\"position\":1,\"name\":\"Home\",\"item\":\"https:\/\/www.elementvape.de\/\"},{\"@type\":\"ListItem\",\"position\":2,\"name\":\"Shop\",\"item\":\"https:\/\/www.elementvape.de\/shop\/\"},{\"@type\":\"ListItem\",\"position\":3,\"name\":\"Bang 50000 Z\u00fcge Ultimative Erfrischung mit Wassermelone Ice und Blaubeere Minze\"}]},{\"@type\":\"WebSite\",\"@id\":\"https:\/\/www.elementvape.de\/#website\",\"url\":\"https:\/\/www.elementvape.de\/\",\"name\":\"ElementVape.de\",\"description\":\"\",\"publisher\":{\"@id\":\"https:\/\/www.elementvape.de\/#organization\"},\"potentialAction\":[{\"@type\":\"SearchAction\",\"target\":{\"@type\":\"EntryPoint\",\"urlTemplate\":\"https:\/\/www.elementvape.de\/?s={search_term_string}\"},\"query-input\":\"required name=search_term_string\"}],\"inLanguage\":\"fr-FR\"},{\"@type\":\"Organization\",\"@id\":\"https:\/\/www.elementvape.de\/#organization\",\"name\":\"ElementVape.DE\",\"url\":\"https:\/\/www.elementvape.de\/\",\"logo\":{\"@type\":\"ImageObject\",\"inLanguage\":\"fr-FR\",\"@id\":\"https:\/\/www.elementvape.de\/#\/schema\/logo\/image\/\",\"url\":\"https:\/\/www.elementvape.de\/wp-content\/uploads\/2024\/09\/cropped-1elementvape-3.png\",\"contentUrl\":\"https:\/\/www.elementvape.de\/wp-content\/uploads\/2024\/09\/cropped-1elementvape-3.png\",\"width\":285,\"height\":228,\"caption\":\"ElementVape.DE\"},\"image\":{\"@id\":\"https:\/\/www.elementvape.de\/#\/schema\/logo\/image\/\"}}]}<\/script>\n<!-- \/ Yoast SEO plugin. -->","yoast_head_json":{"title":"Bang 50000 Z\u00fcge Ultimative Erfrischung mit Wassermelone Ice und Blaubeere Minze | ElementVape.de","description":"Bang 50000 Puffs 50ml E-Liquid Mesh Coil 850mAh Akku f\u00fcr bis zu 50000 Z\u00fcge mit intensivem Geschmack und komfortabler Nutzung","robots":{"index":"index","follow":"follow","max-snippet":"max-snippet:-1","max-image-preview":"max-image-preview:large","max-video-preview":"max-video-preview:-1"},"canonical":"https:\/\/www.elementvape.de\/fr\/produkt\/bang-50000-zuege-ultimative-erfrischung-mit-wassermelone-ice-und-blaubeere-minze\/","og_locale":"fr_FR","og_type":"article","og_title":"Bang 50000 Z\u00fcge Ultimative Erfrischung mit Wassermelone Ice und Blaubeere Minze | ElementVape.de","og_description":"Bang 50000 Puffs 50ml E-Liquid Mesh Coil 850mAh Akku f\u00fcr bis zu 50000 Z\u00fcge mit intensivem Geschmack und komfortabler Nutzung","og_url":"https:\/\/www.elementvape.de\/fr\/produkt\/bang-50000-zuege-ultimative-erfrischung-mit-wassermelone-ice-und-blaubeere-minze\/","og_site_name":"ElementVape.de","article_modified_time":"2025-04-17T09:36:10+00:00","og_image":[{"width":1000,"height":963,"url":"https:\/\/www.elementvape.de\/wp-content\/uploads\/2025\/04\/Bang-King-50000-Puffs-WatermelonIce-BlueberryMint.jpg","type":"image\/jpeg"}],"twitter_card":"summary_large_image","twitter_misc":{"Est. reading time":"3 minutes"},"schema":{"@context":"https:\/\/schema.org","@graph":[{"@type":"WebPage","@id":"https:\/\/www.elementvape.de\/produkt\/bang-50000-zuege-ultimative-erfrischung-mit-wassermelone-ice-und-blaubeere-minze\/","url":"https:\/\/www.elementvape.de\/produkt\/bang-50000-zuege-ultimative-erfrischung-mit-wassermelone-ice-und-blaubeere-minze\/","name":"Bang 50000 Z\u00fcge Ultimative Erfrischung mit Wassermelone Ice und Blaubeere Minze | ElementVape.de","isPartOf":{"@id":"https:\/\/www.elementvape.de\/#website"},"primaryImageOfPage":{"@id":"https:\/\/www.elementvape.de\/produkt\/bang-50000-zuege-ultimative-erfrischung-mit-wassermelone-ice-und-blaubeere-minze\/#primaryimage"},"image":{"@id":"https:\/\/www.elementvape.de\/produkt\/bang-50000-zuege-ultimative-erfrischung-mit-wassermelone-ice-und-blaubeere-minze\/#primaryimage"},"thumbnailUrl":"https:\/\/www.elementvape.de\/wp-content\/uploads\/2025\/04\/Bang-King-50000-Puffs-WatermelonIce-BlueberryMint.jpg","datePublished":"2025-04-17T03:37:53+00:00","dateModified":"2025-04-17T09:36:10+00:00","description":"Bang 50000 Puffs 50ml E-Liquid Mesh Coil 850mAh Akku f\u00fcr bis zu 50000 Z\u00fcge mit intensivem Geschmack und komfortabler Nutzung","breadcrumb":{"@id":"https:\/\/www.elementvape.de\/produkt\/bang-50000-zuege-ultimative-erfrischung-mit-wassermelone-ice-und-blaubeere-minze\/#breadcrumb"},"inLanguage":"fr-FR","potentialAction":[{"@type":"ReadAction","target":["https:\/\/www.elementvape.de\/produkt\/bang-50000-zuege-ultimative-erfrischung-mit-wassermelone-ice-und-blaubeere-minze\/"]}]},{"@type":"ImageObject","inLanguage":"fr-FR","@id":"https:\/\/www.elementvape.de\/produkt\/bang-50000-zuege-ultimative-erfrischung-mit-wassermelone-ice-und-blaubeere-minze\/#primaryimage","url":"https:\/\/www.elementvape.de\/wp-content\/uploads\/2025\/04\/Bang-King-50000-Puffs-WatermelonIce-BlueberryMint.jpg","contentUrl":"https:\/\/www.elementvape.de\/wp-content\/uploads\/2025\/04\/Bang-King-50000-Puffs-WatermelonIce-BlueberryMint.jpg","width":1000,"height":963},{"@type":"BreadcrumbList","@id":"https:\/\/www.elementvape.de\/produkt\/bang-50000-zuege-ultimative-erfrischung-mit-wassermelone-ice-und-blaubeere-minze\/#breadcrumb","itemListElement":[{"@type":"ListItem","position":1,"name":"Home","item":"https:\/\/www.elementvape.de\/"},{"@type":"ListItem","position":2,"name":"Shop","item":"https:\/\/www.elementvape.de\/shop\/"},{"@type":"ListItem","position":3,"name":"Bang 50000 Z\u00fcge Ultimative Erfrischung mit Wassermelone Ice und Blaubeere Minze"}]},{"@type":"WebSite","@id":"https:\/\/www.elementvape.de\/#website","url":"https:\/\/www.elementvape.de\/","name":"ElementVape.de","description":"","publisher":{"@id":"https:\/\/www.elementvape.de\/#organization"},"potentialAction":[{"@type":"SearchAction","target":{"@type":"EntryPoint","urlTemplate":"https:\/\/www.elementvape.de\/?s={search_term_string}"},"query-input":"required name=search_term_string"}],"inLanguage":"fr-FR"},{"@type":"Organization","@id":"https:\/\/www.elementvape.de\/#organization","name":"ElementVape.DE","url":"https:\/\/www.elementvape.de\/","logo":{"@type":"ImageObject","inLanguage":"fr-FR","@id":"https:\/\/www.elementvape.de\/#\/schema\/logo\/image\/","url":"https:\/\/www.elementvape.de\/wp-content\/uploads\/2024\/09\/cropped-1elementvape-3.png","contentUrl":"https:\/\/www.elementvape.de\/wp-content\/uploads\/2024\/09\/cropped-1elementvape-3.png","width":285,"height":228,"caption":"ElementVape.DE"},"image":{"@id":"https:\/\/www.elementvape.de\/#\/schema\/logo\/image\/"}}]}},"_links":{"self":[{"href":"https:\/\/www.elementvape.de\/fr\/wp-json\/wp\/v2\/product\/16215"}],"collection":[{"href":"https:\/\/www.elementvape.de\/fr\/wp-json\/wp\/v2\/product"}],"about":[{"href":"https:\/\/www.elementvape.de\/fr\/wp-json\/wp\/v2\/types\/product"}],"wp:featuredmedia":[{"embeddable":true,"href":"https:\/\/www.elementvape.de\/fr\/wp-json\/wp\/v2\/media\/16217"}],"wp:attachment":[{"href":"https:\/\/www.elementvape.de\/fr\/wp-json\/wp\/v2\/media?parent=16215"}],"wp:term":[{"taxonomy":"product_cat","embeddable":true,"href":"https:\/\/www.elementvape.de\/fr\/wp-json\/wp\/v2\/product_cat?post=16215"},{"taxonomy":"product_tag","embeddable":true,"href":"https:\/\/www.elementvape.de\/fr\/wp-json\/wp\/v2\/product_tag?post=16215"}],"curies":[{"name":"wp","href":"https:\/\/api.w.org\/{rel}","templated":true}]}}