{"id":14634,"date":"2024-09-24T10:00:41","date_gmt":"2024-09-24T10:00:41","guid":{"rendered":"https:\/\/www.elementvape.de\/?post_type=product&#038;p=14634"},"modified":"2024-10-09T07:14:07","modified_gmt":"2024-10-09T07:14:07","slug":"bang-king-digital-15000-puffs-peach-mango-15000-zuege-voller-suesser-fruchtiger-aromen-die-ihre-geschmacksknospen-mit-tropischem-genuss-verwoehnen","status":"publish","type":"product","link":"https:\/\/www.elementvape.de\/fr\/produkt\/bang-king-digital-15000-puffs-peach-mango-15000-zuege-voller-suesser-fruchtiger-aromen-die-ihre-geschmacksknospen-mit-tropischem-genuss-verwoehnen\/","title":{"rendered":"BANG KING Digital 15000 PUFFS P\u00eache Mangue 15000 bouff\u00e9es de saveurs fruit\u00e9es sucr\u00e9es qui raviront vos papilles avec un go\u00fbt tropical"},"content":{"rendered":"<h2>Lancement de produit : BANG KING Digital 15000 Puffs \u2013 P\u00eache Mangue<\/h2>\n<p>Dans le monde dynamique du vapotage, la demande de produits de haute qualit\u00e9 et savoureux a augment\u00e9 de fa\u00e7on exponentielle. Les consommateurs recherchent non seulement une exp\u00e9rience de vapotage agr\u00e9able, mais aussi de la diversit\u00e9 et de l'innovation. Le BANG KING Digital 15000 Puffs P\u00eache Mangue r\u00e9pond \u00e0 ces exigences avec facilit\u00e9. Ce vaporisateur jetable de haute qualit\u00e9 offre une multitude de fonctionnalit\u00e9s et de saveurs qui raviront m\u00eame les vapoteurs les plus exigeants.<\/p>\n<h4>La marque BANG KING<\/h4>\n<p>BANG KING est connue pour ses produits innovants, appr\u00e9ci\u00e9s pour leur fiabilit\u00e9, leur convivialit\u00e9 et leurs saveurs exceptionnelles. Avec une large gamme d'appareils de vapotage, la marque s'est fait un nom et est devenue synonyme de qualit\u00e9 et de plaisir. Le BANG KING Digital 15000 Puffs est le dernier membre de cette impressionnante gamme de produits et \u00e9tablit de nouvelles normes pour les vaporisateurs jetables.<\/p>\n<p>Le BANG KING Digital 15000 Puffs offre jusqu'\u00e0 15 000 bouff\u00e9es pleines de saveurs douces et fruit\u00e9es qui raviront vos papilles gustatives avec un d\u00e9lice tropical. Avec une batterie puissante de 650 mAh qui fournit une puissance constante, vous pouvez \u00eatre s\u00fbr de profiter d'une exp\u00e9rience de vapotage de haute qualit\u00e9 \u00e0 chaque fois.<\/p>\n<h4>Profil de saveur : P\u00eache Mangue<\/h4>\n<p>La combinaison de p\u00eaches juteuses et de mangues sucr\u00e9es est un profil de saveur classique qui pla\u00eet \u00e0 de nombreux vapoteurs. Le BANG KING Digital 15000 Puffs P\u00eache Mangue r\u00e9unit ces deux fruits tropicaux en parfaite harmonie. Le go\u00fbt est riche et intense, avec un \u00e9quilibre parfait entre la douceur de la mangue et la fra\u00eecheur de la p\u00eache. Chaque bouff\u00e9e apporte le go\u00fbt des fruits d'\u00e9t\u00e9 directement dans votre bouche et procure une exp\u00e9rience rafra\u00eechissante.<\/p>\n<h5>1. Bouff\u00e9es : Jusqu'\u00e0 15 000<\/h5>\n<p>Avec jusqu'\u00e0 <strong><a href=\"https:\/\/www.elementvape.de\/fr\/p-tag\/groesser-oder-gleich-15000-zuege\/\" target=\"_blank\" rel=\"noopener\">15 000 inhalations<\/a><\/strong> Le BANG KING Digital 15000 Puffs est con\u00e7u pour une exp\u00e9rience de vapotage \u00e0 long terme. Ce nombre \u00e9norme de bouff\u00e9es le rend id\u00e9al pour les vapoteurs fr\u00e9quents qui recherchent un produit durable et fiable.<\/p>\n<h5>2. Batterie : 650 mAh<\/h5>\n<p>La batterie int\u00e9gr\u00e9e de 650 mAh garantit que le vaporisateur reste puissant tout au long de sa dur\u00e9e de vie. Il offre une puissance stable et permet un vapotage uniforme sans avoir \u00e0 se soucier d'une recharge fr\u00e9quente.<\/p>\n<h5>3. Teneur en N : 2%, 5% Sel de nicotine<\/h5>\n<p>Le BANG KING Digital 15000 Puffs est disponible avec diff\u00e9rents taux de nicotine pour r\u00e9pondre aux diff\u00e9rentes pr\u00e9f\u00e9rences des <strong><a href=\"https:\/\/www.elementvape.de\/fr\/\" target=\"_blank\" rel=\"noopener\">Vapoteurs<\/a><\/strong> Que vous souhaitiez \u00e9viter compl\u00e8tement le sel de nicotine ou que vous pr\u00e9f\u00e9riez une concentration de nicotine faible \u00e0 \u00e9lev\u00e9e, ce produit offre des options pour tous.<\/p>\n<h5>4. Capacit\u00e9 du e-liquide : 25 ml<\/h5>\n<p>Avec une capacit\u00e9 d'e-liquide de 25 ml, vous pouvez vous attendre \u00e0 une utilisation intensive sans avoir \u00e0 recharger fr\u00e9quemment. Cette capacit\u00e9 g\u00e9n\u00e9reuse est un grand avantage pour les vapoteurs qui sont en d\u00e9placement ou qui souhaitent profiter d'une exp\u00e9rience de vapotage intense.<\/p>\n<h5>5. Poids : 90 g par pi\u00e8ce<\/h5>\n<p>Avec un poids de seulement 90 g par pi\u00e8ce, le BANG KING Digital 15000 Puffs est l\u00e9ger et portable. Il se glisse facilement dans n'importe quelle poche ou sac \u00e0 dos et est donc id\u00e9al pour une utilisation en d\u00e9placement.<\/p>\n<h5>6. Emballage : 10 pi\u00e8ces par bo\u00eete<\/h5>\n<p>Pour r\u00e9pondre aux besoins des consommateurs, le BANG KING Digital 15000 Puffs est propos\u00e9 dans des bo\u00eetes pratiques de 10 pi\u00e8ces. Cela permet un stockage facile et est id\u00e9al pour les d\u00e9taillants qui souhaitent proposer une plus grande quantit\u00e9 \u00e0 la fois.<\/p>\n<h4>Facilit\u00e9 d'utilisation<\/h4>\n<p>Un autre grand avantage du BANG KING Digital 15000 Puffs est sa convivialit\u00e9. Le vaporisateur est imm\u00e9diatement pr\u00eat \u00e0 l'emploi, sans r\u00e9glages ou pr\u00e9parations compliqu\u00e9s. D\u00e9ballez-le et profitez-en, c'est aussi simple que cela !<\/p>\n<h4>Fonctions innovantes<\/h4>\n<p>Le BANG KING Digital 15000 Puffs offre \u00e9galement des fonctionnalit\u00e9s innovantes qui le distinguent des autres produits sur le march\u00e9 :<\/p>\n<ul>\n<li>\u00c9cran num\u00e9rique : L'\u00e9cran num\u00e9rique vous indique des informations importantes telles que l'\u00e9tat de charge actuel de la batterie et le nombre de bouff\u00e9es restantes. Cette fonction vous permet de mieux g\u00e9rer votre exp\u00e9rience de vapotage et de vous assurer de ne jamais \u00eatre \u00e0 court de vapeur.<\/li>\n<li>Taux de nicotine personnalisables : La possibilit\u00e9 de choisir entre diff\u00e9rents taux de nicotine est un grand avantage pour les vapoteurs qui souhaitent ajuster leur apport en nicotine. Vous pouvez commencer avec un taux plus faible et l'augmenter ou le r\u00e9duire selon vos besoins.<\/li>\n<li>Design ergonomique : Le design ergonomique du BANG KING Digital 15000 Puffs assure une prise en main agr\u00e9able et un vapotage confortable. La forme et la taille sont parfaitement adapt\u00e9es \u00e0 la manipulation, de sorte que vous pouvez vapoter pendant de longues p\u00e9riodes sans que cela ne devienne inconfortable.<\/li>\n<\/ul>\n<h4>Go\u00fbt et ar\u00f4me<\/h4>\n<p>Les ar\u00f4mes du BANG KING Digital 15000 Puffs sont l'une des caract\u00e9ristiques remarquables du produit. Le profil de saveur de p\u00eache et de mangue est non seulement d\u00e9licieux, mais aussi parfaitement \u00e9quilibr\u00e9. La douceur de la mangue se marie merveilleusement avec la note fra\u00eeche de la p\u00eache, cr\u00e9ant une exp\u00e9rience \u00e0 la fois satisfaisante et rafra\u00eechissante.<\/p>\n<p>Les e-liquides sont fabriqu\u00e9s \u00e0 partir d'ingr\u00e9dients de haute qualit\u00e9 pour garantir que chaque bouff\u00e9e soit pleine de saveur. L'ar\u00f4me tropical apporte le go\u00fbt de l'\u00e9t\u00e9 directement dans votre exp\u00e9rience de vapotage et vous fait sentir le soleil sur votre peau \u00e0 chaque inhalation.<\/p>\n<h4>Vari\u00e9t\u00e9 de saveurs<\/h4>\n<p>En plus du go\u00fbt irr\u00e9sistible de p\u00eache-mangue, le BANG KING Digital 15000 Puffs propose \u00e9galement une s\u00e9lection de 20 saveurs diff\u00e9rentes. Cette diversit\u00e9 garantit qu'il y en a pour tous les vapoteurs, qu'ils pr\u00e9f\u00e8rent des saveurs fruit\u00e9es, sucr\u00e9es, rafra\u00eechissantes ou m\u00eame fra\u00eeches. La large gamme permet aux utilisateurs de varier leurs go\u00fbts selon leur humeur ou l'occasion.<\/p>\n<h4>S\u00e9curit\u00e9 et qualit\u00e9<\/h4>\n<p>BANG KING accorde une grande importance \u00e0 la s\u00e9curit\u00e9 et \u00e0 la qualit\u00e9 de ses produits. Le BANG KING Digital 15000 Puffs est fabriqu\u00e9 sous des contr\u00f4les de qualit\u00e9 stricts pour assurer qu'il r\u00e9pond aux normes les plus \u00e9lev\u00e9es. Les mat\u00e9riaux utilis\u00e9s sont s\u00fbrs et de la meilleure qualit\u00e9, vous pouvez donc \u00eatre s\u00fbr de tenir entre vos mains un produit fiable et s\u00e9curis\u00e9.<\/p>\n<h4>Position sur le march\u00e9 et concurrence<\/h4>\n<p>Le march\u00e9 des <strong><a href=\"https:\/\/www.elementvape.de\/fr\/c\/einweg-zigarette\/\" target=\"_blank\" rel=\"noopener\">cigarette \u00e9lectronique jetable<\/a><\/strong> a connu une forte croissance ces derni\u00e8res ann\u00e9es, et de nombreuses marques proposent des produits similaires. Cependant, le BANG KING Digital 15000 Puffs se distingue par sa technologie innovante, sa grande capacit\u00e9 d'e-liquide et sa vari\u00e9t\u00e9 de saveurs. Alors que d'autres produits peuvent ne pas offrir le m\u00eame nombre de bouff\u00e9es ou la m\u00eame qualit\u00e9 d'ar\u00f4mes, BANG KING se positionne comme une marque leader.<\/p>\n<p>La combinaison de convivialit\u00e9, de diversit\u00e9 de saveurs et de performance durable fait du BANG KING Digital 15000 Puffs un choix excellent pour les vapoteurs de tous niveaux d'exp\u00e9rience.<\/p>\n<h4>Public cible<\/h4>\n<p>Le BANG KING Digital 15000 Puffs s'adresse \u00e0 un large public, allant des vapoteurs occasionnels aux utilisateurs exp\u00e9riment\u00e9s. Le produit est id\u00e9al pour ceux qui recherchent une option pratique et facile \u00e0 utiliser, ainsi que pour les vapoteurs attach\u00e9s \u00e0 la saveur et \u00e0 la qualit\u00e9. La vari\u00e9t\u00e9 de forces de nicotine le rend \u00e9galement attrayant pour ceux qui souhaitent ajuster leur consommation de nicotine.<\/p>\n<p>En r\u00e9sum\u00e9, le BANG KING Digital 15000 Puffs Peach Mango est un produit exceptionnel sur le march\u00e9 des cigarettes \u00e9lectroniques jetables. Avec jusqu'\u00e0 15000 bouff\u00e9es, une batterie puissante de 650 mAh et une capacit\u00e9 d'e-liquide de 25 ml, il est con\u00e7u pour une exp\u00e9rience de vapotage longue dur\u00e9e.<\/p>\n<p>Les ar\u00f4mes sucr\u00e9s de p\u00eache et de mangue offrent une exp\u00e9rience de vapotage rafra\u00eechissante et d\u00e9licieuse, tandis que la large gamme de saveurs et de forces de nicotine satisfait tous les vapoteurs. Avec un design attrayant, des fonctionnalit\u00e9s innovantes et un accent sur la qualit\u00e9 et la s\u00e9curit\u00e9, le BANG KING Digital 15000 Puffs est le choix id\u00e9al pour tous ceux qui recherchent une exp\u00e9rience de vapotage de premier ordre.<\/p>\n<p>D\u00e9couvrez les ar\u00f4mes tropicaux du BANG KING Digital 15000 Puffs et profitez de chaque bouff\u00e9e qui apporte l'essence de l'\u00e9t\u00e9 dans votre main. Plongez dans l'univers du vapotage et explorez les possibilit\u00e9s d\u00e9licieuses offertes par ce produit exceptionnel!<\/p>","protected":false},"excerpt":{"rendered":"<p>Produkteinf\u00fchrung: BANG KING Digital 15000 Puffs \u2013 Peach Mango In der dynamischen Welt des Dampfens hat die Nachfrage nach qualitativ hochwertigen und geschmackvollen Produkten exponentiell zugenommen. Die Verbraucher suchen nicht nur nach einem angenehmen Dampferlebnis, sondern auch nach Vielfalt und Innovation. Der BANG KING Digital 15000 Puffs Peach Mango erf\u00fcllt diese Anforderungen mit Leichtigkeit. Dieser [&hellip;]<\/p>","protected":false},"featured_media":14645,"template":"","meta":{"inline_featured_image":false},"product_cat":[770,739,743,744,755,738,751],"product_tag":[710,674],"tiered_pricing_type":"fixed","tiered_pricing_fixed_rules":{"60":"6.15","110":"5.46","200":"4.78"},"tiered_pricing_percentage_rules":[],"tiered_pricing_minimum":1,"_administrator_tiered_pricing_type":"fixed","_administrator_tiered_pricing_fixed_rules":[],"_editor_tiered_pricing_type":"fixed","_editor_tiered_pricing_fixed_rules":[],"_author_tiered_pricing_type":"fixed","_author_tiered_pricing_fixed_rules":[],"_contributor_tiered_pricing_type":"fixed","_contributor_tiered_pricing_fixed_rules":[],"_subscriber_tiered_pricing_type":"fixed","_subscriber_tiered_pricing_fixed_rules":[],"_customer_tiered_pricing_type":"fixed","_customer_tiered_pricing_fixed_rules":[],"_shop_manager_tiered_pricing_type":"fixed","_shop_manager_tiered_pricing_fixed_rules":[],"_wpseo_manager_tiered_pricing_type":"fixed","_wpseo_manager_tiered_pricing_fixed_rules":[],"_wpseo_editor_tiered_pricing_type":"fixed","_wpseo_editor_tiered_pricing_fixed_rules":[],"_wholesale_customer_tiered_pricing_type":"fixed","_wholesale_customer_tiered_pricing_fixed_rules":[],"_marketer_tiered_pricing_type":"fixed","_marketer_tiered_pricing_fixed_rules":[],"_sales_manager_tiered_pricing_type":"fixed","_sales_manager_tiered_pricing_fixed_rules":[],"_sales_rep_tiered_pricing_type":"fixed","_sales_rep_tiered_pricing_fixed_rules":[],"yoast_head":"<!-- This site is optimized with the Yoast SEO plugin v23.3 - https:\/\/yoast.com\/wordpress\/plugins\/seo\/ -->\n<title>BANG KING Digital 15000 PUFFS Peach Mango 15000 Z\u00fcge voller s\u00fc\u00dfer fruchtiger Aromen die Ihre Geschmacksknospen mit tropischem Genuss verw\u00f6hnen | ElementVape.de<\/title>\n<meta name=\"description\" content=\"Wir bieten BANG KING Digital 15000 PUFFS Peach Mango 15000 Z\u00fcge voller s\u00fc\u00dfer fruchtiger Aromen die Ihre Geschmacksknospen mit tropischem Genuss verw\u00f6hnen , Elementvape.de akzeptieren Gro\u00df-und Einzelhandel Bestellungen.\" \/>\n<meta name=\"robots\" content=\"index, follow, max-snippet:-1, max-image-preview:large, max-video-preview:-1\" \/>\n<link rel=\"canonical\" href=\"https:\/\/www.elementvape.de\/fr\/produkt\/bang-king-digital-15000-puffs-peach-mango-15000-zuege-voller-suesser-fruchtiger-aromen-die-ihre-geschmacksknospen-mit-tropischem-genuss-verwoehnen\/\" \/>\n<meta property=\"og:locale\" content=\"fr_FR\" \/>\n<meta property=\"og:type\" content=\"article\" \/>\n<meta property=\"og:title\" content=\"BANG KING Digital 15000 PUFFS Peach Mango 15000 Z\u00fcge voller s\u00fc\u00dfer fruchtiger Aromen die Ihre Geschmacksknospen mit tropischem Genuss verw\u00f6hnen | ElementVape.de\" \/>\n<meta property=\"og:description\" content=\"Wir bieten BANG KING Digital 15000 PUFFS Peach Mango 15000 Z\u00fcge voller s\u00fc\u00dfer fruchtiger Aromen die Ihre Geschmacksknospen mit tropischem Genuss verw\u00f6hnen , Elementvape.de akzeptieren Gro\u00df-und Einzelhandel Bestellungen.\" \/>\n<meta property=\"og:url\" content=\"https:\/\/www.elementvape.de\/fr\/produkt\/bang-king-digital-15000-puffs-peach-mango-15000-zuege-voller-suesser-fruchtiger-aromen-die-ihre-geschmacksknospen-mit-tropischem-genuss-verwoehnen\/\" \/>\n<meta property=\"og:site_name\" content=\"ElementVape.de\" \/>\n<meta property=\"article:modified_time\" content=\"2024-10-09T07:14:07+00:00\" \/>\n<meta property=\"og:image\" content=\"https:\/\/www.elementvape.de\/wp-content\/uploads\/2024\/09\/Peach-Mango-2.jpg\" \/>\n\t<meta property=\"og:image:width\" content=\"1440\" \/>\n\t<meta property=\"og:image:height\" content=\"980\" \/>\n\t<meta property=\"og:image:type\" content=\"image\/jpeg\" \/>\n<meta name=\"twitter:card\" content=\"summary_large_image\" \/>\n<meta name=\"twitter:label1\" content=\"Est. reading time\" \/>\n\t<meta name=\"twitter:data1\" content=\"7 minutes\" \/>\n<script type=\"application\/ld+json\" class=\"yoast-schema-graph\">{\"@context\":\"https:\/\/schema.org\",\"@graph\":[{\"@type\":\"WebPage\",\"@id\":\"https:\/\/www.elementvape.de\/pl\/produkt\/bang-king-digital-15000-puffs-peach-mango-15000-zuege-voller-suesser-fruchtiger-aromen-die-ihre-geschmacksknospen-mit-tropischem-genuss-verwoehnen\/\",\"url\":\"https:\/\/www.elementvape.de\/pl\/produkt\/bang-king-digital-15000-puffs-peach-mango-15000-zuege-voller-suesser-fruchtiger-aromen-die-ihre-geschmacksknospen-mit-tropischem-genuss-verwoehnen\/\",\"name\":\"BANG KING Digital 15000 PUFFS Peach Mango 15000 Z\u00fcge voller s\u00fc\u00dfer fruchtiger Aromen die Ihre Geschmacksknospen mit tropischem Genuss verw\u00f6hnen | ElementVape.de\",\"isPartOf\":{\"@id\":\"https:\/\/www.elementvape.de\/#website\"},\"primaryImageOfPage\":{\"@id\":\"https:\/\/www.elementvape.de\/pl\/produkt\/bang-king-digital-15000-puffs-peach-mango-15000-zuege-voller-suesser-fruchtiger-aromen-die-ihre-geschmacksknospen-mit-tropischem-genuss-verwoehnen\/#primaryimage\"},\"image\":{\"@id\":\"https:\/\/www.elementvape.de\/pl\/produkt\/bang-king-digital-15000-puffs-peach-mango-15000-zuege-voller-suesser-fruchtiger-aromen-die-ihre-geschmacksknospen-mit-tropischem-genuss-verwoehnen\/#primaryimage\"},\"thumbnailUrl\":\"https:\/\/www.elementvape.de\/wp-content\/uploads\/2024\/09\/Peach-Mango-2.jpg\",\"datePublished\":\"2024-09-24T10:00:41+00:00\",\"dateModified\":\"2024-10-09T07:14:07+00:00\",\"description\":\"Wir bieten BANG KING Digital 15000 PUFFS Peach Mango 15000 Z\u00fcge voller s\u00fc\u00dfer fruchtiger Aromen die Ihre Geschmacksknospen mit tropischem Genuss verw\u00f6hnen , Elementvape.de akzeptieren Gro\u00df-und Einzelhandel Bestellungen.\",\"breadcrumb\":{\"@id\":\"https:\/\/www.elementvape.de\/pl\/produkt\/bang-king-digital-15000-puffs-peach-mango-15000-zuege-voller-suesser-fruchtiger-aromen-die-ihre-geschmacksknospen-mit-tropischem-genuss-verwoehnen\/#breadcrumb\"},\"inLanguage\":\"fr-FR\",\"potentialAction\":[{\"@type\":\"ReadAction\",\"target\":[\"https:\/\/www.elementvape.de\/pl\/produkt\/bang-king-digital-15000-puffs-peach-mango-15000-zuege-voller-suesser-fruchtiger-aromen-die-ihre-geschmacksknospen-mit-tropischem-genuss-verwoehnen\/\"]}]},{\"@type\":\"ImageObject\",\"inLanguage\":\"fr-FR\",\"@id\":\"https:\/\/www.elementvape.de\/pl\/produkt\/bang-king-digital-15000-puffs-peach-mango-15000-zuege-voller-suesser-fruchtiger-aromen-die-ihre-geschmacksknospen-mit-tropischem-genuss-verwoehnen\/#primaryimage\",\"url\":\"https:\/\/www.elementvape.de\/wp-content\/uploads\/2024\/09\/Peach-Mango-2.jpg\",\"contentUrl\":\"https:\/\/www.elementvape.de\/wp-content\/uploads\/2024\/09\/Peach-Mango-2.jpg\",\"width\":1440,\"height\":980,\"caption\":\"Peach Mango\"},{\"@type\":\"BreadcrumbList\",\"@id\":\"https:\/\/www.elementvape.de\/pl\/produkt\/bang-king-digital-15000-puffs-peach-mango-15000-zuege-voller-suesser-fruchtiger-aromen-die-ihre-geschmacksknospen-mit-tropischem-genuss-verwoehnen\/#breadcrumb\",\"itemListElement\":[{\"@type\":\"ListItem\",\"position\":1,\"name\":\"Home\",\"item\":\"https:\/\/www.elementvape.de\/\"},{\"@type\":\"ListItem\",\"position\":2,\"name\":\"Shop\",\"item\":\"https:\/\/www.elementvape.de\/shop\/\"},{\"@type\":\"ListItem\",\"position\":3,\"name\":\"BANG KING Digital 15000 PUFFS Peach Mango 15000 Z\u00fcge voller s\u00fc\u00dfer fruchtiger Aromen die Ihre Geschmacksknospen mit tropischem Genuss verw\u00f6hnen\"}]},{\"@type\":\"WebSite\",\"@id\":\"https:\/\/www.elementvape.de\/#website\",\"url\":\"https:\/\/www.elementvape.de\/\",\"name\":\"ElementVape.de\",\"description\":\"\",\"publisher\":{\"@id\":\"https:\/\/www.elementvape.de\/#organization\"},\"potentialAction\":[{\"@type\":\"SearchAction\",\"target\":{\"@type\":\"EntryPoint\",\"urlTemplate\":\"https:\/\/www.elementvape.de\/?s={search_term_string}\"},\"query-input\":\"required name=search_term_string\"}],\"inLanguage\":\"fr-FR\"},{\"@type\":\"Organization\",\"@id\":\"https:\/\/www.elementvape.de\/#organization\",\"name\":\"ElementVape.DE\",\"url\":\"https:\/\/www.elementvape.de\/\",\"logo\":{\"@type\":\"ImageObject\",\"inLanguage\":\"fr-FR\",\"@id\":\"https:\/\/www.elementvape.de\/#\/schema\/logo\/image\/\",\"url\":\"https:\/\/www.elementvape.de\/wp-content\/uploads\/2024\/09\/cropped-1elementvape-3.png\",\"contentUrl\":\"https:\/\/www.elementvape.de\/wp-content\/uploads\/2024\/09\/cropped-1elementvape-3.png\",\"width\":285,\"height\":228,\"caption\":\"ElementVape.DE\"},\"image\":{\"@id\":\"https:\/\/www.elementvape.de\/#\/schema\/logo\/image\/\"}}]}<\/script>\n<!-- \/ Yoast SEO plugin. -->","yoast_head_json":{"title":"BANG KING Digital 15000 PUFFS Peach Mango 15000 Z\u00fcge voller s\u00fc\u00dfer fruchtiger Aromen die Ihre Geschmacksknospen mit tropischem Genuss verw\u00f6hnen | ElementVape.de","description":"Wir bieten BANG KING Digital 15000 PUFFS Peach Mango 15000 Z\u00fcge voller s\u00fc\u00dfer fruchtiger Aromen die Ihre Geschmacksknospen mit tropischem Genuss verw\u00f6hnen , Elementvape.de akzeptieren Gro\u00df-und Einzelhandel Bestellungen.","robots":{"index":"index","follow":"follow","max-snippet":"max-snippet:-1","max-image-preview":"max-image-preview:large","max-video-preview":"max-video-preview:-1"},"canonical":"https:\/\/www.elementvape.de\/fr\/produkt\/bang-king-digital-15000-puffs-peach-mango-15000-zuege-voller-suesser-fruchtiger-aromen-die-ihre-geschmacksknospen-mit-tropischem-genuss-verwoehnen\/","og_locale":"fr_FR","og_type":"article","og_title":"BANG KING Digital 15000 PUFFS Peach Mango 15000 Z\u00fcge voller s\u00fc\u00dfer fruchtiger Aromen die Ihre Geschmacksknospen mit tropischem Genuss verw\u00f6hnen | ElementVape.de","og_description":"Wir bieten BANG KING Digital 15000 PUFFS Peach Mango 15000 Z\u00fcge voller s\u00fc\u00dfer fruchtiger Aromen die Ihre Geschmacksknospen mit tropischem Genuss verw\u00f6hnen , Elementvape.de akzeptieren Gro\u00df-und Einzelhandel Bestellungen.","og_url":"https:\/\/www.elementvape.de\/fr\/produkt\/bang-king-digital-15000-puffs-peach-mango-15000-zuege-voller-suesser-fruchtiger-aromen-die-ihre-geschmacksknospen-mit-tropischem-genuss-verwoehnen\/","og_site_name":"ElementVape.de","article_modified_time":"2024-10-09T07:14:07+00:00","og_image":[{"width":1440,"height":980,"url":"https:\/\/www.elementvape.de\/wp-content\/uploads\/2024\/09\/Peach-Mango-2.jpg","type":"image\/jpeg"}],"twitter_card":"summary_large_image","twitter_misc":{"Est. reading time":"7 minutes"},"schema":{"@context":"https:\/\/schema.org","@graph":[{"@type":"WebPage","@id":"https:\/\/www.elementvape.de\/pl\/produkt\/bang-king-digital-15000-puffs-peach-mango-15000-zuege-voller-suesser-fruchtiger-aromen-die-ihre-geschmacksknospen-mit-tropischem-genuss-verwoehnen\/","url":"https:\/\/www.elementvape.de\/pl\/produkt\/bang-king-digital-15000-puffs-peach-mango-15000-zuege-voller-suesser-fruchtiger-aromen-die-ihre-geschmacksknospen-mit-tropischem-genuss-verwoehnen\/","name":"BANG KING Digital 15000 PUFFS Peach Mango 15000 Z\u00fcge voller s\u00fc\u00dfer fruchtiger Aromen die Ihre Geschmacksknospen mit tropischem Genuss verw\u00f6hnen | ElementVape.de","isPartOf":{"@id":"https:\/\/www.elementvape.de\/#website"},"primaryImageOfPage":{"@id":"https:\/\/www.elementvape.de\/pl\/produkt\/bang-king-digital-15000-puffs-peach-mango-15000-zuege-voller-suesser-fruchtiger-aromen-die-ihre-geschmacksknospen-mit-tropischem-genuss-verwoehnen\/#primaryimage"},"image":{"@id":"https:\/\/www.elementvape.de\/pl\/produkt\/bang-king-digital-15000-puffs-peach-mango-15000-zuege-voller-suesser-fruchtiger-aromen-die-ihre-geschmacksknospen-mit-tropischem-genuss-verwoehnen\/#primaryimage"},"thumbnailUrl":"https:\/\/www.elementvape.de\/wp-content\/uploads\/2024\/09\/Peach-Mango-2.jpg","datePublished":"2024-09-24T10:00:41+00:00","dateModified":"2024-10-09T07:14:07+00:00","description":"Wir bieten BANG KING Digital 15000 PUFFS Peach Mango 15000 Z\u00fcge voller s\u00fc\u00dfer fruchtiger Aromen die Ihre Geschmacksknospen mit tropischem Genuss verw\u00f6hnen , Elementvape.de akzeptieren Gro\u00df-und Einzelhandel Bestellungen.","breadcrumb":{"@id":"https:\/\/www.elementvape.de\/pl\/produkt\/bang-king-digital-15000-puffs-peach-mango-15000-zuege-voller-suesser-fruchtiger-aromen-die-ihre-geschmacksknospen-mit-tropischem-genuss-verwoehnen\/#breadcrumb"},"inLanguage":"fr-FR","potentialAction":[{"@type":"ReadAction","target":["https:\/\/www.elementvape.de\/pl\/produkt\/bang-king-digital-15000-puffs-peach-mango-15000-zuege-voller-suesser-fruchtiger-aromen-die-ihre-geschmacksknospen-mit-tropischem-genuss-verwoehnen\/"]}]},{"@type":"ImageObject","inLanguage":"fr-FR","@id":"https:\/\/www.elementvape.de\/pl\/produkt\/bang-king-digital-15000-puffs-peach-mango-15000-zuege-voller-suesser-fruchtiger-aromen-die-ihre-geschmacksknospen-mit-tropischem-genuss-verwoehnen\/#primaryimage","url":"https:\/\/www.elementvape.de\/wp-content\/uploads\/2024\/09\/Peach-Mango-2.jpg","contentUrl":"https:\/\/www.elementvape.de\/wp-content\/uploads\/2024\/09\/Peach-Mango-2.jpg","width":1440,"height":980,"caption":"Peach Mango"},{"@type":"BreadcrumbList","@id":"https:\/\/www.elementvape.de\/pl\/produkt\/bang-king-digital-15000-puffs-peach-mango-15000-zuege-voller-suesser-fruchtiger-aromen-die-ihre-geschmacksknospen-mit-tropischem-genuss-verwoehnen\/#breadcrumb","itemListElement":[{"@type":"ListItem","position":1,"name":"Home","item":"https:\/\/www.elementvape.de\/"},{"@type":"ListItem","position":2,"name":"Shop","item":"https:\/\/www.elementvape.de\/shop\/"},{"@type":"ListItem","position":3,"name":"BANG KING Digital 15000 PUFFS Peach Mango 15000 Z\u00fcge voller s\u00fc\u00dfer fruchtiger Aromen die Ihre Geschmacksknospen mit tropischem Genuss verw\u00f6hnen"}]},{"@type":"WebSite","@id":"https:\/\/www.elementvape.de\/#website","url":"https:\/\/www.elementvape.de\/","name":"ElementVape.de","description":"","publisher":{"@id":"https:\/\/www.elementvape.de\/#organization"},"potentialAction":[{"@type":"SearchAction","target":{"@type":"EntryPoint","urlTemplate":"https:\/\/www.elementvape.de\/?s={search_term_string}"},"query-input":"required name=search_term_string"}],"inLanguage":"fr-FR"},{"@type":"Organization","@id":"https:\/\/www.elementvape.de\/#organization","name":"ElementVape.DE","url":"https:\/\/www.elementvape.de\/","logo":{"@type":"ImageObject","inLanguage":"fr-FR","@id":"https:\/\/www.elementvape.de\/#\/schema\/logo\/image\/","url":"https:\/\/www.elementvape.de\/wp-content\/uploads\/2024\/09\/cropped-1elementvape-3.png","contentUrl":"https:\/\/www.elementvape.de\/wp-content\/uploads\/2024\/09\/cropped-1elementvape-3.png","width":285,"height":228,"caption":"ElementVape.DE"},"image":{"@id":"https:\/\/www.elementvape.de\/#\/schema\/logo\/image\/"}}]}},"_links":{"self":[{"href":"https:\/\/www.elementvape.de\/fr\/wp-json\/wp\/v2\/product\/14634"}],"collection":[{"href":"https:\/\/www.elementvape.de\/fr\/wp-json\/wp\/v2\/product"}],"about":[{"href":"https:\/\/www.elementvape.de\/fr\/wp-json\/wp\/v2\/types\/product"}],"wp:featuredmedia":[{"embeddable":true,"href":"https:\/\/www.elementvape.de\/fr\/wp-json\/wp\/v2\/media\/14645"}],"wp:attachment":[{"href":"https:\/\/www.elementvape.de\/fr\/wp-json\/wp\/v2\/media?parent=14634"}],"wp:term":[{"taxonomy":"product_cat","embeddable":true,"href":"https:\/\/www.elementvape.de\/fr\/wp-json\/wp\/v2\/product_cat?post=14634"},{"taxonomy":"product_tag","embeddable":true,"href":"https:\/\/www.elementvape.de\/fr\/wp-json\/wp\/v2\/product_tag?post=14634"}],"curies":[{"name":"wp","href":"https:\/\/api.w.org\/{rel}","templated":true}]}}