{"id":14571,"date":"2024-09-23T07:08:12","date_gmt":"2024-09-23T07:08:12","guid":{"rendered":"https:\/\/www.elementvape.de\/?post_type=product&#038;p=14571"},"modified":"2024-10-10T02:19:33","modified_gmt":"2024-10-10T02:19:33","slug":"royal-grape-bang-15000-puffs-ist-eine-wahre-hommage-an-die-koenigliche-frucht-geniessen-sie-das-volle-aroma-in-jedem-zug","status":"publish","type":"product","link":"https:\/\/www.elementvape.de\/fr\/produkt\/royal-grape-bang-15000-puffs-ist-eine-wahre-hommage-an-die-koenigliche-frucht-geniessen-sie-das-volle-aroma-in-jedem-zug\/","title":{"rendered":"Royal Grape Bang 15000 Puffs est un v\u00e9ritable hommage au fruit royal, savourez tout l'ar\u00f4me \u00e0 chaque bouff\u00e9e"},"content":{"rendered":"<h2>Royal Grape Bang 15000 Puffs Un hommage au fruit royal<\/h2>\n<p>Le vapotage a gagn\u00e9 en popularit\u00e9 ces derni\u00e8res ann\u00e9es et le monde de la communaut\u00e9 des vapoteurs est en constante \u00e9volution. Pour de nombreux vapoteurs, le go\u00fbt joue un r\u00f4le crucial dans le choix de leurs appareils. Et en mati\u00e8re d'exp\u00e9riences gustatives, le Royal Grape Bang 15000 Puffs Rechargeable Disposable <strong><a href=\"https:\/\/www.elementvape.de\/fr\/c\/pod\/\" target=\"_blank\" rel=\"noopener\">Pod<\/a><\/strong> a beaucoup \u00e0 offrir. Ce produit combine des ar\u00f4mes fruit\u00e9s avec une technologie avanc\u00e9e et offre aux vapoteurs une exp\u00e9rience royale \u00e0 tous points de vue.<\/p>\n<h3>Un voyage gustatif dans le monde des raisins<\/h3>\n<p>Les raisins, en particulier dans leur forme m\u00fbre et cors\u00e9e, ont quelque chose de sublime et de majestueux. Ce n'est pas un hasard si on les appelle les \u00ab fruits royaux \u00bb. Depuis des si\u00e8cles, ils sont un symbole de prosp\u00e9rit\u00e9 et de luxe et sont souvent associ\u00e9s \u00e0 des vins fins et \u00e0 de d\u00e9licieux desserts. Le Royal Grape Bang 15000 Puffs reprend exactement ces associations et offre un go\u00fbt qui honore cette tradition.<\/p>\n<h4>Authenticit\u00e9 du go\u00fbt<\/h4>\n<p>En vapotant le Royal Grape Bang, il devient imm\u00e9diatement clair qu'il s'agit d'un produit haut de gamme. Le go\u00fbt est authentique et<\/p>\n<p><img loading=\"lazy\" decoding=\"async\" class=\"wp-image-14537 alignright\" src=\"https:\/\/www.elementvape.de\/wp-content\/uploads\/2024\/09\/mmexport1705987082905-300x250.jpg\" alt=\"\" width=\"504\" height=\"420\" srcset=\"https:\/\/www.elementvape.de\/wp-content\/uploads\/2024\/09\/mmexport1705987082905-300x250.jpg 300w, https:\/\/www.elementvape.de\/wp-content\/uploads\/2024\/09\/mmexport1705987082905-1024x853.jpg 1024w, https:\/\/www.elementvape.de\/wp-content\/uploads\/2024\/09\/mmexport1705987082905-768x640.jpg 768w, https:\/\/www.elementvape.de\/wp-content\/uploads\/2024\/09\/mmexport1705987082905-600x500.jpg 600w, https:\/\/www.elementvape.de\/wp-content\/uploads\/2024\/09\/mmexport1705987082905.jpg 1296w\" sizes=\"(max-width: 504px) 100vw, 504px\" \/><\/p>\n<p>rappelle les raisins fra\u00eechement cueillis et juteux. Ce go\u00fbt naturel et intense se distingue clairement des alternatives au go\u00fbt artificiel que l'on trouve souvent dans le monde du vapotage.<\/p>\n<p>ind. L'\u00e9quilibre entre douceur et fra\u00eecheur est excellent, de sorte que le <strong><a href=\"https:\/\/www.elementvape.de\/fr\/\" target=\"_blank\" rel=\"noopener\">Vapotage<\/a><\/strong> n'est pas seulement d\u00e9licieux, mais aussi rafra\u00eechissant.<\/p>\n<p>Les ar\u00f4mes se d\u00e9ploient \u00e0 chaque bouff\u00e9e et cr\u00e9ent un m\u00e9lange unique de fruit\u00e9 et de profondeur. La douceur naturelle du raisin est compl\u00e9t\u00e9e par de fines notes am\u00e8res qui compl\u00e8tent l'exp\u00e9rience de vapotage et font de ce produit un favori pour les amateurs de go\u00fbts fruit\u00e9s.<\/p>\n<p>Le raisin n'est en aucun cas nouveau dans le monde des ar\u00f4mes. Il a sa place dans la palette des ar\u00f4mes fruit\u00e9s de vapotage, mais le Royal Grape Bang <strong><a href=\"https:\/\/www.elementvape.de\/fr\/p-tag\/groesser-oder-gleich-15000-zuege\/\" target=\"_blank\" rel=\"noopener\">15000 Bouff\u00e9es<\/a><\/strong> va au-del\u00e0. La qualit\u00e9 des ar\u00f4mes utilis\u00e9s refl\u00e8te le soin avec lequel ce produit a \u00e9t\u00e9 d\u00e9velopp\u00e9. Ce n'est pas seulement un autre vape au raisin, c'est un hommage au raisin en tant que joyau gustatif.<\/p>\n<p>Les ar\u00f4mes de raisin ont toujours \u00e9t\u00e9 populaires car ils sont polyvalents et offrent \u00e0 la fois des composants sucr\u00e9s et frais. Le Royal Grape Bang \u00e9tablit cependant de nouvelles normes en exploitant pleinement le potentiel de cet ar\u00f4me et en l'\u00e9levant \u00e0 un nouveau niveau. Ce Pod apporte le go\u00fbt des raisins m\u00fbrs sous une forme intense et durable, sans para\u00eetre artificiel.<\/p>\n<h3>Sp\u00e9cifications techniques : Une performance impressionnante<\/h3>\n<p>Le go\u00fbt seul ne suffit cependant pas \u00e0 cr\u00e9er un produit de vape de la plus haute qualit\u00e9. La technique est \u00e9galement importante, et \u00e0 cet \u00e9gard, le Royal Grape Bang 15000 Puffs impressionne sur toute la ligne.<\/p>\n<ul>\n<li>Num\u00e9ro de mod\u00e8le : Bang 15000 Bouff\u00e9es Rechargeable Jetable Pod<\/li>\n<li>Capacit\u00e9 de e-liquide : 23 ml<\/li>\n<li>Teneur en nicotine : 2% et 5%<\/li>\n<li>Batterie : 650 mAh, rechargeable<\/li>\n<li>Nombre d'inhalations : jusqu'\u00e0 15 000<\/li>\n<li>Port de charge : Type-C<\/li>\n<li>R\u00e9sistance : 1,1 Ohm<\/li>\n<\/ul>\n<p>Ces sp\u00e9cifications montrent qu'il s'agit d'un produit con\u00e7u pour la durabilit\u00e9 et la convivialit\u00e9. Avec un nombre de bouff\u00e9es allant jusqu'\u00e0 15000, le Royal Grape Bang est l'un des appareils les plus performants du march\u00e9. Cela signifie que l'utilisateur peut profiter pleinement de l'exp\u00e9rience gustative pendant une p\u00e9riode plus longue sans avoir \u00e0 se soucier que le Pod se vide trop rapidement.<\/p>\n<h4>Capacit\u00e9 d'E-Liquide et teneur en N<\/h4>\n<p>Avec une capacit\u00e9 d'E-Liquide de 23 ml, le Royal Grape Bang offre une quantit\u00e9 impressionnante de liquide, suffisante pour de nombreuses heures de plaisir de vapotage. La teneur en N de 2% et 5% rendent le produit flexible et attrayant pour un large public cible. Les utilisateurs peuvent choisir la teneur en N appropri\u00e9e en fonction de leurs pr\u00e9f\u00e9rences et de leurs habitudes, ce qui est aussi important pour les d\u00e9butants que pour les personnes exp\u00e9riment\u00e9es. <strong><a href=\"https:\/\/www.elementvape.de\/fr\/\" target=\"_blank\" rel=\"noopener\">Vapoteurs<\/a><\/strong>, qui connaissent exactement leur teneur en N.<\/p>\n<p>Une batterie rechargeable de 650 mAh de capacit\u00e9 garantit que la Royal Grape Bang dure longtemps m\u00eame en utilisation intensive. L'avantage d'une batterie rechargeable est \u00e9vident : vous n'avez pas besoin d'acheter de nouveaux pods lorsque la batterie est vide, mais vous pouvez simplement utiliser le port Type-C pour recharger rapidement et facilement l'appareil.<\/p>\n<p>Le port Type-C offre, par rapport aux anciens ports Micro-USB, un temps de charge plus rapide et plus efficace, ce qui est particuli\u00e8rement pratique lorsque vous utilisez l'appareil en d\u00e9placement. Le temps de charge est consid\u00e9rablement r\u00e9duit, vous permettant de passer moins de temps sans votre appareil et de profiter plus rapidement de l'ar\u00f4me royal de la vigne.<\/p>\n<h4>R\u00e9sistance et Mesh Coil<\/h4>\n<p>Avec une r\u00e9sistance de 1,1 Ohm et une Mesh Coil, la Royal Grape Bang offre une production de vapeur r\u00e9guli\u00e8re et constante. Les Mesh Coils sont connus pour offrir une surface plus grande pour l'\u00e9vaporation du e-liquide, ce qui conduit \u00e0 une saveur plus intense et plus homog\u00e8ne. Cela est particuli\u00e8rement important pour les ar\u00f4mes fruit\u00e9s comme la vigne, qui b\u00e9n\u00e9ficient souvent d'une temp\u00e9rature plus \u00e9lev\u00e9e pour r\u00e9v\u00e9ler toutes leurs nuances de saveur.<\/p>\n<p>La sup\u00e9riorit\u00e9 technique de la Royal Grape Bang 15000 Puffs ne vaudrait pas grand-chose si elle ne garantissait pas une exp\u00e9rience utilisateur exceptionnelle. Heureusement, ce produit poss\u00e8de non seulement des sp\u00e9cifications solides sur le papier, mais offre \u00e9galement une exp\u00e9rience de vapotage de premier ordre en pratique.<\/p>\n<p>Le design ergonomique de la Royal Grape Bang assure une bonne prise en main et une utilisation facile. Sa forme fine et compacte la rend id\u00e9ale pour le transport, vous permettant de l'emporter facilement dans votre poche. Que vous soyez en d\u00e9placement ou en train de vous d\u00e9tendre chez vous, la Royal Grape Bang est toujours un compagnon fid\u00e8le, vous offrant un plaisir royal.<\/p>\n<h4>Saveur durable<\/h4>\n<p>Un autre point fort de ce produit est la constance du go\u00fbt tout au long de la dur\u00e9e de vie du pod. De nombreux vapoteurs ont d\u00e9j\u00e0 constat\u00e9 que le go\u00fbt diminue avec d'autres produits apr\u00e8s un certain temps. Ce n'est pas le cas avec la Royal Grape Bang. Gr\u00e2ce \u00e0 la Mesh Coil de haute qualit\u00e9 et \u00e0 la capacit\u00e9 optimale du e-liquide, la saveur reste intense et constante de la premi\u00e8re \u00e0 la derni\u00e8re inhalation.<\/p>\n<p>Outre le go\u00fbt, le volume de vapeur est \u00e9galement un facteur important dans le vapotage. La Royal Grape Bang offre, gr\u00e2ce \u00e0 sa technologie avanc\u00e9e, une production de vapeur impressionnante. Chaque tirage d\u00e9livre une grande quantit\u00e9 de vapeur dense et aromatique, rendant l'exp\u00e9rience de vapotage encore plus intense.<\/p>\n<h3>Pour qui la Royal Grape Bang 15000 Puffs est-elle adapt\u00e9e ?<\/h3>\n<p>La Royal Grape Bang 15000 Puffs s'adresse \u00e0 un large public, des d\u00e9butants aux vapoteurs exp\u00e9riment\u00e9s. Elle est particuli\u00e8rement adapt\u00e9e \u00e0 ceux qui pr\u00e9f\u00e8rent un go\u00fbt fruit\u00e9 intense et recherchent une exp\u00e9rience de vapotage longue dur\u00e9e.<\/p>\n<p>Ce pod est id\u00e9al pour les amateurs d'ar\u00f4mes fruit\u00e9s et sucr\u00e9s, en particulier de raisins. Le go\u00fbt est profond et riche, sans para\u00eetre artificiel. Pour les vapoteurs appr\u00e9ciant le go\u00fbt des fruits m\u00fbrs, la Royal Grape Bang est un excellent choix. Elle offre une exp\u00e9rience gustative qui s\u00e9duira aussi bien les d\u00e9butants que les vapoteurs exp\u00e9riment\u00e9s.<\/p>\n<p>Bien que la Royal Grape Bang soit con\u00e7ue pour un usage quotidien, elle offre \u00e9galement une exp\u00e9rience de vapotage luxueuse lors d'occasions sp\u00e9ciales. Gr\u00e2ce \u00e0 sa longue dur\u00e9e de vie et \u00e0 son go\u00fbt intense, vous pouvez en profiter aussi bien au quotidien qu'\u00e0 des \u00e9v\u00e9nements particuliers.<\/p>\n<h3>Un produit qui m\u00e9rite le nom de \u00ab Royal \u00bb<\/h3>\n<p>La Royal Grape Bang 15000 Puffs est bien plus qu'un simple pod jetable. C'est une v\u00e9ritable \u0153uvre d'art de la technologie de vapotage, offrant une exp\u00e9rience gustative in\u00e9gal\u00e9e. De la reproduction authentique de l'ar\u00f4me de la vigne \u00e0 la technologie avanc\u00e9e, ce produit \u00e9tablit de nouvelles normes dans le monde du vapotage.<\/p>\n<p>Pour tous ceux qui recherchent un produit \u00e0 la fois savoureux et techniquement performant, la Royal Grape Bang 15000 Puffs est un excellent choix. Que vous soyez d\u00e9butant ou vapoteur exp\u00e9riment\u00e9, ce produit vous offrira un plaisir royal \u00e0 tous \u00e9gards.<\/p>","protected":false},"excerpt":{"rendered":"<p>Royal Grape Bang 15000 Puffs Eine Hommage an die k\u00f6nigliche Frucht Vaping hat in den letzten Jahren immer mehr an Popularit\u00e4t gewonnen und die Welt der Dampfergemeinde entwickelt sich stetig weiter. F\u00fcr viele Vaper spielt der Geschmack eine entscheidende Rolle bei der Wahl ihrer Ger\u00e4te. Und wenn es um Geschmackserlebnisse geht, hat die Royal Grape [&hellip;]<\/p>","protected":false},"featured_media":14548,"template":"","meta":{"inline_featured_image":false},"product_cat":[15,769,739,743,744,755,738,751],"product_tag":[710,674],"tiered_pricing_type":"fixed","tiered_pricing_fixed_rules":{"60":"6.58","110":"5.85","200":"5.12"},"tiered_pricing_percentage_rules":[],"tiered_pricing_minimum":1,"_administrator_tiered_pricing_type":"fixed","_administrator_tiered_pricing_fixed_rules":[],"_editor_tiered_pricing_type":"fixed","_editor_tiered_pricing_fixed_rules":[],"_author_tiered_pricing_type":"fixed","_author_tiered_pricing_fixed_rules":[],"_contributor_tiered_pricing_type":"fixed","_contributor_tiered_pricing_fixed_rules":[],"_subscriber_tiered_pricing_type":"fixed","_subscriber_tiered_pricing_fixed_rules":[],"_customer_tiered_pricing_type":"fixed","_customer_tiered_pricing_fixed_rules":[],"_shop_manager_tiered_pricing_type":"fixed","_shop_manager_tiered_pricing_fixed_rules":[],"_wpseo_manager_tiered_pricing_type":"fixed","_wpseo_manager_tiered_pricing_fixed_rules":[],"_wpseo_editor_tiered_pricing_type":"fixed","_wpseo_editor_tiered_pricing_fixed_rules":[],"_wholesale_customer_tiered_pricing_type":"fixed","_wholesale_customer_tiered_pricing_fixed_rules":[],"_marketer_tiered_pricing_type":"fixed","_marketer_tiered_pricing_fixed_rules":[],"_sales_manager_tiered_pricing_type":"fixed","_sales_manager_tiered_pricing_fixed_rules":[],"_sales_rep_tiered_pricing_type":"fixed","_sales_rep_tiered_pricing_fixed_rules":[],"yoast_head":"<!-- This site is optimized with the Yoast SEO plugin v23.3 - https:\/\/yoast.com\/wordpress\/plugins\/seo\/ -->\n<title>Royal Grape Bang 15000 Puffs ist eine wahre Hommage an die k\u00f6nigliche Frucht genie\u00dfen Sie das volle Aroma in jedem Zug | ElementVape.de<\/title>\n<meta name=\"description\" content=\"Wir bieten Royal Grape Bang 15000 Puffs ist eine wahre Hommage an die k\u00f6nigliche Frucht genie\u00dfen Sie das volle Aroma in jedem Zug , Elementvape.de akzeptieren Gro\u00df-und Einzelhandel Bestellungen.\" \/>\n<meta name=\"robots\" content=\"index, follow, max-snippet:-1, max-image-preview:large, max-video-preview:-1\" \/>\n<link rel=\"canonical\" href=\"https:\/\/www.elementvape.de\/fr\/produkt\/royal-grape-bang-15000-puffs-ist-eine-wahre-hommage-an-die-koenigliche-frucht-geniessen-sie-das-volle-aroma-in-jedem-zug\/\" \/>\n<meta property=\"og:locale\" content=\"fr_FR\" \/>\n<meta property=\"og:type\" content=\"article\" \/>\n<meta property=\"og:title\" content=\"Royal Grape Bang 15000 Puffs ist eine wahre Hommage an die k\u00f6nigliche Frucht genie\u00dfen Sie das volle Aroma in jedem Zug | ElementVape.de\" \/>\n<meta property=\"og:description\" content=\"Wir bieten Royal Grape Bang 15000 Puffs ist eine wahre Hommage an die k\u00f6nigliche Frucht genie\u00dfen Sie das volle Aroma in jedem Zug , Elementvape.de akzeptieren Gro\u00df-und Einzelhandel Bestellungen.\" \/>\n<meta property=\"og:url\" content=\"https:\/\/www.elementvape.de\/fr\/produkt\/royal-grape-bang-15000-puffs-ist-eine-wahre-hommage-an-die-koenigliche-frucht-geniessen-sie-das-volle-aroma-in-jedem-zug\/\" \/>\n<meta property=\"og:site_name\" content=\"ElementVape.de\" \/>\n<meta property=\"article:modified_time\" content=\"2024-10-10T02:19:33+00:00\" \/>\n<meta property=\"og:image\" content=\"https:\/\/www.elementvape.de\/wp-content\/uploads\/2024\/09\/Royal-Grape.jpg\" \/>\n\t<meta property=\"og:image:width\" content=\"1681\" \/>\n\t<meta property=\"og:image:height\" content=\"1020\" \/>\n\t<meta property=\"og:image:type\" content=\"image\/jpeg\" \/>\n<meta name=\"twitter:card\" content=\"summary_large_image\" \/>\n<meta name=\"twitter:label1\" content=\"Est. reading time\" \/>\n\t<meta name=\"twitter:data1\" content=\"8 minutes\" \/>\n<script type=\"application\/ld+json\" class=\"yoast-schema-graph\">{\"@context\":\"https:\/\/schema.org\",\"@graph\":[{\"@type\":\"WebPage\",\"@id\":\"https:\/\/www.elementvape.de\/el\/produkt\/royal-grape-bang-15000-puffs-ist-eine-wahre-hommage-an-die-koenigliche-frucht-geniessen-sie-das-volle-aroma-in-jedem-zug\/\",\"url\":\"https:\/\/www.elementvape.de\/el\/produkt\/royal-grape-bang-15000-puffs-ist-eine-wahre-hommage-an-die-koenigliche-frucht-geniessen-sie-das-volle-aroma-in-jedem-zug\/\",\"name\":\"Royal Grape Bang 15000 Puffs ist eine wahre Hommage an die k\u00f6nigliche Frucht genie\u00dfen Sie das volle Aroma in jedem Zug | ElementVape.de\",\"isPartOf\":{\"@id\":\"https:\/\/www.elementvape.de\/#website\"},\"primaryImageOfPage\":{\"@id\":\"https:\/\/www.elementvape.de\/el\/produkt\/royal-grape-bang-15000-puffs-ist-eine-wahre-hommage-an-die-koenigliche-frucht-geniessen-sie-das-volle-aroma-in-jedem-zug\/#primaryimage\"},\"image\":{\"@id\":\"https:\/\/www.elementvape.de\/el\/produkt\/royal-grape-bang-15000-puffs-ist-eine-wahre-hommage-an-die-koenigliche-frucht-geniessen-sie-das-volle-aroma-in-jedem-zug\/#primaryimage\"},\"thumbnailUrl\":\"https:\/\/www.elementvape.de\/wp-content\/uploads\/2024\/09\/Royal-Grape.jpg\",\"datePublished\":\"2024-09-23T07:08:12+00:00\",\"dateModified\":\"2024-10-10T02:19:33+00:00\",\"description\":\"Wir bieten Royal Grape Bang 15000 Puffs ist eine wahre Hommage an die k\u00f6nigliche Frucht genie\u00dfen Sie das volle Aroma in jedem Zug , Elementvape.de akzeptieren Gro\u00df-und Einzelhandel Bestellungen.\",\"breadcrumb\":{\"@id\":\"https:\/\/www.elementvape.de\/el\/produkt\/royal-grape-bang-15000-puffs-ist-eine-wahre-hommage-an-die-koenigliche-frucht-geniessen-sie-das-volle-aroma-in-jedem-zug\/#breadcrumb\"},\"inLanguage\":\"fr-FR\",\"potentialAction\":[{\"@type\":\"ReadAction\",\"target\":[\"https:\/\/www.elementvape.de\/el\/produkt\/royal-grape-bang-15000-puffs-ist-eine-wahre-hommage-an-die-koenigliche-frucht-geniessen-sie-das-volle-aroma-in-jedem-zug\/\"]}]},{\"@type\":\"ImageObject\",\"inLanguage\":\"fr-FR\",\"@id\":\"https:\/\/www.elementvape.de\/el\/produkt\/royal-grape-bang-15000-puffs-ist-eine-wahre-hommage-an-die-koenigliche-frucht-geniessen-sie-das-volle-aroma-in-jedem-zug\/#primaryimage\",\"url\":\"https:\/\/www.elementvape.de\/wp-content\/uploads\/2024\/09\/Royal-Grape.jpg\",\"contentUrl\":\"https:\/\/www.elementvape.de\/wp-content\/uploads\/2024\/09\/Royal-Grape.jpg\",\"width\":1681,\"height\":1020,\"caption\":\"Royal Grape\"},{\"@type\":\"BreadcrumbList\",\"@id\":\"https:\/\/www.elementvape.de\/el\/produkt\/royal-grape-bang-15000-puffs-ist-eine-wahre-hommage-an-die-koenigliche-frucht-geniessen-sie-das-volle-aroma-in-jedem-zug\/#breadcrumb\",\"itemListElement\":[{\"@type\":\"ListItem\",\"position\":1,\"name\":\"Home\",\"item\":\"https:\/\/www.elementvape.de\/\"},{\"@type\":\"ListItem\",\"position\":2,\"name\":\"Shop\",\"item\":\"https:\/\/www.elementvape.de\/shop\/\"},{\"@type\":\"ListItem\",\"position\":3,\"name\":\"Royal Grape Bang 15000 Puffs ist eine wahre Hommage an die k\u00f6nigliche Frucht genie\u00dfen Sie das volle Aroma in jedem Zug\"}]},{\"@type\":\"WebSite\",\"@id\":\"https:\/\/www.elementvape.de\/#website\",\"url\":\"https:\/\/www.elementvape.de\/\",\"name\":\"ElementVape.de\",\"description\":\"\",\"publisher\":{\"@id\":\"https:\/\/www.elementvape.de\/#organization\"},\"potentialAction\":[{\"@type\":\"SearchAction\",\"target\":{\"@type\":\"EntryPoint\",\"urlTemplate\":\"https:\/\/www.elementvape.de\/?s={search_term_string}\"},\"query-input\":\"required name=search_term_string\"}],\"inLanguage\":\"fr-FR\"},{\"@type\":\"Organization\",\"@id\":\"https:\/\/www.elementvape.de\/#organization\",\"name\":\"ElementVape.DE\",\"url\":\"https:\/\/www.elementvape.de\/\",\"logo\":{\"@type\":\"ImageObject\",\"inLanguage\":\"fr-FR\",\"@id\":\"https:\/\/www.elementvape.de\/#\/schema\/logo\/image\/\",\"url\":\"https:\/\/www.elementvape.de\/wp-content\/uploads\/2024\/09\/cropped-1elementvape-3.png\",\"contentUrl\":\"https:\/\/www.elementvape.de\/wp-content\/uploads\/2024\/09\/cropped-1elementvape-3.png\",\"width\":285,\"height\":228,\"caption\":\"ElementVape.DE\"},\"image\":{\"@id\":\"https:\/\/www.elementvape.de\/#\/schema\/logo\/image\/\"}}]}<\/script>\n<!-- \/ Yoast SEO plugin. -->","yoast_head_json":{"title":"Royal Grape Bang 15000 Puffs ist eine wahre Hommage an die k\u00f6nigliche Frucht genie\u00dfen Sie das volle Aroma in jedem Zug | ElementVape.de","description":"Wir bieten Royal Grape Bang 15000 Puffs ist eine wahre Hommage an die k\u00f6nigliche Frucht genie\u00dfen Sie das volle Aroma in jedem Zug , Elementvape.de akzeptieren Gro\u00df-und Einzelhandel Bestellungen.","robots":{"index":"index","follow":"follow","max-snippet":"max-snippet:-1","max-image-preview":"max-image-preview:large","max-video-preview":"max-video-preview:-1"},"canonical":"https:\/\/www.elementvape.de\/fr\/produkt\/royal-grape-bang-15000-puffs-ist-eine-wahre-hommage-an-die-koenigliche-frucht-geniessen-sie-das-volle-aroma-in-jedem-zug\/","og_locale":"fr_FR","og_type":"article","og_title":"Royal Grape Bang 15000 Puffs ist eine wahre Hommage an die k\u00f6nigliche Frucht genie\u00dfen Sie das volle Aroma in jedem Zug | ElementVape.de","og_description":"Wir bieten Royal Grape Bang 15000 Puffs ist eine wahre Hommage an die k\u00f6nigliche Frucht genie\u00dfen Sie das volle Aroma in jedem Zug , Elementvape.de akzeptieren Gro\u00df-und Einzelhandel Bestellungen.","og_url":"https:\/\/www.elementvape.de\/fr\/produkt\/royal-grape-bang-15000-puffs-ist-eine-wahre-hommage-an-die-koenigliche-frucht-geniessen-sie-das-volle-aroma-in-jedem-zug\/","og_site_name":"ElementVape.de","article_modified_time":"2024-10-10T02:19:33+00:00","og_image":[{"width":1681,"height":1020,"url":"https:\/\/www.elementvape.de\/wp-content\/uploads\/2024\/09\/Royal-Grape.jpg","type":"image\/jpeg"}],"twitter_card":"summary_large_image","twitter_misc":{"Est. reading time":"8 minutes"},"schema":{"@context":"https:\/\/schema.org","@graph":[{"@type":"WebPage","@id":"https:\/\/www.elementvape.de\/el\/produkt\/royal-grape-bang-15000-puffs-ist-eine-wahre-hommage-an-die-koenigliche-frucht-geniessen-sie-das-volle-aroma-in-jedem-zug\/","url":"https:\/\/www.elementvape.de\/el\/produkt\/royal-grape-bang-15000-puffs-ist-eine-wahre-hommage-an-die-koenigliche-frucht-geniessen-sie-das-volle-aroma-in-jedem-zug\/","name":"Royal Grape Bang 15000 Puffs ist eine wahre Hommage an die k\u00f6nigliche Frucht genie\u00dfen Sie das volle Aroma in jedem Zug | ElementVape.de","isPartOf":{"@id":"https:\/\/www.elementvape.de\/#website"},"primaryImageOfPage":{"@id":"https:\/\/www.elementvape.de\/el\/produkt\/royal-grape-bang-15000-puffs-ist-eine-wahre-hommage-an-die-koenigliche-frucht-geniessen-sie-das-volle-aroma-in-jedem-zug\/#primaryimage"},"image":{"@id":"https:\/\/www.elementvape.de\/el\/produkt\/royal-grape-bang-15000-puffs-ist-eine-wahre-hommage-an-die-koenigliche-frucht-geniessen-sie-das-volle-aroma-in-jedem-zug\/#primaryimage"},"thumbnailUrl":"https:\/\/www.elementvape.de\/wp-content\/uploads\/2024\/09\/Royal-Grape.jpg","datePublished":"2024-09-23T07:08:12+00:00","dateModified":"2024-10-10T02:19:33+00:00","description":"Wir bieten Royal Grape Bang 15000 Puffs ist eine wahre Hommage an die k\u00f6nigliche Frucht genie\u00dfen Sie das volle Aroma in jedem Zug , Elementvape.de akzeptieren Gro\u00df-und Einzelhandel Bestellungen.","breadcrumb":{"@id":"https:\/\/www.elementvape.de\/el\/produkt\/royal-grape-bang-15000-puffs-ist-eine-wahre-hommage-an-die-koenigliche-frucht-geniessen-sie-das-volle-aroma-in-jedem-zug\/#breadcrumb"},"inLanguage":"fr-FR","potentialAction":[{"@type":"ReadAction","target":["https:\/\/www.elementvape.de\/el\/produkt\/royal-grape-bang-15000-puffs-ist-eine-wahre-hommage-an-die-koenigliche-frucht-geniessen-sie-das-volle-aroma-in-jedem-zug\/"]}]},{"@type":"ImageObject","inLanguage":"fr-FR","@id":"https:\/\/www.elementvape.de\/el\/produkt\/royal-grape-bang-15000-puffs-ist-eine-wahre-hommage-an-die-koenigliche-frucht-geniessen-sie-das-volle-aroma-in-jedem-zug\/#primaryimage","url":"https:\/\/www.elementvape.de\/wp-content\/uploads\/2024\/09\/Royal-Grape.jpg","contentUrl":"https:\/\/www.elementvape.de\/wp-content\/uploads\/2024\/09\/Royal-Grape.jpg","width":1681,"height":1020,"caption":"Royal Grape"},{"@type":"BreadcrumbList","@id":"https:\/\/www.elementvape.de\/el\/produkt\/royal-grape-bang-15000-puffs-ist-eine-wahre-hommage-an-die-koenigliche-frucht-geniessen-sie-das-volle-aroma-in-jedem-zug\/#breadcrumb","itemListElement":[{"@type":"ListItem","position":1,"name":"Home","item":"https:\/\/www.elementvape.de\/"},{"@type":"ListItem","position":2,"name":"Shop","item":"https:\/\/www.elementvape.de\/shop\/"},{"@type":"ListItem","position":3,"name":"Royal Grape Bang 15000 Puffs ist eine wahre Hommage an die k\u00f6nigliche Frucht genie\u00dfen Sie das volle Aroma in jedem Zug"}]},{"@type":"WebSite","@id":"https:\/\/www.elementvape.de\/#website","url":"https:\/\/www.elementvape.de\/","name":"ElementVape.de","description":"","publisher":{"@id":"https:\/\/www.elementvape.de\/#organization"},"potentialAction":[{"@type":"SearchAction","target":{"@type":"EntryPoint","urlTemplate":"https:\/\/www.elementvape.de\/?s={search_term_string}"},"query-input":"required name=search_term_string"}],"inLanguage":"fr-FR"},{"@type":"Organization","@id":"https:\/\/www.elementvape.de\/#organization","name":"ElementVape.DE","url":"https:\/\/www.elementvape.de\/","logo":{"@type":"ImageObject","inLanguage":"fr-FR","@id":"https:\/\/www.elementvape.de\/#\/schema\/logo\/image\/","url":"https:\/\/www.elementvape.de\/wp-content\/uploads\/2024\/09\/cropped-1elementvape-3.png","contentUrl":"https:\/\/www.elementvape.de\/wp-content\/uploads\/2024\/09\/cropped-1elementvape-3.png","width":285,"height":228,"caption":"ElementVape.DE"},"image":{"@id":"https:\/\/www.elementvape.de\/#\/schema\/logo\/image\/"}}]}},"_links":{"self":[{"href":"https:\/\/www.elementvape.de\/fr\/wp-json\/wp\/v2\/product\/14571"}],"collection":[{"href":"https:\/\/www.elementvape.de\/fr\/wp-json\/wp\/v2\/product"}],"about":[{"href":"https:\/\/www.elementvape.de\/fr\/wp-json\/wp\/v2\/types\/product"}],"wp:featuredmedia":[{"embeddable":true,"href":"https:\/\/www.elementvape.de\/fr\/wp-json\/wp\/v2\/media\/14548"}],"wp:attachment":[{"href":"https:\/\/www.elementvape.de\/fr\/wp-json\/wp\/v2\/media?parent=14571"}],"wp:term":[{"taxonomy":"product_cat","embeddable":true,"href":"https:\/\/www.elementvape.de\/fr\/wp-json\/wp\/v2\/product_cat?post=14571"},{"taxonomy":"product_tag","embeddable":true,"href":"https:\/\/www.elementvape.de\/fr\/wp-json\/wp\/v2\/product_tag?post=14571"}],"curies":[{"name":"wp","href":"https:\/\/api.w.org\/{rel}","templated":true}]}}