{"id":14521,"date":"2024-09-23T02:51:43","date_gmt":"2024-09-23T02:51:43","guid":{"rendered":"https:\/\/www.elementvape.de\/?post_type=product&#038;p=14521"},"modified":"2024-10-10T02:57:01","modified_gmt":"2024-10-10T02:57:01","slug":"geniessen-sie-20000-zuege-voller-erfrischung-und-energie-mit-der-bang-tick-tock-energy-drink-fuer-ein-unvergleichliches-dampferlebnis-das-begeistert","status":"publish","type":"product","link":"https:\/\/www.elementvape.de\/fr\/produkt\/geniessen-sie-20000-zuege-voller-erfrischung-und-energie-mit-der-bang-tick-tock-energy-drink-fuer-ein-unvergleichliches-dampferlebnis-das-begeistert\/","title":{"rendered":"Profitez de 20 000 coups pleins de fra\u00eecheur et d'\u00e9nergie avec la boisson \u00e9nergisante BANG Tick Tock pour une exp\u00e9rience de vapeur in\u00e9gal\u00e9e qui enthousiasme"},"content":{"rendered":"<h2>BANG Tick Tock 20000 Puffs Boisson \u00c9nergisante : Rafra\u00eechissement et \u00e9nergie en un<\/h2>\n<p>Dans le monde tr\u00e9pidant d'aujourd'hui, il est plus important que jamais de profiter de l'\u00e9nergie et du rafra\u00eechissement de mani\u00e8re pratique et agr\u00e9able. La BANG Tick Tock 20000 Puffs Boisson \u00c9nergisante apporte pr\u00e9cis\u00e9ment cela sur le march\u00e9. Avec cette solution de vape innovante, vous pouvez profiter de la fra\u00eecheur p\u00e9tillante d'une boisson \u00e9nergisante classique sans renoncer aux avantages du vapotage. Dans cet article, nous allons plonger dans les d\u00e9tails de ce produit, de son go\u00fbt unique \u00e0 ses sp\u00e9cifications techniques, en passant par ses avantages et l'exp\u00e9rience utilisateur.<\/p>\n<h2>Le go\u00fbt de l'\u00e9nergie Une explosion de saveurs<\/h2>\n<p>Le profil gustatif<\/p>\n<p>La BANG Tick Tock Boisson \u00c9nergisante offre un profil gustatif distinctif qui rappelle la boisson \u00e9nergisante populaire. Chaque fois que vous prenez une bouff\u00e9e, vous \u00eates accueilli par une note p\u00e9tillante et sucr\u00e9e, suivie d'une finale agr\u00e9able et rafra\u00eechissante. Cette combinaison garantit que le go\u00fbt est non seulement attrayant, mais aussi vivifiant \u2013 parfait pour ceux qui ont besoin d'un regain d'\u00e9nergie suppl\u00e9mentaire.<\/p>\n<p>Douceur rafra\u00eechissante<\/p>\n<p>Les ar\u00f4mes sucr\u00e9s de la boisson \u00e9nergisante vous donnent une sensation de fra\u00eecheur et de vivacit\u00e9. Cette douceur n'est pas envahissante, mais \u00e9quilibr\u00e9e, de sorte que vous pouvez profiter d'un go\u00fbt clair et agr\u00e9able \u00e0 chaque bouff\u00e9e.<\/p>\n<p>Notes l\u00e9g\u00e8rement acidul\u00e9es<\/p>\n<p>Outre la douceur, les notes l\u00e9g\u00e8rement acidul\u00e9es de la boisson \u00e9nergisante apportent une dimension int\u00e9ressante au go\u00fbt. Cette complexit\u00e9 garantit que le vapotage n'est jamais ennuyeux et offre toujours de nouvelles exp\u00e9riences gustatives.<\/p>\n<p>Une aventure gustative<\/p>\n<p>Vapoter la BANG Tick Tock Boisson \u00c9nergisante est plus qu'un simple plaisir \u2013 c'est une exp\u00e9rience. \u00c0 chaque bouff\u00e9e, vous voyagez \u00e0 travers une aventure gustative \u00e0 la fois rafra\u00eechissante et satisfaisante. Id\u00e9al pour les pauses au bureau, pendant les \u00e9tudes ou simplement pour se d\u00e9tendre \u00e0 la maison.<\/p>\n<h2>Raffinement technique : Les avantages de la BANG Tick Tock<\/h2>\n<p>Capacit\u00e9 \u00e9lev\u00e9e en bouff\u00e9es<\/p>\n<p>Avec une capacit\u00e9 impressionnante de 20 000 bouff\u00e9es, la BANG Tick Tock est l'un des produits de vapotage les plus durables du march\u00e9. Ce nombre \u00e9lev\u00e9 de bouff\u00e9es signifie que vous n'avez pas besoin de chercher constamment de nouveaux appareils ou des recharges. Que vous soyez souvent en d\u00e9placement ou que vous souhaitiez simplement profiter d'une exp\u00e9rience de vapotage d\u00e9tendue \u00e0 la maison, la BANG Tick Tock vous assure d'\u00eatre toujours bien approvisionn\u00e9.<\/p>\n<p>Plaisir durable<\/p>\n<p>La capacit\u00e9 \u00e9lev\u00e9e de bouff\u00e9es garantit que chaque utilisateur appr\u00e9cie longtemps ce produit. Vous pouvez \u00eatre s\u00fbr que vous n'aurez pas \u00e0 chercher une nouvelle cartouche au milieu de votre session de vapotage.<\/p>\n<h3>Flexibilit\u00e9 de la teneur en N<\/h3>\n<p>Une autre caract\u00e9ristique remarquable de la BANG Tick Tock est la possibilit\u00e9 de choisir entre diff\u00e9rentes teneurs en N. Vous avez le choix entre 2% et 5% de teneur en N. Cette flexibilit\u00e9 est particuli\u00e8rement importante, car diff\u00e9rents utilisateurs ont des pr\u00e9f\u00e9rences diff\u00e9rentes. Que vous d\u00e9butiez avec le <strong><a href=\"https:\/\/www.elementvape.de\/fr\/\" target=\"_blank\" rel=\"noopener\">Vapotage<\/a><\/strong> ou que vous soyez un vapoteur exp\u00e9riment\u00e9, le choix du taux de nicotine vous permet d'adapter au mieux votre exp\u00e9rience de vapotage.<\/p>\n<h3>Design convivial<\/h3>\n<p>Le design de la BANG Tick Tock n'est pas seulement attrayant, mais aussi extr\u00eamement fonctionnel. Avec une batterie puissante de 650mAh, vous \u00eates parfaitement \u00e9quip\u00e9 pour de longues sessions de vapotage. Le port de charge de type C garantit que la recharge est rapide et simple. En quelques minutes seulement, votre appareil est de nouveau pr\u00eat \u00e0 l'emploi.<\/p>\n<h4>Compact et portable<\/h4>\n<p>Le format compact de la BANG Tick Tock en fait un choix id\u00e9al pour le quotidien. Elle tient facilement dans n'importe quelle poche ou sac \u00e0 dos, vous permettant de l'emporter partout \u2013 que ce soit pour faire du sport, au bureau ou en voyage. Cette portabilit\u00e9 est un grand avantage pour tous ceux qui sont souvent en d\u00e9placement.<\/p>\n<h2>Durabilit\u00e9 et efficacit\u00e9<\/h2>\n<p>Respect des ressources<\/p>\n<p>De nos jours, la durabilit\u00e9 est plus importante que jamais. La BANG Tick Tock Energy Drink contribue \u00e0 la r\u00e9duction des d\u00e9chets, car gr\u00e2ce \u00e0 sa grande capacit\u00e9 de puff, vous avez besoin de moins de nouveaux appareils ou recharges. Cela r\u00e9duit la consommation globale et a un impact positif sur l'environnement.<\/p>\n<p>Utilisation efficace<\/p>\n<p>En utilisant du sel de nicotine et une technologie d'\u00e9vaporateur avanc\u00e9e, la BANG Tick Tock garantit que chaque inhalation est optimis\u00e9e. Vous pouvez \u00eatre s\u00fbr de profiter de toute l'ar\u00f4me et de la force de nicotine, sans consommation rapide.<\/p>\n<h2>Exp\u00e9dition hors taxes et directe vers l'UE<\/h2>\n<p>Un autre avantage lors de l'achat de la BANG Tick Tock <strong><a href=\"https:\/\/www.elementvape.de\/fr\/p-tag\/groesser-oder-gleich-20000-zuege\/\" target=\"_blank\" rel=\"noopener\">20 000 bouff\u00e9es<\/a><\/strong> Energy Drink est la livraison hors taxes vers la plupart des pays de l'UE. Cela signifie que vous n'avez pas \u00e0 vous soucier de co\u00fbts suppl\u00e9mentaires ou de r\u00e9glementations douani\u00e8res compliqu\u00e9es. Votre commande sera livr\u00e9e directement \u00e0 votre adresse, sans retard.<\/p>\n<h3>Livraison rapide et simple<\/h3>\n<p>Gr\u00e2ce \u00e0 la livraison directe, le processus souvent long via des entrep\u00f4ts interm\u00e9diaires dans des pays tiers est \u00e9vit\u00e9. Votre BANG Tick Tock Energy Drink vous parvient rapidement et de mani\u00e8re fiable, pour que vous puissiez profiter en peu de temps de son go\u00fbt rafra\u00eechissant.<\/p>\n<h2>Parfait pour toutes les occasions<\/h2>\n<p>La BANG Tick Tock 20000 Puff Energy Drink est le choix id\u00e9al pour chaque occasion. Que vous travailliez, \u00e9tudiiez ou vous d\u00e9tendiez \u2013 cette vape offre la fra\u00eecheur parfaite. Elle n'est pas seulement une excellente option pour l'\u00e9t\u00e9, mais convient toute l'ann\u00e9e.<\/p>\n<p>Un compagnon id\u00e9al pour la route<\/p>\n<p>Sa taille compacte et sa grande capacit\u00e9 de puff font de la BANG Tick Tock le compagnon parfait pour ceux qui sont souvent en d\u00e9placement. Que vous fassiez la navette pour le travail ou planifiez une excursion, ce produit tient facilement dans votre poche et est toujours \u00e0 port\u00e9e de main lorsque vous avez besoin d'une rafra\u00eechissante.<\/p>\n<p>Vaper comme un mode de vie<\/p>\n<p>La vape s'est d\u00e9velopp\u00e9e ces derni\u00e8res ann\u00e9es en un mode de vie. La BANG Tick Tock 20000 Puff Energy Drink s'int\u00e8gre parfaitement \u00e0 ce style de vie. Ce n'est pas seulement un produit, mais aussi une exp\u00e9rience qui transmet plaisir et joie de vivre.<\/p>\n<p>Aspects sociaux de la vape<\/p>\n<p>Vaper est souvent une activit\u00e9 sociale. Que ce soit lors d'une rencontre entre amis ou lors d'un \u00e9v\u00e9nement \u2013 la BANG Tick Tock vous assure d'\u00eatre bien \u00e9quip\u00e9 en soci\u00e9t\u00e9. Son go\u00fbt rafra\u00eechissant est id\u00e9al pour les moments conviviaux et offre des sujets de conversation pendant que vous profitez de la vape.<\/p>\n<h2>Indispensable pour tout vapoteur<\/h2>\n<p>En r\u00e9sum\u00e9, la BANG Tick Tock 20000 Puff Energy Drink est un produit exceptionnel qui ne devrait manquer \u00e0 aucune exp\u00e9rience de vape. Avec son go\u00fbt unique, sa grande capacit\u00e9 de puff, ses diff\u00e9rentes forces de nicotine et son design convivial, elle est le compagnon parfait pour ceux qui recherchent une exp\u00e9rience de vape rafra\u00eechissante.<\/p>\n<p>Savourez chaque inhalation et laissez-vous s\u00e9duire par la qualit\u00e9 et le go\u00fbt de la BANG Tick Tock. Pr\u00e9parez-vous \u00e0 plonger dans un monde de rafra\u00eechissements fruit\u00e9s et d\u00e9couvrez comment le vapotage devient un plaisir in\u00e9gal\u00e9.<\/p>\n<p>Essayez la BANG Tick Tock 20000 Puff Energy Drink et laissez-vous s\u00e9duire par son go\u00fbt rafra\u00eechissant!<\/p>","protected":false},"excerpt":{"rendered":"<p>BANG Tick Tock 20000 Puffs Energy Drink: Erfrischung und Energie in einem In der heutigen schnelllebigen Welt ist es wichtiger denn je, Energie und Erfrischung auf bequeme und angenehme Weise zu genie\u00dfen. Die BANG Tick Tock 20000 Puffs Energy Drink bringt genau das auf den Markt. Mit dieser innovativen Vape-L\u00f6sung k\u00f6nnen Sie die spritzige Frische [&hellip;]<\/p>","protected":false},"featured_media":14508,"template":"","meta":{"inline_featured_image":false},"product_cat":[15,762,739,743,744,755,738,751],"product_tag":[710,725],"tiered_pricing_type":"fixed","tiered_pricing_fixed_rules":{"60":"9.4","110":"8.35","200":"7.31"},"tiered_pricing_percentage_rules":[],"tiered_pricing_minimum":1,"_administrator_tiered_pricing_type":"fixed","_administrator_tiered_pricing_fixed_rules":[],"_editor_tiered_pricing_type":"fixed","_editor_tiered_pricing_fixed_rules":[],"_author_tiered_pricing_type":"fixed","_author_tiered_pricing_fixed_rules":[],"_contributor_tiered_pricing_type":"fixed","_contributor_tiered_pricing_fixed_rules":[],"_subscriber_tiered_pricing_type":"fixed","_subscriber_tiered_pricing_fixed_rules":[],"_customer_tiered_pricing_type":"fixed","_customer_tiered_pricing_fixed_rules":[],"_shop_manager_tiered_pricing_type":"fixed","_shop_manager_tiered_pricing_fixed_rules":[],"_wpseo_manager_tiered_pricing_type":"fixed","_wpseo_manager_tiered_pricing_fixed_rules":[],"_wpseo_editor_tiered_pricing_type":"fixed","_wpseo_editor_tiered_pricing_fixed_rules":[],"_wholesale_customer_tiered_pricing_type":"fixed","_wholesale_customer_tiered_pricing_fixed_rules":[],"_marketer_tiered_pricing_type":"fixed","_marketer_tiered_pricing_fixed_rules":[],"_sales_manager_tiered_pricing_type":"fixed","_sales_manager_tiered_pricing_fixed_rules":[],"_sales_rep_tiered_pricing_type":"fixed","_sales_rep_tiered_pricing_fixed_rules":[],"yoast_head":"<!-- This site is optimized with the Yoast SEO plugin v23.3 - https:\/\/yoast.com\/wordpress\/plugins\/seo\/ -->\n<title>Genie\u00dfen Sie 20000 Z\u00fcge voller Erfrischung und Energie mit der BANG Tick Tock Energy Drink f\u00fcr ein unvergleichliches Dampferlebnis das begeistert | ElementVape.de<\/title>\n<meta name=\"description\" content=\"Wir bieten Genie\u00dfen Sie 20000 Z\u00fcge voller Erfrischung und Energie mit der BANG Tick Tock Energy Drink f\u00fcr ein unvergleichliches Dampferlebnis das begeistert , Elementvape.de akzeptieren Gro\u00df-und Einzelhandel Bestellungen.\" \/>\n<meta name=\"robots\" content=\"index, follow, max-snippet:-1, max-image-preview:large, max-video-preview:-1\" \/>\n<link rel=\"canonical\" href=\"https:\/\/www.elementvape.de\/fr\/produkt\/geniessen-sie-20000-zuege-voller-erfrischung-und-energie-mit-der-bang-tick-tock-energy-drink-fuer-ein-unvergleichliches-dampferlebnis-das-begeistert\/\" \/>\n<meta property=\"og:locale\" content=\"fr_FR\" \/>\n<meta property=\"og:type\" content=\"article\" \/>\n<meta property=\"og:title\" content=\"Genie\u00dfen Sie 20000 Z\u00fcge voller Erfrischung und Energie mit der BANG Tick Tock Energy Drink f\u00fcr ein unvergleichliches Dampferlebnis das begeistert | ElementVape.de\" \/>\n<meta property=\"og:description\" content=\"Wir bieten Genie\u00dfen Sie 20000 Z\u00fcge voller Erfrischung und Energie mit der BANG Tick Tock Energy Drink f\u00fcr ein unvergleichliches Dampferlebnis das begeistert , Elementvape.de akzeptieren Gro\u00df-und Einzelhandel Bestellungen.\" \/>\n<meta property=\"og:url\" content=\"https:\/\/www.elementvape.de\/fr\/produkt\/geniessen-sie-20000-zuege-voller-erfrischung-und-energie-mit-der-bang-tick-tock-energy-drink-fuer-ein-unvergleichliches-dampferlebnis-das-begeistert\/\" \/>\n<meta property=\"og:site_name\" content=\"ElementVape.de\" \/>\n<meta property=\"article:modified_time\" content=\"2024-10-10T02:57:01+00:00\" \/>\n<meta property=\"og:image\" content=\"https:\/\/www.elementvape.de\/wp-content\/uploads\/2024\/09\/Energy-Drink-1-scaled.jpg\" \/>\n\t<meta property=\"og:image:width\" content=\"2560\" \/>\n\t<meta property=\"og:image:height\" content=\"1536\" \/>\n\t<meta property=\"og:image:type\" content=\"image\/jpeg\" \/>\n<meta name=\"twitter:card\" content=\"summary_large_image\" \/>\n<meta name=\"twitter:label1\" content=\"Est. reading time\" \/>\n\t<meta name=\"twitter:data1\" content=\"7 minutes\" \/>\n<script type=\"application\/ld+json\" class=\"yoast-schema-graph\">{\"@context\":\"https:\/\/schema.org\",\"@graph\":[{\"@type\":\"WebPage\",\"@id\":\"https:\/\/www.elementvape.de\/fi\/produkt\/geniessen-sie-20000-zuege-voller-erfrischung-und-energie-mit-der-bang-tick-tock-energy-drink-fuer-ein-unvergleichliches-dampferlebnis-das-begeistert\/\",\"url\":\"https:\/\/www.elementvape.de\/fi\/produkt\/geniessen-sie-20000-zuege-voller-erfrischung-und-energie-mit-der-bang-tick-tock-energy-drink-fuer-ein-unvergleichliches-dampferlebnis-das-begeistert\/\",\"name\":\"Genie\u00dfen Sie 20000 Z\u00fcge voller Erfrischung und Energie mit der BANG Tick Tock Energy Drink f\u00fcr ein unvergleichliches Dampferlebnis das begeistert | ElementVape.de\",\"isPartOf\":{\"@id\":\"https:\/\/www.elementvape.de\/#website\"},\"primaryImageOfPage\":{\"@id\":\"https:\/\/www.elementvape.de\/fi\/produkt\/geniessen-sie-20000-zuege-voller-erfrischung-und-energie-mit-der-bang-tick-tock-energy-drink-fuer-ein-unvergleichliches-dampferlebnis-das-begeistert\/#primaryimage\"},\"image\":{\"@id\":\"https:\/\/www.elementvape.de\/fi\/produkt\/geniessen-sie-20000-zuege-voller-erfrischung-und-energie-mit-der-bang-tick-tock-energy-drink-fuer-ein-unvergleichliches-dampferlebnis-das-begeistert\/#primaryimage\"},\"thumbnailUrl\":\"https:\/\/www.elementvape.de\/wp-content\/uploads\/2024\/09\/Energy-Drink-1-scaled.jpg\",\"datePublished\":\"2024-09-23T02:51:43+00:00\",\"dateModified\":\"2024-10-10T02:57:01+00:00\",\"description\":\"Wir bieten Genie\u00dfen Sie 20000 Z\u00fcge voller Erfrischung und Energie mit der BANG Tick Tock Energy Drink f\u00fcr ein unvergleichliches Dampferlebnis das begeistert , Elementvape.de akzeptieren Gro\u00df-und Einzelhandel Bestellungen.\",\"breadcrumb\":{\"@id\":\"https:\/\/www.elementvape.de\/fi\/produkt\/geniessen-sie-20000-zuege-voller-erfrischung-und-energie-mit-der-bang-tick-tock-energy-drink-fuer-ein-unvergleichliches-dampferlebnis-das-begeistert\/#breadcrumb\"},\"inLanguage\":\"fr-FR\",\"potentialAction\":[{\"@type\":\"ReadAction\",\"target\":[\"https:\/\/www.elementvape.de\/fi\/produkt\/geniessen-sie-20000-zuege-voller-erfrischung-und-energie-mit-der-bang-tick-tock-energy-drink-fuer-ein-unvergleichliches-dampferlebnis-das-begeistert\/\"]}]},{\"@type\":\"ImageObject\",\"inLanguage\":\"fr-FR\",\"@id\":\"https:\/\/www.elementvape.de\/fi\/produkt\/geniessen-sie-20000-zuege-voller-erfrischung-und-energie-mit-der-bang-tick-tock-energy-drink-fuer-ein-unvergleichliches-dampferlebnis-das-begeistert\/#primaryimage\",\"url\":\"https:\/\/www.elementvape.de\/wp-content\/uploads\/2024\/09\/Energy-Drink-1-scaled.jpg\",\"contentUrl\":\"https:\/\/www.elementvape.de\/wp-content\/uploads\/2024\/09\/Energy-Drink-1-scaled.jpg\",\"width\":2560,\"height\":1536,\"caption\":\"Energy Drink\"},{\"@type\":\"BreadcrumbList\",\"@id\":\"https:\/\/www.elementvape.de\/fi\/produkt\/geniessen-sie-20000-zuege-voller-erfrischung-und-energie-mit-der-bang-tick-tock-energy-drink-fuer-ein-unvergleichliches-dampferlebnis-das-begeistert\/#breadcrumb\",\"itemListElement\":[{\"@type\":\"ListItem\",\"position\":1,\"name\":\"Home\",\"item\":\"https:\/\/www.elementvape.de\/\"},{\"@type\":\"ListItem\",\"position\":2,\"name\":\"Shop\",\"item\":\"https:\/\/www.elementvape.de\/shop\/\"},{\"@type\":\"ListItem\",\"position\":3,\"name\":\"Genie\u00dfen Sie 20000 Z\u00fcge voller Erfrischung und Energie mit der BANG Tick Tock Energy Drink f\u00fcr ein unvergleichliches Dampferlebnis das begeistert\"}]},{\"@type\":\"WebSite\",\"@id\":\"https:\/\/www.elementvape.de\/#website\",\"url\":\"https:\/\/www.elementvape.de\/\",\"name\":\"ElementVape.de\",\"description\":\"\",\"publisher\":{\"@id\":\"https:\/\/www.elementvape.de\/#organization\"},\"potentialAction\":[{\"@type\":\"SearchAction\",\"target\":{\"@type\":\"EntryPoint\",\"urlTemplate\":\"https:\/\/www.elementvape.de\/?s={search_term_string}\"},\"query-input\":\"required name=search_term_string\"}],\"inLanguage\":\"fr-FR\"},{\"@type\":\"Organization\",\"@id\":\"https:\/\/www.elementvape.de\/#organization\",\"name\":\"ElementVape.DE\",\"url\":\"https:\/\/www.elementvape.de\/\",\"logo\":{\"@type\":\"ImageObject\",\"inLanguage\":\"fr-FR\",\"@id\":\"https:\/\/www.elementvape.de\/#\/schema\/logo\/image\/\",\"url\":\"https:\/\/www.elementvape.de\/wp-content\/uploads\/2024\/09\/cropped-1elementvape-3.png\",\"contentUrl\":\"https:\/\/www.elementvape.de\/wp-content\/uploads\/2024\/09\/cropped-1elementvape-3.png\",\"width\":285,\"height\":228,\"caption\":\"ElementVape.DE\"},\"image\":{\"@id\":\"https:\/\/www.elementvape.de\/#\/schema\/logo\/image\/\"}}]}<\/script>\n<!-- \/ Yoast SEO plugin. -->","yoast_head_json":{"title":"Genie\u00dfen Sie 20000 Z\u00fcge voller Erfrischung und Energie mit der BANG Tick Tock Energy Drink f\u00fcr ein unvergleichliches Dampferlebnis das begeistert | ElementVape.de","description":"Wir bieten Genie\u00dfen Sie 20000 Z\u00fcge voller Erfrischung und Energie mit der BANG Tick Tock Energy Drink f\u00fcr ein unvergleichliches Dampferlebnis das begeistert , Elementvape.de akzeptieren Gro\u00df-und Einzelhandel Bestellungen.","robots":{"index":"index","follow":"follow","max-snippet":"max-snippet:-1","max-image-preview":"max-image-preview:large","max-video-preview":"max-video-preview:-1"},"canonical":"https:\/\/www.elementvape.de\/fr\/produkt\/geniessen-sie-20000-zuege-voller-erfrischung-und-energie-mit-der-bang-tick-tock-energy-drink-fuer-ein-unvergleichliches-dampferlebnis-das-begeistert\/","og_locale":"fr_FR","og_type":"article","og_title":"Genie\u00dfen Sie 20000 Z\u00fcge voller Erfrischung und Energie mit der BANG Tick Tock Energy Drink f\u00fcr ein unvergleichliches Dampferlebnis das begeistert | ElementVape.de","og_description":"Wir bieten Genie\u00dfen Sie 20000 Z\u00fcge voller Erfrischung und Energie mit der BANG Tick Tock Energy Drink f\u00fcr ein unvergleichliches Dampferlebnis das begeistert , Elementvape.de akzeptieren Gro\u00df-und Einzelhandel Bestellungen.","og_url":"https:\/\/www.elementvape.de\/fr\/produkt\/geniessen-sie-20000-zuege-voller-erfrischung-und-energie-mit-der-bang-tick-tock-energy-drink-fuer-ein-unvergleichliches-dampferlebnis-das-begeistert\/","og_site_name":"ElementVape.de","article_modified_time":"2024-10-10T02:57:01+00:00","og_image":[{"width":2560,"height":1536,"url":"https:\/\/www.elementvape.de\/wp-content\/uploads\/2024\/09\/Energy-Drink-1-scaled.jpg","type":"image\/jpeg"}],"twitter_card":"summary_large_image","twitter_misc":{"Est. reading time":"7 minutes"},"schema":{"@context":"https:\/\/schema.org","@graph":[{"@type":"WebPage","@id":"https:\/\/www.elementvape.de\/fi\/produkt\/geniessen-sie-20000-zuege-voller-erfrischung-und-energie-mit-der-bang-tick-tock-energy-drink-fuer-ein-unvergleichliches-dampferlebnis-das-begeistert\/","url":"https:\/\/www.elementvape.de\/fi\/produkt\/geniessen-sie-20000-zuege-voller-erfrischung-und-energie-mit-der-bang-tick-tock-energy-drink-fuer-ein-unvergleichliches-dampferlebnis-das-begeistert\/","name":"Genie\u00dfen Sie 20000 Z\u00fcge voller Erfrischung und Energie mit der BANG Tick Tock Energy Drink f\u00fcr ein unvergleichliches Dampferlebnis das begeistert | ElementVape.de","isPartOf":{"@id":"https:\/\/www.elementvape.de\/#website"},"primaryImageOfPage":{"@id":"https:\/\/www.elementvape.de\/fi\/produkt\/geniessen-sie-20000-zuege-voller-erfrischung-und-energie-mit-der-bang-tick-tock-energy-drink-fuer-ein-unvergleichliches-dampferlebnis-das-begeistert\/#primaryimage"},"image":{"@id":"https:\/\/www.elementvape.de\/fi\/produkt\/geniessen-sie-20000-zuege-voller-erfrischung-und-energie-mit-der-bang-tick-tock-energy-drink-fuer-ein-unvergleichliches-dampferlebnis-das-begeistert\/#primaryimage"},"thumbnailUrl":"https:\/\/www.elementvape.de\/wp-content\/uploads\/2024\/09\/Energy-Drink-1-scaled.jpg","datePublished":"2024-09-23T02:51:43+00:00","dateModified":"2024-10-10T02:57:01+00:00","description":"Wir bieten Genie\u00dfen Sie 20000 Z\u00fcge voller Erfrischung und Energie mit der BANG Tick Tock Energy Drink f\u00fcr ein unvergleichliches Dampferlebnis das begeistert , Elementvape.de akzeptieren Gro\u00df-und Einzelhandel Bestellungen.","breadcrumb":{"@id":"https:\/\/www.elementvape.de\/fi\/produkt\/geniessen-sie-20000-zuege-voller-erfrischung-und-energie-mit-der-bang-tick-tock-energy-drink-fuer-ein-unvergleichliches-dampferlebnis-das-begeistert\/#breadcrumb"},"inLanguage":"fr-FR","potentialAction":[{"@type":"ReadAction","target":["https:\/\/www.elementvape.de\/fi\/produkt\/geniessen-sie-20000-zuege-voller-erfrischung-und-energie-mit-der-bang-tick-tock-energy-drink-fuer-ein-unvergleichliches-dampferlebnis-das-begeistert\/"]}]},{"@type":"ImageObject","inLanguage":"fr-FR","@id":"https:\/\/www.elementvape.de\/fi\/produkt\/geniessen-sie-20000-zuege-voller-erfrischung-und-energie-mit-der-bang-tick-tock-energy-drink-fuer-ein-unvergleichliches-dampferlebnis-das-begeistert\/#primaryimage","url":"https:\/\/www.elementvape.de\/wp-content\/uploads\/2024\/09\/Energy-Drink-1-scaled.jpg","contentUrl":"https:\/\/www.elementvape.de\/wp-content\/uploads\/2024\/09\/Energy-Drink-1-scaled.jpg","width":2560,"height":1536,"caption":"Energy Drink"},{"@type":"BreadcrumbList","@id":"https:\/\/www.elementvape.de\/fi\/produkt\/geniessen-sie-20000-zuege-voller-erfrischung-und-energie-mit-der-bang-tick-tock-energy-drink-fuer-ein-unvergleichliches-dampferlebnis-das-begeistert\/#breadcrumb","itemListElement":[{"@type":"ListItem","position":1,"name":"Home","item":"https:\/\/www.elementvape.de\/"},{"@type":"ListItem","position":2,"name":"Shop","item":"https:\/\/www.elementvape.de\/shop\/"},{"@type":"ListItem","position":3,"name":"Genie\u00dfen Sie 20000 Z\u00fcge voller Erfrischung und Energie mit der BANG Tick Tock Energy Drink f\u00fcr ein unvergleichliches Dampferlebnis das begeistert"}]},{"@type":"WebSite","@id":"https:\/\/www.elementvape.de\/#website","url":"https:\/\/www.elementvape.de\/","name":"ElementVape.de","description":"","publisher":{"@id":"https:\/\/www.elementvape.de\/#organization"},"potentialAction":[{"@type":"SearchAction","target":{"@type":"EntryPoint","urlTemplate":"https:\/\/www.elementvape.de\/?s={search_term_string}"},"query-input":"required name=search_term_string"}],"inLanguage":"fr-FR"},{"@type":"Organization","@id":"https:\/\/www.elementvape.de\/#organization","name":"ElementVape.DE","url":"https:\/\/www.elementvape.de\/","logo":{"@type":"ImageObject","inLanguage":"fr-FR","@id":"https:\/\/www.elementvape.de\/#\/schema\/logo\/image\/","url":"https:\/\/www.elementvape.de\/wp-content\/uploads\/2024\/09\/cropped-1elementvape-3.png","contentUrl":"https:\/\/www.elementvape.de\/wp-content\/uploads\/2024\/09\/cropped-1elementvape-3.png","width":285,"height":228,"caption":"ElementVape.DE"},"image":{"@id":"https:\/\/www.elementvape.de\/#\/schema\/logo\/image\/"}}]}},"_links":{"self":[{"href":"https:\/\/www.elementvape.de\/fr\/wp-json\/wp\/v2\/product\/14521"}],"collection":[{"href":"https:\/\/www.elementvape.de\/fr\/wp-json\/wp\/v2\/product"}],"about":[{"href":"https:\/\/www.elementvape.de\/fr\/wp-json\/wp\/v2\/types\/product"}],"wp:featuredmedia":[{"embeddable":true,"href":"https:\/\/www.elementvape.de\/fr\/wp-json\/wp\/v2\/media\/14508"}],"wp:attachment":[{"href":"https:\/\/www.elementvape.de\/fr\/wp-json\/wp\/v2\/media?parent=14521"}],"wp:term":[{"taxonomy":"product_cat","embeddable":true,"href":"https:\/\/www.elementvape.de\/fr\/wp-json\/wp\/v2\/product_cat?post=14521"},{"taxonomy":"product_tag","embeddable":true,"href":"https:\/\/www.elementvape.de\/fr\/wp-json\/wp\/v2\/product_tag?post=14521"}],"curies":[{"name":"wp","href":"https:\/\/api.w.org\/{rel}","templated":true}]}}