{"id":14519,"date":"2024-09-23T02:37:29","date_gmt":"2024-09-23T02:37:29","guid":{"rendered":"https:\/\/www.elementvape.de\/?post_type=product&#038;p=14519"},"modified":"2024-10-10T02:57:56","modified_gmt":"2024-10-10T02:57:56","slug":"geniessen-sie-20000-zuege-voller-fruchtiger-erfrischung-mit-der-bang-tick-tock-strawberry-mango-die-ideale-kombination-aus-erdbeere-und-mango-fuer-den-sommer","status":"publish","type":"product","link":"https:\/\/www.elementvape.de\/fr\/produkt\/geniessen-sie-20000-zuege-voller-fruchtiger-erfrischung-mit-der-bang-tick-tock-strawberry-mango-die-ideale-kombination-aus-erdbeere-und-mango-fuer-den-sommer\/","title":{"rendered":"Profitez de 20000 bouff\u00e9es pleines de fra\u00eecheur fruit\u00e9e avec la BANG Tick Tock Strawberry Mango, la combinaison id\u00e9ale de fraise et de mangue pour l'\u00e9t\u00e9"},"content":{"rendered":"<h2>Puissance fruit\u00e9e rafra\u00eechissante : La BANG Tick Tock 20000 Bouff\u00e9es Fraise Mangue<\/h2>\n<p>Dans le monde de la vape, il existe de nombreuses saveurs, mais peu parviennent \u00e0 combiner parfaitement la douceur rafra\u00eechissante des fruits frais en un seul produit. La BANG Tick Tock <strong><a href=\"https:\/\/www.elementvape.de\/fr\/p-tag\/groesser-oder-gleich-20000-zuege\/\" target=\"_blank\" rel=\"noopener\">20 000 bouff\u00e9es<\/a><\/strong> Fraise Mangue est exactement cela \u2013 une d\u00e9licieuse combinaison de fraises sucr\u00e9es et de mangue juteuse, offrant une exp\u00e9rience de vapotage in\u00e9gal\u00e9e. Avec une capacit\u00e9 de 20 000 bouff\u00e9es, cet appareil est id\u00e9al pour ceux qui souhaitent profiter longtemps de leur plaisir de vapoter. Dans cet article, nous vous emmenons dans un voyage fruit\u00e9 qui transforme la vape en plaisir.<\/p>\n<h3>Le voyage gustatif<\/h3>\n<h3>Fraise : La tentation sucr\u00e9e<\/h3>\n<p>La fraise est l\u2019un des fruits les plus populaires au monde. Sa couleur rouge vif et sa texture d\u00e9licate la rendent non seulement attrayante visuellement, mais aussi irr\u00e9sistible en go\u00fbt. La saveur douce et juteuse de la fraise est souvent associ\u00e9e \u00e0 des souvenirs d\u2019enfance lors de journ\u00e9es d\u2019\u00e9t\u00e9, de pique-niques et de tartes aux fraises fra\u00eeches. Dans la BANG Tick Tock Fraise Mangue, la fraise d\u00e9ploie toute sa douceur, qui ravit le palais \u00e0 chaque inhalation et laisse une sensation de satisfaction.<\/p>\n<h3>Mangue : La fra\u00eecheur tropicale<\/h3>\n<p>La mangue, souvent appel\u00e9e \u00ab reine des fruits \u00bb, apporte sa touche exotique \u00e0 la m\u00e9lange. La mangue m\u00fbre a un go\u00fbt inimitable, \u00e0 la fois sucr\u00e9 et l\u00e9g\u00e8rement acidul\u00e9. Ce fruit tropical offre un contraste rafra\u00eechissant avec la douceur de la fraise et \u00e9l\u00e8ve l\u2019exp\u00e9rience gustative \u00e0 un nouveau niveau. La combinaison fraise et mangue est non seulement rafra\u00eechissante, mais aussi harmonieuse et \u00e9quilibr\u00e9e.<\/p>\n<h3>La combinaison parfaite<\/h3>\n<p>La v\u00e9ritable magie de la BANG Tick Tock 20000 Bouff\u00e9es Fraise Mangue r\u00e9side dans l\u2019\u00e9quilibre parfait entre ces deux saveurs. Chaque inhalation offre une exp\u00e9rience gustative qui \u00e9voque une journ\u00e9e d\u2019\u00e9t\u00e9 ensoleill\u00e9e. C\u2019est comme si l\u2019on \u00e9tait assis lors d\u2019un pique-nique en plein air, entour\u00e9 de fraises parfum\u00e9es et de mangues juteuses. Cette combinaison est id\u00e9ale pour tous ceux qui aiment les ar\u00f4mes fruit\u00e9s et recherchent une exp\u00e9rience de vapotage rafra\u00eechissante.<\/p>\n<h3>Raffinement technique Les avantages de la BANG Tick Tock<\/h3>\n<p>Capacit\u00e9 \u00e9lev\u00e9e en bouff\u00e9es<\/p>\n<p>Avec 20 000 bouff\u00e9es, la BANG Tick Tock offre une dur\u00e9e de vie impressionnante, bien sup\u00e9rieure \u00e0 celle de nombreux produits comparables. Cette capacit\u00e9 signifie que vous pouvez profiter pendant des semaines, voire des mois, sans avoir \u00e0 remplir constamment ou \u00e0 acheter de nouveaux appareils. Cette durabilit\u00e9 rend la BANG Tick Tock non seulement pratique, mais aussi \u00e9conomique.<\/p>\n<p>Niveaux de nicotine au choix<\/p>\n<p>La flexibilit\u00e9 de la BANG Tick Tock se manifeste \u00e9galement dans le choix des niveaux de nicotine. Vous pouvez opter entre le sel de nicotine 2% et 5% pour cr\u00e9er l\u2019exp\u00e9rience de vapotage id\u00e9ale pour vous. Le sel de nicotine permet une inhalation plus douce et une absorption plus rapide de la nicotine, ce qui est particuli\u00e8rement avantageux pour ceux qui utilisent la vape comme alternative \u00e0 la cigarette traditionnelle.<\/p>\n<h3>Design convivial<\/h3>\n<p>Le design de la BANG Tick Tock n\u2019est pas seulement attrayant, mais aussi fonctionnel. Avec une batterie de 650mAh, vous \u00eates bien \u00e9quip\u00e9 pour profiter de longues sessions de vapotage. La connexion de charge Type-C permet une recharge rapide et simple, pour que votre appareil soit rapidement pr\u00eat \u00e0 l\u2019emploi.<\/p>\n<p>Le format compact de la BANG Tick Tock facilite son transport partout. Que ce soit au bureau, lors d\u2019une activit\u00e9 sportive ou en voyage \u2013 cet appareil de vape se glisse facilement dans n\u2019importe quelle poche et est toujours \u00e0 port\u00e9e de main lorsque vous avez besoin d\u2019une fra\u00eecheur fruit\u00e9e.<\/p>\n<h3>Durabilit\u00e9 et efficacit\u00e9<\/h3>\n<p>Respect des ressources<\/p>\n<p>Un aspect souvent n\u00e9glig\u00e9 est la durabilit\u00e9 des produits de vapotage. La BANG Tick Tock Strawberry Mango contribue \u00e0 la r\u00e9duction des d\u00e9chets, car gr\u00e2ce \u00e0 sa grande capacit\u00e9 de bouff\u00e9e, vous devez moins souvent acheter de nouveaux appareils ou cartouches. Moins de consommation signifie moins de d\u00e9chets et donc un impact positif sur l'environnement.<\/p>\n<p>Utilisation efficace<\/p>\n<p>L'utilisation de sel de nicotine et la technologie avanc\u00e9e des vaporisateurs garantissent que chaque inhalation est optimis\u00e9e. Vous pouvez \u00eatre s\u00fbr de profiter de l'ar\u00f4me complet et du taux de nicotine, sans consommation rapide. Cette efficacit\u00e9 est avantageuse non seulement pour votre portefeuille, mais aussi pour l'environnement.<\/p>\n<h3>Exp\u00e9dition hors taxes et directe vers l'UE<\/h3>\n<p>Un autre avantage lors de l'achat de la BANG Tick Tock 20000 Bouff\u00e9es Strawberry Mango est l'exp\u00e9dition hors taxes vers la plupart des pays de l'UE. Cela signifie que vous n'avez pas \u00e0 vous soucier de co\u00fbts suppl\u00e9mentaires ou de r\u00e9glementations douani\u00e8res compliqu\u00e9es. Votre commande sera livr\u00e9e directement \u00e0 votre adresse, sans retard. Ceci est particuli\u00e8rement avantageux pour les vapoteurs vivant dans des pays comme la France, la Belgique ou l'Espagne.<\/p>\n<p>Livraison rapide et simple<\/p>\n<p>Gr\u00e2ce \u00e0 l'exp\u00e9dition directe, le processus souvent long via des entrep\u00f4ts interm\u00e9diaires dans des pays tiers est \u00e9vit\u00e9. Votre BANG Tick Tock Strawberry Mango vous parvient rapidement et de mani\u00e8re fiable, vous permettant de profiter en peu de temps de l'ar\u00f4me fruit\u00e9. Cela rend la vape encore plus agr\u00e9able, car vous pouvez vous concentrer pleinement sur votre exp\u00e9rience gustative.<\/p>\n<p>Parfait pour l'\u00e9t\u00e9<\/p>\n<p>La BANG Tick Tock 20000 Bouff\u00e9es Strawberry Mango est le choix id\u00e9al pour l'\u00e9t\u00e9. Ses ar\u00f4mes fruit\u00e9s sont parfaits pour les journ\u00e9es chaudes o\u00f9 vous recherchez une rafra\u00eechissement. Que vous soyez \u00e0 la plage, en plein air ou simplement \u00e0 la maison, cette saveur fruit\u00e9e vous donnera l'impression d'\u00eatre dans un lieu tropical.<\/p>\n<p>Un compagnon id\u00e9al<\/p>\n<p>Vaper la BANG Tick Tock est plus qu'un plaisir ; c'est une exp\u00e9rience. Chaque inhalation vous rapproche de la fra\u00eecheur des fraises et des mangues, vous permettant de plonger dans un monde d'ar\u00f4mes. Cette combinaison convient non seulement aux vapoteurs exp\u00e9riment\u00e9s, mais aussi aux d\u00e9butants souhaitant d\u00e9couvrir la vape.<\/p>\n<h3>Un incontournable pour tous les amateurs de fruits<\/h3>\n<p>En r\u00e9sum\u00e9, la BANG Tick Tock 20000 Bouff\u00e9es Strawberry Mango est un produit exceptionnel qui ne devrait pas manquer dans toute exp\u00e9rience de vapotage. Avec sa combinaison unique de fraise sucr\u00e9e et de mangue rafra\u00eechissante, sa grande capacit\u00e9 de bouff\u00e9e, ses diff\u00e9rentes forces de nicotine et son design convivial, elle est le compagnon parfait pour tous ceux qui aiment les saveurs fruit\u00e9es.<\/p>\n<p>Savourez chaque inhalation et laissez-vous s\u00e9duire par la qualit\u00e9 et le go\u00fbt de la BANG Tick Tock. Pr\u00e9parez-vous \u00e0 plonger dans un monde de rafra\u00eechissements fruit\u00e9s et d\u00e9couvrez comment le vapotage devient un plaisir in\u00e9gal\u00e9.<\/p>\n<p>Essayez la BANG Tick Tock 20000 Bouff\u00e9es Strawberry Mango et laissez-vous s\u00e9duire par sa d\u00e9licieuse combinaison !<\/p>","protected":false},"excerpt":{"rendered":"<p>Erfrischende Fruchtpower: Die BANG Tick Tock 20000 Puffs Strawberry Mango In der Welt des Dampfens gibt es zahlreiche Geschmacksrichtungen, doch nur wenige schaffen es, die erfrischende S\u00fc\u00dfe von frischen Fr\u00fcchten perfekt in einem einzigen Produkt zu vereinen. Die BANG Tick Tock 20000 Puffs Strawberry Mango ist genau das \u2013 eine k\u00f6stliche Kombination aus s\u00fc\u00dfen Erdbeeren [&hellip;]<\/p>","protected":false},"featured_media":14513,"template":"","meta":{"inline_featured_image":false},"product_cat":[15,762,739,743,744,755,738,751],"product_tag":[710,725],"tiered_pricing_type":"fixed","tiered_pricing_fixed_rules":{"60":"9.4","110":"8.35","200":"7.31"},"tiered_pricing_percentage_rules":[],"tiered_pricing_minimum":1,"_administrator_tiered_pricing_type":"fixed","_administrator_tiered_pricing_fixed_rules":[],"_editor_tiered_pricing_type":"fixed","_editor_tiered_pricing_fixed_rules":[],"_author_tiered_pricing_type":"fixed","_author_tiered_pricing_fixed_rules":[],"_contributor_tiered_pricing_type":"fixed","_contributor_tiered_pricing_fixed_rules":[],"_subscriber_tiered_pricing_type":"fixed","_subscriber_tiered_pricing_fixed_rules":[],"_customer_tiered_pricing_type":"fixed","_customer_tiered_pricing_fixed_rules":[],"_shop_manager_tiered_pricing_type":"fixed","_shop_manager_tiered_pricing_fixed_rules":[],"_wpseo_manager_tiered_pricing_type":"fixed","_wpseo_manager_tiered_pricing_fixed_rules":[],"_wpseo_editor_tiered_pricing_type":"fixed","_wpseo_editor_tiered_pricing_fixed_rules":[],"_wholesale_customer_tiered_pricing_type":"fixed","_wholesale_customer_tiered_pricing_fixed_rules":[],"_marketer_tiered_pricing_type":"fixed","_marketer_tiered_pricing_fixed_rules":[],"_sales_manager_tiered_pricing_type":"fixed","_sales_manager_tiered_pricing_fixed_rules":[],"_sales_rep_tiered_pricing_type":"fixed","_sales_rep_tiered_pricing_fixed_rules":[],"yoast_head":"<!-- This site is optimized with the Yoast SEO plugin v23.3 - https:\/\/yoast.com\/wordpress\/plugins\/seo\/ -->\n<title>Genie\u00dfen Sie 20000 Z\u00fcge voller fruchtiger Erfrischung mit der BANG Tick Tock Strawberry Mango die ideale Kombination aus Erdbeere und Mango f\u00fcr den Sommer | ElementVape.de<\/title>\n<meta name=\"description\" content=\"Wir bieten Genie\u00dfen Sie 20000 Z\u00fcge voller fruchtiger Erfrischung mit der BANG Tick Tock Strawberry Mango die ideale Kombination aus Erdbeere und Mango f\u00fcr den Sommer , Elementvape.de akzeptieren Gro\u00df-und Einzelhandel Bestellungen.\" \/>\n<meta name=\"robots\" content=\"index, follow, max-snippet:-1, max-image-preview:large, max-video-preview:-1\" \/>\n<link rel=\"canonical\" href=\"https:\/\/www.elementvape.de\/fr\/produkt\/geniessen-sie-20000-zuege-voller-fruchtiger-erfrischung-mit-der-bang-tick-tock-strawberry-mango-die-ideale-kombination-aus-erdbeere-und-mango-fuer-den-sommer\/\" \/>\n<meta property=\"og:locale\" content=\"fr_FR\" \/>\n<meta property=\"og:type\" content=\"article\" \/>\n<meta property=\"og:title\" content=\"Genie\u00dfen Sie 20000 Z\u00fcge voller fruchtiger Erfrischung mit der BANG Tick Tock Strawberry Mango die ideale Kombination aus Erdbeere und Mango f\u00fcr den Sommer | ElementVape.de\" \/>\n<meta property=\"og:description\" content=\"Wir bieten Genie\u00dfen Sie 20000 Z\u00fcge voller fruchtiger Erfrischung mit der BANG Tick Tock Strawberry Mango die ideale Kombination aus Erdbeere und Mango f\u00fcr den Sommer , Elementvape.de akzeptieren Gro\u00df-und Einzelhandel Bestellungen.\" \/>\n<meta property=\"og:url\" content=\"https:\/\/www.elementvape.de\/fr\/produkt\/geniessen-sie-20000-zuege-voller-fruchtiger-erfrischung-mit-der-bang-tick-tock-strawberry-mango-die-ideale-kombination-aus-erdbeere-und-mango-fuer-den-sommer\/\" \/>\n<meta property=\"og:site_name\" content=\"ElementVape.de\" \/>\n<meta property=\"article:modified_time\" content=\"2024-10-10T02:57:56+00:00\" \/>\n<meta property=\"og:image\" content=\"https:\/\/www.elementvape.de\/wp-content\/uploads\/2024\/09\/Strawberry-Mango-6-scaled.jpg\" \/>\n\t<meta property=\"og:image:width\" content=\"2560\" \/>\n\t<meta property=\"og:image:height\" content=\"1536\" \/>\n\t<meta property=\"og:image:type\" content=\"image\/jpeg\" \/>\n<meta name=\"twitter:card\" content=\"summary_large_image\" \/>\n<meta name=\"twitter:label1\" content=\"Est. reading time\" \/>\n\t<meta name=\"twitter:data1\" content=\"6 minutes\" \/>\n<script type=\"application\/ld+json\" class=\"yoast-schema-graph\">{\"@context\":\"https:\/\/schema.org\",\"@graph\":[{\"@type\":\"WebPage\",\"@id\":\"https:\/\/www.elementvape.de\/da\/produkt\/geniessen-sie-20000-zuege-voller-fruchtiger-erfrischung-mit-der-bang-tick-tock-strawberry-mango-die-ideale-kombination-aus-erdbeere-und-mango-fuer-den-sommer\/\",\"url\":\"https:\/\/www.elementvape.de\/da\/produkt\/geniessen-sie-20000-zuege-voller-fruchtiger-erfrischung-mit-der-bang-tick-tock-strawberry-mango-die-ideale-kombination-aus-erdbeere-und-mango-fuer-den-sommer\/\",\"name\":\"Genie\u00dfen Sie 20000 Z\u00fcge voller fruchtiger Erfrischung mit der BANG Tick Tock Strawberry Mango die ideale Kombination aus Erdbeere und Mango f\u00fcr den Sommer | ElementVape.de\",\"isPartOf\":{\"@id\":\"https:\/\/www.elementvape.de\/#website\"},\"primaryImageOfPage\":{\"@id\":\"https:\/\/www.elementvape.de\/da\/produkt\/geniessen-sie-20000-zuege-voller-fruchtiger-erfrischung-mit-der-bang-tick-tock-strawberry-mango-die-ideale-kombination-aus-erdbeere-und-mango-fuer-den-sommer\/#primaryimage\"},\"image\":{\"@id\":\"https:\/\/www.elementvape.de\/da\/produkt\/geniessen-sie-20000-zuege-voller-fruchtiger-erfrischung-mit-der-bang-tick-tock-strawberry-mango-die-ideale-kombination-aus-erdbeere-und-mango-fuer-den-sommer\/#primaryimage\"},\"thumbnailUrl\":\"https:\/\/www.elementvape.de\/wp-content\/uploads\/2024\/09\/Strawberry-Mango-6-scaled.jpg\",\"datePublished\":\"2024-09-23T02:37:29+00:00\",\"dateModified\":\"2024-10-10T02:57:56+00:00\",\"description\":\"Wir bieten Genie\u00dfen Sie 20000 Z\u00fcge voller fruchtiger Erfrischung mit der BANG Tick Tock Strawberry Mango die ideale Kombination aus Erdbeere und Mango f\u00fcr den Sommer , Elementvape.de akzeptieren Gro\u00df-und Einzelhandel Bestellungen.\",\"breadcrumb\":{\"@id\":\"https:\/\/www.elementvape.de\/da\/produkt\/geniessen-sie-20000-zuege-voller-fruchtiger-erfrischung-mit-der-bang-tick-tock-strawberry-mango-die-ideale-kombination-aus-erdbeere-und-mango-fuer-den-sommer\/#breadcrumb\"},\"inLanguage\":\"fr-FR\",\"potentialAction\":[{\"@type\":\"ReadAction\",\"target\":[\"https:\/\/www.elementvape.de\/da\/produkt\/geniessen-sie-20000-zuege-voller-fruchtiger-erfrischung-mit-der-bang-tick-tock-strawberry-mango-die-ideale-kombination-aus-erdbeere-und-mango-fuer-den-sommer\/\"]}]},{\"@type\":\"ImageObject\",\"inLanguage\":\"fr-FR\",\"@id\":\"https:\/\/www.elementvape.de\/da\/produkt\/geniessen-sie-20000-zuege-voller-fruchtiger-erfrischung-mit-der-bang-tick-tock-strawberry-mango-die-ideale-kombination-aus-erdbeere-und-mango-fuer-den-sommer\/#primaryimage\",\"url\":\"https:\/\/www.elementvape.de\/wp-content\/uploads\/2024\/09\/Strawberry-Mango-6-scaled.jpg\",\"contentUrl\":\"https:\/\/www.elementvape.de\/wp-content\/uploads\/2024\/09\/Strawberry-Mango-6-scaled.jpg\",\"width\":2560,\"height\":1536,\"caption\":\"Strawberry Mango\"},{\"@type\":\"BreadcrumbList\",\"@id\":\"https:\/\/www.elementvape.de\/da\/produkt\/geniessen-sie-20000-zuege-voller-fruchtiger-erfrischung-mit-der-bang-tick-tock-strawberry-mango-die-ideale-kombination-aus-erdbeere-und-mango-fuer-den-sommer\/#breadcrumb\",\"itemListElement\":[{\"@type\":\"ListItem\",\"position\":1,\"name\":\"Home\",\"item\":\"https:\/\/www.elementvape.de\/\"},{\"@type\":\"ListItem\",\"position\":2,\"name\":\"Shop\",\"item\":\"https:\/\/www.elementvape.de\/shop\/\"},{\"@type\":\"ListItem\",\"position\":3,\"name\":\"Genie\u00dfen Sie 20000 Z\u00fcge voller fruchtiger Erfrischung mit der BANG Tick Tock Strawberry Mango die ideale Kombination aus Erdbeere und Mango f\u00fcr den Sommer\"}]},{\"@type\":\"WebSite\",\"@id\":\"https:\/\/www.elementvape.de\/#website\",\"url\":\"https:\/\/www.elementvape.de\/\",\"name\":\"ElementVape.de\",\"description\":\"\",\"publisher\":{\"@id\":\"https:\/\/www.elementvape.de\/#organization\"},\"potentialAction\":[{\"@type\":\"SearchAction\",\"target\":{\"@type\":\"EntryPoint\",\"urlTemplate\":\"https:\/\/www.elementvape.de\/?s={search_term_string}\"},\"query-input\":\"required name=search_term_string\"}],\"inLanguage\":\"fr-FR\"},{\"@type\":\"Organization\",\"@id\":\"https:\/\/www.elementvape.de\/#organization\",\"name\":\"ElementVape.DE\",\"url\":\"https:\/\/www.elementvape.de\/\",\"logo\":{\"@type\":\"ImageObject\",\"inLanguage\":\"fr-FR\",\"@id\":\"https:\/\/www.elementvape.de\/#\/schema\/logo\/image\/\",\"url\":\"https:\/\/www.elementvape.de\/wp-content\/uploads\/2024\/09\/cropped-1elementvape-3.png\",\"contentUrl\":\"https:\/\/www.elementvape.de\/wp-content\/uploads\/2024\/09\/cropped-1elementvape-3.png\",\"width\":285,\"height\":228,\"caption\":\"ElementVape.DE\"},\"image\":{\"@id\":\"https:\/\/www.elementvape.de\/#\/schema\/logo\/image\/\"}}]}<\/script>\n<!-- \/ Yoast SEO plugin. -->","yoast_head_json":{"title":"Genie\u00dfen Sie 20000 Z\u00fcge voller fruchtiger Erfrischung mit der BANG Tick Tock Strawberry Mango die ideale Kombination aus Erdbeere und Mango f\u00fcr den Sommer | ElementVape.de","description":"Wir bieten Genie\u00dfen Sie 20000 Z\u00fcge voller fruchtiger Erfrischung mit der BANG Tick Tock Strawberry Mango die ideale Kombination aus Erdbeere und Mango f\u00fcr den Sommer , Elementvape.de akzeptieren Gro\u00df-und Einzelhandel Bestellungen.","robots":{"index":"index","follow":"follow","max-snippet":"max-snippet:-1","max-image-preview":"max-image-preview:large","max-video-preview":"max-video-preview:-1"},"canonical":"https:\/\/www.elementvape.de\/fr\/produkt\/geniessen-sie-20000-zuege-voller-fruchtiger-erfrischung-mit-der-bang-tick-tock-strawberry-mango-die-ideale-kombination-aus-erdbeere-und-mango-fuer-den-sommer\/","og_locale":"fr_FR","og_type":"article","og_title":"Genie\u00dfen Sie 20000 Z\u00fcge voller fruchtiger Erfrischung mit der BANG Tick Tock Strawberry Mango die ideale Kombination aus Erdbeere und Mango f\u00fcr den Sommer | ElementVape.de","og_description":"Wir bieten Genie\u00dfen Sie 20000 Z\u00fcge voller fruchtiger Erfrischung mit der BANG Tick Tock Strawberry Mango die ideale Kombination aus Erdbeere und Mango f\u00fcr den Sommer , Elementvape.de akzeptieren Gro\u00df-und Einzelhandel Bestellungen.","og_url":"https:\/\/www.elementvape.de\/fr\/produkt\/geniessen-sie-20000-zuege-voller-fruchtiger-erfrischung-mit-der-bang-tick-tock-strawberry-mango-die-ideale-kombination-aus-erdbeere-und-mango-fuer-den-sommer\/","og_site_name":"ElementVape.de","article_modified_time":"2024-10-10T02:57:56+00:00","og_image":[{"width":2560,"height":1536,"url":"https:\/\/www.elementvape.de\/wp-content\/uploads\/2024\/09\/Strawberry-Mango-6-scaled.jpg","type":"image\/jpeg"}],"twitter_card":"summary_large_image","twitter_misc":{"Est. reading time":"6 minutes"},"schema":{"@context":"https:\/\/schema.org","@graph":[{"@type":"WebPage","@id":"https:\/\/www.elementvape.de\/da\/produkt\/geniessen-sie-20000-zuege-voller-fruchtiger-erfrischung-mit-der-bang-tick-tock-strawberry-mango-die-ideale-kombination-aus-erdbeere-und-mango-fuer-den-sommer\/","url":"https:\/\/www.elementvape.de\/da\/produkt\/geniessen-sie-20000-zuege-voller-fruchtiger-erfrischung-mit-der-bang-tick-tock-strawberry-mango-die-ideale-kombination-aus-erdbeere-und-mango-fuer-den-sommer\/","name":"Genie\u00dfen Sie 20000 Z\u00fcge voller fruchtiger Erfrischung mit der BANG Tick Tock Strawberry Mango die ideale Kombination aus Erdbeere und Mango f\u00fcr den Sommer | ElementVape.de","isPartOf":{"@id":"https:\/\/www.elementvape.de\/#website"},"primaryImageOfPage":{"@id":"https:\/\/www.elementvape.de\/da\/produkt\/geniessen-sie-20000-zuege-voller-fruchtiger-erfrischung-mit-der-bang-tick-tock-strawberry-mango-die-ideale-kombination-aus-erdbeere-und-mango-fuer-den-sommer\/#primaryimage"},"image":{"@id":"https:\/\/www.elementvape.de\/da\/produkt\/geniessen-sie-20000-zuege-voller-fruchtiger-erfrischung-mit-der-bang-tick-tock-strawberry-mango-die-ideale-kombination-aus-erdbeere-und-mango-fuer-den-sommer\/#primaryimage"},"thumbnailUrl":"https:\/\/www.elementvape.de\/wp-content\/uploads\/2024\/09\/Strawberry-Mango-6-scaled.jpg","datePublished":"2024-09-23T02:37:29+00:00","dateModified":"2024-10-10T02:57:56+00:00","description":"Wir bieten Genie\u00dfen Sie 20000 Z\u00fcge voller fruchtiger Erfrischung mit der BANG Tick Tock Strawberry Mango die ideale Kombination aus Erdbeere und Mango f\u00fcr den Sommer , Elementvape.de akzeptieren Gro\u00df-und Einzelhandel Bestellungen.","breadcrumb":{"@id":"https:\/\/www.elementvape.de\/da\/produkt\/geniessen-sie-20000-zuege-voller-fruchtiger-erfrischung-mit-der-bang-tick-tock-strawberry-mango-die-ideale-kombination-aus-erdbeere-und-mango-fuer-den-sommer\/#breadcrumb"},"inLanguage":"fr-FR","potentialAction":[{"@type":"ReadAction","target":["https:\/\/www.elementvape.de\/da\/produkt\/geniessen-sie-20000-zuege-voller-fruchtiger-erfrischung-mit-der-bang-tick-tock-strawberry-mango-die-ideale-kombination-aus-erdbeere-und-mango-fuer-den-sommer\/"]}]},{"@type":"ImageObject","inLanguage":"fr-FR","@id":"https:\/\/www.elementvape.de\/da\/produkt\/geniessen-sie-20000-zuege-voller-fruchtiger-erfrischung-mit-der-bang-tick-tock-strawberry-mango-die-ideale-kombination-aus-erdbeere-und-mango-fuer-den-sommer\/#primaryimage","url":"https:\/\/www.elementvape.de\/wp-content\/uploads\/2024\/09\/Strawberry-Mango-6-scaled.jpg","contentUrl":"https:\/\/www.elementvape.de\/wp-content\/uploads\/2024\/09\/Strawberry-Mango-6-scaled.jpg","width":2560,"height":1536,"caption":"Strawberry Mango"},{"@type":"BreadcrumbList","@id":"https:\/\/www.elementvape.de\/da\/produkt\/geniessen-sie-20000-zuege-voller-fruchtiger-erfrischung-mit-der-bang-tick-tock-strawberry-mango-die-ideale-kombination-aus-erdbeere-und-mango-fuer-den-sommer\/#breadcrumb","itemListElement":[{"@type":"ListItem","position":1,"name":"Home","item":"https:\/\/www.elementvape.de\/"},{"@type":"ListItem","position":2,"name":"Shop","item":"https:\/\/www.elementvape.de\/shop\/"},{"@type":"ListItem","position":3,"name":"Genie\u00dfen Sie 20000 Z\u00fcge voller fruchtiger Erfrischung mit der BANG Tick Tock Strawberry Mango die ideale Kombination aus Erdbeere und Mango f\u00fcr den Sommer"}]},{"@type":"WebSite","@id":"https:\/\/www.elementvape.de\/#website","url":"https:\/\/www.elementvape.de\/","name":"ElementVape.de","description":"","publisher":{"@id":"https:\/\/www.elementvape.de\/#organization"},"potentialAction":[{"@type":"SearchAction","target":{"@type":"EntryPoint","urlTemplate":"https:\/\/www.elementvape.de\/?s={search_term_string}"},"query-input":"required name=search_term_string"}],"inLanguage":"fr-FR"},{"@type":"Organization","@id":"https:\/\/www.elementvape.de\/#organization","name":"ElementVape.DE","url":"https:\/\/www.elementvape.de\/","logo":{"@type":"ImageObject","inLanguage":"fr-FR","@id":"https:\/\/www.elementvape.de\/#\/schema\/logo\/image\/","url":"https:\/\/www.elementvape.de\/wp-content\/uploads\/2024\/09\/cropped-1elementvape-3.png","contentUrl":"https:\/\/www.elementvape.de\/wp-content\/uploads\/2024\/09\/cropped-1elementvape-3.png","width":285,"height":228,"caption":"ElementVape.DE"},"image":{"@id":"https:\/\/www.elementvape.de\/#\/schema\/logo\/image\/"}}]}},"_links":{"self":[{"href":"https:\/\/www.elementvape.de\/fr\/wp-json\/wp\/v2\/product\/14519"}],"collection":[{"href":"https:\/\/www.elementvape.de\/fr\/wp-json\/wp\/v2\/product"}],"about":[{"href":"https:\/\/www.elementvape.de\/fr\/wp-json\/wp\/v2\/types\/product"}],"wp:featuredmedia":[{"embeddable":true,"href":"https:\/\/www.elementvape.de\/fr\/wp-json\/wp\/v2\/media\/14513"}],"wp:attachment":[{"href":"https:\/\/www.elementvape.de\/fr\/wp-json\/wp\/v2\/media?parent=14519"}],"wp:term":[{"taxonomy":"product_cat","embeddable":true,"href":"https:\/\/www.elementvape.de\/fr\/wp-json\/wp\/v2\/product_cat?post=14519"},{"taxonomy":"product_tag","embeddable":true,"href":"https:\/\/www.elementvape.de\/fr\/wp-json\/wp\/v2\/product_tag?post=14519"}],"curies":[{"name":"wp","href":"https:\/\/api.w.org\/{rel}","templated":true}]}}