{"id":14444,"date":"2024-09-20T06:37:49","date_gmt":"2024-09-20T06:37:49","guid":{"rendered":"https:\/\/www.elementvape.de\/?post_type=product&#038;p=14444"},"modified":"2024-10-11T03:14:36","modified_gmt":"2024-10-11T03:14:36","slug":"die-bang-rocket-strawberry-mango-e-zigarette-18000-puffs-bietet-ihnen-die-perfekte-kombination-aus-tropischen-aromen-die-jede-dampferfahrung-mit-erdbeeren-und-mango-bereichert","status":"publish","type":"product","link":"https:\/\/www.elementvape.de\/fr\/produkt\/die-bang-rocket-strawberry-mango-e-zigarette-18000-puffs-bietet-ihnen-die-perfekte-kombination-aus-tropischen-aromen-die-jede-dampferfahrung-mit-erdbeeren-und-mango-bereichert\/","title":{"rendered":"La cigarette \u00e9lectronique Bang Rocket Strawberry Mango 18000 Puffs offre la combinaison parfaite d'ar\u00f4mes tropicaux qui enrichissent chaque exp\u00e9rience de vapotage avec des fraises et de la mangue"},"content":{"rendered":"<h2>Bang Rocket Fraise Mangue 18000 Puffs : Fra\u00eecheur tropicale dans le vapotage<\/h2>\n<p>Le Bang Rocket Fraise Mangue 18000 Puffs combine deux des fruits tropicaux les plus populaires pour une exp\u00e9rience de vapotage intense, enrichissant chaque bouff\u00e9e de fraises fra\u00eeches et de mangues m\u00fbres. Avec cet \u00e9quilibre parfait de fraise sucr\u00e9e et de mangue exotique, le vapotage devient un plaisir qui vous rappelle les plages tropicales lointaines. Que ce soit dans le confort de <strong><a href=\"https:\/\/www.elementvape.de\/fr\/\" target=\"_blank\" rel=\"noopener\">Vapotage<\/a><\/strong> chez vous ou en d\u00e9placement, la combinaison de ces d\u00e9licieuses saveurs assure un rafra\u00eechissement fruit\u00e9 dans chaque situation.<\/p>\n<p>Le go\u00fbt fruit\u00e9 des fraises conf\u00e8re \u00e0 la vapeur une douceur juteuse, tandis que la note de mangue ajoute une profondeur exotique qui donne \u00e0 l'ensemble une touche unique. Cette combinaison rend le Strawberry Mango Bang Rocket particuli\u00e8rement populaire aupr\u00e8s des vapoteurs qui aiment les saveurs fra\u00eeches et estivales tout en appr\u00e9ciant une intensit\u00e9 gustative durable. Gr\u00e2ce au m\u00e9lange \u00e9quilibr\u00e9, les deux ar\u00f4mes sont bien conserv\u00e9s, de sorte que chaque bouff\u00e9e offre une exp\u00e9rience gustative compl\u00e8te.<\/p>\n<h3>Performance maximale pour un plaisir durable<\/h3>\n<p>Avec une capacit\u00e9 de <strong><a href=\"https:\/\/www.elementvape.de\/fr\/p-tag\/vaep-18000-zuege\/\" target=\"_blank\" rel=\"noopener\">18000 bouff\u00e9es<\/a><\/strong> le Strawberry Mango Bang Rocket offre suffisamment de bouff\u00e9es pour garantir un go\u00fbt intense \u00e0 tout moment, m\u00eame lors de longues sessions de vapotage. Ce nombre \u00e9lev\u00e9 de bouff\u00e9es rend l'appareil particuli\u00e8rement attrayant pour les vapoteurs qui appr\u00e9cient une longue dur\u00e9e d'utilisation sans avoir \u00e0 recharger fr\u00e9quemment. Ceci est soutenu par une puissante batterie de 650 mAh qui offre suffisamment d'\u00e9nergie pour de nombreuses heures de plaisir.<\/p>\n<p>De plus, le port de charge de type C assure une recharge rapide et pratique, de sorte que le Bang Rocket est pr\u00eat \u00e0 \u00eatre utilis\u00e9 en un rien de temps. En combinaison avec la Dual Mesh Coil, qui assure une vaporisation uniforme et efficace, une exp\u00e9rience de vapotage exceptionnelle est cr\u00e9\u00e9e. Cette technologie garantit que chaque bouff\u00e9e est toujours aussi forte et aromatique, sans que le go\u00fbt ne diminue.<\/p>\n<h3>Convivialit\u00e9 et innovation dans un seul appareil<\/h3>\n<p>Le Strawberry Mango Bang Rocket 18000 Puffs n'est pas seulement connu pour son ar\u00f4me fruit\u00e9, mais aussi pour ses fonctions conviviales. Avec le contr\u00f4le du flux d'air r\u00e9glable, les vapoteurs peuvent personnaliser l'exp\u00e9rience de vapotage selon leurs pr\u00e9f\u00e9rences - qu'il s'agisse de nuages de vapeur plus intenses ou d'une aspiration plus douce et plus fra\u00eeche, tout est possible. L'\u00e9cran LED offre \u00e9galement un aper\u00e7u rapide de l'\u00e9tat de la batterie, afin que vous sachiez toujours quand il est temps de recharger l'appareil.<\/p>\n<p>Les dimensions compactes et le design ergonomique rendent l'appareil extr\u00eamement portable et agr\u00e9able \u00e0 manipuler. Il est parfait pour les d\u00e9placements, se glisse facilement dans n'importe quelle poche et convainc par son aspect simple mais \u00e9l\u00e9gant. Particuli\u00e8rement pour les vapoteurs qui sont souvent en d\u00e9placement, le Strawberry Mango Bang Rocket offre la combinaison optimale de fonctionnalit\u00e9 et de go\u00fbt, sans pour autant sacrifier le style.<\/p>\n<p>Les ar\u00f4mes du Strawberry Mango Bang Rocket offrent une exp\u00e9rience gustative incomparable qui vous transporte directement sous les tropiques. Les fraises juteuses apportent une douceur \u00e0 la vapeur, tandis que la mangue ajoute une profondeur intense et fruit\u00e9e. Ensemble, ils cr\u00e9ent un ar\u00f4me harmonieux qui peut \u00eatre appr\u00e9ci\u00e9 toute la journ\u00e9e. Que vous souhaitiez commencer la journ\u00e9e en fra\u00eecheur ou profiter d'une soir\u00e9e de d\u00e9tente, le Strawberry Mango Bang Rocket offre le bon go\u00fbt pour chaque occasion.<\/p>\n<p>Cette combinaison d'ar\u00f4mes pla\u00eet particuli\u00e8rement aux vapoteurs qui pr\u00e9f\u00e8rent les go\u00fbts fruit\u00e9s et exotiques. Gr\u00e2ce \u00e0 l'excellente technique de vaporisation, les ar\u00f4mes sont conserv\u00e9s jusqu'\u00e0 la derni\u00e8re bouff\u00e9e et offrent ainsi une exp\u00e9rience de vapotage durable et intense. Le Strawberry Mango Bang Rocket se distingue clairement des autres appareils par sa qualit\u00e9 et son go\u00fbt intense.<\/p>\n<h3>Votre compagnon tropical id\u00e9al<\/h3>\n<p>En r\u00e9sum\u00e9, le Bang Rocket Strawberry Mango 18000 Puffs est le choix parfait pour tous ceux qui aiment les ar\u00f4mes tropicaux et recherchent un appareil performant et convivial. Avec sa capacit\u00e9 de bouff\u00e9es \u00e9lev\u00e9e, sa technologie de vaporisation innovante et la d\u00e9licieuse combinaison de fraise et de mangue, il offre une exp\u00e9rience de vapotage exceptionnelle. Gr\u00e2ce \u00e0 ses fonctions conviviales et \u00e0 son design \u00e9l\u00e9gant, le vapotage avec le Bang Rocket devient un plaisir pour chaque vapoteur.<\/p>","protected":false},"excerpt":{"rendered":"<p>Bang Rocket Strawberry Mango 18000 Puffs: Tropische Frische im Dampfen Die Bang Rocket Strawberry Mango 18000 Puffs vereint zwei der beliebtesten tropischen Fr\u00fcchte zu einem intensiven Dampferlebnis, das jede Zug mit frischen Erdbeeren und reifen Mangos bereichert. Mit dieser perfekten Balance aus s\u00fc\u00dfer Erdbeere und exotischer Mango wird das Dampfen zu einem Genuss, der Sie [&hellip;]<\/p>","protected":false},"featured_media":14429,"template":"","meta":{"inline_featured_image":false},"product_cat":[15,763,750,737,736,749,752,756,744,755,738,751],"product_tag":[710,765],"tiered_pricing_type":"fixed","tiered_pricing_fixed_rules":{"60":"8.54","110":"7.59","200":"6.64"},"tiered_pricing_percentage_rules":[],"tiered_pricing_minimum":1,"_administrator_tiered_pricing_type":"fixed","_administrator_tiered_pricing_fixed_rules":[],"_editor_tiered_pricing_type":"fixed","_editor_tiered_pricing_fixed_rules":[],"_author_tiered_pricing_type":"fixed","_author_tiered_pricing_fixed_rules":[],"_contributor_tiered_pricing_type":"fixed","_contributor_tiered_pricing_fixed_rules":[],"_subscriber_tiered_pricing_type":"fixed","_subscriber_tiered_pricing_fixed_rules":[],"_customer_tiered_pricing_type":"fixed","_customer_tiered_pricing_fixed_rules":[],"_shop_manager_tiered_pricing_type":"fixed","_shop_manager_tiered_pricing_fixed_rules":[],"_wpseo_manager_tiered_pricing_type":"fixed","_wpseo_manager_tiered_pricing_fixed_rules":[],"_wpseo_editor_tiered_pricing_type":"fixed","_wpseo_editor_tiered_pricing_fixed_rules":[],"_wholesale_customer_tiered_pricing_type":"fixed","_wholesale_customer_tiered_pricing_fixed_rules":[],"_marketer_tiered_pricing_type":"fixed","_marketer_tiered_pricing_fixed_rules":[],"_sales_manager_tiered_pricing_type":"fixed","_sales_manager_tiered_pricing_fixed_rules":[],"_sales_rep_tiered_pricing_type":"fixed","_sales_rep_tiered_pricing_fixed_rules":[],"yoast_head":"<!-- This site is optimized with the Yoast SEO plugin v23.3 - https:\/\/yoast.com\/wordpress\/plugins\/seo\/ -->\n<title>Die Bang Rocket Strawberry Mango E-Zigarette 18000 Puffs bietet Ihnen die perfekte Kombination aus tropischen Aromen die jede Dampferfahrung mit Erdbeeren und Mango bereichert | ElementVape.de<\/title>\n<meta name=\"description\" content=\"Wir bieten Die Bang Rocket Strawberry Mango E-Zigarette 18000 Puffs bietet Ihnen die perfekte Kombination aus tropischen Aromen die jede Dampferfahrung mit Erdbeeren und Mango bereichert , Elementvape.de akzeptieren Gro\u00df-und Einzelhandel Bestellungen.\" \/>\n<meta name=\"robots\" content=\"index, follow, max-snippet:-1, max-image-preview:large, max-video-preview:-1\" \/>\n<link rel=\"canonical\" href=\"https:\/\/www.elementvape.de\/fr\/produkt\/die-bang-rocket-strawberry-mango-e-zigarette-18000-puffs-bietet-ihnen-die-perfekte-kombination-aus-tropischen-aromen-die-jede-dampferfahrung-mit-erdbeeren-und-mango-bereichert\/\" \/>\n<meta property=\"og:locale\" content=\"fr_FR\" \/>\n<meta property=\"og:type\" content=\"article\" \/>\n<meta property=\"og:title\" content=\"Die Bang Rocket Strawberry Mango E-Zigarette 18000 Puffs bietet Ihnen die perfekte Kombination aus tropischen Aromen die jede Dampferfahrung mit Erdbeeren und Mango bereichert | ElementVape.de\" \/>\n<meta property=\"og:description\" content=\"Wir bieten Die Bang Rocket Strawberry Mango E-Zigarette 18000 Puffs bietet Ihnen die perfekte Kombination aus tropischen Aromen die jede Dampferfahrung mit Erdbeeren und Mango bereichert , Elementvape.de akzeptieren Gro\u00df-und Einzelhandel Bestellungen.\" \/>\n<meta property=\"og:url\" content=\"https:\/\/www.elementvape.de\/fr\/produkt\/die-bang-rocket-strawberry-mango-e-zigarette-18000-puffs-bietet-ihnen-die-perfekte-kombination-aus-tropischen-aromen-die-jede-dampferfahrung-mit-erdbeeren-und-mango-bereichert\/\" \/>\n<meta property=\"og:site_name\" content=\"ElementVape.de\" \/>\n<meta property=\"article:modified_time\" content=\"2024-10-11T03:14:36+00:00\" \/>\n<meta property=\"og:image\" content=\"https:\/\/www.elementvape.de\/wp-content\/uploads\/2024\/09\/Strawberry-Mango-4.jpg\" \/>\n\t<meta property=\"og:image:width\" content=\"1280\" \/>\n\t<meta property=\"og:image:height\" content=\"907\" \/>\n\t<meta property=\"og:image:type\" content=\"image\/jpeg\" \/>\n<meta name=\"twitter:card\" content=\"summary_large_image\" \/>\n<meta name=\"twitter:label1\" content=\"Est. reading time\" \/>\n\t<meta name=\"twitter:data1\" content=\"4 minutes\" \/>\n<script type=\"application\/ld+json\" class=\"yoast-schema-graph\">{\"@context\":\"https:\/\/schema.org\",\"@graph\":[{\"@type\":\"WebPage\",\"@id\":\"https:\/\/www.elementvape.de\/nl\/produkt\/die-bang-rocket-strawberry-mango-e-zigarette-18000-puffs-bietet-ihnen-die-perfekte-kombination-aus-tropischen-aromen-die-jede-dampferfahrung-mit-erdbeeren-und-mango-bereichert\/\",\"url\":\"https:\/\/www.elementvape.de\/nl\/produkt\/die-bang-rocket-strawberry-mango-e-zigarette-18000-puffs-bietet-ihnen-die-perfekte-kombination-aus-tropischen-aromen-die-jede-dampferfahrung-mit-erdbeeren-und-mango-bereichert\/\",\"name\":\"Die Bang Rocket Strawberry Mango E-Zigarette 18000 Puffs bietet Ihnen die perfekte Kombination aus tropischen Aromen die jede Dampferfahrung mit Erdbeeren und Mango bereichert | ElementVape.de\",\"isPartOf\":{\"@id\":\"https:\/\/www.elementvape.de\/#website\"},\"primaryImageOfPage\":{\"@id\":\"https:\/\/www.elementvape.de\/nl\/produkt\/die-bang-rocket-strawberry-mango-e-zigarette-18000-puffs-bietet-ihnen-die-perfekte-kombination-aus-tropischen-aromen-die-jede-dampferfahrung-mit-erdbeeren-und-mango-bereichert\/#primaryimage\"},\"image\":{\"@id\":\"https:\/\/www.elementvape.de\/nl\/produkt\/die-bang-rocket-strawberry-mango-e-zigarette-18000-puffs-bietet-ihnen-die-perfekte-kombination-aus-tropischen-aromen-die-jede-dampferfahrung-mit-erdbeeren-und-mango-bereichert\/#primaryimage\"},\"thumbnailUrl\":\"https:\/\/www.elementvape.de\/wp-content\/uploads\/2024\/09\/Strawberry-Mango-4.jpg\",\"datePublished\":\"2024-09-20T06:37:49+00:00\",\"dateModified\":\"2024-10-11T03:14:36+00:00\",\"description\":\"Wir bieten Die Bang Rocket Strawberry Mango E-Zigarette 18000 Puffs bietet Ihnen die perfekte Kombination aus tropischen Aromen die jede Dampferfahrung mit Erdbeeren und Mango bereichert , Elementvape.de akzeptieren Gro\u00df-und Einzelhandel Bestellungen.\",\"breadcrumb\":{\"@id\":\"https:\/\/www.elementvape.de\/nl\/produkt\/die-bang-rocket-strawberry-mango-e-zigarette-18000-puffs-bietet-ihnen-die-perfekte-kombination-aus-tropischen-aromen-die-jede-dampferfahrung-mit-erdbeeren-und-mango-bereichert\/#breadcrumb\"},\"inLanguage\":\"fr-FR\",\"potentialAction\":[{\"@type\":\"ReadAction\",\"target\":[\"https:\/\/www.elementvape.de\/nl\/produkt\/die-bang-rocket-strawberry-mango-e-zigarette-18000-puffs-bietet-ihnen-die-perfekte-kombination-aus-tropischen-aromen-die-jede-dampferfahrung-mit-erdbeeren-und-mango-bereichert\/\"]}]},{\"@type\":\"ImageObject\",\"inLanguage\":\"fr-FR\",\"@id\":\"https:\/\/www.elementvape.de\/nl\/produkt\/die-bang-rocket-strawberry-mango-e-zigarette-18000-puffs-bietet-ihnen-die-perfekte-kombination-aus-tropischen-aromen-die-jede-dampferfahrung-mit-erdbeeren-und-mango-bereichert\/#primaryimage\",\"url\":\"https:\/\/www.elementvape.de\/wp-content\/uploads\/2024\/09\/Strawberry-Mango-4.jpg\",\"contentUrl\":\"https:\/\/www.elementvape.de\/wp-content\/uploads\/2024\/09\/Strawberry-Mango-4.jpg\",\"width\":1280,\"height\":907,\"caption\":\"Strawberry Mango\"},{\"@type\":\"BreadcrumbList\",\"@id\":\"https:\/\/www.elementvape.de\/nl\/produkt\/die-bang-rocket-strawberry-mango-e-zigarette-18000-puffs-bietet-ihnen-die-perfekte-kombination-aus-tropischen-aromen-die-jede-dampferfahrung-mit-erdbeeren-und-mango-bereichert\/#breadcrumb\",\"itemListElement\":[{\"@type\":\"ListItem\",\"position\":1,\"name\":\"Home\",\"item\":\"https:\/\/www.elementvape.de\/\"},{\"@type\":\"ListItem\",\"position\":2,\"name\":\"Shop\",\"item\":\"https:\/\/www.elementvape.de\/shop\/\"},{\"@type\":\"ListItem\",\"position\":3,\"name\":\"Die Bang Rocket Strawberry Mango E-Zigarette 18000 Puffs bietet Ihnen die perfekte Kombination aus tropischen Aromen die jede Dampferfahrung mit Erdbeeren und Mango bereichert\"}]},{\"@type\":\"WebSite\",\"@id\":\"https:\/\/www.elementvape.de\/#website\",\"url\":\"https:\/\/www.elementvape.de\/\",\"name\":\"ElementVape.de\",\"description\":\"\",\"publisher\":{\"@id\":\"https:\/\/www.elementvape.de\/#organization\"},\"potentialAction\":[{\"@type\":\"SearchAction\",\"target\":{\"@type\":\"EntryPoint\",\"urlTemplate\":\"https:\/\/www.elementvape.de\/?s={search_term_string}\"},\"query-input\":\"required name=search_term_string\"}],\"inLanguage\":\"fr-FR\"},{\"@type\":\"Organization\",\"@id\":\"https:\/\/www.elementvape.de\/#organization\",\"name\":\"ElementVape.DE\",\"url\":\"https:\/\/www.elementvape.de\/\",\"logo\":{\"@type\":\"ImageObject\",\"inLanguage\":\"fr-FR\",\"@id\":\"https:\/\/www.elementvape.de\/#\/schema\/logo\/image\/\",\"url\":\"https:\/\/www.elementvape.de\/wp-content\/uploads\/2024\/09\/cropped-1elementvape-3.png\",\"contentUrl\":\"https:\/\/www.elementvape.de\/wp-content\/uploads\/2024\/09\/cropped-1elementvape-3.png\",\"width\":285,\"height\":228,\"caption\":\"ElementVape.DE\"},\"image\":{\"@id\":\"https:\/\/www.elementvape.de\/#\/schema\/logo\/image\/\"}}]}<\/script>\n<!-- \/ Yoast SEO plugin. -->","yoast_head_json":{"title":"Die Bang Rocket Strawberry Mango E-Zigarette 18000 Puffs bietet Ihnen die perfekte Kombination aus tropischen Aromen die jede Dampferfahrung mit Erdbeeren und Mango bereichert | ElementVape.de","description":"Wir bieten Die Bang Rocket Strawberry Mango E-Zigarette 18000 Puffs bietet Ihnen die perfekte Kombination aus tropischen Aromen die jede Dampferfahrung mit Erdbeeren und Mango bereichert , Elementvape.de akzeptieren Gro\u00df-und Einzelhandel Bestellungen.","robots":{"index":"index","follow":"follow","max-snippet":"max-snippet:-1","max-image-preview":"max-image-preview:large","max-video-preview":"max-video-preview:-1"},"canonical":"https:\/\/www.elementvape.de\/fr\/produkt\/die-bang-rocket-strawberry-mango-e-zigarette-18000-puffs-bietet-ihnen-die-perfekte-kombination-aus-tropischen-aromen-die-jede-dampferfahrung-mit-erdbeeren-und-mango-bereichert\/","og_locale":"fr_FR","og_type":"article","og_title":"Die Bang Rocket Strawberry Mango E-Zigarette 18000 Puffs bietet Ihnen die perfekte Kombination aus tropischen Aromen die jede Dampferfahrung mit Erdbeeren und Mango bereichert | ElementVape.de","og_description":"Wir bieten Die Bang Rocket Strawberry Mango E-Zigarette 18000 Puffs bietet Ihnen die perfekte Kombination aus tropischen Aromen die jede Dampferfahrung mit Erdbeeren und Mango bereichert , Elementvape.de akzeptieren Gro\u00df-und Einzelhandel Bestellungen.","og_url":"https:\/\/www.elementvape.de\/fr\/produkt\/die-bang-rocket-strawberry-mango-e-zigarette-18000-puffs-bietet-ihnen-die-perfekte-kombination-aus-tropischen-aromen-die-jede-dampferfahrung-mit-erdbeeren-und-mango-bereichert\/","og_site_name":"ElementVape.de","article_modified_time":"2024-10-11T03:14:36+00:00","og_image":[{"width":1280,"height":907,"url":"https:\/\/www.elementvape.de\/wp-content\/uploads\/2024\/09\/Strawberry-Mango-4.jpg","type":"image\/jpeg"}],"twitter_card":"summary_large_image","twitter_misc":{"Est. reading time":"4 minutes"},"schema":{"@context":"https:\/\/schema.org","@graph":[{"@type":"WebPage","@id":"https:\/\/www.elementvape.de\/nl\/produkt\/die-bang-rocket-strawberry-mango-e-zigarette-18000-puffs-bietet-ihnen-die-perfekte-kombination-aus-tropischen-aromen-die-jede-dampferfahrung-mit-erdbeeren-und-mango-bereichert\/","url":"https:\/\/www.elementvape.de\/nl\/produkt\/die-bang-rocket-strawberry-mango-e-zigarette-18000-puffs-bietet-ihnen-die-perfekte-kombination-aus-tropischen-aromen-die-jede-dampferfahrung-mit-erdbeeren-und-mango-bereichert\/","name":"Die Bang Rocket Strawberry Mango E-Zigarette 18000 Puffs bietet Ihnen die perfekte Kombination aus tropischen Aromen die jede Dampferfahrung mit Erdbeeren und Mango bereichert | ElementVape.de","isPartOf":{"@id":"https:\/\/www.elementvape.de\/#website"},"primaryImageOfPage":{"@id":"https:\/\/www.elementvape.de\/nl\/produkt\/die-bang-rocket-strawberry-mango-e-zigarette-18000-puffs-bietet-ihnen-die-perfekte-kombination-aus-tropischen-aromen-die-jede-dampferfahrung-mit-erdbeeren-und-mango-bereichert\/#primaryimage"},"image":{"@id":"https:\/\/www.elementvape.de\/nl\/produkt\/die-bang-rocket-strawberry-mango-e-zigarette-18000-puffs-bietet-ihnen-die-perfekte-kombination-aus-tropischen-aromen-die-jede-dampferfahrung-mit-erdbeeren-und-mango-bereichert\/#primaryimage"},"thumbnailUrl":"https:\/\/www.elementvape.de\/wp-content\/uploads\/2024\/09\/Strawberry-Mango-4.jpg","datePublished":"2024-09-20T06:37:49+00:00","dateModified":"2024-10-11T03:14:36+00:00","description":"Wir bieten Die Bang Rocket Strawberry Mango E-Zigarette 18000 Puffs bietet Ihnen die perfekte Kombination aus tropischen Aromen die jede Dampferfahrung mit Erdbeeren und Mango bereichert , Elementvape.de akzeptieren Gro\u00df-und Einzelhandel Bestellungen.","breadcrumb":{"@id":"https:\/\/www.elementvape.de\/nl\/produkt\/die-bang-rocket-strawberry-mango-e-zigarette-18000-puffs-bietet-ihnen-die-perfekte-kombination-aus-tropischen-aromen-die-jede-dampferfahrung-mit-erdbeeren-und-mango-bereichert\/#breadcrumb"},"inLanguage":"fr-FR","potentialAction":[{"@type":"ReadAction","target":["https:\/\/www.elementvape.de\/nl\/produkt\/die-bang-rocket-strawberry-mango-e-zigarette-18000-puffs-bietet-ihnen-die-perfekte-kombination-aus-tropischen-aromen-die-jede-dampferfahrung-mit-erdbeeren-und-mango-bereichert\/"]}]},{"@type":"ImageObject","inLanguage":"fr-FR","@id":"https:\/\/www.elementvape.de\/nl\/produkt\/die-bang-rocket-strawberry-mango-e-zigarette-18000-puffs-bietet-ihnen-die-perfekte-kombination-aus-tropischen-aromen-die-jede-dampferfahrung-mit-erdbeeren-und-mango-bereichert\/#primaryimage","url":"https:\/\/www.elementvape.de\/wp-content\/uploads\/2024\/09\/Strawberry-Mango-4.jpg","contentUrl":"https:\/\/www.elementvape.de\/wp-content\/uploads\/2024\/09\/Strawberry-Mango-4.jpg","width":1280,"height":907,"caption":"Strawberry Mango"},{"@type":"BreadcrumbList","@id":"https:\/\/www.elementvape.de\/nl\/produkt\/die-bang-rocket-strawberry-mango-e-zigarette-18000-puffs-bietet-ihnen-die-perfekte-kombination-aus-tropischen-aromen-die-jede-dampferfahrung-mit-erdbeeren-und-mango-bereichert\/#breadcrumb","itemListElement":[{"@type":"ListItem","position":1,"name":"Home","item":"https:\/\/www.elementvape.de\/"},{"@type":"ListItem","position":2,"name":"Shop","item":"https:\/\/www.elementvape.de\/shop\/"},{"@type":"ListItem","position":3,"name":"Die Bang Rocket Strawberry Mango E-Zigarette 18000 Puffs bietet Ihnen die perfekte Kombination aus tropischen Aromen die jede Dampferfahrung mit Erdbeeren und Mango bereichert"}]},{"@type":"WebSite","@id":"https:\/\/www.elementvape.de\/#website","url":"https:\/\/www.elementvape.de\/","name":"ElementVape.de","description":"","publisher":{"@id":"https:\/\/www.elementvape.de\/#organization"},"potentialAction":[{"@type":"SearchAction","target":{"@type":"EntryPoint","urlTemplate":"https:\/\/www.elementvape.de\/?s={search_term_string}"},"query-input":"required name=search_term_string"}],"inLanguage":"fr-FR"},{"@type":"Organization","@id":"https:\/\/www.elementvape.de\/#organization","name":"ElementVape.DE","url":"https:\/\/www.elementvape.de\/","logo":{"@type":"ImageObject","inLanguage":"fr-FR","@id":"https:\/\/www.elementvape.de\/#\/schema\/logo\/image\/","url":"https:\/\/www.elementvape.de\/wp-content\/uploads\/2024\/09\/cropped-1elementvape-3.png","contentUrl":"https:\/\/www.elementvape.de\/wp-content\/uploads\/2024\/09\/cropped-1elementvape-3.png","width":285,"height":228,"caption":"ElementVape.DE"},"image":{"@id":"https:\/\/www.elementvape.de\/#\/schema\/logo\/image\/"}}]}},"_links":{"self":[{"href":"https:\/\/www.elementvape.de\/fr\/wp-json\/wp\/v2\/product\/14444"}],"collection":[{"href":"https:\/\/www.elementvape.de\/fr\/wp-json\/wp\/v2\/product"}],"about":[{"href":"https:\/\/www.elementvape.de\/fr\/wp-json\/wp\/v2\/types\/product"}],"wp:featuredmedia":[{"embeddable":true,"href":"https:\/\/www.elementvape.de\/fr\/wp-json\/wp\/v2\/media\/14429"}],"wp:attachment":[{"href":"https:\/\/www.elementvape.de\/fr\/wp-json\/wp\/v2\/media?parent=14444"}],"wp:term":[{"taxonomy":"product_cat","embeddable":true,"href":"https:\/\/www.elementvape.de\/fr\/wp-json\/wp\/v2\/product_cat?post=14444"},{"taxonomy":"product_tag","embeddable":true,"href":"https:\/\/www.elementvape.de\/fr\/wp-json\/wp\/v2\/product_tag?post=14444"}],"curies":[{"name":"wp","href":"https:\/\/api.w.org\/{rel}","templated":true}]}}