{"id":14402,"date":"2024-09-18T10:18:35","date_gmt":"2024-09-18T10:18:35","guid":{"rendered":"https:\/\/www.elementvape.de\/?post_type=product&#038;p=14402"},"modified":"2024-10-11T03:45:21","modified_gmt":"2024-10-11T03:45:21","slug":"erleben-sie-den-erfrischenden-mint-geschmack-mit-der-bang-20000puff-einweg-e-zigarette-und-dual-mesh-technologie-fuer-ein-intensives-und-langanhaltendes-dampferlebnis","status":"publish","type":"product","link":"https:\/\/www.elementvape.de\/fr\/produkt\/erleben-sie-den-erfrischenden-mint-geschmack-mit-der-bang-20000puff-einweg-e-zigarette-und-dual-mesh-technologie-fuer-ein-intensives-und-langanhaltendes-dampferlebnis\/","title":{"rendered":"D\u00e9couvrez la saveur rafra\u00eechissante de MINT avec la cigarette \u00e9lectronique jetable Bang 20000Puffs et la technologie Dual Mesh pour une exp\u00e9rience de vapotage intense et longue dur\u00e9e"},"content":{"rendered":"<h2>D\u00e9couvrez le go\u00fbt rafra\u00eechissant de la MENTHE avec la cigarette \u00e9lectronique jetable Bang 20000Puff : une exp\u00e9rience de vapotage intense et durable<\/h2>\n<p>Les cigarettes \u00e9lectroniques ont gagn\u00e9 en popularit\u00e9 ces derni\u00e8res ann\u00e9es, notamment gr\u00e2ce \u00e0 leur commodit\u00e9, leur vari\u00e9t\u00e9 de saveurs et leurs avanc\u00e9es technologiques. La cigarette \u00e9lectronique jetable Bang 20000Puff au go\u00fbt de MENTHE repr\u00e9sente une combinaison parfaite de toutes ces qualit\u00e9s. Elle offre non seulement une capacit\u00e9 impressionnante de 20 000 bouff\u00e9es, mais aussi une technologie Dual Mesh qui garantit un go\u00fbt intense et des nuages de vapeur \u00e9pais. Le go\u00fbt rafra\u00eechissant de la MENTHE distingue ce produit des autres et offre une exp\u00e9rience de vapotage fra\u00eeche et revigorante, id\u00e9ale lors de moments de stress ou pour une sensation de fra\u00eecheur entre deux activit\u00e9s.<\/p>\n<h3>Innovations technologiques : la technologie Dual Mesh de la Bang 20000Puff<\/h3>\n<p>La technologie Dual Mesh est l'une des principales caract\u00e9ristiques qui diff\u00e9rencient la cigarette \u00e9lectronique jetable Bang 20000Puff de la concurrence. Mais qu'est-ce qui rend cette technologie si sp\u00e9ciale et comment fonctionne-t-elle ?<\/p>\n<p>Les r\u00e9sistances traditionnelles dans <strong><a href=\"https:\/\/www.elementvape.de\/fr\/\" target=\"_blank\" rel=\"noopener\">Cigarettes \u00e9lectroniques<\/a><\/strong> sont compos\u00e9es d\u2019un seul fil qui chauffe et vaporise le e-liquide. En revanche, la technologie Mesh utilise un tissu en grille, offrant une surface plus grande et chauffant le liquide de mani\u00e8re plus uniforme. Cela rend la vapeur plus dense et le go\u00fbt plus intense. Avec la technologie Dual Mesh, deux r\u00e9sistances en grille travaillent ensemble pour produire une vapeur encore plus homog\u00e8ne et riche. Cela assure un go\u00fbt constant et agr\u00e9able jusqu\u2019\u00e0 la derni\u00e8re bouff\u00e9e, sans que le liquide ait un go\u00fbt de br\u00fbl\u00e9, ce qui est souvent un probl\u00e8me avec les r\u00e9sistances classiques.<\/p>\n<p>Avantages de la technologie Dual Mesh :<\/p>\n<ul>\n<li>Go\u00fbt plus intense : le go\u00fbt de MENTHE reste rafra\u00eechissant et fort \u00e0 chaque bouff\u00e9e, sans perdre en intensit\u00e9.<\/li>\n<li>R\u00e9partition uniforme de la chaleur : \u00e9vite les points chauds et garantit une exp\u00e9rience de vapotage homog\u00e8ne.<\/li>\n<li>Durabilit\u00e9 : les r\u00e9sistances s\u2019usent moins rapidement, ce qui est particuli\u00e8rement important pour une cigarette \u00e9lectronique jetable de 20 000 bouff\u00e9es.<\/li>\n<\/ul>\n<h3>Le go\u00fbt rafra\u00eechissant de la MENTHE : pourquoi la MENTHE est un favori populaire<\/h3>\n<p>Le go\u00fbt de MENTHE a une longue tradition dans le monde du vapotage et dans l\u2019industrie du tabac. Pour de nombreux anciens fumeurs, le go\u00fbt de menthe est une alternative bienvenue aux saveurs de tabac classiques, car il poss\u00e8de un effet rafra\u00eechissant et apaisant. La menthe est connue pour nettoyer le palais et \u00eatre particuli\u00e8rement agr\u00e9able apr\u00e8s un repas ou lors de situations stressantes.<\/p>\n<p>Dans la Bang 20000Puff, le go\u00fbt de MENTHE est parfaitement \u00e9quilibr\u00e9 \u2013 ni trop intense ni trop faible \u2013 offrant une fra\u00eecheur agr\u00e9able qui procure une sensation de fra\u00eecheur en bouche. La combinaison de la menthe et de la technologie Dual Mesh renforce le go\u00fbt et le rend clair et pur \u00e0 chaque bouff\u00e9e.<\/p>\n<p>Pourquoi la MENTHE est-elle si populaire ?<\/p>\n<ul>\n<li>Rafra\u00eechissement : la MENTHE offre un coup de fra\u00eecheur imm\u00e9diat et peut \u00eatre tr\u00e8s agr\u00e9able par temps chaud ou apr\u00e8s un repas.<\/li>\n<li>Go\u00fbt pur : contrairement aux saveurs sucr\u00e9es ou lourdes, la MENTHE laisse un arri\u00e8re-go\u00fbt propre et clair.<\/li>\n<li>Effet apaisant : le go\u00fbt frais de la MENTHE peut aider \u00e0 r\u00e9duire le stress et \u00e0 calmer l\u2019esprit.<\/li>\n<\/ul>\n<h3>Praticit\u00e9 et facilit\u00e9 d\u2019utilisation : pourquoi les cigarettes \u00e9lectroniques jetables sont si demand\u00e9es<\/h3>\n<p>Ces derni\u00e8res ann\u00e9es, <strong><a href=\"https:\/\/www.elementvape.de\/fr\/c\/einweg-zigarette\/\" target=\"_blank\" rel=\"noopener\">Cigarettes \u00e9lectroniques jetables<\/a><\/strong> ont consid\u00e9rablement gagn\u00e9 en popularit\u00e9 gr\u00e2ce \u00e0 leur commodit\u00e9 et leur simplicit\u00e9 d\u2019utilisation. La cigarette \u00e9lectronique jetable Bang 20000Puff ne fait pas exception. Elle a \u00e9t\u00e9 sp\u00e9cialement con\u00e7ue pour les vapoteurs recherchant une exp\u00e9rience simple et sans souci. Il n\u2019y a pas de r\u00e9glages compliqu\u00e9s, pas besoin de changer les r\u00e9sistances ou de remplir le e-liquide. Une fois l\u2019appareil vide, il peut simplement \u00eatre jet\u00e9 et remplac\u00e9 par un nouveau.<\/p>\n<p>Avantages de la cigarette jetable Bang 20000Puff :<\/p>\n<ul>\n<li>Facilit\u00e9 d'utilisation : Aucun remplissage ou changement de coil n\u00e9cessaire \u2013 il suffit de le sortir de l'emballage et de commencer \u00e0 vapoter.<\/li>\n<li>20 000 bouff\u00e9es : Une capacit\u00e9 de bouff\u00e9e extr\u00eamement \u00e9lev\u00e9e, permettant d'utiliser l'appareil pendant une longue p\u00e9riode avant de devoir le remplacer.<\/li>\n<li>Batterie rechargeable : Contrairement \u00e0 de nombreux autres appareils jetables, la Bang 20000Puff dispose d'une batterie de 650 mAh, rechargeable via un port de charge Type-C. Cela augmente la dur\u00e9e de vie de l'appareil et en fait un choix plus \u00e9cologique.<\/li>\n<\/ul>\n<h3>D\u00e9tails techniques de la Bang 20000Puff MINT<\/h3>\n<p>Les sp\u00e9cifications techniques de la cigarette jetable Bang 20000Puff sont impressionnantes et offrent d'excellentes performances pour un appareil jetable. Voici un aper\u00e7u des principales donn\u00e9es techniques :<\/p>\n<table>\n<thead>\n<tr>\n<th>Caract\u00e9ristique<\/th>\n<th>D\u00e9tails<\/th>\n<\/tr>\n<\/thead>\n<tbody>\n<tr>\n<td>Go\u00fbt<\/td>\n<td>MENTHE<\/td>\n<\/tr>\n<tr>\n<td>Capacit\u00e9 de bouff\u00e9e<\/td>\n<td>20 000 bouff\u00e9es<\/td>\n<\/tr>\n<tr>\n<td>R\u00e9sistance<\/td>\n<td>R\u00e9seau double, 1,1 Ohm<\/td>\n<\/tr>\n<tr>\n<td>Capacit\u00e9 du e-liquide<\/td>\n<td>28 ml<\/td>\n<\/tr>\n<tr>\n<td>Contenu en N<\/td>\n<td>2 % ou 5 %<\/td>\n<\/tr>\n<tr>\n<td>Batterie<\/td>\n<td>650 mAh, rechargeable<\/td>\n<\/tr>\n<tr>\n<td>Port de charge<\/td>\n<td>Type-C<\/td>\n<\/tr>\n<tr>\n<td>Poids<\/td>\n<td>90 g<\/td>\n<\/tr>\n<tr>\n<td>Dimensions<\/td>\n<td>28 x 56 x 130 mm<\/td>\n<\/tr>\n<tr>\n<td>Affichage<\/td>\n<td>Indicateur LED<\/td>\n<\/tr>\n<\/tbody>\n<\/table>\n<h3>Public cible de la Bang 20000Puff MINT<\/h3>\n<p>Qui sont les personnes qui optent pour la Bang 20000Puff MINT ? Cette cigarette jetable s'adresse principalement aux vapoteurs qui :<\/p>\n<ul>\n<li>Appr\u00e9cient la commodit\u00e9 et la facilit\u00e9 d'utilisation. La Bang 20000Puff est simple \u00e0 utiliser et ne n\u00e9cessite aucun entretien.<\/li>\n<li>Pr\u00e9f\u00e9rer la vapote \u00e0 long terme. Avec 20 000 bouff\u00e9es, cet appareil dure beaucoup plus longtemps que beaucoup d'autres cigarettes \u00e9lectroniques jetables.<\/li>\n<li>Les amateurs de menthol ou de menthe sont. La saveur de MENTHE est connue pour son effet rafra\u00eechissant et offre une agr\u00e9able alternative aux saveurs sucr\u00e9es ou tabac.<\/li>\n<\/ul>\n<p>M\u00eame pour les anciens fumeurs qui ont opt\u00e9 pour la vapote, l'ar\u00f4me de menthe constitue une excellente option. Beaucoup de vapoteurs passant des cigarettes classiques aux cigarettes \u00e9lectroniques appr\u00e9cient la fra\u00eecheur famili\u00e8re du menthol, sans la lourdeur du tabac.<\/p>\n<h3>Bang 20000Puff vs. Autres cigarettes \u00e9lectroniques jetables<\/h3>\n<p>Le march\u00e9 des cigarettes \u00e9lectroniques jetables conna\u00eet une croissance constante, et il existe une grande vari\u00e9t\u00e9 de produits en concurrence. Comment se compare la Bang 20000Puff MINT \u00e0 d'autres appareils jetables?<\/p>\n<p>Capacit\u00e9 de bouff\u00e9e : Avec 20 000 bouff\u00e9es, la Bang 20000Puff offre l'une des plus grandes capacit\u00e9s du march\u00e9. Beaucoup d'autres cigarettes \u00e9lectroniques jetables proposent seulement entre 600 et 5 000 bouff\u00e9es, ce qui signifie que la Bang 20000Puff dure beaucoup plus longtemps et doit \u00eatre remplac\u00e9e moins fr\u00e9quemment.<\/p>\n<p>Go\u00fbt et technologie : Gr\u00e2ce \u00e0 la technologie Dual Mesh, la Bang 20000Puff offre un go\u00fbt intensif et constant, tandis que beaucoup d'autres cigarettes \u00e9lectroniques jetables peuvent perdre en saveur apr\u00e8s les premi\u00e8res bouff\u00e9es.<\/p>\n<p>Autonomie de la batterie : La batterie rechargeable de 650 mAh est un autre point fort. Alors que de nombreux appareils jetables doivent \u00eatre jet\u00e9s une fois la batterie vide, la Bang 20000Puff peut \u00eatre simplement recharg\u00e9e et r\u00e9utilis\u00e9e jusqu'\u00e0 \u00e9puisement complet du liquide.<\/p>\n<h3>Aspects environnementaux : Cigarettes \u00e9lectroniques jetables et durabilit\u00e9<\/h3>\n<p>Un aspect important que de nombreux consommateurs prennent en compte aujourd'hui est la compatibilit\u00e9 environnementale des produits jetables. Bien que les cigarettes \u00e9lectroniques jetables soient principalement achet\u00e9es pour leur commodit\u00e9, elles soul\u00e8vent \u00e9galement des questions concernant la durabilit\u00e9.<\/p>","protected":false},"excerpt":{"rendered":"<p>Erleben Sie den erfrischenden MINT-Geschmack mit der Bang 20000Puff Einweg-E-Zigarette: Intensives und langanhaltendes Dampferlebnis E-Zigaretten haben in den letzten Jahren stark an Beliebtheit gewonnen, nicht zuletzt durch ihre Bequemlichkeit, Vielfalt an Geschmacksrichtungen und technologische Fortschritte. Die Bang 20000Puff Einweg-E-Zigarette mit MINT-Geschmack stellt eine perfekte Kombination aus all diesen Eigenschaften dar. Sie bietet nicht nur eine [&hellip;]<\/p>","protected":false},"featured_media":14389,"template":"","meta":{"inline_featured_image":false},"product_cat":[15,762,78,750,737,736,749,752,756],"product_tag":[710,725],"tiered_pricing_type":"fixed","tiered_pricing_fixed_rules":{"60":"8.03","110":"7.14","200":"6.24"},"tiered_pricing_percentage_rules":[],"tiered_pricing_minimum":1,"_administrator_tiered_pricing_type":"fixed","_administrator_tiered_pricing_fixed_rules":[],"_editor_tiered_pricing_type":"fixed","_editor_tiered_pricing_fixed_rules":[],"_author_tiered_pricing_type":"fixed","_author_tiered_pricing_fixed_rules":[],"_contributor_tiered_pricing_type":"fixed","_contributor_tiered_pricing_fixed_rules":[],"_subscriber_tiered_pricing_type":"fixed","_subscriber_tiered_pricing_fixed_rules":[],"_customer_tiered_pricing_type":"fixed","_customer_tiered_pricing_fixed_rules":[],"_shop_manager_tiered_pricing_type":"fixed","_shop_manager_tiered_pricing_fixed_rules":[],"_wpseo_manager_tiered_pricing_type":"fixed","_wpseo_manager_tiered_pricing_fixed_rules":[],"_wpseo_editor_tiered_pricing_type":"fixed","_wpseo_editor_tiered_pricing_fixed_rules":[],"_wholesale_customer_tiered_pricing_type":"fixed","_wholesale_customer_tiered_pricing_fixed_rules":[],"_marketer_tiered_pricing_type":"fixed","_marketer_tiered_pricing_fixed_rules":[],"_sales_manager_tiered_pricing_type":"fixed","_sales_manager_tiered_pricing_fixed_rules":[],"_sales_rep_tiered_pricing_type":"fixed","_sales_rep_tiered_pricing_fixed_rules":[],"yoast_head":"<!-- This site is optimized with the Yoast SEO plugin v23.3 - https:\/\/yoast.com\/wordpress\/plugins\/seo\/ -->\n<title>Erleben Sie den erfrischenden MINT-Geschmack mit der Bang 20000Puff Einweg-E-Zigarette und Dual Mesh Technologie f\u00fcr ein intensives und langanhaltendes Dampferlebnis | ElementVape.de<\/title>\n<meta name=\"description\" content=\"Wir bieten Erleben Sie den erfrischenden MINT-Geschmack mit der Bang 20000Puff Einweg-E-Zigarette und Dual Mesh Technologie f\u00fcr ein intensives und langanhaltendes Dampferlebnis , Elementvape.de akzeptieren Gro\u00df-und Einzelhandel Bestellungen.\" \/>\n<meta name=\"robots\" content=\"index, follow, max-snippet:-1, max-image-preview:large, max-video-preview:-1\" \/>\n<link rel=\"canonical\" href=\"https:\/\/www.elementvape.de\/fr\/produkt\/erleben-sie-den-erfrischenden-mint-geschmack-mit-der-bang-20000puff-einweg-e-zigarette-und-dual-mesh-technologie-fuer-ein-intensives-und-langanhaltendes-dampferlebnis\/\" \/>\n<meta property=\"og:locale\" content=\"fr_FR\" \/>\n<meta property=\"og:type\" content=\"article\" \/>\n<meta property=\"og:title\" content=\"Erleben Sie den erfrischenden MINT-Geschmack mit der Bang 20000Puff Einweg-E-Zigarette und Dual Mesh Technologie f\u00fcr ein intensives und langanhaltendes Dampferlebnis | ElementVape.de\" \/>\n<meta property=\"og:description\" content=\"Wir bieten Erleben Sie den erfrischenden MINT-Geschmack mit der Bang 20000Puff Einweg-E-Zigarette und Dual Mesh Technologie f\u00fcr ein intensives und langanhaltendes Dampferlebnis , Elementvape.de akzeptieren Gro\u00df-und Einzelhandel Bestellungen.\" \/>\n<meta property=\"og:url\" content=\"https:\/\/www.elementvape.de\/fr\/produkt\/erleben-sie-den-erfrischenden-mint-geschmack-mit-der-bang-20000puff-einweg-e-zigarette-und-dual-mesh-technologie-fuer-ein-intensives-und-langanhaltendes-dampferlebnis\/\" \/>\n<meta property=\"og:site_name\" content=\"ElementVape.de\" \/>\n<meta property=\"article:modified_time\" content=\"2024-10-11T03:45:21+00:00\" \/>\n<meta property=\"og:image\" content=\"https:\/\/www.elementvape.de\/wp-content\/uploads\/2024\/09\/MINT.jpg\" \/>\n\t<meta property=\"og:image:width\" content=\"1655\" \/>\n\t<meta property=\"og:image:height\" content=\"1025\" \/>\n\t<meta property=\"og:image:type\" content=\"image\/jpeg\" \/>\n<meta name=\"twitter:card\" content=\"summary_large_image\" \/>\n<meta name=\"twitter:label1\" content=\"Est. reading time\" \/>\n\t<meta name=\"twitter:data1\" content=\"6 minutes\" \/>\n<script type=\"application\/ld+json\" class=\"yoast-schema-graph\">{\"@context\":\"https:\/\/schema.org\",\"@graph\":[{\"@type\":\"WebPage\",\"@id\":\"https:\/\/www.elementvape.de\/produkt\/erleben-sie-den-erfrischenden-mint-geschmack-mit-der-bang-20000puff-einweg-e-zigarette-und-dual-mesh-technologie-fuer-ein-intensives-und-langanhaltendes-dampferlebnis\/\",\"url\":\"https:\/\/www.elementvape.de\/produkt\/erleben-sie-den-erfrischenden-mint-geschmack-mit-der-bang-20000puff-einweg-e-zigarette-und-dual-mesh-technologie-fuer-ein-intensives-und-langanhaltendes-dampferlebnis\/\",\"name\":\"Erleben Sie den erfrischenden MINT-Geschmack mit der Bang 20000Puff Einweg-E-Zigarette und Dual Mesh Technologie f\u00fcr ein intensives und langanhaltendes Dampferlebnis | ElementVape.de\",\"isPartOf\":{\"@id\":\"https:\/\/www.elementvape.de\/#website\"},\"primaryImageOfPage\":{\"@id\":\"https:\/\/www.elementvape.de\/produkt\/erleben-sie-den-erfrischenden-mint-geschmack-mit-der-bang-20000puff-einweg-e-zigarette-und-dual-mesh-technologie-fuer-ein-intensives-und-langanhaltendes-dampferlebnis\/#primaryimage\"},\"image\":{\"@id\":\"https:\/\/www.elementvape.de\/produkt\/erleben-sie-den-erfrischenden-mint-geschmack-mit-der-bang-20000puff-einweg-e-zigarette-und-dual-mesh-technologie-fuer-ein-intensives-und-langanhaltendes-dampferlebnis\/#primaryimage\"},\"thumbnailUrl\":\"https:\/\/www.elementvape.de\/wp-content\/uploads\/2024\/09\/MINT.jpg\",\"datePublished\":\"2024-09-18T10:18:35+00:00\",\"dateModified\":\"2024-10-11T03:45:21+00:00\",\"description\":\"Wir bieten Erleben Sie den erfrischenden MINT-Geschmack mit der Bang 20000Puff Einweg-E-Zigarette und Dual Mesh Technologie f\u00fcr ein intensives und langanhaltendes Dampferlebnis , Elementvape.de akzeptieren Gro\u00df-und Einzelhandel Bestellungen.\",\"breadcrumb\":{\"@id\":\"https:\/\/www.elementvape.de\/produkt\/erleben-sie-den-erfrischenden-mint-geschmack-mit-der-bang-20000puff-einweg-e-zigarette-und-dual-mesh-technologie-fuer-ein-intensives-und-langanhaltendes-dampferlebnis\/#breadcrumb\"},\"inLanguage\":\"fr-FR\",\"potentialAction\":[{\"@type\":\"ReadAction\",\"target\":[\"https:\/\/www.elementvape.de\/produkt\/erleben-sie-den-erfrischenden-mint-geschmack-mit-der-bang-20000puff-einweg-e-zigarette-und-dual-mesh-technologie-fuer-ein-intensives-und-langanhaltendes-dampferlebnis\/\"]}]},{\"@type\":\"ImageObject\",\"inLanguage\":\"fr-FR\",\"@id\":\"https:\/\/www.elementvape.de\/produkt\/erleben-sie-den-erfrischenden-mint-geschmack-mit-der-bang-20000puff-einweg-e-zigarette-und-dual-mesh-technologie-fuer-ein-intensives-und-langanhaltendes-dampferlebnis\/#primaryimage\",\"url\":\"https:\/\/www.elementvape.de\/wp-content\/uploads\/2024\/09\/MINT.jpg\",\"contentUrl\":\"https:\/\/www.elementvape.de\/wp-content\/uploads\/2024\/09\/MINT.jpg\",\"width\":1655,\"height\":1025,\"caption\":\"MINT\"},{\"@type\":\"BreadcrumbList\",\"@id\":\"https:\/\/www.elementvape.de\/produkt\/erleben-sie-den-erfrischenden-mint-geschmack-mit-der-bang-20000puff-einweg-e-zigarette-und-dual-mesh-technologie-fuer-ein-intensives-und-langanhaltendes-dampferlebnis\/#breadcrumb\",\"itemListElement\":[{\"@type\":\"ListItem\",\"position\":1,\"name\":\"Home\",\"item\":\"https:\/\/www.elementvape.de\/\"},{\"@type\":\"ListItem\",\"position\":2,\"name\":\"Shop\",\"item\":\"https:\/\/www.elementvape.de\/shop\/\"},{\"@type\":\"ListItem\",\"position\":3,\"name\":\"Erleben Sie den erfrischenden MINT-Geschmack mit der Bang 20000Puff Einweg-E-Zigarette und Dual Mesh Technologie f\u00fcr ein intensives und langanhaltendes Dampferlebnis\"}]},{\"@type\":\"WebSite\",\"@id\":\"https:\/\/www.elementvape.de\/#website\",\"url\":\"https:\/\/www.elementvape.de\/\",\"name\":\"ElementVape.de\",\"description\":\"\",\"publisher\":{\"@id\":\"https:\/\/www.elementvape.de\/#organization\"},\"potentialAction\":[{\"@type\":\"SearchAction\",\"target\":{\"@type\":\"EntryPoint\",\"urlTemplate\":\"https:\/\/www.elementvape.de\/?s={search_term_string}\"},\"query-input\":\"required name=search_term_string\"}],\"inLanguage\":\"fr-FR\"},{\"@type\":\"Organization\",\"@id\":\"https:\/\/www.elementvape.de\/#organization\",\"name\":\"ElementVape.DE\",\"url\":\"https:\/\/www.elementvape.de\/\",\"logo\":{\"@type\":\"ImageObject\",\"inLanguage\":\"fr-FR\",\"@id\":\"https:\/\/www.elementvape.de\/#\/schema\/logo\/image\/\",\"url\":\"https:\/\/www.elementvape.de\/wp-content\/uploads\/2024\/09\/cropped-1elementvape-3.png\",\"contentUrl\":\"https:\/\/www.elementvape.de\/wp-content\/uploads\/2024\/09\/cropped-1elementvape-3.png\",\"width\":285,\"height\":228,\"caption\":\"ElementVape.DE\"},\"image\":{\"@id\":\"https:\/\/www.elementvape.de\/#\/schema\/logo\/image\/\"}}]}<\/script>\n<!-- \/ Yoast SEO plugin. -->","yoast_head_json":{"title":"Erleben Sie den erfrischenden MINT-Geschmack mit der Bang 20000Puff Einweg-E-Zigarette und Dual Mesh Technologie f\u00fcr ein intensives und langanhaltendes Dampferlebnis | ElementVape.de","description":"Wir bieten Erleben Sie den erfrischenden MINT-Geschmack mit der Bang 20000Puff Einweg-E-Zigarette und Dual Mesh Technologie f\u00fcr ein intensives und langanhaltendes Dampferlebnis , Elementvape.de akzeptieren Gro\u00df-und Einzelhandel Bestellungen.","robots":{"index":"index","follow":"follow","max-snippet":"max-snippet:-1","max-image-preview":"max-image-preview:large","max-video-preview":"max-video-preview:-1"},"canonical":"https:\/\/www.elementvape.de\/fr\/produkt\/erleben-sie-den-erfrischenden-mint-geschmack-mit-der-bang-20000puff-einweg-e-zigarette-und-dual-mesh-technologie-fuer-ein-intensives-und-langanhaltendes-dampferlebnis\/","og_locale":"fr_FR","og_type":"article","og_title":"Erleben Sie den erfrischenden MINT-Geschmack mit der Bang 20000Puff Einweg-E-Zigarette und Dual Mesh Technologie f\u00fcr ein intensives und langanhaltendes Dampferlebnis | ElementVape.de","og_description":"Wir bieten Erleben Sie den erfrischenden MINT-Geschmack mit der Bang 20000Puff Einweg-E-Zigarette und Dual Mesh Technologie f\u00fcr ein intensives und langanhaltendes Dampferlebnis , Elementvape.de akzeptieren Gro\u00df-und Einzelhandel Bestellungen.","og_url":"https:\/\/www.elementvape.de\/fr\/produkt\/erleben-sie-den-erfrischenden-mint-geschmack-mit-der-bang-20000puff-einweg-e-zigarette-und-dual-mesh-technologie-fuer-ein-intensives-und-langanhaltendes-dampferlebnis\/","og_site_name":"ElementVape.de","article_modified_time":"2024-10-11T03:45:21+00:00","og_image":[{"width":1655,"height":1025,"url":"https:\/\/www.elementvape.de\/wp-content\/uploads\/2024\/09\/MINT.jpg","type":"image\/jpeg"}],"twitter_card":"summary_large_image","twitter_misc":{"Est. reading time":"6 minutes"},"schema":{"@context":"https:\/\/schema.org","@graph":[{"@type":"WebPage","@id":"https:\/\/www.elementvape.de\/produkt\/erleben-sie-den-erfrischenden-mint-geschmack-mit-der-bang-20000puff-einweg-e-zigarette-und-dual-mesh-technologie-fuer-ein-intensives-und-langanhaltendes-dampferlebnis\/","url":"https:\/\/www.elementvape.de\/produkt\/erleben-sie-den-erfrischenden-mint-geschmack-mit-der-bang-20000puff-einweg-e-zigarette-und-dual-mesh-technologie-fuer-ein-intensives-und-langanhaltendes-dampferlebnis\/","name":"Erleben Sie den erfrischenden MINT-Geschmack mit der Bang 20000Puff Einweg-E-Zigarette und Dual Mesh Technologie f\u00fcr ein intensives und langanhaltendes Dampferlebnis | ElementVape.de","isPartOf":{"@id":"https:\/\/www.elementvape.de\/#website"},"primaryImageOfPage":{"@id":"https:\/\/www.elementvape.de\/produkt\/erleben-sie-den-erfrischenden-mint-geschmack-mit-der-bang-20000puff-einweg-e-zigarette-und-dual-mesh-technologie-fuer-ein-intensives-und-langanhaltendes-dampferlebnis\/#primaryimage"},"image":{"@id":"https:\/\/www.elementvape.de\/produkt\/erleben-sie-den-erfrischenden-mint-geschmack-mit-der-bang-20000puff-einweg-e-zigarette-und-dual-mesh-technologie-fuer-ein-intensives-und-langanhaltendes-dampferlebnis\/#primaryimage"},"thumbnailUrl":"https:\/\/www.elementvape.de\/wp-content\/uploads\/2024\/09\/MINT.jpg","datePublished":"2024-09-18T10:18:35+00:00","dateModified":"2024-10-11T03:45:21+00:00","description":"Wir bieten Erleben Sie den erfrischenden MINT-Geschmack mit der Bang 20000Puff Einweg-E-Zigarette und Dual Mesh Technologie f\u00fcr ein intensives und langanhaltendes Dampferlebnis , Elementvape.de akzeptieren Gro\u00df-und Einzelhandel Bestellungen.","breadcrumb":{"@id":"https:\/\/www.elementvape.de\/produkt\/erleben-sie-den-erfrischenden-mint-geschmack-mit-der-bang-20000puff-einweg-e-zigarette-und-dual-mesh-technologie-fuer-ein-intensives-und-langanhaltendes-dampferlebnis\/#breadcrumb"},"inLanguage":"fr-FR","potentialAction":[{"@type":"ReadAction","target":["https:\/\/www.elementvape.de\/produkt\/erleben-sie-den-erfrischenden-mint-geschmack-mit-der-bang-20000puff-einweg-e-zigarette-und-dual-mesh-technologie-fuer-ein-intensives-und-langanhaltendes-dampferlebnis\/"]}]},{"@type":"ImageObject","inLanguage":"fr-FR","@id":"https:\/\/www.elementvape.de\/produkt\/erleben-sie-den-erfrischenden-mint-geschmack-mit-der-bang-20000puff-einweg-e-zigarette-und-dual-mesh-technologie-fuer-ein-intensives-und-langanhaltendes-dampferlebnis\/#primaryimage","url":"https:\/\/www.elementvape.de\/wp-content\/uploads\/2024\/09\/MINT.jpg","contentUrl":"https:\/\/www.elementvape.de\/wp-content\/uploads\/2024\/09\/MINT.jpg","width":1655,"height":1025,"caption":"MINT"},{"@type":"BreadcrumbList","@id":"https:\/\/www.elementvape.de\/produkt\/erleben-sie-den-erfrischenden-mint-geschmack-mit-der-bang-20000puff-einweg-e-zigarette-und-dual-mesh-technologie-fuer-ein-intensives-und-langanhaltendes-dampferlebnis\/#breadcrumb","itemListElement":[{"@type":"ListItem","position":1,"name":"Home","item":"https:\/\/www.elementvape.de\/"},{"@type":"ListItem","position":2,"name":"Shop","item":"https:\/\/www.elementvape.de\/shop\/"},{"@type":"ListItem","position":3,"name":"Erleben Sie den erfrischenden MINT-Geschmack mit der Bang 20000Puff Einweg-E-Zigarette und Dual Mesh Technologie f\u00fcr ein intensives und langanhaltendes Dampferlebnis"}]},{"@type":"WebSite","@id":"https:\/\/www.elementvape.de\/#website","url":"https:\/\/www.elementvape.de\/","name":"ElementVape.de","description":"","publisher":{"@id":"https:\/\/www.elementvape.de\/#organization"},"potentialAction":[{"@type":"SearchAction","target":{"@type":"EntryPoint","urlTemplate":"https:\/\/www.elementvape.de\/?s={search_term_string}"},"query-input":"required name=search_term_string"}],"inLanguage":"fr-FR"},{"@type":"Organization","@id":"https:\/\/www.elementvape.de\/#organization","name":"ElementVape.DE","url":"https:\/\/www.elementvape.de\/","logo":{"@type":"ImageObject","inLanguage":"fr-FR","@id":"https:\/\/www.elementvape.de\/#\/schema\/logo\/image\/","url":"https:\/\/www.elementvape.de\/wp-content\/uploads\/2024\/09\/cropped-1elementvape-3.png","contentUrl":"https:\/\/www.elementvape.de\/wp-content\/uploads\/2024\/09\/cropped-1elementvape-3.png","width":285,"height":228,"caption":"ElementVape.DE"},"image":{"@id":"https:\/\/www.elementvape.de\/#\/schema\/logo\/image\/"}}]}},"_links":{"self":[{"href":"https:\/\/www.elementvape.de\/fr\/wp-json\/wp\/v2\/product\/14402"}],"collection":[{"href":"https:\/\/www.elementvape.de\/fr\/wp-json\/wp\/v2\/product"}],"about":[{"href":"https:\/\/www.elementvape.de\/fr\/wp-json\/wp\/v2\/types\/product"}],"wp:featuredmedia":[{"embeddable":true,"href":"https:\/\/www.elementvape.de\/fr\/wp-json\/wp\/v2\/media\/14389"}],"wp:attachment":[{"href":"https:\/\/www.elementvape.de\/fr\/wp-json\/wp\/v2\/media?parent=14402"}],"wp:term":[{"taxonomy":"product_cat","embeddable":true,"href":"https:\/\/www.elementvape.de\/fr\/wp-json\/wp\/v2\/product_cat?post=14402"},{"taxonomy":"product_tag","embeddable":true,"href":"https:\/\/www.elementvape.de\/fr\/wp-json\/wp\/v2\/product_tag?post=14402"}],"curies":[{"name":"wp","href":"https:\/\/api.w.org\/{rel}","templated":true}]}}