{"id":14369,"date":"2024-09-17T08:22:52","date_gmt":"2024-09-17T08:22:52","guid":{"rendered":"https:\/\/www.elementvape.de\/?post_type=product&#038;p=14369"},"modified":"2024-10-09T08:24:57","modified_gmt":"2024-10-09T08:24:57","slug":"kuehle-wassermelone-in-jeder-zug-die-bang-einweg-e-zigarette-mit-36000-puffs-und-mesh-coil-sorgt-fuer-ein-erfrischendes-dampferlebnis","status":"publish","type":"product","link":"https:\/\/www.elementvape.de\/fr\/produkt\/kuehle-wassermelone-in-jeder-zug-die-bang-einweg-e-zigarette-mit-36000-puffs-und-mesh-coil-sorgt-fuer-ein-erfrischendes-dampferlebnis\/","title":{"rendered":"Melon d'eau rafra\u00eechissant \u00e0 chaque bouff\u00e9e, la cigarette \u00e9lectronique jetable Bang avec 36000 bouff\u00e9es et coil en mesh offre une exp\u00e9rience de vapotage rafra\u00eechissante"},"content":{"rendered":"<div class=\"flex-shrink-0 flex flex-col relative items-end\">\n<div>\n<div class=\"pt-0\">\n<div class=\"gizmo-bot-avatar flex h-8 w-8 items-center justify-center overflow-hidden rounded-full\">\n<div class=\"relative p-1 rounded-sm flex items-center justify-center bg-token-main-surface-primary text-token-text-primary h-8 w-8\">Pour tous ceux qui aspirent \u00e0 une explosion de saveur rafra\u00eechissante et fra\u00eeche, la cigarette \u00e9lectronique jetable Bang avec 36 000 bouff\u00e9es et Mesh Coil offre exactement cette exp\u00e9rience. L'ar\u00f4me de past\u00e8que combine la douceur juteuse et fra\u00eeche de la past\u00e8que avec un effet rafra\u00eechissant qui transforme chaque inhalation en un v\u00e9ritable plaisir. Cette combinaison garantit une exp\u00e9rience de vapotage rafra\u00eechissante qui vous revitalise lors des journ\u00e9es chaudes ou apr\u00e8s une longue journ\u00e9e.<\/div>\n<\/div>\n<\/div>\n<\/div>\n<\/div>\n<div class=\"group\/conversation-turn relative flex w-full min-w-0 flex-col agent-turn\">\n<div class=\"flex-col gap-1 md:gap-3\">\n<div class=\"flex max-w-full flex-col flex-grow\">\n<div class=\"min-h-[20px] text-message flex w-full flex-col items-end gap-2 whitespace-normal break-words [.text-message+&amp;]:mt-5\" dir=\"auto\" data-message-author-role=\"assistant\" data-message-id=\"142246aa-aa9e-4cc5-81ba-5358e4f22137\">\n<div class=\"flex w-full flex-col gap-1 empty:hidden first:pt-[3px]\">\n<div class=\"markdown prose w-full break-words dark:prose-invert light\">\n<p>L'ar\u00f4me de past\u00e8que dans la cigarette \u00e9lectronique jetable Bang 36000 bouff\u00e9es offre une exp\u00e9rience gustative \u00e0 la fois douce et rafra\u00eechissante :<\/p>\n<ul>\n<li>Douceur fruit\u00e9e : Le go\u00fbt de past\u00e8ques m\u00fbres et juteuses apporte une douceur naturelle \u00e0 chaque inhalation, agr\u00e9able et satisfaisante.<\/li>\n<li>Rafra\u00eechissement : La l\u00e9g\u00e8re fra\u00eecheur ajout\u00e9e \u00e0 l'ar\u00f4me de past\u00e8que apporte une dimension suppl\u00e9mentaire, rendant l'exp\u00e9rience de vapotage particuli\u00e8rement rafra\u00eechissante.<\/li>\n<\/ul>\n<p>Cette combinaison de douceur fruit\u00e9e et de fra\u00eecheur fait de l'ar\u00f4me de past\u00e8que un choix id\u00e9al pour les vapoteurs recherchant une exp\u00e9rience gustative agr\u00e9able et rafra\u00eechissante en m\u00eame temps.<\/p>\n<h3>36 000 bouff\u00e9es \u2013 Pour un plaisir durable sans complications<\/h3>\n<p>Gr\u00e2ce \u00e0 sa capacit\u00e9 \u00e0 <strong><a href=\"https:\/\/www.elementvape.de\/fr\/p-tag\/vaep-36000-zuege\/\" target=\"_blank\" rel=\"noopener\">36000 bouff\u00e9es<\/a><\/strong> offrant une dur\u00e9e de vie impressionnante, la cigarette \u00e9lectronique jetable Bang assure un plaisir prolong\u00e9 pour plusieurs semaines. Cette capacit\u00e9 \u00e9lev\u00e9e signifie que vous n'avez pas \u00e0 vous soucier de remplir ou de remplacer les coils. Utilisez simplement l'appareil et profitez du plaisir durable de la past\u00e8que fra\u00eeche.<\/p>\n<h3>Mesh Coil \u2013 Pour un go\u00fbt intense et une vapeur abondante<\/h3>\n<p>La technologie Mesh Coil dans la cigarette \u00e9lectronique jetable Bang 36 000 bouff\u00e9es garantit une exp\u00e9rience gustative exceptionnelle et des nuages de vapeur denses :<\/p>\n<ul>\n<li>Chauffage rapide et uniforme : La Mesh Coil chauffe le e-liquide de mani\u00e8re homog\u00e8ne et efficace, ce qui conduit \u00e0 un go\u00fbt intense et constant.<\/li>\n<li>Go\u00fbt clair : Gr\u00e2ce \u00e0 une chauffe uniforme, le go\u00fbt de past\u00e8que reste frais et net, chaque inhalation offrant la saveur compl\u00e8te du fruit rafra\u00eechissant.<\/li>\n<li>Nuages de vapeur denses : La Mesh Coil produit des nuages plus gros et plus denses, enrichissant l'exp\u00e9rience de vapotage tant visuellement que gustativement.<\/li>\n<\/ul>\n<h3>Port de charge USB-C \u2013 Pour une recharge simple et rapide<\/h3>\n<p>Le port de charge USB-C permet une recharge rapide et pratique de la Bang 36 000 bouff\u00e9es <strong><a href=\"https:\/\/www.elementvape.de\/fr\/c\/einweg-zigarette\/\">cigarette \u00e9lectronique jetable<\/a><\/strong>, si n\u00e9cessaire. Ce port de charge moderne vous permet de retrouver rapidement le plaisir de savourer la saveur fra\u00eeche de la past\u00e8que, sans longues attentes de recharge.<\/p>\n<h3>Past\u00e8que fra\u00eeche \u00e0 chaque inhalation \u2013 La cigarette \u00e9lectronique jetable Bang 36 000 bouff\u00e9es pour une exp\u00e9rience de vapotage rafra\u00eechissante<\/h3>\n<p>La cigarette \u00e9lectronique jetable Bang 36000 bouff\u00e9es avec ar\u00f4me de past\u00e8que offre une exp\u00e9rience de vapotage unique, intensifi\u00e9e par la technologie Mesh Coil. Avec une capacit\u00e9 impressionnante de 36 000 bouff\u00e9es et un port de charge USB-C, elle garantit <strong><a href=\"https:\/\/www.elementvape.de\/fr\/\" target=\"_blank\" rel=\"noopener\">E-cigarette<\/a><\/strong> un plaisir durable et rafra\u00eechissant. D\u00e9couvrez la combinaison parfaite de douceur fruit\u00e9e et de fra\u00eecheur \u00e0 chaque inhalation et profitez d'une exp\u00e9rience de vapotage \u00e0 la fois gustative et visuelle.<\/p>\n<\/div>\n<\/div>\n<\/div>\n<\/div>\n<\/div>\n<\/div>","protected":false},"excerpt":{"rendered":"<p>F\u00fcr alle, die sich nach einer erfrischenden, k\u00fchlen Geschmacksexplosion sehnen, bietet die Bang Einweg-E-Zigarette mit 36.000 Puffs und Mesh Coil genau das richtige Erlebnis. Das Wassermelonen-Aroma vereint die s\u00fc\u00dfe, saftige Frische der Wassermelone mit einem erfrischenden K\u00fchleffekt, der jeden Zug zu einem echten Genuss macht. Diese Kombination sorgt f\u00fcr ein erfrischendes Dampferlebnis, das Sie an [&hellip;]<\/p>","protected":false},"featured_media":14370,"template":"","meta":{"inline_featured_image":false},"product_cat":[15,760,78,750,737,736,749,752,756],"product_tag":[710,761],"tiered_pricing_type":"fixed","tiered_pricing_fixed_rules":{"60":"9.4","110":"8.35","200":"7.31"},"tiered_pricing_percentage_rules":[],"tiered_pricing_minimum":1,"_administrator_tiered_pricing_type":"fixed","_administrator_tiered_pricing_fixed_rules":[],"_editor_tiered_pricing_type":"fixed","_editor_tiered_pricing_fixed_rules":[],"_author_tiered_pricing_type":"fixed","_author_tiered_pricing_fixed_rules":[],"_contributor_tiered_pricing_type":"fixed","_contributor_tiered_pricing_fixed_rules":[],"_subscriber_tiered_pricing_type":"fixed","_subscriber_tiered_pricing_fixed_rules":[],"_customer_tiered_pricing_type":"fixed","_customer_tiered_pricing_fixed_rules":[],"_shop_manager_tiered_pricing_type":"fixed","_shop_manager_tiered_pricing_fixed_rules":[],"_wpseo_manager_tiered_pricing_type":"fixed","_wpseo_manager_tiered_pricing_fixed_rules":[],"_wpseo_editor_tiered_pricing_type":"fixed","_wpseo_editor_tiered_pricing_fixed_rules":[],"_wholesale_customer_tiered_pricing_type":"fixed","_wholesale_customer_tiered_pricing_fixed_rules":[],"_marketer_tiered_pricing_type":"fixed","_marketer_tiered_pricing_fixed_rules":[],"_sales_manager_tiered_pricing_type":"fixed","_sales_manager_tiered_pricing_fixed_rules":[],"_sales_rep_tiered_pricing_type":"fixed","_sales_rep_tiered_pricing_fixed_rules":[],"yoast_head":"<!-- This site is optimized with the Yoast SEO plugin v23.3 - https:\/\/yoast.com\/wordpress\/plugins\/seo\/ -->\n<title>K\u00fchle Wassermelone in jeder Zug Die Bang Einweg-E-Zigarette mit 36000 Puffs und Mesh Coil sorgt f\u00fcr ein erfrischendes Dampferlebnis | ElementVape.de<\/title>\n<meta name=\"description\" content=\"Wir bieten K\u00fchle Wassermelone in jeder Zug Die Bang Einweg-E-Zigarette mit 36000 Puffs und Mesh Coil sorgt f\u00fcr ein erfrischendes Dampferlebnis , Elementvape.de akzeptieren Gro\u00df-und Einzelhandel Bestellungen.\" \/>\n<meta name=\"robots\" content=\"index, follow, max-snippet:-1, max-image-preview:large, max-video-preview:-1\" \/>\n<link rel=\"canonical\" href=\"https:\/\/www.elementvape.de\/fr\/produkt\/kuehle-wassermelone-in-jeder-zug-die-bang-einweg-e-zigarette-mit-36000-puffs-und-mesh-coil-sorgt-fuer-ein-erfrischendes-dampferlebnis\/\" \/>\n<meta property=\"og:locale\" content=\"fr_FR\" \/>\n<meta property=\"og:type\" content=\"article\" \/>\n<meta property=\"og:title\" content=\"K\u00fchle Wassermelone in jeder Zug Die Bang Einweg-E-Zigarette mit 36000 Puffs und Mesh Coil sorgt f\u00fcr ein erfrischendes Dampferlebnis | ElementVape.de\" \/>\n<meta property=\"og:description\" content=\"Wir bieten K\u00fchle Wassermelone in jeder Zug Die Bang Einweg-E-Zigarette mit 36000 Puffs und Mesh Coil sorgt f\u00fcr ein erfrischendes Dampferlebnis , Elementvape.de akzeptieren Gro\u00df-und Einzelhandel Bestellungen.\" \/>\n<meta property=\"og:url\" content=\"https:\/\/www.elementvape.de\/fr\/produkt\/kuehle-wassermelone-in-jeder-zug-die-bang-einweg-e-zigarette-mit-36000-puffs-und-mesh-coil-sorgt-fuer-ein-erfrischendes-dampferlebnis\/\" \/>\n<meta property=\"og:site_name\" content=\"ElementVape.de\" \/>\n<meta property=\"article:modified_time\" content=\"2024-10-09T08:24:57+00:00\" \/>\n<meta property=\"og:image\" content=\"https:\/\/www.elementvape.de\/wp-content\/uploads\/2024\/09\/WATERMELON-1-scaled.jpg\" \/>\n\t<meta property=\"og:image:width\" content=\"2560\" \/>\n\t<meta property=\"og:image:height\" content=\"2249\" \/>\n\t<meta property=\"og:image:type\" content=\"image\/jpeg\" \/>\n<meta name=\"twitter:card\" content=\"summary_large_image\" \/>\n<meta name=\"twitter:label1\" content=\"Est. reading time\" \/>\n\t<meta name=\"twitter:data1\" content=\"3 minutes\" \/>\n<script type=\"application\/ld+json\" class=\"yoast-schema-graph\">{\"@context\":\"https:\/\/schema.org\",\"@graph\":[{\"@type\":\"WebPage\",\"@id\":\"https:\/\/www.elementvape.de\/produkt\/kuehle-wassermelone-in-jeder-zug-die-bang-einweg-e-zigarette-mit-36000-puffs-und-mesh-coil-sorgt-fuer-ein-erfrischendes-dampferlebnis\/\",\"url\":\"https:\/\/www.elementvape.de\/produkt\/kuehle-wassermelone-in-jeder-zug-die-bang-einweg-e-zigarette-mit-36000-puffs-und-mesh-coil-sorgt-fuer-ein-erfrischendes-dampferlebnis\/\",\"name\":\"K\u00fchle Wassermelone in jeder Zug Die Bang Einweg-E-Zigarette mit 36000 Puffs und Mesh Coil sorgt f\u00fcr ein erfrischendes Dampferlebnis | ElementVape.de\",\"isPartOf\":{\"@id\":\"https:\/\/www.elementvape.de\/#website\"},\"primaryImageOfPage\":{\"@id\":\"https:\/\/www.elementvape.de\/produkt\/kuehle-wassermelone-in-jeder-zug-die-bang-einweg-e-zigarette-mit-36000-puffs-und-mesh-coil-sorgt-fuer-ein-erfrischendes-dampferlebnis\/#primaryimage\"},\"image\":{\"@id\":\"https:\/\/www.elementvape.de\/produkt\/kuehle-wassermelone-in-jeder-zug-die-bang-einweg-e-zigarette-mit-36000-puffs-und-mesh-coil-sorgt-fuer-ein-erfrischendes-dampferlebnis\/#primaryimage\"},\"thumbnailUrl\":\"https:\/\/www.elementvape.de\/wp-content\/uploads\/2024\/09\/WATERMELON-1-scaled.jpg\",\"datePublished\":\"2024-09-17T08:22:52+00:00\",\"dateModified\":\"2024-10-09T08:24:57+00:00\",\"description\":\"Wir bieten K\u00fchle Wassermelone in jeder Zug Die Bang Einweg-E-Zigarette mit 36000 Puffs und Mesh Coil sorgt f\u00fcr ein erfrischendes Dampferlebnis , Elementvape.de akzeptieren Gro\u00df-und Einzelhandel Bestellungen.\",\"breadcrumb\":{\"@id\":\"https:\/\/www.elementvape.de\/produkt\/kuehle-wassermelone-in-jeder-zug-die-bang-einweg-e-zigarette-mit-36000-puffs-und-mesh-coil-sorgt-fuer-ein-erfrischendes-dampferlebnis\/#breadcrumb\"},\"inLanguage\":\"fr-FR\",\"potentialAction\":[{\"@type\":\"ReadAction\",\"target\":[\"https:\/\/www.elementvape.de\/produkt\/kuehle-wassermelone-in-jeder-zug-die-bang-einweg-e-zigarette-mit-36000-puffs-und-mesh-coil-sorgt-fuer-ein-erfrischendes-dampferlebnis\/\"]}]},{\"@type\":\"ImageObject\",\"inLanguage\":\"fr-FR\",\"@id\":\"https:\/\/www.elementvape.de\/produkt\/kuehle-wassermelone-in-jeder-zug-die-bang-einweg-e-zigarette-mit-36000-puffs-und-mesh-coil-sorgt-fuer-ein-erfrischendes-dampferlebnis\/#primaryimage\",\"url\":\"https:\/\/www.elementvape.de\/wp-content\/uploads\/2024\/09\/WATERMELON-1-scaled.jpg\",\"contentUrl\":\"https:\/\/www.elementvape.de\/wp-content\/uploads\/2024\/09\/WATERMELON-1-scaled.jpg\",\"width\":2560,\"height\":2249,\"caption\":\"WATERMELON\"},{\"@type\":\"BreadcrumbList\",\"@id\":\"https:\/\/www.elementvape.de\/produkt\/kuehle-wassermelone-in-jeder-zug-die-bang-einweg-e-zigarette-mit-36000-puffs-und-mesh-coil-sorgt-fuer-ein-erfrischendes-dampferlebnis\/#breadcrumb\",\"itemListElement\":[{\"@type\":\"ListItem\",\"position\":1,\"name\":\"Home\",\"item\":\"https:\/\/www.elementvape.de\/\"},{\"@type\":\"ListItem\",\"position\":2,\"name\":\"Shop\",\"item\":\"https:\/\/www.elementvape.de\/shop\/\"},{\"@type\":\"ListItem\",\"position\":3,\"name\":\"K\u00fchle Wassermelone in jeder Zug Die Bang Einweg-E-Zigarette mit 36000 Puffs und Mesh Coil sorgt f\u00fcr ein erfrischendes Dampferlebnis\"}]},{\"@type\":\"WebSite\",\"@id\":\"https:\/\/www.elementvape.de\/#website\",\"url\":\"https:\/\/www.elementvape.de\/\",\"name\":\"ElementVape.de\",\"description\":\"\",\"publisher\":{\"@id\":\"https:\/\/www.elementvape.de\/#organization\"},\"potentialAction\":[{\"@type\":\"SearchAction\",\"target\":{\"@type\":\"EntryPoint\",\"urlTemplate\":\"https:\/\/www.elementvape.de\/?s={search_term_string}\"},\"query-input\":\"required name=search_term_string\"}],\"inLanguage\":\"fr-FR\"},{\"@type\":\"Organization\",\"@id\":\"https:\/\/www.elementvape.de\/#organization\",\"name\":\"ElementVape.DE\",\"url\":\"https:\/\/www.elementvape.de\/\",\"logo\":{\"@type\":\"ImageObject\",\"inLanguage\":\"fr-FR\",\"@id\":\"https:\/\/www.elementvape.de\/#\/schema\/logo\/image\/\",\"url\":\"https:\/\/www.elementvape.de\/wp-content\/uploads\/2024\/09\/cropped-1elementvape-3.png\",\"contentUrl\":\"https:\/\/www.elementvape.de\/wp-content\/uploads\/2024\/09\/cropped-1elementvape-3.png\",\"width\":285,\"height\":228,\"caption\":\"ElementVape.DE\"},\"image\":{\"@id\":\"https:\/\/www.elementvape.de\/#\/schema\/logo\/image\/\"}}]}<\/script>\n<!-- \/ Yoast SEO plugin. -->","yoast_head_json":{"title":"K\u00fchle Wassermelone in jeder Zug Die Bang Einweg-E-Zigarette mit 36000 Puffs und Mesh Coil sorgt f\u00fcr ein erfrischendes Dampferlebnis | ElementVape.de","description":"Wir bieten K\u00fchle Wassermelone in jeder Zug Die Bang Einweg-E-Zigarette mit 36000 Puffs und Mesh Coil sorgt f\u00fcr ein erfrischendes Dampferlebnis , Elementvape.de akzeptieren Gro\u00df-und Einzelhandel Bestellungen.","robots":{"index":"index","follow":"follow","max-snippet":"max-snippet:-1","max-image-preview":"max-image-preview:large","max-video-preview":"max-video-preview:-1"},"canonical":"https:\/\/www.elementvape.de\/fr\/produkt\/kuehle-wassermelone-in-jeder-zug-die-bang-einweg-e-zigarette-mit-36000-puffs-und-mesh-coil-sorgt-fuer-ein-erfrischendes-dampferlebnis\/","og_locale":"fr_FR","og_type":"article","og_title":"K\u00fchle Wassermelone in jeder Zug Die Bang Einweg-E-Zigarette mit 36000 Puffs und Mesh Coil sorgt f\u00fcr ein erfrischendes Dampferlebnis | ElementVape.de","og_description":"Wir bieten K\u00fchle Wassermelone in jeder Zug Die Bang Einweg-E-Zigarette mit 36000 Puffs und Mesh Coil sorgt f\u00fcr ein erfrischendes Dampferlebnis , Elementvape.de akzeptieren Gro\u00df-und Einzelhandel Bestellungen.","og_url":"https:\/\/www.elementvape.de\/fr\/produkt\/kuehle-wassermelone-in-jeder-zug-die-bang-einweg-e-zigarette-mit-36000-puffs-und-mesh-coil-sorgt-fuer-ein-erfrischendes-dampferlebnis\/","og_site_name":"ElementVape.de","article_modified_time":"2024-10-09T08:24:57+00:00","og_image":[{"width":2560,"height":2249,"url":"https:\/\/www.elementvape.de\/wp-content\/uploads\/2024\/09\/WATERMELON-1-scaled.jpg","type":"image\/jpeg"}],"twitter_card":"summary_large_image","twitter_misc":{"Est. reading time":"3 minutes"},"schema":{"@context":"https:\/\/schema.org","@graph":[{"@type":"WebPage","@id":"https:\/\/www.elementvape.de\/produkt\/kuehle-wassermelone-in-jeder-zug-die-bang-einweg-e-zigarette-mit-36000-puffs-und-mesh-coil-sorgt-fuer-ein-erfrischendes-dampferlebnis\/","url":"https:\/\/www.elementvape.de\/produkt\/kuehle-wassermelone-in-jeder-zug-die-bang-einweg-e-zigarette-mit-36000-puffs-und-mesh-coil-sorgt-fuer-ein-erfrischendes-dampferlebnis\/","name":"K\u00fchle Wassermelone in jeder Zug Die Bang Einweg-E-Zigarette mit 36000 Puffs und Mesh Coil sorgt f\u00fcr ein erfrischendes Dampferlebnis | ElementVape.de","isPartOf":{"@id":"https:\/\/www.elementvape.de\/#website"},"primaryImageOfPage":{"@id":"https:\/\/www.elementvape.de\/produkt\/kuehle-wassermelone-in-jeder-zug-die-bang-einweg-e-zigarette-mit-36000-puffs-und-mesh-coil-sorgt-fuer-ein-erfrischendes-dampferlebnis\/#primaryimage"},"image":{"@id":"https:\/\/www.elementvape.de\/produkt\/kuehle-wassermelone-in-jeder-zug-die-bang-einweg-e-zigarette-mit-36000-puffs-und-mesh-coil-sorgt-fuer-ein-erfrischendes-dampferlebnis\/#primaryimage"},"thumbnailUrl":"https:\/\/www.elementvape.de\/wp-content\/uploads\/2024\/09\/WATERMELON-1-scaled.jpg","datePublished":"2024-09-17T08:22:52+00:00","dateModified":"2024-10-09T08:24:57+00:00","description":"Wir bieten K\u00fchle Wassermelone in jeder Zug Die Bang Einweg-E-Zigarette mit 36000 Puffs und Mesh Coil sorgt f\u00fcr ein erfrischendes Dampferlebnis , Elementvape.de akzeptieren Gro\u00df-und Einzelhandel Bestellungen.","breadcrumb":{"@id":"https:\/\/www.elementvape.de\/produkt\/kuehle-wassermelone-in-jeder-zug-die-bang-einweg-e-zigarette-mit-36000-puffs-und-mesh-coil-sorgt-fuer-ein-erfrischendes-dampferlebnis\/#breadcrumb"},"inLanguage":"fr-FR","potentialAction":[{"@type":"ReadAction","target":["https:\/\/www.elementvape.de\/produkt\/kuehle-wassermelone-in-jeder-zug-die-bang-einweg-e-zigarette-mit-36000-puffs-und-mesh-coil-sorgt-fuer-ein-erfrischendes-dampferlebnis\/"]}]},{"@type":"ImageObject","inLanguage":"fr-FR","@id":"https:\/\/www.elementvape.de\/produkt\/kuehle-wassermelone-in-jeder-zug-die-bang-einweg-e-zigarette-mit-36000-puffs-und-mesh-coil-sorgt-fuer-ein-erfrischendes-dampferlebnis\/#primaryimage","url":"https:\/\/www.elementvape.de\/wp-content\/uploads\/2024\/09\/WATERMELON-1-scaled.jpg","contentUrl":"https:\/\/www.elementvape.de\/wp-content\/uploads\/2024\/09\/WATERMELON-1-scaled.jpg","width":2560,"height":2249,"caption":"WATERMELON"},{"@type":"BreadcrumbList","@id":"https:\/\/www.elementvape.de\/produkt\/kuehle-wassermelone-in-jeder-zug-die-bang-einweg-e-zigarette-mit-36000-puffs-und-mesh-coil-sorgt-fuer-ein-erfrischendes-dampferlebnis\/#breadcrumb","itemListElement":[{"@type":"ListItem","position":1,"name":"Home","item":"https:\/\/www.elementvape.de\/"},{"@type":"ListItem","position":2,"name":"Shop","item":"https:\/\/www.elementvape.de\/shop\/"},{"@type":"ListItem","position":3,"name":"K\u00fchle Wassermelone in jeder Zug Die Bang Einweg-E-Zigarette mit 36000 Puffs und Mesh Coil sorgt f\u00fcr ein erfrischendes Dampferlebnis"}]},{"@type":"WebSite","@id":"https:\/\/www.elementvape.de\/#website","url":"https:\/\/www.elementvape.de\/","name":"ElementVape.de","description":"","publisher":{"@id":"https:\/\/www.elementvape.de\/#organization"},"potentialAction":[{"@type":"SearchAction","target":{"@type":"EntryPoint","urlTemplate":"https:\/\/www.elementvape.de\/?s={search_term_string}"},"query-input":"required name=search_term_string"}],"inLanguage":"fr-FR"},{"@type":"Organization","@id":"https:\/\/www.elementvape.de\/#organization","name":"ElementVape.DE","url":"https:\/\/www.elementvape.de\/","logo":{"@type":"ImageObject","inLanguage":"fr-FR","@id":"https:\/\/www.elementvape.de\/#\/schema\/logo\/image\/","url":"https:\/\/www.elementvape.de\/wp-content\/uploads\/2024\/09\/cropped-1elementvape-3.png","contentUrl":"https:\/\/www.elementvape.de\/wp-content\/uploads\/2024\/09\/cropped-1elementvape-3.png","width":285,"height":228,"caption":"ElementVape.DE"},"image":{"@id":"https:\/\/www.elementvape.de\/#\/schema\/logo\/image\/"}}]}},"_links":{"self":[{"href":"https:\/\/www.elementvape.de\/fr\/wp-json\/wp\/v2\/product\/14369"}],"collection":[{"href":"https:\/\/www.elementvape.de\/fr\/wp-json\/wp\/v2\/product"}],"about":[{"href":"https:\/\/www.elementvape.de\/fr\/wp-json\/wp\/v2\/types\/product"}],"wp:featuredmedia":[{"embeddable":true,"href":"https:\/\/www.elementvape.de\/fr\/wp-json\/wp\/v2\/media\/14370"}],"wp:attachment":[{"href":"https:\/\/www.elementvape.de\/fr\/wp-json\/wp\/v2\/media?parent=14369"}],"wp:term":[{"taxonomy":"product_cat","embeddable":true,"href":"https:\/\/www.elementvape.de\/fr\/wp-json\/wp\/v2\/product_cat?post=14369"},{"taxonomy":"product_tag","embeddable":true,"href":"https:\/\/www.elementvape.de\/fr\/wp-json\/wp\/v2\/product_tag?post=14369"}],"curies":[{"name":"wp","href":"https:\/\/api.w.org\/{rel}","templated":true}]}}