{"id":14349,"date":"2024-09-17T05:50:28","date_gmt":"2024-09-17T05:50:28","guid":{"rendered":"https:\/\/www.elementvape.de\/?post_type=product&#038;p=14349"},"modified":"2024-10-09T08:15:45","modified_gmt":"2024-10-09T08:15:45","slug":"erleben-sie-den-tropischen-genuss-von-pfirsich-mango-und-wassermelone-mit-der-bang-36-000-puffs-einweg-e-zigarette-und-mesh-coil","status":"publish","type":"product","link":"https:\/\/www.elementvape.de\/fr\/produkt\/erleben-sie-den-tropischen-genuss-von-pfirsich-mango-und-wassermelone-mit-der-bang-36-000-puffs-einweg-e-zigarette-und-mesh-coil\/","title":{"rendered":"D\u00e9couvrez le plaisir tropical de p\u00eache \u00e0 la mangue et \u00e0 la past\u00e8que avec la cigarette \u00e9lectronique jetable Bang 36 000 bouff\u00e9es et Mesh Coil"},"content":{"rendered":"<h2>D\u00e9couvrez le plaisir tropical de p\u00eache, mangue et past\u00e8que avec la cigarette \u00e9lectronique jetable Bang 36000 Puffs et Mesh Coil<\/h2>\n<p>Dans le monde dynamique de la cigarette \u00e9lectronique, les saveurs exotiques et les technologies avanc\u00e9es sont essentielles pour offrir une exp\u00e9rience de vapotage intense et agr\u00e9able. Avec la cigarette \u00e9lectronique jetable Bang 36000 Puffs \u00e9quip\u00e9e d\u2019un Mesh Coil, le vapotage passe \u00e0 un niveau sup\u00e9rieur. Les saveurs tropicales de p\u00eache, mangue et past\u00e8que transportent vos papilles dans un paradis et garantissent un plaisir durable \u2013 inhalation apr\u00e8s inhalation.<\/p>\n<h3>Explosion de saveurs tropicales : p\u00eache, mangue et past\u00e8que<\/h3>\n<p>Le c\u0153ur de ce produit est sans aucun doute la saveur. La Bang 36000 Puffs <strong><a href=\"https:\/\/www.elementvape.de\/fr\/c\/einweg-zigarette\/\" target=\"_blank\" rel=\"noopener\">cigarette \u00e9lectronique jetable<\/a><\/strong> combine les saveurs juteuses de mangue et de p\u00eache m\u00fbres avec la douceur fra\u00eeche de la past\u00e8que. Ce trio de fruits tropicaux est non seulement rafra\u00eechissant, mais aussi parfaitement \u00e9quilibr\u00e9 pour offrir \u00e0 chaque inhalation une fra\u00eecheur in\u00e9gal\u00e9e.<\/p>\n<ul>\n<li>P\u00eache, mangue : la douce, l\u00e9g\u00e8rement am\u00e8re p\u00eache se fond harmonieusement avec la douceur tropicale de la mangue, offrant une saveur riche et fruit\u00e9e.<\/li>\n<li>Past\u00e8que : la past\u00e8que ajoute une note p\u00e9tillante et rafra\u00eechissante qui compl\u00e8te l\u2019exp\u00e9rience gustative et est particuli\u00e8rement appr\u00e9ci\u00e9e en \u00e9t\u00e9.<\/li>\n<\/ul>\n<h3>36 000 Puffs \u2013 Durabilit\u00e9 maximale pour un plaisir continu<\/h3>\n<p>L\u2019un des plus grands atouts de la Bang 36000 est sa capacit\u00e9 \u00e9norme allant jusqu\u2019\u00e0 36 000 bouff\u00e9es. Cette long\u00e9vit\u00e9 signifie que vous pouvez profiter pendant des semaines sans vous soucier que votre appareil se vide pr\u00e9matur\u00e9ment. Que vous soyez un vapoteur assidu ou que vous utilisiez l\u2019appareil occasionnellement \u2013 la Bang 36000 offre des performances exceptionnelles pour de nombreuses sessions de vapotage.<\/p>\n<h3>Mesh Coil \u2013 Saveur plus intense et nuages de vapeur denses<\/h3>\n<p>L\u2019utilisation d\u2019un Mesh Coil est un autre point fort de cette cigarette \u00e9lectronique jetable. Les Mesh Coils sont r\u00e9put\u00e9s pour chauffer la vapeur de mani\u00e8re efficace et uniforme, ce qui conduit \u00e0 une saveur plus intense et \u00e0 des nuages de vapeur plus volumineux. Avec la Bang 36000, vous b\u00e9n\u00e9ficiez de :<\/p>\n<ul>\n<li>Chauffage plus rapide : la technologie Mesh Coil assure une r\u00e9partition de la chaleur plus rapide et homog\u00e8ne.<\/li>\n<li>Am\u00e9lioration de la restitution des saveurs : la saveur des ar\u00f4mes reste authentique et riche \u2013 du premier au dernier puff.<\/li>\n<li>Nuages de vapeur plus importants : gr\u00e2ce \u00e0 la surface de chauffage am\u00e9lior\u00e9e, des nuages denses et volumineux se forment, rendant l\u2019exp\u00e9rience de vapotage encore plus intense.<\/li>\n<\/ul>\n<h3>Exotisme tropical rencontre technologie avanc\u00e9e<\/h3>\n<p>La cigarette \u00e9lectronique jetable Bang 36000 Puffs avec saveurs p\u00eache, mangue et past\u00e8que est bien plus qu\u2019une simple cigarette \u00e9lectronique \u2013 c\u2019est une invitation aux mondes de saveurs tropicales, accompagn\u00e9e des derni\u00e8res technologies pour une exp\u00e9rience de vapotage intense et durable. Que vous soyez d\u00e9butant ou vapoteur exp\u00e9riment\u00e9, <strong><a href=\"https:\/\/www.elementvape.de\/fr\/\" target=\"_blank\" rel=\"noopener\">Vapoteurs<\/a><\/strong> \u2013 avec cet appareil, vous obtenez la combinaison parfaite de performance, de saveur et de convivialit\u00e9.<\/p>","protected":false},"excerpt":{"rendered":"<p>Erleben Sie den tropischen Genuss von Pfirsich Mango und Wassermelone mit der Bang 36000 Puffs Einweg-E-Zigarette und Mesh Coil In der dynamischen Welt der E-Zigarett en sind exotische Aromen und fortschrittliche Technologien entscheidend, um ein intensives und angenehmes Dampferlebnis zu bieten. Mit der Bang 36000 Puffs Einweg-E-Zigarette, die mit einer Mesh Coil ausgestattet ist, wird [&hellip;]<\/p>","protected":false},"featured_media":14350,"template":"","meta":{"inline_featured_image":false},"product_cat":[15,760,78,750,737,736,749,752,756],"product_tag":[710,761],"tiered_pricing_type":"fixed","tiered_pricing_fixed_rules":{"60":"9.4","110":"8.35","200":"7.31"},"tiered_pricing_percentage_rules":[],"tiered_pricing_minimum":1,"_administrator_tiered_pricing_type":"fixed","_administrator_tiered_pricing_fixed_rules":[],"_editor_tiered_pricing_type":"fixed","_editor_tiered_pricing_fixed_rules":[],"_author_tiered_pricing_type":"fixed","_author_tiered_pricing_fixed_rules":[],"_contributor_tiered_pricing_type":"fixed","_contributor_tiered_pricing_fixed_rules":[],"_subscriber_tiered_pricing_type":"fixed","_subscriber_tiered_pricing_fixed_rules":[],"_customer_tiered_pricing_type":"fixed","_customer_tiered_pricing_fixed_rules":[],"_shop_manager_tiered_pricing_type":"fixed","_shop_manager_tiered_pricing_fixed_rules":[],"_wpseo_manager_tiered_pricing_type":"fixed","_wpseo_manager_tiered_pricing_fixed_rules":[],"_wpseo_editor_tiered_pricing_type":"fixed","_wpseo_editor_tiered_pricing_fixed_rules":[],"_wholesale_customer_tiered_pricing_type":"fixed","_wholesale_customer_tiered_pricing_fixed_rules":[],"_marketer_tiered_pricing_type":"fixed","_marketer_tiered_pricing_fixed_rules":[],"_sales_manager_tiered_pricing_type":"fixed","_sales_manager_tiered_pricing_fixed_rules":[],"_sales_rep_tiered_pricing_type":"fixed","_sales_rep_tiered_pricing_fixed_rules":[],"yoast_head":"<!-- This site is optimized with the Yoast SEO plugin v23.3 - https:\/\/yoast.com\/wordpress\/plugins\/seo\/ -->\n<title>Erleben Sie den tropischen Genuss von Pfirsich Mango und Wassermelone mit der Bang 36.000 Puffs Einweg-E-Zigarette und Mesh Coil | ElementVape.de<\/title>\n<meta name=\"description\" content=\"Wir bieten Erleben Sie den tropischen Genuss von Pfirsich Mango und Wassermelone mit der Bang 36.000 Puffs Einweg-E-Zigarette und Mesh Coil , Elementvape.de akzeptieren Gro\u00df-und Einzelhandel Bestellungen.\" \/>\n<meta name=\"robots\" content=\"index, follow, max-snippet:-1, max-image-preview:large, max-video-preview:-1\" \/>\n<link rel=\"canonical\" href=\"https:\/\/www.elementvape.de\/fr\/produkt\/erleben-sie-den-tropischen-genuss-von-pfirsich-mango-und-wassermelone-mit-der-bang-36-000-puffs-einweg-e-zigarette-und-mesh-coil\/\" \/>\n<meta property=\"og:locale\" content=\"fr_FR\" \/>\n<meta property=\"og:type\" content=\"article\" \/>\n<meta property=\"og:title\" content=\"Erleben Sie den tropischen Genuss von Pfirsich Mango und Wassermelone mit der Bang 36.000 Puffs Einweg-E-Zigarette und Mesh Coil | ElementVape.de\" \/>\n<meta property=\"og:description\" content=\"Wir bieten Erleben Sie den tropischen Genuss von Pfirsich Mango und Wassermelone mit der Bang 36.000 Puffs Einweg-E-Zigarette und Mesh Coil , Elementvape.de akzeptieren Gro\u00df-und Einzelhandel Bestellungen.\" \/>\n<meta property=\"og:url\" content=\"https:\/\/www.elementvape.de\/fr\/produkt\/erleben-sie-den-tropischen-genuss-von-pfirsich-mango-und-wassermelone-mit-der-bang-36-000-puffs-einweg-e-zigarette-und-mesh-coil\/\" \/>\n<meta property=\"og:site_name\" content=\"ElementVape.de\" \/>\n<meta property=\"article:modified_time\" content=\"2024-10-09T08:15:45+00:00\" \/>\n<meta property=\"og:image\" content=\"https:\/\/www.elementvape.de\/wp-content\/uploads\/2024\/09\/PEACH-MANGO-WATERNTEION-scaled.jpg\" \/>\n\t<meta property=\"og:image:width\" content=\"2560\" \/>\n\t<meta property=\"og:image:height\" content=\"2249\" \/>\n\t<meta property=\"og:image:type\" content=\"image\/jpeg\" \/>\n<meta name=\"twitter:card\" content=\"summary_large_image\" \/>\n<meta name=\"twitter:label1\" content=\"Est. reading time\" \/>\n\t<meta name=\"twitter:data1\" content=\"3 minutes\" \/>\n<script type=\"application\/ld+json\" class=\"yoast-schema-graph\">{\"@context\":\"https:\/\/schema.org\",\"@graph\":[{\"@type\":\"WebPage\",\"@id\":\"https:\/\/www.elementvape.de\/pl\/produkt\/erleben-sie-den-tropischen-genuss-von-pfirsich-mango-und-wassermelone-mit-der-bang-36-000-puffs-einweg-e-zigarette-und-mesh-coil\/\",\"url\":\"https:\/\/www.elementvape.de\/pl\/produkt\/erleben-sie-den-tropischen-genuss-von-pfirsich-mango-und-wassermelone-mit-der-bang-36-000-puffs-einweg-e-zigarette-und-mesh-coil\/\",\"name\":\"Erleben Sie den tropischen Genuss von Pfirsich Mango und Wassermelone mit der Bang 36.000 Puffs Einweg-E-Zigarette und Mesh Coil | ElementVape.de\",\"isPartOf\":{\"@id\":\"https:\/\/www.elementvape.de\/#website\"},\"primaryImageOfPage\":{\"@id\":\"https:\/\/www.elementvape.de\/pl\/produkt\/erleben-sie-den-tropischen-genuss-von-pfirsich-mango-und-wassermelone-mit-der-bang-36-000-puffs-einweg-e-zigarette-und-mesh-coil\/#primaryimage\"},\"image\":{\"@id\":\"https:\/\/www.elementvape.de\/pl\/produkt\/erleben-sie-den-tropischen-genuss-von-pfirsich-mango-und-wassermelone-mit-der-bang-36-000-puffs-einweg-e-zigarette-und-mesh-coil\/#primaryimage\"},\"thumbnailUrl\":\"https:\/\/www.elementvape.de\/wp-content\/uploads\/2024\/09\/PEACH-MANGO-WATERNTEION-scaled.jpg\",\"datePublished\":\"2024-09-17T05:50:28+00:00\",\"dateModified\":\"2024-10-09T08:15:45+00:00\",\"description\":\"Wir bieten Erleben Sie den tropischen Genuss von Pfirsich Mango und Wassermelone mit der Bang 36.000 Puffs Einweg-E-Zigarette und Mesh Coil , Elementvape.de akzeptieren Gro\u00df-und Einzelhandel Bestellungen.\",\"breadcrumb\":{\"@id\":\"https:\/\/www.elementvape.de\/pl\/produkt\/erleben-sie-den-tropischen-genuss-von-pfirsich-mango-und-wassermelone-mit-der-bang-36-000-puffs-einweg-e-zigarette-und-mesh-coil\/#breadcrumb\"},\"inLanguage\":\"fr-FR\",\"potentialAction\":[{\"@type\":\"ReadAction\",\"target\":[\"https:\/\/www.elementvape.de\/pl\/produkt\/erleben-sie-den-tropischen-genuss-von-pfirsich-mango-und-wassermelone-mit-der-bang-36-000-puffs-einweg-e-zigarette-und-mesh-coil\/\"]}]},{\"@type\":\"ImageObject\",\"inLanguage\":\"fr-FR\",\"@id\":\"https:\/\/www.elementvape.de\/pl\/produkt\/erleben-sie-den-tropischen-genuss-von-pfirsich-mango-und-wassermelone-mit-der-bang-36-000-puffs-einweg-e-zigarette-und-mesh-coil\/#primaryimage\",\"url\":\"https:\/\/www.elementvape.de\/wp-content\/uploads\/2024\/09\/PEACH-MANGO-WATERNTEION-scaled.jpg\",\"contentUrl\":\"https:\/\/www.elementvape.de\/wp-content\/uploads\/2024\/09\/PEACH-MANGO-WATERNTEION-scaled.jpg\",\"width\":2560,\"height\":2249,\"caption\":\"PEACH MANGO WATERNTEION\"},{\"@type\":\"BreadcrumbList\",\"@id\":\"https:\/\/www.elementvape.de\/pl\/produkt\/erleben-sie-den-tropischen-genuss-von-pfirsich-mango-und-wassermelone-mit-der-bang-36-000-puffs-einweg-e-zigarette-und-mesh-coil\/#breadcrumb\",\"itemListElement\":[{\"@type\":\"ListItem\",\"position\":1,\"name\":\"Home\",\"item\":\"https:\/\/www.elementvape.de\/\"},{\"@type\":\"ListItem\",\"position\":2,\"name\":\"Shop\",\"item\":\"https:\/\/www.elementvape.de\/shop\/\"},{\"@type\":\"ListItem\",\"position\":3,\"name\":\"Erleben Sie den tropischen Genuss von Pfirsich Mango und Wassermelone mit der Bang 36.000 Puffs Einweg-E-Zigarette und Mesh Coil\"}]},{\"@type\":\"WebSite\",\"@id\":\"https:\/\/www.elementvape.de\/#website\",\"url\":\"https:\/\/www.elementvape.de\/\",\"name\":\"ElementVape.de\",\"description\":\"\",\"publisher\":{\"@id\":\"https:\/\/www.elementvape.de\/#organization\"},\"potentialAction\":[{\"@type\":\"SearchAction\",\"target\":{\"@type\":\"EntryPoint\",\"urlTemplate\":\"https:\/\/www.elementvape.de\/?s={search_term_string}\"},\"query-input\":\"required name=search_term_string\"}],\"inLanguage\":\"fr-FR\"},{\"@type\":\"Organization\",\"@id\":\"https:\/\/www.elementvape.de\/#organization\",\"name\":\"ElementVape.DE\",\"url\":\"https:\/\/www.elementvape.de\/\",\"logo\":{\"@type\":\"ImageObject\",\"inLanguage\":\"fr-FR\",\"@id\":\"https:\/\/www.elementvape.de\/#\/schema\/logo\/image\/\",\"url\":\"https:\/\/www.elementvape.de\/wp-content\/uploads\/2024\/09\/cropped-1elementvape-3.png\",\"contentUrl\":\"https:\/\/www.elementvape.de\/wp-content\/uploads\/2024\/09\/cropped-1elementvape-3.png\",\"width\":285,\"height\":228,\"caption\":\"ElementVape.DE\"},\"image\":{\"@id\":\"https:\/\/www.elementvape.de\/#\/schema\/logo\/image\/\"}}]}<\/script>\n<!-- \/ Yoast SEO plugin. -->","yoast_head_json":{"title":"Erleben Sie den tropischen Genuss von Pfirsich Mango und Wassermelone mit der Bang 36.000 Puffs Einweg-E-Zigarette und Mesh Coil | ElementVape.de","description":"Wir bieten Erleben Sie den tropischen Genuss von Pfirsich Mango und Wassermelone mit der Bang 36.000 Puffs Einweg-E-Zigarette und Mesh Coil , Elementvape.de akzeptieren Gro\u00df-und Einzelhandel Bestellungen.","robots":{"index":"index","follow":"follow","max-snippet":"max-snippet:-1","max-image-preview":"max-image-preview:large","max-video-preview":"max-video-preview:-1"},"canonical":"https:\/\/www.elementvape.de\/fr\/produkt\/erleben-sie-den-tropischen-genuss-von-pfirsich-mango-und-wassermelone-mit-der-bang-36-000-puffs-einweg-e-zigarette-und-mesh-coil\/","og_locale":"fr_FR","og_type":"article","og_title":"Erleben Sie den tropischen Genuss von Pfirsich Mango und Wassermelone mit der Bang 36.000 Puffs Einweg-E-Zigarette und Mesh Coil | ElementVape.de","og_description":"Wir bieten Erleben Sie den tropischen Genuss von Pfirsich Mango und Wassermelone mit der Bang 36.000 Puffs Einweg-E-Zigarette und Mesh Coil , Elementvape.de akzeptieren Gro\u00df-und Einzelhandel Bestellungen.","og_url":"https:\/\/www.elementvape.de\/fr\/produkt\/erleben-sie-den-tropischen-genuss-von-pfirsich-mango-und-wassermelone-mit-der-bang-36-000-puffs-einweg-e-zigarette-und-mesh-coil\/","og_site_name":"ElementVape.de","article_modified_time":"2024-10-09T08:15:45+00:00","og_image":[{"width":2560,"height":2249,"url":"https:\/\/www.elementvape.de\/wp-content\/uploads\/2024\/09\/PEACH-MANGO-WATERNTEION-scaled.jpg","type":"image\/jpeg"}],"twitter_card":"summary_large_image","twitter_misc":{"Est. reading time":"3 minutes"},"schema":{"@context":"https:\/\/schema.org","@graph":[{"@type":"WebPage","@id":"https:\/\/www.elementvape.de\/pl\/produkt\/erleben-sie-den-tropischen-genuss-von-pfirsich-mango-und-wassermelone-mit-der-bang-36-000-puffs-einweg-e-zigarette-und-mesh-coil\/","url":"https:\/\/www.elementvape.de\/pl\/produkt\/erleben-sie-den-tropischen-genuss-von-pfirsich-mango-und-wassermelone-mit-der-bang-36-000-puffs-einweg-e-zigarette-und-mesh-coil\/","name":"Erleben Sie den tropischen Genuss von Pfirsich Mango und Wassermelone mit der Bang 36.000 Puffs Einweg-E-Zigarette und Mesh Coil | ElementVape.de","isPartOf":{"@id":"https:\/\/www.elementvape.de\/#website"},"primaryImageOfPage":{"@id":"https:\/\/www.elementvape.de\/pl\/produkt\/erleben-sie-den-tropischen-genuss-von-pfirsich-mango-und-wassermelone-mit-der-bang-36-000-puffs-einweg-e-zigarette-und-mesh-coil\/#primaryimage"},"image":{"@id":"https:\/\/www.elementvape.de\/pl\/produkt\/erleben-sie-den-tropischen-genuss-von-pfirsich-mango-und-wassermelone-mit-der-bang-36-000-puffs-einweg-e-zigarette-und-mesh-coil\/#primaryimage"},"thumbnailUrl":"https:\/\/www.elementvape.de\/wp-content\/uploads\/2024\/09\/PEACH-MANGO-WATERNTEION-scaled.jpg","datePublished":"2024-09-17T05:50:28+00:00","dateModified":"2024-10-09T08:15:45+00:00","description":"Wir bieten Erleben Sie den tropischen Genuss von Pfirsich Mango und Wassermelone mit der Bang 36.000 Puffs Einweg-E-Zigarette und Mesh Coil , Elementvape.de akzeptieren Gro\u00df-und Einzelhandel Bestellungen.","breadcrumb":{"@id":"https:\/\/www.elementvape.de\/pl\/produkt\/erleben-sie-den-tropischen-genuss-von-pfirsich-mango-und-wassermelone-mit-der-bang-36-000-puffs-einweg-e-zigarette-und-mesh-coil\/#breadcrumb"},"inLanguage":"fr-FR","potentialAction":[{"@type":"ReadAction","target":["https:\/\/www.elementvape.de\/pl\/produkt\/erleben-sie-den-tropischen-genuss-von-pfirsich-mango-und-wassermelone-mit-der-bang-36-000-puffs-einweg-e-zigarette-und-mesh-coil\/"]}]},{"@type":"ImageObject","inLanguage":"fr-FR","@id":"https:\/\/www.elementvape.de\/pl\/produkt\/erleben-sie-den-tropischen-genuss-von-pfirsich-mango-und-wassermelone-mit-der-bang-36-000-puffs-einweg-e-zigarette-und-mesh-coil\/#primaryimage","url":"https:\/\/www.elementvape.de\/wp-content\/uploads\/2024\/09\/PEACH-MANGO-WATERNTEION-scaled.jpg","contentUrl":"https:\/\/www.elementvape.de\/wp-content\/uploads\/2024\/09\/PEACH-MANGO-WATERNTEION-scaled.jpg","width":2560,"height":2249,"caption":"PEACH MANGO WATERNTEION"},{"@type":"BreadcrumbList","@id":"https:\/\/www.elementvape.de\/pl\/produkt\/erleben-sie-den-tropischen-genuss-von-pfirsich-mango-und-wassermelone-mit-der-bang-36-000-puffs-einweg-e-zigarette-und-mesh-coil\/#breadcrumb","itemListElement":[{"@type":"ListItem","position":1,"name":"Home","item":"https:\/\/www.elementvape.de\/"},{"@type":"ListItem","position":2,"name":"Shop","item":"https:\/\/www.elementvape.de\/shop\/"},{"@type":"ListItem","position":3,"name":"Erleben Sie den tropischen Genuss von Pfirsich Mango und Wassermelone mit der Bang 36.000 Puffs Einweg-E-Zigarette und Mesh Coil"}]},{"@type":"WebSite","@id":"https:\/\/www.elementvape.de\/#website","url":"https:\/\/www.elementvape.de\/","name":"ElementVape.de","description":"","publisher":{"@id":"https:\/\/www.elementvape.de\/#organization"},"potentialAction":[{"@type":"SearchAction","target":{"@type":"EntryPoint","urlTemplate":"https:\/\/www.elementvape.de\/?s={search_term_string}"},"query-input":"required name=search_term_string"}],"inLanguage":"fr-FR"},{"@type":"Organization","@id":"https:\/\/www.elementvape.de\/#organization","name":"ElementVape.DE","url":"https:\/\/www.elementvape.de\/","logo":{"@type":"ImageObject","inLanguage":"fr-FR","@id":"https:\/\/www.elementvape.de\/#\/schema\/logo\/image\/","url":"https:\/\/www.elementvape.de\/wp-content\/uploads\/2024\/09\/cropped-1elementvape-3.png","contentUrl":"https:\/\/www.elementvape.de\/wp-content\/uploads\/2024\/09\/cropped-1elementvape-3.png","width":285,"height":228,"caption":"ElementVape.DE"},"image":{"@id":"https:\/\/www.elementvape.de\/#\/schema\/logo\/image\/"}}]}},"_links":{"self":[{"href":"https:\/\/www.elementvape.de\/fr\/wp-json\/wp\/v2\/product\/14349"}],"collection":[{"href":"https:\/\/www.elementvape.de\/fr\/wp-json\/wp\/v2\/product"}],"about":[{"href":"https:\/\/www.elementvape.de\/fr\/wp-json\/wp\/v2\/types\/product"}],"wp:featuredmedia":[{"embeddable":true,"href":"https:\/\/www.elementvape.de\/fr\/wp-json\/wp\/v2\/media\/14350"}],"wp:attachment":[{"href":"https:\/\/www.elementvape.de\/fr\/wp-json\/wp\/v2\/media?parent=14349"}],"wp:term":[{"taxonomy":"product_cat","embeddable":true,"href":"https:\/\/www.elementvape.de\/fr\/wp-json\/wp\/v2\/product_cat?post=14349"},{"taxonomy":"product_tag","embeddable":true,"href":"https:\/\/www.elementvape.de\/fr\/wp-json\/wp\/v2\/product_tag?post=14349"}],"curies":[{"name":"wp","href":"https:\/\/api.w.org\/{rel}","templated":true}]}}