{"id":14087,"date":"2024-08-31T07:43:59","date_gmt":"2024-08-31T07:43:59","guid":{"rendered":"https:\/\/www.elementvape.de\/?post_type=product&#038;p=14087"},"modified":"2024-10-15T03:14:27","modified_gmt":"2024-10-15T03:14:27","slug":"zollfreie-frische-waspe-8000-puffs-strawberry-mango-e-zigarette-jetzt-zum-besten-grosshandelspreis-fuer-ultimativen-erdbeer-mango-genuss","status":"publish","type":"product","link":"https:\/\/www.elementvape.de\/fr\/produkt\/zollfreie-frische-waspe-8000-puffs-strawberry-mango-e-zigarette-jetzt-zum-besten-grosshandelspreis-fuer-ultimativen-erdbeer-mango-genuss\/","title":{"rendered":"Fra\u00eecheur hors taxes WASPE 8000 PUFFS Cigarette \u00e9lectronique Fraise Mangue maintenant au meilleur prix de gros pour un plaisir ultime de Fraise Mangue"},"content":{"rendered":"<div class=\"flex-shrink-0 flex flex-col relative items-end\">\n<div>\n<div class=\"pt-0\">\n<div class=\"gizmo-bot-avatar flex h-8 w-8 items-center justify-center overflow-hidden rounded-full\">\n<h2 class=\"relative p-1 rounded-sm flex items-center justify-center bg-token-main-surface-primary text-token-text-primary h-8 w-8\">Fra\u00eecheur hors taxes avec la cigarette \u00e9lectronique WASPE 8000 PUFFS Fraise Mangue \u2013 Maintenant au meilleur prix de gros pour un plaisir ultime de fraise et de mangue<\/h2>\n<div><\/div>\n<\/div>\n<\/div>\n<\/div>\n<\/div>\n<div class=\"group\/conversation-turn relative flex w-full min-w-0 flex-col agent-turn\">\n<div class=\"flex-col gap-1 md:gap-3\">\n<div class=\"flex max-w-full flex-col flex-grow\">\n<div class=\"min-h-[20px] text-message flex w-full flex-col items-end gap-2 break-words [.text-message+&amp;]:mt-5 overflow-x-auto whitespace-normal\" dir=\"auto\" data-message-author-role=\"assistant\" data-message-id=\"eec96cae-7338-4ed3-88b3-3cc42fe3f307\">\n<div class=\"flex w-full flex-col gap-1 empty:hidden first:pt-[3px]\">\n<div class=\"markdown prose w-full break-words dark:prose-invert light\">\n<p>La cigarette \u00e9lectronique WASPE 8000 PUFFS Fraise Mangue combine l'ar\u00f4me juteux des fraises fra\u00eeches avec la douceur exotique des mangues m\u00fbres pour une exp\u00e9rience gustative irr\u00e9sistible. Cette combinaison de fra\u00eecheur et de fruit\u00e9 fait de cette cigarette \u00e9lectronique un choix parfait pour tous ceux qui aiment les ar\u00f4mes exceptionnels. Les grossistes peuvent b\u00e9n\u00e9ficier d'avantages hors taxes et de prix de gros attractifs, tout en offrant \u00e0 leurs clients un produit de haute qualit\u00e9 et au go\u00fbt unique.<\/p>\n<h3>Fraise Mangue \u2013 Une fusion fruit\u00e9e de premi\u00e8re classe<\/h3>\n<p>L'attraction principale de la cigarette \u00e9lectronique WASPE 8000 PUFFS Fraise Mangue est le m\u00e9lange parfaitement \u00e9quilibr\u00e9 de fraises sucr\u00e9es et de mangue tropicale. Cette combinaison gustative assure une exp\u00e9rience de vapotage intense et rafra\u00eechissante \u00e0 la fois, \u00e0 la fois fruit\u00e9e et exotique. Chaque bouff\u00e9e offre la douceur naturelle de la fraise, qui se fond harmonieusement avec la note juteuse et l\u00e9g\u00e8rement acidul\u00e9e de la mangue.<\/p>\n<p>L'ar\u00f4me de Fraise Mangue pla\u00eet particuli\u00e8rement aux vapoteurs qui ont une pr\u00e9f\u00e9rence pour les saveurs fruit\u00e9es, mais qui appr\u00e9cient \u00e9galement une note exotique. Ce m\u00e9lange unique fait du vapotage un v\u00e9ritable plaisir et offre une alternative vari\u00e9e aux ar\u00f4mes de cigarettes \u00e9lectroniques traditionnels.<\/p>\n<h3>8000 bouff\u00e9es pour un plaisir durable<\/h3>\n<p>La WASPE 8000 PUFFS Fraise Mangue <strong><a href=\"https:\/\/www.elementvape.de\/fr\/\" target=\"_blank\" rel=\"noopener\">E-cigarette<\/a><\/strong> offre avec ses 8000 bouff\u00e9es une dur\u00e9e d'utilisation exceptionnellement longue, qui assure une exp\u00e9rience de vapotage continue et intense. Avec un g\u00e9n\u00e9reux r\u00e9servoir d'e-liquide de 16 ml, il est garanti que le d\u00e9licieux go\u00fbt de fraise et de mangue reste constant sur une longue p\u00e9riode. Cela signifie que la cigarette \u00e9lectronique est id\u00e9ale pour une utilisation r\u00e9guli\u00e8re, sans qu'un remplissage fr\u00e9quent soit n\u00e9cessaire.<\/p>\n<p>Pour les grossistes, cette capacit\u00e9 de bouff\u00e9e \u00e9lev\u00e9e est particuli\u00e8rement avantageuse, car ils peuvent offrir \u00e0 leurs clients un produit durable et fiable. La cigarette \u00e9lectronique WASPE Fraise Mangue convainc par son endurance et la qualit\u00e9 constante de l'exp\u00e9rience de vapotage.<\/p>\n<h3>Technologie de pointe pour une exp\u00e9rience de vapotage parfaite<\/h3>\n<p>La cigarette \u00e9lectronique WASPE 8000 PUFFS Fraise Mangue est \u00e9quip\u00e9e de la technologie innovante de r\u00e9sistance Mesh Coil de 0,8\u03a9, qui assure un chauffage uniforme de l'e-liquide. Cette technologie garantit un d\u00e9ploiement optimal du go\u00fbt, o\u00f9 l'ar\u00f4me fruit\u00e9 de fraise et de mangue est pleinement mis en valeur \u00e0 chaque bouff\u00e9e. La Mesh Coil assure \u00e9galement une production de vapeur dense, qui intensifie l'exp\u00e9rience de vapotage.<\/p>\n<p>Un port de charge Type-C permet une recharge rapide et efficace de la batterie de 650mAh, de sorte que la cigarette \u00e9lectronique est toujours pr\u00eate \u00e0 l'emploi. Cette manipulation conviviale, associ\u00e9e \u00e0 la technologie avanc\u00e9e, fait de la WASPE 8000 PUFFS Fraise Mangue un choix id\u00e9al aussi bien pour les vapoteurs exp\u00e9riment\u00e9s <strong><a href=\"https:\/\/www.elementvape.de\/fr\/\">Vapoteurs<\/a><\/strong> que pour les d\u00e9butants.<\/p>\n<h3>Prix de gros attractifs et livraison hors taxes<\/h3>\n<p>Pour les grossistes, la cigarette \u00e9lectronique WASPE 8000 PUFFS Fraise Mangue offre non seulement un produit exceptionnel, mais aussi des avantages \u00e9conomiques. Gr\u00e2ce \u00e0 la livraison hors taxes, les commer\u00e7ants peuvent r\u00e9duire leurs co\u00fbts d'achat et offrir \u00e0 leurs clients un produit de premi\u00e8re classe \u00e0 des prix comp\u00e9titifs. Ces \u00e9conomies permettent de maximiser les marges b\u00e9n\u00e9ficiaires tout en commercialisant un produit de la plus haute qualit\u00e9.<\/p>\n<p>Les prix de gros attractifs permettent aux commer\u00e7ants de r\u00e9approvisionner facilement leurs stocks et de proposer un produit qui convainc tant en termes de go\u00fbt que de rentabilit\u00e9. Cette combinaison de qualit\u00e9 et d'avantages de prix fait de la cigarette \u00e9lectronique WASPE 8000 PUFFS Fraise Mangue un excellent investissement.<\/p>\n<h3>Fra\u00eecheur fruit\u00e9e avec une touche exotique<\/h3>\n<p>La WASPE 8000 PUFFS Fraise Mangue <strong><a href=\"https:\/\/www.elementvape.de\/fr\/c\/einweg-zigarette\/\" target=\"_blank\" rel=\"noopener\">Cigarette \u00e9lectronique jetable<\/a><\/strong> offre une exp\u00e9rience de vapotage unique, qui se distingue par la combinaison harmonieuse de fraises sucr\u00e9es et de mangue exotique. Avec sa capacit\u00e9 de bouff\u00e9e \u00e9lev\u00e9e, la technologie avanc\u00e9e Mesh Coil et la manipulation conviviale, elle offre tout ce que les vapoteurs attendent d'une cigarette \u00e9lectronique de premi\u00e8re classe.<\/p>\n<p>Pour les grossistes, ce produit repr\u00e9sente non seulement un enrichissement gustatif, mais offre \u00e9galement des avantages \u00e9conomiques consid\u00e9rables gr\u00e2ce \u00e0 la livraison hors taxes et aux prix de gros attractifs. Assurez-vous d\u00e8s maintenant la cigarette \u00e9lectronique WASPE 8000 PUFFS Fraise Mangue et d\u00e9couvrez la fusion parfaite de fraises et de mangue \u2013 un go\u00fbt qui ravira vos clients.<\/p>\n<\/div>\n<\/div>\n<\/div>\n<\/div>\n<\/div>\n<\/div>","protected":false},"excerpt":{"rendered":"<p>Zollfreie Frische mit der WASPE 8000 PUFFS Strawberry Mango E-Zigarette \u2013 Jetzt zum besten Gro\u00dfhandelspreis f\u00fcr ultimativen Erdbeer-Mango-Genuss Die WASPE 8000 PUFFS Strawberry Mango E-Zigarette vereint das saftige Aroma frischer Erdbeeren mit der exotischen S\u00fc\u00dfe von reifen Mangos zu einem unwiderstehlichen Geschmackserlebnis. Diese Kombination aus Frische und Fruchtigkeit macht die E-Zigarette zu einer perfekten Wahl [&hellip;]<\/p>","protected":false},"featured_media":14088,"template":"","meta":{"inline_featured_image":false},"product_cat":[15,78,735,746,741,733,750,737,736,749,752,756,744,755,738,751,727],"product_tag":[710,683],"tiered_pricing_type":"fixed","tiered_pricing_fixed_rules":[],"tiered_pricing_percentage_rules":[],"tiered_pricing_minimum":1,"_administrator_tiered_pricing_type":"fixed","_administrator_tiered_pricing_fixed_rules":[],"_editor_tiered_pricing_type":"fixed","_editor_tiered_pricing_fixed_rules":[],"_author_tiered_pricing_type":"fixed","_author_tiered_pricing_fixed_rules":[],"_contributor_tiered_pricing_type":"fixed","_contributor_tiered_pricing_fixed_rules":[],"_subscriber_tiered_pricing_type":"fixed","_subscriber_tiered_pricing_fixed_rules":[],"_customer_tiered_pricing_type":"fixed","_customer_tiered_pricing_fixed_rules":[],"_shop_manager_tiered_pricing_type":"fixed","_shop_manager_tiered_pricing_fixed_rules":[],"_wpseo_manager_tiered_pricing_type":"fixed","_wpseo_manager_tiered_pricing_fixed_rules":[],"_wpseo_editor_tiered_pricing_type":"fixed","_wpseo_editor_tiered_pricing_fixed_rules":[],"_wholesale_customer_tiered_pricing_type":"fixed","_wholesale_customer_tiered_pricing_fixed_rules":[],"_marketer_tiered_pricing_type":"fixed","_marketer_tiered_pricing_fixed_rules":[],"_sales_manager_tiered_pricing_type":"fixed","_sales_manager_tiered_pricing_fixed_rules":[],"_sales_rep_tiered_pricing_type":"fixed","_sales_rep_tiered_pricing_fixed_rules":[],"yoast_head":"<!-- This site is optimized with the Yoast SEO plugin v23.3 - https:\/\/yoast.com\/wordpress\/plugins\/seo\/ -->\n<title>Zollfreie Frische WASPE 8000 PUFFS Strawberry Mango E-Zigarette jetzt zum besten Gro\u00dfhandelspreis f\u00fcr ultimativen Erdbeer Mango Genuss | ElementVape.de<\/title>\n<meta name=\"description\" content=\"Wir bieten Zollfreie Frische WASPE 8000 PUFFS Strawberry Mango E-Zigarette jetzt zum besten Gro\u00dfhandelspreis f\u00fcr ultimativen Erdbeer Mango Genuss , Elementvape.de akzeptieren Gro\u00df-und Einzelhandel Bestellungen.\" \/>\n<meta name=\"robots\" content=\"index, follow, max-snippet:-1, max-image-preview:large, max-video-preview:-1\" \/>\n<link rel=\"canonical\" href=\"https:\/\/www.elementvape.de\/fr\/produkt\/zollfreie-frische-waspe-8000-puffs-strawberry-mango-e-zigarette-jetzt-zum-besten-grosshandelspreis-fuer-ultimativen-erdbeer-mango-genuss\/\" \/>\n<meta property=\"og:locale\" content=\"fr_FR\" \/>\n<meta property=\"og:type\" content=\"article\" \/>\n<meta property=\"og:title\" content=\"Zollfreie Frische WASPE 8000 PUFFS Strawberry Mango E-Zigarette jetzt zum besten Gro\u00dfhandelspreis f\u00fcr ultimativen Erdbeer Mango Genuss | ElementVape.de\" \/>\n<meta property=\"og:description\" content=\"Wir bieten Zollfreie Frische WASPE 8000 PUFFS Strawberry Mango E-Zigarette jetzt zum besten Gro\u00dfhandelspreis f\u00fcr ultimativen Erdbeer Mango Genuss , Elementvape.de akzeptieren Gro\u00df-und Einzelhandel Bestellungen.\" \/>\n<meta property=\"og:url\" content=\"https:\/\/www.elementvape.de\/fr\/produkt\/zollfreie-frische-waspe-8000-puffs-strawberry-mango-e-zigarette-jetzt-zum-besten-grosshandelspreis-fuer-ultimativen-erdbeer-mango-genuss\/\" \/>\n<meta property=\"og:site_name\" content=\"ElementVape.de\" \/>\n<meta property=\"article:modified_time\" content=\"2024-10-15T03:14:27+00:00\" \/>\n<meta property=\"og:image\" content=\"https:\/\/www.elementvape.de\/wp-content\/uploads\/2024\/08\/STRAWBERRY-MANGO-2.jpg\" \/>\n\t<meta property=\"og:image:width\" content=\"800\" \/>\n\t<meta property=\"og:image:height\" content=\"800\" \/>\n\t<meta property=\"og:image:type\" content=\"image\/jpeg\" \/>\n<meta name=\"twitter:card\" content=\"summary_large_image\" \/>\n<meta name=\"twitter:label1\" content=\"Est. reading time\" \/>\n\t<meta name=\"twitter:data1\" content=\"4 minutes\" \/>\n<script type=\"application\/ld+json\" class=\"yoast-schema-graph\">{\"@context\":\"https:\/\/schema.org\",\"@graph\":[{\"@type\":\"WebPage\",\"@id\":\"https:\/\/www.elementvape.de\/produkt\/zollfreie-frische-waspe-8000-puffs-strawberry-mango-e-zigarette-jetzt-zum-besten-grosshandelspreis-fuer-ultimativen-erdbeer-mango-genuss\/\",\"url\":\"https:\/\/www.elementvape.de\/produkt\/zollfreie-frische-waspe-8000-puffs-strawberry-mango-e-zigarette-jetzt-zum-besten-grosshandelspreis-fuer-ultimativen-erdbeer-mango-genuss\/\",\"name\":\"Zollfreie Frische WASPE 8000 PUFFS Strawberry Mango E-Zigarette jetzt zum besten Gro\u00dfhandelspreis f\u00fcr ultimativen Erdbeer Mango Genuss | ElementVape.de\",\"isPartOf\":{\"@id\":\"https:\/\/www.elementvape.de\/#website\"},\"primaryImageOfPage\":{\"@id\":\"https:\/\/www.elementvape.de\/produkt\/zollfreie-frische-waspe-8000-puffs-strawberry-mango-e-zigarette-jetzt-zum-besten-grosshandelspreis-fuer-ultimativen-erdbeer-mango-genuss\/#primaryimage\"},\"image\":{\"@id\":\"https:\/\/www.elementvape.de\/produkt\/zollfreie-frische-waspe-8000-puffs-strawberry-mango-e-zigarette-jetzt-zum-besten-grosshandelspreis-fuer-ultimativen-erdbeer-mango-genuss\/#primaryimage\"},\"thumbnailUrl\":\"https:\/\/www.elementvape.de\/wp-content\/uploads\/2024\/08\/STRAWBERRY-MANGO-2.jpg\",\"datePublished\":\"2024-08-31T07:43:59+00:00\",\"dateModified\":\"2024-10-15T03:14:27+00:00\",\"description\":\"Wir bieten Zollfreie Frische WASPE 8000 PUFFS Strawberry Mango E-Zigarette jetzt zum besten Gro\u00dfhandelspreis f\u00fcr ultimativen Erdbeer Mango Genuss , Elementvape.de akzeptieren Gro\u00df-und Einzelhandel Bestellungen.\",\"breadcrumb\":{\"@id\":\"https:\/\/www.elementvape.de\/produkt\/zollfreie-frische-waspe-8000-puffs-strawberry-mango-e-zigarette-jetzt-zum-besten-grosshandelspreis-fuer-ultimativen-erdbeer-mango-genuss\/#breadcrumb\"},\"inLanguage\":\"fr-FR\",\"potentialAction\":[{\"@type\":\"ReadAction\",\"target\":[\"https:\/\/www.elementvape.de\/produkt\/zollfreie-frische-waspe-8000-puffs-strawberry-mango-e-zigarette-jetzt-zum-besten-grosshandelspreis-fuer-ultimativen-erdbeer-mango-genuss\/\"]}]},{\"@type\":\"ImageObject\",\"inLanguage\":\"fr-FR\",\"@id\":\"https:\/\/www.elementvape.de\/produkt\/zollfreie-frische-waspe-8000-puffs-strawberry-mango-e-zigarette-jetzt-zum-besten-grosshandelspreis-fuer-ultimativen-erdbeer-mango-genuss\/#primaryimage\",\"url\":\"https:\/\/www.elementvape.de\/wp-content\/uploads\/2024\/08\/STRAWBERRY-MANGO-2.jpg\",\"contentUrl\":\"https:\/\/www.elementvape.de\/wp-content\/uploads\/2024\/08\/STRAWBERRY-MANGO-2.jpg\",\"width\":800,\"height\":800,\"caption\":\"STRAWBERRY MANGO\"},{\"@type\":\"BreadcrumbList\",\"@id\":\"https:\/\/www.elementvape.de\/produkt\/zollfreie-frische-waspe-8000-puffs-strawberry-mango-e-zigarette-jetzt-zum-besten-grosshandelspreis-fuer-ultimativen-erdbeer-mango-genuss\/#breadcrumb\",\"itemListElement\":[{\"@type\":\"ListItem\",\"position\":1,\"name\":\"Home\",\"item\":\"https:\/\/www.elementvape.de\/\"},{\"@type\":\"ListItem\",\"position\":2,\"name\":\"Shop\",\"item\":\"https:\/\/www.elementvape.de\/shop\/\"},{\"@type\":\"ListItem\",\"position\":3,\"name\":\"Zollfreie Frische WASPE 8000 PUFFS Strawberry Mango E-Zigarette jetzt zum besten Gro\u00dfhandelspreis f\u00fcr ultimativen Erdbeer Mango Genuss\"}]},{\"@type\":\"WebSite\",\"@id\":\"https:\/\/www.elementvape.de\/#website\",\"url\":\"https:\/\/www.elementvape.de\/\",\"name\":\"ElementVape.de\",\"description\":\"\",\"publisher\":{\"@id\":\"https:\/\/www.elementvape.de\/#organization\"},\"potentialAction\":[{\"@type\":\"SearchAction\",\"target\":{\"@type\":\"EntryPoint\",\"urlTemplate\":\"https:\/\/www.elementvape.de\/?s={search_term_string}\"},\"query-input\":\"required name=search_term_string\"}],\"inLanguage\":\"fr-FR\"},{\"@type\":\"Organization\",\"@id\":\"https:\/\/www.elementvape.de\/#organization\",\"name\":\"ElementVape.DE\",\"url\":\"https:\/\/www.elementvape.de\/\",\"logo\":{\"@type\":\"ImageObject\",\"inLanguage\":\"fr-FR\",\"@id\":\"https:\/\/www.elementvape.de\/#\/schema\/logo\/image\/\",\"url\":\"https:\/\/www.elementvape.de\/wp-content\/uploads\/2024\/09\/cropped-1elementvape-3.png\",\"contentUrl\":\"https:\/\/www.elementvape.de\/wp-content\/uploads\/2024\/09\/cropped-1elementvape-3.png\",\"width\":285,\"height\":228,\"caption\":\"ElementVape.DE\"},\"image\":{\"@id\":\"https:\/\/www.elementvape.de\/#\/schema\/logo\/image\/\"}}]}<\/script>\n<!-- \/ Yoast SEO plugin. -->","yoast_head_json":{"title":"Zollfreie Frische WASPE 8000 PUFFS Strawberry Mango E-Zigarette jetzt zum besten Gro\u00dfhandelspreis f\u00fcr ultimativen Erdbeer Mango Genuss | ElementVape.de","description":"Wir bieten Zollfreie Frische WASPE 8000 PUFFS Strawberry Mango E-Zigarette jetzt zum besten Gro\u00dfhandelspreis f\u00fcr ultimativen Erdbeer Mango Genuss , Elementvape.de akzeptieren Gro\u00df-und Einzelhandel Bestellungen.","robots":{"index":"index","follow":"follow","max-snippet":"max-snippet:-1","max-image-preview":"max-image-preview:large","max-video-preview":"max-video-preview:-1"},"canonical":"https:\/\/www.elementvape.de\/fr\/produkt\/zollfreie-frische-waspe-8000-puffs-strawberry-mango-e-zigarette-jetzt-zum-besten-grosshandelspreis-fuer-ultimativen-erdbeer-mango-genuss\/","og_locale":"fr_FR","og_type":"article","og_title":"Zollfreie Frische WASPE 8000 PUFFS Strawberry Mango E-Zigarette jetzt zum besten Gro\u00dfhandelspreis f\u00fcr ultimativen Erdbeer Mango Genuss | ElementVape.de","og_description":"Wir bieten Zollfreie Frische WASPE 8000 PUFFS Strawberry Mango E-Zigarette jetzt zum besten Gro\u00dfhandelspreis f\u00fcr ultimativen Erdbeer Mango Genuss , Elementvape.de akzeptieren Gro\u00df-und Einzelhandel Bestellungen.","og_url":"https:\/\/www.elementvape.de\/fr\/produkt\/zollfreie-frische-waspe-8000-puffs-strawberry-mango-e-zigarette-jetzt-zum-besten-grosshandelspreis-fuer-ultimativen-erdbeer-mango-genuss\/","og_site_name":"ElementVape.de","article_modified_time":"2024-10-15T03:14:27+00:00","og_image":[{"width":800,"height":800,"url":"https:\/\/www.elementvape.de\/wp-content\/uploads\/2024\/08\/STRAWBERRY-MANGO-2.jpg","type":"image\/jpeg"}],"twitter_card":"summary_large_image","twitter_misc":{"Est. reading time":"4 minutes"},"schema":{"@context":"https:\/\/schema.org","@graph":[{"@type":"WebPage","@id":"https:\/\/www.elementvape.de\/produkt\/zollfreie-frische-waspe-8000-puffs-strawberry-mango-e-zigarette-jetzt-zum-besten-grosshandelspreis-fuer-ultimativen-erdbeer-mango-genuss\/","url":"https:\/\/www.elementvape.de\/produkt\/zollfreie-frische-waspe-8000-puffs-strawberry-mango-e-zigarette-jetzt-zum-besten-grosshandelspreis-fuer-ultimativen-erdbeer-mango-genuss\/","name":"Zollfreie Frische WASPE 8000 PUFFS Strawberry Mango E-Zigarette jetzt zum besten Gro\u00dfhandelspreis f\u00fcr ultimativen Erdbeer Mango Genuss | ElementVape.de","isPartOf":{"@id":"https:\/\/www.elementvape.de\/#website"},"primaryImageOfPage":{"@id":"https:\/\/www.elementvape.de\/produkt\/zollfreie-frische-waspe-8000-puffs-strawberry-mango-e-zigarette-jetzt-zum-besten-grosshandelspreis-fuer-ultimativen-erdbeer-mango-genuss\/#primaryimage"},"image":{"@id":"https:\/\/www.elementvape.de\/produkt\/zollfreie-frische-waspe-8000-puffs-strawberry-mango-e-zigarette-jetzt-zum-besten-grosshandelspreis-fuer-ultimativen-erdbeer-mango-genuss\/#primaryimage"},"thumbnailUrl":"https:\/\/www.elementvape.de\/wp-content\/uploads\/2024\/08\/STRAWBERRY-MANGO-2.jpg","datePublished":"2024-08-31T07:43:59+00:00","dateModified":"2024-10-15T03:14:27+00:00","description":"Wir bieten Zollfreie Frische WASPE 8000 PUFFS Strawberry Mango E-Zigarette jetzt zum besten Gro\u00dfhandelspreis f\u00fcr ultimativen Erdbeer Mango Genuss , Elementvape.de akzeptieren Gro\u00df-und Einzelhandel Bestellungen.","breadcrumb":{"@id":"https:\/\/www.elementvape.de\/produkt\/zollfreie-frische-waspe-8000-puffs-strawberry-mango-e-zigarette-jetzt-zum-besten-grosshandelspreis-fuer-ultimativen-erdbeer-mango-genuss\/#breadcrumb"},"inLanguage":"fr-FR","potentialAction":[{"@type":"ReadAction","target":["https:\/\/www.elementvape.de\/produkt\/zollfreie-frische-waspe-8000-puffs-strawberry-mango-e-zigarette-jetzt-zum-besten-grosshandelspreis-fuer-ultimativen-erdbeer-mango-genuss\/"]}]},{"@type":"ImageObject","inLanguage":"fr-FR","@id":"https:\/\/www.elementvape.de\/produkt\/zollfreie-frische-waspe-8000-puffs-strawberry-mango-e-zigarette-jetzt-zum-besten-grosshandelspreis-fuer-ultimativen-erdbeer-mango-genuss\/#primaryimage","url":"https:\/\/www.elementvape.de\/wp-content\/uploads\/2024\/08\/STRAWBERRY-MANGO-2.jpg","contentUrl":"https:\/\/www.elementvape.de\/wp-content\/uploads\/2024\/08\/STRAWBERRY-MANGO-2.jpg","width":800,"height":800,"caption":"STRAWBERRY MANGO"},{"@type":"BreadcrumbList","@id":"https:\/\/www.elementvape.de\/produkt\/zollfreie-frische-waspe-8000-puffs-strawberry-mango-e-zigarette-jetzt-zum-besten-grosshandelspreis-fuer-ultimativen-erdbeer-mango-genuss\/#breadcrumb","itemListElement":[{"@type":"ListItem","position":1,"name":"Home","item":"https:\/\/www.elementvape.de\/"},{"@type":"ListItem","position":2,"name":"Shop","item":"https:\/\/www.elementvape.de\/shop\/"},{"@type":"ListItem","position":3,"name":"Zollfreie Frische WASPE 8000 PUFFS Strawberry Mango E-Zigarette jetzt zum besten Gro\u00dfhandelspreis f\u00fcr ultimativen Erdbeer Mango Genuss"}]},{"@type":"WebSite","@id":"https:\/\/www.elementvape.de\/#website","url":"https:\/\/www.elementvape.de\/","name":"ElementVape.de","description":"","publisher":{"@id":"https:\/\/www.elementvape.de\/#organization"},"potentialAction":[{"@type":"SearchAction","target":{"@type":"EntryPoint","urlTemplate":"https:\/\/www.elementvape.de\/?s={search_term_string}"},"query-input":"required name=search_term_string"}],"inLanguage":"fr-FR"},{"@type":"Organization","@id":"https:\/\/www.elementvape.de\/#organization","name":"ElementVape.DE","url":"https:\/\/www.elementvape.de\/","logo":{"@type":"ImageObject","inLanguage":"fr-FR","@id":"https:\/\/www.elementvape.de\/#\/schema\/logo\/image\/","url":"https:\/\/www.elementvape.de\/wp-content\/uploads\/2024\/09\/cropped-1elementvape-3.png","contentUrl":"https:\/\/www.elementvape.de\/wp-content\/uploads\/2024\/09\/cropped-1elementvape-3.png","width":285,"height":228,"caption":"ElementVape.DE"},"image":{"@id":"https:\/\/www.elementvape.de\/#\/schema\/logo\/image\/"}}]}},"_links":{"self":[{"href":"https:\/\/www.elementvape.de\/fr\/wp-json\/wp\/v2\/product\/14087"}],"collection":[{"href":"https:\/\/www.elementvape.de\/fr\/wp-json\/wp\/v2\/product"}],"about":[{"href":"https:\/\/www.elementvape.de\/fr\/wp-json\/wp\/v2\/types\/product"}],"wp:featuredmedia":[{"embeddable":true,"href":"https:\/\/www.elementvape.de\/fr\/wp-json\/wp\/v2\/media\/14088"}],"wp:attachment":[{"href":"https:\/\/www.elementvape.de\/fr\/wp-json\/wp\/v2\/media?parent=14087"}],"wp:term":[{"taxonomy":"product_cat","embeddable":true,"href":"https:\/\/www.elementvape.de\/fr\/wp-json\/wp\/v2\/product_cat?post=14087"},{"taxonomy":"product_tag","embeddable":true,"href":"https:\/\/www.elementvape.de\/fr\/wp-json\/wp\/v2\/product_tag?post=14087"}],"curies":[{"name":"wp","href":"https:\/\/api.w.org\/{rel}","templated":true}]}}