{"id":14001,"date":"2024-08-26T03:41:39","date_gmt":"2024-08-26T03:41:39","guid":{"rendered":"https:\/\/www.elementvape.de\/?post_type=product&#038;p=14001"},"modified":"2024-11-09T03:34:16","modified_gmt":"2024-11-09T03:34:16","slug":"erleben-sie-das-beste-zollfreie-peach-ice-waspe-20000-puffs-dual-mesh-fuer-feinen-geschmack","status":"publish","type":"product","link":"https:\/\/www.elementvape.de\/fr\/produkt\/erleben-sie-das-beste-zollfreie-peach-ice-waspe-20000-puffs-dual-mesh-fuer-feinen-geschmack\/","title":{"rendered":"D\u00e9couvrez le meilleur PEACH ICE WASPE 20000 PUFFS Dual Mesh sans douane pour un go\u00fbt fin"},"content":{"rendered":"<p>Dans le monde des cigarettes \u00e9lectroniques, la technologie a connu une \u00e9volution rapide ces derni\u00e8res ann\u00e9es, et notre derni\u00e8re <a href=\"https:\/\/www.elementvape.de\/fr\/\">E-cigarette<\/a> repr\u00e9sente une \u00e9tape suppl\u00e9mentaire importante vers une exp\u00e9rience de vapotage encore meilleure. Avec une combinaison de technologie innovante, de design de haute qualit\u00e9 et de fonctionnalit\u00e9s r\u00e9fl\u00e9chies, cet appareil offre tout ce que les vapoteurs peuvent souhaiter. Il allie confort, performance et convivialit\u00e9 dans un format compact, id\u00e9al pour une utilisation quotidienne. Gr\u00e2ce \u00e0 ses fonctionnalit\u00e9s avanc\u00e9es, il s\u00e9duira non seulement les d\u00e9butants, mais aussi les vapoteurs exp\u00e9riment\u00e9s.<\/p>\n<h2><strong>Technologie avanc\u00e9e pour une exp\u00e9rience de vapotage de premier ordre<\/strong><\/h2>\n<p>Notre cigarette \u00e9lectronique dispose d'une s\u00e9rie de technologies de pointe qui la distinguent de nombreux autres produits sur le march\u00e9. Une caract\u00e9ristique centrale est le <strong>Connecteur USB-C<\/strong>, qui permet une exp\u00e9rience de charge rapide et pratique. Les ports de charge USB-C sont d\u00e9sormais la norme pour de nombreux appareils \u00e9lectroniques, et dans le monde des cigarettes \u00e9lectroniques, ils offrent \u00e9galement de nombreux avantages. Ils garantissent une connexion stable et rapide, ce qui r\u00e9duit consid\u00e9rablement les temps de charge. Surtout avec une batterie aussi puissante, cela est tr\u00e8s important, car cela permet aux vapoteurs de remettre rapidement l\u2019appareil en service sans devoir attendre longtemps.<\/p>\n<p>Le <strong>Batterie de 900 mAh<\/strong> assure une endurance impressionnante et une performance constante tout au long de l\u2019utilisation. Par rapport \u00e0 d\u2019autres appareils sur le march\u00e9, souvent \u00e9quip\u00e9s de batteries plus faibles, cette batterie offre une capacit\u00e9 suffisante pour fournir jusqu\u2019\u00e0 <a href=\"https:\/\/www.elementvape.de\/fr\/p-tag\/groesser-oder-gleich-20000-zuege\/\"><strong>20000 bouff\u00e9es<\/strong><\/a> avant de devoir \u00eatre recharg\u00e9e \u00e0 nouveau. Cela rend la cigarette \u00e9lectronique particuli\u00e8rement adapt\u00e9e aux personnes recherchant un appareil fiable et durable. Avec une autonomie solide, les utilisateurs peuvent \u00eatre s\u00fbrs de pouvoir utiliser l\u2019appareil pendant une longue p\u00e9riode sans devoir le recharger fr\u00e9quemment.<\/p>\n<h3><strong>Technologie de double coil en mesh pour une saveur intense<\/strong><\/h3>\n<p>Une des caract\u00e9ristiques remarquables de cette cigarette \u00e9lectronique est le <strong>syst\u00e8me de double coil en mesh<\/strong>, qui assure une vaporisation uniforme et une saveur intense. Avec une r\u00e9sistance de seulement <strong>0,8 \u03a9<\/strong> , la combinaison des deux r\u00e9sistances en mesh permet une exp\u00e9rience de vapotage particuli\u00e8rement homog\u00e8ne et intense. Les coils en mesh sont connus pour r\u00e9partir uniform\u00e9ment la chaleur sur toute leur surface, ce qui am\u00e9liore la vaporisation du liquide. Cela garantit une exp\u00e9rience gustative riche et intense \u00e0 chaque inhalation. Que vous pr\u00e9f\u00e9riez des ar\u00f4mes fruit\u00e9s ou cr\u00e9meux, le <strong>syst\u00e8me de double coil en mesh<\/strong> veillera \u00e0 ce que chaque saveur soit mise en valeur de mani\u00e8re optimale \u00e0 chaque utilisation.<\/p>\n<p>La performance du syst\u00e8me de double coil en mesh rend cette cigarette \u00e9lectronique particuli\u00e8rement attrayante pour les vapoteurs recherchant une exp\u00e9rience de vapotage de haute qualit\u00e9 et riche en saveur. Les coils en mesh offrent \u00e9galement une meilleure production de vapeur et une vaporisation plus uniforme, ce qui am\u00e9liore globalement l\u2019exp\u00e9rience utilisateur.<\/p>\n<h3><strong>Facilit\u00e9 d\u2019utilisation, r\u00e9glage de la concentration de nicotine et plus encore<\/strong><\/h3>\n<p>Outre ses performances exceptionnelles, la <strong>Facilit\u00e9 d'utilisation<\/strong> de cette cigarette \u00e9lectronique est \u00e9galement remarquable. L\u2019\u00e9cran int\u00e9gr\u00e9 <strong>\u00c9cran LCD<\/strong> permet aux utilisateurs de garder un \u0153il sur toutes les informations importantes \u00e0 tout moment. Sur cet \u00e9cran, vous pouvez lire le <strong>Teneur en nicotine<\/strong> actuel (choisi en 2 % ou 5 %), ainsi que le niveau de charge de la batterie et le nombre de bouff\u00e9es restantes. Cette fonction est particuli\u00e8rement utile pour ajuster le processus de vapotage selon vos pr\u00e9f\u00e9rences personnelles.<\/p>\n<p>La possibilit\u00e9 de r\u00e9gler le <strong>Teneur en nicotine individuelle<\/strong> r\u00e9glable, offre aux utilisateurs la flexibilit\u00e9 de personnaliser leur exp\u00e9rience de vapotage selon leurs pr\u00e9f\u00e9rences. Certains vapoteurs pr\u00e9f\u00e8rent une teneur en nicotine plus \u00e9lev\u00e9e pour un coup plus intense, tandis que d'autres optent pour une teneur plus faible afin de rendre le vapotage moins fort. Les deux options (2 % et 5 %) offrent une large gamme pour diff\u00e9rents besoins et pr\u00e9f\u00e9rences.<\/p>\n<p>En plus de la flexibilit\u00e9 concernant la teneur en nicotine, la cigarette \u00e9lectronique avec sa capacit\u00e9 g\u00e9n\u00e9reuse <strong>24 ml de liquide<\/strong> offre suffisamment d'espace pour une vari\u00e9t\u00e9 d'ar\u00f4mes. La <strong>technologie de double coil en mesh<\/strong> assure une vaporisation uniforme du liquide, garantissant ainsi une saveur et une exp\u00e9rience de vapotage de haute qualit\u00e9. Cela rend l'appareil id\u00e9al pour ceux qui souhaitent profiter r\u00e9guli\u00e8rement de leur exp\u00e9rience de vapotage avec une grande vari\u00e9t\u00e9 d'ar\u00f4mes.<\/p>\n<h3><strong>Design compact pour une utilisation mobile<\/strong><\/h3>\n<p>La cigarette \u00e9lectronique se distingue non seulement par ses qualit\u00e9s internes, mais aussi par son <strong>design compact et ergonomique<\/strong>. Avec des dimensions de seulement <strong>35 x 56 x 120 mm<\/strong> l'appareil tient confortablement dans chaque poche, ce qui le rend parfait pour une utilisation en d\u00e9placement. Que ce soit au quotidien, en voyage ou lors d'\u00e9v\u00e9nements sociaux \u2013 cet appareil est toujours \u00e0 port\u00e9e de main et facile \u00e0 transporter. Malgr\u00e9 sa petite taille, il dispose de toutes les fonctionnalit\u00e9s n\u00e9cessaires pour une exp\u00e9rience de vapotage de premier ordre.<\/p>\n<p>La l\u00e9g\u00e8re <strong>110 g<\/strong> cigarette \u00e9lectronique lourde est agr\u00e9able \u00e0 tenir en main et tient bien dans la paume. Le design a \u00e9t\u00e9 con\u00e7u dans le but d'offrir une prise en main aussi conviviale que possible, sans sacrifier des fonctionnalit\u00e9s puissantes. Le profil fin garantit que la cigarette \u00e9lectronique est non seulement fonctionnelle, mais aussi esth\u00e9tiquement attrayante, ce qui en fait un accessoire populaire pour les vapoteurs modernes.<\/p>\n<h3><strong>Emballage pratique et haute qualit\u00e9<\/strong><\/h3>\n<p>Pour le commerce de d\u00e9tail, cette cigarette \u00e9lectronique est disponible dans des <strong>bo\u00eetes d'exposition<\/strong> de <strong>10 pi\u00e8ces<\/strong> chacune. Cette unit\u00e9 d'emballage permet une pr\u00e9sentation attrayante en magasin et assure que le produit reste toujours visible. La haute qualit\u00e9 de la cigarette \u00e9lectronique se manifeste non seulement par son design et ses fonctionnalit\u00e9s, mais aussi par la mani\u00e8re dont elle est emball\u00e9e et livr\u00e9e. Elle convient parfaitement comme unit\u00e9 de vente pour le commerce de d\u00e9tail, car elle convainc non seulement par ses performances techniques, mais aussi par son aspect esth\u00e9tique.<\/p>\n<h3><strong>Donn\u00e9es techniques<\/strong><\/h3>\n<table>\n<thead>\n<tr>\n<th><strong>Caract\u00e9ristique<\/strong><\/th>\n<th><strong>D\u00e9tails<\/strong><\/th>\n<\/tr>\n<\/thead>\n<tbody>\n<tr>\n<td><strong>Connecteur USB-C<\/strong><\/td>\n<td>Oui, pour une recharge pratique<\/td>\n<\/tr>\n<tr>\n<td><strong>R\u00e9sistance de la bobine du r\u00e9seau<\/strong><\/td>\n<td>0,8 \u03a9<\/td>\n<\/tr>\n<tr>\n<td><strong>Bouff\u00e9es<\/strong><\/td>\n<td>Jusqu'\u00e0 20 000<\/td>\n<\/tr>\n<tr>\n<td><strong>Batterie<\/strong><\/td>\n<td>900 mAh<\/td>\n<\/tr>\n<tr>\n<td><strong>Affichage<\/strong><\/td>\n<td>LCD<\/td>\n<\/tr>\n<tr>\n<td><strong>Teneur en nicotine<\/strong><\/td>\n<td>2 %, 5 %<\/td>\n<\/tr>\n<tr>\n<td><strong>Capacit\u00e9 en liquide<\/strong><\/td>\n<td>24 ml<\/td>\n<\/tr>\n<tr>\n<td><strong>R\u00e9sistance<\/strong><\/td>\n<td>Double r\u00e9seau<\/td>\n<\/tr>\n<tr>\n<td><strong>Bo\u00eete d'affichage de bobines<\/strong><\/td>\n<td>10 pi\u00e8ces<\/td>\n<\/tr>\n<tr>\n<td><strong>Poids net<\/strong><\/td>\n<td>110 g<\/td>\n<\/tr>\n<tr>\n<td><strong>Taille du produit<\/strong><\/td>\n<td>35 x 56 x 120 mm<\/td>\n<\/tr>\n<\/tbody>\n<\/table>\n<h3><strong>Pourquoi cette cigarette \u00e9lectronique est un excellent choix<\/strong><\/h3>\n<p>En r\u00e9sum\u00e9, cette cigarette \u00e9lectronique est l'une des meilleures options sur le march\u00e9 lorsqu'il s'agit de <strong>Performance<\/strong>, <strong>Facilit\u00e9 d'utilisation<\/strong> et <strong>Design<\/strong> Elle offre non seulement la derni\u00e8re technologie pour une exp\u00e9rience de vapotage exceptionnelle, mais elle est \u00e9galement conviviale et flexible, permettant \u00e0 chaque vapoteur de trouver l'exp\u00e9rience parfaite pour lui-m\u00eame. Que vous soyez un vapoteur exp\u00e9riment\u00e9 ou que vous d\u00e9butiez \u2013 cet appareil vous aidera \u00e0 tirer le meilleur parti de votre exp\u00e9rience de vapotage. Avec une autonomie impressionnante, un design moderne et une utilisation facile, cette cigarette \u00e9lectronique est le choix parfait pour tous ceux qui privil\u00e9gient la qualit\u00e9 et le confort.<\/p>","protected":false},"excerpt":{"rendered":"<p>In der Welt der E-Zigaretten hat sich die Technologie in den letzten Jahren rasant weiterentwickelt, und unsere neueste E-Zigarette stellt einen weiteren bedeutenden Schritt in Richtung einer noch besseren Dampferfahrung dar. Mit einer Kombination aus innovativer Technik, hochwertigem Design und durchdachten Funktionen bietet dieses Ger\u00e4t alles, was Dampfer sich w\u00fcnschen k\u00f6nnen. Sie vereint Komfort, Leistung [&hellip;]<\/p>","protected":false},"featured_media":14002,"template":"","meta":{"inline_featured_image":false},"product_cat":[15,78,735,746,741,733,724],"product_tag":[710,725],"tiered_pricing_type":"fixed","tiered_pricing_fixed_rules":{"110":"8.20","200":"7.29","500":"6.38"},"tiered_pricing_percentage_rules":[],"tiered_pricing_minimum":1,"_administrator_tiered_pricing_type":"fixed","_administrator_tiered_pricing_fixed_rules":[],"_editor_tiered_pricing_type":"fixed","_editor_tiered_pricing_fixed_rules":[],"_author_tiered_pricing_type":"fixed","_author_tiered_pricing_fixed_rules":[],"_contributor_tiered_pricing_type":"fixed","_contributor_tiered_pricing_fixed_rules":[],"_subscriber_tiered_pricing_type":"fixed","_subscriber_tiered_pricing_fixed_rules":[],"_customer_tiered_pricing_type":"fixed","_customer_tiered_pricing_fixed_rules":[],"_shop_manager_tiered_pricing_type":"fixed","_shop_manager_tiered_pricing_fixed_rules":[],"_wpseo_manager_tiered_pricing_type":"fixed","_wpseo_manager_tiered_pricing_fixed_rules":[],"_wpseo_editor_tiered_pricing_type":"fixed","_wpseo_editor_tiered_pricing_fixed_rules":[],"_wholesale_customer_tiered_pricing_type":"fixed","_wholesale_customer_tiered_pricing_fixed_rules":[],"_marketer_tiered_pricing_type":"fixed","_marketer_tiered_pricing_fixed_rules":[],"_sales_manager_tiered_pricing_type":"fixed","_sales_manager_tiered_pricing_fixed_rules":[],"_sales_rep_tiered_pricing_type":"fixed","_sales_rep_tiered_pricing_fixed_rules":[],"yoast_head":"<!-- This site is optimized with the Yoast SEO plugin v23.3 - https:\/\/yoast.com\/wordpress\/plugins\/seo\/ -->\n<title>Erleben Sie das Beste Zollfreie PEACH ICE WASPE 20000 PUFFS Dual Mesh f\u00fcr feinen Geschmack | ElementVape.de<\/title>\n<meta name=\"description\" content=\"Wir bieten Erleben Sie das Beste Zollfreie PEACH ICE WASPE 20000 PUFFS Dual Mesh f\u00fcr feinen Geschmack , Elementvape.de akzeptieren Gro\u00df-und Einzelhandel Bestellungen.\" \/>\n<meta name=\"robots\" content=\"index, follow, max-snippet:-1, max-image-preview:large, max-video-preview:-1\" \/>\n<link rel=\"canonical\" href=\"https:\/\/www.elementvape.de\/fr\/produkt\/erleben-sie-das-beste-zollfreie-peach-ice-waspe-20000-puffs-dual-mesh-fuer-feinen-geschmack\/\" \/>\n<meta property=\"og:locale\" content=\"fr_FR\" \/>\n<meta property=\"og:type\" content=\"article\" \/>\n<meta property=\"og:title\" content=\"Erleben Sie das Beste Zollfreie PEACH ICE WASPE 20000 PUFFS Dual Mesh f\u00fcr feinen Geschmack | ElementVape.de\" \/>\n<meta property=\"og:description\" content=\"Wir bieten Erleben Sie das Beste Zollfreie PEACH ICE WASPE 20000 PUFFS Dual Mesh f\u00fcr feinen Geschmack , Elementvape.de akzeptieren Gro\u00df-und Einzelhandel Bestellungen.\" \/>\n<meta property=\"og:url\" content=\"https:\/\/www.elementvape.de\/fr\/produkt\/erleben-sie-das-beste-zollfreie-peach-ice-waspe-20000-puffs-dual-mesh-fuer-feinen-geschmack\/\" \/>\n<meta property=\"og:site_name\" content=\"ElementVape.de\" \/>\n<meta property=\"article:modified_time\" content=\"2024-11-09T03:34:16+00:00\" \/>\n<meta property=\"og:image\" content=\"https:\/\/www.elementvape.de\/wp-content\/uploads\/2024\/08\/PEACH-ICE-1024x768.jpg\" \/>\n\t<meta property=\"og:image:width\" content=\"1024\" \/>\n\t<meta property=\"og:image:height\" content=\"768\" \/>\n\t<meta property=\"og:image:type\" content=\"image\/jpeg\" \/>\n<meta name=\"twitter:card\" content=\"summary_large_image\" \/>\n<meta name=\"twitter:label1\" content=\"Est. reading time\" \/>\n\t<meta name=\"twitter:data1\" content=\"6 minutes\" \/>\n<script type=\"application\/ld+json\" class=\"yoast-schema-graph\">{\"@context\":\"https:\/\/schema.org\",\"@graph\":[{\"@type\":\"WebPage\",\"@id\":\"https:\/\/www.elementvape.de\/nl\/produkt\/erleben-sie-das-beste-zollfreie-peach-ice-waspe-20000-puffs-dual-mesh-fuer-feinen-geschmack\/\",\"url\":\"https:\/\/www.elementvape.de\/nl\/produkt\/erleben-sie-das-beste-zollfreie-peach-ice-waspe-20000-puffs-dual-mesh-fuer-feinen-geschmack\/\",\"name\":\"Erleben Sie das Beste Zollfreie PEACH ICE WASPE 20000 PUFFS Dual Mesh f\u00fcr feinen Geschmack | ElementVape.de\",\"isPartOf\":{\"@id\":\"https:\/\/www.elementvape.de\/#website\"},\"primaryImageOfPage\":{\"@id\":\"https:\/\/www.elementvape.de\/nl\/produkt\/erleben-sie-das-beste-zollfreie-peach-ice-waspe-20000-puffs-dual-mesh-fuer-feinen-geschmack\/#primaryimage\"},\"image\":{\"@id\":\"https:\/\/www.elementvape.de\/nl\/produkt\/erleben-sie-das-beste-zollfreie-peach-ice-waspe-20000-puffs-dual-mesh-fuer-feinen-geschmack\/#primaryimage\"},\"thumbnailUrl\":\"https:\/\/www.elementvape.de\/wp-content\/uploads\/2024\/08\/PEACH-ICE.jpg\",\"datePublished\":\"2024-08-26T03:41:39+00:00\",\"dateModified\":\"2024-11-09T03:34:16+00:00\",\"description\":\"Wir bieten Erleben Sie das Beste Zollfreie PEACH ICE WASPE 20000 PUFFS Dual Mesh f\u00fcr feinen Geschmack , Elementvape.de akzeptieren Gro\u00df-und Einzelhandel Bestellungen.\",\"breadcrumb\":{\"@id\":\"https:\/\/www.elementvape.de\/nl\/produkt\/erleben-sie-das-beste-zollfreie-peach-ice-waspe-20000-puffs-dual-mesh-fuer-feinen-geschmack\/#breadcrumb\"},\"inLanguage\":\"fr-FR\",\"potentialAction\":[{\"@type\":\"ReadAction\",\"target\":[\"https:\/\/www.elementvape.de\/nl\/produkt\/erleben-sie-das-beste-zollfreie-peach-ice-waspe-20000-puffs-dual-mesh-fuer-feinen-geschmack\/\"]}]},{\"@type\":\"ImageObject\",\"inLanguage\":\"fr-FR\",\"@id\":\"https:\/\/www.elementvape.de\/nl\/produkt\/erleben-sie-das-beste-zollfreie-peach-ice-waspe-20000-puffs-dual-mesh-fuer-feinen-geschmack\/#primaryimage\",\"url\":\"https:\/\/www.elementvape.de\/wp-content\/uploads\/2024\/08\/PEACH-ICE.jpg\",\"contentUrl\":\"https:\/\/www.elementvape.de\/wp-content\/uploads\/2024\/08\/PEACH-ICE.jpg\",\"width\":2500,\"height\":1875,\"caption\":\"PEACH ICE\"},{\"@type\":\"BreadcrumbList\",\"@id\":\"https:\/\/www.elementvape.de\/nl\/produkt\/erleben-sie-das-beste-zollfreie-peach-ice-waspe-20000-puffs-dual-mesh-fuer-feinen-geschmack\/#breadcrumb\",\"itemListElement\":[{\"@type\":\"ListItem\",\"position\":1,\"name\":\"Home\",\"item\":\"https:\/\/www.elementvape.de\/\"},{\"@type\":\"ListItem\",\"position\":2,\"name\":\"Shop\",\"item\":\"https:\/\/www.elementvape.de\/shop\/\"},{\"@type\":\"ListItem\",\"position\":3,\"name\":\"Erleben Sie das Beste Zollfreie PEACH ICE WASPE 20000 PUFFS Dual Mesh f\u00fcr feinen Geschmack\"}]},{\"@type\":\"WebSite\",\"@id\":\"https:\/\/www.elementvape.de\/#website\",\"url\":\"https:\/\/www.elementvape.de\/\",\"name\":\"ElementVape.de\",\"description\":\"\",\"publisher\":{\"@id\":\"https:\/\/www.elementvape.de\/#organization\"},\"potentialAction\":[{\"@type\":\"SearchAction\",\"target\":{\"@type\":\"EntryPoint\",\"urlTemplate\":\"https:\/\/www.elementvape.de\/?s={search_term_string}\"},\"query-input\":\"required name=search_term_string\"}],\"inLanguage\":\"fr-FR\"},{\"@type\":\"Organization\",\"@id\":\"https:\/\/www.elementvape.de\/#organization\",\"name\":\"ElementVape.DE\",\"url\":\"https:\/\/www.elementvape.de\/\",\"logo\":{\"@type\":\"ImageObject\",\"inLanguage\":\"fr-FR\",\"@id\":\"https:\/\/www.elementvape.de\/#\/schema\/logo\/image\/\",\"url\":\"https:\/\/www.elementvape.de\/wp-content\/uploads\/2024\/09\/cropped-1elementvape-3.png\",\"contentUrl\":\"https:\/\/www.elementvape.de\/wp-content\/uploads\/2024\/09\/cropped-1elementvape-3.png\",\"width\":285,\"height\":228,\"caption\":\"ElementVape.DE\"},\"image\":{\"@id\":\"https:\/\/www.elementvape.de\/#\/schema\/logo\/image\/\"}}]}<\/script>\n<!-- \/ Yoast SEO plugin. -->","yoast_head_json":{"title":"Erleben Sie das Beste Zollfreie PEACH ICE WASPE 20000 PUFFS Dual Mesh f\u00fcr feinen Geschmack | ElementVape.de","description":"Wir bieten Erleben Sie das Beste Zollfreie PEACH ICE WASPE 20000 PUFFS Dual Mesh f\u00fcr feinen Geschmack , Elementvape.de akzeptieren Gro\u00df-und Einzelhandel Bestellungen.","robots":{"index":"index","follow":"follow","max-snippet":"max-snippet:-1","max-image-preview":"max-image-preview:large","max-video-preview":"max-video-preview:-1"},"canonical":"https:\/\/www.elementvape.de\/fr\/produkt\/erleben-sie-das-beste-zollfreie-peach-ice-waspe-20000-puffs-dual-mesh-fuer-feinen-geschmack\/","og_locale":"fr_FR","og_type":"article","og_title":"Erleben Sie das Beste Zollfreie PEACH ICE WASPE 20000 PUFFS Dual Mesh f\u00fcr feinen Geschmack | ElementVape.de","og_description":"Wir bieten Erleben Sie das Beste Zollfreie PEACH ICE WASPE 20000 PUFFS Dual Mesh f\u00fcr feinen Geschmack , Elementvape.de akzeptieren Gro\u00df-und Einzelhandel Bestellungen.","og_url":"https:\/\/www.elementvape.de\/fr\/produkt\/erleben-sie-das-beste-zollfreie-peach-ice-waspe-20000-puffs-dual-mesh-fuer-feinen-geschmack\/","og_site_name":"ElementVape.de","article_modified_time":"2024-11-09T03:34:16+00:00","og_image":[{"width":1024,"height":768,"url":"https:\/\/www.elementvape.de\/wp-content\/uploads\/2024\/08\/PEACH-ICE-1024x768.jpg","type":"image\/jpeg"}],"twitter_card":"summary_large_image","twitter_misc":{"Est. reading time":"6 minutes"},"schema":{"@context":"https:\/\/schema.org","@graph":[{"@type":"WebPage","@id":"https:\/\/www.elementvape.de\/nl\/produkt\/erleben-sie-das-beste-zollfreie-peach-ice-waspe-20000-puffs-dual-mesh-fuer-feinen-geschmack\/","url":"https:\/\/www.elementvape.de\/nl\/produkt\/erleben-sie-das-beste-zollfreie-peach-ice-waspe-20000-puffs-dual-mesh-fuer-feinen-geschmack\/","name":"Erleben Sie das Beste Zollfreie PEACH ICE WASPE 20000 PUFFS Dual Mesh f\u00fcr feinen Geschmack | ElementVape.de","isPartOf":{"@id":"https:\/\/www.elementvape.de\/#website"},"primaryImageOfPage":{"@id":"https:\/\/www.elementvape.de\/nl\/produkt\/erleben-sie-das-beste-zollfreie-peach-ice-waspe-20000-puffs-dual-mesh-fuer-feinen-geschmack\/#primaryimage"},"image":{"@id":"https:\/\/www.elementvape.de\/nl\/produkt\/erleben-sie-das-beste-zollfreie-peach-ice-waspe-20000-puffs-dual-mesh-fuer-feinen-geschmack\/#primaryimage"},"thumbnailUrl":"https:\/\/www.elementvape.de\/wp-content\/uploads\/2024\/08\/PEACH-ICE.jpg","datePublished":"2024-08-26T03:41:39+00:00","dateModified":"2024-11-09T03:34:16+00:00","description":"Wir bieten Erleben Sie das Beste Zollfreie PEACH ICE WASPE 20000 PUFFS Dual Mesh f\u00fcr feinen Geschmack , Elementvape.de akzeptieren Gro\u00df-und Einzelhandel Bestellungen.","breadcrumb":{"@id":"https:\/\/www.elementvape.de\/nl\/produkt\/erleben-sie-das-beste-zollfreie-peach-ice-waspe-20000-puffs-dual-mesh-fuer-feinen-geschmack\/#breadcrumb"},"inLanguage":"fr-FR","potentialAction":[{"@type":"ReadAction","target":["https:\/\/www.elementvape.de\/nl\/produkt\/erleben-sie-das-beste-zollfreie-peach-ice-waspe-20000-puffs-dual-mesh-fuer-feinen-geschmack\/"]}]},{"@type":"ImageObject","inLanguage":"fr-FR","@id":"https:\/\/www.elementvape.de\/nl\/produkt\/erleben-sie-das-beste-zollfreie-peach-ice-waspe-20000-puffs-dual-mesh-fuer-feinen-geschmack\/#primaryimage","url":"https:\/\/www.elementvape.de\/wp-content\/uploads\/2024\/08\/PEACH-ICE.jpg","contentUrl":"https:\/\/www.elementvape.de\/wp-content\/uploads\/2024\/08\/PEACH-ICE.jpg","width":2500,"height":1875,"caption":"PEACH ICE"},{"@type":"BreadcrumbList","@id":"https:\/\/www.elementvape.de\/nl\/produkt\/erleben-sie-das-beste-zollfreie-peach-ice-waspe-20000-puffs-dual-mesh-fuer-feinen-geschmack\/#breadcrumb","itemListElement":[{"@type":"ListItem","position":1,"name":"Home","item":"https:\/\/www.elementvape.de\/"},{"@type":"ListItem","position":2,"name":"Shop","item":"https:\/\/www.elementvape.de\/shop\/"},{"@type":"ListItem","position":3,"name":"Erleben Sie das Beste Zollfreie PEACH ICE WASPE 20000 PUFFS Dual Mesh f\u00fcr feinen Geschmack"}]},{"@type":"WebSite","@id":"https:\/\/www.elementvape.de\/#website","url":"https:\/\/www.elementvape.de\/","name":"ElementVape.de","description":"","publisher":{"@id":"https:\/\/www.elementvape.de\/#organization"},"potentialAction":[{"@type":"SearchAction","target":{"@type":"EntryPoint","urlTemplate":"https:\/\/www.elementvape.de\/?s={search_term_string}"},"query-input":"required name=search_term_string"}],"inLanguage":"fr-FR"},{"@type":"Organization","@id":"https:\/\/www.elementvape.de\/#organization","name":"ElementVape.DE","url":"https:\/\/www.elementvape.de\/","logo":{"@type":"ImageObject","inLanguage":"fr-FR","@id":"https:\/\/www.elementvape.de\/#\/schema\/logo\/image\/","url":"https:\/\/www.elementvape.de\/wp-content\/uploads\/2024\/09\/cropped-1elementvape-3.png","contentUrl":"https:\/\/www.elementvape.de\/wp-content\/uploads\/2024\/09\/cropped-1elementvape-3.png","width":285,"height":228,"caption":"ElementVape.DE"},"image":{"@id":"https:\/\/www.elementvape.de\/#\/schema\/logo\/image\/"}}]}},"_links":{"self":[{"href":"https:\/\/www.elementvape.de\/fr\/wp-json\/wp\/v2\/product\/14001"}],"collection":[{"href":"https:\/\/www.elementvape.de\/fr\/wp-json\/wp\/v2\/product"}],"about":[{"href":"https:\/\/www.elementvape.de\/fr\/wp-json\/wp\/v2\/types\/product"}],"wp:featuredmedia":[{"embeddable":true,"href":"https:\/\/www.elementvape.de\/fr\/wp-json\/wp\/v2\/media\/14002"}],"wp:attachment":[{"href":"https:\/\/www.elementvape.de\/fr\/wp-json\/wp\/v2\/media?parent=14001"}],"wp:term":[{"taxonomy":"product_cat","embeddable":true,"href":"https:\/\/www.elementvape.de\/fr\/wp-json\/wp\/v2\/product_cat?post=14001"},{"taxonomy":"product_tag","embeddable":true,"href":"https:\/\/www.elementvape.de\/fr\/wp-json\/wp\/v2\/product_tag?post=14001"}],"curies":[{"name":"wp","href":"https:\/\/api.w.org\/{rel}","templated":true}]}}