{"id":13978,"date":"2024-08-23T06:20:01","date_gmt":"2024-08-23T06:20:01","guid":{"rendered":"https:\/\/www.elementvape.de\/?post_type=product&#038;p=13978"},"modified":"2024-12-12T06:33:54","modified_gmt":"2024-12-12T06:33:54","slug":"zollfreie-e-zigarette-mit-watermelon-ice-12000-zuegen-und-20-ml-kapazitaet-fuer-langanhaltenden-genuss-waspe-12000-puffs-digital-box","status":"publish","type":"product","link":"https:\/\/www.elementvape.de\/fr\/produkt\/zollfreie-e-zigarette-mit-watermelon-ice-12000-zuegen-und-20-ml-kapazitaet-fuer-langanhaltenden-genuss-waspe-12000-puffs-digital-box\/","title":{"rendered":"Cigarette \u00e9lectronique sans taxe avec WATERMELON ICE 12000 bouff\u00e9es et capacit\u00e9 de 20 ml pour un plaisir durable, WASPE 12000 PUFFS Bo\u00eete num\u00e9rique"},"content":{"rendered":"<h3>Cigarette \u00e9lectronique WASPE-12000 : Plaisir longue dur\u00e9e avec WATERMELON ICE<\/h3>\n<p>La cigarette \u00e9lectronique WASPE-12000 offre une exp\u00e9rience de vapotage exceptionnelle, sublim\u00e9e par le go\u00fbt rafra\u00eechissant de WATERMELON ICE. Cette cigarette \u00e9lectronique hors taxes combine une technologie de pointe avec un ar\u00f4me intense et durable, sp\u00e9cialement con\u00e7u pour les vapoteurs qui appr\u00e9cient \u00e0 la fois le go\u00fbt et la qualit\u00e9.<\/p>\n<h4>WATERMELON ICE : Fra\u00eecheur et douceur \u00e0 la perfection<\/h4>\n<p>Le go\u00fbt de WATERMELON ICE est un m\u00e9lange parfait de la douceur naturelle des past\u00e8ques m\u00fbres et d'une note glac\u00e9e rafra\u00eechissante. Lors de l'inhalation, la douceur juteuse de la past\u00e8que se d\u00e9ploie, imm\u00e9diatement compl\u00e9t\u00e9e par la fra\u00eecheur glaciale, cr\u00e9ant un plaisir de vapotage vivifiant et agr\u00e9able \u00e0 la fois. Cette combinaison fait de WATERMELON ICE un ar\u00f4me id\u00e9al pour les journ\u00e9es chaudes ou chaque fois qu'un go\u00fbt rafra\u00eechissant est recherch\u00e9.<\/p>\n<p>Gr\u00e2ce \u00e0 la capacit\u00e9 g\u00e9n\u00e9reuse de 20 ml d'e-liquide et 12 000 bouff\u00e9es, la WASPE-12000 offre une exp\u00e9rience gustative constante et durable. Le go\u00fbt reste intense et inchang\u00e9 pendant toute la dur\u00e9e d'utilisation, ce qui en fait <strong><a href=\"https:\/\/www.elementvape.de\/fr\/\" target=\"_blank\" rel=\"noopener\">E-cigarette<\/a><\/strong> un excellent choix pour le vapotage quotidien.<\/p>\n<h3>Donn\u00e9es techniques et convivialit\u00e9<\/h3>\n<p>La cigarette \u00e9lectronique WASPE-12000 allie qualit\u00e9 et convivialit\u00e9 dans un appareil compact mais puissant. Voici les principales sp\u00e9cifications techniques de ce mod\u00e8le :<\/p>\n<table>\n<thead>\n<tr>\n<th><strong>Caract\u00e9ristique<\/strong><\/th>\n<th><strong>D\u00e9tails<\/strong><\/th>\n<\/tr>\n<\/thead>\n<tbody>\n<tr>\n<td>Mod\u00e8le<\/td>\n<td>WASPE-12000<\/td>\n<\/tr>\n<tr>\n<td>Saveur<\/td>\n<td>GLACE \u00c0 LA PAST\u00c8QUE<\/td>\n<\/tr>\n<tr>\n<td>Mat\u00e9riau<\/td>\n<td>Alliage d'aluminium, PCGT<\/td>\n<\/tr>\n<tr>\n<td>Contenu en N<\/td>\n<td>2%, 5%<\/td>\n<\/tr>\n<tr>\n<td>R\u00e9sistance de la bobine<\/td>\n<td>1,0\u03a9<\/td>\n<\/tr>\n<tr>\n<td>Bouff\u00e9es<\/td>\n<td>12 000 bouff\u00e9es<\/td>\n<\/tr>\n<tr>\n<td>Capacit\u00e9 du e-liquide<\/td>\n<td>20 ml<\/td>\n<\/tr>\n<tr>\n<td>Capacit\u00e9 de la batterie<\/td>\n<td>650 mAh<\/td>\n<\/tr>\n<tr>\n<td>Plage de puissance<\/td>\n<td>7-12V<\/td>\n<\/tr>\n<tr>\n<td>Rechargeable<\/td>\n<td>Ja<\/td>\n<\/tr>\n<tr>\n<td>Port de charge<\/td>\n<td>Type-C<\/td>\n<\/tr>\n<tr>\n<td>Poids net<\/td>\n<td>96 g<\/td>\n<\/tr>\n<tr>\n<td>Taille du produit<\/td>\n<td>32*36*116mm<\/td>\n<\/tr>\n<\/tbody>\n<\/table>\n<p>L'\u00e9quipement technique de la WASPE-12000 garantit une manipulation facile et une longue d<\/p>\n<p>ur\u00e9e d'utilisation. La batterie rechargeable de 650 mAh et le port de charge moderne de type C rendent l'appareil particuli\u00e8rement convivial. La construction compacte et le poids l\u00e9ger garantissent que la cigarette \u00e9lectronique peut \u00eatre transport\u00e9e confortablement et utilis\u00e9e \u00e0 tout moment.<\/p>\n<p><img loading=\"lazy\" decoding=\"async\" class=\"wp-image-13982 aligncenter\" src=\"https:\/\/www.elementvape.de\/wp-content\/uploads\/2024\/08\/2-300x300.jpg\" alt=\"2\" width=\"492\" height=\"492\" srcset=\"https:\/\/www.elementvape.de\/wp-content\/uploads\/2024\/08\/2-300x300.jpg 300w, https:\/\/www.elementvape.de\/wp-content\/uploads\/2024\/08\/2-150x150.jpg 150w, https:\/\/www.elementvape.de\/wp-content\/uploads\/2024\/08\/2-768x768.jpg 768w, https:\/\/www.elementvape.de\/wp-content\/uploads\/2024\/08\/2-600x600.jpg 600w, https:\/\/www.elementvape.de\/wp-content\/uploads\/2024\/08\/2-100x100.jpg 100w, https:\/\/www.elementvape.de\/wp-content\/uploads\/2024\/08\/2-50x50.jpg 50w, https:\/\/www.elementvape.de\/wp-content\/uploads\/2024\/08\/2.jpg 980w\" sizes=\"(max-width: 492px) 100vw, 492px\" \/><\/p>\n<h4>Disponibilit\u00e9 hors taxes : Une offre attractive pour les consommateurs<\/h4>\n<p>Un avantage particulier de la cigarette \u00e9lectronique WASPE-12000 est sa disponibilit\u00e9 hors taxes en France. Cela en fait non seulement une option de haute qualit\u00e9, mais aussi une option abordable pour les consommateurs \u00e0 la recherche d'une exp\u00e9rience de vapotage de premi\u00e8re classe sans se ruiner. Les revendeurs b\u00e9n\u00e9ficient \u00e9galement de la possibilit\u00e9 de proposer ce produit comp\u00e9titif qui s\u00e9duit un large public cible.<\/p>\n<p>La cigarette \u00e9lectronique WASPE-12000 combine le go\u00fbt rafra\u00eechissant de WATERMELON ICE avec une technologie avanc\u00e9e et un prix attractif, ce qui en fait un excellent choix pour les vapoteurs en France. Que ce soit pour le plaisir quotidien ou pour des moments sp\u00e9ciaux, la WASPE-12000 r\u00e9pond \u00e0 toutes les exigences d'une cigarette \u00e9lectronique moderne et durable.<\/p>","protected":false},"excerpt":{"rendered":"<p>WASPE-12000 E-Zigarette: Langanhaltender Genuss mit WATERMELON ICE Die WASPE-12000 E-Zigarette bietet ein herausragendes Dampferlebnis, das durch den erfrischenden Geschmack von WATERMELON ICE abgerundet wird. Diese zollfreie E-Zigarette kombiniert modernste Technologie mit einem intensiven, langanhaltenden Aroma, das speziell f\u00fcr Dampfer entwickelt wurde, die sowohl auf Geschmack als auch auf Qualit\u00e4t Wert legen. WATERMELON ICE: Frische und [&hellip;]<\/p>","protected":false},"featured_media":13979,"template":"","meta":{"inline_featured_image":false},"product_cat":[15,78,735,746,741,733,744,755,738,751,732,723],"product_tag":[710,673],"tiered_pricing_type":"fixed","tiered_pricing_fixed_rules":{"110":"6.83","200":"6.07","500":"5.31"},"tiered_pricing_percentage_rules":[],"tiered_pricing_minimum":1,"_administrator_tiered_pricing_type":"fixed","_administrator_tiered_pricing_fixed_rules":[],"_editor_tiered_pricing_type":"fixed","_editor_tiered_pricing_fixed_rules":[],"_author_tiered_pricing_type":"fixed","_author_tiered_pricing_fixed_rules":[],"_contributor_tiered_pricing_type":"fixed","_contributor_tiered_pricing_fixed_rules":[],"_subscriber_tiered_pricing_type":"fixed","_subscriber_tiered_pricing_fixed_rules":[],"_customer_tiered_pricing_type":"fixed","_customer_tiered_pricing_fixed_rules":[],"_shop_manager_tiered_pricing_type":"fixed","_shop_manager_tiered_pricing_fixed_rules":[],"_wpseo_manager_tiered_pricing_type":"fixed","_wpseo_manager_tiered_pricing_fixed_rules":[],"_wpseo_editor_tiered_pricing_type":"fixed","_wpseo_editor_tiered_pricing_fixed_rules":[],"_wholesale_customer_tiered_pricing_type":"fixed","_wholesale_customer_tiered_pricing_fixed_rules":[],"_marketer_tiered_pricing_type":"fixed","_marketer_tiered_pricing_fixed_rules":[],"_sales_manager_tiered_pricing_type":"fixed","_sales_manager_tiered_pricing_fixed_rules":[],"_sales_rep_tiered_pricing_type":"fixed","_sales_rep_tiered_pricing_fixed_rules":[],"yoast_head":"<!-- This site is optimized with the Yoast SEO plugin v23.3 - https:\/\/yoast.com\/wordpress\/plugins\/seo\/ -->\n<title>Zollfreie E-Zigarette mit WATERMELON ICE 12000 Z\u00fcgen und 20 ml Kapazit\u00e4t f\u00fcr langanhaltenden Genuss WASPE 12000 PUFFS Digital Box | ElementVape.de<\/title>\n<meta name=\"description\" content=\"Wir bieten Zollfreie E-Zigarette mit WATERMELON ICE 12000 Z\u00fcgen und 20 ml Kapazit\u00e4t f\u00fcr langanhaltenden Genuss WASPE 12000 PUFFS Digital Box , Elementvape.de akzeptieren Gro\u00df-und Einzelhandel Bestellungen.\" \/>\n<meta name=\"robots\" content=\"index, follow, max-snippet:-1, max-image-preview:large, max-video-preview:-1\" \/>\n<link rel=\"canonical\" href=\"https:\/\/www.elementvape.de\/fr\/produkt\/zollfreie-e-zigarette-mit-watermelon-ice-12000-zuegen-und-20-ml-kapazitaet-fuer-langanhaltenden-genuss-waspe-12000-puffs-digital-box\/\" \/>\n<meta property=\"og:locale\" content=\"fr_FR\" \/>\n<meta property=\"og:type\" content=\"article\" \/>\n<meta property=\"og:title\" content=\"Zollfreie E-Zigarette mit WATERMELON ICE 12000 Z\u00fcgen und 20 ml Kapazit\u00e4t f\u00fcr langanhaltenden Genuss WASPE 12000 PUFFS Digital Box | ElementVape.de\" \/>\n<meta property=\"og:description\" content=\"Wir bieten Zollfreie E-Zigarette mit WATERMELON ICE 12000 Z\u00fcgen und 20 ml Kapazit\u00e4t f\u00fcr langanhaltenden Genuss WASPE 12000 PUFFS Digital Box , Elementvape.de akzeptieren Gro\u00df-und Einzelhandel Bestellungen.\" \/>\n<meta property=\"og:url\" content=\"https:\/\/www.elementvape.de\/fr\/produkt\/zollfreie-e-zigarette-mit-watermelon-ice-12000-zuegen-und-20-ml-kapazitaet-fuer-langanhaltenden-genuss-waspe-12000-puffs-digital-box\/\" \/>\n<meta property=\"og:site_name\" content=\"ElementVape.de\" \/>\n<meta property=\"article:modified_time\" content=\"2024-12-12T06:33:54+00:00\" \/>\n<meta property=\"og:image\" content=\"https:\/\/www.elementvape.de\/wp-content\/uploads\/2024\/08\/WATERMELON-ICE-1.jpg\" \/>\n\t<meta property=\"og:image:width\" content=\"2500\" \/>\n\t<meta property=\"og:image:height\" content=\"1500\" \/>\n\t<meta property=\"og:image:type\" content=\"image\/jpeg\" \/>\n<meta name=\"twitter:card\" content=\"summary_large_image\" \/>\n<meta name=\"twitter:label1\" content=\"Est. reading time\" \/>\n\t<meta name=\"twitter:data1\" content=\"3 minutes\" \/>\n<script type=\"application\/ld+json\" class=\"yoast-schema-graph\">{\"@context\":\"https:\/\/schema.org\",\"@graph\":[{\"@type\":\"WebPage\",\"@id\":\"https:\/\/www.elementvape.de\/sk\/produkt\/zollfreie-e-zigarette-mit-watermelon-ice-12000-zuegen-und-20-ml-kapazitaet-fuer-langanhaltenden-genuss-waspe-12000-puffs-digital-box\/\",\"url\":\"https:\/\/www.elementvape.de\/sk\/produkt\/zollfreie-e-zigarette-mit-watermelon-ice-12000-zuegen-und-20-ml-kapazitaet-fuer-langanhaltenden-genuss-waspe-12000-puffs-digital-box\/\",\"name\":\"Zollfreie E-Zigarette mit WATERMELON ICE 12000 Z\u00fcgen und 20 ml Kapazit\u00e4t f\u00fcr langanhaltenden Genuss WASPE 12000 PUFFS Digital Box | ElementVape.de\",\"isPartOf\":{\"@id\":\"https:\/\/www.elementvape.de\/#website\"},\"primaryImageOfPage\":{\"@id\":\"https:\/\/www.elementvape.de\/sk\/produkt\/zollfreie-e-zigarette-mit-watermelon-ice-12000-zuegen-und-20-ml-kapazitaet-fuer-langanhaltenden-genuss-waspe-12000-puffs-digital-box\/#primaryimage\"},\"image\":{\"@id\":\"https:\/\/www.elementvape.de\/sk\/produkt\/zollfreie-e-zigarette-mit-watermelon-ice-12000-zuegen-und-20-ml-kapazitaet-fuer-langanhaltenden-genuss-waspe-12000-puffs-digital-box\/#primaryimage\"},\"thumbnailUrl\":\"https:\/\/www.elementvape.de\/wp-content\/uploads\/2024\/08\/WATERMELON-ICE-1.jpg\",\"datePublished\":\"2024-08-23T06:20:01+00:00\",\"dateModified\":\"2024-12-12T06:33:54+00:00\",\"description\":\"Wir bieten Zollfreie E-Zigarette mit WATERMELON ICE 12000 Z\u00fcgen und 20 ml Kapazit\u00e4t f\u00fcr langanhaltenden Genuss WASPE 12000 PUFFS Digital Box , Elementvape.de akzeptieren Gro\u00df-und Einzelhandel Bestellungen.\",\"breadcrumb\":{\"@id\":\"https:\/\/www.elementvape.de\/sk\/produkt\/zollfreie-e-zigarette-mit-watermelon-ice-12000-zuegen-und-20-ml-kapazitaet-fuer-langanhaltenden-genuss-waspe-12000-puffs-digital-box\/#breadcrumb\"},\"inLanguage\":\"fr-FR\",\"potentialAction\":[{\"@type\":\"ReadAction\",\"target\":[\"https:\/\/www.elementvape.de\/sk\/produkt\/zollfreie-e-zigarette-mit-watermelon-ice-12000-zuegen-und-20-ml-kapazitaet-fuer-langanhaltenden-genuss-waspe-12000-puffs-digital-box\/\"]}]},{\"@type\":\"ImageObject\",\"inLanguage\":\"fr-FR\",\"@id\":\"https:\/\/www.elementvape.de\/sk\/produkt\/zollfreie-e-zigarette-mit-watermelon-ice-12000-zuegen-und-20-ml-kapazitaet-fuer-langanhaltenden-genuss-waspe-12000-puffs-digital-box\/#primaryimage\",\"url\":\"https:\/\/www.elementvape.de\/wp-content\/uploads\/2024\/08\/WATERMELON-ICE-1.jpg\",\"contentUrl\":\"https:\/\/www.elementvape.de\/wp-content\/uploads\/2024\/08\/WATERMELON-ICE-1.jpg\",\"width\":2500,\"height\":1500,\"caption\":\"WATERMELON ICE\"},{\"@type\":\"BreadcrumbList\",\"@id\":\"https:\/\/www.elementvape.de\/sk\/produkt\/zollfreie-e-zigarette-mit-watermelon-ice-12000-zuegen-und-20-ml-kapazitaet-fuer-langanhaltenden-genuss-waspe-12000-puffs-digital-box\/#breadcrumb\",\"itemListElement\":[{\"@type\":\"ListItem\",\"position\":1,\"name\":\"Home\",\"item\":\"https:\/\/www.elementvape.de\/\"},{\"@type\":\"ListItem\",\"position\":2,\"name\":\"Shop\",\"item\":\"https:\/\/www.elementvape.de\/shop\/\"},{\"@type\":\"ListItem\",\"position\":3,\"name\":\"Zollfreie E-Zigarette mit WATERMELON ICE 12000 Z\u00fcgen und 20 ml Kapazit\u00e4t f\u00fcr langanhaltenden Genuss WASPE 12000 PUFFS Digital Box\"}]},{\"@type\":\"WebSite\",\"@id\":\"https:\/\/www.elementvape.de\/#website\",\"url\":\"https:\/\/www.elementvape.de\/\",\"name\":\"ElementVape.de\",\"description\":\"\",\"publisher\":{\"@id\":\"https:\/\/www.elementvape.de\/#organization\"},\"potentialAction\":[{\"@type\":\"SearchAction\",\"target\":{\"@type\":\"EntryPoint\",\"urlTemplate\":\"https:\/\/www.elementvape.de\/?s={search_term_string}\"},\"query-input\":\"required name=search_term_string\"}],\"inLanguage\":\"fr-FR\"},{\"@type\":\"Organization\",\"@id\":\"https:\/\/www.elementvape.de\/#organization\",\"name\":\"ElementVape.DE\",\"url\":\"https:\/\/www.elementvape.de\/\",\"logo\":{\"@type\":\"ImageObject\",\"inLanguage\":\"fr-FR\",\"@id\":\"https:\/\/www.elementvape.de\/#\/schema\/logo\/image\/\",\"url\":\"https:\/\/www.elementvape.de\/wp-content\/uploads\/2024\/09\/cropped-1elementvape-3.png\",\"contentUrl\":\"https:\/\/www.elementvape.de\/wp-content\/uploads\/2024\/09\/cropped-1elementvape-3.png\",\"width\":285,\"height\":228,\"caption\":\"ElementVape.DE\"},\"image\":{\"@id\":\"https:\/\/www.elementvape.de\/#\/schema\/logo\/image\/\"}}]}<\/script>\n<!-- \/ Yoast SEO plugin. -->","yoast_head_json":{"title":"Zollfreie E-Zigarette mit WATERMELON ICE 12000 Z\u00fcgen und 20 ml Kapazit\u00e4t f\u00fcr langanhaltenden Genuss WASPE 12000 PUFFS Digital Box | ElementVape.de","description":"Wir bieten Zollfreie E-Zigarette mit WATERMELON ICE 12000 Z\u00fcgen und 20 ml Kapazit\u00e4t f\u00fcr langanhaltenden Genuss WASPE 12000 PUFFS Digital Box , Elementvape.de akzeptieren Gro\u00df-und Einzelhandel Bestellungen.","robots":{"index":"index","follow":"follow","max-snippet":"max-snippet:-1","max-image-preview":"max-image-preview:large","max-video-preview":"max-video-preview:-1"},"canonical":"https:\/\/www.elementvape.de\/fr\/produkt\/zollfreie-e-zigarette-mit-watermelon-ice-12000-zuegen-und-20-ml-kapazitaet-fuer-langanhaltenden-genuss-waspe-12000-puffs-digital-box\/","og_locale":"fr_FR","og_type":"article","og_title":"Zollfreie E-Zigarette mit WATERMELON ICE 12000 Z\u00fcgen und 20 ml Kapazit\u00e4t f\u00fcr langanhaltenden Genuss WASPE 12000 PUFFS Digital Box | ElementVape.de","og_description":"Wir bieten Zollfreie E-Zigarette mit WATERMELON ICE 12000 Z\u00fcgen und 20 ml Kapazit\u00e4t f\u00fcr langanhaltenden Genuss WASPE 12000 PUFFS Digital Box , Elementvape.de akzeptieren Gro\u00df-und Einzelhandel Bestellungen.","og_url":"https:\/\/www.elementvape.de\/fr\/produkt\/zollfreie-e-zigarette-mit-watermelon-ice-12000-zuegen-und-20-ml-kapazitaet-fuer-langanhaltenden-genuss-waspe-12000-puffs-digital-box\/","og_site_name":"ElementVape.de","article_modified_time":"2024-12-12T06:33:54+00:00","og_image":[{"width":2500,"height":1500,"url":"https:\/\/www.elementvape.de\/wp-content\/uploads\/2024\/08\/WATERMELON-ICE-1.jpg","type":"image\/jpeg"}],"twitter_card":"summary_large_image","twitter_misc":{"Est. reading time":"3 minutes"},"schema":{"@context":"https:\/\/schema.org","@graph":[{"@type":"WebPage","@id":"https:\/\/www.elementvape.de\/sk\/produkt\/zollfreie-e-zigarette-mit-watermelon-ice-12000-zuegen-und-20-ml-kapazitaet-fuer-langanhaltenden-genuss-waspe-12000-puffs-digital-box\/","url":"https:\/\/www.elementvape.de\/sk\/produkt\/zollfreie-e-zigarette-mit-watermelon-ice-12000-zuegen-und-20-ml-kapazitaet-fuer-langanhaltenden-genuss-waspe-12000-puffs-digital-box\/","name":"Zollfreie E-Zigarette mit WATERMELON ICE 12000 Z\u00fcgen und 20 ml Kapazit\u00e4t f\u00fcr langanhaltenden Genuss WASPE 12000 PUFFS Digital Box | ElementVape.de","isPartOf":{"@id":"https:\/\/www.elementvape.de\/#website"},"primaryImageOfPage":{"@id":"https:\/\/www.elementvape.de\/sk\/produkt\/zollfreie-e-zigarette-mit-watermelon-ice-12000-zuegen-und-20-ml-kapazitaet-fuer-langanhaltenden-genuss-waspe-12000-puffs-digital-box\/#primaryimage"},"image":{"@id":"https:\/\/www.elementvape.de\/sk\/produkt\/zollfreie-e-zigarette-mit-watermelon-ice-12000-zuegen-und-20-ml-kapazitaet-fuer-langanhaltenden-genuss-waspe-12000-puffs-digital-box\/#primaryimage"},"thumbnailUrl":"https:\/\/www.elementvape.de\/wp-content\/uploads\/2024\/08\/WATERMELON-ICE-1.jpg","datePublished":"2024-08-23T06:20:01+00:00","dateModified":"2024-12-12T06:33:54+00:00","description":"Wir bieten Zollfreie E-Zigarette mit WATERMELON ICE 12000 Z\u00fcgen und 20 ml Kapazit\u00e4t f\u00fcr langanhaltenden Genuss WASPE 12000 PUFFS Digital Box , Elementvape.de akzeptieren Gro\u00df-und Einzelhandel Bestellungen.","breadcrumb":{"@id":"https:\/\/www.elementvape.de\/sk\/produkt\/zollfreie-e-zigarette-mit-watermelon-ice-12000-zuegen-und-20-ml-kapazitaet-fuer-langanhaltenden-genuss-waspe-12000-puffs-digital-box\/#breadcrumb"},"inLanguage":"fr-FR","potentialAction":[{"@type":"ReadAction","target":["https:\/\/www.elementvape.de\/sk\/produkt\/zollfreie-e-zigarette-mit-watermelon-ice-12000-zuegen-und-20-ml-kapazitaet-fuer-langanhaltenden-genuss-waspe-12000-puffs-digital-box\/"]}]},{"@type":"ImageObject","inLanguage":"fr-FR","@id":"https:\/\/www.elementvape.de\/sk\/produkt\/zollfreie-e-zigarette-mit-watermelon-ice-12000-zuegen-und-20-ml-kapazitaet-fuer-langanhaltenden-genuss-waspe-12000-puffs-digital-box\/#primaryimage","url":"https:\/\/www.elementvape.de\/wp-content\/uploads\/2024\/08\/WATERMELON-ICE-1.jpg","contentUrl":"https:\/\/www.elementvape.de\/wp-content\/uploads\/2024\/08\/WATERMELON-ICE-1.jpg","width":2500,"height":1500,"caption":"WATERMELON ICE"},{"@type":"BreadcrumbList","@id":"https:\/\/www.elementvape.de\/sk\/produkt\/zollfreie-e-zigarette-mit-watermelon-ice-12000-zuegen-und-20-ml-kapazitaet-fuer-langanhaltenden-genuss-waspe-12000-puffs-digital-box\/#breadcrumb","itemListElement":[{"@type":"ListItem","position":1,"name":"Home","item":"https:\/\/www.elementvape.de\/"},{"@type":"ListItem","position":2,"name":"Shop","item":"https:\/\/www.elementvape.de\/shop\/"},{"@type":"ListItem","position":3,"name":"Zollfreie E-Zigarette mit WATERMELON ICE 12000 Z\u00fcgen und 20 ml Kapazit\u00e4t f\u00fcr langanhaltenden Genuss WASPE 12000 PUFFS Digital Box"}]},{"@type":"WebSite","@id":"https:\/\/www.elementvape.de\/#website","url":"https:\/\/www.elementvape.de\/","name":"ElementVape.de","description":"","publisher":{"@id":"https:\/\/www.elementvape.de\/#organization"},"potentialAction":[{"@type":"SearchAction","target":{"@type":"EntryPoint","urlTemplate":"https:\/\/www.elementvape.de\/?s={search_term_string}"},"query-input":"required name=search_term_string"}],"inLanguage":"fr-FR"},{"@type":"Organization","@id":"https:\/\/www.elementvape.de\/#organization","name":"ElementVape.DE","url":"https:\/\/www.elementvape.de\/","logo":{"@type":"ImageObject","inLanguage":"fr-FR","@id":"https:\/\/www.elementvape.de\/#\/schema\/logo\/image\/","url":"https:\/\/www.elementvape.de\/wp-content\/uploads\/2024\/09\/cropped-1elementvape-3.png","contentUrl":"https:\/\/www.elementvape.de\/wp-content\/uploads\/2024\/09\/cropped-1elementvape-3.png","width":285,"height":228,"caption":"ElementVape.DE"},"image":{"@id":"https:\/\/www.elementvape.de\/#\/schema\/logo\/image\/"}}]}},"_links":{"self":[{"href":"https:\/\/www.elementvape.de\/fr\/wp-json\/wp\/v2\/product\/13978"}],"collection":[{"href":"https:\/\/www.elementvape.de\/fr\/wp-json\/wp\/v2\/product"}],"about":[{"href":"https:\/\/www.elementvape.de\/fr\/wp-json\/wp\/v2\/types\/product"}],"wp:featuredmedia":[{"embeddable":true,"href":"https:\/\/www.elementvape.de\/fr\/wp-json\/wp\/v2\/media\/13979"}],"wp:attachment":[{"href":"https:\/\/www.elementvape.de\/fr\/wp-json\/wp\/v2\/media?parent=13978"}],"wp:term":[{"taxonomy":"product_cat","embeddable":true,"href":"https:\/\/www.elementvape.de\/fr\/wp-json\/wp\/v2\/product_cat?post=13978"},{"taxonomy":"product_tag","embeddable":true,"href":"https:\/\/www.elementvape.de\/fr\/wp-json\/wp\/v2\/product_tag?post=13978"}],"curies":[{"name":"wp","href":"https:\/\/api.w.org\/{rel}","templated":true}]}}