{"id":13943,"date":"2024-08-22T07:32:05","date_gmt":"2024-08-22T07:32:05","guid":{"rendered":"https:\/\/www.elementvape.de\/?post_type=product&#038;p=13943"},"modified":"2024-12-12T06:34:06","modified_gmt":"2024-12-12T06:34:06","slug":"doppelte-frische-double-apple-der-geschmack-der-jeden-zug-unvergesslich-macht","status":"publish","type":"product","link":"https:\/\/www.elementvape.de\/fr\/produkt\/doppelte-frische-double-apple-der-geschmack-der-jeden-zug-unvergesslich-macht\/","title":{"rendered":"Double fra\u00eecheur Double Apple \u2013 le go\u00fbt qui rend chaque bouff\u00e9e inoubliable"},"content":{"rendered":"<h2>Double fra\u00eecheur Double Apple \u2013 le go\u00fbt qui rend chaque bouff\u00e9e inoubliable<\/h2>\n<h3>Intensit\u00e9 fruit\u00e9e \u00e0 chaque bouff\u00e9e<\/h3>\n<p>D\u00e9couvrez le m\u00e9lange parfait de pomme rouge sucr\u00e9e et de pomme verte rafra\u00eechissante avec le WASPE 15000 PUFFS. La double saveur de pomme vous offre une fruit\u00e9 incomparable qui ravira vos papilles \u00e0 chaque inhalation. La combinaison soigneusement \u00e9quilibr\u00e9e de deux vari\u00e9t\u00e9s de pommes assure une harmonie entre douceur et fra\u00eecheur que vous n\u2019oublierez pas de sit\u00f4t.<\/p>\n<p>Gr\u00e2ce \u00e0 la technologie avanc\u00e9e Mesh Coil, la saveur du e-liquide Double Apple est parfaitement lib\u00e9r\u00e9e. Chaque inhalation met en valeur les ar\u00f4mes fruit\u00e9s de mani\u00e8re claire et intense, vous permettant de profiter pleinement du duo de pommes. Cette technologie garantit que chaque bouff\u00e9e est remplie du go\u00fbt authentique que vous aimez.<\/p>\n<h3>Exp\u00e9rience de vapotage longue dur\u00e9e<\/h3>\n<p>Avec une capacit\u00e9 allant jusqu\u2019\u00e0 15 000 bouff\u00e9es, le WASPE 15000 PUFFS offre non seulement une saveur exceptionnelle, mais aussi une endurance impressionnante. Le r\u00e9servoir g\u00e9n\u00e9reux de 22 ml d\u2019e-liquide vous permet de profiter longtemps du go\u00fbt Double Apple sans avoir \u00e0 le remplir fr\u00e9quemment. Cela fait de l\u2019appareil un compagnon id\u00e9al pour des sessions de vapotage prolong\u00e9es.<\/p>\n<p>La batterie rechargeable de 850mAh garantit une exp\u00e9rience sans interruption. La connexion moderne Type-C permet une recharge rapide et facile, vous permettant d\u2019\u00eatre toujours pr\u00eat pour une nouvelle session de vapeur fruit\u00e9e.<\/p>\n<table>\n<thead>\n<tr>\n<th><strong>Caract\u00e9ristique<\/strong><\/th>\n<th><strong>D\u00e9tails<\/strong><\/th>\n<\/tr>\n<\/thead>\n<tbody>\n<tr>\n<td>Go\u00fbt<\/td>\n<td>Double Pomme<\/td>\n<\/tr>\n<tr>\n<td>Contenu en N<\/td>\n<td>2% , 5%<\/td>\n<\/tr>\n<tr>\n<td>Capacit\u00e9 de bouff\u00e9e<\/td>\n<td>Jusqu\u2019\u00e0 15 000 bouff\u00e9es<\/td>\n<\/tr>\n<tr>\n<td>Capacit\u00e9 du e-liquide<\/td>\n<td>22 ml<\/td>\n<\/tr>\n<tr>\n<td>Technologie de coil<\/td>\n<td>R\u00e9sistance Mesh Coil de 0,8\u03a9 pour un go\u00fbt plus intense et plus de vapeur<\/td>\n<\/tr>\n<tr>\n<td>Affichage<\/td>\n<td>\u00c9cran LCD pour l\u2019affichage d\u2019informations en temps r\u00e9el<\/td>\n<\/tr>\n<tr>\n<td>Batterie<\/td>\n<td>Batterie rechargeable de 850mAh<\/td>\n<\/tr>\n<tr>\n<td>Port de charge<\/td>\n<td>Port Type-C<\/td>\n<\/tr>\n<\/tbody>\n<\/table>","protected":false},"excerpt":{"rendered":"<p>Doppelte Frische: Double Apple \u2013 Der Geschmack, der jeden Zug unvergesslich macht Fruchtige Intensit\u00e4t in jedem Zug Erleben Sie die perfekte Mischung aus s\u00fc\u00dfem roten Apfel und erfrischendem gr\u00fcnem Apfel mit dem WASPE 15000 PUFFS. Der doppelte Apfelgeschmack bietet Ihnen eine unvergleichliche Fruchtigkeit, die Ihre Geschmacksknospen bei jedem Zug verw\u00f6hnt. Die sorgf\u00e4ltig abgestimmte Kombination aus [&hellip;]<\/p>","protected":false},"featured_media":13944,"template":"","meta":{"inline_featured_image":false},"product_cat":[15,78,735,746,741,733,744,755,738,751,732,723],"product_tag":[710,674],"tiered_pricing_type":"fixed","tiered_pricing_fixed_rules":{"110":"7.91","200":"7.03","500":"6.15"},"tiered_pricing_percentage_rules":[],"tiered_pricing_minimum":1,"_administrator_tiered_pricing_type":"fixed","_administrator_tiered_pricing_fixed_rules":[],"_editor_tiered_pricing_type":"fixed","_editor_tiered_pricing_fixed_rules":[],"_author_tiered_pricing_type":"fixed","_author_tiered_pricing_fixed_rules":[],"_contributor_tiered_pricing_type":"fixed","_contributor_tiered_pricing_fixed_rules":[],"_subscriber_tiered_pricing_type":"fixed","_subscriber_tiered_pricing_fixed_rules":[],"_customer_tiered_pricing_type":"fixed","_customer_tiered_pricing_fixed_rules":[],"_shop_manager_tiered_pricing_type":"fixed","_shop_manager_tiered_pricing_fixed_rules":[],"_wpseo_manager_tiered_pricing_type":"fixed","_wpseo_manager_tiered_pricing_fixed_rules":[],"_wpseo_editor_tiered_pricing_type":"fixed","_wpseo_editor_tiered_pricing_fixed_rules":[],"_wholesale_customer_tiered_pricing_type":"fixed","_wholesale_customer_tiered_pricing_fixed_rules":[],"_marketer_tiered_pricing_type":"fixed","_marketer_tiered_pricing_fixed_rules":[],"_sales_manager_tiered_pricing_type":"fixed","_sales_manager_tiered_pricing_fixed_rules":[],"_sales_rep_tiered_pricing_type":"fixed","_sales_rep_tiered_pricing_fixed_rules":[],"yoast_head":"<!-- This site is optimized with the Yoast SEO plugin v23.3 - https:\/\/yoast.com\/wordpress\/plugins\/seo\/ -->\n<title>Doppelte Frische Double Apple \u2013 der Geschmack der jeden Zug unvergesslich macht | ElementVape.de<\/title>\n<meta name=\"description\" content=\"Wir bieten Doppelte Frische Double Apple \u2013 der Geschmack der jeden Zug unvergesslich macht , Elementvape.de akzeptieren Gro\u00df-und Einzelhandel Bestellungen.\" \/>\n<meta name=\"robots\" content=\"index, follow, max-snippet:-1, max-image-preview:large, max-video-preview:-1\" \/>\n<link rel=\"canonical\" href=\"https:\/\/www.elementvape.de\/fr\/produkt\/doppelte-frische-double-apple-der-geschmack-der-jeden-zug-unvergesslich-macht\/\" \/>\n<meta property=\"og:locale\" content=\"fr_FR\" \/>\n<meta property=\"og:type\" content=\"article\" \/>\n<meta property=\"og:title\" content=\"Doppelte Frische Double Apple \u2013 der Geschmack der jeden Zug unvergesslich macht | ElementVape.de\" \/>\n<meta property=\"og:description\" content=\"Wir bieten Doppelte Frische Double Apple \u2013 der Geschmack der jeden Zug unvergesslich macht , Elementvape.de akzeptieren Gro\u00df-und Einzelhandel Bestellungen.\" \/>\n<meta property=\"og:url\" content=\"https:\/\/www.elementvape.de\/fr\/produkt\/doppelte-frische-double-apple-der-geschmack-der-jeden-zug-unvergesslich-macht\/\" \/>\n<meta property=\"og:site_name\" content=\"ElementVape.de\" \/>\n<meta property=\"article:modified_time\" content=\"2024-12-12T06:34:06+00:00\" \/>\n<meta property=\"og:image\" content=\"https:\/\/www.elementvape.de\/wp-content\/uploads\/2024\/08\/Double-Apple.jpg\" \/>\n\t<meta property=\"og:image:width\" content=\"1920\" \/>\n\t<meta property=\"og:image:height\" content=\"1536\" \/>\n\t<meta property=\"og:image:type\" content=\"image\/jpeg\" \/>\n<meta name=\"twitter:card\" content=\"summary_large_image\" \/>\n<meta name=\"twitter:label1\" content=\"Est. reading time\" \/>\n\t<meta name=\"twitter:data1\" content=\"2 minutes\" \/>\n<script type=\"application\/ld+json\" class=\"yoast-schema-graph\">{\"@context\":\"https:\/\/schema.org\",\"@graph\":[{\"@type\":\"WebPage\",\"@id\":\"https:\/\/www.elementvape.de\/it\/produkt\/doppelte-frische-double-apple-der-geschmack-der-jeden-zug-unvergesslich-macht\/\",\"url\":\"https:\/\/www.elementvape.de\/it\/produkt\/doppelte-frische-double-apple-der-geschmack-der-jeden-zug-unvergesslich-macht\/\",\"name\":\"Doppelte Frische Double Apple \u2013 der Geschmack der jeden Zug unvergesslich macht | ElementVape.de\",\"isPartOf\":{\"@id\":\"https:\/\/www.elementvape.de\/#website\"},\"primaryImageOfPage\":{\"@id\":\"https:\/\/www.elementvape.de\/it\/produkt\/doppelte-frische-double-apple-der-geschmack-der-jeden-zug-unvergesslich-macht\/#primaryimage\"},\"image\":{\"@id\":\"https:\/\/www.elementvape.de\/it\/produkt\/doppelte-frische-double-apple-der-geschmack-der-jeden-zug-unvergesslich-macht\/#primaryimage\"},\"thumbnailUrl\":\"https:\/\/www.elementvape.de\/wp-content\/uploads\/2024\/08\/Double-Apple.jpg\",\"datePublished\":\"2024-08-22T07:32:05+00:00\",\"dateModified\":\"2024-12-12T06:34:06+00:00\",\"description\":\"Wir bieten Doppelte Frische Double Apple \u2013 der Geschmack der jeden Zug unvergesslich macht , Elementvape.de akzeptieren Gro\u00df-und Einzelhandel Bestellungen.\",\"breadcrumb\":{\"@id\":\"https:\/\/www.elementvape.de\/it\/produkt\/doppelte-frische-double-apple-der-geschmack-der-jeden-zug-unvergesslich-macht\/#breadcrumb\"},\"inLanguage\":\"fr-FR\",\"potentialAction\":[{\"@type\":\"ReadAction\",\"target\":[\"https:\/\/www.elementvape.de\/it\/produkt\/doppelte-frische-double-apple-der-geschmack-der-jeden-zug-unvergesslich-macht\/\"]}]},{\"@type\":\"ImageObject\",\"inLanguage\":\"fr-FR\",\"@id\":\"https:\/\/www.elementvape.de\/it\/produkt\/doppelte-frische-double-apple-der-geschmack-der-jeden-zug-unvergesslich-macht\/#primaryimage\",\"url\":\"https:\/\/www.elementvape.de\/wp-content\/uploads\/2024\/08\/Double-Apple.jpg\",\"contentUrl\":\"https:\/\/www.elementvape.de\/wp-content\/uploads\/2024\/08\/Double-Apple.jpg\",\"width\":1920,\"height\":1536,\"caption\":\"Double Apple\"},{\"@type\":\"BreadcrumbList\",\"@id\":\"https:\/\/www.elementvape.de\/it\/produkt\/doppelte-frische-double-apple-der-geschmack-der-jeden-zug-unvergesslich-macht\/#breadcrumb\",\"itemListElement\":[{\"@type\":\"ListItem\",\"position\":1,\"name\":\"Home\",\"item\":\"https:\/\/www.elementvape.de\/\"},{\"@type\":\"ListItem\",\"position\":2,\"name\":\"Shop\",\"item\":\"https:\/\/www.elementvape.de\/shop\/\"},{\"@type\":\"ListItem\",\"position\":3,\"name\":\"Doppelte Frische Double Apple \u2013 der Geschmack der jeden Zug unvergesslich macht\"}]},{\"@type\":\"WebSite\",\"@id\":\"https:\/\/www.elementvape.de\/#website\",\"url\":\"https:\/\/www.elementvape.de\/\",\"name\":\"ElementVape.de\",\"description\":\"\",\"publisher\":{\"@id\":\"https:\/\/www.elementvape.de\/#organization\"},\"potentialAction\":[{\"@type\":\"SearchAction\",\"target\":{\"@type\":\"EntryPoint\",\"urlTemplate\":\"https:\/\/www.elementvape.de\/?s={search_term_string}\"},\"query-input\":\"required name=search_term_string\"}],\"inLanguage\":\"fr-FR\"},{\"@type\":\"Organization\",\"@id\":\"https:\/\/www.elementvape.de\/#organization\",\"name\":\"ElementVape.DE\",\"url\":\"https:\/\/www.elementvape.de\/\",\"logo\":{\"@type\":\"ImageObject\",\"inLanguage\":\"fr-FR\",\"@id\":\"https:\/\/www.elementvape.de\/#\/schema\/logo\/image\/\",\"url\":\"https:\/\/www.elementvape.de\/wp-content\/uploads\/2024\/09\/cropped-1elementvape-3.png\",\"contentUrl\":\"https:\/\/www.elementvape.de\/wp-content\/uploads\/2024\/09\/cropped-1elementvape-3.png\",\"width\":285,\"height\":228,\"caption\":\"ElementVape.DE\"},\"image\":{\"@id\":\"https:\/\/www.elementvape.de\/#\/schema\/logo\/image\/\"}}]}<\/script>\n<!-- \/ Yoast SEO plugin. -->","yoast_head_json":{"title":"Doppelte Frische Double Apple \u2013 der Geschmack der jeden Zug unvergesslich macht | ElementVape.de","description":"Wir bieten Doppelte Frische Double Apple \u2013 der Geschmack der jeden Zug unvergesslich macht , Elementvape.de akzeptieren Gro\u00df-und Einzelhandel Bestellungen.","robots":{"index":"index","follow":"follow","max-snippet":"max-snippet:-1","max-image-preview":"max-image-preview:large","max-video-preview":"max-video-preview:-1"},"canonical":"https:\/\/www.elementvape.de\/fr\/produkt\/doppelte-frische-double-apple-der-geschmack-der-jeden-zug-unvergesslich-macht\/","og_locale":"fr_FR","og_type":"article","og_title":"Doppelte Frische Double Apple \u2013 der Geschmack der jeden Zug unvergesslich macht | ElementVape.de","og_description":"Wir bieten Doppelte Frische Double Apple \u2013 der Geschmack der jeden Zug unvergesslich macht , Elementvape.de akzeptieren Gro\u00df-und Einzelhandel Bestellungen.","og_url":"https:\/\/www.elementvape.de\/fr\/produkt\/doppelte-frische-double-apple-der-geschmack-der-jeden-zug-unvergesslich-macht\/","og_site_name":"ElementVape.de","article_modified_time":"2024-12-12T06:34:06+00:00","og_image":[{"width":1920,"height":1536,"url":"https:\/\/www.elementvape.de\/wp-content\/uploads\/2024\/08\/Double-Apple.jpg","type":"image\/jpeg"}],"twitter_card":"summary_large_image","twitter_misc":{"Est. reading time":"2 minutes"},"schema":{"@context":"https:\/\/schema.org","@graph":[{"@type":"WebPage","@id":"https:\/\/www.elementvape.de\/it\/produkt\/doppelte-frische-double-apple-der-geschmack-der-jeden-zug-unvergesslich-macht\/","url":"https:\/\/www.elementvape.de\/it\/produkt\/doppelte-frische-double-apple-der-geschmack-der-jeden-zug-unvergesslich-macht\/","name":"Doppelte Frische Double Apple \u2013 der Geschmack der jeden Zug unvergesslich macht | ElementVape.de","isPartOf":{"@id":"https:\/\/www.elementvape.de\/#website"},"primaryImageOfPage":{"@id":"https:\/\/www.elementvape.de\/it\/produkt\/doppelte-frische-double-apple-der-geschmack-der-jeden-zug-unvergesslich-macht\/#primaryimage"},"image":{"@id":"https:\/\/www.elementvape.de\/it\/produkt\/doppelte-frische-double-apple-der-geschmack-der-jeden-zug-unvergesslich-macht\/#primaryimage"},"thumbnailUrl":"https:\/\/www.elementvape.de\/wp-content\/uploads\/2024\/08\/Double-Apple.jpg","datePublished":"2024-08-22T07:32:05+00:00","dateModified":"2024-12-12T06:34:06+00:00","description":"Wir bieten Doppelte Frische Double Apple \u2013 der Geschmack der jeden Zug unvergesslich macht , Elementvape.de akzeptieren Gro\u00df-und Einzelhandel Bestellungen.","breadcrumb":{"@id":"https:\/\/www.elementvape.de\/it\/produkt\/doppelte-frische-double-apple-der-geschmack-der-jeden-zug-unvergesslich-macht\/#breadcrumb"},"inLanguage":"fr-FR","potentialAction":[{"@type":"ReadAction","target":["https:\/\/www.elementvape.de\/it\/produkt\/doppelte-frische-double-apple-der-geschmack-der-jeden-zug-unvergesslich-macht\/"]}]},{"@type":"ImageObject","inLanguage":"fr-FR","@id":"https:\/\/www.elementvape.de\/it\/produkt\/doppelte-frische-double-apple-der-geschmack-der-jeden-zug-unvergesslich-macht\/#primaryimage","url":"https:\/\/www.elementvape.de\/wp-content\/uploads\/2024\/08\/Double-Apple.jpg","contentUrl":"https:\/\/www.elementvape.de\/wp-content\/uploads\/2024\/08\/Double-Apple.jpg","width":1920,"height":1536,"caption":"Double Apple"},{"@type":"BreadcrumbList","@id":"https:\/\/www.elementvape.de\/it\/produkt\/doppelte-frische-double-apple-der-geschmack-der-jeden-zug-unvergesslich-macht\/#breadcrumb","itemListElement":[{"@type":"ListItem","position":1,"name":"Home","item":"https:\/\/www.elementvape.de\/"},{"@type":"ListItem","position":2,"name":"Shop","item":"https:\/\/www.elementvape.de\/shop\/"},{"@type":"ListItem","position":3,"name":"Doppelte Frische Double Apple \u2013 der Geschmack der jeden Zug unvergesslich macht"}]},{"@type":"WebSite","@id":"https:\/\/www.elementvape.de\/#website","url":"https:\/\/www.elementvape.de\/","name":"ElementVape.de","description":"","publisher":{"@id":"https:\/\/www.elementvape.de\/#organization"},"potentialAction":[{"@type":"SearchAction","target":{"@type":"EntryPoint","urlTemplate":"https:\/\/www.elementvape.de\/?s={search_term_string}"},"query-input":"required name=search_term_string"}],"inLanguage":"fr-FR"},{"@type":"Organization","@id":"https:\/\/www.elementvape.de\/#organization","name":"ElementVape.DE","url":"https:\/\/www.elementvape.de\/","logo":{"@type":"ImageObject","inLanguage":"fr-FR","@id":"https:\/\/www.elementvape.de\/#\/schema\/logo\/image\/","url":"https:\/\/www.elementvape.de\/wp-content\/uploads\/2024\/09\/cropped-1elementvape-3.png","contentUrl":"https:\/\/www.elementvape.de\/wp-content\/uploads\/2024\/09\/cropped-1elementvape-3.png","width":285,"height":228,"caption":"ElementVape.DE"},"image":{"@id":"https:\/\/www.elementvape.de\/#\/schema\/logo\/image\/"}}]}},"_links":{"self":[{"href":"https:\/\/www.elementvape.de\/fr\/wp-json\/wp\/v2\/product\/13943"}],"collection":[{"href":"https:\/\/www.elementvape.de\/fr\/wp-json\/wp\/v2\/product"}],"about":[{"href":"https:\/\/www.elementvape.de\/fr\/wp-json\/wp\/v2\/types\/product"}],"wp:featuredmedia":[{"embeddable":true,"href":"https:\/\/www.elementvape.de\/fr\/wp-json\/wp\/v2\/media\/13944"}],"wp:attachment":[{"href":"https:\/\/www.elementvape.de\/fr\/wp-json\/wp\/v2\/media?parent=13943"}],"wp:term":[{"taxonomy":"product_cat","embeddable":true,"href":"https:\/\/www.elementvape.de\/fr\/wp-json\/wp\/v2\/product_cat?post=13943"},{"taxonomy":"product_tag","embeddable":true,"href":"https:\/\/www.elementvape.de\/fr\/wp-json\/wp\/v2\/product_tag?post=13943"}],"curies":[{"name":"wp","href":"https:\/\/api.w.org\/{rel}","templated":true}]}}