{"id":13940,"date":"2024-08-22T07:09:54","date_gmt":"2024-08-22T07:09:54","guid":{"rendered":"https:\/\/www.elementvape.de\/?post_type=product&#038;p=13940"},"modified":"2024-12-12T06:34:06","modified_gmt":"2024-12-12T06:34:06","slug":"sprudelnde-begeisterung-geniessen-sie-den-unvergleichlichen-geschmack-von-orange-soda","status":"publish","type":"product","link":"https:\/\/www.elementvape.de\/fr\/produkt\/sprudelnde-begeisterung-geniessen-sie-den-unvergleichlichen-geschmack-von-orange-soda\/","title":{"rendered":"\u00c9merveillement p\u00e9tillant Savourez le go\u00fbt incomparable d'Orange Soda"},"content":{"rendered":"<h3>\u00c9merveillement p\u00e9tillant Savourez le go\u00fbt incomparable d'Orange Soda<\/h3>\n<p>Plongez dans une exp\u00e9rience de vapotage rafra\u00eechissante avec le WASPE 15000 PUFFS et savourez le go\u00fbt rafra\u00eechissant de Orange Soda. Cette saveur fruit\u00e9e et sucr\u00e9e offre l'\u00e9quilibre parfait entre la fra\u00eecheur vive des agrumes et la douceur p\u00e9tillante directement dans vos bouff\u00e9es. Chaque inhalation lib\u00e8re le go\u00fbt complet de Orange Soda, qui rafra\u00eechit et enthousiasme vos papilles.<\/p>\n<figure id=\"attachment_13942\" aria-describedby=\"caption-attachment-13942\" style=\"width: 300px\" class=\"wp-caption alignnone\"><img loading=\"lazy\" decoding=\"async\" class=\"size-medium wp-image-13942\" src=\"https:\/\/www.elementvape.de\/wp-content\/uploads\/2024\/08\/Orange-Soda1-300x300.jpg\" alt=\"Orange Soda1\" width=\"300\" height=\"300\" srcset=\"https:\/\/www.elementvape.de\/wp-content\/uploads\/2024\/08\/Orange-Soda1-300x300.jpg 300w, https:\/\/www.elementvape.de\/wp-content\/uploads\/2024\/08\/Orange-Soda1-1024x1024.jpg 1024w, https:\/\/www.elementvape.de\/wp-content\/uploads\/2024\/08\/Orange-Soda1-150x150.jpg 150w, https:\/\/www.elementvape.de\/wp-content\/uploads\/2024\/08\/Orange-Soda1-768x768.jpg 768w, https:\/\/www.elementvape.de\/wp-content\/uploads\/2024\/08\/Orange-Soda1-600x600.jpg 600w, https:\/\/www.elementvape.de\/wp-content\/uploads\/2024\/08\/Orange-Soda1-100x100.jpg 100w, https:\/\/www.elementvape.de\/wp-content\/uploads\/2024\/08\/Orange-Soda1-50x50.jpg 50w, https:\/\/www.elementvape.de\/wp-content\/uploads\/2024\/08\/Orange-Soda1.jpg 1200w\" sizes=\"(max-width: 300px) 100vw, 300px\" \/><figcaption id=\"caption-attachment-13942\" class=\"wp-caption-text\">Orange Soda1<\/figcaption><\/figure>\n<p>Le WASPE 15000 PUFFS offre non seulement une saveur unique, mais aussi des performances \u00e9prouv\u00e9es et une durabilit\u00e9 que vous attendez d\u2019un appareil premium. Avec la technologie avanc\u00e9e de la r\u00e9sistance Mesh Coil, chaque bouff\u00e9e devient une exp\u00e9rience intense que vous voudrez r\u00e9p\u00e9ter. La combinaison de saveur et de technologie fait de cet appareil un compagnon indispensable pour tous ceux qui recherchent une exp\u00e9rience de vapotage p\u00e9tillante. <strong><a href=\"https:\/\/www.elementvape.de\/fr\/\" target=\"_blank\" rel=\"noopener\">Exp\u00e9rience de vapotage<\/a><\/strong> recherch\u00e9e.<\/p>\n<hr \/>\n<h3>Donn\u00e9es du produit : WASPE 15000 PUFFS<\/h3>\n<table>\n<thead>\n<tr>\n<th><strong>Caract\u00e9ristique<\/strong><\/th>\n<th><strong>D\u00e9tails<\/strong><\/th>\n<\/tr>\n<\/thead>\n<tbody>\n<tr>\n<td>Go\u00fbt<\/td>\n<td>Soda \u00e0 l'orange<\/td>\n<\/tr>\n<tr>\n<td>Contenu en N<\/td>\n<td>\u00a02% , 5%<\/td>\n<\/tr>\n<tr>\n<td>Capacit\u00e9 de bouff\u00e9e<\/td>\n<td>Jusqu\u2019\u00e0 15 000 bouff\u00e9es<\/td>\n<\/tr>\n<tr>\n<td>Capacit\u00e9 du e-liquide<\/td>\n<td>22 ml<\/td>\n<\/tr>\n<tr>\n<td>Technologie de coil<\/td>\n<td>R\u00e9sistance Mesh Coil de 0,8\u03a9 pour un go\u00fbt plus intense et plus de vapeur<\/td>\n<\/tr>\n<tr>\n<td>Affichage<\/td>\n<td>\u00c9cran LCD pour l\u2019affichage d\u2019informations en temps r\u00e9el<\/td>\n<\/tr>\n<tr>\n<td>Batterie<\/td>\n<td>Batterie rechargeable de 850mAh<\/td>\n<\/tr>\n<tr>\n<td>Port de charge<\/td>\n<td>Port Type-C<\/td>\n<\/tr>\n<\/tbody>\n<\/table>\n<hr \/>\n<p>Avec le WASPE 15000 PUFFS et son go\u00fbt incomparable de Orange Soda, profitez non seulement de la fra\u00eecheur fruit\u00e9e, mais aussi d\u2019une excitation p\u00e9tillante qui transforme chaque vapotage en une exp\u00e9rience exceptionnelle.<\/p>","protected":false},"excerpt":{"rendered":"<p>Sprudelnde Begeisterung: Genie\u00dfen Sie den unvergleichlichen Geschmack von Orange Soda Tauchen Sie ein in ein spritziges Dampferlebnis mit dem WASPE 15000 PUFFS und genie\u00dfen Sie den erfrischenden Geschmack von Orange Soda. Dieser fruchtig-s\u00fc\u00dfe Geschmack bringt die perfekte Balance aus lebhafter Zitrusfrische und prickelnder S\u00fc\u00dfe direkt in Ihre Z\u00fcge. Jeder Zug entfaltet den vollen Geschmack von [&hellip;]<\/p>","protected":false},"featured_media":13941,"template":"","meta":{"inline_featured_image":false},"product_cat":[15,78,735,746,741,733,744,755,738,751,732,723],"product_tag":[710,674],"tiered_pricing_type":"fixed","tiered_pricing_fixed_rules":{"110":"7.91","200":"7.03","500":"6.15"},"tiered_pricing_percentage_rules":[],"tiered_pricing_minimum":1,"_administrator_tiered_pricing_type":"fixed","_administrator_tiered_pricing_fixed_rules":[],"_editor_tiered_pricing_type":"fixed","_editor_tiered_pricing_fixed_rules":[],"_author_tiered_pricing_type":"fixed","_author_tiered_pricing_fixed_rules":[],"_contributor_tiered_pricing_type":"fixed","_contributor_tiered_pricing_fixed_rules":[],"_subscriber_tiered_pricing_type":"fixed","_subscriber_tiered_pricing_fixed_rules":[],"_customer_tiered_pricing_type":"fixed","_customer_tiered_pricing_fixed_rules":[],"_shop_manager_tiered_pricing_type":"fixed","_shop_manager_tiered_pricing_fixed_rules":[],"_wpseo_manager_tiered_pricing_type":"fixed","_wpseo_manager_tiered_pricing_fixed_rules":[],"_wpseo_editor_tiered_pricing_type":"fixed","_wpseo_editor_tiered_pricing_fixed_rules":[],"_wholesale_customer_tiered_pricing_type":"fixed","_wholesale_customer_tiered_pricing_fixed_rules":[],"_marketer_tiered_pricing_type":"fixed","_marketer_tiered_pricing_fixed_rules":[],"_sales_manager_tiered_pricing_type":"fixed","_sales_manager_tiered_pricing_fixed_rules":[],"_sales_rep_tiered_pricing_type":"fixed","_sales_rep_tiered_pricing_fixed_rules":[],"yoast_head":"<!-- This site is optimized with the Yoast SEO plugin v23.3 - https:\/\/yoast.com\/wordpress\/plugins\/seo\/ -->\n<title>Sprudelnde Begeisterung Genie\u00dfen Sie den unvergleichlichen Geschmack von Orange Soda | ElementVape.de<\/title>\n<meta name=\"description\" content=\"Wir bieten Sprudelnde Begeisterung Genie\u00dfen Sie den unvergleichlichen Geschmack von Orange Soda , Elementvape.de akzeptieren Gro\u00df-und Einzelhandel Bestellungen.\" \/>\n<meta name=\"robots\" content=\"index, follow, max-snippet:-1, max-image-preview:large, max-video-preview:-1\" \/>\n<link rel=\"canonical\" href=\"https:\/\/www.elementvape.de\/fr\/produkt\/sprudelnde-begeisterung-geniessen-sie-den-unvergleichlichen-geschmack-von-orange-soda\/\" \/>\n<meta property=\"og:locale\" content=\"fr_FR\" \/>\n<meta property=\"og:type\" content=\"article\" \/>\n<meta property=\"og:title\" content=\"Sprudelnde Begeisterung Genie\u00dfen Sie den unvergleichlichen Geschmack von Orange Soda | ElementVape.de\" \/>\n<meta property=\"og:description\" content=\"Wir bieten Sprudelnde Begeisterung Genie\u00dfen Sie den unvergleichlichen Geschmack von Orange Soda , Elementvape.de akzeptieren Gro\u00df-und Einzelhandel Bestellungen.\" \/>\n<meta property=\"og:url\" content=\"https:\/\/www.elementvape.de\/fr\/produkt\/sprudelnde-begeisterung-geniessen-sie-den-unvergleichlichen-geschmack-von-orange-soda\/\" \/>\n<meta property=\"og:site_name\" content=\"ElementVape.de\" \/>\n<meta property=\"article:modified_time\" content=\"2024-12-12T06:34:06+00:00\" \/>\n<meta property=\"og:image\" content=\"https:\/\/www.elementvape.de\/wp-content\/uploads\/2024\/08\/Orange-Soda.jpg\" \/>\n\t<meta property=\"og:image:width\" content=\"1920\" \/>\n\t<meta property=\"og:image:height\" content=\"1536\" \/>\n\t<meta property=\"og:image:type\" content=\"image\/jpeg\" \/>\n<meta name=\"twitter:card\" content=\"summary_large_image\" \/>\n<meta name=\"twitter:label1\" content=\"Est. reading time\" \/>\n\t<meta name=\"twitter:data1\" content=\"2 minutes\" \/>\n<script type=\"application\/ld+json\" class=\"yoast-schema-graph\">{\"@context\":\"https:\/\/schema.org\",\"@graph\":[{\"@type\":\"WebPage\",\"@id\":\"https:\/\/www.elementvape.de\/el\/produkt\/sprudelnde-begeisterung-geniessen-sie-den-unvergleichlichen-geschmack-von-orange-soda\/\",\"url\":\"https:\/\/www.elementvape.de\/el\/produkt\/sprudelnde-begeisterung-geniessen-sie-den-unvergleichlichen-geschmack-von-orange-soda\/\",\"name\":\"Sprudelnde Begeisterung Genie\u00dfen Sie den unvergleichlichen Geschmack von Orange Soda | ElementVape.de\",\"isPartOf\":{\"@id\":\"https:\/\/www.elementvape.de\/#website\"},\"primaryImageOfPage\":{\"@id\":\"https:\/\/www.elementvape.de\/el\/produkt\/sprudelnde-begeisterung-geniessen-sie-den-unvergleichlichen-geschmack-von-orange-soda\/#primaryimage\"},\"image\":{\"@id\":\"https:\/\/www.elementvape.de\/el\/produkt\/sprudelnde-begeisterung-geniessen-sie-den-unvergleichlichen-geschmack-von-orange-soda\/#primaryimage\"},\"thumbnailUrl\":\"https:\/\/www.elementvape.de\/wp-content\/uploads\/2024\/08\/Orange-Soda.jpg\",\"datePublished\":\"2024-08-22T07:09:54+00:00\",\"dateModified\":\"2024-12-12T06:34:06+00:00\",\"description\":\"Wir bieten Sprudelnde Begeisterung Genie\u00dfen Sie den unvergleichlichen Geschmack von Orange Soda , Elementvape.de akzeptieren Gro\u00df-und Einzelhandel Bestellungen.\",\"breadcrumb\":{\"@id\":\"https:\/\/www.elementvape.de\/el\/produkt\/sprudelnde-begeisterung-geniessen-sie-den-unvergleichlichen-geschmack-von-orange-soda\/#breadcrumb\"},\"inLanguage\":\"fr-FR\",\"potentialAction\":[{\"@type\":\"ReadAction\",\"target\":[\"https:\/\/www.elementvape.de\/el\/produkt\/sprudelnde-begeisterung-geniessen-sie-den-unvergleichlichen-geschmack-von-orange-soda\/\"]}]},{\"@type\":\"ImageObject\",\"inLanguage\":\"fr-FR\",\"@id\":\"https:\/\/www.elementvape.de\/el\/produkt\/sprudelnde-begeisterung-geniessen-sie-den-unvergleichlichen-geschmack-von-orange-soda\/#primaryimage\",\"url\":\"https:\/\/www.elementvape.de\/wp-content\/uploads\/2024\/08\/Orange-Soda.jpg\",\"contentUrl\":\"https:\/\/www.elementvape.de\/wp-content\/uploads\/2024\/08\/Orange-Soda.jpg\",\"width\":1920,\"height\":1536,\"caption\":\"Orange Soda\"},{\"@type\":\"BreadcrumbList\",\"@id\":\"https:\/\/www.elementvape.de\/el\/produkt\/sprudelnde-begeisterung-geniessen-sie-den-unvergleichlichen-geschmack-von-orange-soda\/#breadcrumb\",\"itemListElement\":[{\"@type\":\"ListItem\",\"position\":1,\"name\":\"Home\",\"item\":\"https:\/\/www.elementvape.de\/\"},{\"@type\":\"ListItem\",\"position\":2,\"name\":\"Shop\",\"item\":\"https:\/\/www.elementvape.de\/shop\/\"},{\"@type\":\"ListItem\",\"position\":3,\"name\":\"Sprudelnde Begeisterung Genie\u00dfen Sie den unvergleichlichen Geschmack von Orange Soda\"}]},{\"@type\":\"WebSite\",\"@id\":\"https:\/\/www.elementvape.de\/#website\",\"url\":\"https:\/\/www.elementvape.de\/\",\"name\":\"ElementVape.de\",\"description\":\"\",\"publisher\":{\"@id\":\"https:\/\/www.elementvape.de\/#organization\"},\"potentialAction\":[{\"@type\":\"SearchAction\",\"target\":{\"@type\":\"EntryPoint\",\"urlTemplate\":\"https:\/\/www.elementvape.de\/?s={search_term_string}\"},\"query-input\":\"required name=search_term_string\"}],\"inLanguage\":\"fr-FR\"},{\"@type\":\"Organization\",\"@id\":\"https:\/\/www.elementvape.de\/#organization\",\"name\":\"ElementVape.DE\",\"url\":\"https:\/\/www.elementvape.de\/\",\"logo\":{\"@type\":\"ImageObject\",\"inLanguage\":\"fr-FR\",\"@id\":\"https:\/\/www.elementvape.de\/#\/schema\/logo\/image\/\",\"url\":\"https:\/\/www.elementvape.de\/wp-content\/uploads\/2024\/09\/cropped-1elementvape-3.png\",\"contentUrl\":\"https:\/\/www.elementvape.de\/wp-content\/uploads\/2024\/09\/cropped-1elementvape-3.png\",\"width\":285,\"height\":228,\"caption\":\"ElementVape.DE\"},\"image\":{\"@id\":\"https:\/\/www.elementvape.de\/#\/schema\/logo\/image\/\"}}]}<\/script>\n<!-- \/ Yoast SEO plugin. -->","yoast_head_json":{"title":"Sprudelnde Begeisterung Genie\u00dfen Sie den unvergleichlichen Geschmack von Orange Soda | ElementVape.de","description":"Wir bieten Sprudelnde Begeisterung Genie\u00dfen Sie den unvergleichlichen Geschmack von Orange Soda , Elementvape.de akzeptieren Gro\u00df-und Einzelhandel Bestellungen.","robots":{"index":"index","follow":"follow","max-snippet":"max-snippet:-1","max-image-preview":"max-image-preview:large","max-video-preview":"max-video-preview:-1"},"canonical":"https:\/\/www.elementvape.de\/fr\/produkt\/sprudelnde-begeisterung-geniessen-sie-den-unvergleichlichen-geschmack-von-orange-soda\/","og_locale":"fr_FR","og_type":"article","og_title":"Sprudelnde Begeisterung Genie\u00dfen Sie den unvergleichlichen Geschmack von Orange Soda | ElementVape.de","og_description":"Wir bieten Sprudelnde Begeisterung Genie\u00dfen Sie den unvergleichlichen Geschmack von Orange Soda , Elementvape.de akzeptieren Gro\u00df-und Einzelhandel Bestellungen.","og_url":"https:\/\/www.elementvape.de\/fr\/produkt\/sprudelnde-begeisterung-geniessen-sie-den-unvergleichlichen-geschmack-von-orange-soda\/","og_site_name":"ElementVape.de","article_modified_time":"2024-12-12T06:34:06+00:00","og_image":[{"width":1920,"height":1536,"url":"https:\/\/www.elementvape.de\/wp-content\/uploads\/2024\/08\/Orange-Soda.jpg","type":"image\/jpeg"}],"twitter_card":"summary_large_image","twitter_misc":{"Est. reading time":"2 minutes"},"schema":{"@context":"https:\/\/schema.org","@graph":[{"@type":"WebPage","@id":"https:\/\/www.elementvape.de\/el\/produkt\/sprudelnde-begeisterung-geniessen-sie-den-unvergleichlichen-geschmack-von-orange-soda\/","url":"https:\/\/www.elementvape.de\/el\/produkt\/sprudelnde-begeisterung-geniessen-sie-den-unvergleichlichen-geschmack-von-orange-soda\/","name":"Sprudelnde Begeisterung Genie\u00dfen Sie den unvergleichlichen Geschmack von Orange Soda | ElementVape.de","isPartOf":{"@id":"https:\/\/www.elementvape.de\/#website"},"primaryImageOfPage":{"@id":"https:\/\/www.elementvape.de\/el\/produkt\/sprudelnde-begeisterung-geniessen-sie-den-unvergleichlichen-geschmack-von-orange-soda\/#primaryimage"},"image":{"@id":"https:\/\/www.elementvape.de\/el\/produkt\/sprudelnde-begeisterung-geniessen-sie-den-unvergleichlichen-geschmack-von-orange-soda\/#primaryimage"},"thumbnailUrl":"https:\/\/www.elementvape.de\/wp-content\/uploads\/2024\/08\/Orange-Soda.jpg","datePublished":"2024-08-22T07:09:54+00:00","dateModified":"2024-12-12T06:34:06+00:00","description":"Wir bieten Sprudelnde Begeisterung Genie\u00dfen Sie den unvergleichlichen Geschmack von Orange Soda , Elementvape.de akzeptieren Gro\u00df-und Einzelhandel Bestellungen.","breadcrumb":{"@id":"https:\/\/www.elementvape.de\/el\/produkt\/sprudelnde-begeisterung-geniessen-sie-den-unvergleichlichen-geschmack-von-orange-soda\/#breadcrumb"},"inLanguage":"fr-FR","potentialAction":[{"@type":"ReadAction","target":["https:\/\/www.elementvape.de\/el\/produkt\/sprudelnde-begeisterung-geniessen-sie-den-unvergleichlichen-geschmack-von-orange-soda\/"]}]},{"@type":"ImageObject","inLanguage":"fr-FR","@id":"https:\/\/www.elementvape.de\/el\/produkt\/sprudelnde-begeisterung-geniessen-sie-den-unvergleichlichen-geschmack-von-orange-soda\/#primaryimage","url":"https:\/\/www.elementvape.de\/wp-content\/uploads\/2024\/08\/Orange-Soda.jpg","contentUrl":"https:\/\/www.elementvape.de\/wp-content\/uploads\/2024\/08\/Orange-Soda.jpg","width":1920,"height":1536,"caption":"Orange Soda"},{"@type":"BreadcrumbList","@id":"https:\/\/www.elementvape.de\/el\/produkt\/sprudelnde-begeisterung-geniessen-sie-den-unvergleichlichen-geschmack-von-orange-soda\/#breadcrumb","itemListElement":[{"@type":"ListItem","position":1,"name":"Home","item":"https:\/\/www.elementvape.de\/"},{"@type":"ListItem","position":2,"name":"Shop","item":"https:\/\/www.elementvape.de\/shop\/"},{"@type":"ListItem","position":3,"name":"Sprudelnde Begeisterung Genie\u00dfen Sie den unvergleichlichen Geschmack von Orange Soda"}]},{"@type":"WebSite","@id":"https:\/\/www.elementvape.de\/#website","url":"https:\/\/www.elementvape.de\/","name":"ElementVape.de","description":"","publisher":{"@id":"https:\/\/www.elementvape.de\/#organization"},"potentialAction":[{"@type":"SearchAction","target":{"@type":"EntryPoint","urlTemplate":"https:\/\/www.elementvape.de\/?s={search_term_string}"},"query-input":"required name=search_term_string"}],"inLanguage":"fr-FR"},{"@type":"Organization","@id":"https:\/\/www.elementvape.de\/#organization","name":"ElementVape.DE","url":"https:\/\/www.elementvape.de\/","logo":{"@type":"ImageObject","inLanguage":"fr-FR","@id":"https:\/\/www.elementvape.de\/#\/schema\/logo\/image\/","url":"https:\/\/www.elementvape.de\/wp-content\/uploads\/2024\/09\/cropped-1elementvape-3.png","contentUrl":"https:\/\/www.elementvape.de\/wp-content\/uploads\/2024\/09\/cropped-1elementvape-3.png","width":285,"height":228,"caption":"ElementVape.DE"},"image":{"@id":"https:\/\/www.elementvape.de\/#\/schema\/logo\/image\/"}}]}},"_links":{"self":[{"href":"https:\/\/www.elementvape.de\/fr\/wp-json\/wp\/v2\/product\/13940"}],"collection":[{"href":"https:\/\/www.elementvape.de\/fr\/wp-json\/wp\/v2\/product"}],"about":[{"href":"https:\/\/www.elementvape.de\/fr\/wp-json\/wp\/v2\/types\/product"}],"wp:featuredmedia":[{"embeddable":true,"href":"https:\/\/www.elementvape.de\/fr\/wp-json\/wp\/v2\/media\/13941"}],"wp:attachment":[{"href":"https:\/\/www.elementvape.de\/fr\/wp-json\/wp\/v2\/media?parent=13940"}],"wp:term":[{"taxonomy":"product_cat","embeddable":true,"href":"https:\/\/www.elementvape.de\/fr\/wp-json\/wp\/v2\/product_cat?post=13940"},{"taxonomy":"product_tag","embeddable":true,"href":"https:\/\/www.elementvape.de\/fr\/wp-json\/wp\/v2\/product_tag?post=13940"}],"curies":[{"name":"wp","href":"https:\/\/api.w.org\/{rel}","templated":true}]}}