{"id":13895,"date":"2024-08-20T09:11:56","date_gmt":"2024-08-20T09:11:56","guid":{"rendered":"https:\/\/www.elementvape.de\/?post_type=product&#038;p=13895"},"modified":"2024-12-12T06:34:21","modified_gmt":"2024-12-12T06:34:21","slug":"strawberry-pitaya-lemonade-12000-zuege-coole-led-lichter-grosshandelspreis-fuer-e-zigaretten","status":"publish","type":"product","link":"https:\/\/www.elementvape.de\/fr\/produkt\/strawberry-pitaya-lemonade-12000-zuege-coole-led-lichter-grosshandelspreis-fuer-e-zigaretten\/","title":{"rendered":"STRAWBERRY PITAYA LEMONADE 12000 Bouff\u00e9es lumi\u00e8res LED cool Prix de gros pour cigarettes \u00e9lectroniques"},"content":{"rendered":"<h2>Cigarette \u00e9lectronique MTL polyvalente : combinaison parfaite de performance et de style<\/h2>\n<p>Cette MTL <strong><a href=\"https:\/\/www.elementvape.de\/fr\/\" target=\"_blank\" rel=\"noopener\">E-cigarette<\/a><\/strong> offre un choix flexible d'avantages - N : 2% et 5%. Que vous pr\u00e9f\u00e9riez une exp\u00e9rience de vapotage sans nicotine ou un coup de nicotine plus fort, cet appareil s'adapte parfaitement \u00e0 vos pr\u00e9f\u00e9rences individuelles.<\/p>\n<p>\u00c9quip\u00e9e de 20 ml de e-liquide, la cigarette \u00e9lectronique offre une capacit\u00e9 suffisante pour des sessions de vapeur prolong\u00e9es. Le nombre impressionnant de 12 000 bouff\u00e9es par appareil garantit une longue satisfaction sans avoir \u00e0 remplir fr\u00e9quemment ou \u00e0 remplacer l'appareil.<\/p>\n<h4>Technologie puissante et fonctionnalit\u00e9s modernes<\/h4>\n<p>La batterie de 650 mAh assure une alimentation fiable et se recharge rapidement via le connecteur Type-C pratique. Le design \u00e0 \u00e9clairage RGB conf\u00e8re \u00e0 la cigarette \u00e9lectronique non seulement un look moderne et styl\u00e9, mais transforme \u00e9galement la vape en une exp\u00e9rience visuelle.<\/p>\n<p>La coil en mesh de 0,8 \u03a9 garantit une production de vapeur uniforme et une exp\u00e9rience gustative intense, adapt\u00e9e aussi bien aux d\u00e9butants qu'aux vapoteurs exp\u00e9riment\u00e9s. Gr\u00e2ce \u00e0 l'automatisme d'inhalation, l'utilisation est extr\u00eamement simple \u2013 il suffit d'inhaler et de profiter.<\/p>\n<h4>Design ergonomique et pr\u00e9cision technique<\/h4>\n<p>Avec un poids de 82 g et des dimensions compactes de 35<em>36<\/em>133,5 mm, cette cigarette \u00e9lectronique tient facilement et confortablement dans la main. Elle est id\u00e9ale pour une utilisation quotidienne et se transporte ais\u00e9ment partout.<\/p>\n<p>L'appareil dispose d'un noyau en mesh avec une r\u00e9sistance de 1,0 \u03a9, garantissant une exp\u00e9rience de vapotage MTL douce et satisfaisante. Le r\u00e9servoir de 14 ml offre une capacit\u00e9 suffisante pour un bon \u00e9quilibre entre portabilit\u00e9 et performance.<\/p>\n<p>Cette cigarette \u00e9lectronique MTL combine technologie innovante et design \u00e9l\u00e9gant, et constitue le choix id\u00e9al pour les vapoteurs qui privil\u00e9gient la qualit\u00e9 et la polyvalence. Que vous soyez d\u00e9butant ou vapoteur exp\u00e9riment\u00e9, cet appareil vous offrira une exp\u00e9rience de vapotage exceptionnelle qui vous enthousiasmera.<\/p>","protected":false},"excerpt":{"rendered":"<p>Vielseitige MTL-E-Zigarette: Perfekte Kombination aus Leistung und Stil Diese MTL E-Zigarette bietet eine flexible Auswahl an Vorteile-N:\u00a0 2% und 5%. Egal, ob Sie ein nikotinfreies Dampferlebnis bevorzugen oder einen st\u00e4rkeren Nikotinkick w\u00fcnschen, dieses Ger\u00e4t passt sich Ihren individuellen Vorlieben perfekt an. Mit 20 ml E-Liquid ausgestattet, bietet die E-Zigarette ausreichend Kapazit\u00e4t f\u00fcr langanhaltende Dampf-Sessions. Die [&hellip;]<\/p>","protected":false},"featured_media":13896,"template":"","meta":{"inline_featured_image":false},"product_cat":[15,78,747,740,734,753,732,722],"product_tag":[710,673],"tiered_pricing_type":"fixed","tiered_pricing_fixed_rules":{"110":"6.75","200":"6.00","500":"5.25"},"tiered_pricing_percentage_rules":[],"tiered_pricing_minimum":1,"_administrator_tiered_pricing_type":"fixed","_administrator_tiered_pricing_fixed_rules":[],"_editor_tiered_pricing_type":"fixed","_editor_tiered_pricing_fixed_rules":[],"_author_tiered_pricing_type":"fixed","_author_tiered_pricing_fixed_rules":[],"_contributor_tiered_pricing_type":"fixed","_contributor_tiered_pricing_fixed_rules":[],"_subscriber_tiered_pricing_type":"fixed","_subscriber_tiered_pricing_fixed_rules":[],"_customer_tiered_pricing_type":"fixed","_customer_tiered_pricing_fixed_rules":[],"_shop_manager_tiered_pricing_type":"fixed","_shop_manager_tiered_pricing_fixed_rules":[],"_wpseo_manager_tiered_pricing_type":"fixed","_wpseo_manager_tiered_pricing_fixed_rules":[],"_wpseo_editor_tiered_pricing_type":"fixed","_wpseo_editor_tiered_pricing_fixed_rules":[],"_wholesale_customer_tiered_pricing_type":"fixed","_wholesale_customer_tiered_pricing_fixed_rules":[],"_marketer_tiered_pricing_type":"fixed","_marketer_tiered_pricing_fixed_rules":[],"_sales_manager_tiered_pricing_type":"fixed","_sales_manager_tiered_pricing_fixed_rules":[],"_sales_rep_tiered_pricing_type":"fixed","_sales_rep_tiered_pricing_fixed_rules":[],"yoast_head":"<!-- This site is optimized with the Yoast SEO plugin v23.3 - https:\/\/yoast.com\/wordpress\/plugins\/seo\/ -->\n<title>STRAWBERRY PITAYA LEMONADE 12000 Z\u00fcge coole LED-Lichter Gro\u00dfhandelspreis f\u00fcr E-Zigaretten | ElementVape.de<\/title>\n<meta name=\"description\" content=\"Wir bieten STRAWBERRY PITAYA LEMONADE 12000 Z\u00fcge coole LED-Lichter Gro\u00dfhandelspreis f\u00fcr E-Zigaretten , Elementvape.de akzeptieren Gro\u00df-und Einzelhandel Bestellungen.\" \/>\n<meta name=\"robots\" content=\"index, follow, max-snippet:-1, max-image-preview:large, max-video-preview:-1\" \/>\n<link rel=\"canonical\" href=\"https:\/\/www.elementvape.de\/fr\/produkt\/strawberry-pitaya-lemonade-12000-zuege-coole-led-lichter-grosshandelspreis-fuer-e-zigaretten\/\" \/>\n<meta property=\"og:locale\" content=\"fr_FR\" \/>\n<meta property=\"og:type\" content=\"article\" \/>\n<meta property=\"og:title\" content=\"STRAWBERRY PITAYA LEMONADE 12000 Z\u00fcge coole LED-Lichter Gro\u00dfhandelspreis f\u00fcr E-Zigaretten | ElementVape.de\" \/>\n<meta property=\"og:description\" content=\"Wir bieten STRAWBERRY PITAYA LEMONADE 12000 Z\u00fcge coole LED-Lichter Gro\u00dfhandelspreis f\u00fcr E-Zigaretten , Elementvape.de akzeptieren Gro\u00df-und Einzelhandel Bestellungen.\" \/>\n<meta property=\"og:url\" content=\"https:\/\/www.elementvape.de\/fr\/produkt\/strawberry-pitaya-lemonade-12000-zuege-coole-led-lichter-grosshandelspreis-fuer-e-zigaretten\/\" \/>\n<meta property=\"og:site_name\" content=\"ElementVape.de\" \/>\n<meta property=\"article:modified_time\" content=\"2024-12-12T06:34:21+00:00\" \/>\n<meta property=\"og:image\" content=\"https:\/\/www.elementvape.de\/wp-content\/uploads\/2024\/08\/Strawberry-pitaya-lemonade_980.png\" \/>\n\t<meta property=\"og:image:width\" content=\"980\" \/>\n\t<meta property=\"og:image:height\" content=\"980\" \/>\n\t<meta property=\"og:image:type\" content=\"image\/png\" \/>\n<meta name=\"twitter:card\" content=\"summary_large_image\" \/>\n<meta name=\"twitter:label1\" content=\"Est. reading time\" \/>\n\t<meta name=\"twitter:data1\" content=\"2 minutes\" \/>\n<script type=\"application\/ld+json\" class=\"yoast-schema-graph\">{\"@context\":\"https:\/\/schema.org\",\"@graph\":[{\"@type\":\"WebPage\",\"@id\":\"https:\/\/www.elementvape.de\/sk\/produkt\/strawberry-pitaya-lemonade-12000-zuege-coole-led-lichter-grosshandelspreis-fuer-e-zigaretten\/\",\"url\":\"https:\/\/www.elementvape.de\/sk\/produkt\/strawberry-pitaya-lemonade-12000-zuege-coole-led-lichter-grosshandelspreis-fuer-e-zigaretten\/\",\"name\":\"STRAWBERRY PITAYA LEMONADE 12000 Z\u00fcge coole LED-Lichter Gro\u00dfhandelspreis f\u00fcr E-Zigaretten | ElementVape.de\",\"isPartOf\":{\"@id\":\"https:\/\/www.elementvape.de\/#website\"},\"primaryImageOfPage\":{\"@id\":\"https:\/\/www.elementvape.de\/sk\/produkt\/strawberry-pitaya-lemonade-12000-zuege-coole-led-lichter-grosshandelspreis-fuer-e-zigaretten\/#primaryimage\"},\"image\":{\"@id\":\"https:\/\/www.elementvape.de\/sk\/produkt\/strawberry-pitaya-lemonade-12000-zuege-coole-led-lichter-grosshandelspreis-fuer-e-zigaretten\/#primaryimage\"},\"thumbnailUrl\":\"https:\/\/www.elementvape.de\/wp-content\/uploads\/2024\/08\/Strawberry-pitaya-lemonade_980.png\",\"datePublished\":\"2024-08-20T09:11:56+00:00\",\"dateModified\":\"2024-12-12T06:34:21+00:00\",\"description\":\"Wir bieten STRAWBERRY PITAYA LEMONADE 12000 Z\u00fcge coole LED-Lichter Gro\u00dfhandelspreis f\u00fcr E-Zigaretten , Elementvape.de akzeptieren Gro\u00df-und Einzelhandel Bestellungen.\",\"breadcrumb\":{\"@id\":\"https:\/\/www.elementvape.de\/sk\/produkt\/strawberry-pitaya-lemonade-12000-zuege-coole-led-lichter-grosshandelspreis-fuer-e-zigaretten\/#breadcrumb\"},\"inLanguage\":\"fr-FR\",\"potentialAction\":[{\"@type\":\"ReadAction\",\"target\":[\"https:\/\/www.elementvape.de\/sk\/produkt\/strawberry-pitaya-lemonade-12000-zuege-coole-led-lichter-grosshandelspreis-fuer-e-zigaretten\/\"]}]},{\"@type\":\"ImageObject\",\"inLanguage\":\"fr-FR\",\"@id\":\"https:\/\/www.elementvape.de\/sk\/produkt\/strawberry-pitaya-lemonade-12000-zuege-coole-led-lichter-grosshandelspreis-fuer-e-zigaretten\/#primaryimage\",\"url\":\"https:\/\/www.elementvape.de\/wp-content\/uploads\/2024\/08\/Strawberry-pitaya-lemonade_980.png\",\"contentUrl\":\"https:\/\/www.elementvape.de\/wp-content\/uploads\/2024\/08\/Strawberry-pitaya-lemonade_980.png\",\"width\":980,\"height\":980,\"caption\":\"STRAWBERRY PITAYA LEMONADE\"},{\"@type\":\"BreadcrumbList\",\"@id\":\"https:\/\/www.elementvape.de\/sk\/produkt\/strawberry-pitaya-lemonade-12000-zuege-coole-led-lichter-grosshandelspreis-fuer-e-zigaretten\/#breadcrumb\",\"itemListElement\":[{\"@type\":\"ListItem\",\"position\":1,\"name\":\"Home\",\"item\":\"https:\/\/www.elementvape.de\/\"},{\"@type\":\"ListItem\",\"position\":2,\"name\":\"Shop\",\"item\":\"https:\/\/www.elementvape.de\/shop\/\"},{\"@type\":\"ListItem\",\"position\":3,\"name\":\"STRAWBERRY PITAYA LEMONADE 12000 Z\u00fcge coole LED-Lichter Gro\u00dfhandelspreis f\u00fcr E-Zigaretten\"}]},{\"@type\":\"WebSite\",\"@id\":\"https:\/\/www.elementvape.de\/#website\",\"url\":\"https:\/\/www.elementvape.de\/\",\"name\":\"ElementVape.de\",\"description\":\"\",\"publisher\":{\"@id\":\"https:\/\/www.elementvape.de\/#organization\"},\"potentialAction\":[{\"@type\":\"SearchAction\",\"target\":{\"@type\":\"EntryPoint\",\"urlTemplate\":\"https:\/\/www.elementvape.de\/?s={search_term_string}\"},\"query-input\":\"required name=search_term_string\"}],\"inLanguage\":\"fr-FR\"},{\"@type\":\"Organization\",\"@id\":\"https:\/\/www.elementvape.de\/#organization\",\"name\":\"ElementVape.DE\",\"url\":\"https:\/\/www.elementvape.de\/\",\"logo\":{\"@type\":\"ImageObject\",\"inLanguage\":\"fr-FR\",\"@id\":\"https:\/\/www.elementvape.de\/#\/schema\/logo\/image\/\",\"url\":\"https:\/\/www.elementvape.de\/wp-content\/uploads\/2024\/09\/cropped-1elementvape-3.png\",\"contentUrl\":\"https:\/\/www.elementvape.de\/wp-content\/uploads\/2024\/09\/cropped-1elementvape-3.png\",\"width\":285,\"height\":228,\"caption\":\"ElementVape.DE\"},\"image\":{\"@id\":\"https:\/\/www.elementvape.de\/#\/schema\/logo\/image\/\"}}]}<\/script>\n<!-- \/ Yoast SEO plugin. -->","yoast_head_json":{"title":"STRAWBERRY PITAYA LEMONADE 12000 Z\u00fcge coole LED-Lichter Gro\u00dfhandelspreis f\u00fcr E-Zigaretten | ElementVape.de","description":"Wir bieten STRAWBERRY PITAYA LEMONADE 12000 Z\u00fcge coole LED-Lichter Gro\u00dfhandelspreis f\u00fcr E-Zigaretten , Elementvape.de akzeptieren Gro\u00df-und Einzelhandel Bestellungen.","robots":{"index":"index","follow":"follow","max-snippet":"max-snippet:-1","max-image-preview":"max-image-preview:large","max-video-preview":"max-video-preview:-1"},"canonical":"https:\/\/www.elementvape.de\/fr\/produkt\/strawberry-pitaya-lemonade-12000-zuege-coole-led-lichter-grosshandelspreis-fuer-e-zigaretten\/","og_locale":"fr_FR","og_type":"article","og_title":"STRAWBERRY PITAYA LEMONADE 12000 Z\u00fcge coole LED-Lichter Gro\u00dfhandelspreis f\u00fcr E-Zigaretten | ElementVape.de","og_description":"Wir bieten STRAWBERRY PITAYA LEMONADE 12000 Z\u00fcge coole LED-Lichter Gro\u00dfhandelspreis f\u00fcr E-Zigaretten , Elementvape.de akzeptieren Gro\u00df-und Einzelhandel Bestellungen.","og_url":"https:\/\/www.elementvape.de\/fr\/produkt\/strawberry-pitaya-lemonade-12000-zuege-coole-led-lichter-grosshandelspreis-fuer-e-zigaretten\/","og_site_name":"ElementVape.de","article_modified_time":"2024-12-12T06:34:21+00:00","og_image":[{"width":980,"height":980,"url":"https:\/\/www.elementvape.de\/wp-content\/uploads\/2024\/08\/Strawberry-pitaya-lemonade_980.png","type":"image\/png"}],"twitter_card":"summary_large_image","twitter_misc":{"Est. reading time":"2 minutes"},"schema":{"@context":"https:\/\/schema.org","@graph":[{"@type":"WebPage","@id":"https:\/\/www.elementvape.de\/sk\/produkt\/strawberry-pitaya-lemonade-12000-zuege-coole-led-lichter-grosshandelspreis-fuer-e-zigaretten\/","url":"https:\/\/www.elementvape.de\/sk\/produkt\/strawberry-pitaya-lemonade-12000-zuege-coole-led-lichter-grosshandelspreis-fuer-e-zigaretten\/","name":"STRAWBERRY PITAYA LEMONADE 12000 Z\u00fcge coole LED-Lichter Gro\u00dfhandelspreis f\u00fcr E-Zigaretten | ElementVape.de","isPartOf":{"@id":"https:\/\/www.elementvape.de\/#website"},"primaryImageOfPage":{"@id":"https:\/\/www.elementvape.de\/sk\/produkt\/strawberry-pitaya-lemonade-12000-zuege-coole-led-lichter-grosshandelspreis-fuer-e-zigaretten\/#primaryimage"},"image":{"@id":"https:\/\/www.elementvape.de\/sk\/produkt\/strawberry-pitaya-lemonade-12000-zuege-coole-led-lichter-grosshandelspreis-fuer-e-zigaretten\/#primaryimage"},"thumbnailUrl":"https:\/\/www.elementvape.de\/wp-content\/uploads\/2024\/08\/Strawberry-pitaya-lemonade_980.png","datePublished":"2024-08-20T09:11:56+00:00","dateModified":"2024-12-12T06:34:21+00:00","description":"Wir bieten STRAWBERRY PITAYA LEMONADE 12000 Z\u00fcge coole LED-Lichter Gro\u00dfhandelspreis f\u00fcr E-Zigaretten , Elementvape.de akzeptieren Gro\u00df-und Einzelhandel Bestellungen.","breadcrumb":{"@id":"https:\/\/www.elementvape.de\/sk\/produkt\/strawberry-pitaya-lemonade-12000-zuege-coole-led-lichter-grosshandelspreis-fuer-e-zigaretten\/#breadcrumb"},"inLanguage":"fr-FR","potentialAction":[{"@type":"ReadAction","target":["https:\/\/www.elementvape.de\/sk\/produkt\/strawberry-pitaya-lemonade-12000-zuege-coole-led-lichter-grosshandelspreis-fuer-e-zigaretten\/"]}]},{"@type":"ImageObject","inLanguage":"fr-FR","@id":"https:\/\/www.elementvape.de\/sk\/produkt\/strawberry-pitaya-lemonade-12000-zuege-coole-led-lichter-grosshandelspreis-fuer-e-zigaretten\/#primaryimage","url":"https:\/\/www.elementvape.de\/wp-content\/uploads\/2024\/08\/Strawberry-pitaya-lemonade_980.png","contentUrl":"https:\/\/www.elementvape.de\/wp-content\/uploads\/2024\/08\/Strawberry-pitaya-lemonade_980.png","width":980,"height":980,"caption":"STRAWBERRY PITAYA LEMONADE"},{"@type":"BreadcrumbList","@id":"https:\/\/www.elementvape.de\/sk\/produkt\/strawberry-pitaya-lemonade-12000-zuege-coole-led-lichter-grosshandelspreis-fuer-e-zigaretten\/#breadcrumb","itemListElement":[{"@type":"ListItem","position":1,"name":"Home","item":"https:\/\/www.elementvape.de\/"},{"@type":"ListItem","position":2,"name":"Shop","item":"https:\/\/www.elementvape.de\/shop\/"},{"@type":"ListItem","position":3,"name":"STRAWBERRY PITAYA LEMONADE 12000 Z\u00fcge coole LED-Lichter Gro\u00dfhandelspreis f\u00fcr E-Zigaretten"}]},{"@type":"WebSite","@id":"https:\/\/www.elementvape.de\/#website","url":"https:\/\/www.elementvape.de\/","name":"ElementVape.de","description":"","publisher":{"@id":"https:\/\/www.elementvape.de\/#organization"},"potentialAction":[{"@type":"SearchAction","target":{"@type":"EntryPoint","urlTemplate":"https:\/\/www.elementvape.de\/?s={search_term_string}"},"query-input":"required name=search_term_string"}],"inLanguage":"fr-FR"},{"@type":"Organization","@id":"https:\/\/www.elementvape.de\/#organization","name":"ElementVape.DE","url":"https:\/\/www.elementvape.de\/","logo":{"@type":"ImageObject","inLanguage":"fr-FR","@id":"https:\/\/www.elementvape.de\/#\/schema\/logo\/image\/","url":"https:\/\/www.elementvape.de\/wp-content\/uploads\/2024\/09\/cropped-1elementvape-3.png","contentUrl":"https:\/\/www.elementvape.de\/wp-content\/uploads\/2024\/09\/cropped-1elementvape-3.png","width":285,"height":228,"caption":"ElementVape.DE"},"image":{"@id":"https:\/\/www.elementvape.de\/#\/schema\/logo\/image\/"}}]}},"_links":{"self":[{"href":"https:\/\/www.elementvape.de\/fr\/wp-json\/wp\/v2\/product\/13895"}],"collection":[{"href":"https:\/\/www.elementvape.de\/fr\/wp-json\/wp\/v2\/product"}],"about":[{"href":"https:\/\/www.elementvape.de\/fr\/wp-json\/wp\/v2\/types\/product"}],"wp:featuredmedia":[{"embeddable":true,"href":"https:\/\/www.elementvape.de\/fr\/wp-json\/wp\/v2\/media\/13896"}],"wp:attachment":[{"href":"https:\/\/www.elementvape.de\/fr\/wp-json\/wp\/v2\/media?parent=13895"}],"wp:term":[{"taxonomy":"product_cat","embeddable":true,"href":"https:\/\/www.elementvape.de\/fr\/wp-json\/wp\/v2\/product_cat?post=13895"},{"taxonomy":"product_tag","embeddable":true,"href":"https:\/\/www.elementvape.de\/fr\/wp-json\/wp\/v2\/product_tag?post=13895"}],"curies":[{"name":"wp","href":"https:\/\/api.w.org\/{rel}","templated":true}]}}