{"id":13878,"date":"2024-08-20T06:10:36","date_gmt":"2024-08-20T06:10:36","guid":{"rendered":"https:\/\/www.elementvape.de\/?post_type=product&#038;p=13878"},"modified":"2024-12-12T06:34:28","modified_gmt":"2024-12-12T06:34:28","slug":"elf-shisha-16000-e-zigarette-der-fruchtig-kuehle-lush-ice-vape-fuer-heisse-tage-16000puffs","status":"publish","type":"product","link":"https:\/\/www.elementvape.de\/fr\/produkt\/elf-shisha-16000-e-zigarette-der-fruchtig-kuehle-lush-ice-vape-fuer-heisse-tage-16000puffs\/","title":{"rendered":"ELF SHISHA 16000 Cigarette \u00e9lectronique 16000 Bouff\u00e9es La vape fruit\u00e9e-fra\u00eeche Lush Ice pour les journ\u00e9es chaudes 16000PUFFS"},"content":{"rendered":"<div class=\"flex-shrink-0 flex flex-col relative items-end\">\n<div>\n<div class=\"pt-0\">\n<div class=\"gizmo-bot-avatar flex h-8 w-8 items-center justify-center overflow-hidden rounded-full\">\n<h2 class=\"relative p-1 rounded-sm flex items-center justify-center bg-token-main-surface-primary text-token-text-primary h-8 w-8\"><span style=\"font-size: 1.618em;\">Description du produit pour Lush Ice ELF SHISHA 16000 Puffs<\/span><\/h2>\n<\/div>\n<\/div>\n<\/div>\n<\/div>\n<div class=\"group\/conversation-turn relative flex w-full min-w-0 flex-col agent-turn\">\n<div class=\"flex-col gap-1 md:gap-3\">\n<div class=\"flex max-w-full flex-col flex-grow\">\n<div class=\"min-h-[20px] text-message flex w-full flex-col items-end gap-2 whitespace-pre-wrap break-words [.text-message+&amp;]:mt-5 overflow-x-auto\" dir=\"auto\" data-message-author-role=\"assistant\" data-message-id=\"f610233d-ff2a-454f-9ba7-132652bbca68\">\n<div class=\"flex w-full flex-col gap-1 empty:hidden first:pt-[3px]\">\n<div class=\"markdown prose w-full break-words dark:prose-invert light\">\n<p>Le Lush Ice ELF SHISHA 16000 vous offre une exp\u00e9rience gustative rafra\u00eechissante et fruit\u00e9e, id\u00e9ale pour les journ\u00e9es chaudes d'\u00e9t\u00e9. Cet ar\u00f4me combine la douceur juteuse des melons m\u00fbrs avec une fra\u00eecheur glac\u00e9e intense, apportant une sensation vivifiante \u00e0 chaque inhalation. Le go\u00fbt de Lush Ice est un m\u00e9lange harmonieux de douceur fruit\u00e9e et de fra\u00eecheur rafra\u00eechissante, qui ravit vos sens et vous donne l'impression de d\u00e9guster un cocktail de melon glac\u00e9 lors d'une journ\u00e9e ensoleill\u00e9e.<\/p>\n<p>\u00c0 chaque inhalation du Lush Ice <strong><a href=\"https:\/\/www.elementvape.de\/fr\/c\/elf-shisha-16000\/\" target=\"_blank\" rel=\"noopener\">ELF SHISHA 16000<\/a><\/strong> ressentez une vague de fra\u00eecheur, parfaite pour se rafra\u00eechir lors des journ\u00e9es chaudes ou simplement pour profiter d'une saveur fruit\u00e9e et glac\u00e9e en toute saison. Cette combinaison de saveurs est id\u00e9ale pour tous ceux qui aiment les ar\u00f4mes fruit\u00e9s et appr\u00e9cient en m\u00eame temps l'effet rafra\u00eechissant du menthol.<\/p>\n<h3>Technologie de pointe et durabilit\u00e9 exceptionnelle<\/h3>\n<p>Le Lush Ice ELF SHISHA 16000 n'est pas seulement un choix de premier ordre en termes de go\u00fbt, mais se distingue \u00e9galement par sa technologie avanc\u00e9e. Avec une capacit\u00e9 impressionnante de 16 000 inhalations, cet appareil est con\u00e7u pour durer longtemps et vous offrir une exp\u00e9rience de vapotage intense en continu. La bobine en mesh de 0,6 ohm assure une production de vapeur uniforme, mettant en valeur l'ar\u00f4me Lush Ice et cr\u00e9ant des nuages denses et lisses.<\/p>\n<p>La batterie int\u00e9gr\u00e9e rechargeable de 18250\u2013600 mAh peut \u00eatre facilement recharg\u00e9e via le port Type-C, offrant une source d'\u00e9nergie fiable et durable. L'indicateur LED pratique vous informe en permanence du niveau de la batterie, tandis que le r\u00e9glage de l'air permet d'ajuster la r\u00e9sistance \u00e0 l'inhalation selon vos pr\u00e9f\u00e9rences personnelles. Ces fonctionnalit\u00e9s font du Lush Ice ELF SHISHA 16000 un appareil de premier ordre pour les vapoteurs soucieux de la qualit\u00e9 et de la convivialit\u00e9.<\/p>\n<h3>Parfait pour les journ\u00e9es chaudes : plaisir rafra\u00eechissant sans taxes<\/h3>\n<p>Avec le Lush Ice ELF SHISHA 16000, profitez non seulement d'une exp\u00e9rience gustative de premier ordre, mais aussi des avantages d'un achat sans taxes. Ce produit haut de gamme vous offre un plaisir fruit\u00e9 et glac\u00e9 exceptionnel \u00e0 un prix attractif, puisqu'il est disponible en duty-free. Particuli\u00e8rement lors des journ\u00e9es chaudes, l'effet rafra\u00eechissant de Lush Ice est id\u00e9al pour vous apporter une agr\u00e9able fra\u00eecheur.<\/p>\n<p>L'emballage est r\u00e9fl\u00e9chi et pratique, facilitant le transport et le stockage. Avec 200 pi\u00e8ces par carton et un poids total de 18,3 kg, la manipulation est efficace et simple. Gr\u00e2ce \u00e0 sa taille compacte de 30 x 125,5 mm et \u00e0 un poids de seulement 85 g par pi\u00e8ce, le Lush Ice ELF SHISHA 16000 est le compagnon id\u00e9al pour profiter d'une fra\u00eecheur fruit\u00e9e \u00e0 tout moment, m\u00eame en d\u00e9placement.<\/p>\n<p>Le Lush Ice ELF SHISHA 16000 est le vapoteur sans taxes id\u00e9al pour tous ceux qui recherchent une exp\u00e9rience de vapotage rafra\u00eechissante et fruit\u00e9e lors des journ\u00e9es chaudes. Gr\u00e2ce \u00e0 une technologie de pointe et une durabilit\u00e9 exceptionnelle, vous pouvez profiter \u00e0 tout moment et partout d'une exp\u00e9rience fra\u00eeche et savoureuse.<\/p>\n<\/div>\n<\/div>\n<\/div>\n<\/div>\n<\/div>\n<\/div>","protected":false},"excerpt":{"rendered":"<p>Produktbeschreibung f\u00fcr Lush Ice ELF SHISHA 16000 Puffs Die Lush Ice ELF SHISHA 16000 bietet Ihnen ein erfrischendes und fruchtiges Geschmackserlebnis, das sich perfekt f\u00fcr hei\u00dfe Sommertage eignet. Dieses Aroma kombiniert die saftige S\u00fc\u00dfe von reifen Wassermelonen mit einer intensiven Eisk\u00fchle, die jedem Zug eine belebende Frische verleiht. Der Geschmack von Lush Ice ist eine [&hellip;]<\/p>","protected":false},"featured_media":13879,"template":"","meta":{"inline_featured_image":false},"product_cat":[15,78,747,740,734,753,719,732],"product_tag":[710,720],"tiered_pricing_type":"fixed","tiered_pricing_fixed_rules":{"110":"8.47","200":"7.53","500":"6.59"},"tiered_pricing_percentage_rules":[],"tiered_pricing_minimum":1,"_administrator_tiered_pricing_type":"fixed","_administrator_tiered_pricing_fixed_rules":[],"_editor_tiered_pricing_type":"fixed","_editor_tiered_pricing_fixed_rules":[],"_author_tiered_pricing_type":"fixed","_author_tiered_pricing_fixed_rules":[],"_contributor_tiered_pricing_type":"fixed","_contributor_tiered_pricing_fixed_rules":[],"_subscriber_tiered_pricing_type":"fixed","_subscriber_tiered_pricing_fixed_rules":[],"_customer_tiered_pricing_type":"fixed","_customer_tiered_pricing_fixed_rules":[],"_shop_manager_tiered_pricing_type":"fixed","_shop_manager_tiered_pricing_fixed_rules":[],"_wpseo_manager_tiered_pricing_type":"fixed","_wpseo_manager_tiered_pricing_fixed_rules":[],"_wpseo_editor_tiered_pricing_type":"fixed","_wpseo_editor_tiered_pricing_fixed_rules":[],"_wholesale_customer_tiered_pricing_type":"fixed","_wholesale_customer_tiered_pricing_fixed_rules":[],"_marketer_tiered_pricing_type":"fixed","_marketer_tiered_pricing_fixed_rules":[],"_sales_manager_tiered_pricing_type":"fixed","_sales_manager_tiered_pricing_fixed_rules":[],"_sales_rep_tiered_pricing_type":"fixed","_sales_rep_tiered_pricing_fixed_rules":[],"yoast_head":"<!-- This site is optimized with the Yoast SEO plugin v23.3 - https:\/\/yoast.com\/wordpress\/plugins\/seo\/ -->\n<title>ELF SHISHA 16000 E-Zigarette Der fruchtig-k\u00fchle Lush Ice Vape f\u00fcr hei\u00dfe Tage 16000PUFFS | ElementVape.de<\/title>\n<meta name=\"description\" content=\"Wir bieten ELF SHISHA 16000 E-Zigarette Der fruchtig-k\u00fchle Lush Ice Vape f\u00fcr hei\u00dfe Tage 16000PUFFS , Elementvape.de akzeptieren Gro\u00df-und Einzelhandel Bestellungen.\" \/>\n<meta name=\"robots\" content=\"index, follow, max-snippet:-1, max-image-preview:large, max-video-preview:-1\" \/>\n<link rel=\"canonical\" href=\"https:\/\/www.elementvape.de\/fr\/produkt\/elf-shisha-16000-e-zigarette-der-fruchtig-kuehle-lush-ice-vape-fuer-heisse-tage-16000puffs\/\" \/>\n<meta property=\"og:locale\" content=\"fr_FR\" \/>\n<meta property=\"og:type\" content=\"article\" \/>\n<meta property=\"og:title\" content=\"ELF SHISHA 16000 E-Zigarette Der fruchtig-k\u00fchle Lush Ice Vape f\u00fcr hei\u00dfe Tage 16000PUFFS | ElementVape.de\" \/>\n<meta property=\"og:description\" content=\"Wir bieten ELF SHISHA 16000 E-Zigarette Der fruchtig-k\u00fchle Lush Ice Vape f\u00fcr hei\u00dfe Tage 16000PUFFS , Elementvape.de akzeptieren Gro\u00df-und Einzelhandel Bestellungen.\" \/>\n<meta property=\"og:url\" content=\"https:\/\/www.elementvape.de\/fr\/produkt\/elf-shisha-16000-e-zigarette-der-fruchtig-kuehle-lush-ice-vape-fuer-heisse-tage-16000puffs\/\" \/>\n<meta property=\"og:site_name\" content=\"ElementVape.de\" \/>\n<meta property=\"article:modified_time\" content=\"2024-12-12T06:34:28+00:00\" \/>\n<meta property=\"og:image\" content=\"https:\/\/www.elementvape.de\/wp-content\/uploads\/2024\/08\/\u897f\u74dc\u51b02220000.png\" \/>\n\t<meta property=\"og:image:width\" content=\"1000\" \/>\n\t<meta property=\"og:image:height\" content=\"1000\" \/>\n\t<meta property=\"og:image:type\" content=\"image\/png\" \/>\n<meta name=\"twitter:card\" content=\"summary_large_image\" \/>\n<meta name=\"twitter:label1\" content=\"Est. reading time\" \/>\n\t<meta name=\"twitter:data1\" content=\"3 minutes\" \/>\n<script type=\"application\/ld+json\" class=\"yoast-schema-graph\">{\"@context\":\"https:\/\/schema.org\",\"@graph\":[{\"@type\":\"WebPage\",\"@id\":\"https:\/\/www.elementvape.de\/produkt\/elf-shisha-16000-e-zigarette-der-fruchtig-kuehle-lush-ice-vape-fuer-heisse-tage-16000puffs\/\",\"url\":\"https:\/\/www.elementvape.de\/produkt\/elf-shisha-16000-e-zigarette-der-fruchtig-kuehle-lush-ice-vape-fuer-heisse-tage-16000puffs\/\",\"name\":\"ELF SHISHA 16000 E-Zigarette Der fruchtig-k\u00fchle Lush Ice Vape f\u00fcr hei\u00dfe Tage 16000PUFFS | ElementVape.de\",\"isPartOf\":{\"@id\":\"https:\/\/www.elementvape.de\/#website\"},\"primaryImageOfPage\":{\"@id\":\"https:\/\/www.elementvape.de\/produkt\/elf-shisha-16000-e-zigarette-der-fruchtig-kuehle-lush-ice-vape-fuer-heisse-tage-16000puffs\/#primaryimage\"},\"image\":{\"@id\":\"https:\/\/www.elementvape.de\/produkt\/elf-shisha-16000-e-zigarette-der-fruchtig-kuehle-lush-ice-vape-fuer-heisse-tage-16000puffs\/#primaryimage\"},\"thumbnailUrl\":\"https:\/\/www.elementvape.de\/wp-content\/uploads\/2024\/08\/\u897f\u74dc\u51b02220000.png\",\"datePublished\":\"2024-08-20T06:10:36+00:00\",\"dateModified\":\"2024-12-12T06:34:28+00:00\",\"description\":\"Wir bieten ELF SHISHA 16000 E-Zigarette Der fruchtig-k\u00fchle Lush Ice Vape f\u00fcr hei\u00dfe Tage 16000PUFFS , Elementvape.de akzeptieren Gro\u00df-und Einzelhandel Bestellungen.\",\"breadcrumb\":{\"@id\":\"https:\/\/www.elementvape.de\/produkt\/elf-shisha-16000-e-zigarette-der-fruchtig-kuehle-lush-ice-vape-fuer-heisse-tage-16000puffs\/#breadcrumb\"},\"inLanguage\":\"fr-FR\",\"potentialAction\":[{\"@type\":\"ReadAction\",\"target\":[\"https:\/\/www.elementvape.de\/produkt\/elf-shisha-16000-e-zigarette-der-fruchtig-kuehle-lush-ice-vape-fuer-heisse-tage-16000puffs\/\"]}]},{\"@type\":\"ImageObject\",\"inLanguage\":\"fr-FR\",\"@id\":\"https:\/\/www.elementvape.de\/produkt\/elf-shisha-16000-e-zigarette-der-fruchtig-kuehle-lush-ice-vape-fuer-heisse-tage-16000puffs\/#primaryimage\",\"url\":\"https:\/\/www.elementvape.de\/wp-content\/uploads\/2024\/08\/\u897f\u74dc\u51b02220000.png\",\"contentUrl\":\"https:\/\/www.elementvape.de\/wp-content\/uploads\/2024\/08\/\u897f\u74dc\u51b02220000.png\",\"width\":1000,\"height\":1000,\"caption\":\"Lush ice\"},{\"@type\":\"BreadcrumbList\",\"@id\":\"https:\/\/www.elementvape.de\/produkt\/elf-shisha-16000-e-zigarette-der-fruchtig-kuehle-lush-ice-vape-fuer-heisse-tage-16000puffs\/#breadcrumb\",\"itemListElement\":[{\"@type\":\"ListItem\",\"position\":1,\"name\":\"Home\",\"item\":\"https:\/\/www.elementvape.de\/\"},{\"@type\":\"ListItem\",\"position\":2,\"name\":\"Shop\",\"item\":\"https:\/\/www.elementvape.de\/shop\/\"},{\"@type\":\"ListItem\",\"position\":3,\"name\":\"ELF SHISHA 16000 E-Zigarette Der fruchtig-k\u00fchle Lush Ice Vape f\u00fcr hei\u00dfe Tage 16000PUFFS\"}]},{\"@type\":\"WebSite\",\"@id\":\"https:\/\/www.elementvape.de\/#website\",\"url\":\"https:\/\/www.elementvape.de\/\",\"name\":\"ElementVape.de\",\"description\":\"\",\"publisher\":{\"@id\":\"https:\/\/www.elementvape.de\/#organization\"},\"potentialAction\":[{\"@type\":\"SearchAction\",\"target\":{\"@type\":\"EntryPoint\",\"urlTemplate\":\"https:\/\/www.elementvape.de\/?s={search_term_string}\"},\"query-input\":\"required name=search_term_string\"}],\"inLanguage\":\"fr-FR\"},{\"@type\":\"Organization\",\"@id\":\"https:\/\/www.elementvape.de\/#organization\",\"name\":\"ElementVape.DE\",\"url\":\"https:\/\/www.elementvape.de\/\",\"logo\":{\"@type\":\"ImageObject\",\"inLanguage\":\"fr-FR\",\"@id\":\"https:\/\/www.elementvape.de\/#\/schema\/logo\/image\/\",\"url\":\"https:\/\/www.elementvape.de\/wp-content\/uploads\/2024\/09\/cropped-1elementvape-3.png\",\"contentUrl\":\"https:\/\/www.elementvape.de\/wp-content\/uploads\/2024\/09\/cropped-1elementvape-3.png\",\"width\":285,\"height\":228,\"caption\":\"ElementVape.DE\"},\"image\":{\"@id\":\"https:\/\/www.elementvape.de\/#\/schema\/logo\/image\/\"}}]}<\/script>\n<!-- \/ Yoast SEO plugin. -->","yoast_head_json":{"title":"ELF SHISHA 16000 E-Zigarette Der fruchtig-k\u00fchle Lush Ice Vape f\u00fcr hei\u00dfe Tage 16000PUFFS | ElementVape.de","description":"Wir bieten ELF SHISHA 16000 E-Zigarette Der fruchtig-k\u00fchle Lush Ice Vape f\u00fcr hei\u00dfe Tage 16000PUFFS , Elementvape.de akzeptieren Gro\u00df-und Einzelhandel Bestellungen.","robots":{"index":"index","follow":"follow","max-snippet":"max-snippet:-1","max-image-preview":"max-image-preview:large","max-video-preview":"max-video-preview:-1"},"canonical":"https:\/\/www.elementvape.de\/fr\/produkt\/elf-shisha-16000-e-zigarette-der-fruchtig-kuehle-lush-ice-vape-fuer-heisse-tage-16000puffs\/","og_locale":"fr_FR","og_type":"article","og_title":"ELF SHISHA 16000 E-Zigarette Der fruchtig-k\u00fchle Lush Ice Vape f\u00fcr hei\u00dfe Tage 16000PUFFS | ElementVape.de","og_description":"Wir bieten ELF SHISHA 16000 E-Zigarette Der fruchtig-k\u00fchle Lush Ice Vape f\u00fcr hei\u00dfe Tage 16000PUFFS , Elementvape.de akzeptieren Gro\u00df-und Einzelhandel Bestellungen.","og_url":"https:\/\/www.elementvape.de\/fr\/produkt\/elf-shisha-16000-e-zigarette-der-fruchtig-kuehle-lush-ice-vape-fuer-heisse-tage-16000puffs\/","og_site_name":"ElementVape.de","article_modified_time":"2024-12-12T06:34:28+00:00","og_image":[{"width":1000,"height":1000,"url":"https:\/\/www.elementvape.de\/wp-content\/uploads\/2024\/08\/\u897f\u74dc\u51b02220000.png","type":"image\/png"}],"twitter_card":"summary_large_image","twitter_misc":{"Est. reading time":"3 minutes"},"schema":{"@context":"https:\/\/schema.org","@graph":[{"@type":"WebPage","@id":"https:\/\/www.elementvape.de\/produkt\/elf-shisha-16000-e-zigarette-der-fruchtig-kuehle-lush-ice-vape-fuer-heisse-tage-16000puffs\/","url":"https:\/\/www.elementvape.de\/produkt\/elf-shisha-16000-e-zigarette-der-fruchtig-kuehle-lush-ice-vape-fuer-heisse-tage-16000puffs\/","name":"ELF SHISHA 16000 E-Zigarette Der fruchtig-k\u00fchle Lush Ice Vape f\u00fcr hei\u00dfe Tage 16000PUFFS | ElementVape.de","isPartOf":{"@id":"https:\/\/www.elementvape.de\/#website"},"primaryImageOfPage":{"@id":"https:\/\/www.elementvape.de\/produkt\/elf-shisha-16000-e-zigarette-der-fruchtig-kuehle-lush-ice-vape-fuer-heisse-tage-16000puffs\/#primaryimage"},"image":{"@id":"https:\/\/www.elementvape.de\/produkt\/elf-shisha-16000-e-zigarette-der-fruchtig-kuehle-lush-ice-vape-fuer-heisse-tage-16000puffs\/#primaryimage"},"thumbnailUrl":"https:\/\/www.elementvape.de\/wp-content\/uploads\/2024\/08\/\u897f\u74dc\u51b02220000.png","datePublished":"2024-08-20T06:10:36+00:00","dateModified":"2024-12-12T06:34:28+00:00","description":"Wir bieten ELF SHISHA 16000 E-Zigarette Der fruchtig-k\u00fchle Lush Ice Vape f\u00fcr hei\u00dfe Tage 16000PUFFS , Elementvape.de akzeptieren Gro\u00df-und Einzelhandel Bestellungen.","breadcrumb":{"@id":"https:\/\/www.elementvape.de\/produkt\/elf-shisha-16000-e-zigarette-der-fruchtig-kuehle-lush-ice-vape-fuer-heisse-tage-16000puffs\/#breadcrumb"},"inLanguage":"fr-FR","potentialAction":[{"@type":"ReadAction","target":["https:\/\/www.elementvape.de\/produkt\/elf-shisha-16000-e-zigarette-der-fruchtig-kuehle-lush-ice-vape-fuer-heisse-tage-16000puffs\/"]}]},{"@type":"ImageObject","inLanguage":"fr-FR","@id":"https:\/\/www.elementvape.de\/produkt\/elf-shisha-16000-e-zigarette-der-fruchtig-kuehle-lush-ice-vape-fuer-heisse-tage-16000puffs\/#primaryimage","url":"https:\/\/www.elementvape.de\/wp-content\/uploads\/2024\/08\/\u897f\u74dc\u51b02220000.png","contentUrl":"https:\/\/www.elementvape.de\/wp-content\/uploads\/2024\/08\/\u897f\u74dc\u51b02220000.png","width":1000,"height":1000,"caption":"Lush ice"},{"@type":"BreadcrumbList","@id":"https:\/\/www.elementvape.de\/produkt\/elf-shisha-16000-e-zigarette-der-fruchtig-kuehle-lush-ice-vape-fuer-heisse-tage-16000puffs\/#breadcrumb","itemListElement":[{"@type":"ListItem","position":1,"name":"Home","item":"https:\/\/www.elementvape.de\/"},{"@type":"ListItem","position":2,"name":"Shop","item":"https:\/\/www.elementvape.de\/shop\/"},{"@type":"ListItem","position":3,"name":"ELF SHISHA 16000 E-Zigarette Der fruchtig-k\u00fchle Lush Ice Vape f\u00fcr hei\u00dfe Tage 16000PUFFS"}]},{"@type":"WebSite","@id":"https:\/\/www.elementvape.de\/#website","url":"https:\/\/www.elementvape.de\/","name":"ElementVape.de","description":"","publisher":{"@id":"https:\/\/www.elementvape.de\/#organization"},"potentialAction":[{"@type":"SearchAction","target":{"@type":"EntryPoint","urlTemplate":"https:\/\/www.elementvape.de\/?s={search_term_string}"},"query-input":"required name=search_term_string"}],"inLanguage":"fr-FR"},{"@type":"Organization","@id":"https:\/\/www.elementvape.de\/#organization","name":"ElementVape.DE","url":"https:\/\/www.elementvape.de\/","logo":{"@type":"ImageObject","inLanguage":"fr-FR","@id":"https:\/\/www.elementvape.de\/#\/schema\/logo\/image\/","url":"https:\/\/www.elementvape.de\/wp-content\/uploads\/2024\/09\/cropped-1elementvape-3.png","contentUrl":"https:\/\/www.elementvape.de\/wp-content\/uploads\/2024\/09\/cropped-1elementvape-3.png","width":285,"height":228,"caption":"ElementVape.DE"},"image":{"@id":"https:\/\/www.elementvape.de\/#\/schema\/logo\/image\/"}}]}},"_links":{"self":[{"href":"https:\/\/www.elementvape.de\/fr\/wp-json\/wp\/v2\/product\/13878"}],"collection":[{"href":"https:\/\/www.elementvape.de\/fr\/wp-json\/wp\/v2\/product"}],"about":[{"href":"https:\/\/www.elementvape.de\/fr\/wp-json\/wp\/v2\/types\/product"}],"wp:featuredmedia":[{"embeddable":true,"href":"https:\/\/www.elementvape.de\/fr\/wp-json\/wp\/v2\/media\/13879"}],"wp:attachment":[{"href":"https:\/\/www.elementvape.de\/fr\/wp-json\/wp\/v2\/media?parent=13878"}],"wp:term":[{"taxonomy":"product_cat","embeddable":true,"href":"https:\/\/www.elementvape.de\/fr\/wp-json\/wp\/v2\/product_cat?post=13878"},{"taxonomy":"product_tag","embeddable":true,"href":"https:\/\/www.elementvape.de\/fr\/wp-json\/wp\/v2\/product_tag?post=13878"}],"curies":[{"name":"wp","href":"https:\/\/api.w.org\/{rel}","templated":true}]}}