{"id":13855,"date":"2024-08-19T06:32:19","date_gmt":"2024-08-19T06:32:19","guid":{"rendered":"https:\/\/www.elementvape.de\/?post_type=product&#038;p=13855"},"modified":"2024-12-12T06:34:39","modified_gmt":"2024-12-12T06:34:39","slug":"red-bull-vape-elf-box-rgb14000-pro-der-zollfreie-genuss-fuer-einen-energiegeladenen-moment","status":"publish","type":"product","link":"https:\/\/www.elementvape.de\/fr\/produkt\/red-bull-vape-elf-box-rgb14000-pro-der-zollfreie-genuss-fuer-einen-energiegeladenen-moment\/","title":{"rendered":"Red Bull Vape ELF BOX RGB14000 pro Le plaisir sans taxes pour un moment \u00e9nergisant"},"content":{"rendered":"<table style=\"font-size: 16px;\">\n<thead>\n<tr>\n<th><strong>Caract\u00e9ristique<\/strong><\/th>\n<th><strong>D\u00e9tails<\/strong><\/th>\n<\/tr>\n<\/thead>\n<tbody>\n<tr>\n<td>Bouff\u00e9es<\/td>\n<td>14 000 bouff\u00e9es<\/td>\n<\/tr>\n<tr>\n<td>Noyau<\/td>\n<td>Mesh-Resistance, 1,0 Ohm<\/td>\n<\/tr>\n<tr>\n<td>E-Liquide<\/td>\n<td>25ml<\/td>\n<\/tr>\n<tr>\n<td>Niveaux de N-Stick<\/td>\n<td>0%, 2%, 3%, 5%<\/td>\n<\/tr>\n<tr>\n<td>Batterie<\/td>\n<td>18250, 600mAh<\/td>\n<\/tr>\n<tr>\n<td>Rechargeable<\/td>\n<td>Type-C<\/td>\n<\/tr>\n<tr>\n<td>Affichage<\/td>\n<td>\u00c9cran LED<\/td>\n<\/tr>\n<tr>\n<td>\u00c9clairage<\/td>\n<td>Lumi\u00e8re RGB + lani\u00e8re color\u00e9e<\/td>\n<\/tr>\n<tr>\n<td>Poids<\/td>\n<td>105g<\/td>\n<\/tr>\n<tr>\n<td>Taille<\/td>\n<td>35 x 36 x 133,5 mm<\/td>\n<\/tr>\n<\/tbody>\n<\/table>\n<h3><strong>LF BOX RGB14000 \u2013 Red Bull Vape pour un moment plein d'\u00e9nergie<\/strong><\/h3>\n<p>D\u00e9couvrez le plaisir \u00e9nergisant avec la ELF BOX RGB14000 au go\u00fbt de Red Bull. Cet appareil vous offre 14 000 bouff\u00e9es de luxe en vapeur pure et assure le coup de pouce parfait, quand vous en avez besoin.<\/p>\n<p>Profitez du go\u00fbt sans taxe de Red Bull de la ELF BOX RGB14000, qui vous offre une exp\u00e9rience \u00e9nergisante \u00e0 chaque inhalation. Avec 14 000 bouff\u00e9es et des fonctionnalit\u00e9s impressionnantes, cet appareil de vapotage est le choix id\u00e9al pour votre coup de fra\u00eecheur ultime.<\/p>\n<h3>Vape \u00e9nergisante \u2013 ELF BOX RGB14000 Red Bull Vape<\/h3>\n<p>La ELF BOX RGB14000 combine le go\u00fbt inimitable de Red Bull avec une capacit\u00e9 de 14 000 bouff\u00e9es. D\u00e9couvrez un plaisir sans taxe et un moment \u00e9nergisant gr\u00e2ce \u00e0 une technologie de pointe et un design styl\u00e9.<\/p>\n<h3><\/h3>","protected":false},"excerpt":{"rendered":"<p>Merkmal Details Puffs 14.000 Z\u00fcge Kern Mesh-Coil, 1,0 Ohm E-Liquid 25ml N-St\u00e4rken 0%, 2%, 3%, 5% Akku 18250, 600mAh Wiederaufladbar Type-C Anzeige LED-Display Beleuchtung RGB-Licht + bunter Lanyard Gewicht 105g Gr\u00f6\u00dfe 35 x 36 x 133,5 mm LF BOX RGB14000 \u2013 Red Bull Vape f\u00fcr einen energiegeladenen Moment Erleben Sie den energiegeladenen Genuss mit der [&hellip;]<\/p>","protected":false},"featured_media":13856,"template":"","meta":{"inline_featured_image":false},"product_cat":[15,78,747,740,734,753,718,732],"product_tag":[710,674],"tiered_pricing_type":"fixed","tiered_pricing_fixed_rules":{"110":"7.95","200":"7.06","500":"6.18"},"tiered_pricing_percentage_rules":[],"tiered_pricing_minimum":1,"_administrator_tiered_pricing_type":"fixed","_administrator_tiered_pricing_fixed_rules":[],"_editor_tiered_pricing_type":"fixed","_editor_tiered_pricing_fixed_rules":[],"_author_tiered_pricing_type":"fixed","_author_tiered_pricing_fixed_rules":[],"_contributor_tiered_pricing_type":"fixed","_contributor_tiered_pricing_fixed_rules":[],"_subscriber_tiered_pricing_type":"fixed","_subscriber_tiered_pricing_fixed_rules":[],"_customer_tiered_pricing_type":"fixed","_customer_tiered_pricing_fixed_rules":[],"_shop_manager_tiered_pricing_type":"fixed","_shop_manager_tiered_pricing_fixed_rules":[],"_wpseo_manager_tiered_pricing_type":"fixed","_wpseo_manager_tiered_pricing_fixed_rules":[],"_wpseo_editor_tiered_pricing_type":"fixed","_wpseo_editor_tiered_pricing_fixed_rules":[],"_wholesale_customer_tiered_pricing_type":"fixed","_wholesale_customer_tiered_pricing_fixed_rules":[],"_marketer_tiered_pricing_type":"fixed","_marketer_tiered_pricing_fixed_rules":[],"_sales_manager_tiered_pricing_type":"fixed","_sales_manager_tiered_pricing_fixed_rules":[],"_sales_rep_tiered_pricing_type":"fixed","_sales_rep_tiered_pricing_fixed_rules":[],"yoast_head":"<!-- This site is optimized with the Yoast SEO plugin v23.3 - https:\/\/yoast.com\/wordpress\/plugins\/seo\/ -->\n<title>Red Bull Vape ELF BOX RGB14000 pro der zollfreie Genuss f\u00fcr einen energiegeladenen Moment | ElementVape.de<\/title>\n<meta name=\"description\" content=\"Wir bieten Red Bull Vape ELF BOX RGB14000 pro der zollfreie Genuss f\u00fcr einen energiegeladenen Moment , Elementvape.de akzeptieren Gro\u00df-und Einzelhandel Bestellungen.\" \/>\n<meta name=\"robots\" content=\"index, follow, max-snippet:-1, max-image-preview:large, max-video-preview:-1\" \/>\n<link rel=\"canonical\" href=\"https:\/\/www.elementvape.de\/fr\/produkt\/red-bull-vape-elf-box-rgb14000-pro-der-zollfreie-genuss-fuer-einen-energiegeladenen-moment\/\" \/>\n<meta property=\"og:locale\" content=\"fr_FR\" \/>\n<meta property=\"og:type\" content=\"article\" \/>\n<meta property=\"og:title\" content=\"Red Bull Vape ELF BOX RGB14000 pro der zollfreie Genuss f\u00fcr einen energiegeladenen Moment | ElementVape.de\" \/>\n<meta property=\"og:description\" content=\"Wir bieten Red Bull Vape ELF BOX RGB14000 pro der zollfreie Genuss f\u00fcr einen energiegeladenen Moment , Elementvape.de akzeptieren Gro\u00df-und Einzelhandel Bestellungen.\" \/>\n<meta property=\"og:url\" content=\"https:\/\/www.elementvape.de\/fr\/produkt\/red-bull-vape-elf-box-rgb14000-pro-der-zollfreie-genuss-fuer-einen-energiegeladenen-moment\/\" \/>\n<meta property=\"og:site_name\" content=\"ElementVape.de\" \/>\n<meta property=\"article:modified_time\" content=\"2024-12-12T06:34:39+00:00\" \/>\n<meta property=\"og:image\" content=\"https:\/\/www.elementvape.de\/wp-content\/uploads\/2024\/08\/\u7ea2\u725b0000.png\" \/>\n\t<meta property=\"og:image:width\" content=\"1000\" \/>\n\t<meta property=\"og:image:height\" content=\"1000\" \/>\n\t<meta property=\"og:image:type\" content=\"image\/png\" \/>\n<meta name=\"twitter:card\" content=\"summary_large_image\" \/>\n<meta name=\"twitter:label1\" content=\"Est. reading time\" \/>\n\t<meta name=\"twitter:data1\" content=\"2 minutes\" \/>\n<script type=\"application\/ld+json\" class=\"yoast-schema-graph\">{\"@context\":\"https:\/\/schema.org\",\"@graph\":[{\"@type\":\"WebPage\",\"@id\":\"https:\/\/www.elementvape.de\/sk\/produkt\/red-bull-vape-elf-box-rgb14000-pro-der-zollfreie-genuss-fuer-einen-energiegeladenen-moment\/\",\"url\":\"https:\/\/www.elementvape.de\/sk\/produkt\/red-bull-vape-elf-box-rgb14000-pro-der-zollfreie-genuss-fuer-einen-energiegeladenen-moment\/\",\"name\":\"Red Bull Vape ELF BOX RGB14000 pro der zollfreie Genuss f\u00fcr einen energiegeladenen Moment | ElementVape.de\",\"isPartOf\":{\"@id\":\"https:\/\/www.elementvape.de\/#website\"},\"primaryImageOfPage\":{\"@id\":\"https:\/\/www.elementvape.de\/sk\/produkt\/red-bull-vape-elf-box-rgb14000-pro-der-zollfreie-genuss-fuer-einen-energiegeladenen-moment\/#primaryimage\"},\"image\":{\"@id\":\"https:\/\/www.elementvape.de\/sk\/produkt\/red-bull-vape-elf-box-rgb14000-pro-der-zollfreie-genuss-fuer-einen-energiegeladenen-moment\/#primaryimage\"},\"thumbnailUrl\":\"https:\/\/www.elementvape.de\/wp-content\/uploads\/2024\/08\/\u7ea2\u725b0000.png\",\"datePublished\":\"2024-08-19T06:32:19+00:00\",\"dateModified\":\"2024-12-12T06:34:39+00:00\",\"description\":\"Wir bieten Red Bull Vape ELF BOX RGB14000 pro der zollfreie Genuss f\u00fcr einen energiegeladenen Moment , Elementvape.de akzeptieren Gro\u00df-und Einzelhandel Bestellungen.\",\"breadcrumb\":{\"@id\":\"https:\/\/www.elementvape.de\/sk\/produkt\/red-bull-vape-elf-box-rgb14000-pro-der-zollfreie-genuss-fuer-einen-energiegeladenen-moment\/#breadcrumb\"},\"inLanguage\":\"fr-FR\",\"potentialAction\":[{\"@type\":\"ReadAction\",\"target\":[\"https:\/\/www.elementvape.de\/sk\/produkt\/red-bull-vape-elf-box-rgb14000-pro-der-zollfreie-genuss-fuer-einen-energiegeladenen-moment\/\"]}]},{\"@type\":\"ImageObject\",\"inLanguage\":\"fr-FR\",\"@id\":\"https:\/\/www.elementvape.de\/sk\/produkt\/red-bull-vape-elf-box-rgb14000-pro-der-zollfreie-genuss-fuer-einen-energiegeladenen-moment\/#primaryimage\",\"url\":\"https:\/\/www.elementvape.de\/wp-content\/uploads\/2024\/08\/\u7ea2\u725b0000.png\",\"contentUrl\":\"https:\/\/www.elementvape.de\/wp-content\/uploads\/2024\/08\/\u7ea2\u725b0000.png\",\"width\":1000,\"height\":1000,\"caption\":\"Red Bull\"},{\"@type\":\"BreadcrumbList\",\"@id\":\"https:\/\/www.elementvape.de\/sk\/produkt\/red-bull-vape-elf-box-rgb14000-pro-der-zollfreie-genuss-fuer-einen-energiegeladenen-moment\/#breadcrumb\",\"itemListElement\":[{\"@type\":\"ListItem\",\"position\":1,\"name\":\"Home\",\"item\":\"https:\/\/www.elementvape.de\/\"},{\"@type\":\"ListItem\",\"position\":2,\"name\":\"Shop\",\"item\":\"https:\/\/www.elementvape.de\/shop\/\"},{\"@type\":\"ListItem\",\"position\":3,\"name\":\"Red Bull Vape ELF BOX RGB14000 pro der zollfreie Genuss f\u00fcr einen energiegeladenen Moment\"}]},{\"@type\":\"WebSite\",\"@id\":\"https:\/\/www.elementvape.de\/#website\",\"url\":\"https:\/\/www.elementvape.de\/\",\"name\":\"ElementVape.de\",\"description\":\"\",\"publisher\":{\"@id\":\"https:\/\/www.elementvape.de\/#organization\"},\"potentialAction\":[{\"@type\":\"SearchAction\",\"target\":{\"@type\":\"EntryPoint\",\"urlTemplate\":\"https:\/\/www.elementvape.de\/?s={search_term_string}\"},\"query-input\":\"required name=search_term_string\"}],\"inLanguage\":\"fr-FR\"},{\"@type\":\"Organization\",\"@id\":\"https:\/\/www.elementvape.de\/#organization\",\"name\":\"ElementVape.DE\",\"url\":\"https:\/\/www.elementvape.de\/\",\"logo\":{\"@type\":\"ImageObject\",\"inLanguage\":\"fr-FR\",\"@id\":\"https:\/\/www.elementvape.de\/#\/schema\/logo\/image\/\",\"url\":\"https:\/\/www.elementvape.de\/wp-content\/uploads\/2024\/09\/cropped-1elementvape-3.png\",\"contentUrl\":\"https:\/\/www.elementvape.de\/wp-content\/uploads\/2024\/09\/cropped-1elementvape-3.png\",\"width\":285,\"height\":228,\"caption\":\"ElementVape.DE\"},\"image\":{\"@id\":\"https:\/\/www.elementvape.de\/#\/schema\/logo\/image\/\"}}]}<\/script>\n<!-- \/ Yoast SEO plugin. -->","yoast_head_json":{"title":"Red Bull Vape ELF BOX RGB14000 pro der zollfreie Genuss f\u00fcr einen energiegeladenen Moment | ElementVape.de","description":"Wir bieten Red Bull Vape ELF BOX RGB14000 pro der zollfreie Genuss f\u00fcr einen energiegeladenen Moment , Elementvape.de akzeptieren Gro\u00df-und Einzelhandel Bestellungen.","robots":{"index":"index","follow":"follow","max-snippet":"max-snippet:-1","max-image-preview":"max-image-preview:large","max-video-preview":"max-video-preview:-1"},"canonical":"https:\/\/www.elementvape.de\/fr\/produkt\/red-bull-vape-elf-box-rgb14000-pro-der-zollfreie-genuss-fuer-einen-energiegeladenen-moment\/","og_locale":"fr_FR","og_type":"article","og_title":"Red Bull Vape ELF BOX RGB14000 pro der zollfreie Genuss f\u00fcr einen energiegeladenen Moment | ElementVape.de","og_description":"Wir bieten Red Bull Vape ELF BOX RGB14000 pro der zollfreie Genuss f\u00fcr einen energiegeladenen Moment , Elementvape.de akzeptieren Gro\u00df-und Einzelhandel Bestellungen.","og_url":"https:\/\/www.elementvape.de\/fr\/produkt\/red-bull-vape-elf-box-rgb14000-pro-der-zollfreie-genuss-fuer-einen-energiegeladenen-moment\/","og_site_name":"ElementVape.de","article_modified_time":"2024-12-12T06:34:39+00:00","og_image":[{"width":1000,"height":1000,"url":"https:\/\/www.elementvape.de\/wp-content\/uploads\/2024\/08\/\u7ea2\u725b0000.png","type":"image\/png"}],"twitter_card":"summary_large_image","twitter_misc":{"Est. reading time":"2 minutes"},"schema":{"@context":"https:\/\/schema.org","@graph":[{"@type":"WebPage","@id":"https:\/\/www.elementvape.de\/sk\/produkt\/red-bull-vape-elf-box-rgb14000-pro-der-zollfreie-genuss-fuer-einen-energiegeladenen-moment\/","url":"https:\/\/www.elementvape.de\/sk\/produkt\/red-bull-vape-elf-box-rgb14000-pro-der-zollfreie-genuss-fuer-einen-energiegeladenen-moment\/","name":"Red Bull Vape ELF BOX RGB14000 pro der zollfreie Genuss f\u00fcr einen energiegeladenen Moment | ElementVape.de","isPartOf":{"@id":"https:\/\/www.elementvape.de\/#website"},"primaryImageOfPage":{"@id":"https:\/\/www.elementvape.de\/sk\/produkt\/red-bull-vape-elf-box-rgb14000-pro-der-zollfreie-genuss-fuer-einen-energiegeladenen-moment\/#primaryimage"},"image":{"@id":"https:\/\/www.elementvape.de\/sk\/produkt\/red-bull-vape-elf-box-rgb14000-pro-der-zollfreie-genuss-fuer-einen-energiegeladenen-moment\/#primaryimage"},"thumbnailUrl":"https:\/\/www.elementvape.de\/wp-content\/uploads\/2024\/08\/\u7ea2\u725b0000.png","datePublished":"2024-08-19T06:32:19+00:00","dateModified":"2024-12-12T06:34:39+00:00","description":"Wir bieten Red Bull Vape ELF BOX RGB14000 pro der zollfreie Genuss f\u00fcr einen energiegeladenen Moment , Elementvape.de akzeptieren Gro\u00df-und Einzelhandel Bestellungen.","breadcrumb":{"@id":"https:\/\/www.elementvape.de\/sk\/produkt\/red-bull-vape-elf-box-rgb14000-pro-der-zollfreie-genuss-fuer-einen-energiegeladenen-moment\/#breadcrumb"},"inLanguage":"fr-FR","potentialAction":[{"@type":"ReadAction","target":["https:\/\/www.elementvape.de\/sk\/produkt\/red-bull-vape-elf-box-rgb14000-pro-der-zollfreie-genuss-fuer-einen-energiegeladenen-moment\/"]}]},{"@type":"ImageObject","inLanguage":"fr-FR","@id":"https:\/\/www.elementvape.de\/sk\/produkt\/red-bull-vape-elf-box-rgb14000-pro-der-zollfreie-genuss-fuer-einen-energiegeladenen-moment\/#primaryimage","url":"https:\/\/www.elementvape.de\/wp-content\/uploads\/2024\/08\/\u7ea2\u725b0000.png","contentUrl":"https:\/\/www.elementvape.de\/wp-content\/uploads\/2024\/08\/\u7ea2\u725b0000.png","width":1000,"height":1000,"caption":"Red Bull"},{"@type":"BreadcrumbList","@id":"https:\/\/www.elementvape.de\/sk\/produkt\/red-bull-vape-elf-box-rgb14000-pro-der-zollfreie-genuss-fuer-einen-energiegeladenen-moment\/#breadcrumb","itemListElement":[{"@type":"ListItem","position":1,"name":"Home","item":"https:\/\/www.elementvape.de\/"},{"@type":"ListItem","position":2,"name":"Shop","item":"https:\/\/www.elementvape.de\/shop\/"},{"@type":"ListItem","position":3,"name":"Red Bull Vape ELF BOX RGB14000 pro der zollfreie Genuss f\u00fcr einen energiegeladenen Moment"}]},{"@type":"WebSite","@id":"https:\/\/www.elementvape.de\/#website","url":"https:\/\/www.elementvape.de\/","name":"ElementVape.de","description":"","publisher":{"@id":"https:\/\/www.elementvape.de\/#organization"},"potentialAction":[{"@type":"SearchAction","target":{"@type":"EntryPoint","urlTemplate":"https:\/\/www.elementvape.de\/?s={search_term_string}"},"query-input":"required name=search_term_string"}],"inLanguage":"fr-FR"},{"@type":"Organization","@id":"https:\/\/www.elementvape.de\/#organization","name":"ElementVape.DE","url":"https:\/\/www.elementvape.de\/","logo":{"@type":"ImageObject","inLanguage":"fr-FR","@id":"https:\/\/www.elementvape.de\/#\/schema\/logo\/image\/","url":"https:\/\/www.elementvape.de\/wp-content\/uploads\/2024\/09\/cropped-1elementvape-3.png","contentUrl":"https:\/\/www.elementvape.de\/wp-content\/uploads\/2024\/09\/cropped-1elementvape-3.png","width":285,"height":228,"caption":"ElementVape.DE"},"image":{"@id":"https:\/\/www.elementvape.de\/#\/schema\/logo\/image\/"}}]}},"_links":{"self":[{"href":"https:\/\/www.elementvape.de\/fr\/wp-json\/wp\/v2\/product\/13855"}],"collection":[{"href":"https:\/\/www.elementvape.de\/fr\/wp-json\/wp\/v2\/product"}],"about":[{"href":"https:\/\/www.elementvape.de\/fr\/wp-json\/wp\/v2\/types\/product"}],"wp:featuredmedia":[{"embeddable":true,"href":"https:\/\/www.elementvape.de\/fr\/wp-json\/wp\/v2\/media\/13856"}],"wp:attachment":[{"href":"https:\/\/www.elementvape.de\/fr\/wp-json\/wp\/v2\/media?parent=13855"}],"wp:term":[{"taxonomy":"product_cat","embeddable":true,"href":"https:\/\/www.elementvape.de\/fr\/wp-json\/wp\/v2\/product_cat?post=13855"},{"taxonomy":"product_tag","embeddable":true,"href":"https:\/\/www.elementvape.de\/fr\/wp-json\/wp\/v2\/product_tag?post=13855"}],"curies":[{"name":"wp","href":"https:\/\/api.w.org\/{rel}","templated":true}]}}