{"id":13840,"date":"2024-08-19T02:37:09","date_gmt":"2024-08-19T02:37:09","guid":{"rendered":"https:\/\/www.elementvape.de\/?post_type=product&#038;p=13840"},"modified":"2024-12-12T06:34:44","modified_gmt":"2024-12-12T06:34:44","slug":"cherry-soda-elf-box-rgb14000-erfrischender-kirschgenuss-mit-stylischem-rgb-design-14000-puffs-vape","status":"publish","type":"product","link":"https:\/\/www.elementvape.de\/fr\/produkt\/cherry-soda-elf-box-rgb14000-erfrischender-kirschgenuss-mit-stylischem-rgb-design-14000-puffs-vape\/","title":{"rendered":"Cherry Soda Bo\u00eete ELF RGB14000 Saveur rafra\u00eechissante de cerise avec design RGB styl\u00e9 14000 PUFFS VAPE"},"content":{"rendered":"<h2>Le plaisir rafra\u00eechissant de la cerise rencontre un design moderne<\/h2>\n<p>D\u00e9couvrez avec la Cherry Soda ELF BOX RGB14000 le go\u00fbt p\u00e9tillant d'une limonade \u00e0 la cerise rafra\u00eechissante, emball\u00e9e dans un design moderne et \u00e9l\u00e9gant. Cette cigarette \u00e9lectronique apporte le go\u00fbt intense et fruit\u00e9 de la cerise directement dans votre quotidien et offre \u00e0 chaque bouff\u00e9e une exp\u00e9rience p\u00e9tillante qui rappelle une chaude journ\u00e9e d'\u00e9t\u00e9 o\u00f9 vous vous rafra\u00eechissez avec un verre de Cherry Soda bien frais.<\/p>\n<p>Avec une capacit\u00e9 allant jusqu'\u00e0 14 000 bouff\u00e9es et une Mesh Coil avanc\u00e9e de 1,0 Ohm, cet appareil garantit une production de vapeur uniforme et veille \u00e0 ce que le go\u00fbt soit optimal dans chaque nuage. Le g\u00e9n\u00e9reux r\u00e9servoir d'e-liquide de 25 ml est disponible en diff\u00e9rents taux de nicotine (2% et 5%), ce qui vous permet de choisir l'intensit\u00e9 qui vous convient.<\/p>\n<h3>Puissant et pratique pour un usage quotidien<\/h3>\n<p>La Cherry Soda ELF BOX RGB14000 convainc non seulement par son go\u00fbt, mais aussi par sa technologie puissante et conviviale. La batterie 18250 int\u00e9gr\u00e9e de 600 mAh offre une longue dur\u00e9e de vie, vous permettant de profiter du go\u00fbt rafra\u00eechissant de la cerise sans interruption. Lorsque la batterie est vide, elle peut \u00eatre facilement recharg\u00e9e via le port Type-C, ce qui vous permet d'\u00eatre rapidement pr\u00eat pour la prochaine bouff\u00e9e.<\/p>\n<p>Malgr\u00e9 sa taille compacte de 35 mm x 36 mm x 133,5 mm et un poids de seulement 100 g, la Cherry Soda ELF BOX offre des performances impressionnantes. L'appareil est non seulement l\u00e9ger et facile \u00e0 transporter, mais il offre \u00e9galement une lumi\u00e8re RGB attrayante qui fait de chaque bouff\u00e9e un point culminant visuel. De plus, elle est <strong><a href=\"https:\/\/www.elementvape.de\/fr\/c\/einweg-zigarette\/\" target=\"_blank\" rel=\"noopener\">E-cigarette<\/a><\/strong> \u00e9quip\u00e9e d'une cordelette de suspension pratique, ce qui vous permet de la porter confortablement en d\u00e9placement.<\/p>\n<h3>Vapotage \u00e9l\u00e9gant avec un design de chapiteau color\u00e9<\/h3>\n<p>Le design de chapiteau color\u00e9 de la Cherry Soda ELF BOX RGB14000 en fait un v\u00e9ritable accroche-regard. Les lumi\u00e8res RGB vives et le design \u00e9l\u00e9gant garantissent que votre exp\u00e9rience de vapotage est un plaisir non seulement gustatif, mais aussi visuel. Parfait pour tous ceux qui souhaitent combiner le go\u00fbt fruit\u00e9 de la cerise avec une technologie et un style modernes. Cette cigarette \u00e9lectronique offre non seulement une exp\u00e9rience gustative intense, mais aussi un point culminant visuel que vous pouvez appr\u00e9cier partout et \u00e0 tout moment.<\/p>\n<p>Offrez-vous le plaisir p\u00e9tillant de la limonade \u00e0 la cerise, associ\u00e9 \u00e0 une technologie de pointe - la combinaison parfaite pour un vapotage \u00e9l\u00e9gant !<\/p>","protected":false},"excerpt":{"rendered":"<p>Erfrischender Kirschgenuss trifft modernes Design Erleben Sie mit der Cherry Soda ELF BOX RGB14000 den spritzigen Geschmack von erfrischender Kirschlimonade, verpackt in einem modernen und stilvollen Design. Diese E-Zigarette bringt den intensiven, fruchtigen Geschmack von Kirsche direkt in Ihren Alltag und liefert mit jedem Zug ein prickelndes Erlebnis, das an einen hei\u00dfen Sommertag erinnert, an [&hellip;]<\/p>","protected":false},"featured_media":13841,"template":"","meta":{"inline_featured_image":false},"product_cat":[15,78,747,740,734,753,718,732],"product_tag":[710,674],"tiered_pricing_type":"fixed","tiered_pricing_fixed_rules":{"110":"7.54","200":"6.68","500":"5.85"},"tiered_pricing_percentage_rules":[],"tiered_pricing_minimum":1,"_administrator_tiered_pricing_type":"fixed","_administrator_tiered_pricing_fixed_rules":[],"_editor_tiered_pricing_type":"fixed","_editor_tiered_pricing_fixed_rules":[],"_author_tiered_pricing_type":"fixed","_author_tiered_pricing_fixed_rules":[],"_contributor_tiered_pricing_type":"fixed","_contributor_tiered_pricing_fixed_rules":[],"_subscriber_tiered_pricing_type":"fixed","_subscriber_tiered_pricing_fixed_rules":[],"_customer_tiered_pricing_type":"fixed","_customer_tiered_pricing_fixed_rules":[],"_shop_manager_tiered_pricing_type":"fixed","_shop_manager_tiered_pricing_fixed_rules":[],"_wpseo_manager_tiered_pricing_type":"fixed","_wpseo_manager_tiered_pricing_fixed_rules":[],"_wpseo_editor_tiered_pricing_type":"fixed","_wpseo_editor_tiered_pricing_fixed_rules":[],"_wholesale_customer_tiered_pricing_type":"fixed","_wholesale_customer_tiered_pricing_fixed_rules":[],"_marketer_tiered_pricing_type":"fixed","_marketer_tiered_pricing_fixed_rules":[],"_sales_manager_tiered_pricing_type":"fixed","_sales_manager_tiered_pricing_fixed_rules":[],"_sales_rep_tiered_pricing_type":"fixed","_sales_rep_tiered_pricing_fixed_rules":[],"yoast_head":"<!-- This site is optimized with the Yoast SEO plugin v23.3 - https:\/\/yoast.com\/wordpress\/plugins\/seo\/ -->\n<title>Cherry Soda ELF BOX RGB14000 Erfrischender Kirschgenuss mit stylischem RGB-Design 14000 PUFFS VAPE | ElementVape.de<\/title>\n<meta name=\"description\" content=\"Wir bieten Cherry Soda ELF BOX RGB14000 Erfrischender Kirschgenuss mit stylischem RGB-Design 14000 PUFFS VAPE , Elementvape.de akzeptieren Gro\u00df-und Einzelhandel Bestellungen.\" \/>\n<meta name=\"robots\" content=\"index, follow, max-snippet:-1, max-image-preview:large, max-video-preview:-1\" \/>\n<link rel=\"canonical\" href=\"https:\/\/www.elementvape.de\/fr\/produkt\/cherry-soda-elf-box-rgb14000-erfrischender-kirschgenuss-mit-stylischem-rgb-design-14000-puffs-vape\/\" \/>\n<meta property=\"og:locale\" content=\"fr_FR\" \/>\n<meta property=\"og:type\" content=\"article\" \/>\n<meta property=\"og:title\" content=\"Cherry Soda ELF BOX RGB14000 Erfrischender Kirschgenuss mit stylischem RGB-Design 14000 PUFFS VAPE | ElementVape.de\" \/>\n<meta property=\"og:description\" content=\"Wir bieten Cherry Soda ELF BOX RGB14000 Erfrischender Kirschgenuss mit stylischem RGB-Design 14000 PUFFS VAPE , Elementvape.de akzeptieren Gro\u00df-und Einzelhandel Bestellungen.\" \/>\n<meta property=\"og:url\" content=\"https:\/\/www.elementvape.de\/fr\/produkt\/cherry-soda-elf-box-rgb14000-erfrischender-kirschgenuss-mit-stylischem-rgb-design-14000-puffs-vape\/\" \/>\n<meta property=\"og:site_name\" content=\"ElementVape.de\" \/>\n<meta property=\"article:modified_time\" content=\"2024-12-12T06:34:44+00:00\" \/>\n<meta property=\"og:image\" content=\"https:\/\/www.elementvape.de\/wp-content\/uploads\/2024\/08\/Cherry-Soda_.png\" \/>\n\t<meta property=\"og:image:width\" content=\"1000\" \/>\n\t<meta property=\"og:image:height\" content=\"1000\" \/>\n\t<meta property=\"og:image:type\" content=\"image\/png\" \/>\n<meta name=\"twitter:card\" content=\"summary_large_image\" \/>\n<meta name=\"twitter:label1\" content=\"Est. reading time\" \/>\n\t<meta name=\"twitter:data1\" content=\"3 minutes\" \/>\n<script type=\"application\/ld+json\" class=\"yoast-schema-graph\">{\"@context\":\"https:\/\/schema.org\",\"@graph\":[{\"@type\":\"WebPage\",\"@id\":\"https:\/\/www.elementvape.de\/sv\/produkt\/cherry-soda-elf-box-rgb14000-erfrischender-kirschgenuss-mit-stylischem-rgb-design-14000-puffs-vape\/\",\"url\":\"https:\/\/www.elementvape.de\/sv\/produkt\/cherry-soda-elf-box-rgb14000-erfrischender-kirschgenuss-mit-stylischem-rgb-design-14000-puffs-vape\/\",\"name\":\"Cherry Soda ELF BOX RGB14000 Erfrischender Kirschgenuss mit stylischem RGB-Design 14000 PUFFS VAPE | ElementVape.de\",\"isPartOf\":{\"@id\":\"https:\/\/www.elementvape.de\/#website\"},\"primaryImageOfPage\":{\"@id\":\"https:\/\/www.elementvape.de\/sv\/produkt\/cherry-soda-elf-box-rgb14000-erfrischender-kirschgenuss-mit-stylischem-rgb-design-14000-puffs-vape\/#primaryimage\"},\"image\":{\"@id\":\"https:\/\/www.elementvape.de\/sv\/produkt\/cherry-soda-elf-box-rgb14000-erfrischender-kirschgenuss-mit-stylischem-rgb-design-14000-puffs-vape\/#primaryimage\"},\"thumbnailUrl\":\"https:\/\/www.elementvape.de\/wp-content\/uploads\/2024\/08\/Cherry-Soda_.png\",\"datePublished\":\"2024-08-19T02:37:09+00:00\",\"dateModified\":\"2024-12-12T06:34:44+00:00\",\"description\":\"Wir bieten Cherry Soda ELF BOX RGB14000 Erfrischender Kirschgenuss mit stylischem RGB-Design 14000 PUFFS VAPE , Elementvape.de akzeptieren Gro\u00df-und Einzelhandel Bestellungen.\",\"breadcrumb\":{\"@id\":\"https:\/\/www.elementvape.de\/sv\/produkt\/cherry-soda-elf-box-rgb14000-erfrischender-kirschgenuss-mit-stylischem-rgb-design-14000-puffs-vape\/#breadcrumb\"},\"inLanguage\":\"fr-FR\",\"potentialAction\":[{\"@type\":\"ReadAction\",\"target\":[\"https:\/\/www.elementvape.de\/sv\/produkt\/cherry-soda-elf-box-rgb14000-erfrischender-kirschgenuss-mit-stylischem-rgb-design-14000-puffs-vape\/\"]}]},{\"@type\":\"ImageObject\",\"inLanguage\":\"fr-FR\",\"@id\":\"https:\/\/www.elementvape.de\/sv\/produkt\/cherry-soda-elf-box-rgb14000-erfrischender-kirschgenuss-mit-stylischem-rgb-design-14000-puffs-vape\/#primaryimage\",\"url\":\"https:\/\/www.elementvape.de\/wp-content\/uploads\/2024\/08\/Cherry-Soda_.png\",\"contentUrl\":\"https:\/\/www.elementvape.de\/wp-content\/uploads\/2024\/08\/Cherry-Soda_.png\",\"width\":1000,\"height\":1000,\"caption\":\"Cherry Soda\"},{\"@type\":\"BreadcrumbList\",\"@id\":\"https:\/\/www.elementvape.de\/sv\/produkt\/cherry-soda-elf-box-rgb14000-erfrischender-kirschgenuss-mit-stylischem-rgb-design-14000-puffs-vape\/#breadcrumb\",\"itemListElement\":[{\"@type\":\"ListItem\",\"position\":1,\"name\":\"Home\",\"item\":\"https:\/\/www.elementvape.de\/\"},{\"@type\":\"ListItem\",\"position\":2,\"name\":\"Shop\",\"item\":\"https:\/\/www.elementvape.de\/shop\/\"},{\"@type\":\"ListItem\",\"position\":3,\"name\":\"Cherry Soda ELF BOX RGB14000 Erfrischender Kirschgenuss mit stylischem RGB-Design 14000 PUFFS VAPE\"}]},{\"@type\":\"WebSite\",\"@id\":\"https:\/\/www.elementvape.de\/#website\",\"url\":\"https:\/\/www.elementvape.de\/\",\"name\":\"ElementVape.de\",\"description\":\"\",\"publisher\":{\"@id\":\"https:\/\/www.elementvape.de\/#organization\"},\"potentialAction\":[{\"@type\":\"SearchAction\",\"target\":{\"@type\":\"EntryPoint\",\"urlTemplate\":\"https:\/\/www.elementvape.de\/?s={search_term_string}\"},\"query-input\":\"required name=search_term_string\"}],\"inLanguage\":\"fr-FR\"},{\"@type\":\"Organization\",\"@id\":\"https:\/\/www.elementvape.de\/#organization\",\"name\":\"ElementVape.DE\",\"url\":\"https:\/\/www.elementvape.de\/\",\"logo\":{\"@type\":\"ImageObject\",\"inLanguage\":\"fr-FR\",\"@id\":\"https:\/\/www.elementvape.de\/#\/schema\/logo\/image\/\",\"url\":\"https:\/\/www.elementvape.de\/wp-content\/uploads\/2024\/09\/cropped-1elementvape-3.png\",\"contentUrl\":\"https:\/\/www.elementvape.de\/wp-content\/uploads\/2024\/09\/cropped-1elementvape-3.png\",\"width\":285,\"height\":228,\"caption\":\"ElementVape.DE\"},\"image\":{\"@id\":\"https:\/\/www.elementvape.de\/#\/schema\/logo\/image\/\"}}]}<\/script>\n<!-- \/ Yoast SEO plugin. -->","yoast_head_json":{"title":"Cherry Soda ELF BOX RGB14000 Erfrischender Kirschgenuss mit stylischem RGB-Design 14000 PUFFS VAPE | ElementVape.de","description":"Wir bieten Cherry Soda ELF BOX RGB14000 Erfrischender Kirschgenuss mit stylischem RGB-Design 14000 PUFFS VAPE , Elementvape.de akzeptieren Gro\u00df-und Einzelhandel Bestellungen.","robots":{"index":"index","follow":"follow","max-snippet":"max-snippet:-1","max-image-preview":"max-image-preview:large","max-video-preview":"max-video-preview:-1"},"canonical":"https:\/\/www.elementvape.de\/fr\/produkt\/cherry-soda-elf-box-rgb14000-erfrischender-kirschgenuss-mit-stylischem-rgb-design-14000-puffs-vape\/","og_locale":"fr_FR","og_type":"article","og_title":"Cherry Soda ELF BOX RGB14000 Erfrischender Kirschgenuss mit stylischem RGB-Design 14000 PUFFS VAPE | ElementVape.de","og_description":"Wir bieten Cherry Soda ELF BOX RGB14000 Erfrischender Kirschgenuss mit stylischem RGB-Design 14000 PUFFS VAPE , Elementvape.de akzeptieren Gro\u00df-und Einzelhandel Bestellungen.","og_url":"https:\/\/www.elementvape.de\/fr\/produkt\/cherry-soda-elf-box-rgb14000-erfrischender-kirschgenuss-mit-stylischem-rgb-design-14000-puffs-vape\/","og_site_name":"ElementVape.de","article_modified_time":"2024-12-12T06:34:44+00:00","og_image":[{"width":1000,"height":1000,"url":"https:\/\/www.elementvape.de\/wp-content\/uploads\/2024\/08\/Cherry-Soda_.png","type":"image\/png"}],"twitter_card":"summary_large_image","twitter_misc":{"Est. reading time":"3 minutes"},"schema":{"@context":"https:\/\/schema.org","@graph":[{"@type":"WebPage","@id":"https:\/\/www.elementvape.de\/sv\/produkt\/cherry-soda-elf-box-rgb14000-erfrischender-kirschgenuss-mit-stylischem-rgb-design-14000-puffs-vape\/","url":"https:\/\/www.elementvape.de\/sv\/produkt\/cherry-soda-elf-box-rgb14000-erfrischender-kirschgenuss-mit-stylischem-rgb-design-14000-puffs-vape\/","name":"Cherry Soda ELF BOX RGB14000 Erfrischender Kirschgenuss mit stylischem RGB-Design 14000 PUFFS VAPE | ElementVape.de","isPartOf":{"@id":"https:\/\/www.elementvape.de\/#website"},"primaryImageOfPage":{"@id":"https:\/\/www.elementvape.de\/sv\/produkt\/cherry-soda-elf-box-rgb14000-erfrischender-kirschgenuss-mit-stylischem-rgb-design-14000-puffs-vape\/#primaryimage"},"image":{"@id":"https:\/\/www.elementvape.de\/sv\/produkt\/cherry-soda-elf-box-rgb14000-erfrischender-kirschgenuss-mit-stylischem-rgb-design-14000-puffs-vape\/#primaryimage"},"thumbnailUrl":"https:\/\/www.elementvape.de\/wp-content\/uploads\/2024\/08\/Cherry-Soda_.png","datePublished":"2024-08-19T02:37:09+00:00","dateModified":"2024-12-12T06:34:44+00:00","description":"Wir bieten Cherry Soda ELF BOX RGB14000 Erfrischender Kirschgenuss mit stylischem RGB-Design 14000 PUFFS VAPE , Elementvape.de akzeptieren Gro\u00df-und Einzelhandel Bestellungen.","breadcrumb":{"@id":"https:\/\/www.elementvape.de\/sv\/produkt\/cherry-soda-elf-box-rgb14000-erfrischender-kirschgenuss-mit-stylischem-rgb-design-14000-puffs-vape\/#breadcrumb"},"inLanguage":"fr-FR","potentialAction":[{"@type":"ReadAction","target":["https:\/\/www.elementvape.de\/sv\/produkt\/cherry-soda-elf-box-rgb14000-erfrischender-kirschgenuss-mit-stylischem-rgb-design-14000-puffs-vape\/"]}]},{"@type":"ImageObject","inLanguage":"fr-FR","@id":"https:\/\/www.elementvape.de\/sv\/produkt\/cherry-soda-elf-box-rgb14000-erfrischender-kirschgenuss-mit-stylischem-rgb-design-14000-puffs-vape\/#primaryimage","url":"https:\/\/www.elementvape.de\/wp-content\/uploads\/2024\/08\/Cherry-Soda_.png","contentUrl":"https:\/\/www.elementvape.de\/wp-content\/uploads\/2024\/08\/Cherry-Soda_.png","width":1000,"height":1000,"caption":"Cherry Soda"},{"@type":"BreadcrumbList","@id":"https:\/\/www.elementvape.de\/sv\/produkt\/cherry-soda-elf-box-rgb14000-erfrischender-kirschgenuss-mit-stylischem-rgb-design-14000-puffs-vape\/#breadcrumb","itemListElement":[{"@type":"ListItem","position":1,"name":"Home","item":"https:\/\/www.elementvape.de\/"},{"@type":"ListItem","position":2,"name":"Shop","item":"https:\/\/www.elementvape.de\/shop\/"},{"@type":"ListItem","position":3,"name":"Cherry Soda ELF BOX RGB14000 Erfrischender Kirschgenuss mit stylischem RGB-Design 14000 PUFFS VAPE"}]},{"@type":"WebSite","@id":"https:\/\/www.elementvape.de\/#website","url":"https:\/\/www.elementvape.de\/","name":"ElementVape.de","description":"","publisher":{"@id":"https:\/\/www.elementvape.de\/#organization"},"potentialAction":[{"@type":"SearchAction","target":{"@type":"EntryPoint","urlTemplate":"https:\/\/www.elementvape.de\/?s={search_term_string}"},"query-input":"required name=search_term_string"}],"inLanguage":"fr-FR"},{"@type":"Organization","@id":"https:\/\/www.elementvape.de\/#organization","name":"ElementVape.DE","url":"https:\/\/www.elementvape.de\/","logo":{"@type":"ImageObject","inLanguage":"fr-FR","@id":"https:\/\/www.elementvape.de\/#\/schema\/logo\/image\/","url":"https:\/\/www.elementvape.de\/wp-content\/uploads\/2024\/09\/cropped-1elementvape-3.png","contentUrl":"https:\/\/www.elementvape.de\/wp-content\/uploads\/2024\/09\/cropped-1elementvape-3.png","width":285,"height":228,"caption":"ElementVape.DE"},"image":{"@id":"https:\/\/www.elementvape.de\/#\/schema\/logo\/image\/"}}]}},"_links":{"self":[{"href":"https:\/\/www.elementvape.de\/fr\/wp-json\/wp\/v2\/product\/13840"}],"collection":[{"href":"https:\/\/www.elementvape.de\/fr\/wp-json\/wp\/v2\/product"}],"about":[{"href":"https:\/\/www.elementvape.de\/fr\/wp-json\/wp\/v2\/types\/product"}],"wp:featuredmedia":[{"embeddable":true,"href":"https:\/\/www.elementvape.de\/fr\/wp-json\/wp\/v2\/media\/13841"}],"wp:attachment":[{"href":"https:\/\/www.elementvape.de\/fr\/wp-json\/wp\/v2\/media?parent=13840"}],"wp:term":[{"taxonomy":"product_cat","embeddable":true,"href":"https:\/\/www.elementvape.de\/fr\/wp-json\/wp\/v2\/product_cat?post=13840"},{"taxonomy":"product_tag","embeddable":true,"href":"https:\/\/www.elementvape.de\/fr\/wp-json\/wp\/v2\/product_tag?post=13840"}],"curies":[{"name":"wp","href":"https:\/\/api.w.org\/{rel}","templated":true}]}}