{"id":13748,"date":"2024-08-14T05:48:24","date_gmt":"2024-08-14T05:48:24","guid":{"rendered":"https:\/\/www.elementvape.de\/?post_type=product&#038;p=13748"},"modified":"2024-12-12T06:34:59","modified_gmt":"2024-12-12T06:34:59","slug":"elf-box-ls15000-mango-banana-supreme-intensiver-geschmack-perfekte-qualitaet-15000puffs","status":"publish","type":"product","link":"https:\/\/www.elementvape.de\/fr\/produkt\/elf-box-ls15000-mango-banana-supreme-intensiver-geschmack-perfekte-qualitaet-15000puffs\/","title":{"rendered":"ELF BOX LS15000 Mango Banana Supreme Saveur intense Qualit\u00e9 parfaite 15000PUFFS"},"content":{"rendered":"<h2>E-cigarette : Mango Banana Supreme 15000 Bouff\u00e9es ELF BOX LS15000<\/h2>\n<table>\n<thead>\n<tr>\n<th>Caract\u00e9ristique<\/th>\n<th>Sp\u00e9cification<\/th>\n<\/tr>\n<\/thead>\n<tbody>\n<tr>\n<td>Bouff\u00e9es<\/td>\n<td>15000<\/td>\n<\/tr>\n<tr>\n<td>Noyau<\/td>\n<td>R\u00e9sistance en mesh 0,6ohm<\/td>\n<\/tr>\n<tr>\n<td>E-Liquide<\/td>\n<td>26ml<\/td>\n<\/tr>\n<tr>\n<td>N<\/td>\n<td>\u00a02% \/ 5%<\/td>\n<\/tr>\n<tr>\n<td>Batterie<\/td>\n<td>18250-600mAh<\/td>\n<\/tr>\n<tr>\n<td>Rechargeable<\/td>\n<td>Type-C<\/td>\n<\/tr>\n<tr>\n<td>Poids du produit<\/td>\n<td>91g<\/td>\n<\/tr>\n<tr>\n<td>Taille du produit<\/td>\n<td>124,5*31,5mm<\/td>\n<\/tr>\n<\/tbody>\n<\/table>\n<p>La Mango Banana Supreme ELF BOX LS15000 vous emm\u00e8ne dans un voyage gustatif vers les tropiques. Ce m\u00e9lange unique combine la douceur juteuse des mangues m\u00fbres avec le go\u00fbt cr\u00e9meux et riche des bananes, pour une exp\u00e9rience gustative in\u00e9gal\u00e9e. Chaque inhalation est une explosion de saveurs tropicales, \u00e0 la fois intense et rafra\u00eechissante, vous donnant l'impression d'\u00eatre dans un paradis tropical.<\/p>\n<p>Cette d\u00e9licieuse combinaison de saveurs est parfaitement \u00e9quilibr\u00e9e et offre une profondeur exceptionnelle que vous pouvez appr\u00e9cier \u00e0 chaque inhalation. La Mango Banana Supreme est le choix id\u00e9al pour ceux qui recherchent une exp\u00e9rience de vapotage exotique et luxueuse, qui envoie leurs papilles gustatives dans un voyage excitant.<\/p>\n<h3>Avantages de 15 000 bouff\u00e9es<\/h3>\n<h4>Durabilit\u00e9 et Qualit\u00e9 Sup\u00e9rieure<\/h4>\n<p>La ELF BOX LS15000 est con\u00e7ue pour un nombre impressionnant de 15 000 bouff\u00e9es, ce qui en fait l'une des cigarettes \u00e9lectroniques jetables les plus durables sur le march\u00e9. Ce grand nombre de bouff\u00e9es garantit que vous pouvez profiter de votre exp\u00e9rience de vapotage sur une longue p\u00e9riode, sans vous soucier de remplir ou de remplacer fr\u00e9quemment. La Mango Banana Supreme vous offre un plaisir durable, parfait pour une utilisation quotidienne.<\/p>\n<p>Avec une cigarette \u00e9lectronique qui vous offre autant de bouff\u00e9es, vous b\u00e9n\u00e9ficiez d'un rapport qualit\u00e9-prix exceptionnel et pouvez compter sur une constance de qualit\u00e9 tout au long de sa dur\u00e9e de vie. Cela fait de la ELF BOX LS15000 un choix excellent pour tous ceux qui valorisent la fiabilit\u00e9 et le plaisir.<\/p>\n<h4>Technologie avanc\u00e9e de Mesh-Coil pour un go\u00fbt parfait<\/h4>\n<p>La technologie avanc\u00e9e de Mesh-Coil utilis\u00e9e dans la ELF BOX LS15000 assure une exp\u00e9rience de vapotage uniforme et intense. Avec les Mesh-Coils de 0,6 ohm, vous profitez d'une r\u00e9partition homog\u00e8ne de la chaleur, optimisant le rendu du e-liquide et offrant une vapeur dense et savoureuse. Cette technologie garantit que le go\u00fbt de la Mango Banana Supreme reste toujours intense et plein de profondeur.<\/p>\n<p>Gr\u00e2ce aux Mesh-Coils, vous vivez \u00e0 chaque inhalation toute la palette aromatique que cette cigarette \u00e9lectronique peut offrir. La technique assure une exp\u00e9rience de vapotage coh\u00e9rente et satisfaisante tout au long de l'utilisation, sans laisser de souhaits non exauc\u00e9s.<\/p>\n<h3>Prix de gros et Service fiable<\/h3>\n<h4>Prix de gros attractifs pour des produits de qualit\u00e9<\/h4>\n<p>La Mango Banana Supreme ELF BOX LS15000 n'est pas seulement un plaisir pour l'utilisateur, mais aussi une excellente opportunit\u00e9 commerciale pour les revendeurs. Avec des prix de gros attractifs, vous pouvez proposer des produits de premi\u00e8re qualit\u00e9 \u00e0 un prix imbattable, augmentant ainsi vos marges b\u00e9n\u00e9ficiaires et la satisfaction de vos clients. Profitez de cette occasion pour int\u00e9grer un produit de premier ordre dans votre gamme et enthousiasmer vos clients avec une exp\u00e9rience de vapotage exceptionnelle.<\/p>\n<h4>Livraison efficace et s\u00e9curis\u00e9e<\/h4>\n<p>En plus de prix avantageux, notre service offre une livraison s\u00fbre et fiable, pour que vous receviez vos commandes en parfait \u00e9tat. La Mango Banana Supreme ELF BOX LS15000 est soigneusement emball\u00e9e et livr\u00e9e \u00e0 temps, pour garantir que vous et vos clients recevez un produit optimal. Faites confiance \u00e0 notre logistique efficace pour assurer une livraison fluide et sans stress.<\/p>\n<p>La Mango Banana Supreme 15000 Bouff\u00e9es ELF BOX LS15000 offre non seulement un go\u00fbt intense et exotique, mais aussi des performances exceptionnelles et des prix de gros imbattables. D\u00e9couvrez la combinaison parfaite entre qualit\u00e9 et plaisir, et faites de cette cigarette \u00e9lectronique votre prochain best-seller.<\/p>","protected":false},"excerpt":{"rendered":"<p>E-Zigarette: Mango Banana Supreme 15000 Puffs ELF BOX LS15000 Merkmal Spezifikation Puffs 15000 Core Mesh coil 0.6ohm E-Liquid 26ml N \u00a02% \/ 5% Batterie 18250-600mAh Wiederaufladbar Type-C Produktgewicht 91g Produktgr\u00f6\u00dfe 124.5*31.5mm Die Mango Banana Supreme ELF BOX LS15000 entf\u00fchrt Sie auf eine geschmackliche Reise in die Tropen. Diese einzigartige Mischung kombiniert die saftige S\u00fc\u00dfe von [&hellip;]<\/p>","protected":false},"featured_media":13749,"template":"","meta":{"inline_featured_image":false},"product_cat":[15,78,747,740,734,753,716,732],"product_tag":[710,674],"tiered_pricing_type":"fixed","tiered_pricing_fixed_rules":{"110":"7.54","200":"6.68","500":"5.85"},"tiered_pricing_percentage_rules":[],"tiered_pricing_minimum":1,"_administrator_tiered_pricing_type":"fixed","_administrator_tiered_pricing_fixed_rules":[],"_editor_tiered_pricing_type":"fixed","_editor_tiered_pricing_fixed_rules":[],"_author_tiered_pricing_type":"fixed","_author_tiered_pricing_fixed_rules":[],"_contributor_tiered_pricing_type":"fixed","_contributor_tiered_pricing_fixed_rules":[],"_subscriber_tiered_pricing_type":"fixed","_subscriber_tiered_pricing_fixed_rules":[],"_customer_tiered_pricing_type":"fixed","_customer_tiered_pricing_fixed_rules":[],"_shop_manager_tiered_pricing_type":"fixed","_shop_manager_tiered_pricing_fixed_rules":[],"_wpseo_manager_tiered_pricing_type":"fixed","_wpseo_manager_tiered_pricing_fixed_rules":[],"_wpseo_editor_tiered_pricing_type":"fixed","_wpseo_editor_tiered_pricing_fixed_rules":[],"_wholesale_customer_tiered_pricing_type":"fixed","_wholesale_customer_tiered_pricing_fixed_rules":[],"_marketer_tiered_pricing_type":"fixed","_marketer_tiered_pricing_fixed_rules":[],"_sales_manager_tiered_pricing_type":"fixed","_sales_manager_tiered_pricing_fixed_rules":[],"_sales_rep_tiered_pricing_type":"fixed","_sales_rep_tiered_pricing_fixed_rules":[],"yoast_head":"<!-- This site is optimized with the Yoast SEO plugin v23.3 - https:\/\/yoast.com\/wordpress\/plugins\/seo\/ -->\n<title>ELF BOX LS15000 Mango Banana Supreme Intensiver Geschmack Perfekte Qualit\u00e4t 15000PUFFS | ElementVape.de<\/title>\n<meta name=\"description\" content=\"Wir bieten ELF BOX LS15000 Mango Banana Supreme Intensiver Geschmack Perfekte Qualit\u00e4t 15000PUFFS , Elementvape.de akzeptieren Gro\u00df-und Einzelhandel Bestellungen.\" \/>\n<meta name=\"robots\" content=\"index, follow, max-snippet:-1, max-image-preview:large, max-video-preview:-1\" \/>\n<link rel=\"canonical\" href=\"https:\/\/www.elementvape.de\/fr\/produkt\/elf-box-ls15000-mango-banana-supreme-intensiver-geschmack-perfekte-qualitaet-15000puffs\/\" \/>\n<meta property=\"og:locale\" content=\"fr_FR\" \/>\n<meta property=\"og:type\" content=\"article\" \/>\n<meta property=\"og:title\" content=\"ELF BOX LS15000 Mango Banana Supreme Intensiver Geschmack Perfekte Qualit\u00e4t 15000PUFFS | ElementVape.de\" \/>\n<meta property=\"og:description\" content=\"Wir bieten ELF BOX LS15000 Mango Banana Supreme Intensiver Geschmack Perfekte Qualit\u00e4t 15000PUFFS , Elementvape.de akzeptieren Gro\u00df-und Einzelhandel Bestellungen.\" \/>\n<meta property=\"og:url\" content=\"https:\/\/www.elementvape.de\/fr\/produkt\/elf-box-ls15000-mango-banana-supreme-intensiver-geschmack-perfekte-qualitaet-15000puffs\/\" \/>\n<meta property=\"og:site_name\" content=\"ElementVape.de\" \/>\n<meta property=\"article:modified_time\" content=\"2024-12-12T06:34:59+00:00\" \/>\n<meta property=\"og:image\" content=\"https:\/\/www.elementvape.de\/wp-content\/uploads\/2024\/08\/Mango-Banana.png\" \/>\n\t<meta property=\"og:image:width\" content=\"1000\" \/>\n\t<meta property=\"og:image:height\" content=\"1000\" \/>\n\t<meta property=\"og:image:type\" content=\"image\/png\" \/>\n<meta name=\"twitter:card\" content=\"summary_large_image\" \/>\n<meta name=\"twitter:label1\" content=\"Est. reading time\" \/>\n\t<meta name=\"twitter:data1\" content=\"4 minutes\" \/>\n<script type=\"application\/ld+json\" class=\"yoast-schema-graph\">{\"@context\":\"https:\/\/schema.org\",\"@graph\":[{\"@type\":\"WebPage\",\"@id\":\"https:\/\/www.elementvape.de\/produkt\/elf-box-ls15000-mango-banana-supreme-intensiver-geschmack-perfekte-qualitaet-15000puffs\/\",\"url\":\"https:\/\/www.elementvape.de\/produkt\/elf-box-ls15000-mango-banana-supreme-intensiver-geschmack-perfekte-qualitaet-15000puffs\/\",\"name\":\"ELF BOX LS15000 Mango Banana Supreme Intensiver Geschmack Perfekte Qualit\u00e4t 15000PUFFS | ElementVape.de\",\"isPartOf\":{\"@id\":\"https:\/\/www.elementvape.de\/#website\"},\"primaryImageOfPage\":{\"@id\":\"https:\/\/www.elementvape.de\/produkt\/elf-box-ls15000-mango-banana-supreme-intensiver-geschmack-perfekte-qualitaet-15000puffs\/#primaryimage\"},\"image\":{\"@id\":\"https:\/\/www.elementvape.de\/produkt\/elf-box-ls15000-mango-banana-supreme-intensiver-geschmack-perfekte-qualitaet-15000puffs\/#primaryimage\"},\"thumbnailUrl\":\"https:\/\/www.elementvape.de\/wp-content\/uploads\/2024\/08\/Mango-Banana.png\",\"datePublished\":\"2024-08-14T05:48:24+00:00\",\"dateModified\":\"2024-12-12T06:34:59+00:00\",\"description\":\"Wir bieten ELF BOX LS15000 Mango Banana Supreme Intensiver Geschmack Perfekte Qualit\u00e4t 15000PUFFS , Elementvape.de akzeptieren Gro\u00df-und Einzelhandel Bestellungen.\",\"breadcrumb\":{\"@id\":\"https:\/\/www.elementvape.de\/produkt\/elf-box-ls15000-mango-banana-supreme-intensiver-geschmack-perfekte-qualitaet-15000puffs\/#breadcrumb\"},\"inLanguage\":\"fr-FR\",\"potentialAction\":[{\"@type\":\"ReadAction\",\"target\":[\"https:\/\/www.elementvape.de\/produkt\/elf-box-ls15000-mango-banana-supreme-intensiver-geschmack-perfekte-qualitaet-15000puffs\/\"]}]},{\"@type\":\"ImageObject\",\"inLanguage\":\"fr-FR\",\"@id\":\"https:\/\/www.elementvape.de\/produkt\/elf-box-ls15000-mango-banana-supreme-intensiver-geschmack-perfekte-qualitaet-15000puffs\/#primaryimage\",\"url\":\"https:\/\/www.elementvape.de\/wp-content\/uploads\/2024\/08\/Mango-Banana.png\",\"contentUrl\":\"https:\/\/www.elementvape.de\/wp-content\/uploads\/2024\/08\/Mango-Banana.png\",\"width\":1000,\"height\":1000,\"caption\":\"Mango Banana\"},{\"@type\":\"BreadcrumbList\",\"@id\":\"https:\/\/www.elementvape.de\/produkt\/elf-box-ls15000-mango-banana-supreme-intensiver-geschmack-perfekte-qualitaet-15000puffs\/#breadcrumb\",\"itemListElement\":[{\"@type\":\"ListItem\",\"position\":1,\"name\":\"Home\",\"item\":\"https:\/\/www.elementvape.de\/\"},{\"@type\":\"ListItem\",\"position\":2,\"name\":\"Shop\",\"item\":\"https:\/\/www.elementvape.de\/shop\/\"},{\"@type\":\"ListItem\",\"position\":3,\"name\":\"ELF BOX LS15000 Mango Banana Supreme Intensiver Geschmack Perfekte Qualit\u00e4t 15000PUFFS\"}]},{\"@type\":\"WebSite\",\"@id\":\"https:\/\/www.elementvape.de\/#website\",\"url\":\"https:\/\/www.elementvape.de\/\",\"name\":\"ElementVape.de\",\"description\":\"\",\"publisher\":{\"@id\":\"https:\/\/www.elementvape.de\/#organization\"},\"potentialAction\":[{\"@type\":\"SearchAction\",\"target\":{\"@type\":\"EntryPoint\",\"urlTemplate\":\"https:\/\/www.elementvape.de\/?s={search_term_string}\"},\"query-input\":\"required name=search_term_string\"}],\"inLanguage\":\"fr-FR\"},{\"@type\":\"Organization\",\"@id\":\"https:\/\/www.elementvape.de\/#organization\",\"name\":\"ElementVape.DE\",\"url\":\"https:\/\/www.elementvape.de\/\",\"logo\":{\"@type\":\"ImageObject\",\"inLanguage\":\"fr-FR\",\"@id\":\"https:\/\/www.elementvape.de\/#\/schema\/logo\/image\/\",\"url\":\"https:\/\/www.elementvape.de\/wp-content\/uploads\/2024\/09\/cropped-1elementvape-3.png\",\"contentUrl\":\"https:\/\/www.elementvape.de\/wp-content\/uploads\/2024\/09\/cropped-1elementvape-3.png\",\"width\":285,\"height\":228,\"caption\":\"ElementVape.DE\"},\"image\":{\"@id\":\"https:\/\/www.elementvape.de\/#\/schema\/logo\/image\/\"}}]}<\/script>\n<!-- \/ Yoast SEO plugin. -->","yoast_head_json":{"title":"ELF BOX LS15000 Mango Banana Supreme Intensiver Geschmack Perfekte Qualit\u00e4t 15000PUFFS | ElementVape.de","description":"Wir bieten ELF BOX LS15000 Mango Banana Supreme Intensiver Geschmack Perfekte Qualit\u00e4t 15000PUFFS , Elementvape.de akzeptieren Gro\u00df-und Einzelhandel Bestellungen.","robots":{"index":"index","follow":"follow","max-snippet":"max-snippet:-1","max-image-preview":"max-image-preview:large","max-video-preview":"max-video-preview:-1"},"canonical":"https:\/\/www.elementvape.de\/fr\/produkt\/elf-box-ls15000-mango-banana-supreme-intensiver-geschmack-perfekte-qualitaet-15000puffs\/","og_locale":"fr_FR","og_type":"article","og_title":"ELF BOX LS15000 Mango Banana Supreme Intensiver Geschmack Perfekte Qualit\u00e4t 15000PUFFS | ElementVape.de","og_description":"Wir bieten ELF BOX LS15000 Mango Banana Supreme Intensiver Geschmack Perfekte Qualit\u00e4t 15000PUFFS , Elementvape.de akzeptieren Gro\u00df-und Einzelhandel Bestellungen.","og_url":"https:\/\/www.elementvape.de\/fr\/produkt\/elf-box-ls15000-mango-banana-supreme-intensiver-geschmack-perfekte-qualitaet-15000puffs\/","og_site_name":"ElementVape.de","article_modified_time":"2024-12-12T06:34:59+00:00","og_image":[{"width":1000,"height":1000,"url":"https:\/\/www.elementvape.de\/wp-content\/uploads\/2024\/08\/Mango-Banana.png","type":"image\/png"}],"twitter_card":"summary_large_image","twitter_misc":{"Est. reading time":"4 minutes"},"schema":{"@context":"https:\/\/schema.org","@graph":[{"@type":"WebPage","@id":"https:\/\/www.elementvape.de\/produkt\/elf-box-ls15000-mango-banana-supreme-intensiver-geschmack-perfekte-qualitaet-15000puffs\/","url":"https:\/\/www.elementvape.de\/produkt\/elf-box-ls15000-mango-banana-supreme-intensiver-geschmack-perfekte-qualitaet-15000puffs\/","name":"ELF BOX LS15000 Mango Banana Supreme Intensiver Geschmack Perfekte Qualit\u00e4t 15000PUFFS | ElementVape.de","isPartOf":{"@id":"https:\/\/www.elementvape.de\/#website"},"primaryImageOfPage":{"@id":"https:\/\/www.elementvape.de\/produkt\/elf-box-ls15000-mango-banana-supreme-intensiver-geschmack-perfekte-qualitaet-15000puffs\/#primaryimage"},"image":{"@id":"https:\/\/www.elementvape.de\/produkt\/elf-box-ls15000-mango-banana-supreme-intensiver-geschmack-perfekte-qualitaet-15000puffs\/#primaryimage"},"thumbnailUrl":"https:\/\/www.elementvape.de\/wp-content\/uploads\/2024\/08\/Mango-Banana.png","datePublished":"2024-08-14T05:48:24+00:00","dateModified":"2024-12-12T06:34:59+00:00","description":"Wir bieten ELF BOX LS15000 Mango Banana Supreme Intensiver Geschmack Perfekte Qualit\u00e4t 15000PUFFS , Elementvape.de akzeptieren Gro\u00df-und Einzelhandel Bestellungen.","breadcrumb":{"@id":"https:\/\/www.elementvape.de\/produkt\/elf-box-ls15000-mango-banana-supreme-intensiver-geschmack-perfekte-qualitaet-15000puffs\/#breadcrumb"},"inLanguage":"fr-FR","potentialAction":[{"@type":"ReadAction","target":["https:\/\/www.elementvape.de\/produkt\/elf-box-ls15000-mango-banana-supreme-intensiver-geschmack-perfekte-qualitaet-15000puffs\/"]}]},{"@type":"ImageObject","inLanguage":"fr-FR","@id":"https:\/\/www.elementvape.de\/produkt\/elf-box-ls15000-mango-banana-supreme-intensiver-geschmack-perfekte-qualitaet-15000puffs\/#primaryimage","url":"https:\/\/www.elementvape.de\/wp-content\/uploads\/2024\/08\/Mango-Banana.png","contentUrl":"https:\/\/www.elementvape.de\/wp-content\/uploads\/2024\/08\/Mango-Banana.png","width":1000,"height":1000,"caption":"Mango Banana"},{"@type":"BreadcrumbList","@id":"https:\/\/www.elementvape.de\/produkt\/elf-box-ls15000-mango-banana-supreme-intensiver-geschmack-perfekte-qualitaet-15000puffs\/#breadcrumb","itemListElement":[{"@type":"ListItem","position":1,"name":"Home","item":"https:\/\/www.elementvape.de\/"},{"@type":"ListItem","position":2,"name":"Shop","item":"https:\/\/www.elementvape.de\/shop\/"},{"@type":"ListItem","position":3,"name":"ELF BOX LS15000 Mango Banana Supreme Intensiver Geschmack Perfekte Qualit\u00e4t 15000PUFFS"}]},{"@type":"WebSite","@id":"https:\/\/www.elementvape.de\/#website","url":"https:\/\/www.elementvape.de\/","name":"ElementVape.de","description":"","publisher":{"@id":"https:\/\/www.elementvape.de\/#organization"},"potentialAction":[{"@type":"SearchAction","target":{"@type":"EntryPoint","urlTemplate":"https:\/\/www.elementvape.de\/?s={search_term_string}"},"query-input":"required name=search_term_string"}],"inLanguage":"fr-FR"},{"@type":"Organization","@id":"https:\/\/www.elementvape.de\/#organization","name":"ElementVape.DE","url":"https:\/\/www.elementvape.de\/","logo":{"@type":"ImageObject","inLanguage":"fr-FR","@id":"https:\/\/www.elementvape.de\/#\/schema\/logo\/image\/","url":"https:\/\/www.elementvape.de\/wp-content\/uploads\/2024\/09\/cropped-1elementvape-3.png","contentUrl":"https:\/\/www.elementvape.de\/wp-content\/uploads\/2024\/09\/cropped-1elementvape-3.png","width":285,"height":228,"caption":"ElementVape.DE"},"image":{"@id":"https:\/\/www.elementvape.de\/#\/schema\/logo\/image\/"}}]}},"_links":{"self":[{"href":"https:\/\/www.elementvape.de\/fr\/wp-json\/wp\/v2\/product\/13748"}],"collection":[{"href":"https:\/\/www.elementvape.de\/fr\/wp-json\/wp\/v2\/product"}],"about":[{"href":"https:\/\/www.elementvape.de\/fr\/wp-json\/wp\/v2\/types\/product"}],"wp:featuredmedia":[{"embeddable":true,"href":"https:\/\/www.elementvape.de\/fr\/wp-json\/wp\/v2\/media\/13749"}],"wp:attachment":[{"href":"https:\/\/www.elementvape.de\/fr\/wp-json\/wp\/v2\/media?parent=13748"}],"wp:term":[{"taxonomy":"product_cat","embeddable":true,"href":"https:\/\/www.elementvape.de\/fr\/wp-json\/wp\/v2\/product_cat?post=13748"},{"taxonomy":"product_tag","embeddable":true,"href":"https:\/\/www.elementvape.de\/fr\/wp-json\/wp\/v2\/product_tag?post=13748"}],"curies":[{"name":"wp","href":"https:\/\/api.w.org\/{rel}","templated":true}]}}