{"id":13665,"date":"2024-08-06T07:06:16","date_gmt":"2024-08-06T07:06:16","guid":{"rendered":"https:\/\/www.elementvape.de\/?post_type=product&#038;p=13665"},"modified":"2024-12-12T06:35:12","modified_gmt":"2024-12-12T06:35:12","slug":"strawberry-watermelon12000-puffs-akzeptieren-sie-kleine-mengen-im-grosshandel-elf-box-digital-12000","status":"publish","type":"product","link":"https:\/\/www.elementvape.de\/fr\/produkt\/strawberry-watermelon12000-puffs-akzeptieren-sie-kleine-mengen-im-grosshandel-elf-box-digital-12000\/","title":{"rendered":"Past\u00e8que Fraise 12000 bouff\u00e9es Accepter les petites quantit\u00e9s en gros ELF BOX Digital 12000"},"content":{"rendered":"<div class=\"flex-shrink-0 flex flex-col relative items-end\">\n<div>\n<div class=\"pt-0\">\n<div class=\"gizmo-bot-avatar flex h-8 w-8 items-center justify-center overflow-hidden rounded-full\">\n<div class=\"relative p-1 rounded-sm flex items-center justify-center bg-token-main-surface-primary text-token-text-primary h-8 w-8\"><\/div>\n<\/div>\n<\/div>\n<\/div>\n<\/div>\n<div class=\"group\/conversation-turn relative flex w-full min-w-0 flex-col agent-turn\">\n<div class=\"flex-col gap-1 md:gap-3\">\n<div class=\"flex flex-grow flex-col max-w-full\">\n<div class=\"min-h-[20px] text-message flex w-full flex-col items-end gap-2 whitespace-pre-wrap break-words [.text-message+&amp;]:mt-5 overflow-x-auto\" dir=\"auto\" data-message-author-role=\"assistant\" data-message-id=\"6e31115f-9167-4042-a349-1230898501be\">\n<div class=\"flex w-full flex-col gap-1 empty:hidden first:pt-[3px]\">\n<div class=\"markdown prose w-full break-words dark:prose-invert light\">\n<p>Le <strong>ELF BOX Digital 12000<\/strong> dans la saveur <strong>Glace \u00e0 la fraise<\/strong> offre une option attrayante pour les vapoteurs priv\u00e9s et les acheteurs en gros. Voici les caract\u00e9ristiques d\u00e9taill\u00e9es et les sp\u00e9cifications de ce produit sp\u00e9cifique :<\/p>\n<figure id=\"attachment_13666\" aria-describedby=\"caption-attachment-13666\" style=\"width: 300px\" class=\"wp-caption alignnone\"><img loading=\"lazy\" decoding=\"async\" class=\"size-medium wp-image-13666\" src=\"https:\/\/www.elementvape.de\/wp-content\/uploads\/2024\/08\/Strawberry-Watermelon-\u8349\u8393\u897f\u74dc-300x300.jpg\" alt=\"Fraise Past\u00e8que\" width=\"300\" height=\"300\" srcset=\"https:\/\/www.elementvape.de\/wp-content\/uploads\/2024\/08\/Strawberry-Watermelon-\u8349\u8393\u897f\u74dc-300x300.jpg 300w, https:\/\/www.elementvape.de\/wp-content\/uploads\/2024\/08\/Strawberry-Watermelon-\u8349\u8393\u897f\u74dc-150x150.jpg 150w, https:\/\/www.elementvape.de\/wp-content\/uploads\/2024\/08\/Strawberry-Watermelon-\u8349\u8393\u897f\u74dc-768x768.jpg 768w, https:\/\/www.elementvape.de\/wp-content\/uploads\/2024\/08\/Strawberry-Watermelon-\u8349\u8393\u897f\u74dc-600x600.jpg 600w, https:\/\/www.elementvape.de\/wp-content\/uploads\/2024\/08\/Strawberry-Watermelon-\u8349\u8393\u897f\u74dc-100x100.jpg 100w, https:\/\/www.elementvape.de\/wp-content\/uploads\/2024\/08\/Strawberry-Watermelon-\u8349\u8393\u897f\u74dc-50x50.jpg 50w, https:\/\/www.elementvape.de\/wp-content\/uploads\/2024\/08\/Strawberry-Watermelon-\u8349\u8393\u897f\u74dc.jpg 1000w\" sizes=\"(max-width: 300px) 100vw, 300px\" \/><figcaption id=\"caption-attachment-13666\" class=\"wp-caption-text\">Fraise Past\u00e8que<\/figcaption><\/figure>\n<h3>Sp\u00e9cifications du produit :<\/h3>\n<ul>\n<li><strong>Go\u00fbt :<\/strong> Glace \u00e0 la fraise<\/li>\n<li><strong>Nombre de bouff\u00e9es :<\/strong> 12 000 bouff\u00e9es<\/li>\n<li><strong>Type de coil :<\/strong> Bobine en mesh 0,8 Ohm<\/li>\n<li><strong>Capacit\u00e9 de e-liquide :<\/strong> 25 ml<\/li>\n<li><strong>N:<\/strong> 2 %, 5 %<\/li>\n<li><strong>Batterie :<\/strong> 13350, 500 mAh (rechargeable via Type-C)<\/li>\n<li><strong>Affichage :<\/strong> L'\u00e9cran num\u00e9rique affiche le niveau de e-liquide et de batterie<\/li>\n<li><strong>Poids du produit :<\/strong> 82 grammes<\/li>\n<li><strong>Taille du produit :<\/strong> 30\u00d757\u00d7101 mm<\/li>\n<\/ul>\n<h3>Caract\u00e9ristiques principales :<\/h3>\n<ul>\n<li><strong>Nombre \u00e9lev\u00e9 de bouff\u00e9es :<\/strong> 12 000 bouff\u00e9es assurent une longue dur\u00e9e d'utilisation et minimisent la n\u00e9cessit\u00e9 de remplacement fr\u00e9quent.<\/li>\n<li><strong>Technologie de coil en mesh :<\/strong> Fournit un go\u00fbt uniforme et am\u00e9lior\u00e9, garantissant une exp\u00e9rience de vapotage satisfaisante.<\/li>\n<li><strong>Grande capacit\u00e9 de e-liquide :<\/strong> 25 ml de e-liquide permettent un vapotage prolong\u00e9 sans remplissage fr\u00e9quent.<\/li>\n<li><strong>Options de nicotine :<\/strong> Diff\u00e9rentes concentrations de N (2 %, 5 %) correspondant aux pr\u00e9f\u00e9rences de divers utilisateurs.<\/li>\n<li><strong>Batterie rechargeable :<\/strong> La batterie de 500 mAh se recharge facilement via un c\u00e2ble Type-C et est adapt\u00e9e \u00e0 une utilisation prolong\u00e9e.<\/li>\n<li><strong>Affichage num\u00e9rique :<\/strong> L'affichage num\u00e9rique int\u00e9gr\u00e9 montre des informations en temps r\u00e9el sur le niveau de liquide \u00e9lectronique restant et la performance de la batterie.<\/li>\n<li><strong>Design portable :<\/strong> Le design compact et l\u00e9ger (82 grammes et 30\u00d757\u00d7101 mm) facilite le transport et l'utilisation en d\u00e9placement.<\/li>\n<\/ul>\n<h3>Avantages en gros :<\/h3>\n<ul>\n<li><strong>Vente directe en usine :<\/strong> Garantit des prix comp\u00e9titifs et des produits frais.<\/li>\n<li><strong>Acceptation de petites quantit\u00e9s de commande :<\/strong> Flexibilit\u00e9 pour les acheteurs en gros.<\/li>\n<\/ul>\n<h3>Sp\u00e9cifications d'emballage :<\/h3>\n<ul>\n<li><strong>Taille du carton :<\/strong> 615\u00d7223\u00d7330 mm<\/li>\n<li><strong>Quantit\u00e9 par carton :<\/strong> 200 pi\u00e8ces<\/li>\n<li><strong>Poids brut par carton :<\/strong> 17,5 kg<\/li>\n<\/ul>\n<p>Le <strong>ELF BOX Digital 12000 Fraise Past\u00e8que<\/strong> (12 000 bouff\u00e9es) offre une exp\u00e9rience de vapotage agr\u00e9able et rafra\u00eechissante avec la possibilit\u00e9 d'acheter de petites quantit\u00e9s en gros.<\/p>\n<\/div>\n<\/div>\n<\/div>\n<\/div>\n<\/div>\n<\/div>","protected":false},"excerpt":{"rendered":"<p>Die ELF BOX Digital 12000 in der Geschmacksrichtung Erdbeereis bietet eine attraktive Option f\u00fcr Privatdampfer und Gro\u00dfk\u00e4ufer. Hier sind die detaillierten Merkmale und Spezifikationen dieses spezifischen Produkts: Produktspezifikationen: Geschmack: Erdbeereis Anzahl der Z\u00fcge: 12.000 Z\u00fcge Spulentyp: Mesh-Spule 0,8 Ohm E-Liquid-Kapazit\u00e4t: 25 ml N: 2 %, 5 % Akku: 13350, 500 mAh (aufladbar \u00fcber Typ-C) Display: [&hellip;]<\/p>","protected":false},"featured_media":13666,"template":"","meta":{"inline_featured_image":false},"product_cat":[15,78,747,740,734,753,715,732],"product_tag":[710,673],"tiered_pricing_type":"fixed","tiered_pricing_fixed_rules":{"110":"7.00","200":"6.22","500":"5.45"},"tiered_pricing_percentage_rules":[],"tiered_pricing_minimum":1,"_administrator_tiered_pricing_type":"fixed","_administrator_tiered_pricing_fixed_rules":[],"_editor_tiered_pricing_type":"fixed","_editor_tiered_pricing_fixed_rules":[],"_author_tiered_pricing_type":"fixed","_author_tiered_pricing_fixed_rules":[],"_contributor_tiered_pricing_type":"fixed","_contributor_tiered_pricing_fixed_rules":[],"_subscriber_tiered_pricing_type":"fixed","_subscriber_tiered_pricing_fixed_rules":[],"_customer_tiered_pricing_type":"fixed","_customer_tiered_pricing_fixed_rules":[],"_shop_manager_tiered_pricing_type":"fixed","_shop_manager_tiered_pricing_fixed_rules":[],"_wpseo_manager_tiered_pricing_type":"fixed","_wpseo_manager_tiered_pricing_fixed_rules":[],"_wpseo_editor_tiered_pricing_type":"fixed","_wpseo_editor_tiered_pricing_fixed_rules":[],"_wholesale_customer_tiered_pricing_type":"fixed","_wholesale_customer_tiered_pricing_fixed_rules":[],"_marketer_tiered_pricing_type":"fixed","_marketer_tiered_pricing_fixed_rules":[],"_sales_manager_tiered_pricing_type":"fixed","_sales_manager_tiered_pricing_fixed_rules":[],"_sales_rep_tiered_pricing_type":"fixed","_sales_rep_tiered_pricing_fixed_rules":[],"yoast_head":"<!-- This site is optimized with the Yoast SEO plugin v23.3 - https:\/\/yoast.com\/wordpress\/plugins\/seo\/ -->\n<title>Strawberry Watermelon12000 puffs Akzeptieren Sie kleine Mengen im Gro\u00dfhandel ELF BOX Digital 12000 | ElementVape.de<\/title>\n<meta name=\"description\" content=\"Wir bieten Strawberry Watermelon12000 puffs Akzeptieren Sie kleine Mengen im Gro\u00dfhandel ELF BOX Digital 12000 , Elementvape.de akzeptieren Gro\u00df-und Einzelhandel Bestellungen.\" \/>\n<meta name=\"robots\" content=\"index, follow, max-snippet:-1, max-image-preview:large, max-video-preview:-1\" \/>\n<link rel=\"canonical\" href=\"https:\/\/www.elementvape.de\/fr\/produkt\/strawberry-watermelon12000-puffs-akzeptieren-sie-kleine-mengen-im-grosshandel-elf-box-digital-12000\/\" \/>\n<meta property=\"og:locale\" content=\"fr_FR\" \/>\n<meta property=\"og:type\" content=\"article\" \/>\n<meta property=\"og:title\" content=\"Strawberry Watermelon12000 puffs Akzeptieren Sie kleine Mengen im Gro\u00dfhandel ELF BOX Digital 12000 | ElementVape.de\" \/>\n<meta property=\"og:description\" content=\"Wir bieten Strawberry Watermelon12000 puffs Akzeptieren Sie kleine Mengen im Gro\u00dfhandel ELF BOX Digital 12000 , Elementvape.de akzeptieren Gro\u00df-und Einzelhandel Bestellungen.\" \/>\n<meta property=\"og:url\" content=\"https:\/\/www.elementvape.de\/fr\/produkt\/strawberry-watermelon12000-puffs-akzeptieren-sie-kleine-mengen-im-grosshandel-elf-box-digital-12000\/\" \/>\n<meta property=\"og:site_name\" content=\"ElementVape.de\" \/>\n<meta property=\"article:modified_time\" content=\"2024-12-12T06:35:12+00:00\" \/>\n<meta property=\"og:image\" content=\"https:\/\/www.elementvape.de\/wp-content\/uploads\/2024\/08\/Strawberry-Watermelon-\u8349\u8393\u897f\u74dc.jpg\" \/>\n\t<meta property=\"og:image:width\" content=\"1000\" \/>\n\t<meta property=\"og:image:height\" content=\"1000\" \/>\n\t<meta property=\"og:image:type\" content=\"image\/jpeg\" \/>\n<meta name=\"twitter:card\" content=\"summary_large_image\" \/>\n<meta name=\"twitter:label1\" content=\"Est. reading time\" \/>\n\t<meta name=\"twitter:data1\" content=\"2 minutes\" \/>\n<script type=\"application\/ld+json\" class=\"yoast-schema-graph\">{\"@context\":\"https:\/\/schema.org\",\"@graph\":[{\"@type\":\"WebPage\",\"@id\":\"https:\/\/www.elementvape.de\/produkt\/strawberry-watermelon12000-puffs-akzeptieren-sie-kleine-mengen-im-grosshandel-elf-box-digital-12000\/\",\"url\":\"https:\/\/www.elementvape.de\/produkt\/strawberry-watermelon12000-puffs-akzeptieren-sie-kleine-mengen-im-grosshandel-elf-box-digital-12000\/\",\"name\":\"Strawberry Watermelon12000 puffs Akzeptieren Sie kleine Mengen im Gro\u00dfhandel ELF BOX Digital 12000 | ElementVape.de\",\"isPartOf\":{\"@id\":\"https:\/\/www.elementvape.de\/#website\"},\"primaryImageOfPage\":{\"@id\":\"https:\/\/www.elementvape.de\/produkt\/strawberry-watermelon12000-puffs-akzeptieren-sie-kleine-mengen-im-grosshandel-elf-box-digital-12000\/#primaryimage\"},\"image\":{\"@id\":\"https:\/\/www.elementvape.de\/produkt\/strawberry-watermelon12000-puffs-akzeptieren-sie-kleine-mengen-im-grosshandel-elf-box-digital-12000\/#primaryimage\"},\"thumbnailUrl\":\"https:\/\/www.elementvape.de\/wp-content\/uploads\/2024\/08\/Strawberry-Watermelon-\u8349\u8393\u897f\u74dc.jpg\",\"datePublished\":\"2024-08-06T07:06:16+00:00\",\"dateModified\":\"2024-12-12T06:35:12+00:00\",\"description\":\"Wir bieten Strawberry Watermelon12000 puffs Akzeptieren Sie kleine Mengen im Gro\u00dfhandel ELF BOX Digital 12000 , Elementvape.de akzeptieren Gro\u00df-und Einzelhandel Bestellungen.\",\"breadcrumb\":{\"@id\":\"https:\/\/www.elementvape.de\/produkt\/strawberry-watermelon12000-puffs-akzeptieren-sie-kleine-mengen-im-grosshandel-elf-box-digital-12000\/#breadcrumb\"},\"inLanguage\":\"fr-FR\",\"potentialAction\":[{\"@type\":\"ReadAction\",\"target\":[\"https:\/\/www.elementvape.de\/produkt\/strawberry-watermelon12000-puffs-akzeptieren-sie-kleine-mengen-im-grosshandel-elf-box-digital-12000\/\"]}]},{\"@type\":\"ImageObject\",\"inLanguage\":\"fr-FR\",\"@id\":\"https:\/\/www.elementvape.de\/produkt\/strawberry-watermelon12000-puffs-akzeptieren-sie-kleine-mengen-im-grosshandel-elf-box-digital-12000\/#primaryimage\",\"url\":\"https:\/\/www.elementvape.de\/wp-content\/uploads\/2024\/08\/Strawberry-Watermelon-\u8349\u8393\u897f\u74dc.jpg\",\"contentUrl\":\"https:\/\/www.elementvape.de\/wp-content\/uploads\/2024\/08\/Strawberry-Watermelon-\u8349\u8393\u897f\u74dc.jpg\",\"width\":1000,\"height\":1000,\"caption\":\"Strawberry Watermelon\"},{\"@type\":\"BreadcrumbList\",\"@id\":\"https:\/\/www.elementvape.de\/produkt\/strawberry-watermelon12000-puffs-akzeptieren-sie-kleine-mengen-im-grosshandel-elf-box-digital-12000\/#breadcrumb\",\"itemListElement\":[{\"@type\":\"ListItem\",\"position\":1,\"name\":\"Home\",\"item\":\"https:\/\/www.elementvape.de\/\"},{\"@type\":\"ListItem\",\"position\":2,\"name\":\"Shop\",\"item\":\"https:\/\/www.elementvape.de\/shop\/\"},{\"@type\":\"ListItem\",\"position\":3,\"name\":\"Strawberry Watermelon12000 puffs Akzeptieren Sie kleine Mengen im Gro\u00dfhandel ELF BOX Digital 12000\"}]},{\"@type\":\"WebSite\",\"@id\":\"https:\/\/www.elementvape.de\/#website\",\"url\":\"https:\/\/www.elementvape.de\/\",\"name\":\"ElementVape.de\",\"description\":\"\",\"publisher\":{\"@id\":\"https:\/\/www.elementvape.de\/#organization\"},\"potentialAction\":[{\"@type\":\"SearchAction\",\"target\":{\"@type\":\"EntryPoint\",\"urlTemplate\":\"https:\/\/www.elementvape.de\/?s={search_term_string}\"},\"query-input\":\"required name=search_term_string\"}],\"inLanguage\":\"fr-FR\"},{\"@type\":\"Organization\",\"@id\":\"https:\/\/www.elementvape.de\/#organization\",\"name\":\"ElementVape.DE\",\"url\":\"https:\/\/www.elementvape.de\/\",\"logo\":{\"@type\":\"ImageObject\",\"inLanguage\":\"fr-FR\",\"@id\":\"https:\/\/www.elementvape.de\/#\/schema\/logo\/image\/\",\"url\":\"https:\/\/www.elementvape.de\/wp-content\/uploads\/2024\/09\/cropped-1elementvape-3.png\",\"contentUrl\":\"https:\/\/www.elementvape.de\/wp-content\/uploads\/2024\/09\/cropped-1elementvape-3.png\",\"width\":285,\"height\":228,\"caption\":\"ElementVape.DE\"},\"image\":{\"@id\":\"https:\/\/www.elementvape.de\/#\/schema\/logo\/image\/\"}}]}<\/script>\n<!-- \/ Yoast SEO plugin. -->","yoast_head_json":{"title":"Strawberry Watermelon12000 puffs Akzeptieren Sie kleine Mengen im Gro\u00dfhandel ELF BOX Digital 12000 | ElementVape.de","description":"Wir bieten Strawberry Watermelon12000 puffs Akzeptieren Sie kleine Mengen im Gro\u00dfhandel ELF BOX Digital 12000 , Elementvape.de akzeptieren Gro\u00df-und Einzelhandel Bestellungen.","robots":{"index":"index","follow":"follow","max-snippet":"max-snippet:-1","max-image-preview":"max-image-preview:large","max-video-preview":"max-video-preview:-1"},"canonical":"https:\/\/www.elementvape.de\/fr\/produkt\/strawberry-watermelon12000-puffs-akzeptieren-sie-kleine-mengen-im-grosshandel-elf-box-digital-12000\/","og_locale":"fr_FR","og_type":"article","og_title":"Strawberry Watermelon12000 puffs Akzeptieren Sie kleine Mengen im Gro\u00dfhandel ELF BOX Digital 12000 | ElementVape.de","og_description":"Wir bieten Strawberry Watermelon12000 puffs Akzeptieren Sie kleine Mengen im Gro\u00dfhandel ELF BOX Digital 12000 , Elementvape.de akzeptieren Gro\u00df-und Einzelhandel Bestellungen.","og_url":"https:\/\/www.elementvape.de\/fr\/produkt\/strawberry-watermelon12000-puffs-akzeptieren-sie-kleine-mengen-im-grosshandel-elf-box-digital-12000\/","og_site_name":"ElementVape.de","article_modified_time":"2024-12-12T06:35:12+00:00","og_image":[{"width":1000,"height":1000,"url":"https:\/\/www.elementvape.de\/wp-content\/uploads\/2024\/08\/Strawberry-Watermelon-\u8349\u8393\u897f\u74dc.jpg","type":"image\/jpeg"}],"twitter_card":"summary_large_image","twitter_misc":{"Est. reading time":"2 minutes"},"schema":{"@context":"https:\/\/schema.org","@graph":[{"@type":"WebPage","@id":"https:\/\/www.elementvape.de\/produkt\/strawberry-watermelon12000-puffs-akzeptieren-sie-kleine-mengen-im-grosshandel-elf-box-digital-12000\/","url":"https:\/\/www.elementvape.de\/produkt\/strawberry-watermelon12000-puffs-akzeptieren-sie-kleine-mengen-im-grosshandel-elf-box-digital-12000\/","name":"Strawberry Watermelon12000 puffs Akzeptieren Sie kleine Mengen im Gro\u00dfhandel ELF BOX Digital 12000 | ElementVape.de","isPartOf":{"@id":"https:\/\/www.elementvape.de\/#website"},"primaryImageOfPage":{"@id":"https:\/\/www.elementvape.de\/produkt\/strawberry-watermelon12000-puffs-akzeptieren-sie-kleine-mengen-im-grosshandel-elf-box-digital-12000\/#primaryimage"},"image":{"@id":"https:\/\/www.elementvape.de\/produkt\/strawberry-watermelon12000-puffs-akzeptieren-sie-kleine-mengen-im-grosshandel-elf-box-digital-12000\/#primaryimage"},"thumbnailUrl":"https:\/\/www.elementvape.de\/wp-content\/uploads\/2024\/08\/Strawberry-Watermelon-\u8349\u8393\u897f\u74dc.jpg","datePublished":"2024-08-06T07:06:16+00:00","dateModified":"2024-12-12T06:35:12+00:00","description":"Wir bieten Strawberry Watermelon12000 puffs Akzeptieren Sie kleine Mengen im Gro\u00dfhandel ELF BOX Digital 12000 , Elementvape.de akzeptieren Gro\u00df-und Einzelhandel Bestellungen.","breadcrumb":{"@id":"https:\/\/www.elementvape.de\/produkt\/strawberry-watermelon12000-puffs-akzeptieren-sie-kleine-mengen-im-grosshandel-elf-box-digital-12000\/#breadcrumb"},"inLanguage":"fr-FR","potentialAction":[{"@type":"ReadAction","target":["https:\/\/www.elementvape.de\/produkt\/strawberry-watermelon12000-puffs-akzeptieren-sie-kleine-mengen-im-grosshandel-elf-box-digital-12000\/"]}]},{"@type":"ImageObject","inLanguage":"fr-FR","@id":"https:\/\/www.elementvape.de\/produkt\/strawberry-watermelon12000-puffs-akzeptieren-sie-kleine-mengen-im-grosshandel-elf-box-digital-12000\/#primaryimage","url":"https:\/\/www.elementvape.de\/wp-content\/uploads\/2024\/08\/Strawberry-Watermelon-\u8349\u8393\u897f\u74dc.jpg","contentUrl":"https:\/\/www.elementvape.de\/wp-content\/uploads\/2024\/08\/Strawberry-Watermelon-\u8349\u8393\u897f\u74dc.jpg","width":1000,"height":1000,"caption":"Strawberry Watermelon"},{"@type":"BreadcrumbList","@id":"https:\/\/www.elementvape.de\/produkt\/strawberry-watermelon12000-puffs-akzeptieren-sie-kleine-mengen-im-grosshandel-elf-box-digital-12000\/#breadcrumb","itemListElement":[{"@type":"ListItem","position":1,"name":"Home","item":"https:\/\/www.elementvape.de\/"},{"@type":"ListItem","position":2,"name":"Shop","item":"https:\/\/www.elementvape.de\/shop\/"},{"@type":"ListItem","position":3,"name":"Strawberry Watermelon12000 puffs Akzeptieren Sie kleine Mengen im Gro\u00dfhandel ELF BOX Digital 12000"}]},{"@type":"WebSite","@id":"https:\/\/www.elementvape.de\/#website","url":"https:\/\/www.elementvape.de\/","name":"ElementVape.de","description":"","publisher":{"@id":"https:\/\/www.elementvape.de\/#organization"},"potentialAction":[{"@type":"SearchAction","target":{"@type":"EntryPoint","urlTemplate":"https:\/\/www.elementvape.de\/?s={search_term_string}"},"query-input":"required name=search_term_string"}],"inLanguage":"fr-FR"},{"@type":"Organization","@id":"https:\/\/www.elementvape.de\/#organization","name":"ElementVape.DE","url":"https:\/\/www.elementvape.de\/","logo":{"@type":"ImageObject","inLanguage":"fr-FR","@id":"https:\/\/www.elementvape.de\/#\/schema\/logo\/image\/","url":"https:\/\/www.elementvape.de\/wp-content\/uploads\/2024\/09\/cropped-1elementvape-3.png","contentUrl":"https:\/\/www.elementvape.de\/wp-content\/uploads\/2024\/09\/cropped-1elementvape-3.png","width":285,"height":228,"caption":"ElementVape.DE"},"image":{"@id":"https:\/\/www.elementvape.de\/#\/schema\/logo\/image\/"}}]}},"_links":{"self":[{"href":"https:\/\/www.elementvape.de\/fr\/wp-json\/wp\/v2\/product\/13665"}],"collection":[{"href":"https:\/\/www.elementvape.de\/fr\/wp-json\/wp\/v2\/product"}],"about":[{"href":"https:\/\/www.elementvape.de\/fr\/wp-json\/wp\/v2\/types\/product"}],"wp:featuredmedia":[{"embeddable":true,"href":"https:\/\/www.elementvape.de\/fr\/wp-json\/wp\/v2\/media\/13666"}],"wp:attachment":[{"href":"https:\/\/www.elementvape.de\/fr\/wp-json\/wp\/v2\/media?parent=13665"}],"wp:term":[{"taxonomy":"product_cat","embeddable":true,"href":"https:\/\/www.elementvape.de\/fr\/wp-json\/wp\/v2\/product_cat?post=13665"},{"taxonomy":"product_tag","embeddable":true,"href":"https:\/\/www.elementvape.de\/fr\/wp-json\/wp\/v2\/product_tag?post=13665"}],"curies":[{"name":"wp","href":"https:\/\/api.w.org\/{rel}","templated":true}]}}