{"id":13292,"date":"2024-06-27T03:38:43","date_gmt":"2024-06-27T03:38:43","guid":{"rendered":"https:\/\/www.elementvape.de\/?post_type=product&#038;p=13292"},"modified":"2024-09-12T10:28:46","modified_gmt":"2024-09-12T10:28:46","slug":"uwell-kalmia-pod-system-kit-400mah","status":"publish","type":"product","link":"https:\/\/www.elementvape.de\/fr\/produkt\/uwell-kalmia-pod-system-kit-400mah\/","title":{"rendered":"Kit Syst\u00e8me Pod Uwell Kalmia 400mAh"},"content":{"rendered":"<h3>Kit de syst\u00e8me de pod Uwell Kalmia chez elementvape \u2013 Compact, facile \u00e0 utiliser et fiable<\/h3>\n<p><strong>elementvape<\/strong> fait partie des plus grands grossistes et fournisseurs de produits Vape en Chine. Nous proposons une large gamme de cigarettes \u00e9lectroniques Uwell, kits de vape et accessoires de la plus haute qualit\u00e9. Achetez le <strong>Kit de syst\u00e8me de pod Uwell Kalmia<\/strong> aux meilleurs prix de gros et profitez d'une exp\u00e9rience de vapotage conviviale.<\/p>\n<h3>Facile \u00e0 utiliser et efficace<\/h3>\n<p>Le <strong>Kit de syst\u00e8me de pod Uwell Kalmia<\/strong> se distingue par sa simplicit\u00e9 d'utilisation et sa grande fiabilit\u00e9. Gr\u00e2ce \u00e0 l'aspiration automatique, il est particuli\u00e8rement convivial \u2013 en inhalant l\u00e9g\u00e8rement, vous pouvez commencer \u00e0 vapoter imm\u00e9diatement. L'appareil fournit un vapeur constant et fluide pendant l'utilisation.<\/p>\n<h3>Fonctions pratiques<\/h3>\n<p>Le design magn\u00e9tique assure une connexion s\u00e9curis\u00e9e entre le pod et l'appareil, permettant d'ins\u00e9rer et de retirer facilement le pod. La connexion Type-C permet une charge rapide et simple. Une alarme vibrante int\u00e9gr\u00e9e vous avertit en cas de faible niveau de batterie, pendant la charge et lors de l'insertion du pod, afin que vous puissiez toujours surveiller l'\u00e9tat de fonctionnement de l'appareil.<\/p>\n<h3>Caract\u00e9ristiques techniques et contenu de l\u2019emballage<\/h3>\n<p><strong>Sp\u00e9cifications :<\/strong><\/p>\n<ul>\n<li><strong>Marque :<\/strong> Uwell<\/li>\n<li><strong>Mat\u00e9riau :<\/strong> PATM0251, Aluminium, PC+ABS, POK<\/li>\n<li><strong>Taille :<\/strong> 20 mm (L) * 10,8 mm (l) * 109 mm (H)<\/li>\n<li><strong>Capacit\u00e9 de e-liquide :<\/strong> 1,6 ml<\/li>\n<li><strong>Puissance maximale :<\/strong> 13 W<\/li>\n<li><strong>Capacit\u00e9 de la batterie :<\/strong> 400 mAh<\/li>\n<li><strong>Sp\u00e9cification du pod :<\/strong> Pod rechargeable FeCrAl UN2 Mesh-H 1,2 Ohm<\/li>\n<\/ul>\n<p><strong>Contenu de l'emballage :<\/strong><\/p>\n<ul>\n<li>1 x Kit de syst\u00e8me de pod Uwell Kalmia<\/li>\n<\/ul>\n<p>Le kit de syst\u00e8me de pod Uwell Kalmia est le choix id\u00e9al pour les vapoteurs \u00e0 la recherche d\u2019un appareil convivial, compact et fiable. Avec ses fonctionnalit\u00e9s pratiques et son design de haute qualit\u00e9, il offre une exp\u00e9rience de vapotage exceptionnelle. Rejoignez <strong>elementvape<\/strong> et profitez des meilleurs prix de gros pour le kit de syst\u00e8me de pod Uwell Kalmia.<\/p>","protected":false},"excerpt":{"rendered":"<p>Uwell Kalmia Pod System Kit bei elementvape \u2013 Kompakt, Benutzerfreundlich und Zuverl\u00e4ssig elementvape z\u00e4hlt zu den gr\u00f6\u00dften Uwell-Gro\u00dfh\u00e4ndlern und -Lieferanten von Vape-Produkten in China. Wir bieten eine breite Palette an Uwell E-Zigaretten, Vape-Kits und Zubeh\u00f6r von h\u00f6chster Qualit\u00e4t. Kaufen Sie das Uwell Kalmia Pod System Kit zu den besten Gro\u00dfhandelspreisen und genie\u00dfen Sie ein benutzerfreundliches [&hellip;]<\/p>","protected":false},"featured_media":13293,"template":"","meta":{"inline_featured_image":false},"product_cat":[747,740,734,753,76],"product_tag":[],"tiered_pricing_type":"fixed","tiered_pricing_fixed_rules":[],"tiered_pricing_percentage_rules":[],"tiered_pricing_minimum":1,"_administrator_tiered_pricing_type":"fixed","_administrator_tiered_pricing_fixed_rules":[],"_editor_tiered_pricing_type":"fixed","_editor_tiered_pricing_fixed_rules":[],"_author_tiered_pricing_type":"fixed","_author_tiered_pricing_fixed_rules":[],"_contributor_tiered_pricing_type":"fixed","_contributor_tiered_pricing_fixed_rules":[],"_subscriber_tiered_pricing_type":"fixed","_subscriber_tiered_pricing_fixed_rules":[],"_customer_tiered_pricing_type":"fixed","_customer_tiered_pricing_fixed_rules":[],"_shop_manager_tiered_pricing_type":"fixed","_shop_manager_tiered_pricing_fixed_rules":[],"_wpseo_manager_tiered_pricing_type":"fixed","_wpseo_manager_tiered_pricing_fixed_rules":[],"_wpseo_editor_tiered_pricing_type":"fixed","_wpseo_editor_tiered_pricing_fixed_rules":[],"_wholesale_customer_tiered_pricing_type":"fixed","_wholesale_customer_tiered_pricing_fixed_rules":[],"_marketer_tiered_pricing_type":"fixed","_marketer_tiered_pricing_fixed_rules":[],"_sales_manager_tiered_pricing_type":"fixed","_sales_manager_tiered_pricing_fixed_rules":[],"_sales_rep_tiered_pricing_type":"fixed","_sales_rep_tiered_pricing_fixed_rules":[],"yoast_head":"<!-- This site is optimized with the Yoast SEO plugin v23.3 - https:\/\/yoast.com\/wordpress\/plugins\/seo\/ -->\n<title>Uwell Kalmia Pod System Kit 400mAh | ElementVape.de<\/title>\n<meta name=\"description\" content=\"Wir bieten Uwell Kalmia Pod System Kit 400mAh , Elementvape.de akzeptieren Gro\u00df-und Einzelhandel Bestellungen.\" \/>\n<meta name=\"robots\" content=\"index, follow, max-snippet:-1, max-image-preview:large, max-video-preview:-1\" \/>\n<link rel=\"canonical\" href=\"https:\/\/www.elementvape.de\/fr\/produkt\/uwell-kalmia-pod-system-kit-400mah\/\" \/>\n<meta property=\"og:locale\" content=\"fr_FR\" \/>\n<meta property=\"og:type\" content=\"article\" \/>\n<meta property=\"og:title\" content=\"Uwell Kalmia Pod System Kit 400mAh | ElementVape.de\" \/>\n<meta property=\"og:description\" content=\"Wir bieten Uwell Kalmia Pod System Kit 400mAh , Elementvape.de akzeptieren Gro\u00df-und Einzelhandel Bestellungen.\" \/>\n<meta property=\"og:url\" content=\"https:\/\/www.elementvape.de\/fr\/produkt\/uwell-kalmia-pod-system-kit-400mah\/\" \/>\n<meta property=\"og:site_name\" content=\"ElementVape.de\" \/>\n<meta property=\"article:modified_time\" content=\"2024-09-12T10:28:46+00:00\" \/>\n<meta property=\"og:image\" content=\"https:\/\/www.elementvape.de\/wp-content\/uploads\/2024\/06\/Uwell-Kalmia-Pod-System-Kit-400mAh_91629df2-bfb3-4fcf-a203-8b983c0a8502.webp\" \/>\n\t<meta property=\"og:image:width\" content=\"800\" \/>\n\t<meta property=\"og:image:height\" content=\"800\" \/>\n\t<meta property=\"og:image:type\" content=\"image\/webp\" \/>\n<meta name=\"twitter:card\" content=\"summary_large_image\" \/>\n<meta name=\"twitter:label1\" content=\"Est. reading time\" \/>\n\t<meta name=\"twitter:data1\" content=\"2 minutes\" \/>\n<script type=\"application\/ld+json\" class=\"yoast-schema-graph\">{\"@context\":\"https:\/\/schema.org\",\"@graph\":[{\"@type\":\"WebPage\",\"@id\":\"https:\/\/www.elementvape.de\/sv\/produkt\/uwell-kalmia-pod-system-kit-400mah\/\",\"url\":\"https:\/\/www.elementvape.de\/sv\/produkt\/uwell-kalmia-pod-system-kit-400mah\/\",\"name\":\"Uwell Kalmia Pod System Kit 400mAh | ElementVape.de\",\"isPartOf\":{\"@id\":\"https:\/\/www.elementvape.de\/#website\"},\"primaryImageOfPage\":{\"@id\":\"https:\/\/www.elementvape.de\/sv\/produkt\/uwell-kalmia-pod-system-kit-400mah\/#primaryimage\"},\"image\":{\"@id\":\"https:\/\/www.elementvape.de\/sv\/produkt\/uwell-kalmia-pod-system-kit-400mah\/#primaryimage\"},\"thumbnailUrl\":\"https:\/\/www.elementvape.de\/wp-content\/uploads\/2024\/06\/Uwell-Kalmia-Pod-System-Kit-400mAh_91629df2-bfb3-4fcf-a203-8b983c0a8502.webp\",\"datePublished\":\"2024-06-27T03:38:43+00:00\",\"dateModified\":\"2024-09-12T10:28:46+00:00\",\"description\":\"Wir bieten Uwell Kalmia Pod System Kit 400mAh , Elementvape.de akzeptieren Gro\u00df-und Einzelhandel Bestellungen.\",\"breadcrumb\":{\"@id\":\"https:\/\/www.elementvape.de\/sv\/produkt\/uwell-kalmia-pod-system-kit-400mah\/#breadcrumb\"},\"inLanguage\":\"fr-FR\",\"potentialAction\":[{\"@type\":\"ReadAction\",\"target\":[\"https:\/\/www.elementvape.de\/sv\/produkt\/uwell-kalmia-pod-system-kit-400mah\/\"]}]},{\"@type\":\"ImageObject\",\"inLanguage\":\"fr-FR\",\"@id\":\"https:\/\/www.elementvape.de\/sv\/produkt\/uwell-kalmia-pod-system-kit-400mah\/#primaryimage\",\"url\":\"https:\/\/www.elementvape.de\/wp-content\/uploads\/2024\/06\/Uwell-Kalmia-Pod-System-Kit-400mAh_91629df2-bfb3-4fcf-a203-8b983c0a8502.webp\",\"contentUrl\":\"https:\/\/www.elementvape.de\/wp-content\/uploads\/2024\/06\/Uwell-Kalmia-Pod-System-Kit-400mAh_91629df2-bfb3-4fcf-a203-8b983c0a8502.webp\",\"width\":800,\"height\":800,\"caption\":\"Uwell-Kalmia-Pod-System-Kit-400mAh_91629df2-bfb3-4fcf-a203-8b983c0a8502\"},{\"@type\":\"BreadcrumbList\",\"@id\":\"https:\/\/www.elementvape.de\/sv\/produkt\/uwell-kalmia-pod-system-kit-400mah\/#breadcrumb\",\"itemListElement\":[{\"@type\":\"ListItem\",\"position\":1,\"name\":\"Home\",\"item\":\"https:\/\/www.elementvape.de\/\"},{\"@type\":\"ListItem\",\"position\":2,\"name\":\"Shop\",\"item\":\"https:\/\/www.elementvape.de\/shop\/\"},{\"@type\":\"ListItem\",\"position\":3,\"name\":\"Uwell Kalmia Pod System Kit 400mAh\"}]},{\"@type\":\"WebSite\",\"@id\":\"https:\/\/www.elementvape.de\/#website\",\"url\":\"https:\/\/www.elementvape.de\/\",\"name\":\"ElementVape.de\",\"description\":\"\",\"publisher\":{\"@id\":\"https:\/\/www.elementvape.de\/#organization\"},\"potentialAction\":[{\"@type\":\"SearchAction\",\"target\":{\"@type\":\"EntryPoint\",\"urlTemplate\":\"https:\/\/www.elementvape.de\/?s={search_term_string}\"},\"query-input\":\"required name=search_term_string\"}],\"inLanguage\":\"fr-FR\"},{\"@type\":\"Organization\",\"@id\":\"https:\/\/www.elementvape.de\/#organization\",\"name\":\"ElementVape.DE\",\"url\":\"https:\/\/www.elementvape.de\/\",\"logo\":{\"@type\":\"ImageObject\",\"inLanguage\":\"fr-FR\",\"@id\":\"https:\/\/www.elementvape.de\/#\/schema\/logo\/image\/\",\"url\":\"https:\/\/www.elementvape.de\/wp-content\/uploads\/2024\/09\/cropped-1elementvape-3.png\",\"contentUrl\":\"https:\/\/www.elementvape.de\/wp-content\/uploads\/2024\/09\/cropped-1elementvape-3.png\",\"width\":285,\"height\":228,\"caption\":\"ElementVape.DE\"},\"image\":{\"@id\":\"https:\/\/www.elementvape.de\/#\/schema\/logo\/image\/\"}}]}<\/script>\n<!-- \/ Yoast SEO plugin. -->","yoast_head_json":{"title":"Uwell Kalmia Pod System Kit 400mAh | ElementVape.de","description":"Wir bieten Uwell Kalmia Pod System Kit 400mAh , Elementvape.de akzeptieren Gro\u00df-und Einzelhandel Bestellungen.","robots":{"index":"index","follow":"follow","max-snippet":"max-snippet:-1","max-image-preview":"max-image-preview:large","max-video-preview":"max-video-preview:-1"},"canonical":"https:\/\/www.elementvape.de\/fr\/produkt\/uwell-kalmia-pod-system-kit-400mah\/","og_locale":"fr_FR","og_type":"article","og_title":"Uwell Kalmia Pod System Kit 400mAh | ElementVape.de","og_description":"Wir bieten Uwell Kalmia Pod System Kit 400mAh , Elementvape.de akzeptieren Gro\u00df-und Einzelhandel Bestellungen.","og_url":"https:\/\/www.elementvape.de\/fr\/produkt\/uwell-kalmia-pod-system-kit-400mah\/","og_site_name":"ElementVape.de","article_modified_time":"2024-09-12T10:28:46+00:00","og_image":[{"width":800,"height":800,"url":"https:\/\/www.elementvape.de\/wp-content\/uploads\/2024\/06\/Uwell-Kalmia-Pod-System-Kit-400mAh_91629df2-bfb3-4fcf-a203-8b983c0a8502.webp","type":"image\/webp"}],"twitter_card":"summary_large_image","twitter_misc":{"Est. reading time":"2 minutes"},"schema":{"@context":"https:\/\/schema.org","@graph":[{"@type":"WebPage","@id":"https:\/\/www.elementvape.de\/sv\/produkt\/uwell-kalmia-pod-system-kit-400mah\/","url":"https:\/\/www.elementvape.de\/sv\/produkt\/uwell-kalmia-pod-system-kit-400mah\/","name":"Uwell Kalmia Pod System Kit 400mAh | ElementVape.de","isPartOf":{"@id":"https:\/\/www.elementvape.de\/#website"},"primaryImageOfPage":{"@id":"https:\/\/www.elementvape.de\/sv\/produkt\/uwell-kalmia-pod-system-kit-400mah\/#primaryimage"},"image":{"@id":"https:\/\/www.elementvape.de\/sv\/produkt\/uwell-kalmia-pod-system-kit-400mah\/#primaryimage"},"thumbnailUrl":"https:\/\/www.elementvape.de\/wp-content\/uploads\/2024\/06\/Uwell-Kalmia-Pod-System-Kit-400mAh_91629df2-bfb3-4fcf-a203-8b983c0a8502.webp","datePublished":"2024-06-27T03:38:43+00:00","dateModified":"2024-09-12T10:28:46+00:00","description":"Wir bieten Uwell Kalmia Pod System Kit 400mAh , Elementvape.de akzeptieren Gro\u00df-und Einzelhandel Bestellungen.","breadcrumb":{"@id":"https:\/\/www.elementvape.de\/sv\/produkt\/uwell-kalmia-pod-system-kit-400mah\/#breadcrumb"},"inLanguage":"fr-FR","potentialAction":[{"@type":"ReadAction","target":["https:\/\/www.elementvape.de\/sv\/produkt\/uwell-kalmia-pod-system-kit-400mah\/"]}]},{"@type":"ImageObject","inLanguage":"fr-FR","@id":"https:\/\/www.elementvape.de\/sv\/produkt\/uwell-kalmia-pod-system-kit-400mah\/#primaryimage","url":"https:\/\/www.elementvape.de\/wp-content\/uploads\/2024\/06\/Uwell-Kalmia-Pod-System-Kit-400mAh_91629df2-bfb3-4fcf-a203-8b983c0a8502.webp","contentUrl":"https:\/\/www.elementvape.de\/wp-content\/uploads\/2024\/06\/Uwell-Kalmia-Pod-System-Kit-400mAh_91629df2-bfb3-4fcf-a203-8b983c0a8502.webp","width":800,"height":800,"caption":"Uwell-Kalmia-Pod-System-Kit-400mAh_91629df2-bfb3-4fcf-a203-8b983c0a8502"},{"@type":"BreadcrumbList","@id":"https:\/\/www.elementvape.de\/sv\/produkt\/uwell-kalmia-pod-system-kit-400mah\/#breadcrumb","itemListElement":[{"@type":"ListItem","position":1,"name":"Home","item":"https:\/\/www.elementvape.de\/"},{"@type":"ListItem","position":2,"name":"Shop","item":"https:\/\/www.elementvape.de\/shop\/"},{"@type":"ListItem","position":3,"name":"Uwell Kalmia Pod System Kit 400mAh"}]},{"@type":"WebSite","@id":"https:\/\/www.elementvape.de\/#website","url":"https:\/\/www.elementvape.de\/","name":"ElementVape.de","description":"","publisher":{"@id":"https:\/\/www.elementvape.de\/#organization"},"potentialAction":[{"@type":"SearchAction","target":{"@type":"EntryPoint","urlTemplate":"https:\/\/www.elementvape.de\/?s={search_term_string}"},"query-input":"required name=search_term_string"}],"inLanguage":"fr-FR"},{"@type":"Organization","@id":"https:\/\/www.elementvape.de\/#organization","name":"ElementVape.DE","url":"https:\/\/www.elementvape.de\/","logo":{"@type":"ImageObject","inLanguage":"fr-FR","@id":"https:\/\/www.elementvape.de\/#\/schema\/logo\/image\/","url":"https:\/\/www.elementvape.de\/wp-content\/uploads\/2024\/09\/cropped-1elementvape-3.png","contentUrl":"https:\/\/www.elementvape.de\/wp-content\/uploads\/2024\/09\/cropped-1elementvape-3.png","width":285,"height":228,"caption":"ElementVape.DE"},"image":{"@id":"https:\/\/www.elementvape.de\/#\/schema\/logo\/image\/"}}]}},"_links":{"self":[{"href":"https:\/\/www.elementvape.de\/fr\/wp-json\/wp\/v2\/product\/13292"}],"collection":[{"href":"https:\/\/www.elementvape.de\/fr\/wp-json\/wp\/v2\/product"}],"about":[{"href":"https:\/\/www.elementvape.de\/fr\/wp-json\/wp\/v2\/types\/product"}],"wp:featuredmedia":[{"embeddable":true,"href":"https:\/\/www.elementvape.de\/fr\/wp-json\/wp\/v2\/media\/13293"}],"wp:attachment":[{"href":"https:\/\/www.elementvape.de\/fr\/wp-json\/wp\/v2\/media?parent=13292"}],"wp:term":[{"taxonomy":"product_cat","embeddable":true,"href":"https:\/\/www.elementvape.de\/fr\/wp-json\/wp\/v2\/product_cat?post=13292"},{"taxonomy":"product_tag","embeddable":true,"href":"https:\/\/www.elementvape.de\/fr\/wp-json\/wp\/v2\/product_tag?post=13292"}],"curies":[{"name":"wp","href":"https:\/\/api.w.org\/{rel}","templated":true}]}}