{"id":13278,"date":"2024-06-27T02:59:48","date_gmt":"2024-06-27T02:59:48","guid":{"rendered":"https:\/\/www.elementvape.de\/?post_type=product&#038;p=13278"},"modified":"2024-09-12T10:28:47","modified_gmt":"2024-09-12T10:28:47","slug":"uwell-sculptor-pod-kit-370-mah","status":"publish","type":"product","link":"https:\/\/www.elementvape.de\/fr\/produkt\/uwell-sculptor-pod-kit-370-mah\/","title":{"rendered":"Uwell Sculptor Pod Kit 370 mAh"},"content":{"rendered":"<h3>Kit de vapotage Uwell Sculptor chez elementvape \u2013 Un choix compact et \u00e9l\u00e9gant<\/h3>\n<p><strong>Elementvape<\/strong>, l'un des principaux grossistes en cigarettes \u00e9lectroniques dans le monde, propose le <strong>Kit de vapotage Uwell Sculptor<\/strong> aux meilleurs prix de gros. Ce kit compact et facile \u00e0 utiliser est id\u00e9al aussi bien pour les d\u00e9butants que pour les vapoteurs exp\u00e9riment\u00e9s. Il offre une exp\u00e9rience de vapotage MTL (Mouth To Lung) et est \u00e9quip\u00e9 d'une batterie int\u00e9gr\u00e9e de 370 mAh. Avec une plage de puissance r\u00e9glable de 5 \u00e0 11 W, vous pouvez personnaliser votre exp\u00e9rience de vapotage. Chaque kit est livr\u00e9 avec deux pods Sculptor rechargeables de 2 ml, \u00e9quip\u00e9s de r\u00e9sistances int\u00e9gr\u00e9es, pour une utilisation imm\u00e9diate.<\/p>\n<h3>Design \u00e9l\u00e9gant et fonctionnalit\u00e9s pratiques<\/h3>\n<p>Le kit de vapotage Uwell Sculptor se distingue par sa combinaison de fonctionnalit\u00e9 et d'esth\u00e9tique. Le c\u00f4t\u00e9 concave des <strong><a href=\"https:\/\/www.elementvape.de\/fr\/c\/pod\/\">Pods<\/a><\/strong> facilite leur retrait, et la r\u00e9sistance int\u00e9gr\u00e9e de 1,2 ohm avec la technologie de r\u00e9glage du go\u00fbt Pro-FOCS offre une exp\u00e9rience gustative intense. La finition en m\u00e9tal de la coque incarne la puissance et l'artisanat, tandis que la galvanisation mate donne \u00e0 l'appareil un style ancien et une prise en main unique. De plus, le kit est \u00e9quip\u00e9 d'une cha\u00eene, en faisant un accessoire exquis.<\/p>\n<h3>Caract\u00e9ristiques techniques et contenu de l\u2019emballage<\/h3>\n<p><strong>Sp\u00e9cifications :<\/strong><\/p>\n<ul>\n<li><strong>Mat\u00e9riaux :<\/strong> PCTG, alliage de zinc, PC, POK, cuivre<\/li>\n<li><strong>Dimensions :<\/strong> 32,6 mm \u00d7 15 mm \u00d7 77,1 mm<\/li>\n<li><strong>Poids net :<\/strong> 50 g<\/li>\n<li><strong>Capacit\u00e9 de e-liquide :<\/strong> 1,6 ml<\/li>\n<li><strong>Puissance de sortie :<\/strong> Puissance maximale de 11 W<\/li>\n<li><strong>Sp\u00e9cification du pod :<\/strong> FeCrAl Mesh-H 1,2 \u03a9, Pod rechargeable SCULPTOR<\/li>\n<li><strong>Capacit\u00e9 de la batterie :<\/strong> 370 mAh<\/li>\n<\/ul>\n<p><strong>Contenu de l'emballage :<\/strong><\/p>\n<ul>\n<li>1 x appareil Sculptor<\/li>\n<li>2 x Pods rechargeables Sculptor Mesh-H 1,2 \u03a9<\/li>\n<li>1 x C\u00e2ble de chargement Type-C<\/li>\n<li>1 x Manuel d'utilisation<\/li>\n<li>1 x cha\u00eene<\/li>\n<\/ul>\n<p>Le kit de vapotage Uwell Sculptor Vape Kit est un excellent choix pour tous ceux qui recherchent une exp\u00e9rience de vapotage \u00e9l\u00e9gante et compacte. Avec sa facilit\u00e9 d'utilisation, sa fabrication de haute qualit\u00e9 et ses fonctions pratiques, il convient parfaitement \u00e0 une utilisation quotidienne. Commandez le Uwell Sculptor Vape Kit chez <strong>elementvape<\/strong> et vivez une exp\u00e9rience de vapotage de premi\u00e8re classe.<\/p>","protected":false},"excerpt":{"rendered":"<p>Uwell Sculptor Vape Kit bei elementvape \u2013 Eine kompakte und stilvolle Wahl Elementvape, einer der f\u00fchrenden Gro\u00dfh\u00e4ndler f\u00fcr E-Zigaretten weltweit, bietet das Uwell Sculptor Vape Kit zu den besten Gro\u00dfhandelspreisen an. Dieses kompakte und benutzerfreundliche Kit ist ideal sowohl f\u00fcr Anf\u00e4nger als auch f\u00fcr erfahrene Dampfer. Es liefert ein MTL-Dampferlebnis (Mouth To Lung) und ist [&hellip;]<\/p>","protected":false},"featured_media":13279,"template":"","meta":{"inline_featured_image":false},"product_cat":[747,740,734,753,76],"product_tag":[],"tiered_pricing_type":"fixed","tiered_pricing_fixed_rules":[],"tiered_pricing_percentage_rules":[],"tiered_pricing_minimum":1,"_administrator_tiered_pricing_type":"fixed","_administrator_tiered_pricing_fixed_rules":[],"_editor_tiered_pricing_type":"fixed","_editor_tiered_pricing_fixed_rules":[],"_author_tiered_pricing_type":"fixed","_author_tiered_pricing_fixed_rules":[],"_contributor_tiered_pricing_type":"fixed","_contributor_tiered_pricing_fixed_rules":[],"_subscriber_tiered_pricing_type":"fixed","_subscriber_tiered_pricing_fixed_rules":[],"_customer_tiered_pricing_type":"fixed","_customer_tiered_pricing_fixed_rules":[],"_shop_manager_tiered_pricing_type":"fixed","_shop_manager_tiered_pricing_fixed_rules":[],"_wpseo_manager_tiered_pricing_type":"fixed","_wpseo_manager_tiered_pricing_fixed_rules":[],"_wpseo_editor_tiered_pricing_type":"fixed","_wpseo_editor_tiered_pricing_fixed_rules":[],"_wholesale_customer_tiered_pricing_type":"fixed","_wholesale_customer_tiered_pricing_fixed_rules":[],"_marketer_tiered_pricing_type":"fixed","_marketer_tiered_pricing_fixed_rules":[],"_sales_manager_tiered_pricing_type":"fixed","_sales_manager_tiered_pricing_fixed_rules":[],"_sales_rep_tiered_pricing_type":"fixed","_sales_rep_tiered_pricing_fixed_rules":[],"yoast_head":"<!-- This site is optimized with the Yoast SEO plugin v23.3 - https:\/\/yoast.com\/wordpress\/plugins\/seo\/ -->\n<title>Uwell Sculptor Pod Kit 370 mAh | ElementVape.de<\/title>\n<meta name=\"description\" content=\"Wir bieten Uwell Sculptor Pod Kit 370 mAh , Elementvape.de akzeptieren Gro\u00df-und Einzelhandel Bestellungen.\" \/>\n<meta name=\"robots\" content=\"index, follow, max-snippet:-1, max-image-preview:large, max-video-preview:-1\" \/>\n<link rel=\"canonical\" href=\"https:\/\/www.elementvape.de\/fr\/produkt\/uwell-sculptor-pod-kit-370-mah\/\" \/>\n<meta property=\"og:locale\" content=\"fr_FR\" \/>\n<meta property=\"og:type\" content=\"article\" \/>\n<meta property=\"og:title\" content=\"Uwell Sculptor Pod Kit 370 mAh | ElementVape.de\" \/>\n<meta property=\"og:description\" content=\"Wir bieten Uwell Sculptor Pod Kit 370 mAh , Elementvape.de akzeptieren Gro\u00df-und Einzelhandel Bestellungen.\" \/>\n<meta property=\"og:url\" content=\"https:\/\/www.elementvape.de\/fr\/produkt\/uwell-sculptor-pod-kit-370-mah\/\" \/>\n<meta property=\"og:site_name\" content=\"ElementVape.de\" \/>\n<meta property=\"article:modified_time\" content=\"2024-09-12T10:28:47+00:00\" \/>\n<meta property=\"og:image\" content=\"https:\/\/www.elementvape.de\/wp-content\/uploads\/2024\/06\/Uwell-Sculptor-Pod-Kit-6.jpg\" \/>\n\t<meta property=\"og:image:width\" content=\"800\" \/>\n\t<meta property=\"og:image:height\" content=\"800\" \/>\n\t<meta property=\"og:image:type\" content=\"image\/jpeg\" \/>\n<meta name=\"twitter:card\" content=\"summary_large_image\" \/>\n<meta name=\"twitter:label1\" content=\"Est. reading time\" \/>\n\t<meta name=\"twitter:data1\" content=\"2 minutes\" \/>\n<script type=\"application\/ld+json\" class=\"yoast-schema-graph\">{\"@context\":\"https:\/\/schema.org\",\"@graph\":[{\"@type\":\"WebPage\",\"@id\":\"https:\/\/www.elementvape.de\/produkt\/uwell-sculptor-pod-kit-370-mah\/\",\"url\":\"https:\/\/www.elementvape.de\/produkt\/uwell-sculptor-pod-kit-370-mah\/\",\"name\":\"Uwell Sculptor Pod Kit 370 mAh | ElementVape.de\",\"isPartOf\":{\"@id\":\"https:\/\/www.elementvape.de\/#website\"},\"primaryImageOfPage\":{\"@id\":\"https:\/\/www.elementvape.de\/produkt\/uwell-sculptor-pod-kit-370-mah\/#primaryimage\"},\"image\":{\"@id\":\"https:\/\/www.elementvape.de\/produkt\/uwell-sculptor-pod-kit-370-mah\/#primaryimage\"},\"thumbnailUrl\":\"https:\/\/www.elementvape.de\/wp-content\/uploads\/2024\/06\/Uwell-Sculptor-Pod-Kit-6.jpg\",\"datePublished\":\"2024-06-27T02:59:48+00:00\",\"dateModified\":\"2024-09-12T10:28:47+00:00\",\"description\":\"Wir bieten Uwell Sculptor Pod Kit 370 mAh , Elementvape.de akzeptieren Gro\u00df-und Einzelhandel Bestellungen.\",\"breadcrumb\":{\"@id\":\"https:\/\/www.elementvape.de\/produkt\/uwell-sculptor-pod-kit-370-mah\/#breadcrumb\"},\"inLanguage\":\"fr-FR\",\"potentialAction\":[{\"@type\":\"ReadAction\",\"target\":[\"https:\/\/www.elementvape.de\/produkt\/uwell-sculptor-pod-kit-370-mah\/\"]}]},{\"@type\":\"ImageObject\",\"inLanguage\":\"fr-FR\",\"@id\":\"https:\/\/www.elementvape.de\/produkt\/uwell-sculptor-pod-kit-370-mah\/#primaryimage\",\"url\":\"https:\/\/www.elementvape.de\/wp-content\/uploads\/2024\/06\/Uwell-Sculptor-Pod-Kit-6.jpg\",\"contentUrl\":\"https:\/\/www.elementvape.de\/wp-content\/uploads\/2024\/06\/Uwell-Sculptor-Pod-Kit-6.jpg\",\"width\":800,\"height\":800,\"caption\":\"Uwell-Sculptor-Pod-Kit-6\"},{\"@type\":\"BreadcrumbList\",\"@id\":\"https:\/\/www.elementvape.de\/produkt\/uwell-sculptor-pod-kit-370-mah\/#breadcrumb\",\"itemListElement\":[{\"@type\":\"ListItem\",\"position\":1,\"name\":\"Home\",\"item\":\"https:\/\/www.elementvape.de\/\"},{\"@type\":\"ListItem\",\"position\":2,\"name\":\"Shop\",\"item\":\"https:\/\/www.elementvape.de\/shop\/\"},{\"@type\":\"ListItem\",\"position\":3,\"name\":\"Uwell Sculptor Pod Kit 370 mAh\"}]},{\"@type\":\"WebSite\",\"@id\":\"https:\/\/www.elementvape.de\/#website\",\"url\":\"https:\/\/www.elementvape.de\/\",\"name\":\"ElementVape.de\",\"description\":\"\",\"publisher\":{\"@id\":\"https:\/\/www.elementvape.de\/#organization\"},\"potentialAction\":[{\"@type\":\"SearchAction\",\"target\":{\"@type\":\"EntryPoint\",\"urlTemplate\":\"https:\/\/www.elementvape.de\/?s={search_term_string}\"},\"query-input\":\"required name=search_term_string\"}],\"inLanguage\":\"fr-FR\"},{\"@type\":\"Organization\",\"@id\":\"https:\/\/www.elementvape.de\/#organization\",\"name\":\"ElementVape.DE\",\"url\":\"https:\/\/www.elementvape.de\/\",\"logo\":{\"@type\":\"ImageObject\",\"inLanguage\":\"fr-FR\",\"@id\":\"https:\/\/www.elementvape.de\/#\/schema\/logo\/image\/\",\"url\":\"https:\/\/www.elementvape.de\/wp-content\/uploads\/2024\/09\/cropped-1elementvape-3.png\",\"contentUrl\":\"https:\/\/www.elementvape.de\/wp-content\/uploads\/2024\/09\/cropped-1elementvape-3.png\",\"width\":285,\"height\":228,\"caption\":\"ElementVape.DE\"},\"image\":{\"@id\":\"https:\/\/www.elementvape.de\/#\/schema\/logo\/image\/\"}}]}<\/script>\n<!-- \/ Yoast SEO plugin. -->","yoast_head_json":{"title":"Uwell Sculptor Pod Kit 370 mAh | ElementVape.de","description":"Wir bieten Uwell Sculptor Pod Kit 370 mAh , Elementvape.de akzeptieren Gro\u00df-und Einzelhandel Bestellungen.","robots":{"index":"index","follow":"follow","max-snippet":"max-snippet:-1","max-image-preview":"max-image-preview:large","max-video-preview":"max-video-preview:-1"},"canonical":"https:\/\/www.elementvape.de\/fr\/produkt\/uwell-sculptor-pod-kit-370-mah\/","og_locale":"fr_FR","og_type":"article","og_title":"Uwell Sculptor Pod Kit 370 mAh | ElementVape.de","og_description":"Wir bieten Uwell Sculptor Pod Kit 370 mAh , Elementvape.de akzeptieren Gro\u00df-und Einzelhandel Bestellungen.","og_url":"https:\/\/www.elementvape.de\/fr\/produkt\/uwell-sculptor-pod-kit-370-mah\/","og_site_name":"ElementVape.de","article_modified_time":"2024-09-12T10:28:47+00:00","og_image":[{"width":800,"height":800,"url":"https:\/\/www.elementvape.de\/wp-content\/uploads\/2024\/06\/Uwell-Sculptor-Pod-Kit-6.jpg","type":"image\/jpeg"}],"twitter_card":"summary_large_image","twitter_misc":{"Est. reading time":"2 minutes"},"schema":{"@context":"https:\/\/schema.org","@graph":[{"@type":"WebPage","@id":"https:\/\/www.elementvape.de\/produkt\/uwell-sculptor-pod-kit-370-mah\/","url":"https:\/\/www.elementvape.de\/produkt\/uwell-sculptor-pod-kit-370-mah\/","name":"Uwell Sculptor Pod Kit 370 mAh | ElementVape.de","isPartOf":{"@id":"https:\/\/www.elementvape.de\/#website"},"primaryImageOfPage":{"@id":"https:\/\/www.elementvape.de\/produkt\/uwell-sculptor-pod-kit-370-mah\/#primaryimage"},"image":{"@id":"https:\/\/www.elementvape.de\/produkt\/uwell-sculptor-pod-kit-370-mah\/#primaryimage"},"thumbnailUrl":"https:\/\/www.elementvape.de\/wp-content\/uploads\/2024\/06\/Uwell-Sculptor-Pod-Kit-6.jpg","datePublished":"2024-06-27T02:59:48+00:00","dateModified":"2024-09-12T10:28:47+00:00","description":"Wir bieten Uwell Sculptor Pod Kit 370 mAh , Elementvape.de akzeptieren Gro\u00df-und Einzelhandel Bestellungen.","breadcrumb":{"@id":"https:\/\/www.elementvape.de\/produkt\/uwell-sculptor-pod-kit-370-mah\/#breadcrumb"},"inLanguage":"fr-FR","potentialAction":[{"@type":"ReadAction","target":["https:\/\/www.elementvape.de\/produkt\/uwell-sculptor-pod-kit-370-mah\/"]}]},{"@type":"ImageObject","inLanguage":"fr-FR","@id":"https:\/\/www.elementvape.de\/produkt\/uwell-sculptor-pod-kit-370-mah\/#primaryimage","url":"https:\/\/www.elementvape.de\/wp-content\/uploads\/2024\/06\/Uwell-Sculptor-Pod-Kit-6.jpg","contentUrl":"https:\/\/www.elementvape.de\/wp-content\/uploads\/2024\/06\/Uwell-Sculptor-Pod-Kit-6.jpg","width":800,"height":800,"caption":"Uwell-Sculptor-Pod-Kit-6"},{"@type":"BreadcrumbList","@id":"https:\/\/www.elementvape.de\/produkt\/uwell-sculptor-pod-kit-370-mah\/#breadcrumb","itemListElement":[{"@type":"ListItem","position":1,"name":"Home","item":"https:\/\/www.elementvape.de\/"},{"@type":"ListItem","position":2,"name":"Shop","item":"https:\/\/www.elementvape.de\/shop\/"},{"@type":"ListItem","position":3,"name":"Uwell Sculptor Pod Kit 370 mAh"}]},{"@type":"WebSite","@id":"https:\/\/www.elementvape.de\/#website","url":"https:\/\/www.elementvape.de\/","name":"ElementVape.de","description":"","publisher":{"@id":"https:\/\/www.elementvape.de\/#organization"},"potentialAction":[{"@type":"SearchAction","target":{"@type":"EntryPoint","urlTemplate":"https:\/\/www.elementvape.de\/?s={search_term_string}"},"query-input":"required name=search_term_string"}],"inLanguage":"fr-FR"},{"@type":"Organization","@id":"https:\/\/www.elementvape.de\/#organization","name":"ElementVape.DE","url":"https:\/\/www.elementvape.de\/","logo":{"@type":"ImageObject","inLanguage":"fr-FR","@id":"https:\/\/www.elementvape.de\/#\/schema\/logo\/image\/","url":"https:\/\/www.elementvape.de\/wp-content\/uploads\/2024\/09\/cropped-1elementvape-3.png","contentUrl":"https:\/\/www.elementvape.de\/wp-content\/uploads\/2024\/09\/cropped-1elementvape-3.png","width":285,"height":228,"caption":"ElementVape.DE"},"image":{"@id":"https:\/\/www.elementvape.de\/#\/schema\/logo\/image\/"}}]}},"_links":{"self":[{"href":"https:\/\/www.elementvape.de\/fr\/wp-json\/wp\/v2\/product\/13278"}],"collection":[{"href":"https:\/\/www.elementvape.de\/fr\/wp-json\/wp\/v2\/product"}],"about":[{"href":"https:\/\/www.elementvape.de\/fr\/wp-json\/wp\/v2\/types\/product"}],"wp:featuredmedia":[{"embeddable":true,"href":"https:\/\/www.elementvape.de\/fr\/wp-json\/wp\/v2\/media\/13279"}],"wp:attachment":[{"href":"https:\/\/www.elementvape.de\/fr\/wp-json\/wp\/v2\/media?parent=13278"}],"wp:term":[{"taxonomy":"product_cat","embeddable":true,"href":"https:\/\/www.elementvape.de\/fr\/wp-json\/wp\/v2\/product_cat?post=13278"},{"taxonomy":"product_tag","embeddable":true,"href":"https:\/\/www.elementvape.de\/fr\/wp-json\/wp\/v2\/product_tag?post=13278"}],"curies":[{"name":"wp","href":"https:\/\/api.w.org\/{rel}","templated":true}]}}