{"id":13233,"date":"2024-06-26T08:43:50","date_gmt":"2024-06-26T08:43:50","guid":{"rendered":"https:\/\/www.elementvape.de\/?post_type=product&#038;p=13233"},"modified":"2024-09-12T10:28:48","modified_gmt":"2024-09-12T10:28:48","slug":"uwell-caliburn-ak2-pod-system-kit-520-mah","status":"publish","type":"product","link":"https:\/\/www.elementvape.de\/fr\/produkt\/uwell-caliburn-ak2-pod-system-kit-520-mah\/","title":{"rendered":"Kit de syst\u00e8me de pod Uwell Caliburn AK2 520 mAh"},"content":{"rendered":"<h3>Kit de Syst\u00e8me Pod Uwell Caliburn AK2<\/h3>\n<p>Le kit Uwell Caliburn AK2 se distingue par son design compact et ergonomique. Avec une batterie puissante de 520 mAh et un r\u00e9servoir d'e-liquide de 2 ml, il garantit environ 600 bouff\u00e9es par appareil et offre une exp\u00e9rience de vapotage de premier ordre. Le pod rechargeable est \u00e9quip\u00e9 d'une r\u00e9sistance UN2 Meshed-H de 0,9 Ohm, qui assure une production de vapeur exceptionnelle et est facile \u00e0 remplacer. Une large gamme de saveurs aromatiques enrichit l'offre.<\/p>\n<h4>Sp\u00e9cifications de base :<\/h4>\n<ol>\n<li><strong>Mat\u00e9riau :<\/strong> PA, Alliage d'aluminium, PC+ABS<\/li>\n<li><strong>Taille :<\/strong> 43,5 mm \u00d7 11,8 mm \u00d7 67,9 mm<\/li>\n<li><strong>Capacit\u00e9 du r\u00e9servoir d'e-liquide :<\/strong> 2 ml<\/li>\n<li><strong>Puissance de sortie :<\/strong> 15 W<\/li>\n<li><strong>Sp\u00e9cifications du cartouche de pod :<\/strong> Pod rechargeable avec r\u00e9sistance UN2 Meshed-H de 0,9 \u03a9 en FeCrAl<\/li>\n<li><strong>Capacit\u00e9 de la batterie :<\/strong> 520 mAh<\/li>\n<li><strong>Accessoires fournis :<\/strong> Lani\u00e8re pour un port mains libres<\/li>\n<li><strong>Remplissage :<\/strong> Syst\u00e8me de remplissage sup\u00e9rieur simple avec fen\u00eatre de contr\u00f4le pour v\u00e9rifier le niveau de liquide<\/li>\n<li><strong>Technologie :<\/strong> UWELL Pro-FOCS pour un go\u00fbt authentique de l'e-liquide<\/li>\n<li><strong>Choix de couleurs :<\/strong> Couleurs vari\u00e9es adapt\u00e9es \u00e0 chaque humeur<\/li>\n<\/ol>\n<h4>D\u00e9tails de l'emballage :<\/h4>\n<ul>\n<li><strong>Marque :<\/strong> Uwell<\/li>\n<li><strong>Taille :<\/strong> 43,5 mm x 11,8 mm x 67,9 mm<\/li>\n<li><strong>Capacit\u00e9 de la batterie :<\/strong> 520 mAh<\/li>\n<li><strong>Mat\u00e9riau :<\/strong> PA, Alliage d'aluminium, PC + ABS<\/li>\n<li><strong>Capacit\u00e9 de e-liquide :<\/strong> 2 ml<\/li>\n<li><strong>Puissance de sortie maximale :<\/strong> 15 W<\/li>\n<li><strong>Bouff\u00e9es :<\/strong> Env. 600 bouff\u00e9es<\/li>\n<li><strong>Bobine :<\/strong> UN2 Meshed-H 0,9 Ohm<\/li>\n<li><strong>Emballage :<\/strong> Bo\u00eete cadeau<\/li>\n<\/ul>\n<h4>Liste de packing :<\/h4>\n<ul>\n<li>1 \u00d7 Kit de syst\u00e8me de pod CALIBURN AK2<\/li>\n<li>1 \u00d7 Pod rechargeable UN2 Meshed-H 0,9 \u03a9 (pr\u00e9install\u00e9)<\/li>\n<li>1 \u00d7 Pod rechargeable UN2 Meshed-H 0,9 \u03a9 (de remplacement)<\/li>\n<li>1 \u00d7 Bande en silicone<\/li>\n<li>1 \u00d7 Manuel d'utilisation<\/li>\n<\/ul>","protected":false},"excerpt":{"rendered":"<p>Uwell Caliburn AK2 Pod System Kit Das Uwell Caliburn AK2 Kit besticht durch sein kompaktes und ergonomisches Design. Mit einem leistungsstarken 520 mAh Akku und einem 2 ml E-Liquid-Tank garantiert es etwa 600 Z\u00fcge pro Ger\u00e4t und bietet ein erstklassiges Dampferlebnis. Der nachf\u00fcllbare Pod ist mit einer 0,9 Ohm UN2 Meshed-H-Spule ausgestattet, die f\u00fcr eine [&hellip;]<\/p>","protected":false},"featured_media":13234,"template":"","meta":{"inline_featured_image":false},"product_cat":[747,740,734,753,76],"product_tag":[],"tiered_pricing_type":"fixed","tiered_pricing_fixed_rules":[],"tiered_pricing_percentage_rules":[],"tiered_pricing_minimum":1,"_administrator_tiered_pricing_type":"fixed","_administrator_tiered_pricing_fixed_rules":[],"_editor_tiered_pricing_type":"fixed","_editor_tiered_pricing_fixed_rules":[],"_author_tiered_pricing_type":"fixed","_author_tiered_pricing_fixed_rules":[],"_contributor_tiered_pricing_type":"fixed","_contributor_tiered_pricing_fixed_rules":[],"_subscriber_tiered_pricing_type":"fixed","_subscriber_tiered_pricing_fixed_rules":[],"_customer_tiered_pricing_type":"fixed","_customer_tiered_pricing_fixed_rules":[],"_shop_manager_tiered_pricing_type":"fixed","_shop_manager_tiered_pricing_fixed_rules":[],"_wpseo_manager_tiered_pricing_type":"fixed","_wpseo_manager_tiered_pricing_fixed_rules":[],"_wpseo_editor_tiered_pricing_type":"fixed","_wpseo_editor_tiered_pricing_fixed_rules":[],"_wholesale_customer_tiered_pricing_type":"fixed","_wholesale_customer_tiered_pricing_fixed_rules":[],"_marketer_tiered_pricing_type":"fixed","_marketer_tiered_pricing_fixed_rules":[],"_sales_manager_tiered_pricing_type":"fixed","_sales_manager_tiered_pricing_fixed_rules":[],"_sales_rep_tiered_pricing_type":"fixed","_sales_rep_tiered_pricing_fixed_rules":[],"yoast_head":"<!-- This site is optimized with the Yoast SEO plugin v23.3 - https:\/\/yoast.com\/wordpress\/plugins\/seo\/ -->\n<title>Uwell Caliburn AK2 Pod System Kit 520 mAh | ElementVape.de<\/title>\n<meta name=\"description\" content=\"Wir bieten Uwell Caliburn AK2 Pod System Kit 520 mAh , Elementvape.de akzeptieren Gro\u00df-und Einzelhandel Bestellungen.\" \/>\n<meta name=\"robots\" content=\"index, follow, max-snippet:-1, max-image-preview:large, max-video-preview:-1\" \/>\n<link rel=\"canonical\" href=\"https:\/\/www.elementvape.de\/fr\/produkt\/uwell-caliburn-ak2-pod-system-kit-520-mah\/\" \/>\n<meta property=\"og:locale\" content=\"fr_FR\" \/>\n<meta property=\"og:type\" content=\"article\" \/>\n<meta property=\"og:title\" content=\"Uwell Caliburn AK2 Pod System Kit 520 mAh | ElementVape.de\" \/>\n<meta property=\"og:description\" content=\"Wir bieten Uwell Caliburn AK2 Pod System Kit 520 mAh , Elementvape.de akzeptieren Gro\u00df-und Einzelhandel Bestellungen.\" \/>\n<meta property=\"og:url\" content=\"https:\/\/www.elementvape.de\/fr\/produkt\/uwell-caliburn-ak2-pod-system-kit-520-mah\/\" \/>\n<meta property=\"og:site_name\" content=\"ElementVape.de\" \/>\n<meta property=\"article:modified_time\" content=\"2024-09-12T10:28:48+00:00\" \/>\n<meta property=\"og:image\" content=\"https:\/\/www.elementvape.de\/wp-content\/uploads\/2024\/06\/Uwell-Caliburn-AK2-Pod-System-Kit-7.webp\" \/>\n\t<meta property=\"og:image:width\" content=\"800\" \/>\n\t<meta property=\"og:image:height\" content=\"800\" \/>\n\t<meta property=\"og:image:type\" content=\"image\/webp\" \/>\n<meta name=\"twitter:card\" content=\"summary_large_image\" \/>\n<meta name=\"twitter:label1\" content=\"Est. reading time\" \/>\n\t<meta name=\"twitter:data1\" content=\"2 minutes\" \/>\n<script type=\"application\/ld+json\" class=\"yoast-schema-graph\">{\"@context\":\"https:\/\/schema.org\",\"@graph\":[{\"@type\":\"WebPage\",\"@id\":\"https:\/\/www.elementvape.de\/produkt\/uwell-caliburn-ak2-pod-system-kit-520-mah\/\",\"url\":\"https:\/\/www.elementvape.de\/produkt\/uwell-caliburn-ak2-pod-system-kit-520-mah\/\",\"name\":\"Uwell Caliburn AK2 Pod System Kit 520 mAh | ElementVape.de\",\"isPartOf\":{\"@id\":\"https:\/\/www.elementvape.de\/#website\"},\"primaryImageOfPage\":{\"@id\":\"https:\/\/www.elementvape.de\/produkt\/uwell-caliburn-ak2-pod-system-kit-520-mah\/#primaryimage\"},\"image\":{\"@id\":\"https:\/\/www.elementvape.de\/produkt\/uwell-caliburn-ak2-pod-system-kit-520-mah\/#primaryimage\"},\"thumbnailUrl\":\"https:\/\/www.elementvape.de\/wp-content\/uploads\/2024\/06\/Uwell-Caliburn-AK2-Pod-System-Kit-7.webp\",\"datePublished\":\"2024-06-26T08:43:50+00:00\",\"dateModified\":\"2024-09-12T10:28:48+00:00\",\"description\":\"Wir bieten Uwell Caliburn AK2 Pod System Kit 520 mAh , Elementvape.de akzeptieren Gro\u00df-und Einzelhandel Bestellungen.\",\"breadcrumb\":{\"@id\":\"https:\/\/www.elementvape.de\/produkt\/uwell-caliburn-ak2-pod-system-kit-520-mah\/#breadcrumb\"},\"inLanguage\":\"fr-FR\",\"potentialAction\":[{\"@type\":\"ReadAction\",\"target\":[\"https:\/\/www.elementvape.de\/produkt\/uwell-caliburn-ak2-pod-system-kit-520-mah\/\"]}]},{\"@type\":\"ImageObject\",\"inLanguage\":\"fr-FR\",\"@id\":\"https:\/\/www.elementvape.de\/produkt\/uwell-caliburn-ak2-pod-system-kit-520-mah\/#primaryimage\",\"url\":\"https:\/\/www.elementvape.de\/wp-content\/uploads\/2024\/06\/Uwell-Caliburn-AK2-Pod-System-Kit-7.webp\",\"contentUrl\":\"https:\/\/www.elementvape.de\/wp-content\/uploads\/2024\/06\/Uwell-Caliburn-AK2-Pod-System-Kit-7.webp\",\"width\":800,\"height\":800,\"caption\":\"Uwell-Caliburn-AK2-Pod-System-Kit-7\"},{\"@type\":\"BreadcrumbList\",\"@id\":\"https:\/\/www.elementvape.de\/produkt\/uwell-caliburn-ak2-pod-system-kit-520-mah\/#breadcrumb\",\"itemListElement\":[{\"@type\":\"ListItem\",\"position\":1,\"name\":\"Home\",\"item\":\"https:\/\/www.elementvape.de\/\"},{\"@type\":\"ListItem\",\"position\":2,\"name\":\"Shop\",\"item\":\"https:\/\/www.elementvape.de\/shop\/\"},{\"@type\":\"ListItem\",\"position\":3,\"name\":\"Uwell Caliburn AK2 Pod System Kit 520 mAh\"}]},{\"@type\":\"WebSite\",\"@id\":\"https:\/\/www.elementvape.de\/#website\",\"url\":\"https:\/\/www.elementvape.de\/\",\"name\":\"ElementVape.de\",\"description\":\"\",\"publisher\":{\"@id\":\"https:\/\/www.elementvape.de\/#organization\"},\"potentialAction\":[{\"@type\":\"SearchAction\",\"target\":{\"@type\":\"EntryPoint\",\"urlTemplate\":\"https:\/\/www.elementvape.de\/?s={search_term_string}\"},\"query-input\":\"required name=search_term_string\"}],\"inLanguage\":\"fr-FR\"},{\"@type\":\"Organization\",\"@id\":\"https:\/\/www.elementvape.de\/#organization\",\"name\":\"ElementVape.DE\",\"url\":\"https:\/\/www.elementvape.de\/\",\"logo\":{\"@type\":\"ImageObject\",\"inLanguage\":\"fr-FR\",\"@id\":\"https:\/\/www.elementvape.de\/#\/schema\/logo\/image\/\",\"url\":\"https:\/\/www.elementvape.de\/wp-content\/uploads\/2024\/09\/cropped-1elementvape-3.png\",\"contentUrl\":\"https:\/\/www.elementvape.de\/wp-content\/uploads\/2024\/09\/cropped-1elementvape-3.png\",\"width\":285,\"height\":228,\"caption\":\"ElementVape.DE\"},\"image\":{\"@id\":\"https:\/\/www.elementvape.de\/#\/schema\/logo\/image\/\"}}]}<\/script>\n<!-- \/ Yoast SEO plugin. -->","yoast_head_json":{"title":"Uwell Caliburn AK2 Pod System Kit 520 mAh | ElementVape.de","description":"Wir bieten Uwell Caliburn AK2 Pod System Kit 520 mAh , Elementvape.de akzeptieren Gro\u00df-und Einzelhandel Bestellungen.","robots":{"index":"index","follow":"follow","max-snippet":"max-snippet:-1","max-image-preview":"max-image-preview:large","max-video-preview":"max-video-preview:-1"},"canonical":"https:\/\/www.elementvape.de\/fr\/produkt\/uwell-caliburn-ak2-pod-system-kit-520-mah\/","og_locale":"fr_FR","og_type":"article","og_title":"Uwell Caliburn AK2 Pod System Kit 520 mAh | ElementVape.de","og_description":"Wir bieten Uwell Caliburn AK2 Pod System Kit 520 mAh , Elementvape.de akzeptieren Gro\u00df-und Einzelhandel Bestellungen.","og_url":"https:\/\/www.elementvape.de\/fr\/produkt\/uwell-caliburn-ak2-pod-system-kit-520-mah\/","og_site_name":"ElementVape.de","article_modified_time":"2024-09-12T10:28:48+00:00","og_image":[{"width":800,"height":800,"url":"https:\/\/www.elementvape.de\/wp-content\/uploads\/2024\/06\/Uwell-Caliburn-AK2-Pod-System-Kit-7.webp","type":"image\/webp"}],"twitter_card":"summary_large_image","twitter_misc":{"Est. reading time":"2 minutes"},"schema":{"@context":"https:\/\/schema.org","@graph":[{"@type":"WebPage","@id":"https:\/\/www.elementvape.de\/produkt\/uwell-caliburn-ak2-pod-system-kit-520-mah\/","url":"https:\/\/www.elementvape.de\/produkt\/uwell-caliburn-ak2-pod-system-kit-520-mah\/","name":"Uwell Caliburn AK2 Pod System Kit 520 mAh | ElementVape.de","isPartOf":{"@id":"https:\/\/www.elementvape.de\/#website"},"primaryImageOfPage":{"@id":"https:\/\/www.elementvape.de\/produkt\/uwell-caliburn-ak2-pod-system-kit-520-mah\/#primaryimage"},"image":{"@id":"https:\/\/www.elementvape.de\/produkt\/uwell-caliburn-ak2-pod-system-kit-520-mah\/#primaryimage"},"thumbnailUrl":"https:\/\/www.elementvape.de\/wp-content\/uploads\/2024\/06\/Uwell-Caliburn-AK2-Pod-System-Kit-7.webp","datePublished":"2024-06-26T08:43:50+00:00","dateModified":"2024-09-12T10:28:48+00:00","description":"Wir bieten Uwell Caliburn AK2 Pod System Kit 520 mAh , Elementvape.de akzeptieren Gro\u00df-und Einzelhandel Bestellungen.","breadcrumb":{"@id":"https:\/\/www.elementvape.de\/produkt\/uwell-caliburn-ak2-pod-system-kit-520-mah\/#breadcrumb"},"inLanguage":"fr-FR","potentialAction":[{"@type":"ReadAction","target":["https:\/\/www.elementvape.de\/produkt\/uwell-caliburn-ak2-pod-system-kit-520-mah\/"]}]},{"@type":"ImageObject","inLanguage":"fr-FR","@id":"https:\/\/www.elementvape.de\/produkt\/uwell-caliburn-ak2-pod-system-kit-520-mah\/#primaryimage","url":"https:\/\/www.elementvape.de\/wp-content\/uploads\/2024\/06\/Uwell-Caliburn-AK2-Pod-System-Kit-7.webp","contentUrl":"https:\/\/www.elementvape.de\/wp-content\/uploads\/2024\/06\/Uwell-Caliburn-AK2-Pod-System-Kit-7.webp","width":800,"height":800,"caption":"Uwell-Caliburn-AK2-Pod-System-Kit-7"},{"@type":"BreadcrumbList","@id":"https:\/\/www.elementvape.de\/produkt\/uwell-caliburn-ak2-pod-system-kit-520-mah\/#breadcrumb","itemListElement":[{"@type":"ListItem","position":1,"name":"Home","item":"https:\/\/www.elementvape.de\/"},{"@type":"ListItem","position":2,"name":"Shop","item":"https:\/\/www.elementvape.de\/shop\/"},{"@type":"ListItem","position":3,"name":"Uwell Caliburn AK2 Pod System Kit 520 mAh"}]},{"@type":"WebSite","@id":"https:\/\/www.elementvape.de\/#website","url":"https:\/\/www.elementvape.de\/","name":"ElementVape.de","description":"","publisher":{"@id":"https:\/\/www.elementvape.de\/#organization"},"potentialAction":[{"@type":"SearchAction","target":{"@type":"EntryPoint","urlTemplate":"https:\/\/www.elementvape.de\/?s={search_term_string}"},"query-input":"required name=search_term_string"}],"inLanguage":"fr-FR"},{"@type":"Organization","@id":"https:\/\/www.elementvape.de\/#organization","name":"ElementVape.DE","url":"https:\/\/www.elementvape.de\/","logo":{"@type":"ImageObject","inLanguage":"fr-FR","@id":"https:\/\/www.elementvape.de\/#\/schema\/logo\/image\/","url":"https:\/\/www.elementvape.de\/wp-content\/uploads\/2024\/09\/cropped-1elementvape-3.png","contentUrl":"https:\/\/www.elementvape.de\/wp-content\/uploads\/2024\/09\/cropped-1elementvape-3.png","width":285,"height":228,"caption":"ElementVape.DE"},"image":{"@id":"https:\/\/www.elementvape.de\/#\/schema\/logo\/image\/"}}]}},"_links":{"self":[{"href":"https:\/\/www.elementvape.de\/fr\/wp-json\/wp\/v2\/product\/13233"}],"collection":[{"href":"https:\/\/www.elementvape.de\/fr\/wp-json\/wp\/v2\/product"}],"about":[{"href":"https:\/\/www.elementvape.de\/fr\/wp-json\/wp\/v2\/types\/product"}],"wp:featuredmedia":[{"embeddable":true,"href":"https:\/\/www.elementvape.de\/fr\/wp-json\/wp\/v2\/media\/13234"}],"wp:attachment":[{"href":"https:\/\/www.elementvape.de\/fr\/wp-json\/wp\/v2\/media?parent=13233"}],"wp:term":[{"taxonomy":"product_cat","embeddable":true,"href":"https:\/\/www.elementvape.de\/fr\/wp-json\/wp\/v2\/product_cat?post=13233"},{"taxonomy":"product_tag","embeddable":true,"href":"https:\/\/www.elementvape.de\/fr\/wp-json\/wp\/v2\/product_tag?post=13233"}],"curies":[{"name":"wp","href":"https:\/\/api.w.org\/{rel}","templated":true}]}}