{"id":12906,"date":"2024-06-24T09:39:41","date_gmt":"2024-06-24T09:39:41","guid":{"rendered":"https:\/\/www.elementvape.de\/?post_type=product&#038;p=12906"},"modified":"2024-09-12T10:29:48","modified_gmt":"2024-09-12T10:29:48","slug":"lost-vape-ursa-nano-pod-system-kit","status":"publish","type":"product","link":"https:\/\/www.elementvape.de\/fr\/produkt\/lost-vape-ursa-nano-pod-system-kit\/","title":{"rendered":"Kit de syst\u00e8me de pod Lost Vape Ursa Nano"},"content":{"rendered":"<div class=\"flex-shrink-0 flex flex-col relative items-end\">\n<div>\n<div class=\"pt-0.5 juice:pt-0\">\n<div class=\"gizmo-bot-avatar flex h-6 w-6 items-center justify-center overflow-hidden rounded-full juice:h-8 juice:w-8\">\n<div class=\"relative p-1 rounded-sm flex items-center justify-center bg-token-main-surface-primary text-token-text-primary h-8 w-8\"><\/div>\n<\/div>\n<\/div>\n<\/div>\n<\/div>\n<div class=\"group\/conversation-turn relative flex w-full min-w-0 flex-col agent-turn\">\n<div class=\"flex-col gap-1 md:gap-3\">\n<div class=\"flex flex-grow flex-col max-w-full\">\n<div class=\"min-h-[20px] text-message flex flex-col items-start whitespace-pre-wrap break-words [.text-message+&amp;]:mt-5 juice:w-full juice:items-end overflow-x-auto gap-2\" dir=\"auto\" data-message-author-role=\"assistant\" data-message-id=\"c93dbfce-0543-4951-b313-a1b4aa30c9d2\">\n<div class=\"flex w-full flex-col gap-1 juice:empty:hidden juice:first:pt-[3px]\">\n<div class=\"markdown prose w-full break-words dark:prose-invert light\">\n<h3>Kit Pod Lost Vape Ursa Nano \u2013 Facile \u00e0 utiliser pour les d\u00e9butants<\/h3>\n<p>Le kit Pod Lost Vape Ursa Nano est un syst\u00e8me de cigarette \u00e9lectronique convivial, sp\u00e9cialement con\u00e7u pour les d\u00e9butants. Avec son design \u00e9pur\u00e9 et portable, il allie style et fonctionnalit\u00e9. L'appareil est aliment\u00e9 par une batterie int\u00e9gr\u00e9e de 800 mAh et offre une puissance maximale de 18 W, ce qui permet de produire une vapeur MTL agr\u00e9able (Bouche \u00e0 Poumon) et de durer toute la journ\u00e9e avec une seule charge.<\/p>\n<h3>Construction compacte et Pods interchangeables<\/h3>\n<p>Le kit comprend un appareil \u00e0 batterie ainsi qu\u2019un pod Ursa Nano rechargeable de 2,5 ml, facilitant votre d\u00e9marrage. Les pods sont disponibles en deux r\u00e9sistances : 0,8 Ohm et 1,0 Ohm, ce qui les rend adapt\u00e9s aussi bien aux e-liquides \u00e0 base de nicotine qu\u2019aux sels de nicotine. Cette diversit\u00e9 permet aux utilisateurs de trouver leur style de vapotage et leur saveur pr\u00e9f\u00e9r\u00e9s. De plus, l\u2019appareil dispose d\u2019un flux d\u2019air r\u00e9glable pour une sensation en gorge optimale.<\/p>\n<h3>Caract\u00e9ristiques techniques et sp\u00e9cifications<\/h3>\n<p>Le kit Ursa Nano Pod impressionne par ses dimensions compactes de 100,56 x 24,1 x 14 mm et son poids l\u00e9ger, id\u00e9al pour la mobilit\u00e9. La batterie int\u00e9gr\u00e9e de 800 mAh offre une performance durable, et le port de charge Type-C permet une recharge rapide et efficace. Avec une capacit\u00e9 de liquide de 2,5 ml, il n\u2019est pas n\u00e9cessaire de remplir constamment, et la tension de sortie de 3,0 V \u00e0 3,9 V assure une production de vapeur uniforme.<\/p>\n<h3>Contenu de l'emballage<\/h3>\n<p>Le kit Ursa Nano Pod de Lost Vape est livr\u00e9 complet avec les composants suivants :<\/p>\n<ul>\n<li>1\u00d7 appareil Ursa Nano Pod<\/li>\n<li>1\u00d7 pod Ursa Nano 0,8\u03a9 (2,5 ml)<\/li>\n<li>1\u00d7 c\u00e2ble de charge Type-C<\/li>\n<li>1\u00d7 manuel d\u2019utilisation<\/li>\n<li>1\u00d7 carte de garantie<\/li>\n<\/ul>\n<h3>Saveur exceptionnelle et facilit\u00e9 d\u2019utilisation<\/h3>\n<p>Que vous soyez un vapoteur exp\u00e9riment\u00e9 ou un d\u00e9butant, le kit Ursa Nano Pod offre une excellente restitution des saveurs et une utilisation simple. Le mat\u00e9riau du bo\u00eetier en alliage de zinc assure une grande durabilit\u00e9, tandis que le design compact et la forme ergonomique garantissent un confort d\u2019utilisation. Avec le kit Ursa Nano Pod de Lost Vape, vous disposez d\u2019un appareil fiable et polyvalent, r\u00e9pondant \u00e0 vos besoins en vapotage tout en offrant un excellent rapport qualit\u00e9-prix.<\/p>\n<\/div>\n<\/div>\n<\/div>\n<\/div>\n<\/div>\n<\/div>","protected":false},"excerpt":{"rendered":"<p>Lost Vape Ursa Nano Pod Kit \u2013 Einfache Bedienung f\u00fcr Anf\u00e4nger Das Lost Vape Ursa Nano Pod Kit ist ein benutzerfreundliches E-Zigaretten-System, das speziell f\u00fcr Anf\u00e4nger entwickelt wurde. Mit seinem schlanken und tragbaren Design kombiniert es Stil mit Funktionalit\u00e4t. Das Ger\u00e4t wird von einem eingebauten 800-mAh-Akku betrieben und bietet eine maximale Leistung von 18 W, [&hellip;]<\/p>","protected":false},"featured_media":12927,"template":"","meta":{"inline_featured_image":false},"product_cat":[78,754,745,742,748],"product_tag":[],"tiered_pricing_type":"fixed","tiered_pricing_fixed_rules":[],"tiered_pricing_percentage_rules":[],"tiered_pricing_minimum":1,"_administrator_tiered_pricing_type":"fixed","_administrator_tiered_pricing_fixed_rules":[],"_editor_tiered_pricing_type":"fixed","_editor_tiered_pricing_fixed_rules":[],"_author_tiered_pricing_type":"fixed","_author_tiered_pricing_fixed_rules":[],"_contributor_tiered_pricing_type":"fixed","_contributor_tiered_pricing_fixed_rules":[],"_subscriber_tiered_pricing_type":"fixed","_subscriber_tiered_pricing_fixed_rules":[],"_customer_tiered_pricing_type":"fixed","_customer_tiered_pricing_fixed_rules":[],"_shop_manager_tiered_pricing_type":"fixed","_shop_manager_tiered_pricing_fixed_rules":[],"_wpseo_manager_tiered_pricing_type":"fixed","_wpseo_manager_tiered_pricing_fixed_rules":[],"_wpseo_editor_tiered_pricing_type":"fixed","_wpseo_editor_tiered_pricing_fixed_rules":[],"_wholesale_customer_tiered_pricing_type":"fixed","_wholesale_customer_tiered_pricing_fixed_rules":[],"_marketer_tiered_pricing_type":"fixed","_marketer_tiered_pricing_fixed_rules":[],"_sales_manager_tiered_pricing_type":"fixed","_sales_manager_tiered_pricing_fixed_rules":[],"_sales_rep_tiered_pricing_type":"fixed","_sales_rep_tiered_pricing_fixed_rules":[],"yoast_head":"<!-- This site is optimized with the Yoast SEO plugin v23.3 - https:\/\/yoast.com\/wordpress\/plugins\/seo\/ -->\n<title>Lost Vape Ursa Nano Pod System Kit | ElementVape.de<\/title>\n<meta name=\"description\" content=\"Wir bieten Lost Vape Ursa Nano Pod System Kit , Elementvape.de akzeptieren Gro\u00df-und Einzelhandel Bestellungen.\" \/>\n<meta name=\"robots\" content=\"index, follow, max-snippet:-1, max-image-preview:large, max-video-preview:-1\" \/>\n<link rel=\"canonical\" href=\"https:\/\/www.elementvape.de\/fr\/produkt\/lost-vape-ursa-nano-pod-system-kit\/\" \/>\n<meta property=\"og:locale\" content=\"fr_FR\" \/>\n<meta property=\"og:type\" content=\"article\" \/>\n<meta property=\"og:title\" content=\"Lost Vape Ursa Nano Pod System Kit | ElementVape.de\" \/>\n<meta property=\"og:description\" content=\"Wir bieten Lost Vape Ursa Nano Pod System Kit , Elementvape.de akzeptieren Gro\u00df-und Einzelhandel Bestellungen.\" \/>\n<meta property=\"og:url\" content=\"https:\/\/www.elementvape.de\/fr\/produkt\/lost-vape-ursa-nano-pod-system-kit\/\" \/>\n<meta property=\"og:site_name\" content=\"ElementVape.de\" \/>\n<meta property=\"article:modified_time\" content=\"2024-09-12T10:29:48+00:00\" \/>\n<meta property=\"og:image\" content=\"https:\/\/www.elementvape.de\/wp-content\/uploads\/2024\/06\/LostVapeUrsaPodKit-VWG_1.jpg\" \/>\n\t<meta property=\"og:image:width\" content=\"800\" \/>\n\t<meta property=\"og:image:height\" content=\"800\" \/>\n\t<meta property=\"og:image:type\" content=\"image\/jpeg\" \/>\n<meta name=\"twitter:card\" content=\"summary_large_image\" \/>\n<meta name=\"twitter:label1\" content=\"Est. reading time\" \/>\n\t<meta name=\"twitter:data1\" content=\"2 minutes\" \/>\n<script type=\"application\/ld+json\" class=\"yoast-schema-graph\">{\"@context\":\"https:\/\/schema.org\",\"@graph\":[{\"@type\":\"WebPage\",\"@id\":\"https:\/\/www.elementvape.de\/produkt\/lost-vape-ursa-nano-pod-system-kit\/\",\"url\":\"https:\/\/www.elementvape.de\/produkt\/lost-vape-ursa-nano-pod-system-kit\/\",\"name\":\"Lost Vape Ursa Nano Pod System Kit | ElementVape.de\",\"isPartOf\":{\"@id\":\"https:\/\/www.elementvape.de\/#website\"},\"primaryImageOfPage\":{\"@id\":\"https:\/\/www.elementvape.de\/produkt\/lost-vape-ursa-nano-pod-system-kit\/#primaryimage\"},\"image\":{\"@id\":\"https:\/\/www.elementvape.de\/produkt\/lost-vape-ursa-nano-pod-system-kit\/#primaryimage\"},\"thumbnailUrl\":\"https:\/\/www.elementvape.de\/wp-content\/uploads\/2024\/06\/LostVapeUrsaPodKit-VWG_1.jpg\",\"datePublished\":\"2024-06-24T09:39:41+00:00\",\"dateModified\":\"2024-09-12T10:29:48+00:00\",\"description\":\"Wir bieten Lost Vape Ursa Nano Pod System Kit , Elementvape.de akzeptieren Gro\u00df-und Einzelhandel Bestellungen.\",\"breadcrumb\":{\"@id\":\"https:\/\/www.elementvape.de\/produkt\/lost-vape-ursa-nano-pod-system-kit\/#breadcrumb\"},\"inLanguage\":\"fr-FR\",\"potentialAction\":[{\"@type\":\"ReadAction\",\"target\":[\"https:\/\/www.elementvape.de\/produkt\/lost-vape-ursa-nano-pod-system-kit\/\"]}]},{\"@type\":\"ImageObject\",\"inLanguage\":\"fr-FR\",\"@id\":\"https:\/\/www.elementvape.de\/produkt\/lost-vape-ursa-nano-pod-system-kit\/#primaryimage\",\"url\":\"https:\/\/www.elementvape.de\/wp-content\/uploads\/2024\/06\/LostVapeUrsaPodKit-VWG_1.jpg\",\"contentUrl\":\"https:\/\/www.elementvape.de\/wp-content\/uploads\/2024\/06\/LostVapeUrsaPodKit-VWG_1.jpg\",\"width\":800,\"height\":800,\"caption\":\"LostVapeUrsaPodKit-VWG_1\"},{\"@type\":\"BreadcrumbList\",\"@id\":\"https:\/\/www.elementvape.de\/produkt\/lost-vape-ursa-nano-pod-system-kit\/#breadcrumb\",\"itemListElement\":[{\"@type\":\"ListItem\",\"position\":1,\"name\":\"Home\",\"item\":\"https:\/\/www.elementvape.de\/\"},{\"@type\":\"ListItem\",\"position\":2,\"name\":\"Shop\",\"item\":\"https:\/\/www.elementvape.de\/shop\/\"},{\"@type\":\"ListItem\",\"position\":3,\"name\":\"Lost Vape Ursa Nano Pod System Kit\"}]},{\"@type\":\"WebSite\",\"@id\":\"https:\/\/www.elementvape.de\/#website\",\"url\":\"https:\/\/www.elementvape.de\/\",\"name\":\"ElementVape.de\",\"description\":\"\",\"publisher\":{\"@id\":\"https:\/\/www.elementvape.de\/#organization\"},\"potentialAction\":[{\"@type\":\"SearchAction\",\"target\":{\"@type\":\"EntryPoint\",\"urlTemplate\":\"https:\/\/www.elementvape.de\/?s={search_term_string}\"},\"query-input\":\"required name=search_term_string\"}],\"inLanguage\":\"fr-FR\"},{\"@type\":\"Organization\",\"@id\":\"https:\/\/www.elementvape.de\/#organization\",\"name\":\"ElementVape.DE\",\"url\":\"https:\/\/www.elementvape.de\/\",\"logo\":{\"@type\":\"ImageObject\",\"inLanguage\":\"fr-FR\",\"@id\":\"https:\/\/www.elementvape.de\/#\/schema\/logo\/image\/\",\"url\":\"https:\/\/www.elementvape.de\/wp-content\/uploads\/2024\/09\/cropped-1elementvape-3.png\",\"contentUrl\":\"https:\/\/www.elementvape.de\/wp-content\/uploads\/2024\/09\/cropped-1elementvape-3.png\",\"width\":285,\"height\":228,\"caption\":\"ElementVape.DE\"},\"image\":{\"@id\":\"https:\/\/www.elementvape.de\/#\/schema\/logo\/image\/\"}}]}<\/script>\n<!-- \/ Yoast SEO plugin. -->","yoast_head_json":{"title":"Lost Vape Ursa Nano Pod System Kit | ElementVape.de","description":"Wir bieten Lost Vape Ursa Nano Pod System Kit , Elementvape.de akzeptieren Gro\u00df-und Einzelhandel Bestellungen.","robots":{"index":"index","follow":"follow","max-snippet":"max-snippet:-1","max-image-preview":"max-image-preview:large","max-video-preview":"max-video-preview:-1"},"canonical":"https:\/\/www.elementvape.de\/fr\/produkt\/lost-vape-ursa-nano-pod-system-kit\/","og_locale":"fr_FR","og_type":"article","og_title":"Lost Vape Ursa Nano Pod System Kit | ElementVape.de","og_description":"Wir bieten Lost Vape Ursa Nano Pod System Kit , Elementvape.de akzeptieren Gro\u00df-und Einzelhandel Bestellungen.","og_url":"https:\/\/www.elementvape.de\/fr\/produkt\/lost-vape-ursa-nano-pod-system-kit\/","og_site_name":"ElementVape.de","article_modified_time":"2024-09-12T10:29:48+00:00","og_image":[{"width":800,"height":800,"url":"https:\/\/www.elementvape.de\/wp-content\/uploads\/2024\/06\/LostVapeUrsaPodKit-VWG_1.jpg","type":"image\/jpeg"}],"twitter_card":"summary_large_image","twitter_misc":{"Est. reading time":"2 minutes"},"schema":{"@context":"https:\/\/schema.org","@graph":[{"@type":"WebPage","@id":"https:\/\/www.elementvape.de\/produkt\/lost-vape-ursa-nano-pod-system-kit\/","url":"https:\/\/www.elementvape.de\/produkt\/lost-vape-ursa-nano-pod-system-kit\/","name":"Lost Vape Ursa Nano Pod System Kit | ElementVape.de","isPartOf":{"@id":"https:\/\/www.elementvape.de\/#website"},"primaryImageOfPage":{"@id":"https:\/\/www.elementvape.de\/produkt\/lost-vape-ursa-nano-pod-system-kit\/#primaryimage"},"image":{"@id":"https:\/\/www.elementvape.de\/produkt\/lost-vape-ursa-nano-pod-system-kit\/#primaryimage"},"thumbnailUrl":"https:\/\/www.elementvape.de\/wp-content\/uploads\/2024\/06\/LostVapeUrsaPodKit-VWG_1.jpg","datePublished":"2024-06-24T09:39:41+00:00","dateModified":"2024-09-12T10:29:48+00:00","description":"Wir bieten Lost Vape Ursa Nano Pod System Kit , Elementvape.de akzeptieren Gro\u00df-und Einzelhandel Bestellungen.","breadcrumb":{"@id":"https:\/\/www.elementvape.de\/produkt\/lost-vape-ursa-nano-pod-system-kit\/#breadcrumb"},"inLanguage":"fr-FR","potentialAction":[{"@type":"ReadAction","target":["https:\/\/www.elementvape.de\/produkt\/lost-vape-ursa-nano-pod-system-kit\/"]}]},{"@type":"ImageObject","inLanguage":"fr-FR","@id":"https:\/\/www.elementvape.de\/produkt\/lost-vape-ursa-nano-pod-system-kit\/#primaryimage","url":"https:\/\/www.elementvape.de\/wp-content\/uploads\/2024\/06\/LostVapeUrsaPodKit-VWG_1.jpg","contentUrl":"https:\/\/www.elementvape.de\/wp-content\/uploads\/2024\/06\/LostVapeUrsaPodKit-VWG_1.jpg","width":800,"height":800,"caption":"LostVapeUrsaPodKit-VWG_1"},{"@type":"BreadcrumbList","@id":"https:\/\/www.elementvape.de\/produkt\/lost-vape-ursa-nano-pod-system-kit\/#breadcrumb","itemListElement":[{"@type":"ListItem","position":1,"name":"Home","item":"https:\/\/www.elementvape.de\/"},{"@type":"ListItem","position":2,"name":"Shop","item":"https:\/\/www.elementvape.de\/shop\/"},{"@type":"ListItem","position":3,"name":"Lost Vape Ursa Nano Pod System Kit"}]},{"@type":"WebSite","@id":"https:\/\/www.elementvape.de\/#website","url":"https:\/\/www.elementvape.de\/","name":"ElementVape.de","description":"","publisher":{"@id":"https:\/\/www.elementvape.de\/#organization"},"potentialAction":[{"@type":"SearchAction","target":{"@type":"EntryPoint","urlTemplate":"https:\/\/www.elementvape.de\/?s={search_term_string}"},"query-input":"required name=search_term_string"}],"inLanguage":"fr-FR"},{"@type":"Organization","@id":"https:\/\/www.elementvape.de\/#organization","name":"ElementVape.DE","url":"https:\/\/www.elementvape.de\/","logo":{"@type":"ImageObject","inLanguage":"fr-FR","@id":"https:\/\/www.elementvape.de\/#\/schema\/logo\/image\/","url":"https:\/\/www.elementvape.de\/wp-content\/uploads\/2024\/09\/cropped-1elementvape-3.png","contentUrl":"https:\/\/www.elementvape.de\/wp-content\/uploads\/2024\/09\/cropped-1elementvape-3.png","width":285,"height":228,"caption":"ElementVape.DE"},"image":{"@id":"https:\/\/www.elementvape.de\/#\/schema\/logo\/image\/"}}]}},"_links":{"self":[{"href":"https:\/\/www.elementvape.de\/fr\/wp-json\/wp\/v2\/product\/12906"}],"collection":[{"href":"https:\/\/www.elementvape.de\/fr\/wp-json\/wp\/v2\/product"}],"about":[{"href":"https:\/\/www.elementvape.de\/fr\/wp-json\/wp\/v2\/types\/product"}],"wp:featuredmedia":[{"embeddable":true,"href":"https:\/\/www.elementvape.de\/fr\/wp-json\/wp\/v2\/media\/12927"}],"wp:attachment":[{"href":"https:\/\/www.elementvape.de\/fr\/wp-json\/wp\/v2\/media?parent=12906"}],"wp:term":[{"taxonomy":"product_cat","embeddable":true,"href":"https:\/\/www.elementvape.de\/fr\/wp-json\/wp\/v2\/product_cat?post=12906"},{"taxonomy":"product_tag","embeddable":true,"href":"https:\/\/www.elementvape.de\/fr\/wp-json\/wp\/v2\/product_tag?post=12906"}],"curies":[{"name":"wp","href":"https:\/\/api.w.org\/{rel}","templated":true}]}}