{"id":12377,"date":"2024-06-18T06:21:06","date_gmt":"2024-06-18T06:21:06","guid":{"rendered":"https:\/\/www.elementvape.de\/?post_type=product&#038;p=12377"},"modified":"2024-09-12T10:36:00","modified_gmt":"2024-09-12T10:36:00","slug":"wotofo-manik-pod-mod-kit","status":"publish","type":"product","link":"https:\/\/www.elementvape.de\/fr\/produkt\/wotofo-manik-pod-mod-kit\/","title":{"rendered":"Kit Pod Mod Wotofo Manik"},"content":{"rendered":"<div class=\"flex-shrink-0 flex flex-col relative items-end\">\n<div>\n<div class=\"pt-0.5 juice:pt-0\">\n<div class=\"gizmo-bot-avatar flex h-6 w-6 items-center justify-center overflow-hidden rounded-full juice:h-8 juice:w-8\">\n<div class=\"relative p-1 rounded-sm flex items-center justify-center bg-token-main-surface-primary text-token-text-primary h-8 w-8\"><\/div>\n<\/div>\n<\/div>\n<\/div>\n<\/div>\n<div class=\"group\/conversation-turn relative flex w-full min-w-0 flex-col agent-turn\">\n<div class=\"flex-col gap-1 md:gap-3\">\n<div class=\"flex flex-grow flex-col max-w-full\">\n<div class=\"min-h-[20px] text-message flex flex-col items-start whitespace-pre-wrap break-words [.text-message+&amp;]:mt-5 juice:w-full juice:items-end overflow-x-auto gap-2\" dir=\"auto\" data-message-author-role=\"assistant\" data-message-id=\"871d8f3c-b4aa-4fd2-8b3b-b5348a88d98c\">\n<div class=\"flex w-full flex-col gap-1 juice:empty:hidden juice:first:pt-[3px]\">\n<div class=\"markdown prose w-full break-words dark:prose-invert light\">\n<h3>Wotofo MANIK 80W Kit Pod Mod Description du produit<\/h3>\n<p>Le <strong>Wotofo MANIK 80W Kit Pod Mod<\/strong> est un dispositif de vapotage de haute qualit\u00e9 compos\u00e9 d'une alliance de zinc et de cuir avec un rev\u00eatement nanotechnologique pour \u00e9viter l'usure et la corrosion, tout en garantissant une surface ultra lisse. Avec sa finition miroir impeccable en Prisme Gunmetal, le Wotofo MANIK 80W <strong><a href=\"https:\/\/www.elementvape.de\/fr\/c\/pod\/\">Pod<\/a><\/strong> Kit offre non seulement une esth\u00e9tique attrayante, mais aussi des performances et fonctionnalit\u00e9s impressionnantes.<\/p>\n<h3>Caract\u00e9ristiques principales<\/h3>\n<ul>\n<li><strong>Mat\u00e9riau :<\/strong> Alliage de zinc et cuir avec rev\u00eatement nanotechnologique pour une durabilit\u00e9 accrue et une surface lisse<\/li>\n<li><strong>Finition :<\/strong> Surface miroir impeccable (Prisme Gunmetal)<\/li>\n<li><strong>Technologie du chipset :<\/strong> \u00c9quip\u00e9 du nexCHIP nouvellement d\u00e9velopp\u00e9, offrant une vitesse de d\u00e9clenchement de 0,001 seconde<\/li>\n<li><strong>Batterie :<\/strong> Fonctionne avec une seule batterie 18650 d'une puissance maximale de 80 W (batterie non incluse)<\/li>\n<li><strong>Affichage :<\/strong> \u00c9cran TFT de 0,96 pouce avec 6 th\u00e8mes de couleurs (changeables en appuyant simultan\u00e9ment sur le bouton d'alimentation et le bouton \u00ab + \u00bb)<\/li>\n<li><strong>Utilisation :<\/strong> Verrouillage et d\u00e9verrouillage des r\u00e9glages en appuyant simultan\u00e9ment sur le bouton \u00ab + \u00bb et le bouton \u00ab - \u00bb<\/li>\n<li><strong>Compatibilit\u00e9 :<\/strong> Compatible avec les appareils Vaporesso et Voopoo utilisant des r\u00e9sistances GTX ou PnP<\/li>\n<li><strong>Cartouche :<\/strong> Cartouche Wotofo MANIK d'une capacit\u00e9 de 4,5 ml avec un design pratique de remplissage par le haut<\/li>\n<\/ul>\n<h3>Fonctions de s\u00e9curit\u00e9<\/h3>\n<ul>\n<li><strong>Avertissement de basse tension<\/strong><\/li>\n<li><strong>Arr\u00eat de s\u00e9curit\u00e9 de la temp\u00e9rature du PCBA<\/strong><\/li>\n<li><strong>Protection contre les courts-circuits<\/strong><\/li>\n<li><strong>Protection contre une faible r\u00e9sistance<\/strong><\/li>\n<li><strong>Protection contre la surchauffe<\/strong><\/li>\n<\/ul>\n<h3>Param\u00e8tres physiques<\/h3>\n<ul>\n<li><strong>Taille :<\/strong> 126 x 33 x 27 mm<\/li>\n<li><strong>Capacit\u00e9 :<\/strong> 4,5 ml \/ 2 ml (TPD\/UK)<\/li>\n<li><strong>R\u00e9sistance :<\/strong> 0,2 \u03a9<\/li>\n<li><strong>Couleur :<\/strong> Gunmetal Nano, Chrome Nano, Noir Nano, Prism Gunmetal<\/li>\n<\/ul>\n<h3>Contenu de l'emballage<\/h3>\n<ul>\n<li>Kit de pod mod MANIK x1<\/li>\n<li>Cartouche MANIK x1<\/li>\n<li>Bobine Clapton M D15 (pr\u00e9install\u00e9e) x1<\/li>\n<li>Bobine conique M A1 D14 x1<\/li>\n<li>1 x Manuel d'utilisation<\/li>\n<li>C\u00e2ble de chargement USB x1<\/li>\n<\/ul>\n<p>Le <strong>Wotofo MANIK 80W Kit Pod Mod<\/strong> Allie un design \u00e9l\u00e9gant \u00e0 une technologie avanc\u00e9e et une convivialit\u00e9. C'est le choix parfait pour les vapoteurs qui valorisent la performance, la durabilit\u00e9 et un aspect attrayant.<\/p>\n<\/div>\n<\/div>\n<\/div>\n<\/div>\n<\/div>\n<\/div>","protected":false},"excerpt":{"rendered":"<p>Wotofo MANIK 80W Pod Mod Kit Produktbeschreibung Das Wotofo MANIK 80W Pod Mod Kit ist ein hochwertiges Vaping-Ger\u00e4t, das aus Zinklegierung und Leder mit einer Nanobeschichtung besteht, um Verschlei\u00df und Korrosion zu vermeiden und eine extra glatte Oberfl\u00e4che zu gew\u00e4hrleisten. Mit seinem makellosen Spiegelfinish in Prism Gunmetal bietet das Wotofo MANIK 80W Pod Kit nicht [&hellip;]<\/p>","protected":false},"featured_media":12378,"template":"","meta":{"inline_featured_image":false},"product_cat":[754,745,742,748,744,755,738,751,77],"product_tag":[],"tiered_pricing_type":"fixed","tiered_pricing_fixed_rules":[],"tiered_pricing_percentage_rules":[],"tiered_pricing_minimum":1,"_administrator_tiered_pricing_type":"fixed","_administrator_tiered_pricing_fixed_rules":[],"_editor_tiered_pricing_type":"fixed","_editor_tiered_pricing_fixed_rules":[],"_author_tiered_pricing_type":"fixed","_author_tiered_pricing_fixed_rules":[],"_contributor_tiered_pricing_type":"fixed","_contributor_tiered_pricing_fixed_rules":[],"_subscriber_tiered_pricing_type":"fixed","_subscriber_tiered_pricing_fixed_rules":[],"_customer_tiered_pricing_type":"fixed","_customer_tiered_pricing_fixed_rules":[],"_shop_manager_tiered_pricing_type":"fixed","_shop_manager_tiered_pricing_fixed_rules":[],"_wpseo_manager_tiered_pricing_type":"fixed","_wpseo_manager_tiered_pricing_fixed_rules":[],"_wpseo_editor_tiered_pricing_type":"fixed","_wpseo_editor_tiered_pricing_fixed_rules":[],"_wholesale_customer_tiered_pricing_type":"fixed","_wholesale_customer_tiered_pricing_fixed_rules":[],"_marketer_tiered_pricing_type":"fixed","_marketer_tiered_pricing_fixed_rules":[],"_sales_manager_tiered_pricing_type":"fixed","_sales_manager_tiered_pricing_fixed_rules":[],"_sales_rep_tiered_pricing_type":"fixed","_sales_rep_tiered_pricing_fixed_rules":[],"yoast_head":"<!-- This site is optimized with the Yoast SEO plugin v23.3 - https:\/\/yoast.com\/wordpress\/plugins\/seo\/ -->\n<title>Wotofo Manik Pod Mod Kit | ElementVape.de<\/title>\n<meta name=\"description\" content=\"Wir bieten Wotofo Manik Pod Mod Kit , Elementvape.de akzeptieren Gro\u00df-und Einzelhandel Bestellungen.\" \/>\n<meta name=\"robots\" content=\"index, follow, max-snippet:-1, max-image-preview:large, max-video-preview:-1\" \/>\n<link rel=\"canonical\" href=\"https:\/\/www.elementvape.de\/fr\/produkt\/wotofo-manik-pod-mod-kit\/\" \/>\n<meta property=\"og:locale\" content=\"fr_FR\" \/>\n<meta property=\"og:type\" content=\"article\" \/>\n<meta property=\"og:title\" content=\"Wotofo Manik Pod Mod Kit | ElementVape.de\" \/>\n<meta property=\"og:description\" content=\"Wir bieten Wotofo Manik Pod Mod Kit , Elementvape.de akzeptieren Gro\u00df-und Einzelhandel Bestellungen.\" \/>\n<meta property=\"og:url\" content=\"https:\/\/www.elementvape.de\/fr\/produkt\/wotofo-manik-pod-mod-kit\/\" \/>\n<meta property=\"og:site_name\" content=\"ElementVape.de\" \/>\n<meta property=\"article:modified_time\" content=\"2024-09-12T10:36:00+00:00\" \/>\n<meta property=\"og:image\" content=\"https:\/\/www.elementvape.de\/wp-content\/uploads\/2024\/06\/Wotofo-Manik-Pod-Mod-Kit.webp\" \/>\n\t<meta property=\"og:image:width\" content=\"600\" \/>\n\t<meta property=\"og:image:height\" content=\"600\" \/>\n\t<meta property=\"og:image:type\" content=\"image\/webp\" \/>\n<meta name=\"twitter:card\" content=\"summary_large_image\" \/>\n<meta name=\"twitter:label1\" content=\"Est. reading time\" \/>\n\t<meta name=\"twitter:data1\" content=\"2 minutes\" \/>\n<script type=\"application\/ld+json\" class=\"yoast-schema-graph\">{\"@context\":\"https:\/\/schema.org\",\"@graph\":[{\"@type\":\"WebPage\",\"@id\":\"https:\/\/www.elementvape.de\/sv\/produkt\/wotofo-manik-pod-mod-kit\/\",\"url\":\"https:\/\/www.elementvape.de\/sv\/produkt\/wotofo-manik-pod-mod-kit\/\",\"name\":\"Wotofo Manik Pod Mod Kit | ElementVape.de\",\"isPartOf\":{\"@id\":\"https:\/\/www.elementvape.de\/#website\"},\"primaryImageOfPage\":{\"@id\":\"https:\/\/www.elementvape.de\/sv\/produkt\/wotofo-manik-pod-mod-kit\/#primaryimage\"},\"image\":{\"@id\":\"https:\/\/www.elementvape.de\/sv\/produkt\/wotofo-manik-pod-mod-kit\/#primaryimage\"},\"thumbnailUrl\":\"https:\/\/www.elementvape.de\/wp-content\/uploads\/2024\/06\/Wotofo-Manik-Pod-Mod-Kit.webp\",\"datePublished\":\"2024-06-18T06:21:06+00:00\",\"dateModified\":\"2024-09-12T10:36:00+00:00\",\"description\":\"Wir bieten Wotofo Manik Pod Mod Kit , Elementvape.de akzeptieren Gro\u00df-und Einzelhandel Bestellungen.\",\"breadcrumb\":{\"@id\":\"https:\/\/www.elementvape.de\/sv\/produkt\/wotofo-manik-pod-mod-kit\/#breadcrumb\"},\"inLanguage\":\"fr-FR\",\"potentialAction\":[{\"@type\":\"ReadAction\",\"target\":[\"https:\/\/www.elementvape.de\/sv\/produkt\/wotofo-manik-pod-mod-kit\/\"]}]},{\"@type\":\"ImageObject\",\"inLanguage\":\"fr-FR\",\"@id\":\"https:\/\/www.elementvape.de\/sv\/produkt\/wotofo-manik-pod-mod-kit\/#primaryimage\",\"url\":\"https:\/\/www.elementvape.de\/wp-content\/uploads\/2024\/06\/Wotofo-Manik-Pod-Mod-Kit.webp\",\"contentUrl\":\"https:\/\/www.elementvape.de\/wp-content\/uploads\/2024\/06\/Wotofo-Manik-Pod-Mod-Kit.webp\",\"width\":600,\"height\":600,\"caption\":\"Wotofo-Manik-Pod-Mod-Kit\"},{\"@type\":\"BreadcrumbList\",\"@id\":\"https:\/\/www.elementvape.de\/sv\/produkt\/wotofo-manik-pod-mod-kit\/#breadcrumb\",\"itemListElement\":[{\"@type\":\"ListItem\",\"position\":1,\"name\":\"Home\",\"item\":\"https:\/\/www.elementvape.de\/\"},{\"@type\":\"ListItem\",\"position\":2,\"name\":\"Shop\",\"item\":\"https:\/\/www.elementvape.de\/shop\/\"},{\"@type\":\"ListItem\",\"position\":3,\"name\":\"Wotofo Manik Pod Mod Kit\"}]},{\"@type\":\"WebSite\",\"@id\":\"https:\/\/www.elementvape.de\/#website\",\"url\":\"https:\/\/www.elementvape.de\/\",\"name\":\"ElementVape.de\",\"description\":\"\",\"publisher\":{\"@id\":\"https:\/\/www.elementvape.de\/#organization\"},\"potentialAction\":[{\"@type\":\"SearchAction\",\"target\":{\"@type\":\"EntryPoint\",\"urlTemplate\":\"https:\/\/www.elementvape.de\/?s={search_term_string}\"},\"query-input\":\"required name=search_term_string\"}],\"inLanguage\":\"fr-FR\"},{\"@type\":\"Organization\",\"@id\":\"https:\/\/www.elementvape.de\/#organization\",\"name\":\"ElementVape.DE\",\"url\":\"https:\/\/www.elementvape.de\/\",\"logo\":{\"@type\":\"ImageObject\",\"inLanguage\":\"fr-FR\",\"@id\":\"https:\/\/www.elementvape.de\/#\/schema\/logo\/image\/\",\"url\":\"https:\/\/www.elementvape.de\/wp-content\/uploads\/2024\/09\/cropped-1elementvape-3.png\",\"contentUrl\":\"https:\/\/www.elementvape.de\/wp-content\/uploads\/2024\/09\/cropped-1elementvape-3.png\",\"width\":285,\"height\":228,\"caption\":\"ElementVape.DE\"},\"image\":{\"@id\":\"https:\/\/www.elementvape.de\/#\/schema\/logo\/image\/\"}}]}<\/script>\n<!-- \/ Yoast SEO plugin. -->","yoast_head_json":{"title":"Wotofo Manik Pod Mod Kit | ElementVape.de","description":"Wir bieten Wotofo Manik Pod Mod Kit , Elementvape.de akzeptieren Gro\u00df-und Einzelhandel Bestellungen.","robots":{"index":"index","follow":"follow","max-snippet":"max-snippet:-1","max-image-preview":"max-image-preview:large","max-video-preview":"max-video-preview:-1"},"canonical":"https:\/\/www.elementvape.de\/fr\/produkt\/wotofo-manik-pod-mod-kit\/","og_locale":"fr_FR","og_type":"article","og_title":"Wotofo Manik Pod Mod Kit | ElementVape.de","og_description":"Wir bieten Wotofo Manik Pod Mod Kit , Elementvape.de akzeptieren Gro\u00df-und Einzelhandel Bestellungen.","og_url":"https:\/\/www.elementvape.de\/fr\/produkt\/wotofo-manik-pod-mod-kit\/","og_site_name":"ElementVape.de","article_modified_time":"2024-09-12T10:36:00+00:00","og_image":[{"width":600,"height":600,"url":"https:\/\/www.elementvape.de\/wp-content\/uploads\/2024\/06\/Wotofo-Manik-Pod-Mod-Kit.webp","type":"image\/webp"}],"twitter_card":"summary_large_image","twitter_misc":{"Est. reading time":"2 minutes"},"schema":{"@context":"https:\/\/schema.org","@graph":[{"@type":"WebPage","@id":"https:\/\/www.elementvape.de\/sv\/produkt\/wotofo-manik-pod-mod-kit\/","url":"https:\/\/www.elementvape.de\/sv\/produkt\/wotofo-manik-pod-mod-kit\/","name":"Wotofo Manik Pod Mod Kit | ElementVape.de","isPartOf":{"@id":"https:\/\/www.elementvape.de\/#website"},"primaryImageOfPage":{"@id":"https:\/\/www.elementvape.de\/sv\/produkt\/wotofo-manik-pod-mod-kit\/#primaryimage"},"image":{"@id":"https:\/\/www.elementvape.de\/sv\/produkt\/wotofo-manik-pod-mod-kit\/#primaryimage"},"thumbnailUrl":"https:\/\/www.elementvape.de\/wp-content\/uploads\/2024\/06\/Wotofo-Manik-Pod-Mod-Kit.webp","datePublished":"2024-06-18T06:21:06+00:00","dateModified":"2024-09-12T10:36:00+00:00","description":"Wir bieten Wotofo Manik Pod Mod Kit , Elementvape.de akzeptieren Gro\u00df-und Einzelhandel Bestellungen.","breadcrumb":{"@id":"https:\/\/www.elementvape.de\/sv\/produkt\/wotofo-manik-pod-mod-kit\/#breadcrumb"},"inLanguage":"fr-FR","potentialAction":[{"@type":"ReadAction","target":["https:\/\/www.elementvape.de\/sv\/produkt\/wotofo-manik-pod-mod-kit\/"]}]},{"@type":"ImageObject","inLanguage":"fr-FR","@id":"https:\/\/www.elementvape.de\/sv\/produkt\/wotofo-manik-pod-mod-kit\/#primaryimage","url":"https:\/\/www.elementvape.de\/wp-content\/uploads\/2024\/06\/Wotofo-Manik-Pod-Mod-Kit.webp","contentUrl":"https:\/\/www.elementvape.de\/wp-content\/uploads\/2024\/06\/Wotofo-Manik-Pod-Mod-Kit.webp","width":600,"height":600,"caption":"Wotofo-Manik-Pod-Mod-Kit"},{"@type":"BreadcrumbList","@id":"https:\/\/www.elementvape.de\/sv\/produkt\/wotofo-manik-pod-mod-kit\/#breadcrumb","itemListElement":[{"@type":"ListItem","position":1,"name":"Home","item":"https:\/\/www.elementvape.de\/"},{"@type":"ListItem","position":2,"name":"Shop","item":"https:\/\/www.elementvape.de\/shop\/"},{"@type":"ListItem","position":3,"name":"Wotofo Manik Pod Mod Kit"}]},{"@type":"WebSite","@id":"https:\/\/www.elementvape.de\/#website","url":"https:\/\/www.elementvape.de\/","name":"ElementVape.de","description":"","publisher":{"@id":"https:\/\/www.elementvape.de\/#organization"},"potentialAction":[{"@type":"SearchAction","target":{"@type":"EntryPoint","urlTemplate":"https:\/\/www.elementvape.de\/?s={search_term_string}"},"query-input":"required name=search_term_string"}],"inLanguage":"fr-FR"},{"@type":"Organization","@id":"https:\/\/www.elementvape.de\/#organization","name":"ElementVape.DE","url":"https:\/\/www.elementvape.de\/","logo":{"@type":"ImageObject","inLanguage":"fr-FR","@id":"https:\/\/www.elementvape.de\/#\/schema\/logo\/image\/","url":"https:\/\/www.elementvape.de\/wp-content\/uploads\/2024\/09\/cropped-1elementvape-3.png","contentUrl":"https:\/\/www.elementvape.de\/wp-content\/uploads\/2024\/09\/cropped-1elementvape-3.png","width":285,"height":228,"caption":"ElementVape.DE"},"image":{"@id":"https:\/\/www.elementvape.de\/#\/schema\/logo\/image\/"}}]}},"_links":{"self":[{"href":"https:\/\/www.elementvape.de\/fr\/wp-json\/wp\/v2\/product\/12377"}],"collection":[{"href":"https:\/\/www.elementvape.de\/fr\/wp-json\/wp\/v2\/product"}],"about":[{"href":"https:\/\/www.elementvape.de\/fr\/wp-json\/wp\/v2\/types\/product"}],"wp:featuredmedia":[{"embeddable":true,"href":"https:\/\/www.elementvape.de\/fr\/wp-json\/wp\/v2\/media\/12378"}],"wp:attachment":[{"href":"https:\/\/www.elementvape.de\/fr\/wp-json\/wp\/v2\/media?parent=12377"}],"wp:term":[{"taxonomy":"product_cat","embeddable":true,"href":"https:\/\/www.elementvape.de\/fr\/wp-json\/wp\/v2\/product_cat?post=12377"},{"taxonomy":"product_tag","embeddable":true,"href":"https:\/\/www.elementvape.de\/fr\/wp-json\/wp\/v2\/product_tag?post=12377"}],"curies":[{"name":"wp","href":"https:\/\/api.w.org\/{rel}","templated":true}]}}